{"id":9749,"date":"2024-05-04T17:57:02","date_gmt":"2024-05-04T17:57:02","guid":{"rendered":"https:\/\/skaitytaknyga.lt\/?post_type=product&#038;p=9749"},"modified":"2024-05-04T17:58:26","modified_gmt":"2024-05-04T17:58:26","slug":"louisa-may-alcott-mazosios-moterys","status":"publish","type":"product","link":"https:\/\/skaitytaknyga.lt\/en\/produktas\/louisa-may-alcott-mazosios-moterys\/","title":{"rendered":"Louisa May Alcott \u201eMa\u017eosios moterys\u201c"},"content":{"rendered":"<p>Seniai seniai gyveno keturios mergait\u0117s, kurioms nestigo nei valgio, nei g\u0117rimo, nei drabu\u017ei\u0173, net ir ma\u017eu\u010di\u0173 pramog\u0173. Jos tur\u0117jo ger\u0173 draug\u0173, o t\u0117vai jas nepaprastai myl\u0117jo, bet joms vis buvo negana. Kart\u0105 jos pasiteiravo senut\u0117s, k\u0105 tur\u0117t\u0173 daryti, kad tapt\u0173 laimingos, ir \u0161i atsak\u0117: \u201eKai b\u016bsite kuo nors nepatenkintos, pasvarstykite, kiek jums duota, ir i\u0161mokite b\u016bti d\u0117kingos u\u017e tai.\u201c<\/p>\n<p>Tai istorija apie gerum\u0105 ir \u017emogi\u0161kum\u0105, apie kasdienes pastangas i\u0161likti, i\u0161mokti, pa\u017einti, suprasti, leid\u017eian\u010dias pasijusti laimingoms \u2013 tikroms ma\u017eoms moterims.<\/p>\n","protected":false},"excerpt":{"rendered":"<p>Seniai seniai gyveno keturios mergait\u0117s, kurioms nestigo nei valgio, nei g\u0117rimo, nei drabu\u017ei\u0173, net ir ma\u017eu\u010di\u0173 pramog\u0173. Jos tur\u0117jo ger\u0173 draug\u0173, o t\u0117vai jas nepaprastai myl\u0117jo, bet joms vis buvo negana. Kart\u0105 jos pasiteiravo senut\u0117s, k\u0105 tur\u0117t\u0173 daryti, kad tapt\u0173 laimingos, ir \u0161i atsak\u0117: \u201eKai b\u016bsite kuo nors nepatenkintos, pasvarstykite, kiek jums duota, ir i\u0161mokite b\u016bti d\u0117kingos u\u017e tai.\u201c<\/p>\n<p>Tai istorija apie gerum\u0105 ir \u017emogi\u0161kum\u0105, apie kasdienes pastangas i\u0161likti, i\u0161mokti, pa\u017einti, suprasti, leid\u017eian\u010dias pasijusti laimingoms \u2013 tikroms ma\u017eoms moterims.<\/p>\n","protected":false},"featured_media":9795,"comment_status":"closed","ping_status":"closed","template":"","meta":{"_acf_changed":false,"site-sidebar-layout":"default","site-content-layout":"","ast-site-content-layout":"default","site-content-style":"default","site-sidebar-style":"default","ast-global-header-display":"","ast-banner-title-visibility":"","ast-main-header-display":"","ast-hfb-above-header-display":"","ast-hfb-below-header-display":"","ast-hfb-mobile-header-display":"","site-post-title":"","ast-breadcrumbs-content":"","ast-featured-img":"","footer-sml-layout":"","ast-disable-related-posts":"","theme-transparent-header-meta":"","adv-header-id-meta":"","stick-header-meta":"","header-above-stick-meta":"","header-main-stick-meta":"","header-below-stick-meta":"","astra-migrate-meta-layouts":"default","ast-page-background-enabled":"default","ast-page-background-meta":{"desktop":{"background-color":"","background-image":"","background-repeat":"repeat","background-position":"center center","background-size":"auto","background-attachment":"scroll","background-type":"","background-media":"","overlay-type":"","overlay-color":"","overlay-opacity":"","overlay-gradient":""},"tablet":{"background-color":"","background-image":"","background-repeat":"repeat","background-position":"center center","background-size":"auto","background-attachment":"scroll","background-type":"","background-media":"","overlay-type":"","overlay-color":"","overlay-opacity":"","overlay-gradient":""},"mobile":{"background-color":"","background-image":"","background-repeat":"repeat","background-position":"center center","background-size":"auto","background-attachment":"scroll","background-type":"","background-media":"","overlay-type":"","overlay-color":"","overlay-opacity":"","overlay-gradient":""}},"ast-content-background-meta":{"desktop":{"background-color":"var(--ast-global-color-4)","background-image":"","background-repeat":"repeat","background-position":"center center","background-size":"auto","background-attachment":"scroll","background-type":"","background-media":"","overlay-type":"","overlay-color":"","overlay-opacity":"","overlay-gradient":""},"tablet":{"background-color":"var(--ast-global-color-4)","background-image":"","background-repeat":"repeat","background-position":"center center","background-size":"auto","background-attachment":"scroll","background-type":"","background-media":"","overlay-type":"","overlay-color":"","overlay-opacity":"","overlay-gradient":""},"mobile":{"background-color":"var(--ast-global-color-4)","background-image":"","background-repeat":"repeat","background-position":"center center","background-size":"auto","background-attachment":"scroll","background-type":"","background-media":"","overlay-type":"","overlay-color":"","overlay-opacity":"","overlay-gradient":""}}},"product_brand":[],"product_cat":[331,35],"product_tag":[332],"class_list":{"0":"post-9749","1":"product","2":"type-product","3":"status-publish","4":"has-post-thumbnail","6":"product_cat-programine-literatura","7":"product_cat-vaikams-ir-paaugliams","8":"product_tag-10-serija","9":"desktop-align-left","10":"tablet-align-left","11":"mobile-align-left","13":"first","14":"outofstock","15":"shipping-taxable","16":"purchasable","17":"product-type-simple"},"acf":[],"yoast_head":"<!-- This site is optimized with the Yoast SEO plugin v27.0 - https:\/\/yoast.com\/product\/yoast-seo-wordpress\/ -->\n<title>Louisa May Alcott \u201eMa\u017eosios moterys\u201c - Skaitytaknyga<\/title>\n<meta name=\"description\" content=\"Seniai seniai gyveno keturios mergait\u0117s, kurioms nestigo nei valgio, nei g\u0117rimo, nei drabu\u017ei\u0173, net ir ma\u017eu\u010di\u0173 pramog\u0173. Jos tur\u0117jo ger\u0173 draug\u0173, o t\u0117vai jas nepaprastai myl\u0117jo, bet joms vis buvo negana. Kart\u0105 jos pasiteiravo senut\u0117s, k\u0105 tur\u0117t\u0173 daryti, kad tapt\u0173 laimingos, ir \u0161i atsak\u0117: \u201eKai b\u016bsite kuo nors nepatenkintos, pasvarstykite, kiek jums duota, ir i\u0161mokite b\u016bti d\u0117kingos u\u017e tai.\u201c  Tai istorija apie gerum\u0105 ir \u017emogi\u0161kum\u0105, apie kasdienes pastangas i\u0161likti, i\u0161mokti, pa\u017einti, suprasti, leid\u017eian\u010dias pasijusti laimingoms \u2013 tikroms ma\u017eoms moterims.\" \/>\n<meta name=\"robots\" content=\"index, follow, max-snippet:-1, max-image-preview:large, max-video-preview:-1\" \/>\n<link rel=\"canonical\" href=\"https:\/\/skaitytaknyga.lt\/en\/produktas\/louisa-may-alcott-mazosios-moterys\/\" \/>\n<meta property=\"og:locale\" content=\"en_GB\" \/>\n<meta property=\"og:locale:alternate\" content=\"lt_LT\" \/>\n<meta property=\"og:type\" content=\"article\" \/>\n<meta property=\"og:title\" content=\"Louisa May Alcott \u201eMa\u017eosios moterys\u201c - Skaitytaknyga\" \/>\n<meta property=\"og:description\" content=\"Seniai seniai gyveno keturios mergait\u0117s, kurioms nestigo nei valgio, nei g\u0117rimo, nei drabu\u017ei\u0173, net ir ma\u017eu\u010di\u0173 pramog\u0173. Jos tur\u0117jo ger\u0173 draug\u0173, o t\u0117vai jas nepaprastai myl\u0117jo, bet joms vis buvo negana. Kart\u0105 jos pasiteiravo senut\u0117s, k\u0105 tur\u0117t\u0173 daryti, kad tapt\u0173 laimingos, ir \u0161i atsak\u0117: \u201eKai b\u016bsite kuo nors nepatenkintos, pasvarstykite, kiek jums duota, ir i\u0161mokite b\u016bti d\u0117kingos u\u017e tai.\u201c  Tai istorija apie gerum\u0105 ir \u017emogi\u0161kum\u0105, apie kasdienes pastangas i\u0161likti, i\u0161mokti, pa\u017einti, suprasti, leid\u017eian\u010dias pasijusti laimingoms \u2013 tikroms ma\u017eoms moterims.\" \/>\n<meta property=\"og:url\" content=\"https:\/\/skaitytaknyga.lt\/en\/produktas\/louisa-may-alcott-mazosios-moterys\/\" \/>\n<meta property=\"og:site_name\" content=\"Skaitytaknyga\" \/>\n<meta property=\"article:publisher\" content=\"https:\/\/www.facebook.com\/skaitytaknyga\/\" \/>\n<meta property=\"article:modified_time\" content=\"2024-05-04T17:58:26+00:00\" \/>\n<meta property=\"og:image\" content=\"https:\/\/skaitytaknyga.lt\/wp-content\/uploads\/2024\/05\/226.jpg\" \/>\n\t<meta property=\"og:image:width\" content=\"245\" \/>\n\t<meta property=\"og:image:height\" content=\"375\" \/>\n\t<meta property=\"og:image:type\" content=\"image\/jpeg\" \/>\n<meta name=\"twitter:card\" content=\"summary_large_image\" \/>\n<script type=\"application\/ld+json\" class=\"yoast-schema-graph\">{\"@context\":\"https:\/\/schema.org\",\"@graph\":[{\"@type\":\"WebPage\",\"@id\":\"https:\/\/skaitytaknyga.lt\/produktas\/louisa-may-alcott-mazosios-moterys\/\",\"url\":\"https:\/\/skaitytaknyga.lt\/produktas\/louisa-may-alcott-mazosios-moterys\/\",\"name\":\"Louisa May Alcott \u201eMa\u017eosios moterys\u201c - Skaitytaknyga\",\"isPartOf\":{\"@id\":\"https:\/\/skaitytaknyga.lt\/#website\"},\"primaryImageOfPage\":{\"@id\":\"https:\/\/skaitytaknyga.lt\/produktas\/louisa-may-alcott-mazosios-moterys\/#primaryimage\"},\"image\":{\"@id\":\"https:\/\/skaitytaknyga.lt\/produktas\/louisa-may-alcott-mazosios-moterys\/#primaryimage\"},\"thumbnailUrl\":\"https:\/\/skaitytaknyga.lt\/wp-content\/uploads\/2024\/05\/226.jpg\",\"datePublished\":\"2024-05-04T17:57:02+00:00\",\"dateModified\":\"2024-05-04T17:58:26+00:00\",\"description\":\"Seniai seniai gyveno keturios mergait\u0117s, kurioms nestigo nei valgio, nei g\u0117rimo, nei drabu\u017ei\u0173, net ir ma\u017eu\u010di\u0173 pramog\u0173. Jos tur\u0117jo ger\u0173 draug\u0173, o t\u0117vai jas nepaprastai myl\u0117jo, bet joms vis buvo negana. Kart\u0105 jos pasiteiravo senut\u0117s, k\u0105 tur\u0117t\u0173 daryti, kad tapt\u0173 laimingos, ir \u0161i atsak\u0117: \u201eKai b\u016bsite kuo nors nepatenkintos, pasvarstykite, kiek jums duota, ir i\u0161mokite b\u016bti d\u0117kingos u\u017e tai.\u201c Tai istorija apie gerum\u0105 ir \u017emogi\u0161kum\u0105, apie kasdienes pastangas i\u0161likti, i\u0161mokti, pa\u017einti, suprasti, leid\u017eian\u010dias pasijusti laimingoms \u2013 tikroms ma\u017eoms moterims.\",\"breadcrumb\":{\"@id\":\"https:\/\/skaitytaknyga.lt\/produktas\/louisa-may-alcott-mazosios-moterys\/#breadcrumb\"},\"inLanguage\":\"en-GB\",\"potentialAction\":[{\"@type\":\"ReadAction\",\"target\":[\"https:\/\/skaitytaknyga.lt\/produktas\/louisa-may-alcott-mazosios-moterys\/\"]}]},{\"@type\":\"ImageObject\",\"inLanguage\":\"en-GB\",\"@id\":\"https:\/\/skaitytaknyga.lt\/produktas\/louisa-may-alcott-mazosios-moterys\/#primaryimage\",\"url\":\"https:\/\/skaitytaknyga.lt\/wp-content\/uploads\/2024\/05\/226.jpg\",\"contentUrl\":\"https:\/\/skaitytaknyga.lt\/wp-content\/uploads\/2024\/05\/226.jpg\",\"width\":245,\"height\":375},{\"@type\":\"BreadcrumbList\",\"@id\":\"https:\/\/skaitytaknyga.lt\/produktas\/louisa-may-alcott-mazosios-moterys\/#breadcrumb\",\"itemListElement\":[{\"@type\":\"ListItem\",\"position\":1,\"name\":\"Home\",\"item\":\"https:\/\/skaitytaknyga.lt\/\"},{\"@type\":\"ListItem\",\"position\":2,\"name\":\"Parduotuv\u0117\",\"item\":\"https:\/\/skaitytaknyga.lt\/knygu-parduotuve\/\"},{\"@type\":\"ListItem\",\"position\":3,\"name\":\"Louisa May Alcott \u201eMa\u017eosios moterys\u201c\"}]},{\"@type\":\"WebSite\",\"@id\":\"https:\/\/skaitytaknyga.lt\/#website\",\"url\":\"https:\/\/skaitytaknyga.lt\/\",\"name\":\"skaitytaknyga.lt\",\"description\":\"Skaitytaknyga.lt \u2013 tai ma\u017eas \u0161eimos verslas, kuris prasid\u0117jo nuo meil\u0117s knygoms ir siekio i\u0161gelb\u0117ti knygas nuo likimo prie konteinerio. Kas vienam nereikalingas daiktas \u2013 kitam lobis, o mes esame tarpininkai, kurie padeda abiems tapti laimingesniems ???? \u017dinome kaip nelengva i\u0161gyventi ma\u017eiems verslams, tad nuo \u0161iol, \u010dia rasite ir kit\u0173, ma\u017e\u0173 \u0161eim\u0173 versl\u0173, rank\u0173 darbo, dovan\u0173 sau ir artimiesiems.\",\"publisher\":{\"@id\":\"https:\/\/skaitytaknyga.lt\/#organization\"},\"potentialAction\":[{\"@type\":\"SearchAction\",\"target\":{\"@type\":\"EntryPoint\",\"urlTemplate\":\"https:\/\/skaitytaknyga.lt\/?s={search_term_string}\"},\"query-input\":{\"@type\":\"PropertyValueSpecification\",\"valueRequired\":true,\"valueName\":\"search_term_string\"}}],\"inLanguage\":\"en-GB\"},{\"@type\":\"Organization\",\"@id\":\"https:\/\/skaitytaknyga.lt\/#organization\",\"name\":\"skaitytaknyga.lt\",\"url\":\"https:\/\/skaitytaknyga.lt\/\",\"logo\":{\"@type\":\"ImageObject\",\"inLanguage\":\"en-GB\",\"@id\":\"https:\/\/skaitytaknyga.lt\/#\/schema\/logo\/image\/\",\"url\":\"https:\/\/skaitytaknyga.lt\/wp-content\/uploads\/2024\/05\/cropped-cropped-cropped-02_00843_jt3bggkj1j3HLc7SyY6rEUpg.jpeg\",\"contentUrl\":\"https:\/\/skaitytaknyga.lt\/wp-content\/uploads\/2024\/05\/cropped-cropped-cropped-02_00843_jt3bggkj1j3HLc7SyY6rEUpg.jpeg\",\"width\":1600,\"height\":1600,\"caption\":\"skaitytaknyga.lt\"},\"image\":{\"@id\":\"https:\/\/skaitytaknyga.lt\/#\/schema\/logo\/image\/\"},\"sameAs\":[\"https:\/\/www.facebook.com\/skaitytaknyga\/\"]}]}<\/script>\n<!-- \/ Yoast SEO plugin. -->","yoast_head_json":{"title":"Louisa May Alcott \u201eMa\u017eosios moterys\u201c - Skaitytaknyga","description":"Seniai seniai gyveno keturios mergait\u0117s, kurioms nestigo nei valgio, nei g\u0117rimo, nei drabu\u017ei\u0173, net ir ma\u017eu\u010di\u0173 pramog\u0173. Jos tur\u0117jo ger\u0173 draug\u0173, o t\u0117vai jas nepaprastai myl\u0117jo, bet joms vis buvo negana. Kart\u0105 jos pasiteiravo senut\u0117s, k\u0105 tur\u0117t\u0173 daryti, kad tapt\u0173 laimingos, ir \u0161i atsak\u0117: \u201eKai b\u016bsite kuo nors nepatenkintos, pasvarstykite, kiek jums duota, ir i\u0161mokite b\u016bti d\u0117kingos u\u017e tai.\u201c  Tai istorija apie gerum\u0105 ir \u017emogi\u0161kum\u0105, apie kasdienes pastangas i\u0161likti, i\u0161mokti, pa\u017einti, suprasti, leid\u017eian\u010dias pasijusti laimingoms \u2013 tikroms ma\u017eoms moterims.","robots":{"index":"index","follow":"follow","max-snippet":"max-snippet:-1","max-image-preview":"max-image-preview:large","max-video-preview":"max-video-preview:-1"},"canonical":"https:\/\/skaitytaknyga.lt\/en\/produktas\/louisa-may-alcott-mazosios-moterys\/","og_locale":"en_GB","og_type":"article","og_title":"Louisa May Alcott \u201eMa\u017eosios moterys\u201c - Skaitytaknyga","og_description":"Seniai seniai gyveno keturios mergait\u0117s, kurioms nestigo nei valgio, nei g\u0117rimo, nei drabu\u017ei\u0173, net ir ma\u017eu\u010di\u0173 pramog\u0173. Jos tur\u0117jo ger\u0173 draug\u0173, o t\u0117vai jas nepaprastai myl\u0117jo, bet joms vis buvo negana. Kart\u0105 jos pasiteiravo senut\u0117s, k\u0105 tur\u0117t\u0173 daryti, kad tapt\u0173 laimingos, ir \u0161i atsak\u0117: \u201eKai b\u016bsite kuo nors nepatenkintos, pasvarstykite, kiek jums duota, ir i\u0161mokite b\u016bti d\u0117kingos u\u017e tai.\u201c  Tai istorija apie gerum\u0105 ir \u017emogi\u0161kum\u0105, apie kasdienes pastangas i\u0161likti, i\u0161mokti, pa\u017einti, suprasti, leid\u017eian\u010dias pasijusti laimingoms \u2013 tikroms ma\u017eoms moterims.","og_url":"https:\/\/skaitytaknyga.lt\/en\/produktas\/louisa-may-alcott-mazosios-moterys\/","og_site_name":"Skaitytaknyga","article_publisher":"https:\/\/www.facebook.com\/skaitytaknyga\/","article_modified_time":"2024-05-04T17:58:26+00:00","og_image":[{"width":245,"height":375,"url":"https:\/\/skaitytaknyga.lt\/wp-content\/uploads\/2024\/05\/226.jpg","type":"image\/jpeg"}],"twitter_card":"summary_large_image","schema":{"@context":"https:\/\/schema.org","@graph":[{"@type":"WebPage","@id":"https:\/\/skaitytaknyga.lt\/produktas\/louisa-may-alcott-mazosios-moterys\/","url":"https:\/\/skaitytaknyga.lt\/produktas\/louisa-may-alcott-mazosios-moterys\/","name":"Louisa May Alcott \u201eMa\u017eosios moterys\u201c - Skaitytaknyga","isPartOf":{"@id":"https:\/\/skaitytaknyga.lt\/#website"},"primaryImageOfPage":{"@id":"https:\/\/skaitytaknyga.lt\/produktas\/louisa-may-alcott-mazosios-moterys\/#primaryimage"},"image":{"@id":"https:\/\/skaitytaknyga.lt\/produktas\/louisa-may-alcott-mazosios-moterys\/#primaryimage"},"thumbnailUrl":"https:\/\/skaitytaknyga.lt\/wp-content\/uploads\/2024\/05\/226.jpg","datePublished":"2024-05-04T17:57:02+00:00","dateModified":"2024-05-04T17:58:26+00:00","description":"Seniai seniai gyveno keturios mergait\u0117s, kurioms nestigo nei valgio, nei g\u0117rimo, nei drabu\u017ei\u0173, net ir ma\u017eu\u010di\u0173 pramog\u0173. Jos tur\u0117jo ger\u0173 draug\u0173, o t\u0117vai jas nepaprastai myl\u0117jo, bet joms vis buvo negana. Kart\u0105 jos pasiteiravo senut\u0117s, k\u0105 tur\u0117t\u0173 daryti, kad tapt\u0173 laimingos, ir \u0161i atsak\u0117: \u201eKai b\u016bsite kuo nors nepatenkintos, pasvarstykite, kiek jums duota, ir i\u0161mokite b\u016bti d\u0117kingos u\u017e tai.\u201c Tai istorija apie gerum\u0105 ir \u017emogi\u0161kum\u0105, apie kasdienes pastangas i\u0161likti, i\u0161mokti, pa\u017einti, suprasti, leid\u017eian\u010dias pasijusti laimingoms \u2013 tikroms ma\u017eoms moterims.","breadcrumb":{"@id":"https:\/\/skaitytaknyga.lt\/produktas\/louisa-may-alcott-mazosios-moterys\/#breadcrumb"},"inLanguage":"en-GB","potentialAction":[{"@type":"ReadAction","target":["https:\/\/skaitytaknyga.lt\/produktas\/louisa-may-alcott-mazosios-moterys\/"]}]},{"@type":"ImageObject","inLanguage":"en-GB","@id":"https:\/\/skaitytaknyga.lt\/produktas\/louisa-may-alcott-mazosios-moterys\/#primaryimage","url":"https:\/\/skaitytaknyga.lt\/wp-content\/uploads\/2024\/05\/226.jpg","contentUrl":"https:\/\/skaitytaknyga.lt\/wp-content\/uploads\/2024\/05\/226.jpg","width":245,"height":375},{"@type":"BreadcrumbList","@id":"https:\/\/skaitytaknyga.lt\/produktas\/louisa-may-alcott-mazosios-moterys\/#breadcrumb","itemListElement":[{"@type":"ListItem","position":1,"name":"Home","item":"https:\/\/skaitytaknyga.lt\/"},{"@type":"ListItem","position":2,"name":"Parduotuv\u0117","item":"https:\/\/skaitytaknyga.lt\/knygu-parduotuve\/"},{"@type":"ListItem","position":3,"name":"Louisa May Alcott \u201eMa\u017eosios moterys\u201c"}]},{"@type":"WebSite","@id":"https:\/\/skaitytaknyga.lt\/#website","url":"https:\/\/skaitytaknyga.lt\/","name":"skaitytaknyga.lt","description":"Skaitytaknyga.lt \u2013 tai ma\u017eas \u0161eimos verslas, kuris prasid\u0117jo nuo meil\u0117s knygoms ir siekio i\u0161gelb\u0117ti knygas nuo likimo prie konteinerio. Kas vienam nereikalingas daiktas \u2013 kitam lobis, o mes esame tarpininkai, kurie padeda abiems tapti laimingesniems ???? \u017dinome kaip nelengva i\u0161gyventi ma\u017eiems verslams, tad nuo \u0161iol, \u010dia rasite ir kit\u0173, ma\u017e\u0173 \u0161eim\u0173 versl\u0173, rank\u0173 darbo, dovan\u0173 sau ir artimiesiems.","publisher":{"@id":"https:\/\/skaitytaknyga.lt\/#organization"},"potentialAction":[{"@type":"SearchAction","target":{"@type":"EntryPoint","urlTemplate":"https:\/\/skaitytaknyga.lt\/?s={search_term_string}"},"query-input":{"@type":"PropertyValueSpecification","valueRequired":true,"valueName":"search_term_string"}}],"inLanguage":"en-GB"},{"@type":"Organization","@id":"https:\/\/skaitytaknyga.lt\/#organization","name":"skaitytaknyga.lt","url":"https:\/\/skaitytaknyga.lt\/","logo":{"@type":"ImageObject","inLanguage":"en-GB","@id":"https:\/\/skaitytaknyga.lt\/#\/schema\/logo\/image\/","url":"https:\/\/skaitytaknyga.lt\/wp-content\/uploads\/2024\/05\/cropped-cropped-cropped-02_00843_jt3bggkj1j3HLc7SyY6rEUpg.jpeg","contentUrl":"https:\/\/skaitytaknyga.lt\/wp-content\/uploads\/2024\/05\/cropped-cropped-cropped-02_00843_jt3bggkj1j3HLc7SyY6rEUpg.jpeg","width":1600,"height":1600,"caption":"skaitytaknyga.lt"},"image":{"@id":"https:\/\/skaitytaknyga.lt\/#\/schema\/logo\/image\/"},"sameAs":["https:\/\/www.facebook.com\/skaitytaknyga\/"]}]}},"_links":{"self":[{"href":"https:\/\/skaitytaknyga.lt\/en\/wp-json\/wp\/v2\/product\/9749","targetHints":{"allow":["GET"]}}],"collection":[{"href":"https:\/\/skaitytaknyga.lt\/en\/wp-json\/wp\/v2\/product"}],"about":[{"href":"https:\/\/skaitytaknyga.lt\/en\/wp-json\/wp\/v2\/types\/product"}],"replies":[{"embeddable":true,"href":"https:\/\/skaitytaknyga.lt\/en\/wp-json\/wp\/v2\/comments?post=9749"}],"wp:featuredmedia":[{"embeddable":true,"href":"https:\/\/skaitytaknyga.lt\/en\/wp-json\/wp\/v2\/media\/9795"}],"wp:attachment":[{"href":"https:\/\/skaitytaknyga.lt\/en\/wp-json\/wp\/v2\/media?parent=9749"}],"wp:term":[{"taxonomy":"product_brand","embeddable":true,"href":"https:\/\/skaitytaknyga.lt\/en\/wp-json\/wp\/v2\/product_brand?post=9749"},{"taxonomy":"product_cat","embeddable":true,"href":"https:\/\/skaitytaknyga.lt\/en\/wp-json\/wp\/v2\/product_cat?post=9749"},{"taxonomy":"product_tag","embeddable":true,"href":"https:\/\/skaitytaknyga.lt\/en\/wp-json\/wp\/v2\/product_tag?post=9749"}],"curies":[{"name":"wp","href":"https:\/\/api.w.org\/{rel}","templated":true}]}}