{"id":9748,"date":"2024-05-04T20:57:02","date_gmt":"2024-05-04T17:57:02","guid":{"rendered":"https:\/\/skaitytaknyga.lt\/?post_type=product&#038;p=9748"},"modified":"2026-03-18T10:59:05","modified_gmt":"2026-03-18T08:59:05","slug":"nuo-anciuko-iki-gulbes-mergaiciu-knyga","status":"publish","type":"product","link":"https:\/\/skaitytaknyga.lt\/en\/produktas\/nuo-anciuko-iki-gulbes-mergaiciu-knyga\/","title":{"rendered":"Nuo an\u010diuko iki gulb\u0117s. Mergai\u010di\u0173 knyga"},"content":{"rendered":"<p><strong>Ar paauglyst\u0117 \u2013 mai\u0161tas prie\u0161 vis\u0105 pasaul\u012f?<\/strong><\/p>\n<p><span class=\"SummaryValue\">Regis, visi tau kelia vien reikalavimus, nurodin\u0117ja, kaip turi elgtis, kaip atrodyti. Gal gyvenimas prie\u0161 tave susimok\u0117? Gr\u012f\u017eti atgal \u012f saugi\u0105 vaikyst\u0119 nebegali, bet ir suaugusieji \u012f tave dar ne\u017ei\u016bri rimtai. Tai kur tavo vieta?<\/span><\/p>\n<p><span class=\"SummaryValue\">Kaip sutarti su savo \u0161eima, su aplinkiniais ir &#8211; vis\u0173 pirma &#8211; su pa\u010dia savimi? Kaip rengtis, kad draugai nesisvaidyt\u0173 kand\u017eiom pastabom, o t\u0117vai nemoralizuot\u0173? K\u0105 daryti, staiga i\u0161tikus pirmajai meilei ir \u0117mus siausti hormon\u0173 audroms? Vien klausimai.<br \/>\n<\/span><\/p>\n<p><span class=\"SummaryValue\">Penkios garsios ir i\u0161mintingos Lietuvos moterys paaugl\u0117ms skirtoje knygoje ne moralizuoja, o pataria, ne smerkia, o paai\u0161kina, ne baugina, o ramina. D\u0117kojame joms u\u017e tai, kad rado laiko ir pasidalijo savo patirtimi.<br \/>\n<\/span><\/p>\n<p><span class=\"SummaryValue\">Psicholog\u0117 Edita \u010cekuolien\u0117 pataria, kaip susitaikyti su besikei\u010dian\u010diu k\u016bnu, prisijaukinti mai\u0161ting\u0105 siel\u0105 ir rasti keli\u0105 painiame santyki\u0173 su savais ir svetimais labirinte. \u010cia mergait\u0117s ras nema\u017eai test\u0173 &#8211; jie gali pad\u0117ti ne tik geriau pa\u017einti save, bet ir apsispr\u0119sti, kok\u012f gyvenimo keli\u0105 rinktis.<br \/>\n<\/span><\/p>\n<p><span class=\"SummaryValue\">Gydytoja Vaiva Eringyt\u0117 pasakoja apie intymiausius dalykus, apie tai, ko kartais drovu klausti net mamos ar artimiausios draug\u0117s.<br \/>\n<\/span><\/p>\n<p><span class=\"SummaryValue\">Dietolog\u0117 J\u016brat\u0117 Dobrovolskien\u0117 paai\u0161kina, kaip maitintis, kol augama ir br\u0119stama.<\/span><\/p>\n<p><span class=\"SummaryValue\">O dizainer\u0117 Julija \u017dil\u0117nien\u0117 tvirtina: &#8220;Negra\u017ei\u0173 neb\u016bna!&#8221; Tereikia \u017einoti kelet\u0105 paprast\u0173 taisykli\u0173, kad gal\u0117tum dr\u0105siai \u017evelgti \u012f veidrod\u012f.<\/span><\/p>\n<p><span class=\"SummaryValue\">Kad \u017eengdamos \u012f savaranki\u0161k\u0105 gyvenim\u0105 mergait\u0117s ir merginos jaust\u0173si dar tvir\u010diau, ekonomist\u0117 R\u016bta Vainien\u0117 pataria, kaip pa\u010diai u\u017esidirbti pinig\u0173 ir kaip der\u0117t\u0173 su jais elgtis.<br \/>\n<\/span><\/p>\n<p><span class=\"SummaryValue\">\u0160i knyga &#8211; tarsi kelio \u017eenkl\u0173 rinkinys. Juos autor\u0117s surinko ir sud\u0117liojo tam, kad pavojingu, ta\u010diau viliojan\u010diu keliu nuo an\u010diuko iki gulb\u0117s mergait\u0117s \u017eengt\u0173 saugiai, nebarstydamos plunksn\u0173.<\/span><\/p>\n<ul class=\"about-product d-none d-xl-block mt-4\">\n<li><strong>Autorius:<\/strong>\u00a0R\u016bta Vainien\u0117,\u00a0<a href=\"https:\/\/skaitytaknyga.lt\/?s=%C4%8Dekuolien%C4%97&#038;post_type=product&#038;dgwt_wcas=1\">Edita \u010cekuolien\u0117<\/a>,\u00a0Vaiva Eringyt\u0117,\u00a0J\u016brat\u0117 Dobrovolskien\u0117,\u00a0Julija \u017dil\u0117nien\u0117<\/li>\n<li><strong>Leid\u0117jas:<\/strong>\u00a0Tyto alba<\/li>\n<li><strong>Metai:<\/strong>\u00a02009<\/li>\n<li><strong>Puslapiai:<\/strong>\u00a0344<\/li>\n<li><strong>ISBN:<\/strong>\u00a09789986167013<\/li>\n<li><strong>Versijos kodas:<\/strong>\u00a0PT.<\/li>\n<li><strong>Formatas:<\/strong>\u00a017 x 24 cm, kieti vir\u0161eliai<\/li>\n<li><strong>Kalba:<\/strong>\u00a0Lietuvi\u0173<\/li>\n<\/ul>\n","protected":false},"excerpt":{"rendered":"<p>Ar paauglyst\u0117 \u2013 mai\u0161tas prie\u0161 vis\u0105 pasaul\u012f? Regis, visi tau kelia vien reikalavimus, nurodin\u0117ja, kaip turi elgtis, kaip atrodyti&#8230; Gal gyvenimas prie\u0161 tave susimok\u0117? Gr\u012f\u017eti atgal \u012f saugi\u0105 vaikyst\u0119 nebegali, bet ir suaugusieji \u012f tave dar ne\u017ei\u016bri rimtai. Tai kur tavo vieta? Kaip sutarti su savo \u0161eima, su aplinkiniais ir \u2013 vis\u0173 pirma \u2013 su pa\u010dia savimi? Kaip rengtis, kad draugai nesisvaidyt\u0173 kand\u017eiom pastabom, o t\u0117vai nemoralizuot\u0173? K\u0105 daryti, staiga i\u0161tikus pirmajai meilei ir \u0117mus siausti hormon\u0173 audroms? Vien klausimai&#8230; Penkios garsios ir i\u0161mintingos Lietuvos moterys tau skirtoje knygoje ne moralizuoja, o pataria, ne smerkia, o paai\u0161kina, ne baugina, o ramina. D\u0117kojame joms u\u017e tai, kad rado laiko ir pasidalijo savo patirtimi su tavim.<\/p>\n","protected":false},"featured_media":9794,"comment_status":"closed","ping_status":"closed","template":"","meta":{"_acf_changed":false,"site-sidebar-layout":"default","site-content-layout":"","ast-site-content-layout":"default","site-content-style":"default","site-sidebar-style":"default","ast-global-header-display":"","ast-banner-title-visibility":"","ast-main-header-display":"","ast-hfb-above-header-display":"","ast-hfb-below-header-display":"","ast-hfb-mobile-header-display":"","site-post-title":"","ast-breadcrumbs-content":"","ast-featured-img":"","footer-sml-layout":"","ast-disable-related-posts":"","theme-transparent-header-meta":"default","adv-header-id-meta":"","stick-header-meta":"","header-above-stick-meta":"","header-main-stick-meta":"","header-below-stick-meta":"","astra-migrate-meta-layouts":"set","ast-page-background-enabled":"default","ast-page-background-meta":{"desktop":{"background-color":"","background-image":"","background-repeat":"repeat","background-position":"center center","background-size":"auto","background-attachment":"scroll","background-type":"","background-media":"","overlay-type":"","overlay-color":"","overlay-opacity":"","overlay-gradient":""},"tablet":{"background-color":"","background-image":"","background-repeat":"repeat","background-position":"center center","background-size":"auto","background-attachment":"scroll","background-type":"","background-media":"","overlay-type":"","overlay-color":"","overlay-opacity":"","overlay-gradient":""},"mobile":{"background-color":"","background-image":"","background-repeat":"repeat","background-position":"center center","background-size":"auto","background-attachment":"scroll","background-type":"","background-media":"","overlay-type":"","overlay-color":"","overlay-opacity":"","overlay-gradient":""}},"ast-content-background-meta":{"desktop":{"background-color":"var(--ast-global-color-4)","background-image":"","background-repeat":"repeat","background-position":"center center","background-size":"auto","background-attachment":"scroll","background-type":"","background-media":"","overlay-type":"","overlay-color":"","overlay-opacity":"","overlay-gradient":""},"tablet":{"background-color":"var(--ast-global-color-4)","background-image":"","background-repeat":"repeat","background-position":"center center","background-size":"auto","background-attachment":"scroll","background-type":"","background-media":"","overlay-type":"","overlay-color":"","overlay-opacity":"","overlay-gradient":""},"mobile":{"background-color":"var(--ast-global-color-4)","background-image":"","background-repeat":"repeat","background-position":"center center","background-size":"auto","background-attachment":"scroll","background-type":"","background-media":"","overlay-type":"","overlay-color":"","overlay-opacity":"","overlay-gradient":""}}},"product_brand":[],"product_cat":[9676],"product_tag":[],"class_list":{"0":"post-9748","1":"product","2":"type-product","3":"status-publish","4":"has-post-thumbnail","6":"product_cat-paaugliams","7":"desktop-align-left","8":"tablet-align-left","9":"mobile-align-left","11":"first","12":"instock","13":"shipping-taxable","14":"purchasable","15":"product-type-simple"},"acf":[],"yoast_head":"<!-- This site is optimized with the Yoast SEO plugin v27.0 - https:\/\/yoast.com\/product\/yoast-seo-wordpress\/ -->\n<title>Nuo an\u010diuko iki gulb\u0117s. Mergai\u010di\u0173 knyga<\/title>\n<meta name=\"description\" content=\"Kaip sutarti su savo \u0161eima, su aplinkiniais ir - vis\u0173 pirma - su pa\u010dia savimi? Kaip rengtis, kad? K\u0105 daryti, i\u0161tikus meilei ir \u0117mus siausti hormon\u0173 audroms?\" \/>\n<meta name=\"robots\" content=\"index, follow, max-snippet:-1, max-image-preview:large, max-video-preview:-1\" \/>\n<link rel=\"canonical\" href=\"https:\/\/skaitytaknyga.lt\/en\/produktas\/nuo-anciuko-iki-gulbes-mergaiciu-knyga\/\" \/>\n<meta property=\"og:locale\" content=\"en_GB\" \/>\n<meta property=\"og:locale:alternate\" content=\"lt_LT\" \/>\n<meta property=\"og:type\" content=\"article\" \/>\n<meta property=\"og:title\" content=\"Nuo an\u010diuko iki gulb\u0117s. Mergai\u010di\u0173 knyga\" \/>\n<meta property=\"og:description\" content=\"Kaip sutarti su savo \u0161eima, su aplinkiniais ir - vis\u0173 pirma - su pa\u010dia savimi? Kaip rengtis, kad? K\u0105 daryti, i\u0161tikus meilei ir \u0117mus siausti hormon\u0173 audroms?\" \/>\n<meta property=\"og:url\" content=\"https:\/\/skaitytaknyga.lt\/en\/produktas\/nuo-anciuko-iki-gulbes-mergaiciu-knyga\/\" \/>\n<meta property=\"og:site_name\" content=\"Skaitytaknyga\" \/>\n<meta property=\"article:publisher\" content=\"https:\/\/www.facebook.com\/skaitytaknyga\/\" \/>\n<meta property=\"article:modified_time\" content=\"2026-03-18T08:59:05+00:00\" \/>\n<meta property=\"og:image\" content=\"https:\/\/skaitytaknyga.lt\/wp-content\/uploads\/2024\/05\/000000000002125727-59de83cb434e9-asset-knyguklubas-cdb_nuo_anciuko_iki_gulbes_virselis_p1.jpg\" \/>\n\t<meta property=\"og:image:width\" content=\"285\" \/>\n\t<meta property=\"og:image:height\" content=\"396\" \/>\n\t<meta property=\"og:image:type\" content=\"image\/jpeg\" \/>\n<meta name=\"twitter:card\" content=\"summary_large_image\" \/>\n<meta name=\"twitter:label1\" content=\"Estimated reading time\" \/>\n\t<meta name=\"twitter:data1\" content=\"2 minutes\" \/>\n<script type=\"application\/ld+json\" class=\"yoast-schema-graph\">{\"@context\":\"https:\/\/schema.org\",\"@graph\":[{\"@type\":\"WebPage\",\"@id\":\"https:\/\/skaitytaknyga.lt\/produktas\/nuo-anciuko-iki-gulbes-mergaiciu-knyga\/\",\"url\":\"https:\/\/skaitytaknyga.lt\/produktas\/nuo-anciuko-iki-gulbes-mergaiciu-knyga\/\",\"name\":\"Nuo an\u010diuko iki gulb\u0117s. Mergai\u010di\u0173 knyga\",\"isPartOf\":{\"@id\":\"https:\/\/skaitytaknyga.lt\/#website\"},\"primaryImageOfPage\":{\"@id\":\"https:\/\/skaitytaknyga.lt\/produktas\/nuo-anciuko-iki-gulbes-mergaiciu-knyga\/#primaryimage\"},\"image\":{\"@id\":\"https:\/\/skaitytaknyga.lt\/produktas\/nuo-anciuko-iki-gulbes-mergaiciu-knyga\/#primaryimage\"},\"thumbnailUrl\":\"https:\/\/skaitytaknyga.lt\/wp-content\/uploads\/2024\/05\/000000000002125727-59de83cb434e9-asset-knyguklubas-cdb_nuo_anciuko_iki_gulbes_virselis_p1.jpg\",\"datePublished\":\"2024-05-04T17:57:02+00:00\",\"dateModified\":\"2026-03-18T08:59:05+00:00\",\"description\":\"Kaip sutarti su savo \u0161eima, su aplinkiniais ir - vis\u0173 pirma - su pa\u010dia savimi? Kaip rengtis, kad? K\u0105 daryti, i\u0161tikus meilei ir \u0117mus siausti hormon\u0173 audroms?\",\"breadcrumb\":{\"@id\":\"https:\/\/skaitytaknyga.lt\/produktas\/nuo-anciuko-iki-gulbes-mergaiciu-knyga\/#breadcrumb\"},\"inLanguage\":\"en-GB\",\"potentialAction\":[{\"@type\":\"ReadAction\",\"target\":[\"https:\/\/skaitytaknyga.lt\/produktas\/nuo-anciuko-iki-gulbes-mergaiciu-knyga\/\"]}]},{\"@type\":\"ImageObject\",\"inLanguage\":\"en-GB\",\"@id\":\"https:\/\/skaitytaknyga.lt\/produktas\/nuo-anciuko-iki-gulbes-mergaiciu-knyga\/#primaryimage\",\"url\":\"https:\/\/skaitytaknyga.lt\/wp-content\/uploads\/2024\/05\/000000000002125727-59de83cb434e9-asset-knyguklubas-cdb_nuo_anciuko_iki_gulbes_virselis_p1.jpg\",\"contentUrl\":\"https:\/\/skaitytaknyga.lt\/wp-content\/uploads\/2024\/05\/000000000002125727-59de83cb434e9-asset-knyguklubas-cdb_nuo_anciuko_iki_gulbes_virselis_p1.jpg\",\"width\":285,\"height\":396,\"caption\":\"Nuo an\u010diuko iki gulb\u0117s. Mergai\u010di\u0173 knyga\"},{\"@type\":\"BreadcrumbList\",\"@id\":\"https:\/\/skaitytaknyga.lt\/produktas\/nuo-anciuko-iki-gulbes-mergaiciu-knyga\/#breadcrumb\",\"itemListElement\":[{\"@type\":\"ListItem\",\"position\":1,\"name\":\"Home\",\"item\":\"https:\/\/skaitytaknyga.lt\/\"},{\"@type\":\"ListItem\",\"position\":2,\"name\":\"Parduotuv\u0117\",\"item\":\"https:\/\/skaitytaknyga.lt\/knygu-parduotuve\/\"},{\"@type\":\"ListItem\",\"position\":3,\"name\":\"Nuo an\u010diuko iki gulb\u0117s. Mergai\u010di\u0173 knyga\"}]},{\"@type\":\"WebSite\",\"@id\":\"https:\/\/skaitytaknyga.lt\/#website\",\"url\":\"https:\/\/skaitytaknyga.lt\/\",\"name\":\"skaitytaknyga.lt\",\"description\":\"Skaitytaknyga.lt \u2013 tai ma\u017eas \u0161eimos verslas, kuris prasid\u0117jo nuo meil\u0117s knygoms ir siekio i\u0161gelb\u0117ti knygas nuo likimo prie konteinerio. Kas vienam nereikalingas daiktas \u2013 kitam lobis, o mes esame tarpininkai, kurie padeda abiems tapti laimingesniems ???? \u017dinome kaip nelengva i\u0161gyventi ma\u017eiems verslams, tad nuo \u0161iol, \u010dia rasite ir kit\u0173, ma\u017e\u0173 \u0161eim\u0173 versl\u0173, rank\u0173 darbo, dovan\u0173 sau ir artimiesiems.\",\"publisher\":{\"@id\":\"https:\/\/skaitytaknyga.lt\/#organization\"},\"potentialAction\":[{\"@type\":\"SearchAction\",\"target\":{\"@type\":\"EntryPoint\",\"urlTemplate\":\"https:\/\/skaitytaknyga.lt\/?s={search_term_string}\"},\"query-input\":{\"@type\":\"PropertyValueSpecification\",\"valueRequired\":true,\"valueName\":\"search_term_string\"}}],\"inLanguage\":\"en-GB\"},{\"@type\":\"Organization\",\"@id\":\"https:\/\/skaitytaknyga.lt\/#organization\",\"name\":\"skaitytaknyga.lt\",\"url\":\"https:\/\/skaitytaknyga.lt\/\",\"logo\":{\"@type\":\"ImageObject\",\"inLanguage\":\"en-GB\",\"@id\":\"https:\/\/skaitytaknyga.lt\/#\/schema\/logo\/image\/\",\"url\":\"https:\/\/skaitytaknyga.lt\/wp-content\/uploads\/2024\/05\/cropped-cropped-cropped-02_00843_jt3bggkj1j3HLc7SyY6rEUpg.jpeg\",\"contentUrl\":\"https:\/\/skaitytaknyga.lt\/wp-content\/uploads\/2024\/05\/cropped-cropped-cropped-02_00843_jt3bggkj1j3HLc7SyY6rEUpg.jpeg\",\"width\":1600,\"height\":1600,\"caption\":\"skaitytaknyga.lt\"},\"image\":{\"@id\":\"https:\/\/skaitytaknyga.lt\/#\/schema\/logo\/image\/\"},\"sameAs\":[\"https:\/\/www.facebook.com\/skaitytaknyga\/\"]}]}<\/script>\n<!-- \/ Yoast SEO plugin. -->","yoast_head_json":{"title":"Nuo an\u010diuko iki gulb\u0117s. Mergai\u010di\u0173 knyga","description":"Kaip sutarti su savo \u0161eima, su aplinkiniais ir - vis\u0173 pirma - su pa\u010dia savimi? Kaip rengtis, kad? K\u0105 daryti, i\u0161tikus meilei ir \u0117mus siausti hormon\u0173 audroms?","robots":{"index":"index","follow":"follow","max-snippet":"max-snippet:-1","max-image-preview":"max-image-preview:large","max-video-preview":"max-video-preview:-1"},"canonical":"https:\/\/skaitytaknyga.lt\/en\/produktas\/nuo-anciuko-iki-gulbes-mergaiciu-knyga\/","og_locale":"en_GB","og_type":"article","og_title":"[:lt]Nuo an\u010diuko iki gulb\u0117s. Mergai\u010di\u0173 knyga[:] - Skaitytaknyga","og_description":"Kaip sutarti su savo \u0161eima, su aplinkiniais ir - vis\u0173 pirma - su pa\u010dia savimi? Kaip rengtis, kad? K\u0105 daryti, i\u0161tikus meilei ir \u0117mus siausti hormon\u0173 audroms?","og_url":"https:\/\/skaitytaknyga.lt\/en\/produktas\/nuo-anciuko-iki-gulbes-mergaiciu-knyga\/","og_site_name":"Skaitytaknyga","article_publisher":"https:\/\/www.facebook.com\/skaitytaknyga\/","article_modified_time":"2026-03-18T08:59:05+00:00","og_image":[{"width":285,"height":396,"url":"https:\/\/skaitytaknyga.lt\/wp-content\/uploads\/2024\/05\/000000000002125727-59de83cb434e9-asset-knyguklubas-cdb_nuo_anciuko_iki_gulbes_virselis_p1.jpg","type":"image\/jpeg"}],"twitter_card":"summary_large_image","twitter_misc":{"Estimated reading time":"2 minutes"},"schema":{"@context":"https:\/\/schema.org","@graph":[{"@type":"WebPage","@id":"https:\/\/skaitytaknyga.lt\/produktas\/nuo-anciuko-iki-gulbes-mergaiciu-knyga\/","url":"https:\/\/skaitytaknyga.lt\/produktas\/nuo-anciuko-iki-gulbes-mergaiciu-knyga\/","name":"Nuo an\u010diuko iki gulb\u0117s. Mergai\u010di\u0173 knyga","isPartOf":{"@id":"https:\/\/skaitytaknyga.lt\/#website"},"primaryImageOfPage":{"@id":"https:\/\/skaitytaknyga.lt\/produktas\/nuo-anciuko-iki-gulbes-mergaiciu-knyga\/#primaryimage"},"image":{"@id":"https:\/\/skaitytaknyga.lt\/produktas\/nuo-anciuko-iki-gulbes-mergaiciu-knyga\/#primaryimage"},"thumbnailUrl":"https:\/\/skaitytaknyga.lt\/wp-content\/uploads\/2024\/05\/000000000002125727-59de83cb434e9-asset-knyguklubas-cdb_nuo_anciuko_iki_gulbes_virselis_p1.jpg","datePublished":"2024-05-04T17:57:02+00:00","dateModified":"2026-03-18T08:59:05+00:00","description":"Kaip sutarti su savo \u0161eima, su aplinkiniais ir - vis\u0173 pirma - su pa\u010dia savimi? Kaip rengtis, kad? K\u0105 daryti, i\u0161tikus meilei ir \u0117mus siausti hormon\u0173 audroms?","breadcrumb":{"@id":"https:\/\/skaitytaknyga.lt\/produktas\/nuo-anciuko-iki-gulbes-mergaiciu-knyga\/#breadcrumb"},"inLanguage":"en-GB","potentialAction":[{"@type":"ReadAction","target":["https:\/\/skaitytaknyga.lt\/produktas\/nuo-anciuko-iki-gulbes-mergaiciu-knyga\/"]}]},{"@type":"ImageObject","inLanguage":"en-GB","@id":"https:\/\/skaitytaknyga.lt\/produktas\/nuo-anciuko-iki-gulbes-mergaiciu-knyga\/#primaryimage","url":"https:\/\/skaitytaknyga.lt\/wp-content\/uploads\/2024\/05\/000000000002125727-59de83cb434e9-asset-knyguklubas-cdb_nuo_anciuko_iki_gulbes_virselis_p1.jpg","contentUrl":"https:\/\/skaitytaknyga.lt\/wp-content\/uploads\/2024\/05\/000000000002125727-59de83cb434e9-asset-knyguklubas-cdb_nuo_anciuko_iki_gulbes_virselis_p1.jpg","width":285,"height":396,"caption":"Nuo an\u010diuko iki gulb\u0117s. Mergai\u010di\u0173 knyga"},{"@type":"BreadcrumbList","@id":"https:\/\/skaitytaknyga.lt\/produktas\/nuo-anciuko-iki-gulbes-mergaiciu-knyga\/#breadcrumb","itemListElement":[{"@type":"ListItem","position":1,"name":"Home","item":"https:\/\/skaitytaknyga.lt\/"},{"@type":"ListItem","position":2,"name":"Parduotuv\u0117","item":"https:\/\/skaitytaknyga.lt\/knygu-parduotuve\/"},{"@type":"ListItem","position":3,"name":"Nuo an\u010diuko iki gulb\u0117s. Mergai\u010di\u0173 knyga"}]},{"@type":"WebSite","@id":"https:\/\/skaitytaknyga.lt\/#website","url":"https:\/\/skaitytaknyga.lt\/","name":"skaitytaknyga.lt","description":"Skaitytaknyga.lt \u2013 tai ma\u017eas \u0161eimos verslas, kuris prasid\u0117jo nuo meil\u0117s knygoms ir siekio i\u0161gelb\u0117ti knygas nuo likimo prie konteinerio. Kas vienam nereikalingas daiktas \u2013 kitam lobis, o mes esame tarpininkai, kurie padeda abiems tapti laimingesniems ???? \u017dinome kaip nelengva i\u0161gyventi ma\u017eiems verslams, tad nuo \u0161iol, \u010dia rasite ir kit\u0173, ma\u017e\u0173 \u0161eim\u0173 versl\u0173, rank\u0173 darbo, dovan\u0173 sau ir artimiesiems.","publisher":{"@id":"https:\/\/skaitytaknyga.lt\/#organization"},"potentialAction":[{"@type":"SearchAction","target":{"@type":"EntryPoint","urlTemplate":"https:\/\/skaitytaknyga.lt\/?s={search_term_string}"},"query-input":{"@type":"PropertyValueSpecification","valueRequired":true,"valueName":"search_term_string"}}],"inLanguage":"en-GB"},{"@type":"Organization","@id":"https:\/\/skaitytaknyga.lt\/#organization","name":"skaitytaknyga.lt","url":"https:\/\/skaitytaknyga.lt\/","logo":{"@type":"ImageObject","inLanguage":"en-GB","@id":"https:\/\/skaitytaknyga.lt\/#\/schema\/logo\/image\/","url":"https:\/\/skaitytaknyga.lt\/wp-content\/uploads\/2024\/05\/cropped-cropped-cropped-02_00843_jt3bggkj1j3HLc7SyY6rEUpg.jpeg","contentUrl":"https:\/\/skaitytaknyga.lt\/wp-content\/uploads\/2024\/05\/cropped-cropped-cropped-02_00843_jt3bggkj1j3HLc7SyY6rEUpg.jpeg","width":1600,"height":1600,"caption":"skaitytaknyga.lt"},"image":{"@id":"https:\/\/skaitytaknyga.lt\/#\/schema\/logo\/image\/"},"sameAs":["https:\/\/www.facebook.com\/skaitytaknyga\/"]}]}},"_links":{"self":[{"href":"https:\/\/skaitytaknyga.lt\/en\/wp-json\/wp\/v2\/product\/9748","targetHints":{"allow":["GET"]}}],"collection":[{"href":"https:\/\/skaitytaknyga.lt\/en\/wp-json\/wp\/v2\/product"}],"about":[{"href":"https:\/\/skaitytaknyga.lt\/en\/wp-json\/wp\/v2\/types\/product"}],"replies":[{"embeddable":true,"href":"https:\/\/skaitytaknyga.lt\/en\/wp-json\/wp\/v2\/comments?post=9748"}],"wp:featuredmedia":[{"embeddable":true,"href":"https:\/\/skaitytaknyga.lt\/en\/wp-json\/wp\/v2\/media\/9794"}],"wp:attachment":[{"href":"https:\/\/skaitytaknyga.lt\/en\/wp-json\/wp\/v2\/media?parent=9748"}],"wp:term":[{"taxonomy":"product_brand","embeddable":true,"href":"https:\/\/skaitytaknyga.lt\/en\/wp-json\/wp\/v2\/product_brand?post=9748"},{"taxonomy":"product_cat","embeddable":true,"href":"https:\/\/skaitytaknyga.lt\/en\/wp-json\/wp\/v2\/product_cat?post=9748"},{"taxonomy":"product_tag","embeddable":true,"href":"https:\/\/skaitytaknyga.lt\/en\/wp-json\/wp\/v2\/product_tag?post=9748"}],"curies":[{"name":"wp","href":"https:\/\/api.w.org\/{rel}","templated":true}]}}