{"id":9746,"date":"2024-05-04T17:57:02","date_gmt":"2024-05-04T17:57:02","guid":{"rendered":"https:\/\/skaitytaknyga.lt\/?post_type=product&#038;p=9746"},"modified":"2025-07-22T15:52:40","modified_gmt":"2025-07-22T12:52:40","slug":"bruce-berman-kaip-uzdirbti-is-inovaciju","status":"publish","type":"product","link":"https:\/\/skaitytaknyga.lt\/en\/produktas\/bruce-berman-kaip-uzdirbti-is-inovaciju\/","title":{"rendered":"Bruce Berman \u201eKaip u\u017edirbti i\u0161 inovacij\u0173\u201c"},"content":{"rendered":"<p>Knygoje\u00a0<strong>&#8220;Kaip u\u017edirbti i\u0161 inovacij\u0173&#8221;<\/strong>\u00a0savo patirtimi dalijasi 10 geriausi\u0173 ir labiausiai patyrusi\u0173 patent\u0173 specialist\u0173 amerikie\u010di\u0173. Papasakoti savo istorijas juos \u012ftikino ir pripra\u0161\u0117 taip pat puikus intelektin\u0117s nuosavyb\u0117s, inovacij\u0173 bei patent\u0173 specialistas, keli\u0173 knyg\u0173 autorius Bruce&#8217;as Bermanas. Iki \u0161iol n\u0117ra kito leidinio, kuriame apie inovacijas b\u016bt\u0173 kalbama taip ry\u017etingai, \u012f\u017evalgiai, i\u0161 asmenin\u0117s patirties ir vartojant praktin\u0119 verslo kalb\u0105.<\/p>\n<p>Knyga skirta inovacijas diegian\u010di\u0173 ar dar tik planuojan\u010di\u0173 diegti \u012fmoni\u0173 vadovams, pavieniams i\u0161rad\u0117jams, visiems patent\u0173 ir preki\u0173 \u017eenkl\u0173 srityje dirbantiems specialistams.<\/p>\n","protected":false},"excerpt":{"rendered":"<p>Knygoje\u00a0<strong>&#8220;Kaip u\u017edirbti i\u0161 inovacij\u0173&#8221;<\/strong>\u00a0savo patirtimi dalijasi 10 geriausi\u0173 ir labiausiai patyrusi\u0173 patent\u0173 specialist\u0173 amerikie\u010di\u0173. Papasakoti savo istorijas juos \u012ftikino ir pripra\u0161\u0117 taip pat puikus intelektin\u0117s nuosavyb\u0117s, inovacij\u0173 bei patent\u0173 specialistas, keli\u0173 knyg\u0173 autorius Bruce&#8217;as Bermanas. Iki \u0161iol n\u0117ra kito leidinio, kuriame apie inovacijas b\u016bt\u0173 kalbama taip ry\u017etingai, \u012f\u017evalgiai, i\u0161 asmenin\u0117s patirties ir vartojant praktin\u0119 verslo kalb\u0105.<\/p>\n<p>Knyga skirta inovacijas diegian\u010di\u0173 ar dar tik planuojan\u010di\u0173 diegti \u012fmoni\u0173 vadovams, pavieniams i\u0161rad\u0117jams, visiems patent\u0173 ir preki\u0173 \u017eenkl\u0173 srityje dirbantiems specialistams.<\/p>\n","protected":false},"featured_media":9792,"comment_status":"closed","ping_status":"closed","template":"","meta":{"_acf_changed":false,"site-sidebar-layout":"default","site-content-layout":"","ast-site-content-layout":"default","site-content-style":"default","site-sidebar-style":"default","ast-global-header-display":"","ast-banner-title-visibility":"","ast-main-header-display":"","ast-hfb-above-header-display":"","ast-hfb-below-header-display":"","ast-hfb-mobile-header-display":"","site-post-title":"","ast-breadcrumbs-content":"","ast-featured-img":"","footer-sml-layout":"","ast-disable-related-posts":"","theme-transparent-header-meta":"","adv-header-id-meta":"","stick-header-meta":"","header-above-stick-meta":"","header-main-stick-meta":"","header-below-stick-meta":"","astra-migrate-meta-layouts":"default","ast-page-background-enabled":"default","ast-page-background-meta":{"desktop":{"background-color":"","background-image":"","background-repeat":"repeat","background-position":"center center","background-size":"auto","background-attachment":"scroll","background-type":"","background-media":"","overlay-type":"","overlay-color":"","overlay-opacity":"","overlay-gradient":""},"tablet":{"background-color":"","background-image":"","background-repeat":"repeat","background-position":"center center","background-size":"auto","background-attachment":"scroll","background-type":"","background-media":"","overlay-type":"","overlay-color":"","overlay-opacity":"","overlay-gradient":""},"mobile":{"background-color":"","background-image":"","background-repeat":"repeat","background-position":"center center","background-size":"auto","background-attachment":"scroll","background-type":"","background-media":"","overlay-type":"","overlay-color":"","overlay-opacity":"","overlay-gradient":""}},"ast-content-background-meta":{"desktop":{"background-color":"var(--ast-global-color-4)","background-image":"","background-repeat":"repeat","background-position":"center center","background-size":"auto","background-attachment":"scroll","background-type":"","background-media":"","overlay-type":"","overlay-color":"","overlay-opacity":"","overlay-gradient":""},"tablet":{"background-color":"var(--ast-global-color-4)","background-image":"","background-repeat":"repeat","background-position":"center center","background-size":"auto","background-attachment":"scroll","background-type":"","background-media":"","overlay-type":"","overlay-color":"","overlay-opacity":"","overlay-gradient":""},"mobile":{"background-color":"var(--ast-global-color-4)","background-image":"","background-repeat":"repeat","background-position":"center center","background-size":"auto","background-attachment":"scroll","background-type":"","background-media":"","overlay-type":"","overlay-color":"","overlay-opacity":"","overlay-gradient":""}}},"product_brand":[],"product_cat":[26],"product_tag":[],"class_list":{"0":"post-9746","1":"product","2":"type-product","3":"status-publish","4":"has-post-thumbnail","6":"product_cat-verslas-vadyba-ir-finansai","7":"desktop-align-left","8":"tablet-align-left","9":"mobile-align-left","11":"first","12":"instock","13":"shipping-taxable","14":"purchasable","15":"product-type-simple"},"acf":[],"yoast_head":"<!-- This site is optimized with the Yoast SEO plugin v27.4 - https:\/\/yoast.com\/product\/yoast-seo-wordpress\/ -->\n<title>Bruce Berman \u201eKaip u\u017edirbti i\u0161 inovacij\u0173\u201c - Skaitytaknyga<\/title>\n<meta name=\"description\" content=\"Knygoje\u00a0&quot;Kaip u\u017edirbti i\u0161 inovacij\u0173&quot;\u00a0savo patirtimi dalijasi 10 geriausi\u0173 ir labiausiai patyrusi\u0173 patent\u0173 specialist\u0173 amerikie\u010di\u0173. Papasakoti savo istorijas juos \u012ftikino ir pripra\u0161\u0117 taip pat puikus intelektin\u0117s nuosavyb\u0117s, inovacij\u0173 bei patent\u0173 specialistas, keli\u0173 knyg\u0173 autorius Bruce&#039;as Bermanas. Iki \u0161iol n\u0117ra kito leidinio, kuriame apie inovacijas b\u016bt\u0173 kalbama taip ry\u017etingai, \u012f\u017evalgiai, i\u0161 asmenin\u0117s patirties ir vartojant praktin\u0119 verslo kalb\u0105.Knyga skirta inovacijas diegian\u010di\u0173 ar dar tik planuojan\u010di\u0173 diegti \u012fmoni\u0173 vadovams, pavieniams i\u0161rad\u0117jams, visiems patent\u0173 ir preki\u0173 \u017eenkl\u0173 srityje dirbantiems specialistams.\" \/>\n<meta name=\"robots\" content=\"index, follow, max-snippet:-1, max-image-preview:large, max-video-preview:-1\" \/>\n<link rel=\"canonical\" href=\"https:\/\/skaitytaknyga.lt\/en\/produktas\/bruce-berman-kaip-uzdirbti-is-inovaciju\/\" \/>\n<meta property=\"og:locale\" content=\"en_GB\" \/>\n<meta property=\"og:locale:alternate\" content=\"lt_LT\" \/>\n<meta property=\"og:type\" content=\"article\" \/>\n<meta property=\"og:title\" content=\"Bruce Berman \u201eKaip u\u017edirbti i\u0161 inovacij\u0173\u201c - Skaitytaknyga\" \/>\n<meta property=\"og:description\" content=\"Knygoje\u00a0&quot;Kaip u\u017edirbti i\u0161 inovacij\u0173&quot;\u00a0savo patirtimi dalijasi 10 geriausi\u0173 ir labiausiai patyrusi\u0173 patent\u0173 specialist\u0173 amerikie\u010di\u0173. Papasakoti savo istorijas juos \u012ftikino ir pripra\u0161\u0117 taip pat puikus intelektin\u0117s nuosavyb\u0117s, inovacij\u0173 bei patent\u0173 specialistas, keli\u0173 knyg\u0173 autorius Bruce&#039;as Bermanas. Iki \u0161iol n\u0117ra kito leidinio, kuriame apie inovacijas b\u016bt\u0173 kalbama taip ry\u017etingai, \u012f\u017evalgiai, i\u0161 asmenin\u0117s patirties ir vartojant praktin\u0119 verslo kalb\u0105.Knyga skirta inovacijas diegian\u010di\u0173 ar dar tik planuojan\u010di\u0173 diegti \u012fmoni\u0173 vadovams, pavieniams i\u0161rad\u0117jams, visiems patent\u0173 ir preki\u0173 \u017eenkl\u0173 srityje dirbantiems specialistams.\" \/>\n<meta property=\"og:url\" content=\"https:\/\/skaitytaknyga.lt\/en\/produktas\/bruce-berman-kaip-uzdirbti-is-inovaciju\/\" \/>\n<meta property=\"og:site_name\" content=\"Skaitytaknyga\" \/>\n<meta property=\"article:publisher\" content=\"https:\/\/www.facebook.com\/skaitytaknyga\/\" \/>\n<meta property=\"article:modified_time\" content=\"2025-07-22T12:52:40+00:00\" \/>\n<meta property=\"og:image\" content=\"https:\/\/skaitytaknyga.lt\/wp-content\/uploads\/2024\/05\/kaip-uzdirbti-is-inovaciju.jpg\" \/>\n\t<meta property=\"og:image:width\" content=\"600\" \/>\n\t<meta property=\"og:image:height\" content=\"890\" \/>\n\t<meta property=\"og:image:type\" content=\"image\/jpeg\" \/>\n<meta name=\"twitter:card\" content=\"summary_large_image\" \/>\n<script type=\"application\/ld+json\" class=\"yoast-schema-graph\">{\"@context\":\"https:\\\/\\\/schema.org\",\"@graph\":[{\"@type\":\"WebPage\",\"@id\":\"https:\\\/\\\/skaitytaknyga.lt\\\/produktas\\\/bruce-berman-kaip-uzdirbti-is-inovaciju\\\/\",\"url\":\"https:\\\/\\\/skaitytaknyga.lt\\\/produktas\\\/bruce-berman-kaip-uzdirbti-is-inovaciju\\\/\",\"name\":\"Bruce Berman \u201eKaip u\u017edirbti i\u0161 inovacij\u0173\u201c - Skaitytaknyga\",\"isPartOf\":{\"@id\":\"https:\\\/\\\/skaitytaknyga.lt\\\/#website\"},\"primaryImageOfPage\":{\"@id\":\"https:\\\/\\\/skaitytaknyga.lt\\\/produktas\\\/bruce-berman-kaip-uzdirbti-is-inovaciju\\\/#primaryimage\"},\"image\":{\"@id\":\"https:\\\/\\\/skaitytaknyga.lt\\\/produktas\\\/bruce-berman-kaip-uzdirbti-is-inovaciju\\\/#primaryimage\"},\"thumbnailUrl\":\"https:\\\/\\\/skaitytaknyga.lt\\\/wp-content\\\/uploads\\\/2024\\\/05\\\/kaip-uzdirbti-is-inovaciju.jpg\",\"datePublished\":\"2024-05-04T17:57:02+00:00\",\"dateModified\":\"2025-07-22T12:52:40+00:00\",\"description\":\"Knygoje\u00a0\\\"Kaip u\u017edirbti i\u0161 inovacij\u0173\\\"\u00a0savo patirtimi dalijasi 10 geriausi\u0173 ir labiausiai patyrusi\u0173 patent\u0173 specialist\u0173 amerikie\u010di\u0173. Papasakoti savo istorijas juos \u012ftikino ir pripra\u0161\u0117 taip pat puikus intelektin\u0117s nuosavyb\u0117s, inovacij\u0173 bei patent\u0173 specialistas, keli\u0173 knyg\u0173 autorius Bruce'as Bermanas. Iki \u0161iol n\u0117ra kito leidinio, kuriame apie inovacijas b\u016bt\u0173 kalbama taip ry\u017etingai, \u012f\u017evalgiai, i\u0161 asmenin\u0117s patirties ir vartojant praktin\u0119 verslo kalb\u0105.Knyga skirta inovacijas diegian\u010di\u0173 ar dar tik planuojan\u010di\u0173 diegti \u012fmoni\u0173 vadovams, pavieniams i\u0161rad\u0117jams, visiems patent\u0173 ir preki\u0173 \u017eenkl\u0173 srityje dirbantiems specialistams.\",\"breadcrumb\":{\"@id\":\"https:\\\/\\\/skaitytaknyga.lt\\\/produktas\\\/bruce-berman-kaip-uzdirbti-is-inovaciju\\\/#breadcrumb\"},\"inLanguage\":\"en-GB\",\"potentialAction\":[{\"@type\":\"ReadAction\",\"target\":[\"https:\\\/\\\/skaitytaknyga.lt\\\/produktas\\\/bruce-berman-kaip-uzdirbti-is-inovaciju\\\/\"]}]},{\"@type\":\"ImageObject\",\"inLanguage\":\"en-GB\",\"@id\":\"https:\\\/\\\/skaitytaknyga.lt\\\/produktas\\\/bruce-berman-kaip-uzdirbti-is-inovaciju\\\/#primaryimage\",\"url\":\"https:\\\/\\\/skaitytaknyga.lt\\\/wp-content\\\/uploads\\\/2024\\\/05\\\/kaip-uzdirbti-is-inovaciju.jpg\",\"contentUrl\":\"https:\\\/\\\/skaitytaknyga.lt\\\/wp-content\\\/uploads\\\/2024\\\/05\\\/kaip-uzdirbti-is-inovaciju.jpg\",\"width\":600,\"height\":890},{\"@type\":\"BreadcrumbList\",\"@id\":\"https:\\\/\\\/skaitytaknyga.lt\\\/produktas\\\/bruce-berman-kaip-uzdirbti-is-inovaciju\\\/#breadcrumb\",\"itemListElement\":[{\"@type\":\"ListItem\",\"position\":1,\"name\":\"Home\",\"item\":\"https:\\\/\\\/skaitytaknyga.lt\\\/\"},{\"@type\":\"ListItem\",\"position\":2,\"name\":\"Parduotuv\u0117\",\"item\":\"https:\\\/\\\/skaitytaknyga.lt\\\/knygu-parduotuve\\\/\"},{\"@type\":\"ListItem\",\"position\":3,\"name\":\"Bruce Berman \u201eKaip u\u017edirbti i\u0161 inovacij\u0173\u201c\"}]},{\"@type\":\"WebSite\",\"@id\":\"https:\\\/\\\/skaitytaknyga.lt\\\/#website\",\"url\":\"https:\\\/\\\/skaitytaknyga.lt\\\/\",\"name\":\"skaitytaknyga.lt\",\"description\":\"Skaitytaknyga.lt \u2013 tai ma\u017eas \u0161eimos verslas, kuris prasid\u0117jo nuo meil\u0117s knygoms ir siekio i\u0161gelb\u0117ti knygas nuo likimo prie konteinerio. Kas vienam nereikalingas daiktas \u2013 kitam lobis, o mes esame tarpininkai, kurie padeda abiems tapti laimingesniems ???? \u017dinome kaip nelengva i\u0161gyventi ma\u017eiems verslams, tad nuo \u0161iol, \u010dia rasite ir kit\u0173, ma\u017e\u0173 \u0161eim\u0173 versl\u0173, rank\u0173 darbo, dovan\u0173 sau ir artimiesiems.\",\"publisher\":{\"@id\":\"https:\\\/\\\/skaitytaknyga.lt\\\/#organization\"},\"potentialAction\":[{\"@type\":\"SearchAction\",\"target\":{\"@type\":\"EntryPoint\",\"urlTemplate\":\"https:\\\/\\\/skaitytaknyga.lt\\\/?s={search_term_string}\"},\"query-input\":{\"@type\":\"PropertyValueSpecification\",\"valueRequired\":true,\"valueName\":\"search_term_string\"}}],\"inLanguage\":\"en-GB\"},{\"@type\":\"Organization\",\"@id\":\"https:\\\/\\\/skaitytaknyga.lt\\\/#organization\",\"name\":\"skaitytaknyga.lt\",\"url\":\"https:\\\/\\\/skaitytaknyga.lt\\\/\",\"logo\":{\"@type\":\"ImageObject\",\"inLanguage\":\"en-GB\",\"@id\":\"https:\\\/\\\/skaitytaknyga.lt\\\/#\\\/schema\\\/logo\\\/image\\\/\",\"url\":\"https:\\\/\\\/skaitytaknyga.lt\\\/wp-content\\\/uploads\\\/2024\\\/05\\\/cropped-cropped-cropped-02_00843_jt3bggkj1j3HLc7SyY6rEUpg.jpeg\",\"contentUrl\":\"https:\\\/\\\/skaitytaknyga.lt\\\/wp-content\\\/uploads\\\/2024\\\/05\\\/cropped-cropped-cropped-02_00843_jt3bggkj1j3HLc7SyY6rEUpg.jpeg\",\"width\":1600,\"height\":1600,\"caption\":\"skaitytaknyga.lt\"},\"image\":{\"@id\":\"https:\\\/\\\/skaitytaknyga.lt\\\/#\\\/schema\\\/logo\\\/image\\\/\"},\"sameAs\":[\"https:\\\/\\\/www.facebook.com\\\/skaitytaknyga\\\/\"]}]}<\/script>\n<!-- \/ Yoast SEO plugin. -->","yoast_head_json":{"title":"Bruce Berman \u201eKaip u\u017edirbti i\u0161 inovacij\u0173\u201c - Skaitytaknyga","description":"Knygoje\u00a0\"Kaip u\u017edirbti i\u0161 inovacij\u0173\"\u00a0savo patirtimi dalijasi 10 geriausi\u0173 ir labiausiai patyrusi\u0173 patent\u0173 specialist\u0173 amerikie\u010di\u0173. Papasakoti savo istorijas juos \u012ftikino ir pripra\u0161\u0117 taip pat puikus intelektin\u0117s nuosavyb\u0117s, inovacij\u0173 bei patent\u0173 specialistas, keli\u0173 knyg\u0173 autorius Bruce'as Bermanas. Iki \u0161iol n\u0117ra kito leidinio, kuriame apie inovacijas b\u016bt\u0173 kalbama taip ry\u017etingai, \u012f\u017evalgiai, i\u0161 asmenin\u0117s patirties ir vartojant praktin\u0119 verslo kalb\u0105.Knyga skirta inovacijas diegian\u010di\u0173 ar dar tik planuojan\u010di\u0173 diegti \u012fmoni\u0173 vadovams, pavieniams i\u0161rad\u0117jams, visiems patent\u0173 ir preki\u0173 \u017eenkl\u0173 srityje dirbantiems specialistams.","robots":{"index":"index","follow":"follow","max-snippet":"max-snippet:-1","max-image-preview":"max-image-preview:large","max-video-preview":"max-video-preview:-1"},"canonical":"https:\/\/skaitytaknyga.lt\/en\/produktas\/bruce-berman-kaip-uzdirbti-is-inovaciju\/","og_locale":"en_GB","og_type":"article","og_title":"Bruce Berman \u201eKaip u\u017edirbti i\u0161 inovacij\u0173\u201c - Skaitytaknyga","og_description":"Knygoje\u00a0\"Kaip u\u017edirbti i\u0161 inovacij\u0173\"\u00a0savo patirtimi dalijasi 10 geriausi\u0173 ir labiausiai patyrusi\u0173 patent\u0173 specialist\u0173 amerikie\u010di\u0173. Papasakoti savo istorijas juos \u012ftikino ir pripra\u0161\u0117 taip pat puikus intelektin\u0117s nuosavyb\u0117s, inovacij\u0173 bei patent\u0173 specialistas, keli\u0173 knyg\u0173 autorius Bruce'as Bermanas. Iki \u0161iol n\u0117ra kito leidinio, kuriame apie inovacijas b\u016bt\u0173 kalbama taip ry\u017etingai, \u012f\u017evalgiai, i\u0161 asmenin\u0117s patirties ir vartojant praktin\u0119 verslo kalb\u0105.Knyga skirta inovacijas diegian\u010di\u0173 ar dar tik planuojan\u010di\u0173 diegti \u012fmoni\u0173 vadovams, pavieniams i\u0161rad\u0117jams, visiems patent\u0173 ir preki\u0173 \u017eenkl\u0173 srityje dirbantiems specialistams.","og_url":"https:\/\/skaitytaknyga.lt\/en\/produktas\/bruce-berman-kaip-uzdirbti-is-inovaciju\/","og_site_name":"Skaitytaknyga","article_publisher":"https:\/\/www.facebook.com\/skaitytaknyga\/","article_modified_time":"2025-07-22T12:52:40+00:00","og_image":[{"width":600,"height":890,"url":"https:\/\/skaitytaknyga.lt\/wp-content\/uploads\/2024\/05\/kaip-uzdirbti-is-inovaciju.jpg","type":"image\/jpeg"}],"twitter_card":"summary_large_image","schema":{"@context":"https:\/\/schema.org","@graph":[{"@type":"WebPage","@id":"https:\/\/skaitytaknyga.lt\/produktas\/bruce-berman-kaip-uzdirbti-is-inovaciju\/","url":"https:\/\/skaitytaknyga.lt\/produktas\/bruce-berman-kaip-uzdirbti-is-inovaciju\/","name":"Bruce Berman \u201eKaip u\u017edirbti i\u0161 inovacij\u0173\u201c - Skaitytaknyga","isPartOf":{"@id":"https:\/\/skaitytaknyga.lt\/#website"},"primaryImageOfPage":{"@id":"https:\/\/skaitytaknyga.lt\/produktas\/bruce-berman-kaip-uzdirbti-is-inovaciju\/#primaryimage"},"image":{"@id":"https:\/\/skaitytaknyga.lt\/produktas\/bruce-berman-kaip-uzdirbti-is-inovaciju\/#primaryimage"},"thumbnailUrl":"https:\/\/skaitytaknyga.lt\/wp-content\/uploads\/2024\/05\/kaip-uzdirbti-is-inovaciju.jpg","datePublished":"2024-05-04T17:57:02+00:00","dateModified":"2025-07-22T12:52:40+00:00","description":"Knygoje\u00a0\"Kaip u\u017edirbti i\u0161 inovacij\u0173\"\u00a0savo patirtimi dalijasi 10 geriausi\u0173 ir labiausiai patyrusi\u0173 patent\u0173 specialist\u0173 amerikie\u010di\u0173. Papasakoti savo istorijas juos \u012ftikino ir pripra\u0161\u0117 taip pat puikus intelektin\u0117s nuosavyb\u0117s, inovacij\u0173 bei patent\u0173 specialistas, keli\u0173 knyg\u0173 autorius Bruce'as Bermanas. Iki \u0161iol n\u0117ra kito leidinio, kuriame apie inovacijas b\u016bt\u0173 kalbama taip ry\u017etingai, \u012f\u017evalgiai, i\u0161 asmenin\u0117s patirties ir vartojant praktin\u0119 verslo kalb\u0105.Knyga skirta inovacijas diegian\u010di\u0173 ar dar tik planuojan\u010di\u0173 diegti \u012fmoni\u0173 vadovams, pavieniams i\u0161rad\u0117jams, visiems patent\u0173 ir preki\u0173 \u017eenkl\u0173 srityje dirbantiems specialistams.","breadcrumb":{"@id":"https:\/\/skaitytaknyga.lt\/produktas\/bruce-berman-kaip-uzdirbti-is-inovaciju\/#breadcrumb"},"inLanguage":"en-GB","potentialAction":[{"@type":"ReadAction","target":["https:\/\/skaitytaknyga.lt\/produktas\/bruce-berman-kaip-uzdirbti-is-inovaciju\/"]}]},{"@type":"ImageObject","inLanguage":"en-GB","@id":"https:\/\/skaitytaknyga.lt\/produktas\/bruce-berman-kaip-uzdirbti-is-inovaciju\/#primaryimage","url":"https:\/\/skaitytaknyga.lt\/wp-content\/uploads\/2024\/05\/kaip-uzdirbti-is-inovaciju.jpg","contentUrl":"https:\/\/skaitytaknyga.lt\/wp-content\/uploads\/2024\/05\/kaip-uzdirbti-is-inovaciju.jpg","width":600,"height":890},{"@type":"BreadcrumbList","@id":"https:\/\/skaitytaknyga.lt\/produktas\/bruce-berman-kaip-uzdirbti-is-inovaciju\/#breadcrumb","itemListElement":[{"@type":"ListItem","position":1,"name":"Home","item":"https:\/\/skaitytaknyga.lt\/"},{"@type":"ListItem","position":2,"name":"Parduotuv\u0117","item":"https:\/\/skaitytaknyga.lt\/knygu-parduotuve\/"},{"@type":"ListItem","position":3,"name":"Bruce Berman \u201eKaip u\u017edirbti i\u0161 inovacij\u0173\u201c"}]},{"@type":"WebSite","@id":"https:\/\/skaitytaknyga.lt\/#website","url":"https:\/\/skaitytaknyga.lt\/","name":"skaitytaknyga.lt","description":"Skaitytaknyga.lt \u2013 tai ma\u017eas \u0161eimos verslas, kuris prasid\u0117jo nuo meil\u0117s knygoms ir siekio i\u0161gelb\u0117ti knygas nuo likimo prie konteinerio. Kas vienam nereikalingas daiktas \u2013 kitam lobis, o mes esame tarpininkai, kurie padeda abiems tapti laimingesniems ???? \u017dinome kaip nelengva i\u0161gyventi ma\u017eiems verslams, tad nuo \u0161iol, \u010dia rasite ir kit\u0173, ma\u017e\u0173 \u0161eim\u0173 versl\u0173, rank\u0173 darbo, dovan\u0173 sau ir artimiesiems.","publisher":{"@id":"https:\/\/skaitytaknyga.lt\/#organization"},"potentialAction":[{"@type":"SearchAction","target":{"@type":"EntryPoint","urlTemplate":"https:\/\/skaitytaknyga.lt\/?s={search_term_string}"},"query-input":{"@type":"PropertyValueSpecification","valueRequired":true,"valueName":"search_term_string"}}],"inLanguage":"en-GB"},{"@type":"Organization","@id":"https:\/\/skaitytaknyga.lt\/#organization","name":"skaitytaknyga.lt","url":"https:\/\/skaitytaknyga.lt\/","logo":{"@type":"ImageObject","inLanguage":"en-GB","@id":"https:\/\/skaitytaknyga.lt\/#\/schema\/logo\/image\/","url":"https:\/\/skaitytaknyga.lt\/wp-content\/uploads\/2024\/05\/cropped-cropped-cropped-02_00843_jt3bggkj1j3HLc7SyY6rEUpg.jpeg","contentUrl":"https:\/\/skaitytaknyga.lt\/wp-content\/uploads\/2024\/05\/cropped-cropped-cropped-02_00843_jt3bggkj1j3HLc7SyY6rEUpg.jpeg","width":1600,"height":1600,"caption":"skaitytaknyga.lt"},"image":{"@id":"https:\/\/skaitytaknyga.lt\/#\/schema\/logo\/image\/"},"sameAs":["https:\/\/www.facebook.com\/skaitytaknyga\/"]}]}},"_links":{"self":[{"href":"https:\/\/skaitytaknyga.lt\/en\/wp-json\/wp\/v2\/product\/9746","targetHints":{"allow":["GET"]}}],"collection":[{"href":"https:\/\/skaitytaknyga.lt\/en\/wp-json\/wp\/v2\/product"}],"about":[{"href":"https:\/\/skaitytaknyga.lt\/en\/wp-json\/wp\/v2\/types\/product"}],"replies":[{"embeddable":true,"href":"https:\/\/skaitytaknyga.lt\/en\/wp-json\/wp\/v2\/comments?post=9746"}],"wp:featuredmedia":[{"embeddable":true,"href":"https:\/\/skaitytaknyga.lt\/en\/wp-json\/wp\/v2\/media\/9792"}],"wp:attachment":[{"href":"https:\/\/skaitytaknyga.lt\/en\/wp-json\/wp\/v2\/media?parent=9746"}],"wp:term":[{"taxonomy":"product_brand","embeddable":true,"href":"https:\/\/skaitytaknyga.lt\/en\/wp-json\/wp\/v2\/product_brand?post=9746"},{"taxonomy":"product_cat","embeddable":true,"href":"https:\/\/skaitytaknyga.lt\/en\/wp-json\/wp\/v2\/product_cat?post=9746"},{"taxonomy":"product_tag","embeddable":true,"href":"https:\/\/skaitytaknyga.lt\/en\/wp-json\/wp\/v2\/product_tag?post=9746"}],"curies":[{"name":"wp","href":"https:\/\/api.w.org\/{rel}","templated":true}]}}