{"id":9733,"date":"2024-05-04T17:56:38","date_gmt":"2024-05-04T17:56:38","guid":{"rendered":"https:\/\/skaitytaknyga.lt\/?post_type=product&#038;p=9733"},"modified":"2026-03-05T11:59:19","modified_gmt":"2026-03-05T09:59:19","slug":"sandra-brown-avarinis-nusileidimas","status":"publish","type":"product","link":"https:\/\/skaitytaknyga.lt\/en\/produktas\/sandra-brown-avarinis-nusileidimas\/","title":{"rendered":"Sandra Brown \u201eAvarinis nusileidimas\u201c"},"content":{"rendered":"<p><b>Sandra Brown<\/b>, gausyb\u0117s bestseleri\u0173 autor\u0117, savo skaitytojams atiduoda roman\u0105\u00a0<b>\u201eAvarinis nusileidimas\u201c<\/b>, dar vien\u0105 kvap\u0105 gniau\u017eant\u012f romantin\u012f triler\u012f apie su laiku lenktyniaujant\u012f nutr\u016bktgalv\u012f pilot\u0105.<\/p>\n<p>Rye Mallettas, bebaimis krovininio l\u0117ktuvo pilotas, skraidinantis siuntas ilgais atstumais, yra grubus, nevengia a\u0161tresnio \u017eod\u017eio, retai skutasi, beveik niekada nedaro privalomo a\u0161tuoni\u0173 valand\u0173 poilsio pauz\u0117s tarp skryd\u017ei\u0173. Tod\u0117l ir turi ypatingai patikimo \u017emogaus reputacij\u0105 \u2013 jis skris bet kokio oro s\u0105lygomis, dien\u0105 ar nakt\u012f, ir saugiai pristatys jam patik\u0117tus krovinius. Tod\u0117l, kai \u201eAvarinio nusileidimo\u201c herojaus pra\u0161o nuskristi \u012f tir\u0161to r\u016bko u\u017eklot\u0105 miest\u0105 ir atiduoti paslapting\u0105 krovin\u012f daktarui Lambert, jis nieko neklausia. Tik padidina skryd\u017eio kain\u0105.<\/p>\n<p>Bet priart\u0117jus prie tikslo, Rye Mallettas supranta, kad ne r\u016bkas kelia did\u017eiausi\u0105 pavoj\u0173 \u2013 ka\u017ekoks piktavalis kenkia i\u0161 skryd\u017ei\u0173 valdymo bok\u0161to. Po sabota\u017eo akto jis per plauk\u0105 lieka gyvas po sunkaus nusileidimo. Ir tai dar ne viskas \u2013 \u017eem\u0117je j\u012f pasitinka daktar\u0117 Brynn O&#8217;Neal, teigianti, kad vietoj Lamberto ji privalo atsiimti siuntin\u012f. Nors Mallettas laikosi nesiki\u0161imo \u012f svetimus reikalus politikos, \u0161\u012f kart\u0105 intrigos d\u0117l paslaptingojo siuntinio priver\u010dia atsisakyti princip\u0173. Na, ne tik d\u0117l siuntinio \u2013 piloto susidom\u0117jim\u0105 skatina ir \u017eavinga mokslinink\u0117 Brynn.<\/p>\n<p>\u0160itaip Rye ir Brynn patenka \u012f klastingas 48-i\u0173 valand\u0173 lenktynes su laiku. Valandos b\u0117ga, herojus persekioja visi \u2013 nuo vyriausybini\u0173 organizacij\u0173 iki samdom\u0173 \u017eudik\u0173. Verting\u0105 krovin\u012f b\u016btina i\u0161saugoti bei patiems likti gyviems \u2013 tereikia, jei \u012fmanoma, pasitik\u0117ti vienas kitu.<\/p>\n<p>Sandros Brown \u201eAvarinis nusileidimas\u201c yra naujausias produktyvios ra\u0161ytojos romanas, JAV i\u0161leistas 2018-ais metais. Sandros Brown k\u016brybos gerb\u0117jai \u017eino, kad prad\u0117jus skaityti jos knygas, nedelsiant patenkama \u012f puikaus stiliaus, turting\u0173 charakteri\u0173 ir humoro aplink\u0105. \u201eAvarinis nusileidimas\u201c n\u0117ra i\u0161imtis \u2013 istorija pasakojama idealiu tempu, charizmatiniai herojai savo dialogais virtuozi\u0161kai augina romantin\u0119 teksto \u012ftamp\u0105, o nesuskai\u010diuojami siu\u017eeto pos\u016bkiai pritrenkia skaitytojus tomis akimirkomis, kai jie ma\u017eiausiai to laukia. Antro plano veik\u0117jai \u2013 ir teigiami, ir neigiami \u2013 yra nepaprastai i\u0161rai\u0161kingi, suteikiantys romanui papildom\u0173 spalv\u0173 ir gyl\u012f.<\/p>\n<p>Taigi, jei pasiilgote romantin\u0117s istorijos ir \u012ftempto trilerio, Sandros Brown \u201eAvarinis nusileidimas\u201c yra privalomas skaitinys.<\/p>\n","protected":false},"excerpt":{"rendered":"<p>Sandra Brown, gausyb\u0117s bestseleri\u0173 autor\u0117, savo skaitytojams atiduoda roman\u0105\u00a0\u201eAvarinis nusileidimas\u201c, dar vien\u0105 kvap\u0105 gniau\u017eant\u012f romantin\u012f triler\u012f apie su laiku lenktyniaujant\u012f nutr\u016bktgalv\u012f pilot\u0105. Rye Mallettas, bebaimis krovininio l\u0117ktuvo pilotas, skraidinantis siuntas ilgais atstumais, yra grubus, nevengia a\u0161tresnio \u017eod\u017eio, retai skutasi, beveik niekada nedaro privalomo a\u0161tuoni\u0173 valand\u0173 poilsio pauz\u0117s tarp skryd\u017ei\u0173. Tod\u0117l ir turi ypatingai patikimo \u017emogaus reputacij\u0105 \u2013 jis skris bet kokio oro s\u0105lygomis, dien\u0105 ar nakt\u012f, ir saugiai pristatys jam patik\u0117tus krovinius. Tod\u0117l, kai \u201eAvarinio nusileidimo\u201c herojaus pra\u0161o nuskristi \u012f tir\u0161to r\u016bko u\u017eklot\u0105 miest\u0105 ir atiduoti paslapting\u0105 krovin\u012f daktarui Lambert, jis nieko neklausia. Tik padidina skryd\u017eio kain\u0105. Bet priart\u0117jus prie tikslo, Rye Mallettas supranta, kad ne r\u016bkas kelia did\u017eiausi\u0105 pavoj\u0173 \u2013 ka\u017ekoks piktavalis kenkia i\u0161 skryd\u017ei\u0173 valdymo bok\u0161to. Po sabota\u017eo akto jis per plauk\u0105 lieka gyvas po sunkaus nusileidimo. Ir tai dar ne viskas \u2013 \u017eem\u0117je j\u012f pasitinka daktar\u0117 Brynn O&#8217;Neal, teigianti, kad vietoj Lamberto ji privalo atsiimti siuntin\u012f. Nors Mallettas laikosi nesiki\u0161imo \u012f svetimus reikalus politikos, \u0161\u012f kart\u0105 intrigos d\u0117l paslaptingojo siuntinio priver\u010dia atsisakyti princip\u0173. Na, ne tik d\u0117l siuntinio \u2013 piloto susidom\u0117jim\u0105 skatina ir \u017eavinga mokslinink\u0117 Brynn. \u0160itaip Rye ir Brynn patenka \u012f klastingas 48-i\u0173 valand\u0173 lenktynes su laiku. Valandos b\u0117ga, herojus persekioja visi \u2013 nuo vyriausybini\u0173 organizacij\u0173 iki samdom\u0173 \u017eudik\u0173. Verting\u0105 krovin\u012f b\u016btina i\u0161saugoti bei patiems likti gyviems \u2013 tereikia, jei \u012fmanoma, pasitik\u0117ti vienas kitu. Sandros Brown \u201eAvarinis nusileidimas\u201c yra naujausias produktyvios ra\u0161ytojos romanas, JAV i\u0161leistas 2018-ais metais. Sandros Brown k\u016brybos gerb\u0117jai \u017eino, kad prad\u0117jus skaityti jos knygas, nedelsiant patenkama \u012f puikaus stiliaus, turting\u0173 charakteri\u0173 ir humoro aplink\u0105. \u201eAvarinis nusileidimas\u201c n\u0117ra i\u0161imtis \u2013 istorija pasakojama idealiu tempu, charizmatiniai herojai savo dialogais virtuozi\u0161kai augina romantin\u0119 teksto \u012ftamp\u0105, o nesuskai\u010diuojami siu\u017eeto pos\u016bkiai pritrenkia skaitytojus tomis akimirkomis, kai jie ma\u017eiausiai to laukia. Antro plano veik\u0117jai \u2013 ir teigiami, ir neigiami \u2013 yra nepaprastai i\u0161rai\u0161kingi, suteikiantys romanui papildom\u0173 spalv\u0173 ir gyl\u012f. Taigi, jei pasiilgote romantin\u0117s istorijos ir \u012ftempto trilerio, Sandros Brown \u201eAvarinis nusileidimas\u201c yra privalomas skaitinys.<\/p>\n","protected":false},"featured_media":12994,"comment_status":"closed","ping_status":"closed","template":"","meta":{"_acf_changed":false,"site-sidebar-layout":"default","site-content-layout":"","ast-site-content-layout":"default","site-content-style":"default","site-sidebar-style":"default","ast-global-header-display":"","ast-banner-title-visibility":"","ast-main-header-display":"","ast-hfb-above-header-display":"","ast-hfb-below-header-display":"","ast-hfb-mobile-header-display":"","site-post-title":"","ast-breadcrumbs-content":"","ast-featured-img":"","footer-sml-layout":"","ast-disable-related-posts":"","theme-transparent-header-meta":"default","adv-header-id-meta":"","stick-header-meta":"","header-above-stick-meta":"","header-main-stick-meta":"","header-below-stick-meta":"","astra-migrate-meta-layouts":"set","ast-page-background-enabled":"default","ast-page-background-meta":{"desktop":{"background-color":"","background-image":"","background-repeat":"repeat","background-position":"center center","background-size":"auto","background-attachment":"scroll","background-type":"","background-media":"","overlay-type":"","overlay-color":"","overlay-opacity":"","overlay-gradient":""},"tablet":{"background-color":"","background-image":"","background-repeat":"repeat","background-position":"center center","background-size":"auto","background-attachment":"scroll","background-type":"","background-media":"","overlay-type":"","overlay-color":"","overlay-opacity":"","overlay-gradient":""},"mobile":{"background-color":"","background-image":"","background-repeat":"repeat","background-position":"center center","background-size":"auto","background-attachment":"scroll","background-type":"","background-media":"","overlay-type":"","overlay-color":"","overlay-opacity":"","overlay-gradient":""}},"ast-content-background-meta":{"desktop":{"background-color":"var(--ast-global-color-4)","background-image":"","background-repeat":"repeat","background-position":"center center","background-size":"auto","background-attachment":"scroll","background-type":"","background-media":"","overlay-type":"","overlay-color":"","overlay-opacity":"","overlay-gradient":""},"tablet":{"background-color":"var(--ast-global-color-4)","background-image":"","background-repeat":"repeat","background-position":"center center","background-size":"auto","background-attachment":"scroll","background-type":"","background-media":"","overlay-type":"","overlay-color":"","overlay-opacity":"","overlay-gradient":""},"mobile":{"background-color":"var(--ast-global-color-4)","background-image":"","background-repeat":"repeat","background-position":"center center","background-size":"auto","background-attachment":"scroll","background-type":"","background-media":"","overlay-type":"","overlay-color":"","overlay-opacity":"","overlay-gradient":""}}},"product_brand":[],"product_cat":[9581],"product_tag":[6649],"class_list":{"0":"post-9733","1":"product","2":"type-product","3":"status-publish","4":"has-post-thumbnail","6":"product_cat-kriminaliniai-romanai","7":"product_tag-sandra-brown","8":"desktop-align-left","9":"tablet-align-left","10":"mobile-align-left","12":"first","13":"outofstock","14":"shipping-taxable","15":"purchasable","16":"product-type-simple"},"acf":[],"yoast_head":"<!-- This site is optimized with the Yoast SEO plugin v27.0 - https:\/\/yoast.com\/product\/yoast-seo-wordpress\/ -->\n<title>Sandra Brown \u201eAvarinis nusileidimas\u201c<\/title>\n<meta name=\"description\" content=\"\u201eAvarinis nusileidimas\u201c, dar vien\u0105 kvap\u0105 gniau\u017eant\u012f romantin\u012f triler\u012f apie su laiku lenktyniaujant\u012f nutr\u016bktgalv\u012f pilot\u0105.\" \/>\n<meta name=\"robots\" content=\"index, follow, max-snippet:-1, max-image-preview:large, max-video-preview:-1\" \/>\n<link rel=\"canonical\" href=\"https:\/\/skaitytaknyga.lt\/en\/produktas\/sandra-brown-avarinis-nusileidimas\/\" \/>\n<meta property=\"og:locale\" content=\"en_GB\" \/>\n<meta property=\"og:locale:alternate\" content=\"lt_LT\" \/>\n<meta property=\"og:type\" content=\"article\" \/>\n<meta property=\"og:title\" content=\"Sandra Brown \u201eAvarinis nusileidimas\u201c\" \/>\n<meta property=\"og:description\" content=\"\u201eAvarinis nusileidimas\u201c, dar vien\u0105 kvap\u0105 gniau\u017eant\u012f romantin\u012f triler\u012f apie su laiku lenktyniaujant\u012f nutr\u016bktgalv\u012f pilot\u0105.\" \/>\n<meta property=\"og:url\" content=\"https:\/\/skaitytaknyga.lt\/en\/produktas\/sandra-brown-avarinis-nusileidimas\/\" \/>\n<meta property=\"og:site_name\" content=\"Skaitytaknyga\" \/>\n<meta property=\"article:publisher\" content=\"https:\/\/www.facebook.com\/skaitytaknyga\/\" \/>\n<meta property=\"article:modified_time\" content=\"2026-03-05T09:59:19+00:00\" \/>\n<meta property=\"og:image\" content=\"https:\/\/skaitytaknyga.lt\/wp-content\/uploads\/2024\/05\/1570604047_000000000001111779-5d972819664c0-asset-knyguklubas-avarinis-nusileidimas.webp\" \/>\n\t<meta property=\"og:image:width\" content=\"366\" \/>\n\t<meta property=\"og:image:height\" content=\"600\" \/>\n\t<meta property=\"og:image:type\" content=\"image\/webp\" \/>\n<meta name=\"twitter:card\" content=\"summary_large_image\" \/>\n<meta name=\"twitter:label1\" content=\"Estimated reading time\" \/>\n\t<meta name=\"twitter:data1\" content=\"2 minutes\" \/>\n<script type=\"application\/ld+json\" class=\"yoast-schema-graph\">{\"@context\":\"https:\/\/schema.org\",\"@graph\":[{\"@type\":\"WebPage\",\"@id\":\"https:\/\/skaitytaknyga.lt\/produktas\/sandra-brown-avarinis-nusileidimas\/\",\"url\":\"https:\/\/skaitytaknyga.lt\/produktas\/sandra-brown-avarinis-nusileidimas\/\",\"name\":\"Sandra Brown \u201eAvarinis nusileidimas\u201c\",\"isPartOf\":{\"@id\":\"https:\/\/skaitytaknyga.lt\/#website\"},\"primaryImageOfPage\":{\"@id\":\"https:\/\/skaitytaknyga.lt\/produktas\/sandra-brown-avarinis-nusileidimas\/#primaryimage\"},\"image\":{\"@id\":\"https:\/\/skaitytaknyga.lt\/produktas\/sandra-brown-avarinis-nusileidimas\/#primaryimage\"},\"thumbnailUrl\":\"https:\/\/skaitytaknyga.lt\/wp-content\/uploads\/2024\/05\/1570604047_000000000001111779-5d972819664c0-asset-knyguklubas-avarinis-nusileidimas.webp\",\"datePublished\":\"2024-05-04T17:56:38+00:00\",\"dateModified\":\"2026-03-05T09:59:19+00:00\",\"description\":\"\u201eAvarinis nusileidimas\u201c, dar vien\u0105 kvap\u0105 gniau\u017eant\u012f romantin\u012f triler\u012f apie su laiku lenktyniaujant\u012f nutr\u016bktgalv\u012f pilot\u0105.\",\"breadcrumb\":{\"@id\":\"https:\/\/skaitytaknyga.lt\/produktas\/sandra-brown-avarinis-nusileidimas\/#breadcrumb\"},\"inLanguage\":\"en-GB\",\"potentialAction\":[{\"@type\":\"ReadAction\",\"target\":[\"https:\/\/skaitytaknyga.lt\/produktas\/sandra-brown-avarinis-nusileidimas\/\"]}]},{\"@type\":\"ImageObject\",\"inLanguage\":\"en-GB\",\"@id\":\"https:\/\/skaitytaknyga.lt\/produktas\/sandra-brown-avarinis-nusileidimas\/#primaryimage\",\"url\":\"https:\/\/skaitytaknyga.lt\/wp-content\/uploads\/2024\/05\/1570604047_000000000001111779-5d972819664c0-asset-knyguklubas-avarinis-nusileidimas.webp\",\"contentUrl\":\"https:\/\/skaitytaknyga.lt\/wp-content\/uploads\/2024\/05\/1570604047_000000000001111779-5d972819664c0-asset-knyguklubas-avarinis-nusileidimas.webp\",\"width\":366,\"height\":600,\"caption\":\"avarinis nusileidimas\"},{\"@type\":\"BreadcrumbList\",\"@id\":\"https:\/\/skaitytaknyga.lt\/produktas\/sandra-brown-avarinis-nusileidimas\/#breadcrumb\",\"itemListElement\":[{\"@type\":\"ListItem\",\"position\":1,\"name\":\"Home\",\"item\":\"https:\/\/skaitytaknyga.lt\/\"},{\"@type\":\"ListItem\",\"position\":2,\"name\":\"Parduotuv\u0117\",\"item\":\"https:\/\/skaitytaknyga.lt\/knygu-parduotuve\/\"},{\"@type\":\"ListItem\",\"position\":3,\"name\":\"Sandra Brown \u201eAvarinis nusileidimas\u201c\"}]},{\"@type\":\"WebSite\",\"@id\":\"https:\/\/skaitytaknyga.lt\/#website\",\"url\":\"https:\/\/skaitytaknyga.lt\/\",\"name\":\"skaitytaknyga.lt\",\"description\":\"Skaitytaknyga.lt \u2013 tai ma\u017eas \u0161eimos verslas, kuris prasid\u0117jo nuo meil\u0117s knygoms ir siekio i\u0161gelb\u0117ti knygas nuo likimo prie konteinerio. Kas vienam nereikalingas daiktas \u2013 kitam lobis, o mes esame tarpininkai, kurie padeda abiems tapti laimingesniems ???? \u017dinome kaip nelengva i\u0161gyventi ma\u017eiems verslams, tad nuo \u0161iol, \u010dia rasite ir kit\u0173, ma\u017e\u0173 \u0161eim\u0173 versl\u0173, rank\u0173 darbo, dovan\u0173 sau ir artimiesiems.\",\"publisher\":{\"@id\":\"https:\/\/skaitytaknyga.lt\/#organization\"},\"potentialAction\":[{\"@type\":\"SearchAction\",\"target\":{\"@type\":\"EntryPoint\",\"urlTemplate\":\"https:\/\/skaitytaknyga.lt\/?s={search_term_string}\"},\"query-input\":{\"@type\":\"PropertyValueSpecification\",\"valueRequired\":true,\"valueName\":\"search_term_string\"}}],\"inLanguage\":\"en-GB\"},{\"@type\":\"Organization\",\"@id\":\"https:\/\/skaitytaknyga.lt\/#organization\",\"name\":\"skaitytaknyga.lt\",\"url\":\"https:\/\/skaitytaknyga.lt\/\",\"logo\":{\"@type\":\"ImageObject\",\"inLanguage\":\"en-GB\",\"@id\":\"https:\/\/skaitytaknyga.lt\/#\/schema\/logo\/image\/\",\"url\":\"https:\/\/skaitytaknyga.lt\/wp-content\/uploads\/2024\/05\/cropped-cropped-cropped-02_00843_jt3bggkj1j3HLc7SyY6rEUpg.jpeg\",\"contentUrl\":\"https:\/\/skaitytaknyga.lt\/wp-content\/uploads\/2024\/05\/cropped-cropped-cropped-02_00843_jt3bggkj1j3HLc7SyY6rEUpg.jpeg\",\"width\":1600,\"height\":1600,\"caption\":\"skaitytaknyga.lt\"},\"image\":{\"@id\":\"https:\/\/skaitytaknyga.lt\/#\/schema\/logo\/image\/\"},\"sameAs\":[\"https:\/\/www.facebook.com\/skaitytaknyga\/\"]}]}<\/script>\n<!-- \/ Yoast SEO plugin. -->","yoast_head_json":{"title":"Sandra Brown \u201eAvarinis nusileidimas\u201c","description":"\u201eAvarinis nusileidimas\u201c, dar vien\u0105 kvap\u0105 gniau\u017eant\u012f romantin\u012f triler\u012f apie su laiku lenktyniaujant\u012f nutr\u016bktgalv\u012f pilot\u0105.","robots":{"index":"index","follow":"follow","max-snippet":"max-snippet:-1","max-image-preview":"max-image-preview:large","max-video-preview":"max-video-preview:-1"},"canonical":"https:\/\/skaitytaknyga.lt\/en\/produktas\/sandra-brown-avarinis-nusileidimas\/","og_locale":"en_GB","og_type":"article","og_title":"[:lt]Sandra Brown \u201eAvarinis nusileidimas\u201c[:] - Skaitytaknyga","og_description":"\u201eAvarinis nusileidimas\u201c, dar vien\u0105 kvap\u0105 gniau\u017eant\u012f romantin\u012f triler\u012f apie su laiku lenktyniaujant\u012f nutr\u016bktgalv\u012f pilot\u0105.","og_url":"https:\/\/skaitytaknyga.lt\/en\/produktas\/sandra-brown-avarinis-nusileidimas\/","og_site_name":"Skaitytaknyga","article_publisher":"https:\/\/www.facebook.com\/skaitytaknyga\/","article_modified_time":"2026-03-05T09:59:19+00:00","og_image":[{"width":366,"height":600,"url":"https:\/\/skaitytaknyga.lt\/wp-content\/uploads\/2024\/05\/1570604047_000000000001111779-5d972819664c0-asset-knyguklubas-avarinis-nusileidimas.webp","type":"image\/webp"}],"twitter_card":"summary_large_image","twitter_misc":{"Estimated reading time":"2 minutes"},"schema":{"@context":"https:\/\/schema.org","@graph":[{"@type":"WebPage","@id":"https:\/\/skaitytaknyga.lt\/produktas\/sandra-brown-avarinis-nusileidimas\/","url":"https:\/\/skaitytaknyga.lt\/produktas\/sandra-brown-avarinis-nusileidimas\/","name":"Sandra Brown \u201eAvarinis nusileidimas\u201c","isPartOf":{"@id":"https:\/\/skaitytaknyga.lt\/#website"},"primaryImageOfPage":{"@id":"https:\/\/skaitytaknyga.lt\/produktas\/sandra-brown-avarinis-nusileidimas\/#primaryimage"},"image":{"@id":"https:\/\/skaitytaknyga.lt\/produktas\/sandra-brown-avarinis-nusileidimas\/#primaryimage"},"thumbnailUrl":"https:\/\/skaitytaknyga.lt\/wp-content\/uploads\/2024\/05\/1570604047_000000000001111779-5d972819664c0-asset-knyguklubas-avarinis-nusileidimas.webp","datePublished":"2024-05-04T17:56:38+00:00","dateModified":"2026-03-05T09:59:19+00:00","description":"\u201eAvarinis nusileidimas\u201c, dar vien\u0105 kvap\u0105 gniau\u017eant\u012f romantin\u012f triler\u012f apie su laiku lenktyniaujant\u012f nutr\u016bktgalv\u012f pilot\u0105.","breadcrumb":{"@id":"https:\/\/skaitytaknyga.lt\/produktas\/sandra-brown-avarinis-nusileidimas\/#breadcrumb"},"inLanguage":"en-GB","potentialAction":[{"@type":"ReadAction","target":["https:\/\/skaitytaknyga.lt\/produktas\/sandra-brown-avarinis-nusileidimas\/"]}]},{"@type":"ImageObject","inLanguage":"en-GB","@id":"https:\/\/skaitytaknyga.lt\/produktas\/sandra-brown-avarinis-nusileidimas\/#primaryimage","url":"https:\/\/skaitytaknyga.lt\/wp-content\/uploads\/2024\/05\/1570604047_000000000001111779-5d972819664c0-asset-knyguklubas-avarinis-nusileidimas.webp","contentUrl":"https:\/\/skaitytaknyga.lt\/wp-content\/uploads\/2024\/05\/1570604047_000000000001111779-5d972819664c0-asset-knyguklubas-avarinis-nusileidimas.webp","width":366,"height":600,"caption":"avarinis nusileidimas"},{"@type":"BreadcrumbList","@id":"https:\/\/skaitytaknyga.lt\/produktas\/sandra-brown-avarinis-nusileidimas\/#breadcrumb","itemListElement":[{"@type":"ListItem","position":1,"name":"Home","item":"https:\/\/skaitytaknyga.lt\/"},{"@type":"ListItem","position":2,"name":"Parduotuv\u0117","item":"https:\/\/skaitytaknyga.lt\/knygu-parduotuve\/"},{"@type":"ListItem","position":3,"name":"Sandra Brown \u201eAvarinis nusileidimas\u201c"}]},{"@type":"WebSite","@id":"https:\/\/skaitytaknyga.lt\/#website","url":"https:\/\/skaitytaknyga.lt\/","name":"skaitytaknyga.lt","description":"Skaitytaknyga.lt \u2013 tai ma\u017eas \u0161eimos verslas, kuris prasid\u0117jo nuo meil\u0117s knygoms ir siekio i\u0161gelb\u0117ti knygas nuo likimo prie konteinerio. Kas vienam nereikalingas daiktas \u2013 kitam lobis, o mes esame tarpininkai, kurie padeda abiems tapti laimingesniems ???? \u017dinome kaip nelengva i\u0161gyventi ma\u017eiems verslams, tad nuo \u0161iol, \u010dia rasite ir kit\u0173, ma\u017e\u0173 \u0161eim\u0173 versl\u0173, rank\u0173 darbo, dovan\u0173 sau ir artimiesiems.","publisher":{"@id":"https:\/\/skaitytaknyga.lt\/#organization"},"potentialAction":[{"@type":"SearchAction","target":{"@type":"EntryPoint","urlTemplate":"https:\/\/skaitytaknyga.lt\/?s={search_term_string}"},"query-input":{"@type":"PropertyValueSpecification","valueRequired":true,"valueName":"search_term_string"}}],"inLanguage":"en-GB"},{"@type":"Organization","@id":"https:\/\/skaitytaknyga.lt\/#organization","name":"skaitytaknyga.lt","url":"https:\/\/skaitytaknyga.lt\/","logo":{"@type":"ImageObject","inLanguage":"en-GB","@id":"https:\/\/skaitytaknyga.lt\/#\/schema\/logo\/image\/","url":"https:\/\/skaitytaknyga.lt\/wp-content\/uploads\/2024\/05\/cropped-cropped-cropped-02_00843_jt3bggkj1j3HLc7SyY6rEUpg.jpeg","contentUrl":"https:\/\/skaitytaknyga.lt\/wp-content\/uploads\/2024\/05\/cropped-cropped-cropped-02_00843_jt3bggkj1j3HLc7SyY6rEUpg.jpeg","width":1600,"height":1600,"caption":"skaitytaknyga.lt"},"image":{"@id":"https:\/\/skaitytaknyga.lt\/#\/schema\/logo\/image\/"},"sameAs":["https:\/\/www.facebook.com\/skaitytaknyga\/"]}]}},"_links":{"self":[{"href":"https:\/\/skaitytaknyga.lt\/en\/wp-json\/wp\/v2\/product\/9733","targetHints":{"allow":["GET"]}}],"collection":[{"href":"https:\/\/skaitytaknyga.lt\/en\/wp-json\/wp\/v2\/product"}],"about":[{"href":"https:\/\/skaitytaknyga.lt\/en\/wp-json\/wp\/v2\/types\/product"}],"replies":[{"embeddable":true,"href":"https:\/\/skaitytaknyga.lt\/en\/wp-json\/wp\/v2\/comments?post=9733"}],"wp:featuredmedia":[{"embeddable":true,"href":"https:\/\/skaitytaknyga.lt\/en\/wp-json\/wp\/v2\/media\/12994"}],"wp:attachment":[{"href":"https:\/\/skaitytaknyga.lt\/en\/wp-json\/wp\/v2\/media?parent=9733"}],"wp:term":[{"taxonomy":"product_brand","embeddable":true,"href":"https:\/\/skaitytaknyga.lt\/en\/wp-json\/wp\/v2\/product_brand?post=9733"},{"taxonomy":"product_cat","embeddable":true,"href":"https:\/\/skaitytaknyga.lt\/en\/wp-json\/wp\/v2\/product_cat?post=9733"},{"taxonomy":"product_tag","embeddable":true,"href":"https:\/\/skaitytaknyga.lt\/en\/wp-json\/wp\/v2\/product_tag?post=9733"}],"curies":[{"name":"wp","href":"https:\/\/api.w.org\/{rel}","templated":true}]}}