{"id":9732,"date":"2024-05-04T17:56:37","date_gmt":"2024-05-04T17:56:37","guid":{"rendered":"https:\/\/skaitytaknyga.lt\/?post_type=product&#038;p=9732"},"modified":"2026-03-05T15:29:00","modified_gmt":"2026-03-05T13:29:00","slug":"ken-follett-baltoji-baime","status":"publish","type":"product","link":"https:\/\/skaitytaknyga.lt\/en\/produktas\/ken-follett-baltoji-baime\/","title":{"rendered":"Baltoji baim\u0117"},"content":{"rendered":"<div>Slapta vyriausybin\u0117 laboratorija apvogta! Moderniausia signalizacijos sistema d\u0117l ne\u017einom\u0173 prie\u017eas\u010di\u0173 nesuveik\u0117. Mokslininkas, k\u016br\u0119s vakcin\u0105 nuo paslaptingo viruso, \u017euv\u0119s. Mirtinas virusas ding\u0119s. Kas \u012fvykd\u0117 nusikaltim\u0105? D\u0117l koki\u0173 prie\u017eas\u010di\u0173 t\u016bkstan\u010diams \u017emoni\u0173 i\u0161kilo pavojus? Tyrim\u0105 pradeda tyrim\u0173 centro saugos grup\u0117s vir\u0161inink\u0117 Ton\u0117 Galo. Kol kas vienintel\u0117 jos viltis \u2013 p\u016bga, kuri bent kuriam laikui tur\u0117t\u0173 sustabdyti nusikalt\u0117lius&#8230;<\/div>\n<div>\u012esisiaut\u0117jus p\u016bgai i\u0161 vietos negali pajud\u0117ti ne tik besislapstantys nusikalt\u0117liai, bet ir tyrim\u0173 centro direktoriaus vaikai, atvyk\u0119 \u0161v\u0119sti Kal\u0117d\u0173 ir sulauk\u0119 netik\u0117tos draugijos. Sav\u0173 r\u016bpes\u010di\u0173 turi ir vietos televizijos reporteris, bet kokia kaina siekiantis pakilti karjeros laipteliais. Emocijos kaista, a\u0161tr\u0117ja slaptos kovos, viena po kitos atskleid\u017eiamos \u0161iurpios paslaptys&#8230;<\/div>\n","protected":false},"excerpt":{"rendered":"<div>Slapta vyriausybin\u0117 laboratorija apvogta! Moderniausia signalizacijos sistema d\u0117l ne\u017einom\u0173 prie\u017eas\u010di\u0173 nesuveik\u0117. Mokslininkas, k\u016br\u0119s vakcin\u0105 nuo paslaptingo viruso, \u017euv\u0119s. Mirtinas virusas ding\u0119s. Kas \u012fvykd\u0117 nusikaltim\u0105? D\u0117l koki\u0173 prie\u017eas\u010di\u0173 t\u016bkstan\u010diams \u017emoni\u0173 i\u0161kilo pavojus? Tyrim\u0105 pradeda tyrim\u0173 centro saugos grup\u0117s vir\u0161inink\u0117 Ton\u0117 Galo. Kol kas vienintel\u0117 jos viltis \u2013 p\u016bga, kuri bent kuriam laikui tur\u0117t\u0173 sustabdyti nusikalt\u0117lius&#8230;<\/div>\n<div>\u012esisiaut\u0117jus p\u016bgai i\u0161 vietos negali pajud\u0117ti ne tik besislapstantys nusikalt\u0117liai, bet ir tyrim\u0173 centro direktoriaus vaikai, atvyk\u0119 \u0161v\u0119sti Kal\u0117d\u0173 ir sulauk\u0119 netik\u0117tos draugijos. Sav\u0173 r\u016bpes\u010di\u0173 turi ir vietos televizijos reporteris, bet kokia kaina siekiantis pakilti karjeros laipteliais. Emocijos kaista, a\u0161tr\u0117ja slaptos kovos, viena po kitos atskleid\u017eiamos \u0161iurpios paslaptys&#8230;<\/div>\n","protected":false},"featured_media":9782,"comment_status":"closed","ping_status":"closed","template":"","meta":{"_acf_changed":false,"site-sidebar-layout":"default","site-content-layout":"","ast-site-content-layout":"default","site-content-style":"default","site-sidebar-style":"default","ast-global-header-display":"","ast-banner-title-visibility":"","ast-main-header-display":"","ast-hfb-above-header-display":"","ast-hfb-below-header-display":"","ast-hfb-mobile-header-display":"","site-post-title":"","ast-breadcrumbs-content":"","ast-featured-img":"","footer-sml-layout":"","ast-disable-related-posts":"","theme-transparent-header-meta":"","adv-header-id-meta":"","stick-header-meta":"","header-above-stick-meta":"","header-main-stick-meta":"","header-below-stick-meta":"","astra-migrate-meta-layouts":"default","ast-page-background-enabled":"default","ast-page-background-meta":{"desktop":{"background-color":"","background-image":"","background-repeat":"repeat","background-position":"center center","background-size":"auto","background-attachment":"scroll","background-type":"","background-media":"","overlay-type":"","overlay-color":"","overlay-opacity":"","overlay-gradient":""},"tablet":{"background-color":"","background-image":"","background-repeat":"repeat","background-position":"center center","background-size":"auto","background-attachment":"scroll","background-type":"","background-media":"","overlay-type":"","overlay-color":"","overlay-opacity":"","overlay-gradient":""},"mobile":{"background-color":"","background-image":"","background-repeat":"repeat","background-position":"center center","background-size":"auto","background-attachment":"scroll","background-type":"","background-media":"","overlay-type":"","overlay-color":"","overlay-opacity":"","overlay-gradient":""}},"ast-content-background-meta":{"desktop":{"background-color":"var(--ast-global-color-4)","background-image":"","background-repeat":"repeat","background-position":"center center","background-size":"auto","background-attachment":"scroll","background-type":"","background-media":"","overlay-type":"","overlay-color":"","overlay-opacity":"","overlay-gradient":""},"tablet":{"background-color":"var(--ast-global-color-4)","background-image":"","background-repeat":"repeat","background-position":"center center","background-size":"auto","background-attachment":"scroll","background-type":"","background-media":"","overlay-type":"","overlay-color":"","overlay-opacity":"","overlay-gradient":""},"mobile":{"background-color":"var(--ast-global-color-4)","background-image":"","background-repeat":"repeat","background-position":"center center","background-size":"auto","background-attachment":"scroll","background-type":"","background-media":"","overlay-type":"","overlay-color":"","overlay-opacity":"","overlay-gradient":""}}},"product_brand":[],"product_cat":[15],"product_tag":[],"class_list":{"0":"post-9732","1":"product","2":"type-product","3":"status-publish","4":"has-post-thumbnail","6":"product_cat-uncategorized","7":"desktop-align-left","8":"tablet-align-left","9":"mobile-align-left","11":"first","12":"instock","13":"shipping-taxable","14":"purchasable","15":"product-type-simple"},"acf":[],"yoast_head":"<!-- This site is optimized with the Yoast SEO plugin v27.4 - https:\/\/yoast.com\/product\/yoast-seo-wordpress\/ -->\n<title>Baltoji baim\u0117<\/title>\n<meta name=\"description\" content=\"Slapta vyriausybin\u0117 laboratorija apvogta! Moderniausia signalizacijos sistema d\u0117l ne\u017einom\u0173 prie\u017eas\u010di\u0173 nesuveik\u0117. Mokslininkas, k\u016br\u0119s vakcin\u0105 nuo paslaptingo viruso, \u017euv\u0119s. Mirtinas virusas ding\u0119s. Kas \u012fvykd\u0117 nusikaltim\u0105? D\u0117l koki\u0173 prie\u017eas\u010di\u0173 t\u016bkstan\u010diams \u017emoni\u0173 i\u0161kilo pavojus? Tyrim\u0105 pradeda tyrim\u0173 centro saugos grup\u0117s vir\u0161inink\u0117 Ton\u0117 Galo. Kol kas vienintel\u0117 jos viltis \u2013 p\u016bga, kuri bent kuriam laikui tur\u0117t\u0173 sustabdyti nusikalt\u0117lius...\u012esisiaut\u0117jus p\u016bgai i\u0161 vietos negali pajud\u0117ti ne tik besislapstantys nusikalt\u0117liai, bet ir tyrim\u0173 centro direktoriaus vaikai, atvyk\u0119 \u0161v\u0119sti Kal\u0117d\u0173 ir sulauk\u0119 netik\u0117tos draugijos. Sav\u0173 r\u016bpes\u010di\u0173 turi ir vietos televizijos reporteris, bet kokia kaina siekiantis pakilti karjeros laipteliais. Emocijos kaista, a\u0161tr\u0117ja slaptos kovos, viena po kitos atskleid\u017eiamos \u0161iurpios paslaptys...\" \/>\n<meta name=\"robots\" content=\"index, follow, max-snippet:-1, max-image-preview:large, max-video-preview:-1\" \/>\n<link rel=\"canonical\" href=\"https:\/\/skaitytaknyga.lt\/en\/produktas\/ken-follett-baltoji-baime\/\" \/>\n<meta property=\"og:locale\" content=\"en_GB\" \/>\n<meta property=\"og:locale:alternate\" content=\"lt_LT\" \/>\n<meta property=\"og:type\" content=\"article\" \/>\n<meta property=\"og:title\" content=\"Baltoji baim\u0117\" \/>\n<meta property=\"og:description\" content=\"Slapta vyriausybin\u0117 laboratorija apvogta! Moderniausia signalizacijos sistema d\u0117l ne\u017einom\u0173 prie\u017eas\u010di\u0173 nesuveik\u0117. Mokslininkas, k\u016br\u0119s vakcin\u0105 nuo paslaptingo viruso, \u017euv\u0119s. Mirtinas virusas ding\u0119s. Kas \u012fvykd\u0117 nusikaltim\u0105? D\u0117l koki\u0173 prie\u017eas\u010di\u0173 t\u016bkstan\u010diams \u017emoni\u0173 i\u0161kilo pavojus? Tyrim\u0105 pradeda tyrim\u0173 centro saugos grup\u0117s vir\u0161inink\u0117 Ton\u0117 Galo. Kol kas vienintel\u0117 jos viltis \u2013 p\u016bga, kuri bent kuriam laikui tur\u0117t\u0173 sustabdyti nusikalt\u0117lius...\u012esisiaut\u0117jus p\u016bgai i\u0161 vietos negali pajud\u0117ti ne tik besislapstantys nusikalt\u0117liai, bet ir tyrim\u0173 centro direktoriaus vaikai, atvyk\u0119 \u0161v\u0119sti Kal\u0117d\u0173 ir sulauk\u0119 netik\u0117tos draugijos. Sav\u0173 r\u016bpes\u010di\u0173 turi ir vietos televizijos reporteris, bet kokia kaina siekiantis pakilti karjeros laipteliais. Emocijos kaista, a\u0161tr\u0117ja slaptos kovos, viena po kitos atskleid\u017eiamos \u0161iurpios paslaptys...\" \/>\n<meta property=\"og:url\" content=\"https:\/\/skaitytaknyga.lt\/en\/produktas\/ken-follett-baltoji-baime\/\" \/>\n<meta property=\"og:site_name\" content=\"Skaitytaknyga\" \/>\n<meta property=\"article:publisher\" content=\"https:\/\/www.facebook.com\/skaitytaknyga\/\" \/>\n<meta property=\"article:modified_time\" content=\"2026-03-05T13:29:00+00:00\" \/>\n<meta property=\"og:image\" content=\"https:\/\/skaitytaknyga.lt\/wp-content\/uploads\/2024\/05\/000000000001103409-59de7f04e2271-asset-knyguklubas-cdb_kk_2cf469a8e6b0a7dc6aa45ef5732cd02c_p1.jpg\" \/>\n\t<meta property=\"og:image:width\" content=\"285\" \/>\n\t<meta property=\"og:image:height\" content=\"458\" \/>\n\t<meta property=\"og:image:type\" content=\"image\/jpeg\" \/>\n<meta name=\"twitter:card\" content=\"summary_large_image\" \/>\n<meta name=\"twitter:label1\" content=\"Estimated reading time\" \/>\n\t<meta name=\"twitter:data1\" content=\"1 minute\" \/>\n<script type=\"application\/ld+json\" class=\"yoast-schema-graph\">{\"@context\":\"https:\\\/\\\/schema.org\",\"@graph\":[{\"@type\":\"WebPage\",\"@id\":\"https:\\\/\\\/skaitytaknyga.lt\\\/produktas\\\/ken-follett-baltoji-baime\\\/\",\"url\":\"https:\\\/\\\/skaitytaknyga.lt\\\/produktas\\\/ken-follett-baltoji-baime\\\/\",\"name\":\"Baltoji baim\u0117\",\"isPartOf\":{\"@id\":\"https:\\\/\\\/skaitytaknyga.lt\\\/#website\"},\"primaryImageOfPage\":{\"@id\":\"https:\\\/\\\/skaitytaknyga.lt\\\/produktas\\\/ken-follett-baltoji-baime\\\/#primaryimage\"},\"image\":{\"@id\":\"https:\\\/\\\/skaitytaknyga.lt\\\/produktas\\\/ken-follett-baltoji-baime\\\/#primaryimage\"},\"thumbnailUrl\":\"https:\\\/\\\/skaitytaknyga.lt\\\/wp-content\\\/uploads\\\/2024\\\/05\\\/000000000001103409-59de7f04e2271-asset-knyguklubas-cdb_kk_2cf469a8e6b0a7dc6aa45ef5732cd02c_p1.jpg\",\"datePublished\":\"2024-05-04T17:56:37+00:00\",\"dateModified\":\"2026-03-05T13:29:00+00:00\",\"description\":\"Slapta vyriausybin\u0117 laboratorija apvogta! Moderniausia signalizacijos sistema d\u0117l ne\u017einom\u0173 prie\u017eas\u010di\u0173 nesuveik\u0117. Mokslininkas, k\u016br\u0119s vakcin\u0105 nuo paslaptingo viruso, \u017euv\u0119s. Mirtinas virusas ding\u0119s. Kas \u012fvykd\u0117 nusikaltim\u0105? D\u0117l koki\u0173 prie\u017eas\u010di\u0173 t\u016bkstan\u010diams \u017emoni\u0173 i\u0161kilo pavojus? Tyrim\u0105 pradeda tyrim\u0173 centro saugos grup\u0117s vir\u0161inink\u0117 Ton\u0117 Galo. Kol kas vienintel\u0117 jos viltis \u2013 p\u016bga, kuri bent kuriam laikui tur\u0117t\u0173 sustabdyti nusikalt\u0117lius...\u012esisiaut\u0117jus p\u016bgai i\u0161 vietos negali pajud\u0117ti ne tik besislapstantys nusikalt\u0117liai, bet ir tyrim\u0173 centro direktoriaus vaikai, atvyk\u0119 \u0161v\u0119sti Kal\u0117d\u0173 ir sulauk\u0119 netik\u0117tos draugijos. Sav\u0173 r\u016bpes\u010di\u0173 turi ir vietos televizijos reporteris, bet kokia kaina siekiantis pakilti karjeros laipteliais. Emocijos kaista, a\u0161tr\u0117ja slaptos kovos, viena po kitos atskleid\u017eiamos \u0161iurpios paslaptys...\",\"breadcrumb\":{\"@id\":\"https:\\\/\\\/skaitytaknyga.lt\\\/produktas\\\/ken-follett-baltoji-baime\\\/#breadcrumb\"},\"inLanguage\":\"en-GB\",\"potentialAction\":[{\"@type\":\"ReadAction\",\"target\":[\"https:\\\/\\\/skaitytaknyga.lt\\\/produktas\\\/ken-follett-baltoji-baime\\\/\"]}]},{\"@type\":\"ImageObject\",\"inLanguage\":\"en-GB\",\"@id\":\"https:\\\/\\\/skaitytaknyga.lt\\\/produktas\\\/ken-follett-baltoji-baime\\\/#primaryimage\",\"url\":\"https:\\\/\\\/skaitytaknyga.lt\\\/wp-content\\\/uploads\\\/2024\\\/05\\\/000000000001103409-59de7f04e2271-asset-knyguklubas-cdb_kk_2cf469a8e6b0a7dc6aa45ef5732cd02c_p1.jpg\",\"contentUrl\":\"https:\\\/\\\/skaitytaknyga.lt\\\/wp-content\\\/uploads\\\/2024\\\/05\\\/000000000001103409-59de7f04e2271-asset-knyguklubas-cdb_kk_2cf469a8e6b0a7dc6aa45ef5732cd02c_p1.jpg\",\"width\":285,\"height\":458},{\"@type\":\"BreadcrumbList\",\"@id\":\"https:\\\/\\\/skaitytaknyga.lt\\\/produktas\\\/ken-follett-baltoji-baime\\\/#breadcrumb\",\"itemListElement\":[{\"@type\":\"ListItem\",\"position\":1,\"name\":\"Home\",\"item\":\"https:\\\/\\\/skaitytaknyga.lt\\\/\"},{\"@type\":\"ListItem\",\"position\":2,\"name\":\"Parduotuv\u0117\",\"item\":\"https:\\\/\\\/skaitytaknyga.lt\\\/knygu-parduotuve\\\/\"},{\"@type\":\"ListItem\",\"position\":3,\"name\":\"Baltoji baim\u0117\"}]},{\"@type\":\"WebSite\",\"@id\":\"https:\\\/\\\/skaitytaknyga.lt\\\/#website\",\"url\":\"https:\\\/\\\/skaitytaknyga.lt\\\/\",\"name\":\"skaitytaknyga.lt\",\"description\":\"Skaitytaknyga.lt \u2013 tai ma\u017eas \u0161eimos verslas, kuris prasid\u0117jo nuo meil\u0117s knygoms ir siekio i\u0161gelb\u0117ti knygas nuo likimo prie konteinerio. Kas vienam nereikalingas daiktas \u2013 kitam lobis, o mes esame tarpininkai, kurie padeda abiems tapti laimingesniems ???? \u017dinome kaip nelengva i\u0161gyventi ma\u017eiems verslams, tad nuo \u0161iol, \u010dia rasite ir kit\u0173, ma\u017e\u0173 \u0161eim\u0173 versl\u0173, rank\u0173 darbo, dovan\u0173 sau ir artimiesiems.\",\"publisher\":{\"@id\":\"https:\\\/\\\/skaitytaknyga.lt\\\/#organization\"},\"potentialAction\":[{\"@type\":\"SearchAction\",\"target\":{\"@type\":\"EntryPoint\",\"urlTemplate\":\"https:\\\/\\\/skaitytaknyga.lt\\\/?s={search_term_string}\"},\"query-input\":{\"@type\":\"PropertyValueSpecification\",\"valueRequired\":true,\"valueName\":\"search_term_string\"}}],\"inLanguage\":\"en-GB\"},{\"@type\":\"Organization\",\"@id\":\"https:\\\/\\\/skaitytaknyga.lt\\\/#organization\",\"name\":\"skaitytaknyga.lt\",\"url\":\"https:\\\/\\\/skaitytaknyga.lt\\\/\",\"logo\":{\"@type\":\"ImageObject\",\"inLanguage\":\"en-GB\",\"@id\":\"https:\\\/\\\/skaitytaknyga.lt\\\/#\\\/schema\\\/logo\\\/image\\\/\",\"url\":\"https:\\\/\\\/skaitytaknyga.lt\\\/wp-content\\\/uploads\\\/2024\\\/05\\\/cropped-cropped-cropped-02_00843_jt3bggkj1j3HLc7SyY6rEUpg.jpeg\",\"contentUrl\":\"https:\\\/\\\/skaitytaknyga.lt\\\/wp-content\\\/uploads\\\/2024\\\/05\\\/cropped-cropped-cropped-02_00843_jt3bggkj1j3HLc7SyY6rEUpg.jpeg\",\"width\":1600,\"height\":1600,\"caption\":\"skaitytaknyga.lt\"},\"image\":{\"@id\":\"https:\\\/\\\/skaitytaknyga.lt\\\/#\\\/schema\\\/logo\\\/image\\\/\"},\"sameAs\":[\"https:\\\/\\\/www.facebook.com\\\/skaitytaknyga\\\/\"]}]}<\/script>\n<!-- \/ Yoast SEO plugin. -->","yoast_head_json":{"title":"Baltoji baim\u0117","description":"Slapta vyriausybin\u0117 laboratorija apvogta! Moderniausia signalizacijos sistema d\u0117l ne\u017einom\u0173 prie\u017eas\u010di\u0173 nesuveik\u0117. Mokslininkas, k\u016br\u0119s vakcin\u0105 nuo paslaptingo viruso, \u017euv\u0119s. Mirtinas virusas ding\u0119s. Kas \u012fvykd\u0117 nusikaltim\u0105? D\u0117l koki\u0173 prie\u017eas\u010di\u0173 t\u016bkstan\u010diams \u017emoni\u0173 i\u0161kilo pavojus? Tyrim\u0105 pradeda tyrim\u0173 centro saugos grup\u0117s vir\u0161inink\u0117 Ton\u0117 Galo. Kol kas vienintel\u0117 jos viltis \u2013 p\u016bga, kuri bent kuriam laikui tur\u0117t\u0173 sustabdyti nusikalt\u0117lius...\u012esisiaut\u0117jus p\u016bgai i\u0161 vietos negali pajud\u0117ti ne tik besislapstantys nusikalt\u0117liai, bet ir tyrim\u0173 centro direktoriaus vaikai, atvyk\u0119 \u0161v\u0119sti Kal\u0117d\u0173 ir sulauk\u0119 netik\u0117tos draugijos. Sav\u0173 r\u016bpes\u010di\u0173 turi ir vietos televizijos reporteris, bet kokia kaina siekiantis pakilti karjeros laipteliais. Emocijos kaista, a\u0161tr\u0117ja slaptos kovos, viena po kitos atskleid\u017eiamos \u0161iurpios paslaptys...","robots":{"index":"index","follow":"follow","max-snippet":"max-snippet:-1","max-image-preview":"max-image-preview:large","max-video-preview":"max-video-preview:-1"},"canonical":"https:\/\/skaitytaknyga.lt\/en\/produktas\/ken-follett-baltoji-baime\/","og_locale":"en_GB","og_type":"article","og_title":"[:lt]Baltoji baim\u0117[:] - Skaitytaknyga","og_description":"Slapta vyriausybin\u0117 laboratorija apvogta! Moderniausia signalizacijos sistema d\u0117l ne\u017einom\u0173 prie\u017eas\u010di\u0173 nesuveik\u0117. Mokslininkas, k\u016br\u0119s vakcin\u0105 nuo paslaptingo viruso, \u017euv\u0119s. Mirtinas virusas ding\u0119s. Kas \u012fvykd\u0117 nusikaltim\u0105? D\u0117l koki\u0173 prie\u017eas\u010di\u0173 t\u016bkstan\u010diams \u017emoni\u0173 i\u0161kilo pavojus? Tyrim\u0105 pradeda tyrim\u0173 centro saugos grup\u0117s vir\u0161inink\u0117 Ton\u0117 Galo. Kol kas vienintel\u0117 jos viltis \u2013 p\u016bga, kuri bent kuriam laikui tur\u0117t\u0173 sustabdyti nusikalt\u0117lius...\u012esisiaut\u0117jus p\u016bgai i\u0161 vietos negali pajud\u0117ti ne tik besislapstantys nusikalt\u0117liai, bet ir tyrim\u0173 centro direktoriaus vaikai, atvyk\u0119 \u0161v\u0119sti Kal\u0117d\u0173 ir sulauk\u0119 netik\u0117tos draugijos. Sav\u0173 r\u016bpes\u010di\u0173 turi ir vietos televizijos reporteris, bet kokia kaina siekiantis pakilti karjeros laipteliais. Emocijos kaista, a\u0161tr\u0117ja slaptos kovos, viena po kitos atskleid\u017eiamos \u0161iurpios paslaptys...","og_url":"https:\/\/skaitytaknyga.lt\/en\/produktas\/ken-follett-baltoji-baime\/","og_site_name":"Skaitytaknyga","article_publisher":"https:\/\/www.facebook.com\/skaitytaknyga\/","article_modified_time":"2026-03-05T13:29:00+00:00","og_image":[{"width":285,"height":458,"url":"https:\/\/skaitytaknyga.lt\/wp-content\/uploads\/2024\/05\/000000000001103409-59de7f04e2271-asset-knyguklubas-cdb_kk_2cf469a8e6b0a7dc6aa45ef5732cd02c_p1.jpg","type":"image\/jpeg"}],"twitter_card":"summary_large_image","twitter_misc":{"Estimated reading time":"1 minute"},"schema":{"@context":"https:\/\/schema.org","@graph":[{"@type":"WebPage","@id":"https:\/\/skaitytaknyga.lt\/produktas\/ken-follett-baltoji-baime\/","url":"https:\/\/skaitytaknyga.lt\/produktas\/ken-follett-baltoji-baime\/","name":"Baltoji baim\u0117","isPartOf":{"@id":"https:\/\/skaitytaknyga.lt\/#website"},"primaryImageOfPage":{"@id":"https:\/\/skaitytaknyga.lt\/produktas\/ken-follett-baltoji-baime\/#primaryimage"},"image":{"@id":"https:\/\/skaitytaknyga.lt\/produktas\/ken-follett-baltoji-baime\/#primaryimage"},"thumbnailUrl":"https:\/\/skaitytaknyga.lt\/wp-content\/uploads\/2024\/05\/000000000001103409-59de7f04e2271-asset-knyguklubas-cdb_kk_2cf469a8e6b0a7dc6aa45ef5732cd02c_p1.jpg","datePublished":"2024-05-04T17:56:37+00:00","dateModified":"2026-03-05T13:29:00+00:00","description":"Slapta vyriausybin\u0117 laboratorija apvogta! Moderniausia signalizacijos sistema d\u0117l ne\u017einom\u0173 prie\u017eas\u010di\u0173 nesuveik\u0117. Mokslininkas, k\u016br\u0119s vakcin\u0105 nuo paslaptingo viruso, \u017euv\u0119s. Mirtinas virusas ding\u0119s. Kas \u012fvykd\u0117 nusikaltim\u0105? D\u0117l koki\u0173 prie\u017eas\u010di\u0173 t\u016bkstan\u010diams \u017emoni\u0173 i\u0161kilo pavojus? Tyrim\u0105 pradeda tyrim\u0173 centro saugos grup\u0117s vir\u0161inink\u0117 Ton\u0117 Galo. Kol kas vienintel\u0117 jos viltis \u2013 p\u016bga, kuri bent kuriam laikui tur\u0117t\u0173 sustabdyti nusikalt\u0117lius...\u012esisiaut\u0117jus p\u016bgai i\u0161 vietos negali pajud\u0117ti ne tik besislapstantys nusikalt\u0117liai, bet ir tyrim\u0173 centro direktoriaus vaikai, atvyk\u0119 \u0161v\u0119sti Kal\u0117d\u0173 ir sulauk\u0119 netik\u0117tos draugijos. Sav\u0173 r\u016bpes\u010di\u0173 turi ir vietos televizijos reporteris, bet kokia kaina siekiantis pakilti karjeros laipteliais. Emocijos kaista, a\u0161tr\u0117ja slaptos kovos, viena po kitos atskleid\u017eiamos \u0161iurpios paslaptys...","breadcrumb":{"@id":"https:\/\/skaitytaknyga.lt\/produktas\/ken-follett-baltoji-baime\/#breadcrumb"},"inLanguage":"en-GB","potentialAction":[{"@type":"ReadAction","target":["https:\/\/skaitytaknyga.lt\/produktas\/ken-follett-baltoji-baime\/"]}]},{"@type":"ImageObject","inLanguage":"en-GB","@id":"https:\/\/skaitytaknyga.lt\/produktas\/ken-follett-baltoji-baime\/#primaryimage","url":"https:\/\/skaitytaknyga.lt\/wp-content\/uploads\/2024\/05\/000000000001103409-59de7f04e2271-asset-knyguklubas-cdb_kk_2cf469a8e6b0a7dc6aa45ef5732cd02c_p1.jpg","contentUrl":"https:\/\/skaitytaknyga.lt\/wp-content\/uploads\/2024\/05\/000000000001103409-59de7f04e2271-asset-knyguklubas-cdb_kk_2cf469a8e6b0a7dc6aa45ef5732cd02c_p1.jpg","width":285,"height":458},{"@type":"BreadcrumbList","@id":"https:\/\/skaitytaknyga.lt\/produktas\/ken-follett-baltoji-baime\/#breadcrumb","itemListElement":[{"@type":"ListItem","position":1,"name":"Home","item":"https:\/\/skaitytaknyga.lt\/"},{"@type":"ListItem","position":2,"name":"Parduotuv\u0117","item":"https:\/\/skaitytaknyga.lt\/knygu-parduotuve\/"},{"@type":"ListItem","position":3,"name":"Baltoji baim\u0117"}]},{"@type":"WebSite","@id":"https:\/\/skaitytaknyga.lt\/#website","url":"https:\/\/skaitytaknyga.lt\/","name":"skaitytaknyga.lt","description":"Skaitytaknyga.lt \u2013 tai ma\u017eas \u0161eimos verslas, kuris prasid\u0117jo nuo meil\u0117s knygoms ir siekio i\u0161gelb\u0117ti knygas nuo likimo prie konteinerio. Kas vienam nereikalingas daiktas \u2013 kitam lobis, o mes esame tarpininkai, kurie padeda abiems tapti laimingesniems ???? \u017dinome kaip nelengva i\u0161gyventi ma\u017eiems verslams, tad nuo \u0161iol, \u010dia rasite ir kit\u0173, ma\u017e\u0173 \u0161eim\u0173 versl\u0173, rank\u0173 darbo, dovan\u0173 sau ir artimiesiems.","publisher":{"@id":"https:\/\/skaitytaknyga.lt\/#organization"},"potentialAction":[{"@type":"SearchAction","target":{"@type":"EntryPoint","urlTemplate":"https:\/\/skaitytaknyga.lt\/?s={search_term_string}"},"query-input":{"@type":"PropertyValueSpecification","valueRequired":true,"valueName":"search_term_string"}}],"inLanguage":"en-GB"},{"@type":"Organization","@id":"https:\/\/skaitytaknyga.lt\/#organization","name":"skaitytaknyga.lt","url":"https:\/\/skaitytaknyga.lt\/","logo":{"@type":"ImageObject","inLanguage":"en-GB","@id":"https:\/\/skaitytaknyga.lt\/#\/schema\/logo\/image\/","url":"https:\/\/skaitytaknyga.lt\/wp-content\/uploads\/2024\/05\/cropped-cropped-cropped-02_00843_jt3bggkj1j3HLc7SyY6rEUpg.jpeg","contentUrl":"https:\/\/skaitytaknyga.lt\/wp-content\/uploads\/2024\/05\/cropped-cropped-cropped-02_00843_jt3bggkj1j3HLc7SyY6rEUpg.jpeg","width":1600,"height":1600,"caption":"skaitytaknyga.lt"},"image":{"@id":"https:\/\/skaitytaknyga.lt\/#\/schema\/logo\/image\/"},"sameAs":["https:\/\/www.facebook.com\/skaitytaknyga\/"]}]}},"_links":{"self":[{"href":"https:\/\/skaitytaknyga.lt\/en\/wp-json\/wp\/v2\/product\/9732","targetHints":{"allow":["GET"]}}],"collection":[{"href":"https:\/\/skaitytaknyga.lt\/en\/wp-json\/wp\/v2\/product"}],"about":[{"href":"https:\/\/skaitytaknyga.lt\/en\/wp-json\/wp\/v2\/types\/product"}],"replies":[{"embeddable":true,"href":"https:\/\/skaitytaknyga.lt\/en\/wp-json\/wp\/v2\/comments?post=9732"}],"wp:featuredmedia":[{"embeddable":true,"href":"https:\/\/skaitytaknyga.lt\/en\/wp-json\/wp\/v2\/media\/9782"}],"wp:attachment":[{"href":"https:\/\/skaitytaknyga.lt\/en\/wp-json\/wp\/v2\/media?parent=9732"}],"wp:term":[{"taxonomy":"product_brand","embeddable":true,"href":"https:\/\/skaitytaknyga.lt\/en\/wp-json\/wp\/v2\/product_brand?post=9732"},{"taxonomy":"product_cat","embeddable":true,"href":"https:\/\/skaitytaknyga.lt\/en\/wp-json\/wp\/v2\/product_cat?post=9732"},{"taxonomy":"product_tag","embeddable":true,"href":"https:\/\/skaitytaknyga.lt\/en\/wp-json\/wp\/v2\/product_tag?post=9732"}],"curies":[{"name":"wp","href":"https:\/\/api.w.org\/{rel}","templated":true}]}}