{"id":9731,"date":"2024-05-04T17:56:37","date_gmt":"2024-05-04T17:56:37","guid":{"rendered":"https:\/\/skaitytaknyga.lt\/?post_type=product&#038;p=9731"},"modified":"2026-03-05T12:52:44","modified_gmt":"2026-03-05T10:52:44","slug":"l-j-ross-angelas","status":"publish","type":"product","link":"https:\/\/skaitytaknyga.lt\/en\/produktas\/l-j-ross-angelas\/","title":{"rendered":"Angelas"},"content":{"rendered":"<p>Jis pavers tave savo angelu, bet pirmiausia tu turi mirti&#8230;<\/p>\n<p>Po s\u0105my\u0161io laik\u0173 detektyvo vyresniojo inspektoriaus Rajeno gyvenimas pagaliau gr\u012f\u017eta \u012f savo v\u0117\u017ees ir jis nekantraudamas laukia kartu su savo su\u017ead\u0117tine ramaus Velyk\u0173 savaitgalio be nuotyki\u0173.<\/p>\n<p>Bet Did\u017eiojo penktadienio ryt\u0105 Rajenas yra pakvie\u010diamas \u012f nusikaltimo viet\u0105 vienose i\u0161 did\u017eiausi\u0173 Niukaslo kapini\u0173. \u010cia aptiktas raudonplauk\u0117s moters k\u016bnas, u\u017ekastas negiliame kape \u2014 \u017eudikas jai suteik\u0117 angelo sparnus.<\/p>\n<p>Netrukus dar viena moteris randama kitose kapin\u0117se, o paskui dingsta dar viena&#8230; U\u017egimus naujam serijiniam \u017eudikui, lyg mi\u0161ko gaisras ima plisti panika, ir Rajeno detektyv\u0173 komanda privalo kiauras paras j\u012f med\u017eioti, kol dar \u0161is nesp\u0117jo v\u0117l smogti.<\/p>\n<p>\u0160iame greito veiksmo detektyve, \u012fkurdintame vaizdingame Nortumberlando kra\u0161tovaizdyje, \u017emog\u017eudyst\u0117s ir paslaptys pa\u0161\u0117lusiai pinasi su romantiniais jausmais bei humoru.<\/p>\n","protected":false},"excerpt":{"rendered":"<p>Jis pavers tave savo angelu, bet pirmiausia tu turi mirti&#8230;<\/p>\n<p>Po s\u0105my\u0161io laik\u0173 detektyvo vyresniojo inspektoriaus Rajeno gyvenimas pagaliau gr\u012f\u017eta \u012f savo v\u0117\u017ees ir jis nekantraudamas laukia kartu su savo su\u017ead\u0117tine ramaus Velyk\u0173 savaitgalio be nuotyki\u0173.<\/p>\n<p>Bet Did\u017eiojo penktadienio ryt\u0105 Rajenas yra pakvie\u010diamas \u012f nusikaltimo viet\u0105 vienose i\u0161 did\u017eiausi\u0173 Niukaslo kapini\u0173. \u010cia aptiktas raudonplauk\u0117s moters k\u016bnas, u\u017ekastas negiliame kape \u2014 \u017eudikas jai suteik\u0117 angelo sparnus.<\/p>\n<p>Netrukus dar viena moteris randama kitose kapin\u0117se, o paskui dingsta dar viena&#8230; U\u017egimus naujam serijiniam \u017eudikui, lyg mi\u0161ko gaisras ima plisti panika, ir Rajeno detektyv\u0173 komanda privalo kiauras paras j\u012f med\u017eioti, kol dar \u0161is nesp\u0117jo v\u0117l smogti.<\/p>\n<p>\u0160iame greito veiksmo detektyve, \u012fkurdintame vaizdingame Nortumberlando kra\u0161tovaizdyje, \u017emog\u017eudyst\u0117s ir paslaptys pa\u0161\u0117lusiai pinasi su romantiniais jausmais bei humoru.<\/p>\n","protected":false},"featured_media":9781,"comment_status":"closed","ping_status":"closed","template":"","meta":{"_acf_changed":false,"site-sidebar-layout":"default","site-content-layout":"","ast-site-content-layout":"default","site-content-style":"default","site-sidebar-style":"default","ast-global-header-display":"","ast-banner-title-visibility":"","ast-main-header-display":"","ast-hfb-above-header-display":"","ast-hfb-below-header-display":"","ast-hfb-mobile-header-display":"","site-post-title":"","ast-breadcrumbs-content":"","ast-featured-img":"","footer-sml-layout":"","ast-disable-related-posts":"","theme-transparent-header-meta":"","adv-header-id-meta":"","stick-header-meta":"","header-above-stick-meta":"","header-main-stick-meta":"","header-below-stick-meta":"","astra-migrate-meta-layouts":"default","ast-page-background-enabled":"default","ast-page-background-meta":{"desktop":{"background-color":"","background-image":"","background-repeat":"repeat","background-position":"center center","background-size":"auto","background-attachment":"scroll","background-type":"","background-media":"","overlay-type":"","overlay-color":"","overlay-opacity":"","overlay-gradient":""},"tablet":{"background-color":"","background-image":"","background-repeat":"repeat","background-position":"center center","background-size":"auto","background-attachment":"scroll","background-type":"","background-media":"","overlay-type":"","overlay-color":"","overlay-opacity":"","overlay-gradient":""},"mobile":{"background-color":"","background-image":"","background-repeat":"repeat","background-position":"center center","background-size":"auto","background-attachment":"scroll","background-type":"","background-media":"","overlay-type":"","overlay-color":"","overlay-opacity":"","overlay-gradient":""}},"ast-content-background-meta":{"desktop":{"background-color":"var(--ast-global-color-4)","background-image":"","background-repeat":"repeat","background-position":"center center","background-size":"auto","background-attachment":"scroll","background-type":"","background-media":"","overlay-type":"","overlay-color":"","overlay-opacity":"","overlay-gradient":""},"tablet":{"background-color":"var(--ast-global-color-4)","background-image":"","background-repeat":"repeat","background-position":"center center","background-size":"auto","background-attachment":"scroll","background-type":"","background-media":"","overlay-type":"","overlay-color":"","overlay-opacity":"","overlay-gradient":""},"mobile":{"background-color":"var(--ast-global-color-4)","background-image":"","background-repeat":"repeat","background-position":"center center","background-size":"auto","background-attachment":"scroll","background-type":"","background-media":"","overlay-type":"","overlay-color":"","overlay-opacity":"","overlay-gradient":""}}},"product_brand":[],"product_cat":[9581],"product_tag":[9573],"class_list":{"0":"post-9731","1":"product","2":"type-product","3":"status-publish","4":"has-post-thumbnail","6":"product_cat-kriminaliniai-romanai","7":"product_tag-ltl-j-ross","8":"desktop-align-left","9":"tablet-align-left","10":"mobile-align-left","12":"first","13":"outofstock","14":"shipping-taxable","15":"purchasable","16":"product-type-simple"},"acf":[],"yoast_head":"<!-- This site is optimized with the Yoast SEO plugin v27.0 - https:\/\/yoast.com\/product\/yoast-seo-wordpress\/ -->\n<title>Angelas<\/title>\n<meta name=\"description\" content=\"Jis pavers tave savo angelu, bet pirmiausia tu turi mirti...Po s\u0105my\u0161io laik\u0173 detektyvo vyresniojo inspektoriaus Rajeno gyvenimas pagaliau gr\u012f\u017eta \u012f savo v\u0117\u017ees ir jis nekantraudamas laukia kartu su savo su\u017ead\u0117tine ramaus Velyk\u0173 savaitgalio be nuotyki\u0173.Bet Did\u017eiojo penktadienio ryt\u0105 Rajenas yra pakvie\u010diamas \u012f nusikaltimo viet\u0105 vienose i\u0161 did\u017eiausi\u0173 Niukaslo kapini\u0173. \u010cia aptiktas raudonplauk\u0117s moters k\u016bnas, u\u017ekastas negiliame kape \u2014 \u017eudikas jai suteik\u0117 angelo sparnus.Netrukus dar viena moteris randama kitose kapin\u0117se, o paskui dingsta dar viena... U\u017egimus naujam serijiniam \u017eudikui, lyg mi\u0161ko gaisras ima plisti panika, ir Rajeno detektyv\u0173 komanda privalo kiauras paras j\u012f med\u017eioti, kol dar \u0161is nesp\u0117jo v\u0117l smogti.\u0160iame greito veiksmo detektyve, \u012fkurdintame vaizdingame Nortumberlando kra\u0161tovaizdyje, \u017emog\u017eudyst\u0117s ir paslaptys pa\u0161\u0117lusiai pinasi su romantiniais jausmais bei humoru.\" \/>\n<meta name=\"robots\" content=\"index, follow, max-snippet:-1, max-image-preview:large, max-video-preview:-1\" \/>\n<link rel=\"canonical\" href=\"https:\/\/skaitytaknyga.lt\/en\/produktas\/l-j-ross-angelas\/\" \/>\n<meta property=\"og:locale\" content=\"en_GB\" \/>\n<meta property=\"og:locale:alternate\" content=\"lt_LT\" \/>\n<meta property=\"og:type\" content=\"article\" \/>\n<meta property=\"og:title\" content=\"Angelas\" \/>\n<meta property=\"og:description\" content=\"Jis pavers tave savo angelu, bet pirmiausia tu turi mirti...Po s\u0105my\u0161io laik\u0173 detektyvo vyresniojo inspektoriaus Rajeno gyvenimas pagaliau gr\u012f\u017eta \u012f savo v\u0117\u017ees ir jis nekantraudamas laukia kartu su savo su\u017ead\u0117tine ramaus Velyk\u0173 savaitgalio be nuotyki\u0173.Bet Did\u017eiojo penktadienio ryt\u0105 Rajenas yra pakvie\u010diamas \u012f nusikaltimo viet\u0105 vienose i\u0161 did\u017eiausi\u0173 Niukaslo kapini\u0173. \u010cia aptiktas raudonplauk\u0117s moters k\u016bnas, u\u017ekastas negiliame kape \u2014 \u017eudikas jai suteik\u0117 angelo sparnus.Netrukus dar viena moteris randama kitose kapin\u0117se, o paskui dingsta dar viena... U\u017egimus naujam serijiniam \u017eudikui, lyg mi\u0161ko gaisras ima plisti panika, ir Rajeno detektyv\u0173 komanda privalo kiauras paras j\u012f med\u017eioti, kol dar \u0161is nesp\u0117jo v\u0117l smogti.\u0160iame greito veiksmo detektyve, \u012fkurdintame vaizdingame Nortumberlando kra\u0161tovaizdyje, \u017emog\u017eudyst\u0117s ir paslaptys pa\u0161\u0117lusiai pinasi su romantiniais jausmais bei humoru.\" \/>\n<meta property=\"og:url\" content=\"https:\/\/skaitytaknyga.lt\/en\/produktas\/l-j-ross-angelas\/\" \/>\n<meta property=\"og:site_name\" content=\"Skaitytaknyga\" \/>\n<meta property=\"article:publisher\" content=\"https:\/\/www.facebook.com\/skaitytaknyga\/\" \/>\n<meta property=\"article:modified_time\" content=\"2026-03-05T10:52:44+00:00\" \/>\n<meta property=\"og:image\" content=\"https:\/\/skaitytaknyga.lt\/wp-content\/uploads\/2024\/05\/angelas-virs-ok-30-3-intern-1574341417.jpg\" \/>\n\t<meta property=\"og:image:width\" content=\"286\" \/>\n\t<meta property=\"og:image:height\" content=\"430\" \/>\n\t<meta property=\"og:image:type\" content=\"image\/jpeg\" \/>\n<meta name=\"twitter:card\" content=\"summary_large_image\" \/>\n<meta name=\"twitter:label1\" content=\"Estimated reading time\" \/>\n\t<meta name=\"twitter:data1\" content=\"1 minute\" \/>\n<script type=\"application\/ld+json\" class=\"yoast-schema-graph\">{\"@context\":\"https:\/\/schema.org\",\"@graph\":[{\"@type\":\"WebPage\",\"@id\":\"https:\/\/skaitytaknyga.lt\/produktas\/l-j-ross-angelas\/\",\"url\":\"https:\/\/skaitytaknyga.lt\/produktas\/l-j-ross-angelas\/\",\"name\":\"Angelas\",\"isPartOf\":{\"@id\":\"https:\/\/skaitytaknyga.lt\/#website\"},\"primaryImageOfPage\":{\"@id\":\"https:\/\/skaitytaknyga.lt\/produktas\/l-j-ross-angelas\/#primaryimage\"},\"image\":{\"@id\":\"https:\/\/skaitytaknyga.lt\/produktas\/l-j-ross-angelas\/#primaryimage\"},\"thumbnailUrl\":\"https:\/\/skaitytaknyga.lt\/wp-content\/uploads\/2024\/05\/angelas-virs-ok-30-3-intern-1574341417.jpg\",\"datePublished\":\"2024-05-04T17:56:37+00:00\",\"dateModified\":\"2026-03-05T10:52:44+00:00\",\"description\":\"Jis pavers tave savo angelu, bet pirmiausia tu turi mirti...Po s\u0105my\u0161io laik\u0173 detektyvo vyresniojo inspektoriaus Rajeno gyvenimas pagaliau gr\u012f\u017eta \u012f savo v\u0117\u017ees ir jis nekantraudamas laukia kartu su savo su\u017ead\u0117tine ramaus Velyk\u0173 savaitgalio be nuotyki\u0173.Bet Did\u017eiojo penktadienio ryt\u0105 Rajenas yra pakvie\u010diamas \u012f nusikaltimo viet\u0105 vienose i\u0161 did\u017eiausi\u0173 Niukaslo kapini\u0173. \u010cia aptiktas raudonplauk\u0117s moters k\u016bnas, u\u017ekastas negiliame kape \u2014 \u017eudikas jai suteik\u0117 angelo sparnus.Netrukus dar viena moteris randama kitose kapin\u0117se, o paskui dingsta dar viena... U\u017egimus naujam serijiniam \u017eudikui, lyg mi\u0161ko gaisras ima plisti panika, ir Rajeno detektyv\u0173 komanda privalo kiauras paras j\u012f med\u017eioti, kol dar \u0161is nesp\u0117jo v\u0117l smogti.\u0160iame greito veiksmo detektyve, \u012fkurdintame vaizdingame Nortumberlando kra\u0161tovaizdyje, \u017emog\u017eudyst\u0117s ir paslaptys pa\u0161\u0117lusiai pinasi su romantiniais jausmais bei humoru.\",\"breadcrumb\":{\"@id\":\"https:\/\/skaitytaknyga.lt\/produktas\/l-j-ross-angelas\/#breadcrumb\"},\"inLanguage\":\"en-GB\",\"potentialAction\":[{\"@type\":\"ReadAction\",\"target\":[\"https:\/\/skaitytaknyga.lt\/produktas\/l-j-ross-angelas\/\"]}]},{\"@type\":\"ImageObject\",\"inLanguage\":\"en-GB\",\"@id\":\"https:\/\/skaitytaknyga.lt\/produktas\/l-j-ross-angelas\/#primaryimage\",\"url\":\"https:\/\/skaitytaknyga.lt\/wp-content\/uploads\/2024\/05\/angelas-virs-ok-30-3-intern-1574341417.jpg\",\"contentUrl\":\"https:\/\/skaitytaknyga.lt\/wp-content\/uploads\/2024\/05\/angelas-virs-ok-30-3-intern-1574341417.jpg\",\"width\":286,\"height\":430},{\"@type\":\"BreadcrumbList\",\"@id\":\"https:\/\/skaitytaknyga.lt\/produktas\/l-j-ross-angelas\/#breadcrumb\",\"itemListElement\":[{\"@type\":\"ListItem\",\"position\":1,\"name\":\"Home\",\"item\":\"https:\/\/skaitytaknyga.lt\/\"},{\"@type\":\"ListItem\",\"position\":2,\"name\":\"Parduotuv\u0117\",\"item\":\"https:\/\/skaitytaknyga.lt\/knygu-parduotuve\/\"},{\"@type\":\"ListItem\",\"position\":3,\"name\":\"Angelas\"}]},{\"@type\":\"WebSite\",\"@id\":\"https:\/\/skaitytaknyga.lt\/#website\",\"url\":\"https:\/\/skaitytaknyga.lt\/\",\"name\":\"skaitytaknyga.lt\",\"description\":\"Skaitytaknyga.lt \u2013 tai ma\u017eas \u0161eimos verslas, kuris prasid\u0117jo nuo meil\u0117s knygoms ir siekio i\u0161gelb\u0117ti knygas nuo likimo prie konteinerio. Kas vienam nereikalingas daiktas \u2013 kitam lobis, o mes esame tarpininkai, kurie padeda abiems tapti laimingesniems ???? \u017dinome kaip nelengva i\u0161gyventi ma\u017eiems verslams, tad nuo \u0161iol, \u010dia rasite ir kit\u0173, ma\u017e\u0173 \u0161eim\u0173 versl\u0173, rank\u0173 darbo, dovan\u0173 sau ir artimiesiems.\",\"publisher\":{\"@id\":\"https:\/\/skaitytaknyga.lt\/#organization\"},\"potentialAction\":[{\"@type\":\"SearchAction\",\"target\":{\"@type\":\"EntryPoint\",\"urlTemplate\":\"https:\/\/skaitytaknyga.lt\/?s={search_term_string}\"},\"query-input\":{\"@type\":\"PropertyValueSpecification\",\"valueRequired\":true,\"valueName\":\"search_term_string\"}}],\"inLanguage\":\"en-GB\"},{\"@type\":\"Organization\",\"@id\":\"https:\/\/skaitytaknyga.lt\/#organization\",\"name\":\"skaitytaknyga.lt\",\"url\":\"https:\/\/skaitytaknyga.lt\/\",\"logo\":{\"@type\":\"ImageObject\",\"inLanguage\":\"en-GB\",\"@id\":\"https:\/\/skaitytaknyga.lt\/#\/schema\/logo\/image\/\",\"url\":\"https:\/\/skaitytaknyga.lt\/wp-content\/uploads\/2024\/05\/cropped-cropped-cropped-02_00843_jt3bggkj1j3HLc7SyY6rEUpg.jpeg\",\"contentUrl\":\"https:\/\/skaitytaknyga.lt\/wp-content\/uploads\/2024\/05\/cropped-cropped-cropped-02_00843_jt3bggkj1j3HLc7SyY6rEUpg.jpeg\",\"width\":1600,\"height\":1600,\"caption\":\"skaitytaknyga.lt\"},\"image\":{\"@id\":\"https:\/\/skaitytaknyga.lt\/#\/schema\/logo\/image\/\"},\"sameAs\":[\"https:\/\/www.facebook.com\/skaitytaknyga\/\"]}]}<\/script>\n<!-- \/ Yoast SEO plugin. -->","yoast_head_json":{"title":"Angelas","description":"Jis pavers tave savo angelu, bet pirmiausia tu turi mirti...Po s\u0105my\u0161io laik\u0173 detektyvo vyresniojo inspektoriaus Rajeno gyvenimas pagaliau gr\u012f\u017eta \u012f savo v\u0117\u017ees ir jis nekantraudamas laukia kartu su savo su\u017ead\u0117tine ramaus Velyk\u0173 savaitgalio be nuotyki\u0173.Bet Did\u017eiojo penktadienio ryt\u0105 Rajenas yra pakvie\u010diamas \u012f nusikaltimo viet\u0105 vienose i\u0161 did\u017eiausi\u0173 Niukaslo kapini\u0173. \u010cia aptiktas raudonplauk\u0117s moters k\u016bnas, u\u017ekastas negiliame kape \u2014 \u017eudikas jai suteik\u0117 angelo sparnus.Netrukus dar viena moteris randama kitose kapin\u0117se, o paskui dingsta dar viena... U\u017egimus naujam serijiniam \u017eudikui, lyg mi\u0161ko gaisras ima plisti panika, ir Rajeno detektyv\u0173 komanda privalo kiauras paras j\u012f med\u017eioti, kol dar \u0161is nesp\u0117jo v\u0117l smogti.\u0160iame greito veiksmo detektyve, \u012fkurdintame vaizdingame Nortumberlando kra\u0161tovaizdyje, \u017emog\u017eudyst\u0117s ir paslaptys pa\u0161\u0117lusiai pinasi su romantiniais jausmais bei humoru.","robots":{"index":"index","follow":"follow","max-snippet":"max-snippet:-1","max-image-preview":"max-image-preview:large","max-video-preview":"max-video-preview:-1"},"canonical":"https:\/\/skaitytaknyga.lt\/en\/produktas\/l-j-ross-angelas\/","og_locale":"en_GB","og_type":"article","og_title":"[:lt]Angelas[:] - Skaitytaknyga","og_description":"Jis pavers tave savo angelu, bet pirmiausia tu turi mirti...Po s\u0105my\u0161io laik\u0173 detektyvo vyresniojo inspektoriaus Rajeno gyvenimas pagaliau gr\u012f\u017eta \u012f savo v\u0117\u017ees ir jis nekantraudamas laukia kartu su savo su\u017ead\u0117tine ramaus Velyk\u0173 savaitgalio be nuotyki\u0173.Bet Did\u017eiojo penktadienio ryt\u0105 Rajenas yra pakvie\u010diamas \u012f nusikaltimo viet\u0105 vienose i\u0161 did\u017eiausi\u0173 Niukaslo kapini\u0173. \u010cia aptiktas raudonplauk\u0117s moters k\u016bnas, u\u017ekastas negiliame kape \u2014 \u017eudikas jai suteik\u0117 angelo sparnus.Netrukus dar viena moteris randama kitose kapin\u0117se, o paskui dingsta dar viena... U\u017egimus naujam serijiniam \u017eudikui, lyg mi\u0161ko gaisras ima plisti panika, ir Rajeno detektyv\u0173 komanda privalo kiauras paras j\u012f med\u017eioti, kol dar \u0161is nesp\u0117jo v\u0117l smogti.\u0160iame greito veiksmo detektyve, \u012fkurdintame vaizdingame Nortumberlando kra\u0161tovaizdyje, \u017emog\u017eudyst\u0117s ir paslaptys pa\u0161\u0117lusiai pinasi su romantiniais jausmais bei humoru.","og_url":"https:\/\/skaitytaknyga.lt\/en\/produktas\/l-j-ross-angelas\/","og_site_name":"Skaitytaknyga","article_publisher":"https:\/\/www.facebook.com\/skaitytaknyga\/","article_modified_time":"2026-03-05T10:52:44+00:00","og_image":[{"width":286,"height":430,"url":"https:\/\/skaitytaknyga.lt\/wp-content\/uploads\/2024\/05\/angelas-virs-ok-30-3-intern-1574341417.jpg","type":"image\/jpeg"}],"twitter_card":"summary_large_image","twitter_misc":{"Estimated reading time":"1 minute"},"schema":{"@context":"https:\/\/schema.org","@graph":[{"@type":"WebPage","@id":"https:\/\/skaitytaknyga.lt\/produktas\/l-j-ross-angelas\/","url":"https:\/\/skaitytaknyga.lt\/produktas\/l-j-ross-angelas\/","name":"Angelas","isPartOf":{"@id":"https:\/\/skaitytaknyga.lt\/#website"},"primaryImageOfPage":{"@id":"https:\/\/skaitytaknyga.lt\/produktas\/l-j-ross-angelas\/#primaryimage"},"image":{"@id":"https:\/\/skaitytaknyga.lt\/produktas\/l-j-ross-angelas\/#primaryimage"},"thumbnailUrl":"https:\/\/skaitytaknyga.lt\/wp-content\/uploads\/2024\/05\/angelas-virs-ok-30-3-intern-1574341417.jpg","datePublished":"2024-05-04T17:56:37+00:00","dateModified":"2026-03-05T10:52:44+00:00","description":"Jis pavers tave savo angelu, bet pirmiausia tu turi mirti...Po s\u0105my\u0161io laik\u0173 detektyvo vyresniojo inspektoriaus Rajeno gyvenimas pagaliau gr\u012f\u017eta \u012f savo v\u0117\u017ees ir jis nekantraudamas laukia kartu su savo su\u017ead\u0117tine ramaus Velyk\u0173 savaitgalio be nuotyki\u0173.Bet Did\u017eiojo penktadienio ryt\u0105 Rajenas yra pakvie\u010diamas \u012f nusikaltimo viet\u0105 vienose i\u0161 did\u017eiausi\u0173 Niukaslo kapini\u0173. \u010cia aptiktas raudonplauk\u0117s moters k\u016bnas, u\u017ekastas negiliame kape \u2014 \u017eudikas jai suteik\u0117 angelo sparnus.Netrukus dar viena moteris randama kitose kapin\u0117se, o paskui dingsta dar viena... U\u017egimus naujam serijiniam \u017eudikui, lyg mi\u0161ko gaisras ima plisti panika, ir Rajeno detektyv\u0173 komanda privalo kiauras paras j\u012f med\u017eioti, kol dar \u0161is nesp\u0117jo v\u0117l smogti.\u0160iame greito veiksmo detektyve, \u012fkurdintame vaizdingame Nortumberlando kra\u0161tovaizdyje, \u017emog\u017eudyst\u0117s ir paslaptys pa\u0161\u0117lusiai pinasi su romantiniais jausmais bei humoru.","breadcrumb":{"@id":"https:\/\/skaitytaknyga.lt\/produktas\/l-j-ross-angelas\/#breadcrumb"},"inLanguage":"en-GB","potentialAction":[{"@type":"ReadAction","target":["https:\/\/skaitytaknyga.lt\/produktas\/l-j-ross-angelas\/"]}]},{"@type":"ImageObject","inLanguage":"en-GB","@id":"https:\/\/skaitytaknyga.lt\/produktas\/l-j-ross-angelas\/#primaryimage","url":"https:\/\/skaitytaknyga.lt\/wp-content\/uploads\/2024\/05\/angelas-virs-ok-30-3-intern-1574341417.jpg","contentUrl":"https:\/\/skaitytaknyga.lt\/wp-content\/uploads\/2024\/05\/angelas-virs-ok-30-3-intern-1574341417.jpg","width":286,"height":430},{"@type":"BreadcrumbList","@id":"https:\/\/skaitytaknyga.lt\/produktas\/l-j-ross-angelas\/#breadcrumb","itemListElement":[{"@type":"ListItem","position":1,"name":"Home","item":"https:\/\/skaitytaknyga.lt\/"},{"@type":"ListItem","position":2,"name":"Parduotuv\u0117","item":"https:\/\/skaitytaknyga.lt\/knygu-parduotuve\/"},{"@type":"ListItem","position":3,"name":"Angelas"}]},{"@type":"WebSite","@id":"https:\/\/skaitytaknyga.lt\/#website","url":"https:\/\/skaitytaknyga.lt\/","name":"skaitytaknyga.lt","description":"Skaitytaknyga.lt \u2013 tai ma\u017eas \u0161eimos verslas, kuris prasid\u0117jo nuo meil\u0117s knygoms ir siekio i\u0161gelb\u0117ti knygas nuo likimo prie konteinerio. Kas vienam nereikalingas daiktas \u2013 kitam lobis, o mes esame tarpininkai, kurie padeda abiems tapti laimingesniems ???? \u017dinome kaip nelengva i\u0161gyventi ma\u017eiems verslams, tad nuo \u0161iol, \u010dia rasite ir kit\u0173, ma\u017e\u0173 \u0161eim\u0173 versl\u0173, rank\u0173 darbo, dovan\u0173 sau ir artimiesiems.","publisher":{"@id":"https:\/\/skaitytaknyga.lt\/#organization"},"potentialAction":[{"@type":"SearchAction","target":{"@type":"EntryPoint","urlTemplate":"https:\/\/skaitytaknyga.lt\/?s={search_term_string}"},"query-input":{"@type":"PropertyValueSpecification","valueRequired":true,"valueName":"search_term_string"}}],"inLanguage":"en-GB"},{"@type":"Organization","@id":"https:\/\/skaitytaknyga.lt\/#organization","name":"skaitytaknyga.lt","url":"https:\/\/skaitytaknyga.lt\/","logo":{"@type":"ImageObject","inLanguage":"en-GB","@id":"https:\/\/skaitytaknyga.lt\/#\/schema\/logo\/image\/","url":"https:\/\/skaitytaknyga.lt\/wp-content\/uploads\/2024\/05\/cropped-cropped-cropped-02_00843_jt3bggkj1j3HLc7SyY6rEUpg.jpeg","contentUrl":"https:\/\/skaitytaknyga.lt\/wp-content\/uploads\/2024\/05\/cropped-cropped-cropped-02_00843_jt3bggkj1j3HLc7SyY6rEUpg.jpeg","width":1600,"height":1600,"caption":"skaitytaknyga.lt"},"image":{"@id":"https:\/\/skaitytaknyga.lt\/#\/schema\/logo\/image\/"},"sameAs":["https:\/\/www.facebook.com\/skaitytaknyga\/"]}]}},"_links":{"self":[{"href":"https:\/\/skaitytaknyga.lt\/en\/wp-json\/wp\/v2\/product\/9731","targetHints":{"allow":["GET"]}}],"collection":[{"href":"https:\/\/skaitytaknyga.lt\/en\/wp-json\/wp\/v2\/product"}],"about":[{"href":"https:\/\/skaitytaknyga.lt\/en\/wp-json\/wp\/v2\/types\/product"}],"replies":[{"embeddable":true,"href":"https:\/\/skaitytaknyga.lt\/en\/wp-json\/wp\/v2\/comments?post=9731"}],"wp:featuredmedia":[{"embeddable":true,"href":"https:\/\/skaitytaknyga.lt\/en\/wp-json\/wp\/v2\/media\/9781"}],"wp:attachment":[{"href":"https:\/\/skaitytaknyga.lt\/en\/wp-json\/wp\/v2\/media?parent=9731"}],"wp:term":[{"taxonomy":"product_brand","embeddable":true,"href":"https:\/\/skaitytaknyga.lt\/en\/wp-json\/wp\/v2\/product_brand?post=9731"},{"taxonomy":"product_cat","embeddable":true,"href":"https:\/\/skaitytaknyga.lt\/en\/wp-json\/wp\/v2\/product_cat?post=9731"},{"taxonomy":"product_tag","embeddable":true,"href":"https:\/\/skaitytaknyga.lt\/en\/wp-json\/wp\/v2\/product_tag?post=9731"}],"curies":[{"name":"wp","href":"https:\/\/api.w.org\/{rel}","templated":true}]}}