{"id":9730,"date":"2024-05-04T17:56:37","date_gmt":"2024-05-04T17:56:37","guid":{"rendered":"https:\/\/skaitytaknyga.lt\/?post_type=product&#038;p=9730"},"modified":"2026-03-18T13:02:52","modified_gmt":"2026-03-18T11:02:52","slug":"gydancioji-zoleliu-galia-senoviniu-receptu-knyga","status":"publish","type":"product","link":"https:\/\/skaitytaknyga.lt\/en\/produktas\/gydancioji-zoleliu-galia-senoviniu-receptu-knyga\/","title":{"rendered":"Gydan\u010dioji \u017eoleli\u0173 galia. Senovini\u0173 recept\u0173 knyga"},"content":{"rendered":"<p>\u0160iame chemijos am\u017eiuje, kai dominuoja sintetiniai vaistai, \u017emon\u0117s vis da\u017eniau ima atsigr\u0119\u017eti \u012f gamt\u0105. Gydymas vaista\u017eol\u0117mis v\u0117l populiarus. Knygoje<strong>\u00a0\u201eGydan\u010dioji \u017eoleli\u0173 galia. Senovini\u0173 recept\u0173 knyga\u201c<\/strong>\u00a0atskleid\u017eiama kone kiekviename augal\u0117lyje slypinti gydan\u010dioji galia, pateikiama recept\u0173, kaip i\u0161sigydyti vienoki\u0105 ar kitoki\u0105 mus kamuojan\u010di\u0105 lig\u0105.<\/p>\n<p>Knygoje\u00a0<strong>\u201eGydan\u010dioji \u017eoleli\u0173 galia. Senovini\u0173 recept\u0173 knyga\u201c<\/strong>\u00a0ra\u0161oma, kaip vaistiniais augalais galima i\u0161gydyti pa\u010dias \u012fvairiausias ligas, netgi tokias sunkias, kaip v\u0117\u017e\u012f, bronchin\u0119 astm\u0105, cukrin\u012f diabet\u0105, psoriaz\u0119.\u00a0Pateikiama organizm\u0105 valan\u010di\u0173 mi\u0161ini\u0173 recept\u0173.<\/p>\n<p>Knyga\u00a0<strong>\u201eGydan\u010dioji \u017eoleli\u0173 galia. Senovini\u0173 recept\u0173 knyga\u201c<\/strong>\u00a0bus vertinga visiems, besidomintiems netradiciniais gydymo b\u016bdais.<\/p>\n","protected":false},"excerpt":{"rendered":"<p>\u0160iame chemijos am\u017eiuje, kai dominuoja sintetiniai vaistai, \u017emon\u0117s vis da\u017eniau ima atsigr\u0119\u017eti \u012f gamt\u0105. Gydymas vaista\u017eol\u0117mis v\u0117l populiarus. Knygoje<strong>\u00a0\u201eGydan\u010dioji \u017eoleli\u0173 galia. Senovini\u0173 recept\u0173 knyga\u201c<\/strong>\u00a0atskleid\u017eiama kone kiekviename augal\u0117lyje slypinti gydan\u010dioji galia, pateikiama recept\u0173, kaip i\u0161sigydyti vienoki\u0105 ar kitoki\u0105 mus kamuojan\u010di\u0105 lig\u0105.<\/p>\n<p>Knygoje\u00a0<strong>\u201eGydan\u010dioji \u017eoleli\u0173 galia. Senovini\u0173 recept\u0173 knyga\u201c<\/strong>\u00a0ra\u0161oma, kaip vaistiniais augalais galima i\u0161gydyti pa\u010dias \u012fvairiausias ligas, netgi tokias sunkias, kaip v\u0117\u017e\u012f, bronchin\u0119 astm\u0105, cukrin\u012f diabet\u0105, psoriaz\u0119.\u00a0Pateikiama organizm\u0105 valan\u010di\u0173 mi\u0161ini\u0173 recept\u0173.<\/p>\n<p>Knyga\u00a0<strong>\u201eGydan\u010dioji \u017eoleli\u0173 galia. Senovini\u0173 recept\u0173 knyga\u201c<\/strong>\u00a0bus vertinga visiems, besidomintiems netradiciniais gydymo b\u016bdais.<\/p>\n","protected":false},"featured_media":9780,"comment_status":"closed","ping_status":"closed","template":"","meta":{"_acf_changed":false,"site-sidebar-layout":"default","site-content-layout":"","ast-site-content-layout":"default","site-content-style":"default","site-sidebar-style":"default","ast-global-header-display":"","ast-banner-title-visibility":"","ast-main-header-display":"","ast-hfb-above-header-display":"","ast-hfb-below-header-display":"","ast-hfb-mobile-header-display":"","site-post-title":"","ast-breadcrumbs-content":"","ast-featured-img":"","footer-sml-layout":"","ast-disable-related-posts":"","theme-transparent-header-meta":"","adv-header-id-meta":"","stick-header-meta":"","header-above-stick-meta":"","header-main-stick-meta":"","header-below-stick-meta":"","astra-migrate-meta-layouts":"default","ast-page-background-enabled":"default","ast-page-background-meta":{"desktop":{"background-color":"","background-image":"","background-repeat":"repeat","background-position":"center center","background-size":"auto","background-attachment":"scroll","background-type":"","background-media":"","overlay-type":"","overlay-color":"","overlay-opacity":"","overlay-gradient":""},"tablet":{"background-color":"","background-image":"","background-repeat":"repeat","background-position":"center center","background-size":"auto","background-attachment":"scroll","background-type":"","background-media":"","overlay-type":"","overlay-color":"","overlay-opacity":"","overlay-gradient":""},"mobile":{"background-color":"","background-image":"","background-repeat":"repeat","background-position":"center center","background-size":"auto","background-attachment":"scroll","background-type":"","background-media":"","overlay-type":"","overlay-color":"","overlay-opacity":"","overlay-gradient":""}},"ast-content-background-meta":{"desktop":{"background-color":"var(--ast-global-color-4)","background-image":"","background-repeat":"repeat","background-position":"center center","background-size":"auto","background-attachment":"scroll","background-type":"","background-media":"","overlay-type":"","overlay-color":"","overlay-opacity":"","overlay-gradient":""},"tablet":{"background-color":"var(--ast-global-color-4)","background-image":"","background-repeat":"repeat","background-position":"center center","background-size":"auto","background-attachment":"scroll","background-type":"","background-media":"","overlay-type":"","overlay-color":"","overlay-opacity":"","overlay-gradient":""},"mobile":{"background-color":"var(--ast-global-color-4)","background-image":"","background-repeat":"repeat","background-position":"center center","background-size":"auto","background-attachment":"scroll","background-type":"","background-media":"","overlay-type":"","overlay-color":"","overlay-opacity":"","overlay-gradient":""}}},"product_brand":[],"product_cat":[9853,269],"product_tag":[1096,5896,1883,1680,3508],"class_list":{"0":"post-9730","1":"product","2":"type-product","3":"status-publish","4":"has-post-thumbnail","6":"product_cat-augalai","7":"product_cat-gamtos-mokslai","8":"product_tag-liaudies-medicina","9":"product_tag-naturalus-vaistai","10":"product_tag-receptai","11":"product_tag-sveikata","12":"product_tag-zolininkyste","13":"pa_leidimo-metai-636","14":"desktop-align-left","15":"tablet-align-left","16":"mobile-align-left","18":"first","19":"outofstock","20":"shipping-taxable","21":"purchasable","22":"product-type-simple"},"acf":[],"yoast_head":"<!-- This site is optimized with the Yoast SEO plugin v27.0 - https:\/\/yoast.com\/product\/yoast-seo-wordpress\/ -->\n<title>Gydan\u010dioji \u017eoleli\u0173 galia. Senovini\u0173 recept\u0173 knyga<\/title>\n<meta name=\"description\" content=\"\u0160iame chemijos am\u017eiuje, kai dominuoja sintetiniai vaistai, \u017emon\u0117s vis da\u017eniau ima atsigr\u0119\u017eti \u012f gamt\u0105. Gydymas vaista\u017eol\u0117mis v\u0117l populiarus. Knygoje\u00a0\u201eGydan\u010dioji \u017eoleli\u0173 galia. Senovini\u0173 recept\u0173 knyga\u201c\u00a0atskleid\u017eiama kone kiekviename augal\u0117lyje slypinti gydan\u010dioji galia, pateikiama recept\u0173, kaip i\u0161sigydyti vienoki\u0105 ar kitoki\u0105 mus kamuojan\u010di\u0105 lig\u0105.  Knygoje\u00a0\u201eGydan\u010dioji \u017eoleli\u0173 galia. Senovini\u0173 recept\u0173 knyga\u201c\u00a0ra\u0161oma, kaip vaistiniais augalais galima i\u0161gydyti pa\u010dias \u012fvairiausias ligas, netgi tokias sunkias, kaip v\u0117\u017e\u012f, bronchin\u0119 astm\u0105, cukrin\u012f diabet\u0105, psoriaz\u0119.\u00a0Pateikiama organizm\u0105 valan\u010di\u0173 mi\u0161ini\u0173 recept\u0173.  Knyga\u00a0\u201eGydan\u010dioji \u017eoleli\u0173 galia. Senovini\u0173 recept\u0173 knyga\u201c\u00a0bus vertinga visiems, besidomintiems netradiciniais gydymo b\u016bdais.\" \/>\n<meta name=\"robots\" content=\"index, follow, max-snippet:-1, max-image-preview:large, max-video-preview:-1\" \/>\n<link rel=\"canonical\" href=\"https:\/\/skaitytaknyga.lt\/en\/produktas\/gydancioji-zoleliu-galia-senoviniu-receptu-knyga\/\" \/>\n<meta property=\"og:locale\" content=\"en_GB\" \/>\n<meta property=\"og:locale:alternate\" content=\"lt_LT\" \/>\n<meta property=\"og:type\" content=\"article\" \/>\n<meta property=\"og:title\" content=\"Gydan\u010dioji \u017eoleli\u0173 galia. Senovini\u0173 recept\u0173 knyga\" \/>\n<meta property=\"og:description\" content=\"\u0160iame chemijos am\u017eiuje, kai dominuoja sintetiniai vaistai, \u017emon\u0117s vis da\u017eniau ima atsigr\u0119\u017eti \u012f gamt\u0105. Gydymas vaista\u017eol\u0117mis v\u0117l populiarus. Knygoje\u00a0\u201eGydan\u010dioji \u017eoleli\u0173 galia. Senovini\u0173 recept\u0173 knyga\u201c\u00a0atskleid\u017eiama kone kiekviename augal\u0117lyje slypinti gydan\u010dioji galia, pateikiama recept\u0173, kaip i\u0161sigydyti vienoki\u0105 ar kitoki\u0105 mus kamuojan\u010di\u0105 lig\u0105.  Knygoje\u00a0\u201eGydan\u010dioji \u017eoleli\u0173 galia. Senovini\u0173 recept\u0173 knyga\u201c\u00a0ra\u0161oma, kaip vaistiniais augalais galima i\u0161gydyti pa\u010dias \u012fvairiausias ligas, netgi tokias sunkias, kaip v\u0117\u017e\u012f, bronchin\u0119 astm\u0105, cukrin\u012f diabet\u0105, psoriaz\u0119.\u00a0Pateikiama organizm\u0105 valan\u010di\u0173 mi\u0161ini\u0173 recept\u0173.  Knyga\u00a0\u201eGydan\u010dioji \u017eoleli\u0173 galia. Senovini\u0173 recept\u0173 knyga\u201c\u00a0bus vertinga visiems, besidomintiems netradiciniais gydymo b\u016bdais.\" \/>\n<meta property=\"og:url\" content=\"https:\/\/skaitytaknyga.lt\/en\/produktas\/gydancioji-zoleliu-galia-senoviniu-receptu-knyga\/\" \/>\n<meta property=\"og:site_name\" content=\"Skaitytaknyga\" \/>\n<meta property=\"article:publisher\" content=\"https:\/\/www.facebook.com\/skaitytaknyga\/\" \/>\n<meta property=\"article:modified_time\" content=\"2026-03-18T11:02:52+00:00\" \/>\n<meta property=\"og:image\" content=\"https:\/\/skaitytaknyga.lt\/wp-content\/uploads\/2024\/05\/1462887008_gydanciojizoleliugalia.jpg\" \/>\n\t<meta property=\"og:image:width\" content=\"285\" \/>\n\t<meta property=\"og:image:height\" content=\"430\" \/>\n\t<meta property=\"og:image:type\" content=\"image\/jpeg\" \/>\n<meta name=\"twitter:card\" content=\"summary_large_image\" \/>\n<meta name=\"twitter:label1\" content=\"Estimated reading time\" \/>\n\t<meta name=\"twitter:data1\" content=\"1 minute\" \/>\n<script type=\"application\/ld+json\" class=\"yoast-schema-graph\">{\"@context\":\"https:\/\/schema.org\",\"@graph\":[{\"@type\":\"WebPage\",\"@id\":\"https:\/\/skaitytaknyga.lt\/produktas\/gydancioji-zoleliu-galia-senoviniu-receptu-knyga\/\",\"url\":\"https:\/\/skaitytaknyga.lt\/produktas\/gydancioji-zoleliu-galia-senoviniu-receptu-knyga\/\",\"name\":\"Gydan\u010dioji \u017eoleli\u0173 galia. Senovini\u0173 recept\u0173 knyga\",\"isPartOf\":{\"@id\":\"https:\/\/skaitytaknyga.lt\/#website\"},\"primaryImageOfPage\":{\"@id\":\"https:\/\/skaitytaknyga.lt\/produktas\/gydancioji-zoleliu-galia-senoviniu-receptu-knyga\/#primaryimage\"},\"image\":{\"@id\":\"https:\/\/skaitytaknyga.lt\/produktas\/gydancioji-zoleliu-galia-senoviniu-receptu-knyga\/#primaryimage\"},\"thumbnailUrl\":\"https:\/\/skaitytaknyga.lt\/wp-content\/uploads\/2024\/05\/1462887008_gydanciojizoleliugalia.jpg\",\"datePublished\":\"2024-05-04T17:56:37+00:00\",\"dateModified\":\"2026-03-18T11:02:52+00:00\",\"description\":\"\u0160iame chemijos am\u017eiuje, kai dominuoja sintetiniai vaistai, \u017emon\u0117s vis da\u017eniau ima atsigr\u0119\u017eti \u012f gamt\u0105. Gydymas vaista\u017eol\u0117mis v\u0117l populiarus. Knygoje\u00a0\u201eGydan\u010dioji \u017eoleli\u0173 galia. Senovini\u0173 recept\u0173 knyga\u201c\u00a0atskleid\u017eiama kone kiekviename augal\u0117lyje slypinti gydan\u010dioji galia, pateikiama recept\u0173, kaip i\u0161sigydyti vienoki\u0105 ar kitoki\u0105 mus kamuojan\u010di\u0105 lig\u0105. Knygoje\u00a0\u201eGydan\u010dioji \u017eoleli\u0173 galia. Senovini\u0173 recept\u0173 knyga\u201c\u00a0ra\u0161oma, kaip vaistiniais augalais galima i\u0161gydyti pa\u010dias \u012fvairiausias ligas, netgi tokias sunkias, kaip v\u0117\u017e\u012f, bronchin\u0119 astm\u0105, cukrin\u012f diabet\u0105, psoriaz\u0119.\u00a0Pateikiama organizm\u0105 valan\u010di\u0173 mi\u0161ini\u0173 recept\u0173. Knyga\u00a0\u201eGydan\u010dioji \u017eoleli\u0173 galia. Senovini\u0173 recept\u0173 knyga\u201c\u00a0bus vertinga visiems, besidomintiems netradiciniais gydymo b\u016bdais.\",\"breadcrumb\":{\"@id\":\"https:\/\/skaitytaknyga.lt\/produktas\/gydancioji-zoleliu-galia-senoviniu-receptu-knyga\/#breadcrumb\"},\"inLanguage\":\"en-GB\",\"potentialAction\":[{\"@type\":\"ReadAction\",\"target\":[\"https:\/\/skaitytaknyga.lt\/produktas\/gydancioji-zoleliu-galia-senoviniu-receptu-knyga\/\"]}]},{\"@type\":\"ImageObject\",\"inLanguage\":\"en-GB\",\"@id\":\"https:\/\/skaitytaknyga.lt\/produktas\/gydancioji-zoleliu-galia-senoviniu-receptu-knyga\/#primaryimage\",\"url\":\"https:\/\/skaitytaknyga.lt\/wp-content\/uploads\/2024\/05\/1462887008_gydanciojizoleliugalia.jpg\",\"contentUrl\":\"https:\/\/skaitytaknyga.lt\/wp-content\/uploads\/2024\/05\/1462887008_gydanciojizoleliugalia.jpg\",\"width\":285,\"height\":430},{\"@type\":\"BreadcrumbList\",\"@id\":\"https:\/\/skaitytaknyga.lt\/produktas\/gydancioji-zoleliu-galia-senoviniu-receptu-knyga\/#breadcrumb\",\"itemListElement\":[{\"@type\":\"ListItem\",\"position\":1,\"name\":\"Home\",\"item\":\"https:\/\/skaitytaknyga.lt\/\"},{\"@type\":\"ListItem\",\"position\":2,\"name\":\"Parduotuv\u0117\",\"item\":\"https:\/\/skaitytaknyga.lt\/knygu-parduotuve\/\"},{\"@type\":\"ListItem\",\"position\":3,\"name\":\"Gydan\u010dioji \u017eoleli\u0173 galia. Senovini\u0173 recept\u0173 knyga\"}]},{\"@type\":\"WebSite\",\"@id\":\"https:\/\/skaitytaknyga.lt\/#website\",\"url\":\"https:\/\/skaitytaknyga.lt\/\",\"name\":\"skaitytaknyga.lt\",\"description\":\"Skaitytaknyga.lt \u2013 tai ma\u017eas \u0161eimos verslas, kuris prasid\u0117jo nuo meil\u0117s knygoms ir siekio i\u0161gelb\u0117ti knygas nuo likimo prie konteinerio. Kas vienam nereikalingas daiktas \u2013 kitam lobis, o mes esame tarpininkai, kurie padeda abiems tapti laimingesniems ???? \u017dinome kaip nelengva i\u0161gyventi ma\u017eiems verslams, tad nuo \u0161iol, \u010dia rasite ir kit\u0173, ma\u017e\u0173 \u0161eim\u0173 versl\u0173, rank\u0173 darbo, dovan\u0173 sau ir artimiesiems.\",\"publisher\":{\"@id\":\"https:\/\/skaitytaknyga.lt\/#organization\"},\"potentialAction\":[{\"@type\":\"SearchAction\",\"target\":{\"@type\":\"EntryPoint\",\"urlTemplate\":\"https:\/\/skaitytaknyga.lt\/?s={search_term_string}\"},\"query-input\":{\"@type\":\"PropertyValueSpecification\",\"valueRequired\":true,\"valueName\":\"search_term_string\"}}],\"inLanguage\":\"en-GB\"},{\"@type\":\"Organization\",\"@id\":\"https:\/\/skaitytaknyga.lt\/#organization\",\"name\":\"skaitytaknyga.lt\",\"url\":\"https:\/\/skaitytaknyga.lt\/\",\"logo\":{\"@type\":\"ImageObject\",\"inLanguage\":\"en-GB\",\"@id\":\"https:\/\/skaitytaknyga.lt\/#\/schema\/logo\/image\/\",\"url\":\"https:\/\/skaitytaknyga.lt\/wp-content\/uploads\/2024\/05\/cropped-cropped-cropped-02_00843_jt3bggkj1j3HLc7SyY6rEUpg.jpeg\",\"contentUrl\":\"https:\/\/skaitytaknyga.lt\/wp-content\/uploads\/2024\/05\/cropped-cropped-cropped-02_00843_jt3bggkj1j3HLc7SyY6rEUpg.jpeg\",\"width\":1600,\"height\":1600,\"caption\":\"skaitytaknyga.lt\"},\"image\":{\"@id\":\"https:\/\/skaitytaknyga.lt\/#\/schema\/logo\/image\/\"},\"sameAs\":[\"https:\/\/www.facebook.com\/skaitytaknyga\/\"]}]}<\/script>\n<!-- \/ Yoast SEO plugin. -->","yoast_head_json":{"title":"Gydan\u010dioji \u017eoleli\u0173 galia. Senovini\u0173 recept\u0173 knyga","description":"\u0160iame chemijos am\u017eiuje, kai dominuoja sintetiniai vaistai, \u017emon\u0117s vis da\u017eniau ima atsigr\u0119\u017eti \u012f gamt\u0105. Gydymas vaista\u017eol\u0117mis v\u0117l populiarus. Knygoje\u00a0\u201eGydan\u010dioji \u017eoleli\u0173 galia. Senovini\u0173 recept\u0173 knyga\u201c\u00a0atskleid\u017eiama kone kiekviename augal\u0117lyje slypinti gydan\u010dioji galia, pateikiama recept\u0173, kaip i\u0161sigydyti vienoki\u0105 ar kitoki\u0105 mus kamuojan\u010di\u0105 lig\u0105.  Knygoje\u00a0\u201eGydan\u010dioji \u017eoleli\u0173 galia. Senovini\u0173 recept\u0173 knyga\u201c\u00a0ra\u0161oma, kaip vaistiniais augalais galima i\u0161gydyti pa\u010dias \u012fvairiausias ligas, netgi tokias sunkias, kaip v\u0117\u017e\u012f, bronchin\u0119 astm\u0105, cukrin\u012f diabet\u0105, psoriaz\u0119.\u00a0Pateikiama organizm\u0105 valan\u010di\u0173 mi\u0161ini\u0173 recept\u0173.  Knyga\u00a0\u201eGydan\u010dioji \u017eoleli\u0173 galia. Senovini\u0173 recept\u0173 knyga\u201c\u00a0bus vertinga visiems, besidomintiems netradiciniais gydymo b\u016bdais.","robots":{"index":"index","follow":"follow","max-snippet":"max-snippet:-1","max-image-preview":"max-image-preview:large","max-video-preview":"max-video-preview:-1"},"canonical":"https:\/\/skaitytaknyga.lt\/en\/produktas\/gydancioji-zoleliu-galia-senoviniu-receptu-knyga\/","og_locale":"en_GB","og_type":"article","og_title":"[:lt]Gydan\u010dioji \u017eoleli\u0173 galia. Senovini\u0173 recept\u0173 knyga[:] - Skaitytaknyga","og_description":"\u0160iame chemijos am\u017eiuje, kai dominuoja sintetiniai vaistai, \u017emon\u0117s vis da\u017eniau ima atsigr\u0119\u017eti \u012f gamt\u0105. Gydymas vaista\u017eol\u0117mis v\u0117l populiarus. Knygoje\u00a0\u201eGydan\u010dioji \u017eoleli\u0173 galia. Senovini\u0173 recept\u0173 knyga\u201c\u00a0atskleid\u017eiama kone kiekviename augal\u0117lyje slypinti gydan\u010dioji galia, pateikiama recept\u0173, kaip i\u0161sigydyti vienoki\u0105 ar kitoki\u0105 mus kamuojan\u010di\u0105 lig\u0105.  Knygoje\u00a0\u201eGydan\u010dioji \u017eoleli\u0173 galia. Senovini\u0173 recept\u0173 knyga\u201c\u00a0ra\u0161oma, kaip vaistiniais augalais galima i\u0161gydyti pa\u010dias \u012fvairiausias ligas, netgi tokias sunkias, kaip v\u0117\u017e\u012f, bronchin\u0119 astm\u0105, cukrin\u012f diabet\u0105, psoriaz\u0119.\u00a0Pateikiama organizm\u0105 valan\u010di\u0173 mi\u0161ini\u0173 recept\u0173.  Knyga\u00a0\u201eGydan\u010dioji \u017eoleli\u0173 galia. Senovini\u0173 recept\u0173 knyga\u201c\u00a0bus vertinga visiems, besidomintiems netradiciniais gydymo b\u016bdais.","og_url":"https:\/\/skaitytaknyga.lt\/en\/produktas\/gydancioji-zoleliu-galia-senoviniu-receptu-knyga\/","og_site_name":"Skaitytaknyga","article_publisher":"https:\/\/www.facebook.com\/skaitytaknyga\/","article_modified_time":"2026-03-18T11:02:52+00:00","og_image":[{"width":285,"height":430,"url":"https:\/\/skaitytaknyga.lt\/wp-content\/uploads\/2024\/05\/1462887008_gydanciojizoleliugalia.jpg","type":"image\/jpeg"}],"twitter_card":"summary_large_image","twitter_misc":{"Estimated reading time":"1 minute"},"schema":{"@context":"https:\/\/schema.org","@graph":[{"@type":"WebPage","@id":"https:\/\/skaitytaknyga.lt\/produktas\/gydancioji-zoleliu-galia-senoviniu-receptu-knyga\/","url":"https:\/\/skaitytaknyga.lt\/produktas\/gydancioji-zoleliu-galia-senoviniu-receptu-knyga\/","name":"Gydan\u010dioji \u017eoleli\u0173 galia. Senovini\u0173 recept\u0173 knyga","isPartOf":{"@id":"https:\/\/skaitytaknyga.lt\/#website"},"primaryImageOfPage":{"@id":"https:\/\/skaitytaknyga.lt\/produktas\/gydancioji-zoleliu-galia-senoviniu-receptu-knyga\/#primaryimage"},"image":{"@id":"https:\/\/skaitytaknyga.lt\/produktas\/gydancioji-zoleliu-galia-senoviniu-receptu-knyga\/#primaryimage"},"thumbnailUrl":"https:\/\/skaitytaknyga.lt\/wp-content\/uploads\/2024\/05\/1462887008_gydanciojizoleliugalia.jpg","datePublished":"2024-05-04T17:56:37+00:00","dateModified":"2026-03-18T11:02:52+00:00","description":"\u0160iame chemijos am\u017eiuje, kai dominuoja sintetiniai vaistai, \u017emon\u0117s vis da\u017eniau ima atsigr\u0119\u017eti \u012f gamt\u0105. Gydymas vaista\u017eol\u0117mis v\u0117l populiarus. Knygoje\u00a0\u201eGydan\u010dioji \u017eoleli\u0173 galia. Senovini\u0173 recept\u0173 knyga\u201c\u00a0atskleid\u017eiama kone kiekviename augal\u0117lyje slypinti gydan\u010dioji galia, pateikiama recept\u0173, kaip i\u0161sigydyti vienoki\u0105 ar kitoki\u0105 mus kamuojan\u010di\u0105 lig\u0105. Knygoje\u00a0\u201eGydan\u010dioji \u017eoleli\u0173 galia. Senovini\u0173 recept\u0173 knyga\u201c\u00a0ra\u0161oma, kaip vaistiniais augalais galima i\u0161gydyti pa\u010dias \u012fvairiausias ligas, netgi tokias sunkias, kaip v\u0117\u017e\u012f, bronchin\u0119 astm\u0105, cukrin\u012f diabet\u0105, psoriaz\u0119.\u00a0Pateikiama organizm\u0105 valan\u010di\u0173 mi\u0161ini\u0173 recept\u0173. Knyga\u00a0\u201eGydan\u010dioji \u017eoleli\u0173 galia. Senovini\u0173 recept\u0173 knyga\u201c\u00a0bus vertinga visiems, besidomintiems netradiciniais gydymo b\u016bdais.","breadcrumb":{"@id":"https:\/\/skaitytaknyga.lt\/produktas\/gydancioji-zoleliu-galia-senoviniu-receptu-knyga\/#breadcrumb"},"inLanguage":"en-GB","potentialAction":[{"@type":"ReadAction","target":["https:\/\/skaitytaknyga.lt\/produktas\/gydancioji-zoleliu-galia-senoviniu-receptu-knyga\/"]}]},{"@type":"ImageObject","inLanguage":"en-GB","@id":"https:\/\/skaitytaknyga.lt\/produktas\/gydancioji-zoleliu-galia-senoviniu-receptu-knyga\/#primaryimage","url":"https:\/\/skaitytaknyga.lt\/wp-content\/uploads\/2024\/05\/1462887008_gydanciojizoleliugalia.jpg","contentUrl":"https:\/\/skaitytaknyga.lt\/wp-content\/uploads\/2024\/05\/1462887008_gydanciojizoleliugalia.jpg","width":285,"height":430},{"@type":"BreadcrumbList","@id":"https:\/\/skaitytaknyga.lt\/produktas\/gydancioji-zoleliu-galia-senoviniu-receptu-knyga\/#breadcrumb","itemListElement":[{"@type":"ListItem","position":1,"name":"Home","item":"https:\/\/skaitytaknyga.lt\/"},{"@type":"ListItem","position":2,"name":"Parduotuv\u0117","item":"https:\/\/skaitytaknyga.lt\/knygu-parduotuve\/"},{"@type":"ListItem","position":3,"name":"Gydan\u010dioji \u017eoleli\u0173 galia. Senovini\u0173 recept\u0173 knyga"}]},{"@type":"WebSite","@id":"https:\/\/skaitytaknyga.lt\/#website","url":"https:\/\/skaitytaknyga.lt\/","name":"skaitytaknyga.lt","description":"Skaitytaknyga.lt \u2013 tai ma\u017eas \u0161eimos verslas, kuris prasid\u0117jo nuo meil\u0117s knygoms ir siekio i\u0161gelb\u0117ti knygas nuo likimo prie konteinerio. Kas vienam nereikalingas daiktas \u2013 kitam lobis, o mes esame tarpininkai, kurie padeda abiems tapti laimingesniems ???? \u017dinome kaip nelengva i\u0161gyventi ma\u017eiems verslams, tad nuo \u0161iol, \u010dia rasite ir kit\u0173, ma\u017e\u0173 \u0161eim\u0173 versl\u0173, rank\u0173 darbo, dovan\u0173 sau ir artimiesiems.","publisher":{"@id":"https:\/\/skaitytaknyga.lt\/#organization"},"potentialAction":[{"@type":"SearchAction","target":{"@type":"EntryPoint","urlTemplate":"https:\/\/skaitytaknyga.lt\/?s={search_term_string}"},"query-input":{"@type":"PropertyValueSpecification","valueRequired":true,"valueName":"search_term_string"}}],"inLanguage":"en-GB"},{"@type":"Organization","@id":"https:\/\/skaitytaknyga.lt\/#organization","name":"skaitytaknyga.lt","url":"https:\/\/skaitytaknyga.lt\/","logo":{"@type":"ImageObject","inLanguage":"en-GB","@id":"https:\/\/skaitytaknyga.lt\/#\/schema\/logo\/image\/","url":"https:\/\/skaitytaknyga.lt\/wp-content\/uploads\/2024\/05\/cropped-cropped-cropped-02_00843_jt3bggkj1j3HLc7SyY6rEUpg.jpeg","contentUrl":"https:\/\/skaitytaknyga.lt\/wp-content\/uploads\/2024\/05\/cropped-cropped-cropped-02_00843_jt3bggkj1j3HLc7SyY6rEUpg.jpeg","width":1600,"height":1600,"caption":"skaitytaknyga.lt"},"image":{"@id":"https:\/\/skaitytaknyga.lt\/#\/schema\/logo\/image\/"},"sameAs":["https:\/\/www.facebook.com\/skaitytaknyga\/"]}]}},"_links":{"self":[{"href":"https:\/\/skaitytaknyga.lt\/en\/wp-json\/wp\/v2\/product\/9730","targetHints":{"allow":["GET"]}}],"collection":[{"href":"https:\/\/skaitytaknyga.lt\/en\/wp-json\/wp\/v2\/product"}],"about":[{"href":"https:\/\/skaitytaknyga.lt\/en\/wp-json\/wp\/v2\/types\/product"}],"replies":[{"embeddable":true,"href":"https:\/\/skaitytaknyga.lt\/en\/wp-json\/wp\/v2\/comments?post=9730"}],"wp:featuredmedia":[{"embeddable":true,"href":"https:\/\/skaitytaknyga.lt\/en\/wp-json\/wp\/v2\/media\/9780"}],"wp:attachment":[{"href":"https:\/\/skaitytaknyga.lt\/en\/wp-json\/wp\/v2\/media?parent=9730"}],"wp:term":[{"taxonomy":"product_brand","embeddable":true,"href":"https:\/\/skaitytaknyga.lt\/en\/wp-json\/wp\/v2\/product_brand?post=9730"},{"taxonomy":"product_cat","embeddable":true,"href":"https:\/\/skaitytaknyga.lt\/en\/wp-json\/wp\/v2\/product_cat?post=9730"},{"taxonomy":"product_tag","embeddable":true,"href":"https:\/\/skaitytaknyga.lt\/en\/wp-json\/wp\/v2\/product_tag?post=9730"}],"curies":[{"name":"wp","href":"https:\/\/api.w.org\/{rel}","templated":true}]}}