{"id":9729,"date":"2024-05-04T17:56:37","date_gmt":"2024-05-04T17:56:37","guid":{"rendered":"https:\/\/skaitytaknyga.lt\/?post_type=product&#038;p=9729"},"modified":"2025-05-12T08:26:42","modified_gmt":"2025-05-12T05:26:42","slug":"s-king-p-straub-black-house-pagelte-lapai","status":"publish","type":"product","link":"https:\/\/skaitytaknyga.lt\/en\/produktas\/s-king-p-straub-black-house-pagelte-lapai\/","title":{"rendered":"Black house"},"content":{"rendered":"<p>Abandoned by his friends as they cycle through the Wisconsin town of French Landing, ten-year-old Ty Marshall spots a crow hopping towards him down the sidewalk. Then it calls his name. Fascinated, Ty gets off his bike for a closer look &#8211; and is dragged into the shadows.<\/p>\n<p>Is Ty destined to become the fourth victim of the Fisherman, the serial killer who&#8217;s stalking this sleepy town? If so, only ex-detective Jack Sawyer may be able to save him. Jack left his old life behind precisely to avoid such madness, but lately he&#8217;s been visited by strange nightmares and visions. Could the doomed past he thought he&#8217;d escaped forever be reaching put for him&#8230; from the Black House?<\/p>\n","protected":false},"excerpt":{"rendered":"<p>Abandoned by his friends as they cycle through the Wisconsin town of French Landing, ten-year-old Ty Marshall spots a crow hopping towards him down the sidewalk. Then it calls his name. Fascinated, Ty gets off his bike for a closer look &#8211; and is dragged into the shadows.<\/p>\n<p>Is Ty destined to become the fourth victim of the Fisherman, the serial killer who&#8217;s stalking this sleepy town? If so, only ex-detective Jack Sawyer may be able to save him. Jack left his old life behind precisely to avoid such madness, but lately he&#8217;s been visited by strange nightmares and visions. Could the doomed past he thought he&#8217;d escaped forever be reaching put for him&#8230; from the Black House?<\/p>\n","protected":false},"featured_media":9779,"comment_status":"closed","ping_status":"closed","template":"","meta":{"_acf_changed":false,"site-sidebar-layout":"default","site-content-layout":"","ast-site-content-layout":"default","site-content-style":"default","site-sidebar-style":"default","ast-global-header-display":"","ast-banner-title-visibility":"","ast-main-header-display":"","ast-hfb-above-header-display":"","ast-hfb-below-header-display":"","ast-hfb-mobile-header-display":"","site-post-title":"","ast-breadcrumbs-content":"","ast-featured-img":"","footer-sml-layout":"","ast-disable-related-posts":"","theme-transparent-header-meta":"","adv-header-id-meta":"","stick-header-meta":"","header-above-stick-meta":"","header-main-stick-meta":"","header-below-stick-meta":"","astra-migrate-meta-layouts":"default","ast-page-background-enabled":"default","ast-page-background-meta":{"desktop":{"background-color":"","background-image":"","background-repeat":"repeat","background-position":"center center","background-size":"auto","background-attachment":"scroll","background-type":"","background-media":"","overlay-type":"","overlay-color":"","overlay-opacity":"","overlay-gradient":""},"tablet":{"background-color":"","background-image":"","background-repeat":"repeat","background-position":"center center","background-size":"auto","background-attachment":"scroll","background-type":"","background-media":"","overlay-type":"","overlay-color":"","overlay-opacity":"","overlay-gradient":""},"mobile":{"background-color":"","background-image":"","background-repeat":"repeat","background-position":"center center","background-size":"auto","background-attachment":"scroll","background-type":"","background-media":"","overlay-type":"","overlay-color":"","overlay-opacity":"","overlay-gradient":""}},"ast-content-background-meta":{"desktop":{"background-color":"var(--ast-global-color-4)","background-image":"","background-repeat":"repeat","background-position":"center center","background-size":"auto","background-attachment":"scroll","background-type":"","background-media":"","overlay-type":"","overlay-color":"","overlay-opacity":"","overlay-gradient":""},"tablet":{"background-color":"var(--ast-global-color-4)","background-image":"","background-repeat":"repeat","background-position":"center center","background-size":"auto","background-attachment":"scroll","background-type":"","background-media":"","overlay-type":"","overlay-color":"","overlay-opacity":"","overlay-gradient":""},"mobile":{"background-color":"var(--ast-global-color-4)","background-image":"","background-repeat":"repeat","background-position":"center center","background-size":"auto","background-attachment":"scroll","background-type":"","background-media":"","overlay-type":"","overlay-color":"","overlay-opacity":"","overlay-gradient":""}}},"product_brand":[],"product_cat":[31],"product_tag":[],"class_list":{"0":"post-9729","1":"product","2":"type-product","3":"status-publish","4":"has-post-thumbnail","6":"product_cat-grozine-literatura","7":"desktop-align-left","8":"tablet-align-left","9":"mobile-align-left","11":"first","12":"outofstock","13":"shipping-taxable","14":"purchasable","15":"product-type-simple"},"acf":[],"yoast_head":"<!-- This site is optimized with the Yoast SEO plugin v27.4 - https:\/\/yoast.com\/product\/yoast-seo-wordpress\/ -->\n<title>Black house<\/title>\n<meta name=\"description\" content=\"Abandoned by his friends as they cycle through the Wisconsin town of French Landing, ten-year-old Ty Marshall spots a crow hopping towards him down the sidewalk. Then it calls his name. Fascinated, Ty gets off his bike for a closer look - and is dragged into the shadows.  Is Ty destined to become the fourth victim of the Fisherman, the serial killer who&#039;s stalking this sleepy town? If so, only ex-detective Jack Sawyer may be able to save him. Jack left his old life behind precisely to avoid such madness, but lately he&#039;s been visited by strange nightmares and visions. Could the doomed past he thought he&#039;d escaped forever be reaching put for him... from the Black House?\" \/>\n<meta name=\"robots\" content=\"index, follow, max-snippet:-1, max-image-preview:large, max-video-preview:-1\" \/>\n<link rel=\"canonical\" href=\"https:\/\/skaitytaknyga.lt\/en\/produktas\/s-king-p-straub-black-house-pagelte-lapai\/\" \/>\n<meta property=\"og:locale\" content=\"en_GB\" \/>\n<meta property=\"og:locale:alternate\" content=\"lt_LT\" \/>\n<meta property=\"og:type\" content=\"article\" \/>\n<meta property=\"og:title\" content=\"Black house\" \/>\n<meta property=\"og:description\" content=\"Abandoned by his friends as they cycle through the Wisconsin town of French Landing, ten-year-old Ty Marshall spots a crow hopping towards him down the sidewalk. Then it calls his name. Fascinated, Ty gets off his bike for a closer look - and is dragged into the shadows.  Is Ty destined to become the fourth victim of the Fisherman, the serial killer who&#039;s stalking this sleepy town? If so, only ex-detective Jack Sawyer may be able to save him. Jack left his old life behind precisely to avoid such madness, but lately he&#039;s been visited by strange nightmares and visions. Could the doomed past he thought he&#039;d escaped forever be reaching put for him... from the Black House?\" \/>\n<meta property=\"og:url\" content=\"https:\/\/skaitytaknyga.lt\/en\/produktas\/s-king-p-straub-black-house-pagelte-lapai\/\" \/>\n<meta property=\"og:site_name\" content=\"Skaitytaknyga\" \/>\n<meta property=\"article:publisher\" content=\"https:\/\/www.facebook.com\/skaitytaknyga\/\" \/>\n<meta property=\"article:modified_time\" content=\"2025-05-12T05:26:42+00:00\" \/>\n<meta property=\"og:image\" content=\"https:\/\/skaitytaknyga.lt\/wp-content\/uploads\/2024\/05\/atsisiusti-1-1.jpg\" \/>\n\t<meta property=\"og:image:width\" content=\"181\" \/>\n\t<meta property=\"og:image:height\" content=\"278\" \/>\n\t<meta property=\"og:image:type\" content=\"image\/jpeg\" \/>\n<meta name=\"twitter:card\" content=\"summary_large_image\" \/>\n<meta name=\"twitter:label1\" content=\"Estimated reading time\" \/>\n\t<meta name=\"twitter:data1\" content=\"1 minute\" \/>\n<script type=\"application\/ld+json\" class=\"yoast-schema-graph\">{\"@context\":\"https:\\\/\\\/schema.org\",\"@graph\":[{\"@type\":\"WebPage\",\"@id\":\"https:\\\/\\\/skaitytaknyga.lt\\\/produktas\\\/s-king-p-straub-black-house-pagelte-lapai\\\/\",\"url\":\"https:\\\/\\\/skaitytaknyga.lt\\\/produktas\\\/s-king-p-straub-black-house-pagelte-lapai\\\/\",\"name\":\"Black house\",\"isPartOf\":{\"@id\":\"https:\\\/\\\/skaitytaknyga.lt\\\/#website\"},\"primaryImageOfPage\":{\"@id\":\"https:\\\/\\\/skaitytaknyga.lt\\\/produktas\\\/s-king-p-straub-black-house-pagelte-lapai\\\/#primaryimage\"},\"image\":{\"@id\":\"https:\\\/\\\/skaitytaknyga.lt\\\/produktas\\\/s-king-p-straub-black-house-pagelte-lapai\\\/#primaryimage\"},\"thumbnailUrl\":\"https:\\\/\\\/skaitytaknyga.lt\\\/wp-content\\\/uploads\\\/2024\\\/05\\\/atsisiusti-1-1.jpg\",\"datePublished\":\"2024-05-04T17:56:37+00:00\",\"dateModified\":\"2025-05-12T05:26:42+00:00\",\"description\":\"Abandoned by his friends as they cycle through the Wisconsin town of French Landing, ten-year-old Ty Marshall spots a crow hopping towards him down the sidewalk. Then it calls his name. Fascinated, Ty gets off his bike for a closer look - and is dragged into the shadows. Is Ty destined to become the fourth victim of the Fisherman, the serial killer who's stalking this sleepy town? If so, only ex-detective Jack Sawyer may be able to save him. Jack left his old life behind precisely to avoid such madness, but lately he's been visited by strange nightmares and visions. Could the doomed past he thought he'd escaped forever be reaching put for him... from the Black House?\",\"breadcrumb\":{\"@id\":\"https:\\\/\\\/skaitytaknyga.lt\\\/produktas\\\/s-king-p-straub-black-house-pagelte-lapai\\\/#breadcrumb\"},\"inLanguage\":\"en-GB\",\"potentialAction\":[{\"@type\":\"ReadAction\",\"target\":[\"https:\\\/\\\/skaitytaknyga.lt\\\/produktas\\\/s-king-p-straub-black-house-pagelte-lapai\\\/\"]}]},{\"@type\":\"ImageObject\",\"inLanguage\":\"en-GB\",\"@id\":\"https:\\\/\\\/skaitytaknyga.lt\\\/produktas\\\/s-king-p-straub-black-house-pagelte-lapai\\\/#primaryimage\",\"url\":\"https:\\\/\\\/skaitytaknyga.lt\\\/wp-content\\\/uploads\\\/2024\\\/05\\\/atsisiusti-1-1.jpg\",\"contentUrl\":\"https:\\\/\\\/skaitytaknyga.lt\\\/wp-content\\\/uploads\\\/2024\\\/05\\\/atsisiusti-1-1.jpg\",\"width\":181,\"height\":278},{\"@type\":\"BreadcrumbList\",\"@id\":\"https:\\\/\\\/skaitytaknyga.lt\\\/produktas\\\/s-king-p-straub-black-house-pagelte-lapai\\\/#breadcrumb\",\"itemListElement\":[{\"@type\":\"ListItem\",\"position\":1,\"name\":\"Home\",\"item\":\"https:\\\/\\\/skaitytaknyga.lt\\\/\"},{\"@type\":\"ListItem\",\"position\":2,\"name\":\"Parduotuv\u0117\",\"item\":\"https:\\\/\\\/skaitytaknyga.lt\\\/knygu-parduotuve\\\/\"},{\"@type\":\"ListItem\",\"position\":3,\"name\":\"Black house\"}]},{\"@type\":\"WebSite\",\"@id\":\"https:\\\/\\\/skaitytaknyga.lt\\\/#website\",\"url\":\"https:\\\/\\\/skaitytaknyga.lt\\\/\",\"name\":\"skaitytaknyga.lt\",\"description\":\"Skaitytaknyga.lt \u2013 tai ma\u017eas \u0161eimos verslas, kuris prasid\u0117jo nuo meil\u0117s knygoms ir siekio i\u0161gelb\u0117ti knygas nuo likimo prie konteinerio. Kas vienam nereikalingas daiktas \u2013 kitam lobis, o mes esame tarpininkai, kurie padeda abiems tapti laimingesniems ???? \u017dinome kaip nelengva i\u0161gyventi ma\u017eiems verslams, tad nuo \u0161iol, \u010dia rasite ir kit\u0173, ma\u017e\u0173 \u0161eim\u0173 versl\u0173, rank\u0173 darbo, dovan\u0173 sau ir artimiesiems.\",\"publisher\":{\"@id\":\"https:\\\/\\\/skaitytaknyga.lt\\\/#organization\"},\"potentialAction\":[{\"@type\":\"SearchAction\",\"target\":{\"@type\":\"EntryPoint\",\"urlTemplate\":\"https:\\\/\\\/skaitytaknyga.lt\\\/?s={search_term_string}\"},\"query-input\":{\"@type\":\"PropertyValueSpecification\",\"valueRequired\":true,\"valueName\":\"search_term_string\"}}],\"inLanguage\":\"en-GB\"},{\"@type\":\"Organization\",\"@id\":\"https:\\\/\\\/skaitytaknyga.lt\\\/#organization\",\"name\":\"skaitytaknyga.lt\",\"url\":\"https:\\\/\\\/skaitytaknyga.lt\\\/\",\"logo\":{\"@type\":\"ImageObject\",\"inLanguage\":\"en-GB\",\"@id\":\"https:\\\/\\\/skaitytaknyga.lt\\\/#\\\/schema\\\/logo\\\/image\\\/\",\"url\":\"https:\\\/\\\/skaitytaknyga.lt\\\/wp-content\\\/uploads\\\/2024\\\/05\\\/cropped-cropped-cropped-02_00843_jt3bggkj1j3HLc7SyY6rEUpg.jpeg\",\"contentUrl\":\"https:\\\/\\\/skaitytaknyga.lt\\\/wp-content\\\/uploads\\\/2024\\\/05\\\/cropped-cropped-cropped-02_00843_jt3bggkj1j3HLc7SyY6rEUpg.jpeg\",\"width\":1600,\"height\":1600,\"caption\":\"skaitytaknyga.lt\"},\"image\":{\"@id\":\"https:\\\/\\\/skaitytaknyga.lt\\\/#\\\/schema\\\/logo\\\/image\\\/\"},\"sameAs\":[\"https:\\\/\\\/www.facebook.com\\\/skaitytaknyga\\\/\"]}]}<\/script>\n<!-- \/ Yoast SEO plugin. -->","yoast_head_json":{"title":"Black house","description":"Abandoned by his friends as they cycle through the Wisconsin town of French Landing, ten-year-old Ty Marshall spots a crow hopping towards him down the sidewalk. Then it calls his name. Fascinated, Ty gets off his bike for a closer look - and is dragged into the shadows.  Is Ty destined to become the fourth victim of the Fisherman, the serial killer who's stalking this sleepy town? If so, only ex-detective Jack Sawyer may be able to save him. Jack left his old life behind precisely to avoid such madness, but lately he's been visited by strange nightmares and visions. Could the doomed past he thought he'd escaped forever be reaching put for him... from the Black House?","robots":{"index":"index","follow":"follow","max-snippet":"max-snippet:-1","max-image-preview":"max-image-preview:large","max-video-preview":"max-video-preview:-1"},"canonical":"https:\/\/skaitytaknyga.lt\/en\/produktas\/s-king-p-straub-black-house-pagelte-lapai\/","og_locale":"en_GB","og_type":"article","og_title":"[:lt]Black house[:] - Skaitytaknyga","og_description":"Abandoned by his friends as they cycle through the Wisconsin town of French Landing, ten-year-old Ty Marshall spots a crow hopping towards him down the sidewalk. Then it calls his name. Fascinated, Ty gets off his bike for a closer look - and is dragged into the shadows.  Is Ty destined to become the fourth victim of the Fisherman, the serial killer who's stalking this sleepy town? If so, only ex-detective Jack Sawyer may be able to save him. Jack left his old life behind precisely to avoid such madness, but lately he's been visited by strange nightmares and visions. Could the doomed past he thought he'd escaped forever be reaching put for him... from the Black House?","og_url":"https:\/\/skaitytaknyga.lt\/en\/produktas\/s-king-p-straub-black-house-pagelte-lapai\/","og_site_name":"Skaitytaknyga","article_publisher":"https:\/\/www.facebook.com\/skaitytaknyga\/","article_modified_time":"2025-05-12T05:26:42+00:00","og_image":[{"width":181,"height":278,"url":"https:\/\/skaitytaknyga.lt\/wp-content\/uploads\/2024\/05\/atsisiusti-1-1.jpg","type":"image\/jpeg"}],"twitter_card":"summary_large_image","twitter_misc":{"Estimated reading time":"1 minute"},"schema":{"@context":"https:\/\/schema.org","@graph":[{"@type":"WebPage","@id":"https:\/\/skaitytaknyga.lt\/produktas\/s-king-p-straub-black-house-pagelte-lapai\/","url":"https:\/\/skaitytaknyga.lt\/produktas\/s-king-p-straub-black-house-pagelte-lapai\/","name":"Black house","isPartOf":{"@id":"https:\/\/skaitytaknyga.lt\/#website"},"primaryImageOfPage":{"@id":"https:\/\/skaitytaknyga.lt\/produktas\/s-king-p-straub-black-house-pagelte-lapai\/#primaryimage"},"image":{"@id":"https:\/\/skaitytaknyga.lt\/produktas\/s-king-p-straub-black-house-pagelte-lapai\/#primaryimage"},"thumbnailUrl":"https:\/\/skaitytaknyga.lt\/wp-content\/uploads\/2024\/05\/atsisiusti-1-1.jpg","datePublished":"2024-05-04T17:56:37+00:00","dateModified":"2025-05-12T05:26:42+00:00","description":"Abandoned by his friends as they cycle through the Wisconsin town of French Landing, ten-year-old Ty Marshall spots a crow hopping towards him down the sidewalk. Then it calls his name. Fascinated, Ty gets off his bike for a closer look - and is dragged into the shadows. Is Ty destined to become the fourth victim of the Fisherman, the serial killer who's stalking this sleepy town? If so, only ex-detective Jack Sawyer may be able to save him. Jack left his old life behind precisely to avoid such madness, but lately he's been visited by strange nightmares and visions. Could the doomed past he thought he'd escaped forever be reaching put for him... from the Black House?","breadcrumb":{"@id":"https:\/\/skaitytaknyga.lt\/produktas\/s-king-p-straub-black-house-pagelte-lapai\/#breadcrumb"},"inLanguage":"en-GB","potentialAction":[{"@type":"ReadAction","target":["https:\/\/skaitytaknyga.lt\/produktas\/s-king-p-straub-black-house-pagelte-lapai\/"]}]},{"@type":"ImageObject","inLanguage":"en-GB","@id":"https:\/\/skaitytaknyga.lt\/produktas\/s-king-p-straub-black-house-pagelte-lapai\/#primaryimage","url":"https:\/\/skaitytaknyga.lt\/wp-content\/uploads\/2024\/05\/atsisiusti-1-1.jpg","contentUrl":"https:\/\/skaitytaknyga.lt\/wp-content\/uploads\/2024\/05\/atsisiusti-1-1.jpg","width":181,"height":278},{"@type":"BreadcrumbList","@id":"https:\/\/skaitytaknyga.lt\/produktas\/s-king-p-straub-black-house-pagelte-lapai\/#breadcrumb","itemListElement":[{"@type":"ListItem","position":1,"name":"Home","item":"https:\/\/skaitytaknyga.lt\/"},{"@type":"ListItem","position":2,"name":"Parduotuv\u0117","item":"https:\/\/skaitytaknyga.lt\/knygu-parduotuve\/"},{"@type":"ListItem","position":3,"name":"Black house"}]},{"@type":"WebSite","@id":"https:\/\/skaitytaknyga.lt\/#website","url":"https:\/\/skaitytaknyga.lt\/","name":"skaitytaknyga.lt","description":"Skaitytaknyga.lt \u2013 tai ma\u017eas \u0161eimos verslas, kuris prasid\u0117jo nuo meil\u0117s knygoms ir siekio i\u0161gelb\u0117ti knygas nuo likimo prie konteinerio. Kas vienam nereikalingas daiktas \u2013 kitam lobis, o mes esame tarpininkai, kurie padeda abiems tapti laimingesniems ???? \u017dinome kaip nelengva i\u0161gyventi ma\u017eiems verslams, tad nuo \u0161iol, \u010dia rasite ir kit\u0173, ma\u017e\u0173 \u0161eim\u0173 versl\u0173, rank\u0173 darbo, dovan\u0173 sau ir artimiesiems.","publisher":{"@id":"https:\/\/skaitytaknyga.lt\/#organization"},"potentialAction":[{"@type":"SearchAction","target":{"@type":"EntryPoint","urlTemplate":"https:\/\/skaitytaknyga.lt\/?s={search_term_string}"},"query-input":{"@type":"PropertyValueSpecification","valueRequired":true,"valueName":"search_term_string"}}],"inLanguage":"en-GB"},{"@type":"Organization","@id":"https:\/\/skaitytaknyga.lt\/#organization","name":"skaitytaknyga.lt","url":"https:\/\/skaitytaknyga.lt\/","logo":{"@type":"ImageObject","inLanguage":"en-GB","@id":"https:\/\/skaitytaknyga.lt\/#\/schema\/logo\/image\/","url":"https:\/\/skaitytaknyga.lt\/wp-content\/uploads\/2024\/05\/cropped-cropped-cropped-02_00843_jt3bggkj1j3HLc7SyY6rEUpg.jpeg","contentUrl":"https:\/\/skaitytaknyga.lt\/wp-content\/uploads\/2024\/05\/cropped-cropped-cropped-02_00843_jt3bggkj1j3HLc7SyY6rEUpg.jpeg","width":1600,"height":1600,"caption":"skaitytaknyga.lt"},"image":{"@id":"https:\/\/skaitytaknyga.lt\/#\/schema\/logo\/image\/"},"sameAs":["https:\/\/www.facebook.com\/skaitytaknyga\/"]}]}},"_links":{"self":[{"href":"https:\/\/skaitytaknyga.lt\/en\/wp-json\/wp\/v2\/product\/9729","targetHints":{"allow":["GET"]}}],"collection":[{"href":"https:\/\/skaitytaknyga.lt\/en\/wp-json\/wp\/v2\/product"}],"about":[{"href":"https:\/\/skaitytaknyga.lt\/en\/wp-json\/wp\/v2\/types\/product"}],"replies":[{"embeddable":true,"href":"https:\/\/skaitytaknyga.lt\/en\/wp-json\/wp\/v2\/comments?post=9729"}],"wp:featuredmedia":[{"embeddable":true,"href":"https:\/\/skaitytaknyga.lt\/en\/wp-json\/wp\/v2\/media\/9779"}],"wp:attachment":[{"href":"https:\/\/skaitytaknyga.lt\/en\/wp-json\/wp\/v2\/media?parent=9729"}],"wp:term":[{"taxonomy":"product_brand","embeddable":true,"href":"https:\/\/skaitytaknyga.lt\/en\/wp-json\/wp\/v2\/product_brand?post=9729"},{"taxonomy":"product_cat","embeddable":true,"href":"https:\/\/skaitytaknyga.lt\/en\/wp-json\/wp\/v2\/product_cat?post=9729"},{"taxonomy":"product_tag","embeddable":true,"href":"https:\/\/skaitytaknyga.lt\/en\/wp-json\/wp\/v2\/product_tag?post=9729"}],"curies":[{"name":"wp","href":"https:\/\/api.w.org\/{rel}","templated":true}]}}