{"id":9719,"date":"2024-05-04T17:56:15","date_gmt":"2024-05-04T17:56:15","guid":{"rendered":"https:\/\/skaitytaknyga.lt\/?post_type=product&#038;p=9719"},"modified":"2026-03-05T16:00:49","modified_gmt":"2026-03-05T14:00:49","slug":"michael-connelly-zyme-su-nedideliais-defektais","status":"publish","type":"product","link":"https:\/\/skaitytaknyga.lt\/en\/produktas\/michael-connelly-zyme-su-nedideliais-defektais\/","title":{"rendered":"\u017dym\u0117"},"content":{"rendered":"<p>Hariui Bo\u0161ui suteikti treji metai, iki jis tur\u0117s i\u0161 Los And\u017eelo policijos departamento pasitraukti \u012f pensij\u0105, tad labiau nei kada nors anks\u010diau trok\u0161ta tirti kuo daugiau byl\u0173. Ir vien\u0105 dien\u0105 jam tenka i\u0161kart dvi.<\/p>\n<p>DNR i\u0161 1989 met\u0173 i\u0161\u017eaginimo ir nu\u017eudymo bylos atitinka dvide\u0161imt devyneri\u0173 met\u0173 am\u017eiaus nuteisto prievartautojo. Buvo jis a\u0161tuonmetis \u017emog\u017eudys ar naujoje regionin\u0117je kriminalistikos laboratorijoje \u012fvyko kokia nors baisi klaida? Pastaroji galimyb\u0117 sukelt\u0173 abejones visomis jau teisme nagrin\u0117jamomis bylomis. O paskui Bo\u0161as su savo parneriu i\u0161kvie\u010diami \u012f mirties \u012fvykio, galb\u016bt susijusio su vidaus politikos intrigomis, viet\u0105.<\/p>\n<p>Municipaliteto tar\u0117jo Irvino Irvingo s\u016bnus nu\u0161oko ar buvo i\u0161stumtas i\u0161 vie\u0161bu\u010dio \u201eChateau Marmont\u201c balkono. Irvingas, ilgalaik\u0117 Bo\u0161o ker\u0161tingoji lemtis, pareikalavo, kad tyrimui vadovaut\u0173 Haris. Atkakliai tirdamas i\u0161kart dvi bylas, Bo\u0161as atskleid\u017eia du \u0161iurpius dalykus: ne\u017einom\u0105 \u017emog\u017eud\u012f, net tris de\u0161imtme\u010dius siaut\u0117jus\u012f mieste, ir politin\u012f s\u0105moksl\u0105, menant\u012f tamsi\u0105 policijos departamento istorij\u0105.<\/p>\n","protected":false},"excerpt":{"rendered":"<p>Hariui Bo\u0161ui suteikti treji metai, iki jis tur\u0117s i\u0161 Los And\u017eelo policijos departamento pasitraukti \u012f pensij\u0105, tad labiau nei kada nors anks\u010diau trok\u0161ta tirti kuo daugiau byl\u0173. Ir vien\u0105 dien\u0105 jam tenka i\u0161kart dvi.<\/p>\n<p>DNR i\u0161 1989 met\u0173 i\u0161\u017eaginimo ir nu\u017eudymo bylos atitinka dvide\u0161imt devyneri\u0173 met\u0173 am\u017eiaus nuteisto prievartautojo. Buvo jis a\u0161tuonmetis \u017emog\u017eudys ar naujoje regionin\u0117je kriminalistikos laboratorijoje \u012fvyko kokia nors baisi klaida? Pastaroji galimyb\u0117 sukelt\u0173 abejones visomis jau teisme nagrin\u0117jamomis bylomis. O paskui Bo\u0161as su savo parneriu i\u0161kvie\u010diami \u012f mirties \u012fvykio, galb\u016bt susijusio su vidaus politikos intrigomis, viet\u0105.<\/p>\n<p>Municipaliteto tar\u0117jo Irvino Irvingo s\u016bnus nu\u0161oko ar buvo i\u0161stumtas i\u0161 vie\u0161bu\u010dio \u201eChateau Marmont\u201c balkono. Irvingas, ilgalaik\u0117 Bo\u0161o ker\u0161tingoji lemtis, pareikalavo, kad tyrimui vadovaut\u0173 Haris. Atkakliai tirdamas i\u0161kart dvi bylas, Bo\u0161as atskleid\u017eia du \u0161iurpius dalykus: ne\u017einom\u0105 \u017emog\u017eud\u012f, net tris de\u0161imtme\u010dius siaut\u0117jus\u012f mieste, ir politin\u012f s\u0105moksl\u0105, menant\u012f tamsi\u0105 policijos departamento istorij\u0105.<\/p>\n","protected":false},"featured_media":9770,"comment_status":"closed","ping_status":"closed","template":"","meta":{"_acf_changed":false,"site-sidebar-layout":"default","site-content-layout":"","ast-site-content-layout":"default","site-content-style":"default","site-sidebar-style":"default","ast-global-header-display":"","ast-banner-title-visibility":"","ast-main-header-display":"","ast-hfb-above-header-display":"","ast-hfb-below-header-display":"","ast-hfb-mobile-header-display":"","site-post-title":"","ast-breadcrumbs-content":"","ast-featured-img":"","footer-sml-layout":"","ast-disable-related-posts":"","theme-transparent-header-meta":"","adv-header-id-meta":"","stick-header-meta":"","header-above-stick-meta":"","header-main-stick-meta":"","header-below-stick-meta":"","astra-migrate-meta-layouts":"default","ast-page-background-enabled":"default","ast-page-background-meta":{"desktop":{"background-color":"","background-image":"","background-repeat":"repeat","background-position":"center center","background-size":"auto","background-attachment":"scroll","background-type":"","background-media":"","overlay-type":"","overlay-color":"","overlay-opacity":"","overlay-gradient":""},"tablet":{"background-color":"","background-image":"","background-repeat":"repeat","background-position":"center center","background-size":"auto","background-attachment":"scroll","background-type":"","background-media":"","overlay-type":"","overlay-color":"","overlay-opacity":"","overlay-gradient":""},"mobile":{"background-color":"","background-image":"","background-repeat":"repeat","background-position":"center center","background-size":"auto","background-attachment":"scroll","background-type":"","background-media":"","overlay-type":"","overlay-color":"","overlay-opacity":"","overlay-gradient":""}},"ast-content-background-meta":{"desktop":{"background-color":"var(--ast-global-color-4)","background-image":"","background-repeat":"repeat","background-position":"center center","background-size":"auto","background-attachment":"scroll","background-type":"","background-media":"","overlay-type":"","overlay-color":"","overlay-opacity":"","overlay-gradient":""},"tablet":{"background-color":"var(--ast-global-color-4)","background-image":"","background-repeat":"repeat","background-position":"center center","background-size":"auto","background-attachment":"scroll","background-type":"","background-media":"","overlay-type":"","overlay-color":"","overlay-opacity":"","overlay-gradient":""},"mobile":{"background-color":"var(--ast-global-color-4)","background-image":"","background-repeat":"repeat","background-position":"center center","background-size":"auto","background-attachment":"scroll","background-type":"","background-media":"","overlay-type":"","overlay-color":"","overlay-opacity":"","overlay-gradient":""}}},"product_brand":[],"product_cat":[9581],"product_tag":[1365],"class_list":{"0":"post-9719","1":"product","2":"type-product","3":"status-publish","4":"has-post-thumbnail","6":"product_cat-kriminaliniai-romanai","7":"product_tag-michael-connelly","8":"desktop-align-left","9":"tablet-align-left","10":"mobile-align-left","12":"first","13":"instock","14":"shipping-taxable","15":"purchasable","16":"product-type-simple"},"acf":[],"yoast_head":"<!-- This site is optimized with the Yoast SEO plugin v27.4 - https:\/\/yoast.com\/product\/yoast-seo-wordpress\/ -->\n<title>\u017dym\u0117<\/title>\n<meta name=\"description\" content=\"Hariui Bo\u0161ui suteikti treji metai, iki jis tur\u0117s i\u0161 Los And\u017eelo policijos departamento pasitraukti \u012f pensij\u0105, tad labiau nei kada nors anks\u010diau trok\u0161ta tirti kuo daugiau byl\u0173. Ir vien\u0105 dien\u0105 jam tenka i\u0161kart dvi.  DNR i\u0161 1989 met\u0173 i\u0161\u017eaginimo ir nu\u017eudymo bylos atitinka dvide\u0161imt devyneri\u0173 met\u0173 am\u017eiaus nuteisto prievartautojo. Buvo jis a\u0161tuonmetis \u017emog\u017eudys ar naujoje regionin\u0117je kriminalistikos laboratorijoje \u012fvyko kokia nors baisi klaida? Pastaroji galimyb\u0117 sukelt\u0173 abejones visomis jau teisme nagrin\u0117jamomis bylomis. O paskui Bo\u0161as su savo parneriu i\u0161kvie\u010diami \u012f mirties \u012fvykio, galb\u016bt susijusio su vidaus politikos intrigomis, viet\u0105.  Municipaliteto tar\u0117jo Irvino Irvingo s\u016bnus nu\u0161oko ar buvo i\u0161stumtas i\u0161 vie\u0161bu\u010dio \u201eChateau Marmont\u201c balkono. Irvingas, ilgalaik\u0117 Bo\u0161o ker\u0161tingoji lemtis, pareikalavo, kad tyrimui vadovaut\u0173 Haris. Atkakliai tirdamas i\u0161kart dvi bylas, Bo\u0161as atskleid\u017eia du \u0161iurpius dalykus: ne\u017einom\u0105 \u017emog\u017eud\u012f, net tris de\u0161imtme\u010dius siaut\u0117jus\u012f mieste, ir politin\u012f s\u0105moksl\u0105, menant\u012f tamsi\u0105 policijos departamento istorij\u0105.\" \/>\n<meta name=\"robots\" content=\"index, follow, max-snippet:-1, max-image-preview:large, max-video-preview:-1\" \/>\n<link rel=\"canonical\" href=\"https:\/\/skaitytaknyga.lt\/en\/produktas\/michael-connelly-zyme-su-nedideliais-defektais\/\" \/>\n<meta property=\"og:locale\" content=\"en_GB\" \/>\n<meta property=\"og:locale:alternate\" content=\"lt_LT\" \/>\n<meta property=\"og:type\" content=\"article\" \/>\n<meta property=\"og:title\" content=\"\u017dym\u0117\" \/>\n<meta property=\"og:description\" content=\"Hariui Bo\u0161ui suteikti treji metai, iki jis tur\u0117s i\u0161 Los And\u017eelo policijos departamento pasitraukti \u012f pensij\u0105, tad labiau nei kada nors anks\u010diau trok\u0161ta tirti kuo daugiau byl\u0173. Ir vien\u0105 dien\u0105 jam tenka i\u0161kart dvi.  DNR i\u0161 1989 met\u0173 i\u0161\u017eaginimo ir nu\u017eudymo bylos atitinka dvide\u0161imt devyneri\u0173 met\u0173 am\u017eiaus nuteisto prievartautojo. Buvo jis a\u0161tuonmetis \u017emog\u017eudys ar naujoje regionin\u0117je kriminalistikos laboratorijoje \u012fvyko kokia nors baisi klaida? Pastaroji galimyb\u0117 sukelt\u0173 abejones visomis jau teisme nagrin\u0117jamomis bylomis. O paskui Bo\u0161as su savo parneriu i\u0161kvie\u010diami \u012f mirties \u012fvykio, galb\u016bt susijusio su vidaus politikos intrigomis, viet\u0105.  Municipaliteto tar\u0117jo Irvino Irvingo s\u016bnus nu\u0161oko ar buvo i\u0161stumtas i\u0161 vie\u0161bu\u010dio \u201eChateau Marmont\u201c balkono. Irvingas, ilgalaik\u0117 Bo\u0161o ker\u0161tingoji lemtis, pareikalavo, kad tyrimui vadovaut\u0173 Haris. Atkakliai tirdamas i\u0161kart dvi bylas, Bo\u0161as atskleid\u017eia du \u0161iurpius dalykus: ne\u017einom\u0105 \u017emog\u017eud\u012f, net tris de\u0161imtme\u010dius siaut\u0117jus\u012f mieste, ir politin\u012f s\u0105moksl\u0105, menant\u012f tamsi\u0105 policijos departamento istorij\u0105.\" \/>\n<meta property=\"og:url\" content=\"https:\/\/skaitytaknyga.lt\/en\/produktas\/michael-connelly-zyme-su-nedideliais-defektais\/\" \/>\n<meta property=\"og:site_name\" content=\"Skaitytaknyga\" \/>\n<meta property=\"article:publisher\" content=\"https:\/\/www.facebook.com\/skaitytaknyga\/\" \/>\n<meta property=\"article:modified_time\" content=\"2026-03-05T14:00:49+00:00\" \/>\n<meta property=\"og:image\" content=\"https:\/\/skaitytaknyga.lt\/wp-content\/uploads\/2024\/05\/atsisiusti-1.jpg\" \/>\n\t<meta property=\"og:image:width\" content=\"180\" \/>\n\t<meta property=\"og:image:height\" content=\"280\" \/>\n\t<meta property=\"og:image:type\" content=\"image\/jpeg\" \/>\n<meta name=\"twitter:card\" content=\"summary_large_image\" \/>\n<meta name=\"twitter:label1\" content=\"Estimated reading time\" \/>\n\t<meta name=\"twitter:data1\" content=\"1 minute\" \/>\n<script type=\"application\/ld+json\" class=\"yoast-schema-graph\">{\"@context\":\"https:\\\/\\\/schema.org\",\"@graph\":[{\"@type\":\"WebPage\",\"@id\":\"https:\\\/\\\/skaitytaknyga.lt\\\/produktas\\\/michael-connelly-zyme-su-nedideliais-defektais\\\/\",\"url\":\"https:\\\/\\\/skaitytaknyga.lt\\\/produktas\\\/michael-connelly-zyme-su-nedideliais-defektais\\\/\",\"name\":\"\u017dym\u0117\",\"isPartOf\":{\"@id\":\"https:\\\/\\\/skaitytaknyga.lt\\\/#website\"},\"primaryImageOfPage\":{\"@id\":\"https:\\\/\\\/skaitytaknyga.lt\\\/produktas\\\/michael-connelly-zyme-su-nedideliais-defektais\\\/#primaryimage\"},\"image\":{\"@id\":\"https:\\\/\\\/skaitytaknyga.lt\\\/produktas\\\/michael-connelly-zyme-su-nedideliais-defektais\\\/#primaryimage\"},\"thumbnailUrl\":\"https:\\\/\\\/skaitytaknyga.lt\\\/wp-content\\\/uploads\\\/2024\\\/05\\\/atsisiusti-1.jpg\",\"datePublished\":\"2024-05-04T17:56:15+00:00\",\"dateModified\":\"2026-03-05T14:00:49+00:00\",\"description\":\"Hariui Bo\u0161ui suteikti treji metai, iki jis tur\u0117s i\u0161 Los And\u017eelo policijos departamento pasitraukti \u012f pensij\u0105, tad labiau nei kada nors anks\u010diau trok\u0161ta tirti kuo daugiau byl\u0173. Ir vien\u0105 dien\u0105 jam tenka i\u0161kart dvi. DNR i\u0161 1989 met\u0173 i\u0161\u017eaginimo ir nu\u017eudymo bylos atitinka dvide\u0161imt devyneri\u0173 met\u0173 am\u017eiaus nuteisto prievartautojo. Buvo jis a\u0161tuonmetis \u017emog\u017eudys ar naujoje regionin\u0117je kriminalistikos laboratorijoje \u012fvyko kokia nors baisi klaida? Pastaroji galimyb\u0117 sukelt\u0173 abejones visomis jau teisme nagrin\u0117jamomis bylomis. O paskui Bo\u0161as su savo parneriu i\u0161kvie\u010diami \u012f mirties \u012fvykio, galb\u016bt susijusio su vidaus politikos intrigomis, viet\u0105. Municipaliteto tar\u0117jo Irvino Irvingo s\u016bnus nu\u0161oko ar buvo i\u0161stumtas i\u0161 vie\u0161bu\u010dio \u201eChateau Marmont\u201c balkono. Irvingas, ilgalaik\u0117 Bo\u0161o ker\u0161tingoji lemtis, pareikalavo, kad tyrimui vadovaut\u0173 Haris. Atkakliai tirdamas i\u0161kart dvi bylas, Bo\u0161as atskleid\u017eia du \u0161iurpius dalykus: ne\u017einom\u0105 \u017emog\u017eud\u012f, net tris de\u0161imtme\u010dius siaut\u0117jus\u012f mieste, ir politin\u012f s\u0105moksl\u0105, menant\u012f tamsi\u0105 policijos departamento istorij\u0105.\",\"breadcrumb\":{\"@id\":\"https:\\\/\\\/skaitytaknyga.lt\\\/produktas\\\/michael-connelly-zyme-su-nedideliais-defektais\\\/#breadcrumb\"},\"inLanguage\":\"en-GB\",\"potentialAction\":[{\"@type\":\"ReadAction\",\"target\":[\"https:\\\/\\\/skaitytaknyga.lt\\\/produktas\\\/michael-connelly-zyme-su-nedideliais-defektais\\\/\"]}]},{\"@type\":\"ImageObject\",\"inLanguage\":\"en-GB\",\"@id\":\"https:\\\/\\\/skaitytaknyga.lt\\\/produktas\\\/michael-connelly-zyme-su-nedideliais-defektais\\\/#primaryimage\",\"url\":\"https:\\\/\\\/skaitytaknyga.lt\\\/wp-content\\\/uploads\\\/2024\\\/05\\\/atsisiusti-1.jpg\",\"contentUrl\":\"https:\\\/\\\/skaitytaknyga.lt\\\/wp-content\\\/uploads\\\/2024\\\/05\\\/atsisiusti-1.jpg\",\"width\":180,\"height\":280},{\"@type\":\"BreadcrumbList\",\"@id\":\"https:\\\/\\\/skaitytaknyga.lt\\\/produktas\\\/michael-connelly-zyme-su-nedideliais-defektais\\\/#breadcrumb\",\"itemListElement\":[{\"@type\":\"ListItem\",\"position\":1,\"name\":\"Home\",\"item\":\"https:\\\/\\\/skaitytaknyga.lt\\\/\"},{\"@type\":\"ListItem\",\"position\":2,\"name\":\"Parduotuv\u0117\",\"item\":\"https:\\\/\\\/skaitytaknyga.lt\\\/knygu-parduotuve\\\/\"},{\"@type\":\"ListItem\",\"position\":3,\"name\":\"\u017dym\u0117\"}]},{\"@type\":\"WebSite\",\"@id\":\"https:\\\/\\\/skaitytaknyga.lt\\\/#website\",\"url\":\"https:\\\/\\\/skaitytaknyga.lt\\\/\",\"name\":\"skaitytaknyga.lt\",\"description\":\"Skaitytaknyga.lt \u2013 tai ma\u017eas \u0161eimos verslas, kuris prasid\u0117jo nuo meil\u0117s knygoms ir siekio i\u0161gelb\u0117ti knygas nuo likimo prie konteinerio. Kas vienam nereikalingas daiktas \u2013 kitam lobis, o mes esame tarpininkai, kurie padeda abiems tapti laimingesniems ???? \u017dinome kaip nelengva i\u0161gyventi ma\u017eiems verslams, tad nuo \u0161iol, \u010dia rasite ir kit\u0173, ma\u017e\u0173 \u0161eim\u0173 versl\u0173, rank\u0173 darbo, dovan\u0173 sau ir artimiesiems.\",\"publisher\":{\"@id\":\"https:\\\/\\\/skaitytaknyga.lt\\\/#organization\"},\"potentialAction\":[{\"@type\":\"SearchAction\",\"target\":{\"@type\":\"EntryPoint\",\"urlTemplate\":\"https:\\\/\\\/skaitytaknyga.lt\\\/?s={search_term_string}\"},\"query-input\":{\"@type\":\"PropertyValueSpecification\",\"valueRequired\":true,\"valueName\":\"search_term_string\"}}],\"inLanguage\":\"en-GB\"},{\"@type\":\"Organization\",\"@id\":\"https:\\\/\\\/skaitytaknyga.lt\\\/#organization\",\"name\":\"skaitytaknyga.lt\",\"url\":\"https:\\\/\\\/skaitytaknyga.lt\\\/\",\"logo\":{\"@type\":\"ImageObject\",\"inLanguage\":\"en-GB\",\"@id\":\"https:\\\/\\\/skaitytaknyga.lt\\\/#\\\/schema\\\/logo\\\/image\\\/\",\"url\":\"https:\\\/\\\/skaitytaknyga.lt\\\/wp-content\\\/uploads\\\/2024\\\/05\\\/cropped-cropped-cropped-02_00843_jt3bggkj1j3HLc7SyY6rEUpg.jpeg\",\"contentUrl\":\"https:\\\/\\\/skaitytaknyga.lt\\\/wp-content\\\/uploads\\\/2024\\\/05\\\/cropped-cropped-cropped-02_00843_jt3bggkj1j3HLc7SyY6rEUpg.jpeg\",\"width\":1600,\"height\":1600,\"caption\":\"skaitytaknyga.lt\"},\"image\":{\"@id\":\"https:\\\/\\\/skaitytaknyga.lt\\\/#\\\/schema\\\/logo\\\/image\\\/\"},\"sameAs\":[\"https:\\\/\\\/www.facebook.com\\\/skaitytaknyga\\\/\"]}]}<\/script>\n<!-- \/ Yoast SEO plugin. -->","yoast_head_json":{"title":"\u017dym\u0117","description":"Hariui Bo\u0161ui suteikti treji metai, iki jis tur\u0117s i\u0161 Los And\u017eelo policijos departamento pasitraukti \u012f pensij\u0105, tad labiau nei kada nors anks\u010diau trok\u0161ta tirti kuo daugiau byl\u0173. Ir vien\u0105 dien\u0105 jam tenka i\u0161kart dvi.  DNR i\u0161 1989 met\u0173 i\u0161\u017eaginimo ir nu\u017eudymo bylos atitinka dvide\u0161imt devyneri\u0173 met\u0173 am\u017eiaus nuteisto prievartautojo. Buvo jis a\u0161tuonmetis \u017emog\u017eudys ar naujoje regionin\u0117je kriminalistikos laboratorijoje \u012fvyko kokia nors baisi klaida? Pastaroji galimyb\u0117 sukelt\u0173 abejones visomis jau teisme nagrin\u0117jamomis bylomis. O paskui Bo\u0161as su savo parneriu i\u0161kvie\u010diami \u012f mirties \u012fvykio, galb\u016bt susijusio su vidaus politikos intrigomis, viet\u0105.  Municipaliteto tar\u0117jo Irvino Irvingo s\u016bnus nu\u0161oko ar buvo i\u0161stumtas i\u0161 vie\u0161bu\u010dio \u201eChateau Marmont\u201c balkono. Irvingas, ilgalaik\u0117 Bo\u0161o ker\u0161tingoji lemtis, pareikalavo, kad tyrimui vadovaut\u0173 Haris. Atkakliai tirdamas i\u0161kart dvi bylas, Bo\u0161as atskleid\u017eia du \u0161iurpius dalykus: ne\u017einom\u0105 \u017emog\u017eud\u012f, net tris de\u0161imtme\u010dius siaut\u0117jus\u012f mieste, ir politin\u012f s\u0105moksl\u0105, menant\u012f tamsi\u0105 policijos departamento istorij\u0105.","robots":{"index":"index","follow":"follow","max-snippet":"max-snippet:-1","max-image-preview":"max-image-preview:large","max-video-preview":"max-video-preview:-1"},"canonical":"https:\/\/skaitytaknyga.lt\/en\/produktas\/michael-connelly-zyme-su-nedideliais-defektais\/","og_locale":"en_GB","og_type":"article","og_title":"[:lt]\u017dym\u0117[:] - Skaitytaknyga","og_description":"Hariui Bo\u0161ui suteikti treji metai, iki jis tur\u0117s i\u0161 Los And\u017eelo policijos departamento pasitraukti \u012f pensij\u0105, tad labiau nei kada nors anks\u010diau trok\u0161ta tirti kuo daugiau byl\u0173. Ir vien\u0105 dien\u0105 jam tenka i\u0161kart dvi.  DNR i\u0161 1989 met\u0173 i\u0161\u017eaginimo ir nu\u017eudymo bylos atitinka dvide\u0161imt devyneri\u0173 met\u0173 am\u017eiaus nuteisto prievartautojo. Buvo jis a\u0161tuonmetis \u017emog\u017eudys ar naujoje regionin\u0117je kriminalistikos laboratorijoje \u012fvyko kokia nors baisi klaida? Pastaroji galimyb\u0117 sukelt\u0173 abejones visomis jau teisme nagrin\u0117jamomis bylomis. O paskui Bo\u0161as su savo parneriu i\u0161kvie\u010diami \u012f mirties \u012fvykio, galb\u016bt susijusio su vidaus politikos intrigomis, viet\u0105.  Municipaliteto tar\u0117jo Irvino Irvingo s\u016bnus nu\u0161oko ar buvo i\u0161stumtas i\u0161 vie\u0161bu\u010dio \u201eChateau Marmont\u201c balkono. Irvingas, ilgalaik\u0117 Bo\u0161o ker\u0161tingoji lemtis, pareikalavo, kad tyrimui vadovaut\u0173 Haris. Atkakliai tirdamas i\u0161kart dvi bylas, Bo\u0161as atskleid\u017eia du \u0161iurpius dalykus: ne\u017einom\u0105 \u017emog\u017eud\u012f, net tris de\u0161imtme\u010dius siaut\u0117jus\u012f mieste, ir politin\u012f s\u0105moksl\u0105, menant\u012f tamsi\u0105 policijos departamento istorij\u0105.","og_url":"https:\/\/skaitytaknyga.lt\/en\/produktas\/michael-connelly-zyme-su-nedideliais-defektais\/","og_site_name":"Skaitytaknyga","article_publisher":"https:\/\/www.facebook.com\/skaitytaknyga\/","article_modified_time":"2026-03-05T14:00:49+00:00","og_image":[{"width":180,"height":280,"url":"https:\/\/skaitytaknyga.lt\/wp-content\/uploads\/2024\/05\/atsisiusti-1.jpg","type":"image\/jpeg"}],"twitter_card":"summary_large_image","twitter_misc":{"Estimated reading time":"1 minute"},"schema":{"@context":"https:\/\/schema.org","@graph":[{"@type":"WebPage","@id":"https:\/\/skaitytaknyga.lt\/produktas\/michael-connelly-zyme-su-nedideliais-defektais\/","url":"https:\/\/skaitytaknyga.lt\/produktas\/michael-connelly-zyme-su-nedideliais-defektais\/","name":"\u017dym\u0117","isPartOf":{"@id":"https:\/\/skaitytaknyga.lt\/#website"},"primaryImageOfPage":{"@id":"https:\/\/skaitytaknyga.lt\/produktas\/michael-connelly-zyme-su-nedideliais-defektais\/#primaryimage"},"image":{"@id":"https:\/\/skaitytaknyga.lt\/produktas\/michael-connelly-zyme-su-nedideliais-defektais\/#primaryimage"},"thumbnailUrl":"https:\/\/skaitytaknyga.lt\/wp-content\/uploads\/2024\/05\/atsisiusti-1.jpg","datePublished":"2024-05-04T17:56:15+00:00","dateModified":"2026-03-05T14:00:49+00:00","description":"Hariui Bo\u0161ui suteikti treji metai, iki jis tur\u0117s i\u0161 Los And\u017eelo policijos departamento pasitraukti \u012f pensij\u0105, tad labiau nei kada nors anks\u010diau trok\u0161ta tirti kuo daugiau byl\u0173. Ir vien\u0105 dien\u0105 jam tenka i\u0161kart dvi. DNR i\u0161 1989 met\u0173 i\u0161\u017eaginimo ir nu\u017eudymo bylos atitinka dvide\u0161imt devyneri\u0173 met\u0173 am\u017eiaus nuteisto prievartautojo. Buvo jis a\u0161tuonmetis \u017emog\u017eudys ar naujoje regionin\u0117je kriminalistikos laboratorijoje \u012fvyko kokia nors baisi klaida? Pastaroji galimyb\u0117 sukelt\u0173 abejones visomis jau teisme nagrin\u0117jamomis bylomis. O paskui Bo\u0161as su savo parneriu i\u0161kvie\u010diami \u012f mirties \u012fvykio, galb\u016bt susijusio su vidaus politikos intrigomis, viet\u0105. Municipaliteto tar\u0117jo Irvino Irvingo s\u016bnus nu\u0161oko ar buvo i\u0161stumtas i\u0161 vie\u0161bu\u010dio \u201eChateau Marmont\u201c balkono. Irvingas, ilgalaik\u0117 Bo\u0161o ker\u0161tingoji lemtis, pareikalavo, kad tyrimui vadovaut\u0173 Haris. Atkakliai tirdamas i\u0161kart dvi bylas, Bo\u0161as atskleid\u017eia du \u0161iurpius dalykus: ne\u017einom\u0105 \u017emog\u017eud\u012f, net tris de\u0161imtme\u010dius siaut\u0117jus\u012f mieste, ir politin\u012f s\u0105moksl\u0105, menant\u012f tamsi\u0105 policijos departamento istorij\u0105.","breadcrumb":{"@id":"https:\/\/skaitytaknyga.lt\/produktas\/michael-connelly-zyme-su-nedideliais-defektais\/#breadcrumb"},"inLanguage":"en-GB","potentialAction":[{"@type":"ReadAction","target":["https:\/\/skaitytaknyga.lt\/produktas\/michael-connelly-zyme-su-nedideliais-defektais\/"]}]},{"@type":"ImageObject","inLanguage":"en-GB","@id":"https:\/\/skaitytaknyga.lt\/produktas\/michael-connelly-zyme-su-nedideliais-defektais\/#primaryimage","url":"https:\/\/skaitytaknyga.lt\/wp-content\/uploads\/2024\/05\/atsisiusti-1.jpg","contentUrl":"https:\/\/skaitytaknyga.lt\/wp-content\/uploads\/2024\/05\/atsisiusti-1.jpg","width":180,"height":280},{"@type":"BreadcrumbList","@id":"https:\/\/skaitytaknyga.lt\/produktas\/michael-connelly-zyme-su-nedideliais-defektais\/#breadcrumb","itemListElement":[{"@type":"ListItem","position":1,"name":"Home","item":"https:\/\/skaitytaknyga.lt\/"},{"@type":"ListItem","position":2,"name":"Parduotuv\u0117","item":"https:\/\/skaitytaknyga.lt\/knygu-parduotuve\/"},{"@type":"ListItem","position":3,"name":"\u017dym\u0117"}]},{"@type":"WebSite","@id":"https:\/\/skaitytaknyga.lt\/#website","url":"https:\/\/skaitytaknyga.lt\/","name":"skaitytaknyga.lt","description":"Skaitytaknyga.lt \u2013 tai ma\u017eas \u0161eimos verslas, kuris prasid\u0117jo nuo meil\u0117s knygoms ir siekio i\u0161gelb\u0117ti knygas nuo likimo prie konteinerio. Kas vienam nereikalingas daiktas \u2013 kitam lobis, o mes esame tarpininkai, kurie padeda abiems tapti laimingesniems ???? \u017dinome kaip nelengva i\u0161gyventi ma\u017eiems verslams, tad nuo \u0161iol, \u010dia rasite ir kit\u0173, ma\u017e\u0173 \u0161eim\u0173 versl\u0173, rank\u0173 darbo, dovan\u0173 sau ir artimiesiems.","publisher":{"@id":"https:\/\/skaitytaknyga.lt\/#organization"},"potentialAction":[{"@type":"SearchAction","target":{"@type":"EntryPoint","urlTemplate":"https:\/\/skaitytaknyga.lt\/?s={search_term_string}"},"query-input":{"@type":"PropertyValueSpecification","valueRequired":true,"valueName":"search_term_string"}}],"inLanguage":"en-GB"},{"@type":"Organization","@id":"https:\/\/skaitytaknyga.lt\/#organization","name":"skaitytaknyga.lt","url":"https:\/\/skaitytaknyga.lt\/","logo":{"@type":"ImageObject","inLanguage":"en-GB","@id":"https:\/\/skaitytaknyga.lt\/#\/schema\/logo\/image\/","url":"https:\/\/skaitytaknyga.lt\/wp-content\/uploads\/2024\/05\/cropped-cropped-cropped-02_00843_jt3bggkj1j3HLc7SyY6rEUpg.jpeg","contentUrl":"https:\/\/skaitytaknyga.lt\/wp-content\/uploads\/2024\/05\/cropped-cropped-cropped-02_00843_jt3bggkj1j3HLc7SyY6rEUpg.jpeg","width":1600,"height":1600,"caption":"skaitytaknyga.lt"},"image":{"@id":"https:\/\/skaitytaknyga.lt\/#\/schema\/logo\/image\/"},"sameAs":["https:\/\/www.facebook.com\/skaitytaknyga\/"]}]}},"_links":{"self":[{"href":"https:\/\/skaitytaknyga.lt\/en\/wp-json\/wp\/v2\/product\/9719","targetHints":{"allow":["GET"]}}],"collection":[{"href":"https:\/\/skaitytaknyga.lt\/en\/wp-json\/wp\/v2\/product"}],"about":[{"href":"https:\/\/skaitytaknyga.lt\/en\/wp-json\/wp\/v2\/types\/product"}],"replies":[{"embeddable":true,"href":"https:\/\/skaitytaknyga.lt\/en\/wp-json\/wp\/v2\/comments?post=9719"}],"wp:featuredmedia":[{"embeddable":true,"href":"https:\/\/skaitytaknyga.lt\/en\/wp-json\/wp\/v2\/media\/9770"}],"wp:attachment":[{"href":"https:\/\/skaitytaknyga.lt\/en\/wp-json\/wp\/v2\/media?parent=9719"}],"wp:term":[{"taxonomy":"product_brand","embeddable":true,"href":"https:\/\/skaitytaknyga.lt\/en\/wp-json\/wp\/v2\/product_brand?post=9719"},{"taxonomy":"product_cat","embeddable":true,"href":"https:\/\/skaitytaknyga.lt\/en\/wp-json\/wp\/v2\/product_cat?post=9719"},{"taxonomy":"product_tag","embeddable":true,"href":"https:\/\/skaitytaknyga.lt\/en\/wp-json\/wp\/v2\/product_tag?post=9719"}],"curies":[{"name":"wp","href":"https:\/\/api.w.org\/{rel}","templated":true}]}}