{"id":9717,"date":"2024-05-04T17:56:14","date_gmt":"2024-05-04T17:56:14","guid":{"rendered":"https:\/\/skaitytaknyga.lt\/?post_type=product&#038;p=9717"},"modified":"2025-09-20T19:22:44","modified_gmt":"2025-09-20T16:22:44","slug":"robin-sharma-vienuolis-kuris-pardave-ferrari-virselio-defektas","status":"publish","type":"product","link":"https:\/\/skaitytaknyga.lt\/en\/produktas\/robin-sharma-vienuolis-kuris-pardave-ferrari-virselio-defektas\/","title":{"rendered":"Vienuolis, kuris pardav\u0117 \u201eFerrar\u012f\u201c\u201c"},"content":{"rendered":"<p>\u201e\u0160ios istorijos \u017eavesys \u012fkvepia&#8230;\u201c Paulo Coelho, \u201eAlchemiko\u201c autorius<\/p>\n<p>\u201eVienuolis, kuris pardav\u0117 \u201eFerrar\u012f\u201c \u2013 tai istorija apie D\u017eulian\u0105 Mantl\u012f, \u017eym\u0173 advokat\u0105, kuris d\u0117l netvarkingo gyvenimo b\u016bdo patiria beveik mirtin\u0105 \u0161irdies sm\u016bg\u012f pilnoje teismo sal\u0117je. Jo fizin\u0117 negalia sukelia ir dvasios kriz\u0119, kuri paskatina j\u012f keisti gyvensen\u0105 ir ie\u0161koti atsakym\u0173 \u012f svarbiausius b\u016bties klausimus. Tik\u0117damasis rasti laim\u0119, jis leid\u017eiasi \u012f nepaprast\u0105 kelion\u0119 po Indij\u0105, susipa\u017e\u012fsta su senovine kult\u016bra ir joje aptinka veiksming\u0105 b\u016bd\u0105, kaip pa\u017eadinti proto, k\u016bno ir sielos galias, i\u0161moksta gyventi aistringai, tikslingai ir ramiai.<\/p>\n<p>Knygoje nuostabiai dera am\u017eina Ryt\u0173 i\u0161mintis ir grie\u017etas Vakar\u0173 s\u0117km\u0117s mokslas.<\/p>\n","protected":false},"excerpt":{"rendered":"<p>\u201e\u0160ios istorijos \u017eavesys \u012fkvepia&#8230;\u201c Paulo Coelho, \u201eAlchemiko\u201c autorius<\/p>\n<p>\u201eVienuolis, kuris pardav\u0117 \u201eFerrar\u012f\u201c \u2013 tai istorija apie D\u017eulian\u0105 Mantl\u012f, \u017eym\u0173 advokat\u0105, kuris d\u0117l netvarkingo gyvenimo b\u016bdo patiria beveik mirtin\u0105 \u0161irdies sm\u016bg\u012f pilnoje teismo sal\u0117je. Jo fizin\u0117 negalia sukelia ir dvasios kriz\u0119, kuri paskatina j\u012f keisti gyvensen\u0105 ir ie\u0161koti atsakym\u0173 \u012f svarbiausius b\u016bties klausimus. Tik\u0117damasis rasti laim\u0119, jis leid\u017eiasi \u012f nepaprast\u0105 kelion\u0119 po Indij\u0105, susipa\u017e\u012fsta su senovine kult\u016bra ir joje aptinka veiksming\u0105 b\u016bd\u0105, kaip pa\u017eadinti proto, k\u016bno ir sielos galias, i\u0161moksta gyventi aistringai, tikslingai ir ramiai.<\/p>\n<p>Knygoje nuostabiai dera am\u017eina Ryt\u0173 i\u0161mintis ir grie\u017etas Vakar\u0173 s\u0117km\u0117s mokslas.<\/p>\n","protected":false},"featured_media":9768,"comment_status":"closed","ping_status":"closed","template":"","meta":{"_acf_changed":false,"site-sidebar-layout":"default","site-content-layout":"","ast-site-content-layout":"default","site-content-style":"default","site-sidebar-style":"default","ast-global-header-display":"","ast-banner-title-visibility":"","ast-main-header-display":"","ast-hfb-above-header-display":"","ast-hfb-below-header-display":"","ast-hfb-mobile-header-display":"","site-post-title":"","ast-breadcrumbs-content":"","ast-featured-img":"","footer-sml-layout":"","ast-disable-related-posts":"","theme-transparent-header-meta":"","adv-header-id-meta":"","stick-header-meta":"","header-above-stick-meta":"","header-main-stick-meta":"","header-below-stick-meta":"","astra-migrate-meta-layouts":"default","ast-page-background-enabled":"default","ast-page-background-meta":{"desktop":{"background-color":"","background-image":"","background-repeat":"repeat","background-position":"center center","background-size":"auto","background-attachment":"scroll","background-type":"","background-media":"","overlay-type":"","overlay-color":"","overlay-opacity":"","overlay-gradient":""},"tablet":{"background-color":"","background-image":"","background-repeat":"repeat","background-position":"center center","background-size":"auto","background-attachment":"scroll","background-type":"","background-media":"","overlay-type":"","overlay-color":"","overlay-opacity":"","overlay-gradient":""},"mobile":{"background-color":"","background-image":"","background-repeat":"repeat","background-position":"center center","background-size":"auto","background-attachment":"scroll","background-type":"","background-media":"","overlay-type":"","overlay-color":"","overlay-opacity":"","overlay-gradient":""}},"ast-content-background-meta":{"desktop":{"background-color":"var(--ast-global-color-4)","background-image":"","background-repeat":"repeat","background-position":"center center","background-size":"auto","background-attachment":"scroll","background-type":"","background-media":"","overlay-type":"","overlay-color":"","overlay-opacity":"","overlay-gradient":""},"tablet":{"background-color":"var(--ast-global-color-4)","background-image":"","background-repeat":"repeat","background-position":"center center","background-size":"auto","background-attachment":"scroll","background-type":"","background-media":"","overlay-type":"","overlay-color":"","overlay-opacity":"","overlay-gradient":""},"mobile":{"background-color":"var(--ast-global-color-4)","background-image":"","background-repeat":"repeat","background-position":"center center","background-size":"auto","background-attachment":"scroll","background-type":"","background-media":"","overlay-type":"","overlay-color":"","overlay-opacity":"","overlay-gradient":""}}},"product_brand":[],"product_cat":[30,26],"product_tag":[1399,1777,3112,1396],"class_list":{"0":"post-9717","1":"product","2":"type-product","3":"status-publish","4":"has-post-thumbnail","6":"product_cat-psichologija-ir-saviugda","7":"product_cat-verslas-vadyba-ir-finansai","8":"product_tag-asmeninis-tobulejimas","9":"product_tag-dvasinis-kelias","10":"product_tag-robin-sharma","11":"product_tag-saviugda","12":"pa_leidimo-metai-658","13":"pa_virselis-kietas","14":"desktop-align-left","15":"tablet-align-left","16":"mobile-align-left","18":"first","19":"instock","20":"shipping-taxable","21":"purchasable","22":"product-type-simple"},"acf":[],"yoast_head":"<!-- This site is optimized with the Yoast SEO plugin v27.0 - https:\/\/yoast.com\/product\/yoast-seo-wordpress\/ -->\n<title>Vienuolis, kuris pardav\u0117 \u201eFerrar\u012f\u201c\u201c<\/title>\n<meta name=\"description\" content=\"\u201e\u0160ios istorijos \u017eavesys \u012fkvepia...\u201c Paulo Coelho, \u201eAlchemiko\u201c autorius  \u201eVienuolis, kuris pardav\u0117 \u201eFerrar\u012f\u201c \u2013 tai istorija apie D\u017eulian\u0105 Mantl\u012f, \u017eym\u0173 advokat\u0105, kuris d\u0117l netvarkingo gyvenimo b\u016bdo patiria beveik mirtin\u0105 \u0161irdies sm\u016bg\u012f pilnoje teismo sal\u0117je. Jo fizin\u0117 negalia sukelia ir dvasios kriz\u0119, kuri paskatina j\u012f keisti gyvensen\u0105 ir ie\u0161koti atsakym\u0173 \u012f svarbiausius b\u016bties klausimus. Tik\u0117damasis rasti laim\u0119, jis leid\u017eiasi \u012f nepaprast\u0105 kelion\u0119 po Indij\u0105, susipa\u017e\u012fsta su senovine kult\u016bra ir joje aptinka veiksming\u0105 b\u016bd\u0105, kaip pa\u017eadinti proto, k\u016bno ir sielos galias, i\u0161moksta gyventi aistringai, tikslingai ir ramiai.  Knygoje nuostabiai dera am\u017eina Ryt\u0173 i\u0161mintis ir grie\u017etas Vakar\u0173 s\u0117km\u0117s mokslas.\" \/>\n<meta name=\"robots\" content=\"index, follow, max-snippet:-1, max-image-preview:large, max-video-preview:-1\" \/>\n<link rel=\"canonical\" href=\"https:\/\/skaitytaknyga.lt\/en\/produktas\/robin-sharma-vienuolis-kuris-pardave-ferrari-virselio-defektas\/\" \/>\n<meta property=\"og:locale\" content=\"en_GB\" \/>\n<meta property=\"og:locale:alternate\" content=\"lt_LT\" \/>\n<meta property=\"og:type\" content=\"article\" \/>\n<meta property=\"og:title\" content=\"Vienuolis, kuris pardav\u0117 \u201eFerrar\u012f\u201c\u201c\" \/>\n<meta property=\"og:description\" content=\"\u201e\u0160ios istorijos \u017eavesys \u012fkvepia...\u201c Paulo Coelho, \u201eAlchemiko\u201c autorius  \u201eVienuolis, kuris pardav\u0117 \u201eFerrar\u012f\u201c \u2013 tai istorija apie D\u017eulian\u0105 Mantl\u012f, \u017eym\u0173 advokat\u0105, kuris d\u0117l netvarkingo gyvenimo b\u016bdo patiria beveik mirtin\u0105 \u0161irdies sm\u016bg\u012f pilnoje teismo sal\u0117je. Jo fizin\u0117 negalia sukelia ir dvasios kriz\u0119, kuri paskatina j\u012f keisti gyvensen\u0105 ir ie\u0161koti atsakym\u0173 \u012f svarbiausius b\u016bties klausimus. Tik\u0117damasis rasti laim\u0119, jis leid\u017eiasi \u012f nepaprast\u0105 kelion\u0119 po Indij\u0105, susipa\u017e\u012fsta su senovine kult\u016bra ir joje aptinka veiksming\u0105 b\u016bd\u0105, kaip pa\u017eadinti proto, k\u016bno ir sielos galias, i\u0161moksta gyventi aistringai, tikslingai ir ramiai.  Knygoje nuostabiai dera am\u017eina Ryt\u0173 i\u0161mintis ir grie\u017etas Vakar\u0173 s\u0117km\u0117s mokslas.\" \/>\n<meta property=\"og:url\" content=\"https:\/\/skaitytaknyga.lt\/en\/produktas\/robin-sharma-vienuolis-kuris-pardave-ferrari-virselio-defektas\/\" \/>\n<meta property=\"og:site_name\" content=\"Skaitytaknyga\" \/>\n<meta property=\"article:publisher\" content=\"https:\/\/www.facebook.com\/skaitytaknyga\/\" \/>\n<meta property=\"article:modified_time\" content=\"2025-09-20T16:22:44+00:00\" \/>\n<meta property=\"og:image\" content=\"https:\/\/skaitytaknyga.lt\/wp-content\/uploads\/2024\/05\/vienuolis-kuris-pardave-ferari.jpg\" \/>\n\t<meta property=\"og:image:width\" content=\"297\" \/>\n\t<meta property=\"og:image:height\" content=\"430\" \/>\n\t<meta property=\"og:image:type\" content=\"image\/jpeg\" \/>\n<meta name=\"twitter:card\" content=\"summary_large_image\" \/>\n<meta name=\"twitter:label1\" content=\"Estimated reading time\" \/>\n\t<meta name=\"twitter:data1\" content=\"1 minute\" \/>\n<script type=\"application\/ld+json\" class=\"yoast-schema-graph\">{\"@context\":\"https:\/\/schema.org\",\"@graph\":[{\"@type\":\"WebPage\",\"@id\":\"https:\/\/skaitytaknyga.lt\/produktas\/robin-sharma-vienuolis-kuris-pardave-ferrari-virselio-defektas\/\",\"url\":\"https:\/\/skaitytaknyga.lt\/produktas\/robin-sharma-vienuolis-kuris-pardave-ferrari-virselio-defektas\/\",\"name\":\"Vienuolis, kuris pardav\u0117 \u201eFerrar\u012f\u201c\u201c\",\"isPartOf\":{\"@id\":\"https:\/\/skaitytaknyga.lt\/#website\"},\"primaryImageOfPage\":{\"@id\":\"https:\/\/skaitytaknyga.lt\/produktas\/robin-sharma-vienuolis-kuris-pardave-ferrari-virselio-defektas\/#primaryimage\"},\"image\":{\"@id\":\"https:\/\/skaitytaknyga.lt\/produktas\/robin-sharma-vienuolis-kuris-pardave-ferrari-virselio-defektas\/#primaryimage\"},\"thumbnailUrl\":\"https:\/\/skaitytaknyga.lt\/wp-content\/uploads\/2024\/05\/vienuolis-kuris-pardave-ferari.jpg\",\"datePublished\":\"2024-05-04T17:56:14+00:00\",\"dateModified\":\"2025-09-20T16:22:44+00:00\",\"description\":\"\u201e\u0160ios istorijos \u017eavesys \u012fkvepia...\u201c Paulo Coelho, \u201eAlchemiko\u201c autorius \u201eVienuolis, kuris pardav\u0117 \u201eFerrar\u012f\u201c \u2013 tai istorija apie D\u017eulian\u0105 Mantl\u012f, \u017eym\u0173 advokat\u0105, kuris d\u0117l netvarkingo gyvenimo b\u016bdo patiria beveik mirtin\u0105 \u0161irdies sm\u016bg\u012f pilnoje teismo sal\u0117je. Jo fizin\u0117 negalia sukelia ir dvasios kriz\u0119, kuri paskatina j\u012f keisti gyvensen\u0105 ir ie\u0161koti atsakym\u0173 \u012f svarbiausius b\u016bties klausimus. Tik\u0117damasis rasti laim\u0119, jis leid\u017eiasi \u012f nepaprast\u0105 kelion\u0119 po Indij\u0105, susipa\u017e\u012fsta su senovine kult\u016bra ir joje aptinka veiksming\u0105 b\u016bd\u0105, kaip pa\u017eadinti proto, k\u016bno ir sielos galias, i\u0161moksta gyventi aistringai, tikslingai ir ramiai. Knygoje nuostabiai dera am\u017eina Ryt\u0173 i\u0161mintis ir grie\u017etas Vakar\u0173 s\u0117km\u0117s mokslas.\",\"breadcrumb\":{\"@id\":\"https:\/\/skaitytaknyga.lt\/produktas\/robin-sharma-vienuolis-kuris-pardave-ferrari-virselio-defektas\/#breadcrumb\"},\"inLanguage\":\"en-GB\",\"potentialAction\":[{\"@type\":\"ReadAction\",\"target\":[\"https:\/\/skaitytaknyga.lt\/produktas\/robin-sharma-vienuolis-kuris-pardave-ferrari-virselio-defektas\/\"]}]},{\"@type\":\"ImageObject\",\"inLanguage\":\"en-GB\",\"@id\":\"https:\/\/skaitytaknyga.lt\/produktas\/robin-sharma-vienuolis-kuris-pardave-ferrari-virselio-defektas\/#primaryimage\",\"url\":\"https:\/\/skaitytaknyga.lt\/wp-content\/uploads\/2024\/05\/vienuolis-kuris-pardave-ferari.jpg\",\"contentUrl\":\"https:\/\/skaitytaknyga.lt\/wp-content\/uploads\/2024\/05\/vienuolis-kuris-pardave-ferari.jpg\",\"width\":297,\"height\":430},{\"@type\":\"BreadcrumbList\",\"@id\":\"https:\/\/skaitytaknyga.lt\/produktas\/robin-sharma-vienuolis-kuris-pardave-ferrari-virselio-defektas\/#breadcrumb\",\"itemListElement\":[{\"@type\":\"ListItem\",\"position\":1,\"name\":\"Home\",\"item\":\"https:\/\/skaitytaknyga.lt\/\"},{\"@type\":\"ListItem\",\"position\":2,\"name\":\"Parduotuv\u0117\",\"item\":\"https:\/\/skaitytaknyga.lt\/knygu-parduotuve\/\"},{\"@type\":\"ListItem\",\"position\":3,\"name\":\"Vienuolis, kuris pardav\u0117 \u201eFerrar\u012f\u201c\u201c\"}]},{\"@type\":\"WebSite\",\"@id\":\"https:\/\/skaitytaknyga.lt\/#website\",\"url\":\"https:\/\/skaitytaknyga.lt\/\",\"name\":\"skaitytaknyga.lt\",\"description\":\"Skaitytaknyga.lt \u2013 tai ma\u017eas \u0161eimos verslas, kuris prasid\u0117jo nuo meil\u0117s knygoms ir siekio i\u0161gelb\u0117ti knygas nuo likimo prie konteinerio. Kas vienam nereikalingas daiktas \u2013 kitam lobis, o mes esame tarpininkai, kurie padeda abiems tapti laimingesniems ???? \u017dinome kaip nelengva i\u0161gyventi ma\u017eiems verslams, tad nuo \u0161iol, \u010dia rasite ir kit\u0173, ma\u017e\u0173 \u0161eim\u0173 versl\u0173, rank\u0173 darbo, dovan\u0173 sau ir artimiesiems.\",\"publisher\":{\"@id\":\"https:\/\/skaitytaknyga.lt\/#organization\"},\"potentialAction\":[{\"@type\":\"SearchAction\",\"target\":{\"@type\":\"EntryPoint\",\"urlTemplate\":\"https:\/\/skaitytaknyga.lt\/?s={search_term_string}\"},\"query-input\":{\"@type\":\"PropertyValueSpecification\",\"valueRequired\":true,\"valueName\":\"search_term_string\"}}],\"inLanguage\":\"en-GB\"},{\"@type\":\"Organization\",\"@id\":\"https:\/\/skaitytaknyga.lt\/#organization\",\"name\":\"skaitytaknyga.lt\",\"url\":\"https:\/\/skaitytaknyga.lt\/\",\"logo\":{\"@type\":\"ImageObject\",\"inLanguage\":\"en-GB\",\"@id\":\"https:\/\/skaitytaknyga.lt\/#\/schema\/logo\/image\/\",\"url\":\"https:\/\/skaitytaknyga.lt\/wp-content\/uploads\/2024\/05\/cropped-cropped-cropped-02_00843_jt3bggkj1j3HLc7SyY6rEUpg.jpeg\",\"contentUrl\":\"https:\/\/skaitytaknyga.lt\/wp-content\/uploads\/2024\/05\/cropped-cropped-cropped-02_00843_jt3bggkj1j3HLc7SyY6rEUpg.jpeg\",\"width\":1600,\"height\":1600,\"caption\":\"skaitytaknyga.lt\"},\"image\":{\"@id\":\"https:\/\/skaitytaknyga.lt\/#\/schema\/logo\/image\/\"},\"sameAs\":[\"https:\/\/www.facebook.com\/skaitytaknyga\/\"]}]}<\/script>\n<!-- \/ Yoast SEO plugin. -->","yoast_head_json":{"title":"Vienuolis, kuris pardav\u0117 \u201eFerrar\u012f\u201c\u201c","description":"\u201e\u0160ios istorijos \u017eavesys \u012fkvepia...\u201c Paulo Coelho, \u201eAlchemiko\u201c autorius  \u201eVienuolis, kuris pardav\u0117 \u201eFerrar\u012f\u201c \u2013 tai istorija apie D\u017eulian\u0105 Mantl\u012f, \u017eym\u0173 advokat\u0105, kuris d\u0117l netvarkingo gyvenimo b\u016bdo patiria beveik mirtin\u0105 \u0161irdies sm\u016bg\u012f pilnoje teismo sal\u0117je. Jo fizin\u0117 negalia sukelia ir dvasios kriz\u0119, kuri paskatina j\u012f keisti gyvensen\u0105 ir ie\u0161koti atsakym\u0173 \u012f svarbiausius b\u016bties klausimus. Tik\u0117damasis rasti laim\u0119, jis leid\u017eiasi \u012f nepaprast\u0105 kelion\u0119 po Indij\u0105, susipa\u017e\u012fsta su senovine kult\u016bra ir joje aptinka veiksming\u0105 b\u016bd\u0105, kaip pa\u017eadinti proto, k\u016bno ir sielos galias, i\u0161moksta gyventi aistringai, tikslingai ir ramiai.  Knygoje nuostabiai dera am\u017eina Ryt\u0173 i\u0161mintis ir grie\u017etas Vakar\u0173 s\u0117km\u0117s mokslas.","robots":{"index":"index","follow":"follow","max-snippet":"max-snippet:-1","max-image-preview":"max-image-preview:large","max-video-preview":"max-video-preview:-1"},"canonical":"https:\/\/skaitytaknyga.lt\/en\/produktas\/robin-sharma-vienuolis-kuris-pardave-ferrari-virselio-defektas\/","og_locale":"en_GB","og_type":"article","og_title":"[:lt]Vienuolis, kuris pardav\u0117 \u201eFerrar\u012f\u201c\u201c[:] - Skaitytaknyga","og_description":"\u201e\u0160ios istorijos \u017eavesys \u012fkvepia...\u201c Paulo Coelho, \u201eAlchemiko\u201c autorius  \u201eVienuolis, kuris pardav\u0117 \u201eFerrar\u012f\u201c \u2013 tai istorija apie D\u017eulian\u0105 Mantl\u012f, \u017eym\u0173 advokat\u0105, kuris d\u0117l netvarkingo gyvenimo b\u016bdo patiria beveik mirtin\u0105 \u0161irdies sm\u016bg\u012f pilnoje teismo sal\u0117je. Jo fizin\u0117 negalia sukelia ir dvasios kriz\u0119, kuri paskatina j\u012f keisti gyvensen\u0105 ir ie\u0161koti atsakym\u0173 \u012f svarbiausius b\u016bties klausimus. Tik\u0117damasis rasti laim\u0119, jis leid\u017eiasi \u012f nepaprast\u0105 kelion\u0119 po Indij\u0105, susipa\u017e\u012fsta su senovine kult\u016bra ir joje aptinka veiksming\u0105 b\u016bd\u0105, kaip pa\u017eadinti proto, k\u016bno ir sielos galias, i\u0161moksta gyventi aistringai, tikslingai ir ramiai.  Knygoje nuostabiai dera am\u017eina Ryt\u0173 i\u0161mintis ir grie\u017etas Vakar\u0173 s\u0117km\u0117s mokslas.","og_url":"https:\/\/skaitytaknyga.lt\/en\/produktas\/robin-sharma-vienuolis-kuris-pardave-ferrari-virselio-defektas\/","og_site_name":"Skaitytaknyga","article_publisher":"https:\/\/www.facebook.com\/skaitytaknyga\/","article_modified_time":"2025-09-20T16:22:44+00:00","og_image":[{"width":297,"height":430,"url":"https:\/\/skaitytaknyga.lt\/wp-content\/uploads\/2024\/05\/vienuolis-kuris-pardave-ferari.jpg","type":"image\/jpeg"}],"twitter_card":"summary_large_image","twitter_misc":{"Estimated reading time":"1 minute"},"schema":{"@context":"https:\/\/schema.org","@graph":[{"@type":"WebPage","@id":"https:\/\/skaitytaknyga.lt\/produktas\/robin-sharma-vienuolis-kuris-pardave-ferrari-virselio-defektas\/","url":"https:\/\/skaitytaknyga.lt\/produktas\/robin-sharma-vienuolis-kuris-pardave-ferrari-virselio-defektas\/","name":"Vienuolis, kuris pardav\u0117 \u201eFerrar\u012f\u201c\u201c","isPartOf":{"@id":"https:\/\/skaitytaknyga.lt\/#website"},"primaryImageOfPage":{"@id":"https:\/\/skaitytaknyga.lt\/produktas\/robin-sharma-vienuolis-kuris-pardave-ferrari-virselio-defektas\/#primaryimage"},"image":{"@id":"https:\/\/skaitytaknyga.lt\/produktas\/robin-sharma-vienuolis-kuris-pardave-ferrari-virselio-defektas\/#primaryimage"},"thumbnailUrl":"https:\/\/skaitytaknyga.lt\/wp-content\/uploads\/2024\/05\/vienuolis-kuris-pardave-ferari.jpg","datePublished":"2024-05-04T17:56:14+00:00","dateModified":"2025-09-20T16:22:44+00:00","description":"\u201e\u0160ios istorijos \u017eavesys \u012fkvepia...\u201c Paulo Coelho, \u201eAlchemiko\u201c autorius \u201eVienuolis, kuris pardav\u0117 \u201eFerrar\u012f\u201c \u2013 tai istorija apie D\u017eulian\u0105 Mantl\u012f, \u017eym\u0173 advokat\u0105, kuris d\u0117l netvarkingo gyvenimo b\u016bdo patiria beveik mirtin\u0105 \u0161irdies sm\u016bg\u012f pilnoje teismo sal\u0117je. Jo fizin\u0117 negalia sukelia ir dvasios kriz\u0119, kuri paskatina j\u012f keisti gyvensen\u0105 ir ie\u0161koti atsakym\u0173 \u012f svarbiausius b\u016bties klausimus. Tik\u0117damasis rasti laim\u0119, jis leid\u017eiasi \u012f nepaprast\u0105 kelion\u0119 po Indij\u0105, susipa\u017e\u012fsta su senovine kult\u016bra ir joje aptinka veiksming\u0105 b\u016bd\u0105, kaip pa\u017eadinti proto, k\u016bno ir sielos galias, i\u0161moksta gyventi aistringai, tikslingai ir ramiai. Knygoje nuostabiai dera am\u017eina Ryt\u0173 i\u0161mintis ir grie\u017etas Vakar\u0173 s\u0117km\u0117s mokslas.","breadcrumb":{"@id":"https:\/\/skaitytaknyga.lt\/produktas\/robin-sharma-vienuolis-kuris-pardave-ferrari-virselio-defektas\/#breadcrumb"},"inLanguage":"en-GB","potentialAction":[{"@type":"ReadAction","target":["https:\/\/skaitytaknyga.lt\/produktas\/robin-sharma-vienuolis-kuris-pardave-ferrari-virselio-defektas\/"]}]},{"@type":"ImageObject","inLanguage":"en-GB","@id":"https:\/\/skaitytaknyga.lt\/produktas\/robin-sharma-vienuolis-kuris-pardave-ferrari-virselio-defektas\/#primaryimage","url":"https:\/\/skaitytaknyga.lt\/wp-content\/uploads\/2024\/05\/vienuolis-kuris-pardave-ferari.jpg","contentUrl":"https:\/\/skaitytaknyga.lt\/wp-content\/uploads\/2024\/05\/vienuolis-kuris-pardave-ferari.jpg","width":297,"height":430},{"@type":"BreadcrumbList","@id":"https:\/\/skaitytaknyga.lt\/produktas\/robin-sharma-vienuolis-kuris-pardave-ferrari-virselio-defektas\/#breadcrumb","itemListElement":[{"@type":"ListItem","position":1,"name":"Home","item":"https:\/\/skaitytaknyga.lt\/"},{"@type":"ListItem","position":2,"name":"Parduotuv\u0117","item":"https:\/\/skaitytaknyga.lt\/knygu-parduotuve\/"},{"@type":"ListItem","position":3,"name":"Vienuolis, kuris pardav\u0117 \u201eFerrar\u012f\u201c\u201c"}]},{"@type":"WebSite","@id":"https:\/\/skaitytaknyga.lt\/#website","url":"https:\/\/skaitytaknyga.lt\/","name":"skaitytaknyga.lt","description":"Skaitytaknyga.lt \u2013 tai ma\u017eas \u0161eimos verslas, kuris prasid\u0117jo nuo meil\u0117s knygoms ir siekio i\u0161gelb\u0117ti knygas nuo likimo prie konteinerio. Kas vienam nereikalingas daiktas \u2013 kitam lobis, o mes esame tarpininkai, kurie padeda abiems tapti laimingesniems ???? \u017dinome kaip nelengva i\u0161gyventi ma\u017eiems verslams, tad nuo \u0161iol, \u010dia rasite ir kit\u0173, ma\u017e\u0173 \u0161eim\u0173 versl\u0173, rank\u0173 darbo, dovan\u0173 sau ir artimiesiems.","publisher":{"@id":"https:\/\/skaitytaknyga.lt\/#organization"},"potentialAction":[{"@type":"SearchAction","target":{"@type":"EntryPoint","urlTemplate":"https:\/\/skaitytaknyga.lt\/?s={search_term_string}"},"query-input":{"@type":"PropertyValueSpecification","valueRequired":true,"valueName":"search_term_string"}}],"inLanguage":"en-GB"},{"@type":"Organization","@id":"https:\/\/skaitytaknyga.lt\/#organization","name":"skaitytaknyga.lt","url":"https:\/\/skaitytaknyga.lt\/","logo":{"@type":"ImageObject","inLanguage":"en-GB","@id":"https:\/\/skaitytaknyga.lt\/#\/schema\/logo\/image\/","url":"https:\/\/skaitytaknyga.lt\/wp-content\/uploads\/2024\/05\/cropped-cropped-cropped-02_00843_jt3bggkj1j3HLc7SyY6rEUpg.jpeg","contentUrl":"https:\/\/skaitytaknyga.lt\/wp-content\/uploads\/2024\/05\/cropped-cropped-cropped-02_00843_jt3bggkj1j3HLc7SyY6rEUpg.jpeg","width":1600,"height":1600,"caption":"skaitytaknyga.lt"},"image":{"@id":"https:\/\/skaitytaknyga.lt\/#\/schema\/logo\/image\/"},"sameAs":["https:\/\/www.facebook.com\/skaitytaknyga\/"]}]}},"_links":{"self":[{"href":"https:\/\/skaitytaknyga.lt\/en\/wp-json\/wp\/v2\/product\/9717","targetHints":{"allow":["GET"]}}],"collection":[{"href":"https:\/\/skaitytaknyga.lt\/en\/wp-json\/wp\/v2\/product"}],"about":[{"href":"https:\/\/skaitytaknyga.lt\/en\/wp-json\/wp\/v2\/types\/product"}],"replies":[{"embeddable":true,"href":"https:\/\/skaitytaknyga.lt\/en\/wp-json\/wp\/v2\/comments?post=9717"}],"wp:featuredmedia":[{"embeddable":true,"href":"https:\/\/skaitytaknyga.lt\/en\/wp-json\/wp\/v2\/media\/9768"}],"wp:attachment":[{"href":"https:\/\/skaitytaknyga.lt\/en\/wp-json\/wp\/v2\/media?parent=9717"}],"wp:term":[{"taxonomy":"product_brand","embeddable":true,"href":"https:\/\/skaitytaknyga.lt\/en\/wp-json\/wp\/v2\/product_brand?post=9717"},{"taxonomy":"product_cat","embeddable":true,"href":"https:\/\/skaitytaknyga.lt\/en\/wp-json\/wp\/v2\/product_cat?post=9717"},{"taxonomy":"product_tag","embeddable":true,"href":"https:\/\/skaitytaknyga.lt\/en\/wp-json\/wp\/v2\/product_tag?post=9717"}],"curies":[{"name":"wp","href":"https:\/\/api.w.org\/{rel}","templated":true}]}}