{"id":9715,"date":"2024-05-04T17:56:14","date_gmt":"2024-05-04T17:56:14","guid":{"rendered":"https:\/\/skaitytaknyga.lt\/?post_type=product&#038;p=9715"},"modified":"2024-05-04T17:57:24","modified_gmt":"2024-05-04T17:57:24","slug":"mercedes-benz-is-laisku-hrabalui","status":"publish","type":"product","link":"https:\/\/skaitytaknyga.lt\/en\/produktas\/mercedes-benz-is-laisku-hrabalui\/","title":{"rendered":"Mercedes-Benz. I\u0161 lai\u0161k\u0173 Hrabalui"},"content":{"rendered":"<p>Vairavimo pamokos, pasirodo, gali b\u016bti ir romanti\u0161kos&#8230; Va\u017ein\u0117damas po miesto gatves ma\u017ey\u010diu fiatu knygos herojus, nor\u0117damas \u012fsiteikti \u017eavingai instruktorei, pasakoja tikras ir pramanytas, bet vis\u0105laik nuotaikingas, \u201ekabinan\u010dias\u201c istorijas apie senelio ir t\u0117vo mersedesus, senelio su\u017ead\u0117tuvi\u0173 dovan\u0105 \u2013 nelaiming\u0105j\u012f mo\u010diut\u0117s citroen\u0105, ir dar daug k\u0105. Instruktor\u0117s ir mokinio mar\u0161rutai vis art\u0117ja prie jos sodo namelio u\u017emiestyje&#8230;<\/p>\n<p>Lenk\u0173 prozininkas Pawe\u0142as Huelle (gim. 1957 m.) yra d\u0117mesingas detal\u0117ms ir \u201e\u017eaid\u017eia\u201c literat\u016bros konvencijomis. Jo k\u016bryboje nesunkiai \u012f\u017ei\u016brimos G\u00fcnterio Grasso ir Bruno Schulzo tekst\u0173 parafraz\u0117s. \u0160is \u0161ilto humoro kupinas romanas Mercedes-Benz gali b\u016bti skaitomas ir kaip meil\u0117s prisipa\u017einimas \u010dek\u0173 prozos meistrui Bohumilui Hrabalui.<\/p>\n","protected":false},"excerpt":{"rendered":"<p>Vairavimo pamokos, pasirodo, gali b\u016bti ir romanti\u0161kos&#8230; Va\u017ein\u0117damas po miesto gatves ma\u017ey\u010diu fiatu knygos herojus, nor\u0117damas \u012fsiteikti \u017eavingai instruktorei, pasakoja tikras ir pramanytas, bet vis\u0105laik nuotaikingas, \u201ekabinan\u010dias\u201c istorijas apie senelio ir t\u0117vo mersedesus, senelio su\u017ead\u0117tuvi\u0173 dovan\u0105 \u2013 nelaiming\u0105j\u012f mo\u010diut\u0117s citroen\u0105, ir dar daug k\u0105. Instruktor\u0117s ir mokinio mar\u0161rutai vis art\u0117ja prie jos sodo namelio u\u017emiestyje&#8230;<\/p>\n<p>Lenk\u0173 prozininkas Pawe\u0142as Huelle (gim. 1957 m.) yra d\u0117mesingas detal\u0117ms ir \u201e\u017eaid\u017eia\u201c literat\u016bros konvencijomis. Jo k\u016bryboje nesunkiai \u012f\u017ei\u016brimos G\u00fcnterio Grasso ir Bruno Schulzo tekst\u0173 parafraz\u0117s. \u0160is \u0161ilto humoro kupinas romanas Mercedes-Benz gali b\u016bti skaitomas ir kaip meil\u0117s prisipa\u017einimas \u010dek\u0173 prozos meistrui Bohumilui Hrabalui.<\/p>\n","protected":false},"featured_media":9759,"comment_status":"closed","ping_status":"closed","template":"","meta":{"_acf_changed":false,"site-sidebar-layout":"default","site-content-layout":"","ast-site-content-layout":"default","site-content-style":"default","site-sidebar-style":"default","ast-global-header-display":"","ast-banner-title-visibility":"","ast-main-header-display":"","ast-hfb-above-header-display":"","ast-hfb-below-header-display":"","ast-hfb-mobile-header-display":"","site-post-title":"","ast-breadcrumbs-content":"","ast-featured-img":"","footer-sml-layout":"","ast-disable-related-posts":"","theme-transparent-header-meta":"","adv-header-id-meta":"","stick-header-meta":"","header-above-stick-meta":"","header-main-stick-meta":"","header-below-stick-meta":"","astra-migrate-meta-layouts":"default","ast-page-background-enabled":"default","ast-page-background-meta":{"desktop":{"background-color":"","background-image":"","background-repeat":"repeat","background-position":"center center","background-size":"auto","background-attachment":"scroll","background-type":"","background-media":"","overlay-type":"","overlay-color":"","overlay-opacity":"","overlay-gradient":""},"tablet":{"background-color":"","background-image":"","background-repeat":"repeat","background-position":"center center","background-size":"auto","background-attachment":"scroll","background-type":"","background-media":"","overlay-type":"","overlay-color":"","overlay-opacity":"","overlay-gradient":""},"mobile":{"background-color":"","background-image":"","background-repeat":"repeat","background-position":"center center","background-size":"auto","background-attachment":"scroll","background-type":"","background-media":"","overlay-type":"","overlay-color":"","overlay-opacity":"","overlay-gradient":""}},"ast-content-background-meta":{"desktop":{"background-color":"var(--ast-global-color-4)","background-image":"","background-repeat":"repeat","background-position":"center center","background-size":"auto","background-attachment":"scroll","background-type":"","background-media":"","overlay-type":"","overlay-color":"","overlay-opacity":"","overlay-gradient":""},"tablet":{"background-color":"var(--ast-global-color-4)","background-image":"","background-repeat":"repeat","background-position":"center center","background-size":"auto","background-attachment":"scroll","background-type":"","background-media":"","overlay-type":"","overlay-color":"","overlay-opacity":"","overlay-gradient":""},"mobile":{"background-color":"var(--ast-global-color-4)","background-image":"","background-repeat":"repeat","background-position":"center center","background-size":"auto","background-attachment":"scroll","background-type":"","background-media":"","overlay-type":"","overlay-color":"","overlay-opacity":"","overlay-gradient":""}}},"product_brand":[],"product_cat":[31],"product_tag":[],"class_list":{"0":"post-9715","1":"product","2":"type-product","3":"status-publish","4":"has-post-thumbnail","6":"product_cat-grozine-literatura","7":"desktop-align-left","8":"tablet-align-left","9":"mobile-align-left","11":"first","12":"instock","13":"shipping-taxable","14":"purchasable","15":"product-type-simple"},"acf":[],"yoast_head":"<!-- This site is optimized with the Yoast SEO plugin v27.4 - https:\/\/yoast.com\/product\/yoast-seo-wordpress\/ -->\n<title>Mercedes-Benz. I\u0161 lai\u0161k\u0173 Hrabalui - Skaitytaknyga<\/title>\n<meta name=\"description\" content=\"Vairavimo pamokos, pasirodo, gali b\u016bti ir romanti\u0161kos... Va\u017ein\u0117damas po miesto gatves ma\u017ey\u010diu fiatu knygos herojus, nor\u0117damas \u012fsiteikti \u017eavingai instruktorei, pasakoja tikras ir pramanytas, bet vis\u0105laik nuotaikingas, \u201ekabinan\u010dias\u201c istorijas apie senelio ir t\u0117vo mersedesus, senelio su\u017ead\u0117tuvi\u0173 dovan\u0105 \u2013 nelaiming\u0105j\u012f mo\u010diut\u0117s citroen\u0105, ir dar daug k\u0105. Instruktor\u0117s ir mokinio mar\u0161rutai vis art\u0117ja prie jos sodo namelio u\u017emiestyje...  Lenk\u0173 prozininkas Pawe\u0142as Huelle (gim. 1957 m.) yra d\u0117mesingas detal\u0117ms ir \u201e\u017eaid\u017eia\u201c literat\u016bros konvencijomis. Jo k\u016bryboje nesunkiai \u012f\u017ei\u016brimos G\u00fcnterio Grasso ir Bruno Schulzo tekst\u0173 parafraz\u0117s. \u0160is \u0161ilto humoro kupinas romanas Mercedes-Benz gali b\u016bti skaitomas ir kaip meil\u0117s prisipa\u017einimas \u010dek\u0173 prozos meistrui Bohumilui Hrabalui.\" \/>\n<meta name=\"robots\" content=\"index, follow, max-snippet:-1, max-image-preview:large, max-video-preview:-1\" \/>\n<link rel=\"canonical\" href=\"https:\/\/skaitytaknyga.lt\/en\/produktas\/mercedes-benz-is-laisku-hrabalui\/\" \/>\n<meta property=\"og:locale\" content=\"en_GB\" \/>\n<meta property=\"og:locale:alternate\" content=\"lt_LT\" \/>\n<meta property=\"og:type\" content=\"article\" \/>\n<meta property=\"og:title\" content=\"Mercedes-Benz. I\u0161 lai\u0161k\u0173 Hrabalui - Skaitytaknyga\" \/>\n<meta property=\"og:description\" content=\"Vairavimo pamokos, pasirodo, gali b\u016bti ir romanti\u0161kos... Va\u017ein\u0117damas po miesto gatves ma\u017ey\u010diu fiatu knygos herojus, nor\u0117damas \u012fsiteikti \u017eavingai instruktorei, pasakoja tikras ir pramanytas, bet vis\u0105laik nuotaikingas, \u201ekabinan\u010dias\u201c istorijas apie senelio ir t\u0117vo mersedesus, senelio su\u017ead\u0117tuvi\u0173 dovan\u0105 \u2013 nelaiming\u0105j\u012f mo\u010diut\u0117s citroen\u0105, ir dar daug k\u0105. Instruktor\u0117s ir mokinio mar\u0161rutai vis art\u0117ja prie jos sodo namelio u\u017emiestyje...  Lenk\u0173 prozininkas Pawe\u0142as Huelle (gim. 1957 m.) yra d\u0117mesingas detal\u0117ms ir \u201e\u017eaid\u017eia\u201c literat\u016bros konvencijomis. Jo k\u016bryboje nesunkiai \u012f\u017ei\u016brimos G\u00fcnterio Grasso ir Bruno Schulzo tekst\u0173 parafraz\u0117s. \u0160is \u0161ilto humoro kupinas romanas Mercedes-Benz gali b\u016bti skaitomas ir kaip meil\u0117s prisipa\u017einimas \u010dek\u0173 prozos meistrui Bohumilui Hrabalui.\" \/>\n<meta property=\"og:url\" content=\"https:\/\/skaitytaknyga.lt\/en\/produktas\/mercedes-benz-is-laisku-hrabalui\/\" \/>\n<meta property=\"og:site_name\" content=\"Skaitytaknyga\" \/>\n<meta property=\"article:publisher\" content=\"https:\/\/www.facebook.com\/skaitytaknyga\/\" \/>\n<meta property=\"article:modified_time\" content=\"2024-05-04T17:57:24+00:00\" \/>\n<meta property=\"og:image\" content=\"https:\/\/skaitytaknyga.lt\/wp-content\/uploads\/2024\/05\/0001122_mercedes-benz-is-laisku-hrabalui_625.jpeg\" \/>\n\t<meta property=\"og:image:width\" content=\"417\" \/>\n\t<meta property=\"og:image:height\" content=\"625\" \/>\n\t<meta property=\"og:image:type\" content=\"image\/jpeg\" \/>\n<meta name=\"twitter:card\" content=\"summary_large_image\" \/>\n<meta name=\"twitter:label1\" content=\"Estimated reading time\" \/>\n\t<meta name=\"twitter:data1\" content=\"1 minute\" \/>\n<script type=\"application\/ld+json\" class=\"yoast-schema-graph\">{\"@context\":\"https:\\\/\\\/schema.org\",\"@graph\":[{\"@type\":\"WebPage\",\"@id\":\"https:\\\/\\\/skaitytaknyga.lt\\\/produktas\\\/mercedes-benz-is-laisku-hrabalui\\\/\",\"url\":\"https:\\\/\\\/skaitytaknyga.lt\\\/produktas\\\/mercedes-benz-is-laisku-hrabalui\\\/\",\"name\":\"Mercedes-Benz. I\u0161 lai\u0161k\u0173 Hrabalui - Skaitytaknyga\",\"isPartOf\":{\"@id\":\"https:\\\/\\\/skaitytaknyga.lt\\\/#website\"},\"primaryImageOfPage\":{\"@id\":\"https:\\\/\\\/skaitytaknyga.lt\\\/produktas\\\/mercedes-benz-is-laisku-hrabalui\\\/#primaryimage\"},\"image\":{\"@id\":\"https:\\\/\\\/skaitytaknyga.lt\\\/produktas\\\/mercedes-benz-is-laisku-hrabalui\\\/#primaryimage\"},\"thumbnailUrl\":\"https:\\\/\\\/skaitytaknyga.lt\\\/wp-content\\\/uploads\\\/2024\\\/05\\\/0001122_mercedes-benz-is-laisku-hrabalui_625.jpeg\",\"datePublished\":\"2024-05-04T17:56:14+00:00\",\"dateModified\":\"2024-05-04T17:57:24+00:00\",\"description\":\"Vairavimo pamokos, pasirodo, gali b\u016bti ir romanti\u0161kos... Va\u017ein\u0117damas po miesto gatves ma\u017ey\u010diu fiatu knygos herojus, nor\u0117damas \u012fsiteikti \u017eavingai instruktorei, pasakoja tikras ir pramanytas, bet vis\u0105laik nuotaikingas, \u201ekabinan\u010dias\u201c istorijas apie senelio ir t\u0117vo mersedesus, senelio su\u017ead\u0117tuvi\u0173 dovan\u0105 \u2013 nelaiming\u0105j\u012f mo\u010diut\u0117s citroen\u0105, ir dar daug k\u0105. Instruktor\u0117s ir mokinio mar\u0161rutai vis art\u0117ja prie jos sodo namelio u\u017emiestyje... Lenk\u0173 prozininkas Pawe\u0142as Huelle (gim. 1957 m.) yra d\u0117mesingas detal\u0117ms ir \u201e\u017eaid\u017eia\u201c literat\u016bros konvencijomis. Jo k\u016bryboje nesunkiai \u012f\u017ei\u016brimos G\u00fcnterio Grasso ir Bruno Schulzo tekst\u0173 parafraz\u0117s. \u0160is \u0161ilto humoro kupinas romanas Mercedes-Benz gali b\u016bti skaitomas ir kaip meil\u0117s prisipa\u017einimas \u010dek\u0173 prozos meistrui Bohumilui Hrabalui.\",\"breadcrumb\":{\"@id\":\"https:\\\/\\\/skaitytaknyga.lt\\\/produktas\\\/mercedes-benz-is-laisku-hrabalui\\\/#breadcrumb\"},\"inLanguage\":\"en-GB\",\"potentialAction\":[{\"@type\":\"ReadAction\",\"target\":[\"https:\\\/\\\/skaitytaknyga.lt\\\/produktas\\\/mercedes-benz-is-laisku-hrabalui\\\/\"]}]},{\"@type\":\"ImageObject\",\"inLanguage\":\"en-GB\",\"@id\":\"https:\\\/\\\/skaitytaknyga.lt\\\/produktas\\\/mercedes-benz-is-laisku-hrabalui\\\/#primaryimage\",\"url\":\"https:\\\/\\\/skaitytaknyga.lt\\\/wp-content\\\/uploads\\\/2024\\\/05\\\/0001122_mercedes-benz-is-laisku-hrabalui_625.jpeg\",\"contentUrl\":\"https:\\\/\\\/skaitytaknyga.lt\\\/wp-content\\\/uploads\\\/2024\\\/05\\\/0001122_mercedes-benz-is-laisku-hrabalui_625.jpeg\",\"width\":417,\"height\":625},{\"@type\":\"BreadcrumbList\",\"@id\":\"https:\\\/\\\/skaitytaknyga.lt\\\/produktas\\\/mercedes-benz-is-laisku-hrabalui\\\/#breadcrumb\",\"itemListElement\":[{\"@type\":\"ListItem\",\"position\":1,\"name\":\"Home\",\"item\":\"https:\\\/\\\/skaitytaknyga.lt\\\/\"},{\"@type\":\"ListItem\",\"position\":2,\"name\":\"Parduotuv\u0117\",\"item\":\"https:\\\/\\\/skaitytaknyga.lt\\\/knygu-parduotuve\\\/\"},{\"@type\":\"ListItem\",\"position\":3,\"name\":\"Mercedes-Benz. I\u0161 lai\u0161k\u0173 Hrabalui\"}]},{\"@type\":\"WebSite\",\"@id\":\"https:\\\/\\\/skaitytaknyga.lt\\\/#website\",\"url\":\"https:\\\/\\\/skaitytaknyga.lt\\\/\",\"name\":\"skaitytaknyga.lt\",\"description\":\"Skaitytaknyga.lt \u2013 tai ma\u017eas \u0161eimos verslas, kuris prasid\u0117jo nuo meil\u0117s knygoms ir siekio i\u0161gelb\u0117ti knygas nuo likimo prie konteinerio. Kas vienam nereikalingas daiktas \u2013 kitam lobis, o mes esame tarpininkai, kurie padeda abiems tapti laimingesniems ???? \u017dinome kaip nelengva i\u0161gyventi ma\u017eiems verslams, tad nuo \u0161iol, \u010dia rasite ir kit\u0173, ma\u017e\u0173 \u0161eim\u0173 versl\u0173, rank\u0173 darbo, dovan\u0173 sau ir artimiesiems.\",\"publisher\":{\"@id\":\"https:\\\/\\\/skaitytaknyga.lt\\\/#organization\"},\"potentialAction\":[{\"@type\":\"SearchAction\",\"target\":{\"@type\":\"EntryPoint\",\"urlTemplate\":\"https:\\\/\\\/skaitytaknyga.lt\\\/?s={search_term_string}\"},\"query-input\":{\"@type\":\"PropertyValueSpecification\",\"valueRequired\":true,\"valueName\":\"search_term_string\"}}],\"inLanguage\":\"en-GB\"},{\"@type\":\"Organization\",\"@id\":\"https:\\\/\\\/skaitytaknyga.lt\\\/#organization\",\"name\":\"skaitytaknyga.lt\",\"url\":\"https:\\\/\\\/skaitytaknyga.lt\\\/\",\"logo\":{\"@type\":\"ImageObject\",\"inLanguage\":\"en-GB\",\"@id\":\"https:\\\/\\\/skaitytaknyga.lt\\\/#\\\/schema\\\/logo\\\/image\\\/\",\"url\":\"https:\\\/\\\/skaitytaknyga.lt\\\/wp-content\\\/uploads\\\/2024\\\/05\\\/cropped-cropped-cropped-02_00843_jt3bggkj1j3HLc7SyY6rEUpg.jpeg\",\"contentUrl\":\"https:\\\/\\\/skaitytaknyga.lt\\\/wp-content\\\/uploads\\\/2024\\\/05\\\/cropped-cropped-cropped-02_00843_jt3bggkj1j3HLc7SyY6rEUpg.jpeg\",\"width\":1600,\"height\":1600,\"caption\":\"skaitytaknyga.lt\"},\"image\":{\"@id\":\"https:\\\/\\\/skaitytaknyga.lt\\\/#\\\/schema\\\/logo\\\/image\\\/\"},\"sameAs\":[\"https:\\\/\\\/www.facebook.com\\\/skaitytaknyga\\\/\"]}]}<\/script>\n<!-- \/ Yoast SEO plugin. -->","yoast_head_json":{"title":"Mercedes-Benz. I\u0161 lai\u0161k\u0173 Hrabalui - Skaitytaknyga","description":"Vairavimo pamokos, pasirodo, gali b\u016bti ir romanti\u0161kos... Va\u017ein\u0117damas po miesto gatves ma\u017ey\u010diu fiatu knygos herojus, nor\u0117damas \u012fsiteikti \u017eavingai instruktorei, pasakoja tikras ir pramanytas, bet vis\u0105laik nuotaikingas, \u201ekabinan\u010dias\u201c istorijas apie senelio ir t\u0117vo mersedesus, senelio su\u017ead\u0117tuvi\u0173 dovan\u0105 \u2013 nelaiming\u0105j\u012f mo\u010diut\u0117s citroen\u0105, ir dar daug k\u0105. Instruktor\u0117s ir mokinio mar\u0161rutai vis art\u0117ja prie jos sodo namelio u\u017emiestyje...  Lenk\u0173 prozininkas Pawe\u0142as Huelle (gim. 1957 m.) yra d\u0117mesingas detal\u0117ms ir \u201e\u017eaid\u017eia\u201c literat\u016bros konvencijomis. Jo k\u016bryboje nesunkiai \u012f\u017ei\u016brimos G\u00fcnterio Grasso ir Bruno Schulzo tekst\u0173 parafraz\u0117s. \u0160is \u0161ilto humoro kupinas romanas Mercedes-Benz gali b\u016bti skaitomas ir kaip meil\u0117s prisipa\u017einimas \u010dek\u0173 prozos meistrui Bohumilui Hrabalui.","robots":{"index":"index","follow":"follow","max-snippet":"max-snippet:-1","max-image-preview":"max-image-preview:large","max-video-preview":"max-video-preview:-1"},"canonical":"https:\/\/skaitytaknyga.lt\/en\/produktas\/mercedes-benz-is-laisku-hrabalui\/","og_locale":"en_GB","og_type":"article","og_title":"Mercedes-Benz. I\u0161 lai\u0161k\u0173 Hrabalui - Skaitytaknyga","og_description":"Vairavimo pamokos, pasirodo, gali b\u016bti ir romanti\u0161kos... Va\u017ein\u0117damas po miesto gatves ma\u017ey\u010diu fiatu knygos herojus, nor\u0117damas \u012fsiteikti \u017eavingai instruktorei, pasakoja tikras ir pramanytas, bet vis\u0105laik nuotaikingas, \u201ekabinan\u010dias\u201c istorijas apie senelio ir t\u0117vo mersedesus, senelio su\u017ead\u0117tuvi\u0173 dovan\u0105 \u2013 nelaiming\u0105j\u012f mo\u010diut\u0117s citroen\u0105, ir dar daug k\u0105. Instruktor\u0117s ir mokinio mar\u0161rutai vis art\u0117ja prie jos sodo namelio u\u017emiestyje...  Lenk\u0173 prozininkas Pawe\u0142as Huelle (gim. 1957 m.) yra d\u0117mesingas detal\u0117ms ir \u201e\u017eaid\u017eia\u201c literat\u016bros konvencijomis. Jo k\u016bryboje nesunkiai \u012f\u017ei\u016brimos G\u00fcnterio Grasso ir Bruno Schulzo tekst\u0173 parafraz\u0117s. \u0160is \u0161ilto humoro kupinas romanas Mercedes-Benz gali b\u016bti skaitomas ir kaip meil\u0117s prisipa\u017einimas \u010dek\u0173 prozos meistrui Bohumilui Hrabalui.","og_url":"https:\/\/skaitytaknyga.lt\/en\/produktas\/mercedes-benz-is-laisku-hrabalui\/","og_site_name":"Skaitytaknyga","article_publisher":"https:\/\/www.facebook.com\/skaitytaknyga\/","article_modified_time":"2024-05-04T17:57:24+00:00","og_image":[{"width":417,"height":625,"url":"https:\/\/skaitytaknyga.lt\/wp-content\/uploads\/2024\/05\/0001122_mercedes-benz-is-laisku-hrabalui_625.jpeg","type":"image\/jpeg"}],"twitter_card":"summary_large_image","twitter_misc":{"Estimated reading time":"1 minute"},"schema":{"@context":"https:\/\/schema.org","@graph":[{"@type":"WebPage","@id":"https:\/\/skaitytaknyga.lt\/produktas\/mercedes-benz-is-laisku-hrabalui\/","url":"https:\/\/skaitytaknyga.lt\/produktas\/mercedes-benz-is-laisku-hrabalui\/","name":"Mercedes-Benz. I\u0161 lai\u0161k\u0173 Hrabalui - Skaitytaknyga","isPartOf":{"@id":"https:\/\/skaitytaknyga.lt\/#website"},"primaryImageOfPage":{"@id":"https:\/\/skaitytaknyga.lt\/produktas\/mercedes-benz-is-laisku-hrabalui\/#primaryimage"},"image":{"@id":"https:\/\/skaitytaknyga.lt\/produktas\/mercedes-benz-is-laisku-hrabalui\/#primaryimage"},"thumbnailUrl":"https:\/\/skaitytaknyga.lt\/wp-content\/uploads\/2024\/05\/0001122_mercedes-benz-is-laisku-hrabalui_625.jpeg","datePublished":"2024-05-04T17:56:14+00:00","dateModified":"2024-05-04T17:57:24+00:00","description":"Vairavimo pamokos, pasirodo, gali b\u016bti ir romanti\u0161kos... Va\u017ein\u0117damas po miesto gatves ma\u017ey\u010diu fiatu knygos herojus, nor\u0117damas \u012fsiteikti \u017eavingai instruktorei, pasakoja tikras ir pramanytas, bet vis\u0105laik nuotaikingas, \u201ekabinan\u010dias\u201c istorijas apie senelio ir t\u0117vo mersedesus, senelio su\u017ead\u0117tuvi\u0173 dovan\u0105 \u2013 nelaiming\u0105j\u012f mo\u010diut\u0117s citroen\u0105, ir dar daug k\u0105. Instruktor\u0117s ir mokinio mar\u0161rutai vis art\u0117ja prie jos sodo namelio u\u017emiestyje... Lenk\u0173 prozininkas Pawe\u0142as Huelle (gim. 1957 m.) yra d\u0117mesingas detal\u0117ms ir \u201e\u017eaid\u017eia\u201c literat\u016bros konvencijomis. Jo k\u016bryboje nesunkiai \u012f\u017ei\u016brimos G\u00fcnterio Grasso ir Bruno Schulzo tekst\u0173 parafraz\u0117s. \u0160is \u0161ilto humoro kupinas romanas Mercedes-Benz gali b\u016bti skaitomas ir kaip meil\u0117s prisipa\u017einimas \u010dek\u0173 prozos meistrui Bohumilui Hrabalui.","breadcrumb":{"@id":"https:\/\/skaitytaknyga.lt\/produktas\/mercedes-benz-is-laisku-hrabalui\/#breadcrumb"},"inLanguage":"en-GB","potentialAction":[{"@type":"ReadAction","target":["https:\/\/skaitytaknyga.lt\/produktas\/mercedes-benz-is-laisku-hrabalui\/"]}]},{"@type":"ImageObject","inLanguage":"en-GB","@id":"https:\/\/skaitytaknyga.lt\/produktas\/mercedes-benz-is-laisku-hrabalui\/#primaryimage","url":"https:\/\/skaitytaknyga.lt\/wp-content\/uploads\/2024\/05\/0001122_mercedes-benz-is-laisku-hrabalui_625.jpeg","contentUrl":"https:\/\/skaitytaknyga.lt\/wp-content\/uploads\/2024\/05\/0001122_mercedes-benz-is-laisku-hrabalui_625.jpeg","width":417,"height":625},{"@type":"BreadcrumbList","@id":"https:\/\/skaitytaknyga.lt\/produktas\/mercedes-benz-is-laisku-hrabalui\/#breadcrumb","itemListElement":[{"@type":"ListItem","position":1,"name":"Home","item":"https:\/\/skaitytaknyga.lt\/"},{"@type":"ListItem","position":2,"name":"Parduotuv\u0117","item":"https:\/\/skaitytaknyga.lt\/knygu-parduotuve\/"},{"@type":"ListItem","position":3,"name":"Mercedes-Benz. I\u0161 lai\u0161k\u0173 Hrabalui"}]},{"@type":"WebSite","@id":"https:\/\/skaitytaknyga.lt\/#website","url":"https:\/\/skaitytaknyga.lt\/","name":"skaitytaknyga.lt","description":"Skaitytaknyga.lt \u2013 tai ma\u017eas \u0161eimos verslas, kuris prasid\u0117jo nuo meil\u0117s knygoms ir siekio i\u0161gelb\u0117ti knygas nuo likimo prie konteinerio. Kas vienam nereikalingas daiktas \u2013 kitam lobis, o mes esame tarpininkai, kurie padeda abiems tapti laimingesniems ???? \u017dinome kaip nelengva i\u0161gyventi ma\u017eiems verslams, tad nuo \u0161iol, \u010dia rasite ir kit\u0173, ma\u017e\u0173 \u0161eim\u0173 versl\u0173, rank\u0173 darbo, dovan\u0173 sau ir artimiesiems.","publisher":{"@id":"https:\/\/skaitytaknyga.lt\/#organization"},"potentialAction":[{"@type":"SearchAction","target":{"@type":"EntryPoint","urlTemplate":"https:\/\/skaitytaknyga.lt\/?s={search_term_string}"},"query-input":{"@type":"PropertyValueSpecification","valueRequired":true,"valueName":"search_term_string"}}],"inLanguage":"en-GB"},{"@type":"Organization","@id":"https:\/\/skaitytaknyga.lt\/#organization","name":"skaitytaknyga.lt","url":"https:\/\/skaitytaknyga.lt\/","logo":{"@type":"ImageObject","inLanguage":"en-GB","@id":"https:\/\/skaitytaknyga.lt\/#\/schema\/logo\/image\/","url":"https:\/\/skaitytaknyga.lt\/wp-content\/uploads\/2024\/05\/cropped-cropped-cropped-02_00843_jt3bggkj1j3HLc7SyY6rEUpg.jpeg","contentUrl":"https:\/\/skaitytaknyga.lt\/wp-content\/uploads\/2024\/05\/cropped-cropped-cropped-02_00843_jt3bggkj1j3HLc7SyY6rEUpg.jpeg","width":1600,"height":1600,"caption":"skaitytaknyga.lt"},"image":{"@id":"https:\/\/skaitytaknyga.lt\/#\/schema\/logo\/image\/"},"sameAs":["https:\/\/www.facebook.com\/skaitytaknyga\/"]}]}},"_links":{"self":[{"href":"https:\/\/skaitytaknyga.lt\/en\/wp-json\/wp\/v2\/product\/9715","targetHints":{"allow":["GET"]}}],"collection":[{"href":"https:\/\/skaitytaknyga.lt\/en\/wp-json\/wp\/v2\/product"}],"about":[{"href":"https:\/\/skaitytaknyga.lt\/en\/wp-json\/wp\/v2\/types\/product"}],"replies":[{"embeddable":true,"href":"https:\/\/skaitytaknyga.lt\/en\/wp-json\/wp\/v2\/comments?post=9715"}],"wp:featuredmedia":[{"embeddable":true,"href":"https:\/\/skaitytaknyga.lt\/en\/wp-json\/wp\/v2\/media\/9759"}],"wp:attachment":[{"href":"https:\/\/skaitytaknyga.lt\/en\/wp-json\/wp\/v2\/media?parent=9715"}],"wp:term":[{"taxonomy":"product_brand","embeddable":true,"href":"https:\/\/skaitytaknyga.lt\/en\/wp-json\/wp\/v2\/product_brand?post=9715"},{"taxonomy":"product_cat","embeddable":true,"href":"https:\/\/skaitytaknyga.lt\/en\/wp-json\/wp\/v2\/product_cat?post=9715"},{"taxonomy":"product_tag","embeddable":true,"href":"https:\/\/skaitytaknyga.lt\/en\/wp-json\/wp\/v2\/product_tag?post=9715"}],"curies":[{"name":"wp","href":"https:\/\/api.w.org\/{rel}","templated":true}]}}