{"id":9712,"date":"2024-05-04T17:56:14","date_gmt":"2024-05-04T17:56:14","guid":{"rendered":"https:\/\/skaitytaknyga.lt\/?post_type=product&#038;p=9712"},"modified":"2024-05-04T17:57:17","modified_gmt":"2024-05-04T17:57:17","slug":"sprendimu-valdymas-kaip-rasti-geriausius-sprendimus-savo-verslui","status":"publish","type":"product","link":"https:\/\/skaitytaknyga.lt\/en\/produktas\/sprendimu-valdymas-kaip-rasti-geriausius-sprendimus-savo-verslui\/","title":{"rendered":"Sprendim\u0173 valdymas. Kaip rasti geriausius sprendimus savo verslui"},"content":{"rendered":"<p>Kod\u0117l kai kuri\u0173 kompanij\u0173 darbuotojai nuolatos stebina mus savo puikiais sprendimais, kai tuo tarpu kit\u0173 \u012fmoni\u0173 atstovai patiria vien\u0105 nes\u0117km\u0119 po kitos? Ar jie geriau i\u0161mano savo versl\u0105? Ar jie yra tiesiog akivaizd\u017eiai protingesni? Ar visa tai t\u0117ra s\u0117km\u0117s dalykas? Pasak J. Frank Yates, link teisingo atsakymo neveda n\u0117 vienas i\u0161 \u0161i\u0173 klausim\u0173. Svarbiausias, bet retai suvokiamas, raktas \u012f s\u0117km\u0119 slypi tame, kaip vadovai valdo savo kompanijos sprendim\u0173 proces\u0105, svarbiausia &#8211; lyderi\u0173 sprendim\u0173 valdymo technologija. \u017dinoma, visi sugeba priimti verslo sprendimus. Ta\u010diau \u0161ios knygos skaitytojai perpras paprast\u0105 ir galing\u0105 strategij\u0105 \u2013 vieno i\u0161 pagrindini\u0173 sprendim\u0173 pri\u0117mimo srities ekspert\u0173 \u017eod\u017eiais tariant \u2013 kaip priimti teisingus verslo sprendimus. Be to, knygoje pateikiamos specifin\u0117s rekomendacijos, kuriomis nesunkiai gali vadovautis bet kuris vadovas, siekiantis nuolatos tobulinti savo sprendim\u0173 valdymo veiksmingum\u0105.<\/p>\n","protected":false},"excerpt":{"rendered":"<p>Kod\u0117l kai kuri\u0173 kompanij\u0173 darbuotojai nuolatos stebina mus savo puikiais sprendimais, kai tuo tarpu kit\u0173 \u012fmoni\u0173 atstovai patiria vien\u0105 nes\u0117km\u0119 po kitos? Ar jie geriau i\u0161mano savo versl\u0105? Ar jie yra tiesiog akivaizd\u017eiai protingesni? Ar visa tai t\u0117ra s\u0117km\u0117s dalykas? Pasak J. Frank Yates, link teisingo atsakymo neveda n\u0117 vienas i\u0161 \u0161i\u0173 klausim\u0173. Svarbiausias, bet retai suvokiamas, raktas \u012f s\u0117km\u0119 slypi tame, kaip vadovai valdo savo kompanijos sprendim\u0173 proces\u0105, svarbiausia &#8211; lyderi\u0173 sprendim\u0173 valdymo technologija. \u017dinoma, visi sugeba priimti verslo sprendimus. Ta\u010diau \u0161ios knygos skaitytojai perpras paprast\u0105 ir galing\u0105 strategij\u0105 \u2013 vieno i\u0161 pagrindini\u0173 sprendim\u0173 pri\u0117mimo srities ekspert\u0173 \u017eod\u017eiais tariant \u2013 kaip priimti teisingus verslo sprendimus. Be to, knygoje pateikiamos specifin\u0117s rekomendacijos, kuriomis nesunkiai gali vadovautis bet kuris vadovas, siekiantis nuolatos tobulinti savo sprendim\u0173 valdymo veiksmingum\u0105.<\/p>\n","protected":false},"featured_media":9756,"comment_status":"closed","ping_status":"closed","template":"","meta":{"_acf_changed":false,"site-sidebar-layout":"default","site-content-layout":"","ast-site-content-layout":"default","site-content-style":"default","site-sidebar-style":"default","ast-global-header-display":"","ast-banner-title-visibility":"","ast-main-header-display":"","ast-hfb-above-header-display":"","ast-hfb-below-header-display":"","ast-hfb-mobile-header-display":"","site-post-title":"","ast-breadcrumbs-content":"","ast-featured-img":"","footer-sml-layout":"","ast-disable-related-posts":"","theme-transparent-header-meta":"","adv-header-id-meta":"","stick-header-meta":"","header-above-stick-meta":"","header-main-stick-meta":"","header-below-stick-meta":"","astra-migrate-meta-layouts":"default","ast-page-background-enabled":"default","ast-page-background-meta":{"desktop":{"background-color":"","background-image":"","background-repeat":"repeat","background-position":"center center","background-size":"auto","background-attachment":"scroll","background-type":"","background-media":"","overlay-type":"","overlay-color":"","overlay-opacity":"","overlay-gradient":""},"tablet":{"background-color":"","background-image":"","background-repeat":"repeat","background-position":"center center","background-size":"auto","background-attachment":"scroll","background-type":"","background-media":"","overlay-type":"","overlay-color":"","overlay-opacity":"","overlay-gradient":""},"mobile":{"background-color":"","background-image":"","background-repeat":"repeat","background-position":"center center","background-size":"auto","background-attachment":"scroll","background-type":"","background-media":"","overlay-type":"","overlay-color":"","overlay-opacity":"","overlay-gradient":""}},"ast-content-background-meta":{"desktop":{"background-color":"var(--ast-global-color-4)","background-image":"","background-repeat":"repeat","background-position":"center center","background-size":"auto","background-attachment":"scroll","background-type":"","background-media":"","overlay-type":"","overlay-color":"","overlay-opacity":"","overlay-gradient":""},"tablet":{"background-color":"var(--ast-global-color-4)","background-image":"","background-repeat":"repeat","background-position":"center center","background-size":"auto","background-attachment":"scroll","background-type":"","background-media":"","overlay-type":"","overlay-color":"","overlay-opacity":"","overlay-gradient":""},"mobile":{"background-color":"var(--ast-global-color-4)","background-image":"","background-repeat":"repeat","background-position":"center center","background-size":"auto","background-attachment":"scroll","background-type":"","background-media":"","overlay-type":"","overlay-color":"","overlay-opacity":"","overlay-gradient":""}}},"product_brand":[],"product_cat":[26],"product_tag":[275],"class_list":{"0":"post-9712","1":"product","2":"type-product","3":"status-publish","4":"has-post-thumbnail","6":"product_cat-verslas-vadyba-ir-finansai","7":"product_tag-verslo-zinios","8":"desktop-align-left","9":"tablet-align-left","10":"mobile-align-left","12":"first","13":"instock","14":"shipping-taxable","15":"purchasable","16":"product-type-simple"},"acf":[],"yoast_head":"<!-- This site is optimized with the Yoast SEO plugin v27.0 - https:\/\/yoast.com\/product\/yoast-seo-wordpress\/ -->\n<title>Sprendim\u0173 valdymas. Kaip rasti geriausius sprendimus savo verslui - Skaitytaknyga<\/title>\n<meta name=\"description\" content=\"Kod\u0117l kai kuri\u0173 kompanij\u0173 darbuotojai nuolatos stebina mus savo puikiais sprendimais, kai tuo tarpu kit\u0173 \u012fmoni\u0173 atstovai patiria vien\u0105 nes\u0117km\u0119 po kitos? Ar jie geriau i\u0161mano savo versl\u0105? Ar jie yra tiesiog akivaizd\u017eiai protingesni? Ar visa tai t\u0117ra s\u0117km\u0117s dalykas? Pasak J. Frank Yates, link teisingo atsakymo neveda n\u0117 vienas i\u0161 \u0161i\u0173 klausim\u0173. Svarbiausias, bet retai suvokiamas, raktas \u012f s\u0117km\u0119 slypi tame, kaip vadovai valdo savo kompanijos sprendim\u0173 proces\u0105, svarbiausia - lyderi\u0173 sprendim\u0173 valdymo technologija. \u017dinoma, visi sugeba priimti verslo sprendimus. Ta\u010diau \u0161ios knygos skaitytojai perpras paprast\u0105 ir galing\u0105 strategij\u0105 \u2013 vieno i\u0161 pagrindini\u0173 sprendim\u0173 pri\u0117mimo srities ekspert\u0173 \u017eod\u017eiais tariant \u2013 kaip priimti teisingus verslo sprendimus. Be to, knygoje pateikiamos specifin\u0117s rekomendacijos, kuriomis nesunkiai gali vadovautis bet kuris vadovas, siekiantis nuolatos tobulinti savo sprendim\u0173 valdymo veiksmingum\u0105.\" \/>\n<meta name=\"robots\" content=\"index, follow, max-snippet:-1, max-image-preview:large, max-video-preview:-1\" \/>\n<link rel=\"canonical\" href=\"https:\/\/skaitytaknyga.lt\/en\/produktas\/sprendimu-valdymas-kaip-rasti-geriausius-sprendimus-savo-verslui\/\" \/>\n<meta property=\"og:locale\" content=\"en_GB\" \/>\n<meta property=\"og:locale:alternate\" content=\"lt_LT\" \/>\n<meta property=\"og:type\" content=\"article\" \/>\n<meta property=\"og:title\" content=\"Sprendim\u0173 valdymas. Kaip rasti geriausius sprendimus savo verslui - Skaitytaknyga\" \/>\n<meta property=\"og:description\" content=\"Kod\u0117l kai kuri\u0173 kompanij\u0173 darbuotojai nuolatos stebina mus savo puikiais sprendimais, kai tuo tarpu kit\u0173 \u012fmoni\u0173 atstovai patiria vien\u0105 nes\u0117km\u0119 po kitos? Ar jie geriau i\u0161mano savo versl\u0105? Ar jie yra tiesiog akivaizd\u017eiai protingesni? Ar visa tai t\u0117ra s\u0117km\u0117s dalykas? Pasak J. Frank Yates, link teisingo atsakymo neveda n\u0117 vienas i\u0161 \u0161i\u0173 klausim\u0173. Svarbiausias, bet retai suvokiamas, raktas \u012f s\u0117km\u0119 slypi tame, kaip vadovai valdo savo kompanijos sprendim\u0173 proces\u0105, svarbiausia - lyderi\u0173 sprendim\u0173 valdymo technologija. \u017dinoma, visi sugeba priimti verslo sprendimus. Ta\u010diau \u0161ios knygos skaitytojai perpras paprast\u0105 ir galing\u0105 strategij\u0105 \u2013 vieno i\u0161 pagrindini\u0173 sprendim\u0173 pri\u0117mimo srities ekspert\u0173 \u017eod\u017eiais tariant \u2013 kaip priimti teisingus verslo sprendimus. Be to, knygoje pateikiamos specifin\u0117s rekomendacijos, kuriomis nesunkiai gali vadovautis bet kuris vadovas, siekiantis nuolatos tobulinti savo sprendim\u0173 valdymo veiksmingum\u0105.\" \/>\n<meta property=\"og:url\" content=\"https:\/\/skaitytaknyga.lt\/en\/produktas\/sprendimu-valdymas-kaip-rasti-geriausius-sprendimus-savo-verslui\/\" \/>\n<meta property=\"og:site_name\" content=\"Skaitytaknyga\" \/>\n<meta property=\"article:publisher\" content=\"https:\/\/www.facebook.com\/skaitytaknyga\/\" \/>\n<meta property=\"article:modified_time\" content=\"2024-05-04T17:57:17+00:00\" \/>\n<meta property=\"og:image\" content=\"https:\/\/skaitytaknyga.lt\/wp-content\/uploads\/2024\/05\/7555127-1000x1000-1.jpg\" \/>\n\t<meta property=\"og:image:width\" content=\"1000\" \/>\n\t<meta property=\"og:image:height\" content=\"1000\" \/>\n\t<meta property=\"og:image:type\" content=\"image\/jpeg\" \/>\n<meta name=\"twitter:card\" content=\"summary_large_image\" \/>\n<meta name=\"twitter:label1\" content=\"Estimated reading time\" \/>\n\t<meta name=\"twitter:data1\" content=\"1 minute\" \/>\n<script type=\"application\/ld+json\" class=\"yoast-schema-graph\">{\"@context\":\"https:\/\/schema.org\",\"@graph\":[{\"@type\":\"WebPage\",\"@id\":\"https:\/\/skaitytaknyga.lt\/produktas\/sprendimu-valdymas-kaip-rasti-geriausius-sprendimus-savo-verslui\/\",\"url\":\"https:\/\/skaitytaknyga.lt\/produktas\/sprendimu-valdymas-kaip-rasti-geriausius-sprendimus-savo-verslui\/\",\"name\":\"Sprendim\u0173 valdymas. Kaip rasti geriausius sprendimus savo verslui - Skaitytaknyga\",\"isPartOf\":{\"@id\":\"https:\/\/skaitytaknyga.lt\/#website\"},\"primaryImageOfPage\":{\"@id\":\"https:\/\/skaitytaknyga.lt\/produktas\/sprendimu-valdymas-kaip-rasti-geriausius-sprendimus-savo-verslui\/#primaryimage\"},\"image\":{\"@id\":\"https:\/\/skaitytaknyga.lt\/produktas\/sprendimu-valdymas-kaip-rasti-geriausius-sprendimus-savo-verslui\/#primaryimage\"},\"thumbnailUrl\":\"https:\/\/skaitytaknyga.lt\/wp-content\/uploads\/2024\/05\/7555127-1000x1000-1.jpg\",\"datePublished\":\"2024-05-04T17:56:14+00:00\",\"dateModified\":\"2024-05-04T17:57:17+00:00\",\"description\":\"Kod\u0117l kai kuri\u0173 kompanij\u0173 darbuotojai nuolatos stebina mus savo puikiais sprendimais, kai tuo tarpu kit\u0173 \u012fmoni\u0173 atstovai patiria vien\u0105 nes\u0117km\u0119 po kitos? Ar jie geriau i\u0161mano savo versl\u0105? Ar jie yra tiesiog akivaizd\u017eiai protingesni? Ar visa tai t\u0117ra s\u0117km\u0117s dalykas? Pasak J. Frank Yates, link teisingo atsakymo neveda n\u0117 vienas i\u0161 \u0161i\u0173 klausim\u0173. Svarbiausias, bet retai suvokiamas, raktas \u012f s\u0117km\u0119 slypi tame, kaip vadovai valdo savo kompanijos sprendim\u0173 proces\u0105, svarbiausia - lyderi\u0173 sprendim\u0173 valdymo technologija. \u017dinoma, visi sugeba priimti verslo sprendimus. Ta\u010diau \u0161ios knygos skaitytojai perpras paprast\u0105 ir galing\u0105 strategij\u0105 \u2013 vieno i\u0161 pagrindini\u0173 sprendim\u0173 pri\u0117mimo srities ekspert\u0173 \u017eod\u017eiais tariant \u2013 kaip priimti teisingus verslo sprendimus. Be to, knygoje pateikiamos specifin\u0117s rekomendacijos, kuriomis nesunkiai gali vadovautis bet kuris vadovas, siekiantis nuolatos tobulinti savo sprendim\u0173 valdymo veiksmingum\u0105.\",\"breadcrumb\":{\"@id\":\"https:\/\/skaitytaknyga.lt\/produktas\/sprendimu-valdymas-kaip-rasti-geriausius-sprendimus-savo-verslui\/#breadcrumb\"},\"inLanguage\":\"en-GB\",\"potentialAction\":[{\"@type\":\"ReadAction\",\"target\":[\"https:\/\/skaitytaknyga.lt\/produktas\/sprendimu-valdymas-kaip-rasti-geriausius-sprendimus-savo-verslui\/\"]}]},{\"@type\":\"ImageObject\",\"inLanguage\":\"en-GB\",\"@id\":\"https:\/\/skaitytaknyga.lt\/produktas\/sprendimu-valdymas-kaip-rasti-geriausius-sprendimus-savo-verslui\/#primaryimage\",\"url\":\"https:\/\/skaitytaknyga.lt\/wp-content\/uploads\/2024\/05\/7555127-1000x1000-1.jpg\",\"contentUrl\":\"https:\/\/skaitytaknyga.lt\/wp-content\/uploads\/2024\/05\/7555127-1000x1000-1.jpg\",\"width\":1000,\"height\":1000},{\"@type\":\"BreadcrumbList\",\"@id\":\"https:\/\/skaitytaknyga.lt\/produktas\/sprendimu-valdymas-kaip-rasti-geriausius-sprendimus-savo-verslui\/#breadcrumb\",\"itemListElement\":[{\"@type\":\"ListItem\",\"position\":1,\"name\":\"Home\",\"item\":\"https:\/\/skaitytaknyga.lt\/\"},{\"@type\":\"ListItem\",\"position\":2,\"name\":\"Parduotuv\u0117\",\"item\":\"https:\/\/skaitytaknyga.lt\/knygu-parduotuve\/\"},{\"@type\":\"ListItem\",\"position\":3,\"name\":\"Sprendim\u0173 valdymas. Kaip rasti geriausius sprendimus savo verslui\"}]},{\"@type\":\"WebSite\",\"@id\":\"https:\/\/skaitytaknyga.lt\/#website\",\"url\":\"https:\/\/skaitytaknyga.lt\/\",\"name\":\"skaitytaknyga.lt\",\"description\":\"Skaitytaknyga.lt \u2013 tai ma\u017eas \u0161eimos verslas, kuris prasid\u0117jo nuo meil\u0117s knygoms ir siekio i\u0161gelb\u0117ti knygas nuo likimo prie konteinerio. Kas vienam nereikalingas daiktas \u2013 kitam lobis, o mes esame tarpininkai, kurie padeda abiems tapti laimingesniems ???? \u017dinome kaip nelengva i\u0161gyventi ma\u017eiems verslams, tad nuo \u0161iol, \u010dia rasite ir kit\u0173, ma\u017e\u0173 \u0161eim\u0173 versl\u0173, rank\u0173 darbo, dovan\u0173 sau ir artimiesiems.\",\"publisher\":{\"@id\":\"https:\/\/skaitytaknyga.lt\/#organization\"},\"potentialAction\":[{\"@type\":\"SearchAction\",\"target\":{\"@type\":\"EntryPoint\",\"urlTemplate\":\"https:\/\/skaitytaknyga.lt\/?s={search_term_string}\"},\"query-input\":{\"@type\":\"PropertyValueSpecification\",\"valueRequired\":true,\"valueName\":\"search_term_string\"}}],\"inLanguage\":\"en-GB\"},{\"@type\":\"Organization\",\"@id\":\"https:\/\/skaitytaknyga.lt\/#organization\",\"name\":\"skaitytaknyga.lt\",\"url\":\"https:\/\/skaitytaknyga.lt\/\",\"logo\":{\"@type\":\"ImageObject\",\"inLanguage\":\"en-GB\",\"@id\":\"https:\/\/skaitytaknyga.lt\/#\/schema\/logo\/image\/\",\"url\":\"https:\/\/skaitytaknyga.lt\/wp-content\/uploads\/2024\/05\/cropped-cropped-cropped-02_00843_jt3bggkj1j3HLc7SyY6rEUpg.jpeg\",\"contentUrl\":\"https:\/\/skaitytaknyga.lt\/wp-content\/uploads\/2024\/05\/cropped-cropped-cropped-02_00843_jt3bggkj1j3HLc7SyY6rEUpg.jpeg\",\"width\":1600,\"height\":1600,\"caption\":\"skaitytaknyga.lt\"},\"image\":{\"@id\":\"https:\/\/skaitytaknyga.lt\/#\/schema\/logo\/image\/\"},\"sameAs\":[\"https:\/\/www.facebook.com\/skaitytaknyga\/\"]}]}<\/script>\n<!-- \/ Yoast SEO plugin. -->","yoast_head_json":{"title":"Sprendim\u0173 valdymas. Kaip rasti geriausius sprendimus savo verslui - Skaitytaknyga","description":"Kod\u0117l kai kuri\u0173 kompanij\u0173 darbuotojai nuolatos stebina mus savo puikiais sprendimais, kai tuo tarpu kit\u0173 \u012fmoni\u0173 atstovai patiria vien\u0105 nes\u0117km\u0119 po kitos? Ar jie geriau i\u0161mano savo versl\u0105? Ar jie yra tiesiog akivaizd\u017eiai protingesni? Ar visa tai t\u0117ra s\u0117km\u0117s dalykas? Pasak J. Frank Yates, link teisingo atsakymo neveda n\u0117 vienas i\u0161 \u0161i\u0173 klausim\u0173. Svarbiausias, bet retai suvokiamas, raktas \u012f s\u0117km\u0119 slypi tame, kaip vadovai valdo savo kompanijos sprendim\u0173 proces\u0105, svarbiausia - lyderi\u0173 sprendim\u0173 valdymo technologija. \u017dinoma, visi sugeba priimti verslo sprendimus. Ta\u010diau \u0161ios knygos skaitytojai perpras paprast\u0105 ir galing\u0105 strategij\u0105 \u2013 vieno i\u0161 pagrindini\u0173 sprendim\u0173 pri\u0117mimo srities ekspert\u0173 \u017eod\u017eiais tariant \u2013 kaip priimti teisingus verslo sprendimus. Be to, knygoje pateikiamos specifin\u0117s rekomendacijos, kuriomis nesunkiai gali vadovautis bet kuris vadovas, siekiantis nuolatos tobulinti savo sprendim\u0173 valdymo veiksmingum\u0105.","robots":{"index":"index","follow":"follow","max-snippet":"max-snippet:-1","max-image-preview":"max-image-preview:large","max-video-preview":"max-video-preview:-1"},"canonical":"https:\/\/skaitytaknyga.lt\/en\/produktas\/sprendimu-valdymas-kaip-rasti-geriausius-sprendimus-savo-verslui\/","og_locale":"en_GB","og_type":"article","og_title":"Sprendim\u0173 valdymas. Kaip rasti geriausius sprendimus savo verslui - Skaitytaknyga","og_description":"Kod\u0117l kai kuri\u0173 kompanij\u0173 darbuotojai nuolatos stebina mus savo puikiais sprendimais, kai tuo tarpu kit\u0173 \u012fmoni\u0173 atstovai patiria vien\u0105 nes\u0117km\u0119 po kitos? Ar jie geriau i\u0161mano savo versl\u0105? Ar jie yra tiesiog akivaizd\u017eiai protingesni? Ar visa tai t\u0117ra s\u0117km\u0117s dalykas? Pasak J. Frank Yates, link teisingo atsakymo neveda n\u0117 vienas i\u0161 \u0161i\u0173 klausim\u0173. Svarbiausias, bet retai suvokiamas, raktas \u012f s\u0117km\u0119 slypi tame, kaip vadovai valdo savo kompanijos sprendim\u0173 proces\u0105, svarbiausia - lyderi\u0173 sprendim\u0173 valdymo technologija. \u017dinoma, visi sugeba priimti verslo sprendimus. Ta\u010diau \u0161ios knygos skaitytojai perpras paprast\u0105 ir galing\u0105 strategij\u0105 \u2013 vieno i\u0161 pagrindini\u0173 sprendim\u0173 pri\u0117mimo srities ekspert\u0173 \u017eod\u017eiais tariant \u2013 kaip priimti teisingus verslo sprendimus. Be to, knygoje pateikiamos specifin\u0117s rekomendacijos, kuriomis nesunkiai gali vadovautis bet kuris vadovas, siekiantis nuolatos tobulinti savo sprendim\u0173 valdymo veiksmingum\u0105.","og_url":"https:\/\/skaitytaknyga.lt\/en\/produktas\/sprendimu-valdymas-kaip-rasti-geriausius-sprendimus-savo-verslui\/","og_site_name":"Skaitytaknyga","article_publisher":"https:\/\/www.facebook.com\/skaitytaknyga\/","article_modified_time":"2024-05-04T17:57:17+00:00","og_image":[{"width":1000,"height":1000,"url":"https:\/\/skaitytaknyga.lt\/wp-content\/uploads\/2024\/05\/7555127-1000x1000-1.jpg","type":"image\/jpeg"}],"twitter_card":"summary_large_image","twitter_misc":{"Estimated reading time":"1 minute"},"schema":{"@context":"https:\/\/schema.org","@graph":[{"@type":"WebPage","@id":"https:\/\/skaitytaknyga.lt\/produktas\/sprendimu-valdymas-kaip-rasti-geriausius-sprendimus-savo-verslui\/","url":"https:\/\/skaitytaknyga.lt\/produktas\/sprendimu-valdymas-kaip-rasti-geriausius-sprendimus-savo-verslui\/","name":"Sprendim\u0173 valdymas. Kaip rasti geriausius sprendimus savo verslui - Skaitytaknyga","isPartOf":{"@id":"https:\/\/skaitytaknyga.lt\/#website"},"primaryImageOfPage":{"@id":"https:\/\/skaitytaknyga.lt\/produktas\/sprendimu-valdymas-kaip-rasti-geriausius-sprendimus-savo-verslui\/#primaryimage"},"image":{"@id":"https:\/\/skaitytaknyga.lt\/produktas\/sprendimu-valdymas-kaip-rasti-geriausius-sprendimus-savo-verslui\/#primaryimage"},"thumbnailUrl":"https:\/\/skaitytaknyga.lt\/wp-content\/uploads\/2024\/05\/7555127-1000x1000-1.jpg","datePublished":"2024-05-04T17:56:14+00:00","dateModified":"2024-05-04T17:57:17+00:00","description":"Kod\u0117l kai kuri\u0173 kompanij\u0173 darbuotojai nuolatos stebina mus savo puikiais sprendimais, kai tuo tarpu kit\u0173 \u012fmoni\u0173 atstovai patiria vien\u0105 nes\u0117km\u0119 po kitos? Ar jie geriau i\u0161mano savo versl\u0105? Ar jie yra tiesiog akivaizd\u017eiai protingesni? Ar visa tai t\u0117ra s\u0117km\u0117s dalykas? Pasak J. Frank Yates, link teisingo atsakymo neveda n\u0117 vienas i\u0161 \u0161i\u0173 klausim\u0173. Svarbiausias, bet retai suvokiamas, raktas \u012f s\u0117km\u0119 slypi tame, kaip vadovai valdo savo kompanijos sprendim\u0173 proces\u0105, svarbiausia - lyderi\u0173 sprendim\u0173 valdymo technologija. \u017dinoma, visi sugeba priimti verslo sprendimus. Ta\u010diau \u0161ios knygos skaitytojai perpras paprast\u0105 ir galing\u0105 strategij\u0105 \u2013 vieno i\u0161 pagrindini\u0173 sprendim\u0173 pri\u0117mimo srities ekspert\u0173 \u017eod\u017eiais tariant \u2013 kaip priimti teisingus verslo sprendimus. Be to, knygoje pateikiamos specifin\u0117s rekomendacijos, kuriomis nesunkiai gali vadovautis bet kuris vadovas, siekiantis nuolatos tobulinti savo sprendim\u0173 valdymo veiksmingum\u0105.","breadcrumb":{"@id":"https:\/\/skaitytaknyga.lt\/produktas\/sprendimu-valdymas-kaip-rasti-geriausius-sprendimus-savo-verslui\/#breadcrumb"},"inLanguage":"en-GB","potentialAction":[{"@type":"ReadAction","target":["https:\/\/skaitytaknyga.lt\/produktas\/sprendimu-valdymas-kaip-rasti-geriausius-sprendimus-savo-verslui\/"]}]},{"@type":"ImageObject","inLanguage":"en-GB","@id":"https:\/\/skaitytaknyga.lt\/produktas\/sprendimu-valdymas-kaip-rasti-geriausius-sprendimus-savo-verslui\/#primaryimage","url":"https:\/\/skaitytaknyga.lt\/wp-content\/uploads\/2024\/05\/7555127-1000x1000-1.jpg","contentUrl":"https:\/\/skaitytaknyga.lt\/wp-content\/uploads\/2024\/05\/7555127-1000x1000-1.jpg","width":1000,"height":1000},{"@type":"BreadcrumbList","@id":"https:\/\/skaitytaknyga.lt\/produktas\/sprendimu-valdymas-kaip-rasti-geriausius-sprendimus-savo-verslui\/#breadcrumb","itemListElement":[{"@type":"ListItem","position":1,"name":"Home","item":"https:\/\/skaitytaknyga.lt\/"},{"@type":"ListItem","position":2,"name":"Parduotuv\u0117","item":"https:\/\/skaitytaknyga.lt\/knygu-parduotuve\/"},{"@type":"ListItem","position":3,"name":"Sprendim\u0173 valdymas. Kaip rasti geriausius sprendimus savo verslui"}]},{"@type":"WebSite","@id":"https:\/\/skaitytaknyga.lt\/#website","url":"https:\/\/skaitytaknyga.lt\/","name":"skaitytaknyga.lt","description":"Skaitytaknyga.lt \u2013 tai ma\u017eas \u0161eimos verslas, kuris prasid\u0117jo nuo meil\u0117s knygoms ir siekio i\u0161gelb\u0117ti knygas nuo likimo prie konteinerio. Kas vienam nereikalingas daiktas \u2013 kitam lobis, o mes esame tarpininkai, kurie padeda abiems tapti laimingesniems ???? \u017dinome kaip nelengva i\u0161gyventi ma\u017eiems verslams, tad nuo \u0161iol, \u010dia rasite ir kit\u0173, ma\u017e\u0173 \u0161eim\u0173 versl\u0173, rank\u0173 darbo, dovan\u0173 sau ir artimiesiems.","publisher":{"@id":"https:\/\/skaitytaknyga.lt\/#organization"},"potentialAction":[{"@type":"SearchAction","target":{"@type":"EntryPoint","urlTemplate":"https:\/\/skaitytaknyga.lt\/?s={search_term_string}"},"query-input":{"@type":"PropertyValueSpecification","valueRequired":true,"valueName":"search_term_string"}}],"inLanguage":"en-GB"},{"@type":"Organization","@id":"https:\/\/skaitytaknyga.lt\/#organization","name":"skaitytaknyga.lt","url":"https:\/\/skaitytaknyga.lt\/","logo":{"@type":"ImageObject","inLanguage":"en-GB","@id":"https:\/\/skaitytaknyga.lt\/#\/schema\/logo\/image\/","url":"https:\/\/skaitytaknyga.lt\/wp-content\/uploads\/2024\/05\/cropped-cropped-cropped-02_00843_jt3bggkj1j3HLc7SyY6rEUpg.jpeg","contentUrl":"https:\/\/skaitytaknyga.lt\/wp-content\/uploads\/2024\/05\/cropped-cropped-cropped-02_00843_jt3bggkj1j3HLc7SyY6rEUpg.jpeg","width":1600,"height":1600,"caption":"skaitytaknyga.lt"},"image":{"@id":"https:\/\/skaitytaknyga.lt\/#\/schema\/logo\/image\/"},"sameAs":["https:\/\/www.facebook.com\/skaitytaknyga\/"]}]}},"_links":{"self":[{"href":"https:\/\/skaitytaknyga.lt\/en\/wp-json\/wp\/v2\/product\/9712","targetHints":{"allow":["GET"]}}],"collection":[{"href":"https:\/\/skaitytaknyga.lt\/en\/wp-json\/wp\/v2\/product"}],"about":[{"href":"https:\/\/skaitytaknyga.lt\/en\/wp-json\/wp\/v2\/types\/product"}],"replies":[{"embeddable":true,"href":"https:\/\/skaitytaknyga.lt\/en\/wp-json\/wp\/v2\/comments?post=9712"}],"wp:featuredmedia":[{"embeddable":true,"href":"https:\/\/skaitytaknyga.lt\/en\/wp-json\/wp\/v2\/media\/9756"}],"wp:attachment":[{"href":"https:\/\/skaitytaknyga.lt\/en\/wp-json\/wp\/v2\/media?parent=9712"}],"wp:term":[{"taxonomy":"product_brand","embeddable":true,"href":"https:\/\/skaitytaknyga.lt\/en\/wp-json\/wp\/v2\/product_brand?post=9712"},{"taxonomy":"product_cat","embeddable":true,"href":"https:\/\/skaitytaknyga.lt\/en\/wp-json\/wp\/v2\/product_cat?post=9712"},{"taxonomy":"product_tag","embeddable":true,"href":"https:\/\/skaitytaknyga.lt\/en\/wp-json\/wp\/v2\/product_tag?post=9712"}],"curies":[{"name":"wp","href":"https:\/\/api.w.org\/{rel}","templated":true}]}}