{"id":9701,"date":"2024-05-04T17:55:52","date_gmt":"2024-05-04T17:55:52","guid":{"rendered":"https:\/\/skaitytaknyga.lt\/?post_type=product&#038;p=9701"},"modified":"2026-03-05T16:00:49","modified_gmt":"2026-03-05T14:00:49","slug":"a-d-miller-snieguoles-su-defektais","status":"publish","type":"product","link":"https:\/\/skaitytaknyga.lt\/en\/produktas\/a-d-miller-snieguoles-su-defektais\/","title":{"rendered":"Snieguol\u0117s (Su defektais)"},"content":{"rendered":"<p>Snieguol\u0117s. Taip rusai vadina k\u016bnus, kurie per atlyd\u012f i\u0161nyra \u012f pavir\u0161i\u0173. Daugiausia girtuokliai ir benamiai, kurie papras\u010diausiai pasiduoda ir atsigula \u012f balt\u0105 patal\u0105, taip pat aukos, \u017eudik\u0173 pasl\u0117ptos pusnyse.<\/p>\n<p>Nikas nori prisipa\u017einti. Tuo metu kai jis s\u0117kmingai dirbo teisininku Maskvoje, j\u012f sugund\u0117 Ma\u0161a &#8211; paslaptinga moteris, supa\u017eindinusi j\u012f su savo miestu: jaudinan\u010diais naktiniais klubais ir intymiomis da\u010diomis, \u017emogi\u0161ku gerumu ir vis\u0105 valstyb\u0119 ap\u0117musia korupcija. Ta\u010diau suart\u0117damas su Ma\u0161a Nikas pajuto tolstantis nuo sav\u0119s, Jis \u017einojo, kad ji pavojinga, bet gyvenimas Rusijoje toks patrauklus, o palaidoti paslaptis \u017eiemos sniege taip paprasta&#8230;<\/p>\n","protected":false},"excerpt":{"rendered":"<p>Snieguol\u0117s. Taip rusai vadina k\u016bnus, kurie per atlyd\u012f i\u0161nyra \u012f pavir\u0161i\u0173. Daugiausia girtuokliai ir benamiai, kurie papras\u010diausiai pasiduoda ir atsigula \u012f balt\u0105 patal\u0105, taip pat aukos, \u017eudik\u0173 pasl\u0117ptos pusnyse.<\/p>\n<p>Nikas nori prisipa\u017einti. Tuo metu kai jis s\u0117kmingai dirbo teisininku Maskvoje, j\u012f sugund\u0117 Ma\u0161a &#8211; paslaptinga moteris, supa\u017eindinusi j\u012f su savo miestu: jaudinan\u010diais naktiniais klubais ir intymiomis da\u010diomis, \u017emogi\u0161ku gerumu ir vis\u0105 valstyb\u0119 ap\u0117musia korupcija. Ta\u010diau suart\u0117damas su Ma\u0161a Nikas pajuto tolstantis nuo sav\u0119s, Jis \u017einojo, kad ji pavojinga, bet gyvenimas Rusijoje toks patrauklus, o palaidoti paslaptis \u017eiemos sniege taip paprasta&#8230;<\/p>\n","protected":false},"featured_media":9754,"comment_status":"closed","ping_status":"closed","template":"","meta":{"_acf_changed":false,"site-sidebar-layout":"default","site-content-layout":"","ast-site-content-layout":"default","site-content-style":"default","site-sidebar-style":"default","ast-global-header-display":"","ast-banner-title-visibility":"","ast-main-header-display":"","ast-hfb-above-header-display":"","ast-hfb-below-header-display":"","ast-hfb-mobile-header-display":"","site-post-title":"","ast-breadcrumbs-content":"","ast-featured-img":"","footer-sml-layout":"","ast-disable-related-posts":"","theme-transparent-header-meta":"","adv-header-id-meta":"","stick-header-meta":"","header-above-stick-meta":"","header-main-stick-meta":"","header-below-stick-meta":"","astra-migrate-meta-layouts":"default","ast-page-background-enabled":"default","ast-page-background-meta":{"desktop":{"background-color":"","background-image":"","background-repeat":"repeat","background-position":"center center","background-size":"auto","background-attachment":"scroll","background-type":"","background-media":"","overlay-type":"","overlay-color":"","overlay-opacity":"","overlay-gradient":""},"tablet":{"background-color":"","background-image":"","background-repeat":"repeat","background-position":"center center","background-size":"auto","background-attachment":"scroll","background-type":"","background-media":"","overlay-type":"","overlay-color":"","overlay-opacity":"","overlay-gradient":""},"mobile":{"background-color":"","background-image":"","background-repeat":"repeat","background-position":"center center","background-size":"auto","background-attachment":"scroll","background-type":"","background-media":"","overlay-type":"","overlay-color":"","overlay-opacity":"","overlay-gradient":""}},"ast-content-background-meta":{"desktop":{"background-color":"var(--ast-global-color-4)","background-image":"","background-repeat":"repeat","background-position":"center center","background-size":"auto","background-attachment":"scroll","background-type":"","background-media":"","overlay-type":"","overlay-color":"","overlay-opacity":"","overlay-gradient":""},"tablet":{"background-color":"var(--ast-global-color-4)","background-image":"","background-repeat":"repeat","background-position":"center center","background-size":"auto","background-attachment":"scroll","background-type":"","background-media":"","overlay-type":"","overlay-color":"","overlay-opacity":"","overlay-gradient":""},"mobile":{"background-color":"var(--ast-global-color-4)","background-image":"","background-repeat":"repeat","background-position":"center center","background-size":"auto","background-attachment":"scroll","background-type":"","background-media":"","overlay-type":"","overlay-color":"","overlay-opacity":"","overlay-gradient":""}}},"product_brand":[],"product_cat":[9581],"product_tag":[],"class_list":{"0":"post-9701","1":"product","2":"type-product","3":"status-publish","4":"has-post-thumbnail","6":"product_cat-kriminaliniai-romanai","7":"desktop-align-left","8":"tablet-align-left","9":"mobile-align-left","11":"first","12":"instock","13":"shipping-taxable","14":"purchasable","15":"product-type-simple"},"acf":[],"yoast_head":"<!-- This site is optimized with the Yoast SEO plugin v27.4 - https:\/\/yoast.com\/product\/yoast-seo-wordpress\/ -->\n<title>Snieguol\u0117s (Su defektais)<\/title>\n<meta name=\"description\" content=\"Snieguol\u0117s. Taip rusai vadina k\u016bnus, kurie per atlyd\u012f i\u0161nyra \u012f pavir\u0161i\u0173. Daugiausia girtuokliai ir benamiai, kurie papras\u010diausiai pasiduoda ir atsigula \u012f balt\u0105 patal\u0105, taip pat aukos, \u017eudik\u0173 pasl\u0117ptos pusnyse.  Nikas nori prisipa\u017einti. Tuo metu kai jis s\u0117kmingai dirbo teisininku Maskvoje, j\u012f sugund\u0117 Ma\u0161a - paslaptinga moteris, supa\u017eindinusi j\u012f su savo miestu: jaudinan\u010diais naktiniais klubais ir intymiomis da\u010diomis, \u017emogi\u0161ku gerumu ir vis\u0105 valstyb\u0119 ap\u0117musia korupcija. Ta\u010diau suart\u0117damas su Ma\u0161a Nikas pajuto tolstantis nuo sav\u0119s, Jis \u017einojo, kad ji pavojinga, bet gyvenimas Rusijoje toks patrauklus, o palaidoti paslaptis \u017eiemos sniege taip paprasta...\" \/>\n<meta name=\"robots\" content=\"index, follow, max-snippet:-1, max-image-preview:large, max-video-preview:-1\" \/>\n<link rel=\"canonical\" href=\"https:\/\/skaitytaknyga.lt\/en\/produktas\/a-d-miller-snieguoles-su-defektais\/\" \/>\n<meta property=\"og:locale\" content=\"en_GB\" \/>\n<meta property=\"og:locale:alternate\" content=\"lt_LT\" \/>\n<meta property=\"og:type\" content=\"article\" \/>\n<meta property=\"og:title\" content=\"Snieguol\u0117s (Su defektais)\" \/>\n<meta property=\"og:description\" content=\"Snieguol\u0117s. Taip rusai vadina k\u016bnus, kurie per atlyd\u012f i\u0161nyra \u012f pavir\u0161i\u0173. Daugiausia girtuokliai ir benamiai, kurie papras\u010diausiai pasiduoda ir atsigula \u012f balt\u0105 patal\u0105, taip pat aukos, \u017eudik\u0173 pasl\u0117ptos pusnyse.  Nikas nori prisipa\u017einti. Tuo metu kai jis s\u0117kmingai dirbo teisininku Maskvoje, j\u012f sugund\u0117 Ma\u0161a - paslaptinga moteris, supa\u017eindinusi j\u012f su savo miestu: jaudinan\u010diais naktiniais klubais ir intymiomis da\u010diomis, \u017emogi\u0161ku gerumu ir vis\u0105 valstyb\u0119 ap\u0117musia korupcija. Ta\u010diau suart\u0117damas su Ma\u0161a Nikas pajuto tolstantis nuo sav\u0119s, Jis \u017einojo, kad ji pavojinga, bet gyvenimas Rusijoje toks patrauklus, o palaidoti paslaptis \u017eiemos sniege taip paprasta...\" \/>\n<meta property=\"og:url\" content=\"https:\/\/skaitytaknyga.lt\/en\/produktas\/a-d-miller-snieguoles-su-defektais\/\" \/>\n<meta property=\"og:site_name\" content=\"Skaitytaknyga\" \/>\n<meta property=\"article:publisher\" content=\"https:\/\/www.facebook.com\/skaitytaknyga\/\" \/>\n<meta property=\"article:modified_time\" content=\"2026-03-05T14:00:49+00:00\" \/>\n<meta property=\"og:image\" content=\"https:\/\/skaitytaknyga.lt\/wp-content\/uploads\/2024\/05\/1462876530_snieg.jpg\" \/>\n\t<meta property=\"og:image:width\" content=\"277\" \/>\n\t<meta property=\"og:image:height\" content=\"430\" \/>\n\t<meta property=\"og:image:type\" content=\"image\/jpeg\" \/>\n<meta name=\"twitter:card\" content=\"summary_large_image\" \/>\n<meta name=\"twitter:label1\" content=\"Estimated reading time\" \/>\n\t<meta name=\"twitter:data1\" content=\"1 minute\" \/>\n<script type=\"application\/ld+json\" class=\"yoast-schema-graph\">{\"@context\":\"https:\\\/\\\/schema.org\",\"@graph\":[{\"@type\":\"WebPage\",\"@id\":\"https:\\\/\\\/skaitytaknyga.lt\\\/produktas\\\/a-d-miller-snieguoles-su-defektais\\\/\",\"url\":\"https:\\\/\\\/skaitytaknyga.lt\\\/produktas\\\/a-d-miller-snieguoles-su-defektais\\\/\",\"name\":\"Snieguol\u0117s (Su defektais)\",\"isPartOf\":{\"@id\":\"https:\\\/\\\/skaitytaknyga.lt\\\/#website\"},\"primaryImageOfPage\":{\"@id\":\"https:\\\/\\\/skaitytaknyga.lt\\\/produktas\\\/a-d-miller-snieguoles-su-defektais\\\/#primaryimage\"},\"image\":{\"@id\":\"https:\\\/\\\/skaitytaknyga.lt\\\/produktas\\\/a-d-miller-snieguoles-su-defektais\\\/#primaryimage\"},\"thumbnailUrl\":\"https:\\\/\\\/skaitytaknyga.lt\\\/wp-content\\\/uploads\\\/2024\\\/05\\\/1462876530_snieg.jpg\",\"datePublished\":\"2024-05-04T17:55:52+00:00\",\"dateModified\":\"2026-03-05T14:00:49+00:00\",\"description\":\"Snieguol\u0117s. Taip rusai vadina k\u016bnus, kurie per atlyd\u012f i\u0161nyra \u012f pavir\u0161i\u0173. Daugiausia girtuokliai ir benamiai, kurie papras\u010diausiai pasiduoda ir atsigula \u012f balt\u0105 patal\u0105, taip pat aukos, \u017eudik\u0173 pasl\u0117ptos pusnyse. Nikas nori prisipa\u017einti. Tuo metu kai jis s\u0117kmingai dirbo teisininku Maskvoje, j\u012f sugund\u0117 Ma\u0161a - paslaptinga moteris, supa\u017eindinusi j\u012f su savo miestu: jaudinan\u010diais naktiniais klubais ir intymiomis da\u010diomis, \u017emogi\u0161ku gerumu ir vis\u0105 valstyb\u0119 ap\u0117musia korupcija. Ta\u010diau suart\u0117damas su Ma\u0161a Nikas pajuto tolstantis nuo sav\u0119s, Jis \u017einojo, kad ji pavojinga, bet gyvenimas Rusijoje toks patrauklus, o palaidoti paslaptis \u017eiemos sniege taip paprasta...\",\"breadcrumb\":{\"@id\":\"https:\\\/\\\/skaitytaknyga.lt\\\/produktas\\\/a-d-miller-snieguoles-su-defektais\\\/#breadcrumb\"},\"inLanguage\":\"en-GB\",\"potentialAction\":[{\"@type\":\"ReadAction\",\"target\":[\"https:\\\/\\\/skaitytaknyga.lt\\\/produktas\\\/a-d-miller-snieguoles-su-defektais\\\/\"]}]},{\"@type\":\"ImageObject\",\"inLanguage\":\"en-GB\",\"@id\":\"https:\\\/\\\/skaitytaknyga.lt\\\/produktas\\\/a-d-miller-snieguoles-su-defektais\\\/#primaryimage\",\"url\":\"https:\\\/\\\/skaitytaknyga.lt\\\/wp-content\\\/uploads\\\/2024\\\/05\\\/1462876530_snieg.jpg\",\"contentUrl\":\"https:\\\/\\\/skaitytaknyga.lt\\\/wp-content\\\/uploads\\\/2024\\\/05\\\/1462876530_snieg.jpg\",\"width\":277,\"height\":430},{\"@type\":\"BreadcrumbList\",\"@id\":\"https:\\\/\\\/skaitytaknyga.lt\\\/produktas\\\/a-d-miller-snieguoles-su-defektais\\\/#breadcrumb\",\"itemListElement\":[{\"@type\":\"ListItem\",\"position\":1,\"name\":\"Home\",\"item\":\"https:\\\/\\\/skaitytaknyga.lt\\\/\"},{\"@type\":\"ListItem\",\"position\":2,\"name\":\"Parduotuv\u0117\",\"item\":\"https:\\\/\\\/skaitytaknyga.lt\\\/knygu-parduotuve\\\/\"},{\"@type\":\"ListItem\",\"position\":3,\"name\":\"Snieguol\u0117s (Su defektais)\"}]},{\"@type\":\"WebSite\",\"@id\":\"https:\\\/\\\/skaitytaknyga.lt\\\/#website\",\"url\":\"https:\\\/\\\/skaitytaknyga.lt\\\/\",\"name\":\"skaitytaknyga.lt\",\"description\":\"Skaitytaknyga.lt \u2013 tai ma\u017eas \u0161eimos verslas, kuris prasid\u0117jo nuo meil\u0117s knygoms ir siekio i\u0161gelb\u0117ti knygas nuo likimo prie konteinerio. Kas vienam nereikalingas daiktas \u2013 kitam lobis, o mes esame tarpininkai, kurie padeda abiems tapti laimingesniems ???? \u017dinome kaip nelengva i\u0161gyventi ma\u017eiems verslams, tad nuo \u0161iol, \u010dia rasite ir kit\u0173, ma\u017e\u0173 \u0161eim\u0173 versl\u0173, rank\u0173 darbo, dovan\u0173 sau ir artimiesiems.\",\"publisher\":{\"@id\":\"https:\\\/\\\/skaitytaknyga.lt\\\/#organization\"},\"potentialAction\":[{\"@type\":\"SearchAction\",\"target\":{\"@type\":\"EntryPoint\",\"urlTemplate\":\"https:\\\/\\\/skaitytaknyga.lt\\\/?s={search_term_string}\"},\"query-input\":{\"@type\":\"PropertyValueSpecification\",\"valueRequired\":true,\"valueName\":\"search_term_string\"}}],\"inLanguage\":\"en-GB\"},{\"@type\":\"Organization\",\"@id\":\"https:\\\/\\\/skaitytaknyga.lt\\\/#organization\",\"name\":\"skaitytaknyga.lt\",\"url\":\"https:\\\/\\\/skaitytaknyga.lt\\\/\",\"logo\":{\"@type\":\"ImageObject\",\"inLanguage\":\"en-GB\",\"@id\":\"https:\\\/\\\/skaitytaknyga.lt\\\/#\\\/schema\\\/logo\\\/image\\\/\",\"url\":\"https:\\\/\\\/skaitytaknyga.lt\\\/wp-content\\\/uploads\\\/2024\\\/05\\\/cropped-cropped-cropped-02_00843_jt3bggkj1j3HLc7SyY6rEUpg.jpeg\",\"contentUrl\":\"https:\\\/\\\/skaitytaknyga.lt\\\/wp-content\\\/uploads\\\/2024\\\/05\\\/cropped-cropped-cropped-02_00843_jt3bggkj1j3HLc7SyY6rEUpg.jpeg\",\"width\":1600,\"height\":1600,\"caption\":\"skaitytaknyga.lt\"},\"image\":{\"@id\":\"https:\\\/\\\/skaitytaknyga.lt\\\/#\\\/schema\\\/logo\\\/image\\\/\"},\"sameAs\":[\"https:\\\/\\\/www.facebook.com\\\/skaitytaknyga\\\/\"]}]}<\/script>\n<!-- \/ Yoast SEO plugin. -->","yoast_head_json":{"title":"Snieguol\u0117s (Su defektais)","description":"Snieguol\u0117s. Taip rusai vadina k\u016bnus, kurie per atlyd\u012f i\u0161nyra \u012f pavir\u0161i\u0173. Daugiausia girtuokliai ir benamiai, kurie papras\u010diausiai pasiduoda ir atsigula \u012f balt\u0105 patal\u0105, taip pat aukos, \u017eudik\u0173 pasl\u0117ptos pusnyse.  Nikas nori prisipa\u017einti. Tuo metu kai jis s\u0117kmingai dirbo teisininku Maskvoje, j\u012f sugund\u0117 Ma\u0161a - paslaptinga moteris, supa\u017eindinusi j\u012f su savo miestu: jaudinan\u010diais naktiniais klubais ir intymiomis da\u010diomis, \u017emogi\u0161ku gerumu ir vis\u0105 valstyb\u0119 ap\u0117musia korupcija. Ta\u010diau suart\u0117damas su Ma\u0161a Nikas pajuto tolstantis nuo sav\u0119s, Jis \u017einojo, kad ji pavojinga, bet gyvenimas Rusijoje toks patrauklus, o palaidoti paslaptis \u017eiemos sniege taip paprasta...","robots":{"index":"index","follow":"follow","max-snippet":"max-snippet:-1","max-image-preview":"max-image-preview:large","max-video-preview":"max-video-preview:-1"},"canonical":"https:\/\/skaitytaknyga.lt\/en\/produktas\/a-d-miller-snieguoles-su-defektais\/","og_locale":"en_GB","og_type":"article","og_title":"[:lt]Snieguol\u0117s (Su defektais)[:] - Skaitytaknyga","og_description":"Snieguol\u0117s. Taip rusai vadina k\u016bnus, kurie per atlyd\u012f i\u0161nyra \u012f pavir\u0161i\u0173. Daugiausia girtuokliai ir benamiai, kurie papras\u010diausiai pasiduoda ir atsigula \u012f balt\u0105 patal\u0105, taip pat aukos, \u017eudik\u0173 pasl\u0117ptos pusnyse.  Nikas nori prisipa\u017einti. Tuo metu kai jis s\u0117kmingai dirbo teisininku Maskvoje, j\u012f sugund\u0117 Ma\u0161a - paslaptinga moteris, supa\u017eindinusi j\u012f su savo miestu: jaudinan\u010diais naktiniais klubais ir intymiomis da\u010diomis, \u017emogi\u0161ku gerumu ir vis\u0105 valstyb\u0119 ap\u0117musia korupcija. Ta\u010diau suart\u0117damas su Ma\u0161a Nikas pajuto tolstantis nuo sav\u0119s, Jis \u017einojo, kad ji pavojinga, bet gyvenimas Rusijoje toks patrauklus, o palaidoti paslaptis \u017eiemos sniege taip paprasta...","og_url":"https:\/\/skaitytaknyga.lt\/en\/produktas\/a-d-miller-snieguoles-su-defektais\/","og_site_name":"Skaitytaknyga","article_publisher":"https:\/\/www.facebook.com\/skaitytaknyga\/","article_modified_time":"2026-03-05T14:00:49+00:00","og_image":[{"width":277,"height":430,"url":"https:\/\/skaitytaknyga.lt\/wp-content\/uploads\/2024\/05\/1462876530_snieg.jpg","type":"image\/jpeg"}],"twitter_card":"summary_large_image","twitter_misc":{"Estimated reading time":"1 minute"},"schema":{"@context":"https:\/\/schema.org","@graph":[{"@type":"WebPage","@id":"https:\/\/skaitytaknyga.lt\/produktas\/a-d-miller-snieguoles-su-defektais\/","url":"https:\/\/skaitytaknyga.lt\/produktas\/a-d-miller-snieguoles-su-defektais\/","name":"Snieguol\u0117s (Su defektais)","isPartOf":{"@id":"https:\/\/skaitytaknyga.lt\/#website"},"primaryImageOfPage":{"@id":"https:\/\/skaitytaknyga.lt\/produktas\/a-d-miller-snieguoles-su-defektais\/#primaryimage"},"image":{"@id":"https:\/\/skaitytaknyga.lt\/produktas\/a-d-miller-snieguoles-su-defektais\/#primaryimage"},"thumbnailUrl":"https:\/\/skaitytaknyga.lt\/wp-content\/uploads\/2024\/05\/1462876530_snieg.jpg","datePublished":"2024-05-04T17:55:52+00:00","dateModified":"2026-03-05T14:00:49+00:00","description":"Snieguol\u0117s. Taip rusai vadina k\u016bnus, kurie per atlyd\u012f i\u0161nyra \u012f pavir\u0161i\u0173. Daugiausia girtuokliai ir benamiai, kurie papras\u010diausiai pasiduoda ir atsigula \u012f balt\u0105 patal\u0105, taip pat aukos, \u017eudik\u0173 pasl\u0117ptos pusnyse. Nikas nori prisipa\u017einti. Tuo metu kai jis s\u0117kmingai dirbo teisininku Maskvoje, j\u012f sugund\u0117 Ma\u0161a - paslaptinga moteris, supa\u017eindinusi j\u012f su savo miestu: jaudinan\u010diais naktiniais klubais ir intymiomis da\u010diomis, \u017emogi\u0161ku gerumu ir vis\u0105 valstyb\u0119 ap\u0117musia korupcija. Ta\u010diau suart\u0117damas su Ma\u0161a Nikas pajuto tolstantis nuo sav\u0119s, Jis \u017einojo, kad ji pavojinga, bet gyvenimas Rusijoje toks patrauklus, o palaidoti paslaptis \u017eiemos sniege taip paprasta...","breadcrumb":{"@id":"https:\/\/skaitytaknyga.lt\/produktas\/a-d-miller-snieguoles-su-defektais\/#breadcrumb"},"inLanguage":"en-GB","potentialAction":[{"@type":"ReadAction","target":["https:\/\/skaitytaknyga.lt\/produktas\/a-d-miller-snieguoles-su-defektais\/"]}]},{"@type":"ImageObject","inLanguage":"en-GB","@id":"https:\/\/skaitytaknyga.lt\/produktas\/a-d-miller-snieguoles-su-defektais\/#primaryimage","url":"https:\/\/skaitytaknyga.lt\/wp-content\/uploads\/2024\/05\/1462876530_snieg.jpg","contentUrl":"https:\/\/skaitytaknyga.lt\/wp-content\/uploads\/2024\/05\/1462876530_snieg.jpg","width":277,"height":430},{"@type":"BreadcrumbList","@id":"https:\/\/skaitytaknyga.lt\/produktas\/a-d-miller-snieguoles-su-defektais\/#breadcrumb","itemListElement":[{"@type":"ListItem","position":1,"name":"Home","item":"https:\/\/skaitytaknyga.lt\/"},{"@type":"ListItem","position":2,"name":"Parduotuv\u0117","item":"https:\/\/skaitytaknyga.lt\/knygu-parduotuve\/"},{"@type":"ListItem","position":3,"name":"Snieguol\u0117s (Su defektais)"}]},{"@type":"WebSite","@id":"https:\/\/skaitytaknyga.lt\/#website","url":"https:\/\/skaitytaknyga.lt\/","name":"skaitytaknyga.lt","description":"Skaitytaknyga.lt \u2013 tai ma\u017eas \u0161eimos verslas, kuris prasid\u0117jo nuo meil\u0117s knygoms ir siekio i\u0161gelb\u0117ti knygas nuo likimo prie konteinerio. Kas vienam nereikalingas daiktas \u2013 kitam lobis, o mes esame tarpininkai, kurie padeda abiems tapti laimingesniems ???? \u017dinome kaip nelengva i\u0161gyventi ma\u017eiems verslams, tad nuo \u0161iol, \u010dia rasite ir kit\u0173, ma\u017e\u0173 \u0161eim\u0173 versl\u0173, rank\u0173 darbo, dovan\u0173 sau ir artimiesiems.","publisher":{"@id":"https:\/\/skaitytaknyga.lt\/#organization"},"potentialAction":[{"@type":"SearchAction","target":{"@type":"EntryPoint","urlTemplate":"https:\/\/skaitytaknyga.lt\/?s={search_term_string}"},"query-input":{"@type":"PropertyValueSpecification","valueRequired":true,"valueName":"search_term_string"}}],"inLanguage":"en-GB"},{"@type":"Organization","@id":"https:\/\/skaitytaknyga.lt\/#organization","name":"skaitytaknyga.lt","url":"https:\/\/skaitytaknyga.lt\/","logo":{"@type":"ImageObject","inLanguage":"en-GB","@id":"https:\/\/skaitytaknyga.lt\/#\/schema\/logo\/image\/","url":"https:\/\/skaitytaknyga.lt\/wp-content\/uploads\/2024\/05\/cropped-cropped-cropped-02_00843_jt3bggkj1j3HLc7SyY6rEUpg.jpeg","contentUrl":"https:\/\/skaitytaknyga.lt\/wp-content\/uploads\/2024\/05\/cropped-cropped-cropped-02_00843_jt3bggkj1j3HLc7SyY6rEUpg.jpeg","width":1600,"height":1600,"caption":"skaitytaknyga.lt"},"image":{"@id":"https:\/\/skaitytaknyga.lt\/#\/schema\/logo\/image\/"},"sameAs":["https:\/\/www.facebook.com\/skaitytaknyga\/"]}]}},"_links":{"self":[{"href":"https:\/\/skaitytaknyga.lt\/en\/wp-json\/wp\/v2\/product\/9701","targetHints":{"allow":["GET"]}}],"collection":[{"href":"https:\/\/skaitytaknyga.lt\/en\/wp-json\/wp\/v2\/product"}],"about":[{"href":"https:\/\/skaitytaknyga.lt\/en\/wp-json\/wp\/v2\/types\/product"}],"replies":[{"embeddable":true,"href":"https:\/\/skaitytaknyga.lt\/en\/wp-json\/wp\/v2\/comments?post=9701"}],"wp:featuredmedia":[{"embeddable":true,"href":"https:\/\/skaitytaknyga.lt\/en\/wp-json\/wp\/v2\/media\/9754"}],"wp:attachment":[{"href":"https:\/\/skaitytaknyga.lt\/en\/wp-json\/wp\/v2\/media?parent=9701"}],"wp:term":[{"taxonomy":"product_brand","embeddable":true,"href":"https:\/\/skaitytaknyga.lt\/en\/wp-json\/wp\/v2\/product_brand?post=9701"},{"taxonomy":"product_cat","embeddable":true,"href":"https:\/\/skaitytaknyga.lt\/en\/wp-json\/wp\/v2\/product_cat?post=9701"},{"taxonomy":"product_tag","embeddable":true,"href":"https:\/\/skaitytaknyga.lt\/en\/wp-json\/wp\/v2\/product_tag?post=9701"}],"curies":[{"name":"wp","href":"https:\/\/api.w.org\/{rel}","templated":true}]}}