{"id":9698,"date":"2024-05-04T17:55:52","date_gmt":"2024-05-04T17:55:52","guid":{"rendered":"https:\/\/skaitytaknyga.lt\/?post_type=product&#038;p=9698"},"modified":"2024-05-04T17:56:57","modified_gmt":"2024-05-04T17:56:57","slug":"richard-koch-80-20-principas-kaip-mazesnemis-pastangomis-daugiau-pasiekti","status":"publish","type":"product","link":"https:\/\/skaitytaknyga.lt\/en\/produktas\/richard-koch-80-20-principas-kaip-mazesnemis-pastangomis-daugiau-pasiekti\/","title":{"rendered":"Richard Koch \u201e80\/20 principas. Kaip ma\u017eesn\u0117mis pastangomis daugiau pasiekti\u201c"},"content":{"rendered":"<p>Tai kad, kai 80 procent\u0173 rezultat\u0173 lemia tik 20 procent\u0173 prie\u017eas\u010di\u0173, yra vienintelis tikrasis efektyviai dirban\u010di\u0173 \u017emoni\u0173 ir organizacij\u0173 d\u0117snis.<\/p>\n<p>\u0160io d\u0117snio esm\u0117 prie\u0161tarauja intuicijai, ta\u010diau yra nenugin\u010dijamas faktas, kad egzistuoja visi\u0161kas disbalansas, neproporcingumas ir neatitikimas tarp pastang\u0173 ir atlygio, k\u0105 mokslininkai vadina netiesiniu ry\u0161iu. Pasaulis nepatikimas, ta\u010diau mes vis tikim\u0117s tolygaus santykio tarp prie\u017easties ir pasekm\u0117s. Kai \u012fvykiai taip nesiklosto, da\u017enai nenorime to pasteb\u0117ti. M\u016bs\u0173 akidang\u010diai trukdo efektyviai veiklai.<\/p>\n<p>80\/20 santykio d\u0117snis gali pakeisti j\u016bs\u0173 gyvenim\u0105, j\u016bs\u0173 organizacij\u0105, m\u016bs\u0173 visuomen\u0119: ne ie\u0161kant panac\u0117jos, bet dirbant drauge su verslo d\u0117sniais, o ne prie\u0161 juos.<\/p>\n","protected":false},"excerpt":{"rendered":"<p>Tai kad, kai 80 procent\u0173 rezultat\u0173 lemia tik 20 procent\u0173 prie\u017eas\u010di\u0173, yra vienintelis tikrasis efektyviai dirban\u010di\u0173 \u017emoni\u0173 ir organizacij\u0173 d\u0117snis.<\/p>\n<p>\u0160io d\u0117snio esm\u0117 prie\u0161tarauja intuicijai, ta\u010diau yra nenugin\u010dijamas faktas, kad egzistuoja visi\u0161kas disbalansas, neproporcingumas ir neatitikimas tarp pastang\u0173 ir atlygio, k\u0105 mokslininkai vadina netiesiniu ry\u0161iu. Pasaulis nepatikimas, ta\u010diau mes vis tikim\u0117s tolygaus santykio tarp prie\u017easties ir pasekm\u0117s. Kai \u012fvykiai taip nesiklosto, da\u017enai nenorime to pasteb\u0117ti. M\u016bs\u0173 akidang\u010diai trukdo efektyviai veiklai.<\/p>\n<p>80\/20 santykio d\u0117snis gali pakeisti j\u016bs\u0173 gyvenim\u0105, j\u016bs\u0173 organizacij\u0105, m\u016bs\u0173 visuomen\u0119: ne ie\u0161kant panac\u0117jos, bet dirbant drauge su verslo d\u0117sniais, o ne prie\u0161 juos.<\/p>\n","protected":false},"featured_media":9742,"comment_status":"closed","ping_status":"closed","template":"","meta":{"_acf_changed":false,"site-sidebar-layout":"default","site-content-layout":"","ast-site-content-layout":"default","site-content-style":"default","site-sidebar-style":"default","ast-global-header-display":"","ast-banner-title-visibility":"","ast-main-header-display":"","ast-hfb-above-header-display":"","ast-hfb-below-header-display":"","ast-hfb-mobile-header-display":"","site-post-title":"","ast-breadcrumbs-content":"","ast-featured-img":"","footer-sml-layout":"","ast-disable-related-posts":"","theme-transparent-header-meta":"","adv-header-id-meta":"","stick-header-meta":"","header-above-stick-meta":"","header-main-stick-meta":"","header-below-stick-meta":"","astra-migrate-meta-layouts":"default","ast-page-background-enabled":"default","ast-page-background-meta":{"desktop":{"background-color":"","background-image":"","background-repeat":"repeat","background-position":"center center","background-size":"auto","background-attachment":"scroll","background-type":"","background-media":"","overlay-type":"","overlay-color":"","overlay-opacity":"","overlay-gradient":""},"tablet":{"background-color":"","background-image":"","background-repeat":"repeat","background-position":"center center","background-size":"auto","background-attachment":"scroll","background-type":"","background-media":"","overlay-type":"","overlay-color":"","overlay-opacity":"","overlay-gradient":""},"mobile":{"background-color":"","background-image":"","background-repeat":"repeat","background-position":"center center","background-size":"auto","background-attachment":"scroll","background-type":"","background-media":"","overlay-type":"","overlay-color":"","overlay-opacity":"","overlay-gradient":""}},"ast-content-background-meta":{"desktop":{"background-color":"var(--ast-global-color-4)","background-image":"","background-repeat":"repeat","background-position":"center center","background-size":"auto","background-attachment":"scroll","background-type":"","background-media":"","overlay-type":"","overlay-color":"","overlay-opacity":"","overlay-gradient":""},"tablet":{"background-color":"var(--ast-global-color-4)","background-image":"","background-repeat":"repeat","background-position":"center center","background-size":"auto","background-attachment":"scroll","background-type":"","background-media":"","overlay-type":"","overlay-color":"","overlay-opacity":"","overlay-gradient":""},"mobile":{"background-color":"var(--ast-global-color-4)","background-image":"","background-repeat":"repeat","background-position":"center center","background-size":"auto","background-attachment":"scroll","background-type":"","background-media":"","overlay-type":"","overlay-color":"","overlay-opacity":"","overlay-gradient":""}}},"product_brand":[],"product_cat":[30],"product_tag":[],"class_list":{"0":"post-9698","1":"product","2":"type-product","3":"status-publish","4":"has-post-thumbnail","6":"product_cat-psichologija-ir-saviugda","7":"desktop-align-left","8":"tablet-align-left","9":"mobile-align-left","11":"first","12":"outofstock","13":"shipping-taxable","14":"purchasable","15":"product-type-simple"},"acf":[],"yoast_head":"<!-- This site is optimized with the Yoast SEO plugin v27.4 - https:\/\/yoast.com\/product\/yoast-seo-wordpress\/ -->\n<title>Richard Koch \u201e80\/20 principas. Kaip ma\u017eesn\u0117mis pastangomis daugiau pasiekti\u201c - Skaitytaknyga<\/title>\n<meta name=\"description\" content=\"Tai kad, kai 80 procent\u0173 rezultat\u0173 lemia tik 20 procent\u0173 prie\u017eas\u010di\u0173, yra vienintelis tikrasis efektyviai dirban\u010di\u0173 \u017emoni\u0173 ir organizacij\u0173 d\u0117snis.  \u0160io d\u0117snio esm\u0117 prie\u0161tarauja intuicijai, ta\u010diau yra nenugin\u010dijamas faktas, kad egzistuoja visi\u0161kas disbalansas, neproporcingumas ir neatitikimas tarp pastang\u0173 ir atlygio, k\u0105 mokslininkai vadina netiesiniu ry\u0161iu. Pasaulis nepatikimas, ta\u010diau mes vis tikim\u0117s tolygaus santykio tarp prie\u017easties ir pasekm\u0117s. Kai \u012fvykiai taip nesiklosto, da\u017enai nenorime to pasteb\u0117ti. M\u016bs\u0173 akidang\u010diai trukdo efektyviai veiklai.  80\/20 santykio d\u0117snis gali pakeisti j\u016bs\u0173 gyvenim\u0105, j\u016bs\u0173 organizacij\u0105, m\u016bs\u0173 visuomen\u0119: ne ie\u0161kant panac\u0117jos, bet dirbant drauge su verslo d\u0117sniais, o ne prie\u0161 juos.\" \/>\n<meta name=\"robots\" content=\"index, follow, max-snippet:-1, max-image-preview:large, max-video-preview:-1\" \/>\n<link rel=\"canonical\" href=\"https:\/\/skaitytaknyga.lt\/en\/produktas\/richard-koch-80-20-principas-kaip-mazesnemis-pastangomis-daugiau-pasiekti\/\" \/>\n<meta property=\"og:locale\" content=\"en_GB\" \/>\n<meta property=\"og:locale:alternate\" content=\"lt_LT\" \/>\n<meta property=\"og:type\" content=\"article\" \/>\n<meta property=\"og:title\" content=\"Richard Koch \u201e80\/20 principas. Kaip ma\u017eesn\u0117mis pastangomis daugiau pasiekti\u201c - Skaitytaknyga\" \/>\n<meta property=\"og:description\" content=\"Tai kad, kai 80 procent\u0173 rezultat\u0173 lemia tik 20 procent\u0173 prie\u017eas\u010di\u0173, yra vienintelis tikrasis efektyviai dirban\u010di\u0173 \u017emoni\u0173 ir organizacij\u0173 d\u0117snis.  \u0160io d\u0117snio esm\u0117 prie\u0161tarauja intuicijai, ta\u010diau yra nenugin\u010dijamas faktas, kad egzistuoja visi\u0161kas disbalansas, neproporcingumas ir neatitikimas tarp pastang\u0173 ir atlygio, k\u0105 mokslininkai vadina netiesiniu ry\u0161iu. Pasaulis nepatikimas, ta\u010diau mes vis tikim\u0117s tolygaus santykio tarp prie\u017easties ir pasekm\u0117s. Kai \u012fvykiai taip nesiklosto, da\u017enai nenorime to pasteb\u0117ti. M\u016bs\u0173 akidang\u010diai trukdo efektyviai veiklai.  80\/20 santykio d\u0117snis gali pakeisti j\u016bs\u0173 gyvenim\u0105, j\u016bs\u0173 organizacij\u0105, m\u016bs\u0173 visuomen\u0119: ne ie\u0161kant panac\u0117jos, bet dirbant drauge su verslo d\u0117sniais, o ne prie\u0161 juos.\" \/>\n<meta property=\"og:url\" content=\"https:\/\/skaitytaknyga.lt\/en\/produktas\/richard-koch-80-20-principas-kaip-mazesnemis-pastangomis-daugiau-pasiekti\/\" \/>\n<meta property=\"og:site_name\" content=\"Skaitytaknyga\" \/>\n<meta property=\"article:publisher\" content=\"https:\/\/www.facebook.com\/skaitytaknyga\/\" \/>\n<meta property=\"article:modified_time\" content=\"2024-05-04T17:56:57+00:00\" \/>\n<meta property=\"og:image\" content=\"https:\/\/skaitytaknyga.lt\/wp-content\/uploads\/2024\/05\/1462885588_img0004-001.jpg\" \/>\n\t<meta property=\"og:image:width\" content=\"295\" \/>\n\t<meta property=\"og:image:height\" content=\"430\" \/>\n\t<meta property=\"og:image:type\" content=\"image\/jpeg\" \/>\n<meta name=\"twitter:card\" content=\"summary_large_image\" \/>\n<meta name=\"twitter:label1\" content=\"Estimated reading time\" \/>\n\t<meta name=\"twitter:data1\" content=\"1 minute\" \/>\n<script type=\"application\/ld+json\" class=\"yoast-schema-graph\">{\"@context\":\"https:\\\/\\\/schema.org\",\"@graph\":[{\"@type\":\"WebPage\",\"@id\":\"https:\\\/\\\/skaitytaknyga.lt\\\/produktas\\\/richard-koch-80-20-principas-kaip-mazesnemis-pastangomis-daugiau-pasiekti\\\/\",\"url\":\"https:\\\/\\\/skaitytaknyga.lt\\\/produktas\\\/richard-koch-80-20-principas-kaip-mazesnemis-pastangomis-daugiau-pasiekti\\\/\",\"name\":\"Richard Koch \u201e80\\\/20 principas. Kaip ma\u017eesn\u0117mis pastangomis daugiau pasiekti\u201c - Skaitytaknyga\",\"isPartOf\":{\"@id\":\"https:\\\/\\\/skaitytaknyga.lt\\\/#website\"},\"primaryImageOfPage\":{\"@id\":\"https:\\\/\\\/skaitytaknyga.lt\\\/produktas\\\/richard-koch-80-20-principas-kaip-mazesnemis-pastangomis-daugiau-pasiekti\\\/#primaryimage\"},\"image\":{\"@id\":\"https:\\\/\\\/skaitytaknyga.lt\\\/produktas\\\/richard-koch-80-20-principas-kaip-mazesnemis-pastangomis-daugiau-pasiekti\\\/#primaryimage\"},\"thumbnailUrl\":\"https:\\\/\\\/skaitytaknyga.lt\\\/wp-content\\\/uploads\\\/2024\\\/05\\\/1462885588_img0004-001.jpg\",\"datePublished\":\"2024-05-04T17:55:52+00:00\",\"dateModified\":\"2024-05-04T17:56:57+00:00\",\"description\":\"Tai kad, kai 80 procent\u0173 rezultat\u0173 lemia tik 20 procent\u0173 prie\u017eas\u010di\u0173, yra vienintelis tikrasis efektyviai dirban\u010di\u0173 \u017emoni\u0173 ir organizacij\u0173 d\u0117snis. \u0160io d\u0117snio esm\u0117 prie\u0161tarauja intuicijai, ta\u010diau yra nenugin\u010dijamas faktas, kad egzistuoja visi\u0161kas disbalansas, neproporcingumas ir neatitikimas tarp pastang\u0173 ir atlygio, k\u0105 mokslininkai vadina netiesiniu ry\u0161iu. Pasaulis nepatikimas, ta\u010diau mes vis tikim\u0117s tolygaus santykio tarp prie\u017easties ir pasekm\u0117s. Kai \u012fvykiai taip nesiklosto, da\u017enai nenorime to pasteb\u0117ti. M\u016bs\u0173 akidang\u010diai trukdo efektyviai veiklai. 80\\\/20 santykio d\u0117snis gali pakeisti j\u016bs\u0173 gyvenim\u0105, j\u016bs\u0173 organizacij\u0105, m\u016bs\u0173 visuomen\u0119: ne ie\u0161kant panac\u0117jos, bet dirbant drauge su verslo d\u0117sniais, o ne prie\u0161 juos.\",\"breadcrumb\":{\"@id\":\"https:\\\/\\\/skaitytaknyga.lt\\\/produktas\\\/richard-koch-80-20-principas-kaip-mazesnemis-pastangomis-daugiau-pasiekti\\\/#breadcrumb\"},\"inLanguage\":\"en-GB\",\"potentialAction\":[{\"@type\":\"ReadAction\",\"target\":[\"https:\\\/\\\/skaitytaknyga.lt\\\/produktas\\\/richard-koch-80-20-principas-kaip-mazesnemis-pastangomis-daugiau-pasiekti\\\/\"]}]},{\"@type\":\"ImageObject\",\"inLanguage\":\"en-GB\",\"@id\":\"https:\\\/\\\/skaitytaknyga.lt\\\/produktas\\\/richard-koch-80-20-principas-kaip-mazesnemis-pastangomis-daugiau-pasiekti\\\/#primaryimage\",\"url\":\"https:\\\/\\\/skaitytaknyga.lt\\\/wp-content\\\/uploads\\\/2024\\\/05\\\/1462885588_img0004-001.jpg\",\"contentUrl\":\"https:\\\/\\\/skaitytaknyga.lt\\\/wp-content\\\/uploads\\\/2024\\\/05\\\/1462885588_img0004-001.jpg\",\"width\":295,\"height\":430},{\"@type\":\"BreadcrumbList\",\"@id\":\"https:\\\/\\\/skaitytaknyga.lt\\\/produktas\\\/richard-koch-80-20-principas-kaip-mazesnemis-pastangomis-daugiau-pasiekti\\\/#breadcrumb\",\"itemListElement\":[{\"@type\":\"ListItem\",\"position\":1,\"name\":\"Home\",\"item\":\"https:\\\/\\\/skaitytaknyga.lt\\\/\"},{\"@type\":\"ListItem\",\"position\":2,\"name\":\"Parduotuv\u0117\",\"item\":\"https:\\\/\\\/skaitytaknyga.lt\\\/knygu-parduotuve\\\/\"},{\"@type\":\"ListItem\",\"position\":3,\"name\":\"Richard Koch \u201e80\\\/20 principas. Kaip ma\u017eesn\u0117mis pastangomis daugiau pasiekti\u201c\"}]},{\"@type\":\"WebSite\",\"@id\":\"https:\\\/\\\/skaitytaknyga.lt\\\/#website\",\"url\":\"https:\\\/\\\/skaitytaknyga.lt\\\/\",\"name\":\"skaitytaknyga.lt\",\"description\":\"Skaitytaknyga.lt \u2013 tai ma\u017eas \u0161eimos verslas, kuris prasid\u0117jo nuo meil\u0117s knygoms ir siekio i\u0161gelb\u0117ti knygas nuo likimo prie konteinerio. Kas vienam nereikalingas daiktas \u2013 kitam lobis, o mes esame tarpininkai, kurie padeda abiems tapti laimingesniems ???? \u017dinome kaip nelengva i\u0161gyventi ma\u017eiems verslams, tad nuo \u0161iol, \u010dia rasite ir kit\u0173, ma\u017e\u0173 \u0161eim\u0173 versl\u0173, rank\u0173 darbo, dovan\u0173 sau ir artimiesiems.\",\"publisher\":{\"@id\":\"https:\\\/\\\/skaitytaknyga.lt\\\/#organization\"},\"potentialAction\":[{\"@type\":\"SearchAction\",\"target\":{\"@type\":\"EntryPoint\",\"urlTemplate\":\"https:\\\/\\\/skaitytaknyga.lt\\\/?s={search_term_string}\"},\"query-input\":{\"@type\":\"PropertyValueSpecification\",\"valueRequired\":true,\"valueName\":\"search_term_string\"}}],\"inLanguage\":\"en-GB\"},{\"@type\":\"Organization\",\"@id\":\"https:\\\/\\\/skaitytaknyga.lt\\\/#organization\",\"name\":\"skaitytaknyga.lt\",\"url\":\"https:\\\/\\\/skaitytaknyga.lt\\\/\",\"logo\":{\"@type\":\"ImageObject\",\"inLanguage\":\"en-GB\",\"@id\":\"https:\\\/\\\/skaitytaknyga.lt\\\/#\\\/schema\\\/logo\\\/image\\\/\",\"url\":\"https:\\\/\\\/skaitytaknyga.lt\\\/wp-content\\\/uploads\\\/2024\\\/05\\\/cropped-cropped-cropped-02_00843_jt3bggkj1j3HLc7SyY6rEUpg.jpeg\",\"contentUrl\":\"https:\\\/\\\/skaitytaknyga.lt\\\/wp-content\\\/uploads\\\/2024\\\/05\\\/cropped-cropped-cropped-02_00843_jt3bggkj1j3HLc7SyY6rEUpg.jpeg\",\"width\":1600,\"height\":1600,\"caption\":\"skaitytaknyga.lt\"},\"image\":{\"@id\":\"https:\\\/\\\/skaitytaknyga.lt\\\/#\\\/schema\\\/logo\\\/image\\\/\"},\"sameAs\":[\"https:\\\/\\\/www.facebook.com\\\/skaitytaknyga\\\/\"]}]}<\/script>\n<!-- \/ Yoast SEO plugin. -->","yoast_head_json":{"title":"Richard Koch \u201e80\/20 principas. Kaip ma\u017eesn\u0117mis pastangomis daugiau pasiekti\u201c - Skaitytaknyga","description":"Tai kad, kai 80 procent\u0173 rezultat\u0173 lemia tik 20 procent\u0173 prie\u017eas\u010di\u0173, yra vienintelis tikrasis efektyviai dirban\u010di\u0173 \u017emoni\u0173 ir organizacij\u0173 d\u0117snis.  \u0160io d\u0117snio esm\u0117 prie\u0161tarauja intuicijai, ta\u010diau yra nenugin\u010dijamas faktas, kad egzistuoja visi\u0161kas disbalansas, neproporcingumas ir neatitikimas tarp pastang\u0173 ir atlygio, k\u0105 mokslininkai vadina netiesiniu ry\u0161iu. Pasaulis nepatikimas, ta\u010diau mes vis tikim\u0117s tolygaus santykio tarp prie\u017easties ir pasekm\u0117s. Kai \u012fvykiai taip nesiklosto, da\u017enai nenorime to pasteb\u0117ti. M\u016bs\u0173 akidang\u010diai trukdo efektyviai veiklai.  80\/20 santykio d\u0117snis gali pakeisti j\u016bs\u0173 gyvenim\u0105, j\u016bs\u0173 organizacij\u0105, m\u016bs\u0173 visuomen\u0119: ne ie\u0161kant panac\u0117jos, bet dirbant drauge su verslo d\u0117sniais, o ne prie\u0161 juos.","robots":{"index":"index","follow":"follow","max-snippet":"max-snippet:-1","max-image-preview":"max-image-preview:large","max-video-preview":"max-video-preview:-1"},"canonical":"https:\/\/skaitytaknyga.lt\/en\/produktas\/richard-koch-80-20-principas-kaip-mazesnemis-pastangomis-daugiau-pasiekti\/","og_locale":"en_GB","og_type":"article","og_title":"Richard Koch \u201e80\/20 principas. Kaip ma\u017eesn\u0117mis pastangomis daugiau pasiekti\u201c - Skaitytaknyga","og_description":"Tai kad, kai 80 procent\u0173 rezultat\u0173 lemia tik 20 procent\u0173 prie\u017eas\u010di\u0173, yra vienintelis tikrasis efektyviai dirban\u010di\u0173 \u017emoni\u0173 ir organizacij\u0173 d\u0117snis.  \u0160io d\u0117snio esm\u0117 prie\u0161tarauja intuicijai, ta\u010diau yra nenugin\u010dijamas faktas, kad egzistuoja visi\u0161kas disbalansas, neproporcingumas ir neatitikimas tarp pastang\u0173 ir atlygio, k\u0105 mokslininkai vadina netiesiniu ry\u0161iu. Pasaulis nepatikimas, ta\u010diau mes vis tikim\u0117s tolygaus santykio tarp prie\u017easties ir pasekm\u0117s. Kai \u012fvykiai taip nesiklosto, da\u017enai nenorime to pasteb\u0117ti. M\u016bs\u0173 akidang\u010diai trukdo efektyviai veiklai.  80\/20 santykio d\u0117snis gali pakeisti j\u016bs\u0173 gyvenim\u0105, j\u016bs\u0173 organizacij\u0105, m\u016bs\u0173 visuomen\u0119: ne ie\u0161kant panac\u0117jos, bet dirbant drauge su verslo d\u0117sniais, o ne prie\u0161 juos.","og_url":"https:\/\/skaitytaknyga.lt\/en\/produktas\/richard-koch-80-20-principas-kaip-mazesnemis-pastangomis-daugiau-pasiekti\/","og_site_name":"Skaitytaknyga","article_publisher":"https:\/\/www.facebook.com\/skaitytaknyga\/","article_modified_time":"2024-05-04T17:56:57+00:00","og_image":[{"width":295,"height":430,"url":"https:\/\/skaitytaknyga.lt\/wp-content\/uploads\/2024\/05\/1462885588_img0004-001.jpg","type":"image\/jpeg"}],"twitter_card":"summary_large_image","twitter_misc":{"Estimated reading time":"1 minute"},"schema":{"@context":"https:\/\/schema.org","@graph":[{"@type":"WebPage","@id":"https:\/\/skaitytaknyga.lt\/produktas\/richard-koch-80-20-principas-kaip-mazesnemis-pastangomis-daugiau-pasiekti\/","url":"https:\/\/skaitytaknyga.lt\/produktas\/richard-koch-80-20-principas-kaip-mazesnemis-pastangomis-daugiau-pasiekti\/","name":"Richard Koch \u201e80\/20 principas. Kaip ma\u017eesn\u0117mis pastangomis daugiau pasiekti\u201c - Skaitytaknyga","isPartOf":{"@id":"https:\/\/skaitytaknyga.lt\/#website"},"primaryImageOfPage":{"@id":"https:\/\/skaitytaknyga.lt\/produktas\/richard-koch-80-20-principas-kaip-mazesnemis-pastangomis-daugiau-pasiekti\/#primaryimage"},"image":{"@id":"https:\/\/skaitytaknyga.lt\/produktas\/richard-koch-80-20-principas-kaip-mazesnemis-pastangomis-daugiau-pasiekti\/#primaryimage"},"thumbnailUrl":"https:\/\/skaitytaknyga.lt\/wp-content\/uploads\/2024\/05\/1462885588_img0004-001.jpg","datePublished":"2024-05-04T17:55:52+00:00","dateModified":"2024-05-04T17:56:57+00:00","description":"Tai kad, kai 80 procent\u0173 rezultat\u0173 lemia tik 20 procent\u0173 prie\u017eas\u010di\u0173, yra vienintelis tikrasis efektyviai dirban\u010di\u0173 \u017emoni\u0173 ir organizacij\u0173 d\u0117snis. \u0160io d\u0117snio esm\u0117 prie\u0161tarauja intuicijai, ta\u010diau yra nenugin\u010dijamas faktas, kad egzistuoja visi\u0161kas disbalansas, neproporcingumas ir neatitikimas tarp pastang\u0173 ir atlygio, k\u0105 mokslininkai vadina netiesiniu ry\u0161iu. Pasaulis nepatikimas, ta\u010diau mes vis tikim\u0117s tolygaus santykio tarp prie\u017easties ir pasekm\u0117s. Kai \u012fvykiai taip nesiklosto, da\u017enai nenorime to pasteb\u0117ti. M\u016bs\u0173 akidang\u010diai trukdo efektyviai veiklai. 80\/20 santykio d\u0117snis gali pakeisti j\u016bs\u0173 gyvenim\u0105, j\u016bs\u0173 organizacij\u0105, m\u016bs\u0173 visuomen\u0119: ne ie\u0161kant panac\u0117jos, bet dirbant drauge su verslo d\u0117sniais, o ne prie\u0161 juos.","breadcrumb":{"@id":"https:\/\/skaitytaknyga.lt\/produktas\/richard-koch-80-20-principas-kaip-mazesnemis-pastangomis-daugiau-pasiekti\/#breadcrumb"},"inLanguage":"en-GB","potentialAction":[{"@type":"ReadAction","target":["https:\/\/skaitytaknyga.lt\/produktas\/richard-koch-80-20-principas-kaip-mazesnemis-pastangomis-daugiau-pasiekti\/"]}]},{"@type":"ImageObject","inLanguage":"en-GB","@id":"https:\/\/skaitytaknyga.lt\/produktas\/richard-koch-80-20-principas-kaip-mazesnemis-pastangomis-daugiau-pasiekti\/#primaryimage","url":"https:\/\/skaitytaknyga.lt\/wp-content\/uploads\/2024\/05\/1462885588_img0004-001.jpg","contentUrl":"https:\/\/skaitytaknyga.lt\/wp-content\/uploads\/2024\/05\/1462885588_img0004-001.jpg","width":295,"height":430},{"@type":"BreadcrumbList","@id":"https:\/\/skaitytaknyga.lt\/produktas\/richard-koch-80-20-principas-kaip-mazesnemis-pastangomis-daugiau-pasiekti\/#breadcrumb","itemListElement":[{"@type":"ListItem","position":1,"name":"Home","item":"https:\/\/skaitytaknyga.lt\/"},{"@type":"ListItem","position":2,"name":"Parduotuv\u0117","item":"https:\/\/skaitytaknyga.lt\/knygu-parduotuve\/"},{"@type":"ListItem","position":3,"name":"Richard Koch \u201e80\/20 principas. Kaip ma\u017eesn\u0117mis pastangomis daugiau pasiekti\u201c"}]},{"@type":"WebSite","@id":"https:\/\/skaitytaknyga.lt\/#website","url":"https:\/\/skaitytaknyga.lt\/","name":"skaitytaknyga.lt","description":"Skaitytaknyga.lt \u2013 tai ma\u017eas \u0161eimos verslas, kuris prasid\u0117jo nuo meil\u0117s knygoms ir siekio i\u0161gelb\u0117ti knygas nuo likimo prie konteinerio. Kas vienam nereikalingas daiktas \u2013 kitam lobis, o mes esame tarpininkai, kurie padeda abiems tapti laimingesniems ???? \u017dinome kaip nelengva i\u0161gyventi ma\u017eiems verslams, tad nuo \u0161iol, \u010dia rasite ir kit\u0173, ma\u017e\u0173 \u0161eim\u0173 versl\u0173, rank\u0173 darbo, dovan\u0173 sau ir artimiesiems.","publisher":{"@id":"https:\/\/skaitytaknyga.lt\/#organization"},"potentialAction":[{"@type":"SearchAction","target":{"@type":"EntryPoint","urlTemplate":"https:\/\/skaitytaknyga.lt\/?s={search_term_string}"},"query-input":{"@type":"PropertyValueSpecification","valueRequired":true,"valueName":"search_term_string"}}],"inLanguage":"en-GB"},{"@type":"Organization","@id":"https:\/\/skaitytaknyga.lt\/#organization","name":"skaitytaknyga.lt","url":"https:\/\/skaitytaknyga.lt\/","logo":{"@type":"ImageObject","inLanguage":"en-GB","@id":"https:\/\/skaitytaknyga.lt\/#\/schema\/logo\/image\/","url":"https:\/\/skaitytaknyga.lt\/wp-content\/uploads\/2024\/05\/cropped-cropped-cropped-02_00843_jt3bggkj1j3HLc7SyY6rEUpg.jpeg","contentUrl":"https:\/\/skaitytaknyga.lt\/wp-content\/uploads\/2024\/05\/cropped-cropped-cropped-02_00843_jt3bggkj1j3HLc7SyY6rEUpg.jpeg","width":1600,"height":1600,"caption":"skaitytaknyga.lt"},"image":{"@id":"https:\/\/skaitytaknyga.lt\/#\/schema\/logo\/image\/"},"sameAs":["https:\/\/www.facebook.com\/skaitytaknyga\/"]}]}},"_links":{"self":[{"href":"https:\/\/skaitytaknyga.lt\/en\/wp-json\/wp\/v2\/product\/9698","targetHints":{"allow":["GET"]}}],"collection":[{"href":"https:\/\/skaitytaknyga.lt\/en\/wp-json\/wp\/v2\/product"}],"about":[{"href":"https:\/\/skaitytaknyga.lt\/en\/wp-json\/wp\/v2\/types\/product"}],"replies":[{"embeddable":true,"href":"https:\/\/skaitytaknyga.lt\/en\/wp-json\/wp\/v2\/comments?post=9698"}],"wp:featuredmedia":[{"embeddable":true,"href":"https:\/\/skaitytaknyga.lt\/en\/wp-json\/wp\/v2\/media\/9742"}],"wp:attachment":[{"href":"https:\/\/skaitytaknyga.lt\/en\/wp-json\/wp\/v2\/media?parent=9698"}],"wp:term":[{"taxonomy":"product_brand","embeddable":true,"href":"https:\/\/skaitytaknyga.lt\/en\/wp-json\/wp\/v2\/product_brand?post=9698"},{"taxonomy":"product_cat","embeddable":true,"href":"https:\/\/skaitytaknyga.lt\/en\/wp-json\/wp\/v2\/product_cat?post=9698"},{"taxonomy":"product_tag","embeddable":true,"href":"https:\/\/skaitytaknyga.lt\/en\/wp-json\/wp\/v2\/product_tag?post=9698"}],"curies":[{"name":"wp","href":"https:\/\/api.w.org\/{rel}","templated":true}]}}