{"id":9697,"date":"2024-05-04T17:55:52","date_gmt":"2024-05-04T17:55:52","guid":{"rendered":"https:\/\/skaitytaknyga.lt\/?post_type=product&#038;p=9697"},"modified":"2024-05-04T17:56:55","modified_gmt":"2024-05-04T17:56:55","slug":"sarah-jio-geguzes-puga","status":"publish","type":"product","link":"https:\/\/skaitytaknyga.lt\/en\/produktas\/sarah-jio-geguzes-puga\/","title":{"rendered":"Sarah Jio \u201eGegu\u017e\u0117s p\u016bga\u201c"},"content":{"rendered":"<p>Siatlas, 1933-ieji. Vieni\u0161a motina Vera R\u0117j pabu\u010diuoja savo trej\u0173 metuk\u0173 s\u016bn\u0173 Danieli\u0173, link\u0117dama sald\u017ei\u0173 sapn\u0173, ir i\u0161skuba \u012f naktin\u0119 pamain\u0105 vie\u0161butyje. Ryte, nors tai ir gegu\u017e\u0117s 2-oji, k\u0105sniais drimba sniegas. Vera skuba namo \u017eadinti Danieliaus, ta\u010diau jo lovel\u0117 tu\u0161\u010dia, o gatv\u0117je guli s\u016bnaus me\u0161kiukas&#8230;<\/p>\n<p>Siatlas, m\u016bs\u0173 laikai, gegu\u017e\u0117s 2-oji. Mieste v\u0117l p\u016bga. Siatlo laikra\u0161\u010dio \u201eHerald\u201c \u017eurnalistei Klerei Oldrid\u017e patik\u0117ta u\u017eduotis parengti straipsn\u012f apie pavasario p\u016bg\u0105. Dom\u0117damasi \u0161ia tema ji 1933 met\u0173 laikra\u0161tyje aptinka Danieliaus dingimo istorij\u0105 \u2013 pasirodo, jos paslaptis taip ir liko neatskleista. Kler\u0117 pasiry\u017eta i\u0161siai\u0161kinti ties\u0105 ir netik\u0117tai su\u017eino, kad pati yra susijusi su Vera&#8230;<\/p>\n<p><strong>Sarah Jio<\/strong>\u00a0romanai patenka \u012f New York Times perkamiausi\u0173 knyg\u0173 s\u0105ra\u0161us. Jio yra \u017eurnalist\u0117, Glamour.com tinklara\u0161\u010diui ra\u0161o apie sveikat\u0105 ir sport\u0105. Jos straipsniai publikuojami tokiuose populiariuose \u017eurnaluose kaip Redbook, The Oprah Magazine, Glamour, SELF, Real Simple, Fitness, Marie Claire ir kituose.<\/p>\n","protected":false},"excerpt":{"rendered":"<p>Siatlas, 1933-ieji. Vieni\u0161a motina Vera R\u0117j pabu\u010diuoja savo trej\u0173 metuk\u0173 s\u016bn\u0173 Danieli\u0173, link\u0117dama sald\u017ei\u0173 sapn\u0173, ir i\u0161skuba \u012f naktin\u0119 pamain\u0105 vie\u0161butyje. Ryte, nors tai ir gegu\u017e\u0117s 2-oji, k\u0105sniais drimba sniegas. Vera skuba namo \u017eadinti Danieliaus, ta\u010diau jo lovel\u0117 tu\u0161\u010dia, o gatv\u0117je guli s\u016bnaus me\u0161kiukas&#8230;<\/p>\n<p>Siatlas, m\u016bs\u0173 laikai, gegu\u017e\u0117s 2-oji. Mieste v\u0117l p\u016bga. Siatlo laikra\u0161\u010dio \u201eHerald\u201c \u017eurnalistei Klerei Oldrid\u017e patik\u0117ta u\u017eduotis parengti straipsn\u012f apie pavasario p\u016bg\u0105. Dom\u0117damasi \u0161ia tema ji 1933 met\u0173 laikra\u0161tyje aptinka Danieliaus dingimo istorij\u0105 \u2013 pasirodo, jos paslaptis taip ir liko neatskleista. Kler\u0117 pasiry\u017eta i\u0161siai\u0161kinti ties\u0105 ir netik\u0117tai su\u017eino, kad pati yra susijusi su Vera&#8230;<\/p>\n<p><strong>Sarah Jio<\/strong>\u00a0romanai patenka \u012f New York Times perkamiausi\u0173 knyg\u0173 s\u0105ra\u0161us. Jio yra \u017eurnalist\u0117, Glamour.com tinklara\u0161\u010diui ra\u0161o apie sveikat\u0105 ir sport\u0105. Jos straipsniai publikuojami tokiuose populiariuose \u017eurnaluose kaip Redbook, The Oprah Magazine, Glamour, SELF, Real Simple, Fitness, Marie Claire ir kituose.<\/p>\n","protected":false},"featured_media":9741,"comment_status":"closed","ping_status":"closed","template":"","meta":{"_acf_changed":false,"site-sidebar-layout":"default","site-content-layout":"","ast-site-content-layout":"default","site-content-style":"default","site-sidebar-style":"default","ast-global-header-display":"","ast-banner-title-visibility":"","ast-main-header-display":"","ast-hfb-above-header-display":"","ast-hfb-below-header-display":"","ast-hfb-mobile-header-display":"","site-post-title":"","ast-breadcrumbs-content":"","ast-featured-img":"","footer-sml-layout":"","ast-disable-related-posts":"","theme-transparent-header-meta":"","adv-header-id-meta":"","stick-header-meta":"","header-above-stick-meta":"","header-main-stick-meta":"","header-below-stick-meta":"","astra-migrate-meta-layouts":"default","ast-page-background-enabled":"default","ast-page-background-meta":{"desktop":{"background-color":"","background-image":"","background-repeat":"repeat","background-position":"center center","background-size":"auto","background-attachment":"scroll","background-type":"","background-media":"","overlay-type":"","overlay-color":"","overlay-opacity":"","overlay-gradient":""},"tablet":{"background-color":"","background-image":"","background-repeat":"repeat","background-position":"center center","background-size":"auto","background-attachment":"scroll","background-type":"","background-media":"","overlay-type":"","overlay-color":"","overlay-opacity":"","overlay-gradient":""},"mobile":{"background-color":"","background-image":"","background-repeat":"repeat","background-position":"center center","background-size":"auto","background-attachment":"scroll","background-type":"","background-media":"","overlay-type":"","overlay-color":"","overlay-opacity":"","overlay-gradient":""}},"ast-content-background-meta":{"desktop":{"background-color":"var(--ast-global-color-4)","background-image":"","background-repeat":"repeat","background-position":"center center","background-size":"auto","background-attachment":"scroll","background-type":"","background-media":"","overlay-type":"","overlay-color":"","overlay-opacity":"","overlay-gradient":""},"tablet":{"background-color":"var(--ast-global-color-4)","background-image":"","background-repeat":"repeat","background-position":"center center","background-size":"auto","background-attachment":"scroll","background-type":"","background-media":"","overlay-type":"","overlay-color":"","overlay-opacity":"","overlay-gradient":""},"mobile":{"background-color":"var(--ast-global-color-4)","background-image":"","background-repeat":"repeat","background-position":"center center","background-size":"auto","background-attachment":"scroll","background-type":"","background-media":"","overlay-type":"","overlay-color":"","overlay-opacity":"","overlay-gradient":""}}},"product_brand":[],"product_cat":[31],"product_tag":[],"class_list":{"0":"post-9697","1":"product","2":"type-product","3":"status-publish","4":"has-post-thumbnail","6":"product_cat-grozine-literatura","7":"desktop-align-left","8":"tablet-align-left","9":"mobile-align-left","11":"first","12":"outofstock","13":"shipping-taxable","14":"purchasable","15":"product-type-simple"},"acf":[],"yoast_head":"<!-- This site is optimized with the Yoast SEO plugin v27.4 - https:\/\/yoast.com\/product\/yoast-seo-wordpress\/ -->\n<title>Sarah Jio \u201eGegu\u017e\u0117s p\u016bga\u201c - Skaitytaknyga<\/title>\n<meta name=\"description\" content=\"Siatlas, 1933-ieji. Vieni\u0161a motina Vera R\u0117j pabu\u010diuoja savo trej\u0173 metuk\u0173 s\u016bn\u0173 Danieli\u0173, link\u0117dama sald\u017ei\u0173 sapn\u0173, ir i\u0161skuba \u012f naktin\u0119 pamain\u0105 vie\u0161butyje. Ryte, nors tai ir gegu\u017e\u0117s 2-oji, k\u0105sniais drimba sniegas. Vera skuba namo \u017eadinti Danieliaus, ta\u010diau jo lovel\u0117 tu\u0161\u010dia, o gatv\u0117je guli s\u016bnaus me\u0161kiukas...  Siatlas, m\u016bs\u0173 laikai, gegu\u017e\u0117s 2-oji. Mieste v\u0117l p\u016bga. Siatlo laikra\u0161\u010dio \u201eHerald\u201c \u017eurnalistei Klerei Oldrid\u017e patik\u0117ta u\u017eduotis parengti straipsn\u012f apie pavasario p\u016bg\u0105. Dom\u0117damasi \u0161ia tema ji 1933 met\u0173 laikra\u0161tyje aptinka Danieliaus dingimo istorij\u0105 \u2013 pasirodo, jos paslaptis taip ir liko neatskleista. Kler\u0117 pasiry\u017eta i\u0161siai\u0161kinti ties\u0105 ir netik\u0117tai su\u017eino, kad pati yra susijusi su Vera...  Sarah Jio\u00a0romanai patenka \u012f New York Times perkamiausi\u0173 knyg\u0173 s\u0105ra\u0161us. Jio yra \u017eurnalist\u0117, Glamour.com tinklara\u0161\u010diui ra\u0161o apie sveikat\u0105 ir sport\u0105. Jos straipsniai publikuojami tokiuose populiariuose \u017eurnaluose kaip Redbook, The Oprah Magazine, Glamour, SELF, Real Simple, Fitness, Marie Claire ir kituose.\" \/>\n<meta name=\"robots\" content=\"index, follow, max-snippet:-1, max-image-preview:large, max-video-preview:-1\" \/>\n<link rel=\"canonical\" href=\"https:\/\/skaitytaknyga.lt\/en\/produktas\/sarah-jio-geguzes-puga\/\" \/>\n<meta property=\"og:locale\" content=\"en_GB\" \/>\n<meta property=\"og:locale:alternate\" content=\"lt_LT\" \/>\n<meta property=\"og:type\" content=\"article\" \/>\n<meta property=\"og:title\" content=\"Sarah Jio \u201eGegu\u017e\u0117s p\u016bga\u201c - Skaitytaknyga\" \/>\n<meta property=\"og:description\" content=\"Siatlas, 1933-ieji. Vieni\u0161a motina Vera R\u0117j pabu\u010diuoja savo trej\u0173 metuk\u0173 s\u016bn\u0173 Danieli\u0173, link\u0117dama sald\u017ei\u0173 sapn\u0173, ir i\u0161skuba \u012f naktin\u0119 pamain\u0105 vie\u0161butyje. Ryte, nors tai ir gegu\u017e\u0117s 2-oji, k\u0105sniais drimba sniegas. Vera skuba namo \u017eadinti Danieliaus, ta\u010diau jo lovel\u0117 tu\u0161\u010dia, o gatv\u0117je guli s\u016bnaus me\u0161kiukas...  Siatlas, m\u016bs\u0173 laikai, gegu\u017e\u0117s 2-oji. Mieste v\u0117l p\u016bga. Siatlo laikra\u0161\u010dio \u201eHerald\u201c \u017eurnalistei Klerei Oldrid\u017e patik\u0117ta u\u017eduotis parengti straipsn\u012f apie pavasario p\u016bg\u0105. Dom\u0117damasi \u0161ia tema ji 1933 met\u0173 laikra\u0161tyje aptinka Danieliaus dingimo istorij\u0105 \u2013 pasirodo, jos paslaptis taip ir liko neatskleista. Kler\u0117 pasiry\u017eta i\u0161siai\u0161kinti ties\u0105 ir netik\u0117tai su\u017eino, kad pati yra susijusi su Vera...  Sarah Jio\u00a0romanai patenka \u012f New York Times perkamiausi\u0173 knyg\u0173 s\u0105ra\u0161us. Jio yra \u017eurnalist\u0117, Glamour.com tinklara\u0161\u010diui ra\u0161o apie sveikat\u0105 ir sport\u0105. Jos straipsniai publikuojami tokiuose populiariuose \u017eurnaluose kaip Redbook, The Oprah Magazine, Glamour, SELF, Real Simple, Fitness, Marie Claire ir kituose.\" \/>\n<meta property=\"og:url\" content=\"https:\/\/skaitytaknyga.lt\/en\/produktas\/sarah-jio-geguzes-puga\/\" \/>\n<meta property=\"og:site_name\" content=\"Skaitytaknyga\" \/>\n<meta property=\"article:publisher\" content=\"https:\/\/www.facebook.com\/skaitytaknyga\/\" \/>\n<meta property=\"article:modified_time\" content=\"2024-05-04T17:56:55+00:00\" \/>\n<meta property=\"og:image\" content=\"https:\/\/skaitytaknyga.lt\/wp-content\/uploads\/2024\/05\/000000000002156734-59de82f3466bc-asset-knyguklubas-cdb_9789955237587_jio_geguzes-puga_72max_p1.jpg\" \/>\n\t<meta property=\"og:image:width\" content=\"285\" \/>\n\t<meta property=\"og:image:height\" content=\"401\" \/>\n\t<meta property=\"og:image:type\" content=\"image\/jpeg\" \/>\n<meta name=\"twitter:card\" content=\"summary_large_image\" \/>\n<meta name=\"twitter:label1\" content=\"Estimated reading time\" \/>\n\t<meta name=\"twitter:data1\" content=\"1 minute\" \/>\n<script type=\"application\/ld+json\" class=\"yoast-schema-graph\">{\"@context\":\"https:\\\/\\\/schema.org\",\"@graph\":[{\"@type\":\"WebPage\",\"@id\":\"https:\\\/\\\/skaitytaknyga.lt\\\/produktas\\\/sarah-jio-geguzes-puga\\\/\",\"url\":\"https:\\\/\\\/skaitytaknyga.lt\\\/produktas\\\/sarah-jio-geguzes-puga\\\/\",\"name\":\"Sarah Jio \u201eGegu\u017e\u0117s p\u016bga\u201c - Skaitytaknyga\",\"isPartOf\":{\"@id\":\"https:\\\/\\\/skaitytaknyga.lt\\\/#website\"},\"primaryImageOfPage\":{\"@id\":\"https:\\\/\\\/skaitytaknyga.lt\\\/produktas\\\/sarah-jio-geguzes-puga\\\/#primaryimage\"},\"image\":{\"@id\":\"https:\\\/\\\/skaitytaknyga.lt\\\/produktas\\\/sarah-jio-geguzes-puga\\\/#primaryimage\"},\"thumbnailUrl\":\"https:\\\/\\\/skaitytaknyga.lt\\\/wp-content\\\/uploads\\\/2024\\\/05\\\/000000000002156734-59de82f3466bc-asset-knyguklubas-cdb_9789955237587_jio_geguzes-puga_72max_p1.jpg\",\"datePublished\":\"2024-05-04T17:55:52+00:00\",\"dateModified\":\"2024-05-04T17:56:55+00:00\",\"description\":\"Siatlas, 1933-ieji. Vieni\u0161a motina Vera R\u0117j pabu\u010diuoja savo trej\u0173 metuk\u0173 s\u016bn\u0173 Danieli\u0173, link\u0117dama sald\u017ei\u0173 sapn\u0173, ir i\u0161skuba \u012f naktin\u0119 pamain\u0105 vie\u0161butyje. Ryte, nors tai ir gegu\u017e\u0117s 2-oji, k\u0105sniais drimba sniegas. Vera skuba namo \u017eadinti Danieliaus, ta\u010diau jo lovel\u0117 tu\u0161\u010dia, o gatv\u0117je guli s\u016bnaus me\u0161kiukas... Siatlas, m\u016bs\u0173 laikai, gegu\u017e\u0117s 2-oji. Mieste v\u0117l p\u016bga. Siatlo laikra\u0161\u010dio \u201eHerald\u201c \u017eurnalistei Klerei Oldrid\u017e patik\u0117ta u\u017eduotis parengti straipsn\u012f apie pavasario p\u016bg\u0105. Dom\u0117damasi \u0161ia tema ji 1933 met\u0173 laikra\u0161tyje aptinka Danieliaus dingimo istorij\u0105 \u2013 pasirodo, jos paslaptis taip ir liko neatskleista. Kler\u0117 pasiry\u017eta i\u0161siai\u0161kinti ties\u0105 ir netik\u0117tai su\u017eino, kad pati yra susijusi su Vera... Sarah Jio\u00a0romanai patenka \u012f New York Times perkamiausi\u0173 knyg\u0173 s\u0105ra\u0161us. Jio yra \u017eurnalist\u0117, Glamour.com tinklara\u0161\u010diui ra\u0161o apie sveikat\u0105 ir sport\u0105. Jos straipsniai publikuojami tokiuose populiariuose \u017eurnaluose kaip Redbook, The Oprah Magazine, Glamour, SELF, Real Simple, Fitness, Marie Claire ir kituose.\",\"breadcrumb\":{\"@id\":\"https:\\\/\\\/skaitytaknyga.lt\\\/produktas\\\/sarah-jio-geguzes-puga\\\/#breadcrumb\"},\"inLanguage\":\"en-GB\",\"potentialAction\":[{\"@type\":\"ReadAction\",\"target\":[\"https:\\\/\\\/skaitytaknyga.lt\\\/produktas\\\/sarah-jio-geguzes-puga\\\/\"]}]},{\"@type\":\"ImageObject\",\"inLanguage\":\"en-GB\",\"@id\":\"https:\\\/\\\/skaitytaknyga.lt\\\/produktas\\\/sarah-jio-geguzes-puga\\\/#primaryimage\",\"url\":\"https:\\\/\\\/skaitytaknyga.lt\\\/wp-content\\\/uploads\\\/2024\\\/05\\\/000000000002156734-59de82f3466bc-asset-knyguklubas-cdb_9789955237587_jio_geguzes-puga_72max_p1.jpg\",\"contentUrl\":\"https:\\\/\\\/skaitytaknyga.lt\\\/wp-content\\\/uploads\\\/2024\\\/05\\\/000000000002156734-59de82f3466bc-asset-knyguklubas-cdb_9789955237587_jio_geguzes-puga_72max_p1.jpg\",\"width\":285,\"height\":401},{\"@type\":\"BreadcrumbList\",\"@id\":\"https:\\\/\\\/skaitytaknyga.lt\\\/produktas\\\/sarah-jio-geguzes-puga\\\/#breadcrumb\",\"itemListElement\":[{\"@type\":\"ListItem\",\"position\":1,\"name\":\"Home\",\"item\":\"https:\\\/\\\/skaitytaknyga.lt\\\/\"},{\"@type\":\"ListItem\",\"position\":2,\"name\":\"Parduotuv\u0117\",\"item\":\"https:\\\/\\\/skaitytaknyga.lt\\\/knygu-parduotuve\\\/\"},{\"@type\":\"ListItem\",\"position\":3,\"name\":\"Sarah Jio \u201eGegu\u017e\u0117s p\u016bga\u201c\"}]},{\"@type\":\"WebSite\",\"@id\":\"https:\\\/\\\/skaitytaknyga.lt\\\/#website\",\"url\":\"https:\\\/\\\/skaitytaknyga.lt\\\/\",\"name\":\"skaitytaknyga.lt\",\"description\":\"Skaitytaknyga.lt \u2013 tai ma\u017eas \u0161eimos verslas, kuris prasid\u0117jo nuo meil\u0117s knygoms ir siekio i\u0161gelb\u0117ti knygas nuo likimo prie konteinerio. Kas vienam nereikalingas daiktas \u2013 kitam lobis, o mes esame tarpininkai, kurie padeda abiems tapti laimingesniems ???? \u017dinome kaip nelengva i\u0161gyventi ma\u017eiems verslams, tad nuo \u0161iol, \u010dia rasite ir kit\u0173, ma\u017e\u0173 \u0161eim\u0173 versl\u0173, rank\u0173 darbo, dovan\u0173 sau ir artimiesiems.\",\"publisher\":{\"@id\":\"https:\\\/\\\/skaitytaknyga.lt\\\/#organization\"},\"potentialAction\":[{\"@type\":\"SearchAction\",\"target\":{\"@type\":\"EntryPoint\",\"urlTemplate\":\"https:\\\/\\\/skaitytaknyga.lt\\\/?s={search_term_string}\"},\"query-input\":{\"@type\":\"PropertyValueSpecification\",\"valueRequired\":true,\"valueName\":\"search_term_string\"}}],\"inLanguage\":\"en-GB\"},{\"@type\":\"Organization\",\"@id\":\"https:\\\/\\\/skaitytaknyga.lt\\\/#organization\",\"name\":\"skaitytaknyga.lt\",\"url\":\"https:\\\/\\\/skaitytaknyga.lt\\\/\",\"logo\":{\"@type\":\"ImageObject\",\"inLanguage\":\"en-GB\",\"@id\":\"https:\\\/\\\/skaitytaknyga.lt\\\/#\\\/schema\\\/logo\\\/image\\\/\",\"url\":\"https:\\\/\\\/skaitytaknyga.lt\\\/wp-content\\\/uploads\\\/2024\\\/05\\\/cropped-cropped-cropped-02_00843_jt3bggkj1j3HLc7SyY6rEUpg.jpeg\",\"contentUrl\":\"https:\\\/\\\/skaitytaknyga.lt\\\/wp-content\\\/uploads\\\/2024\\\/05\\\/cropped-cropped-cropped-02_00843_jt3bggkj1j3HLc7SyY6rEUpg.jpeg\",\"width\":1600,\"height\":1600,\"caption\":\"skaitytaknyga.lt\"},\"image\":{\"@id\":\"https:\\\/\\\/skaitytaknyga.lt\\\/#\\\/schema\\\/logo\\\/image\\\/\"},\"sameAs\":[\"https:\\\/\\\/www.facebook.com\\\/skaitytaknyga\\\/\"]}]}<\/script>\n<!-- \/ Yoast SEO plugin. -->","yoast_head_json":{"title":"Sarah Jio \u201eGegu\u017e\u0117s p\u016bga\u201c - Skaitytaknyga","description":"Siatlas, 1933-ieji. Vieni\u0161a motina Vera R\u0117j pabu\u010diuoja savo trej\u0173 metuk\u0173 s\u016bn\u0173 Danieli\u0173, link\u0117dama sald\u017ei\u0173 sapn\u0173, ir i\u0161skuba \u012f naktin\u0119 pamain\u0105 vie\u0161butyje. Ryte, nors tai ir gegu\u017e\u0117s 2-oji, k\u0105sniais drimba sniegas. Vera skuba namo \u017eadinti Danieliaus, ta\u010diau jo lovel\u0117 tu\u0161\u010dia, o gatv\u0117je guli s\u016bnaus me\u0161kiukas...  Siatlas, m\u016bs\u0173 laikai, gegu\u017e\u0117s 2-oji. Mieste v\u0117l p\u016bga. Siatlo laikra\u0161\u010dio \u201eHerald\u201c \u017eurnalistei Klerei Oldrid\u017e patik\u0117ta u\u017eduotis parengti straipsn\u012f apie pavasario p\u016bg\u0105. Dom\u0117damasi \u0161ia tema ji 1933 met\u0173 laikra\u0161tyje aptinka Danieliaus dingimo istorij\u0105 \u2013 pasirodo, jos paslaptis taip ir liko neatskleista. Kler\u0117 pasiry\u017eta i\u0161siai\u0161kinti ties\u0105 ir netik\u0117tai su\u017eino, kad pati yra susijusi su Vera...  Sarah Jio\u00a0romanai patenka \u012f New York Times perkamiausi\u0173 knyg\u0173 s\u0105ra\u0161us. Jio yra \u017eurnalist\u0117, Glamour.com tinklara\u0161\u010diui ra\u0161o apie sveikat\u0105 ir sport\u0105. Jos straipsniai publikuojami tokiuose populiariuose \u017eurnaluose kaip Redbook, The Oprah Magazine, Glamour, SELF, Real Simple, Fitness, Marie Claire ir kituose.","robots":{"index":"index","follow":"follow","max-snippet":"max-snippet:-1","max-image-preview":"max-image-preview:large","max-video-preview":"max-video-preview:-1"},"canonical":"https:\/\/skaitytaknyga.lt\/en\/produktas\/sarah-jio-geguzes-puga\/","og_locale":"en_GB","og_type":"article","og_title":"Sarah Jio \u201eGegu\u017e\u0117s p\u016bga\u201c - Skaitytaknyga","og_description":"Siatlas, 1933-ieji. Vieni\u0161a motina Vera R\u0117j pabu\u010diuoja savo trej\u0173 metuk\u0173 s\u016bn\u0173 Danieli\u0173, link\u0117dama sald\u017ei\u0173 sapn\u0173, ir i\u0161skuba \u012f naktin\u0119 pamain\u0105 vie\u0161butyje. Ryte, nors tai ir gegu\u017e\u0117s 2-oji, k\u0105sniais drimba sniegas. Vera skuba namo \u017eadinti Danieliaus, ta\u010diau jo lovel\u0117 tu\u0161\u010dia, o gatv\u0117je guli s\u016bnaus me\u0161kiukas...  Siatlas, m\u016bs\u0173 laikai, gegu\u017e\u0117s 2-oji. Mieste v\u0117l p\u016bga. Siatlo laikra\u0161\u010dio \u201eHerald\u201c \u017eurnalistei Klerei Oldrid\u017e patik\u0117ta u\u017eduotis parengti straipsn\u012f apie pavasario p\u016bg\u0105. Dom\u0117damasi \u0161ia tema ji 1933 met\u0173 laikra\u0161tyje aptinka Danieliaus dingimo istorij\u0105 \u2013 pasirodo, jos paslaptis taip ir liko neatskleista. Kler\u0117 pasiry\u017eta i\u0161siai\u0161kinti ties\u0105 ir netik\u0117tai su\u017eino, kad pati yra susijusi su Vera...  Sarah Jio\u00a0romanai patenka \u012f New York Times perkamiausi\u0173 knyg\u0173 s\u0105ra\u0161us. Jio yra \u017eurnalist\u0117, Glamour.com tinklara\u0161\u010diui ra\u0161o apie sveikat\u0105 ir sport\u0105. Jos straipsniai publikuojami tokiuose populiariuose \u017eurnaluose kaip Redbook, The Oprah Magazine, Glamour, SELF, Real Simple, Fitness, Marie Claire ir kituose.","og_url":"https:\/\/skaitytaknyga.lt\/en\/produktas\/sarah-jio-geguzes-puga\/","og_site_name":"Skaitytaknyga","article_publisher":"https:\/\/www.facebook.com\/skaitytaknyga\/","article_modified_time":"2024-05-04T17:56:55+00:00","og_image":[{"width":285,"height":401,"url":"https:\/\/skaitytaknyga.lt\/wp-content\/uploads\/2024\/05\/000000000002156734-59de82f3466bc-asset-knyguklubas-cdb_9789955237587_jio_geguzes-puga_72max_p1.jpg","type":"image\/jpeg"}],"twitter_card":"summary_large_image","twitter_misc":{"Estimated reading time":"1 minute"},"schema":{"@context":"https:\/\/schema.org","@graph":[{"@type":"WebPage","@id":"https:\/\/skaitytaknyga.lt\/produktas\/sarah-jio-geguzes-puga\/","url":"https:\/\/skaitytaknyga.lt\/produktas\/sarah-jio-geguzes-puga\/","name":"Sarah Jio \u201eGegu\u017e\u0117s p\u016bga\u201c - Skaitytaknyga","isPartOf":{"@id":"https:\/\/skaitytaknyga.lt\/#website"},"primaryImageOfPage":{"@id":"https:\/\/skaitytaknyga.lt\/produktas\/sarah-jio-geguzes-puga\/#primaryimage"},"image":{"@id":"https:\/\/skaitytaknyga.lt\/produktas\/sarah-jio-geguzes-puga\/#primaryimage"},"thumbnailUrl":"https:\/\/skaitytaknyga.lt\/wp-content\/uploads\/2024\/05\/000000000002156734-59de82f3466bc-asset-knyguklubas-cdb_9789955237587_jio_geguzes-puga_72max_p1.jpg","datePublished":"2024-05-04T17:55:52+00:00","dateModified":"2024-05-04T17:56:55+00:00","description":"Siatlas, 1933-ieji. Vieni\u0161a motina Vera R\u0117j pabu\u010diuoja savo trej\u0173 metuk\u0173 s\u016bn\u0173 Danieli\u0173, link\u0117dama sald\u017ei\u0173 sapn\u0173, ir i\u0161skuba \u012f naktin\u0119 pamain\u0105 vie\u0161butyje. Ryte, nors tai ir gegu\u017e\u0117s 2-oji, k\u0105sniais drimba sniegas. Vera skuba namo \u017eadinti Danieliaus, ta\u010diau jo lovel\u0117 tu\u0161\u010dia, o gatv\u0117je guli s\u016bnaus me\u0161kiukas... Siatlas, m\u016bs\u0173 laikai, gegu\u017e\u0117s 2-oji. Mieste v\u0117l p\u016bga. Siatlo laikra\u0161\u010dio \u201eHerald\u201c \u017eurnalistei Klerei Oldrid\u017e patik\u0117ta u\u017eduotis parengti straipsn\u012f apie pavasario p\u016bg\u0105. Dom\u0117damasi \u0161ia tema ji 1933 met\u0173 laikra\u0161tyje aptinka Danieliaus dingimo istorij\u0105 \u2013 pasirodo, jos paslaptis taip ir liko neatskleista. Kler\u0117 pasiry\u017eta i\u0161siai\u0161kinti ties\u0105 ir netik\u0117tai su\u017eino, kad pati yra susijusi su Vera... Sarah Jio\u00a0romanai patenka \u012f New York Times perkamiausi\u0173 knyg\u0173 s\u0105ra\u0161us. Jio yra \u017eurnalist\u0117, Glamour.com tinklara\u0161\u010diui ra\u0161o apie sveikat\u0105 ir sport\u0105. Jos straipsniai publikuojami tokiuose populiariuose \u017eurnaluose kaip Redbook, The Oprah Magazine, Glamour, SELF, Real Simple, Fitness, Marie Claire ir kituose.","breadcrumb":{"@id":"https:\/\/skaitytaknyga.lt\/produktas\/sarah-jio-geguzes-puga\/#breadcrumb"},"inLanguage":"en-GB","potentialAction":[{"@type":"ReadAction","target":["https:\/\/skaitytaknyga.lt\/produktas\/sarah-jio-geguzes-puga\/"]}]},{"@type":"ImageObject","inLanguage":"en-GB","@id":"https:\/\/skaitytaknyga.lt\/produktas\/sarah-jio-geguzes-puga\/#primaryimage","url":"https:\/\/skaitytaknyga.lt\/wp-content\/uploads\/2024\/05\/000000000002156734-59de82f3466bc-asset-knyguklubas-cdb_9789955237587_jio_geguzes-puga_72max_p1.jpg","contentUrl":"https:\/\/skaitytaknyga.lt\/wp-content\/uploads\/2024\/05\/000000000002156734-59de82f3466bc-asset-knyguklubas-cdb_9789955237587_jio_geguzes-puga_72max_p1.jpg","width":285,"height":401},{"@type":"BreadcrumbList","@id":"https:\/\/skaitytaknyga.lt\/produktas\/sarah-jio-geguzes-puga\/#breadcrumb","itemListElement":[{"@type":"ListItem","position":1,"name":"Home","item":"https:\/\/skaitytaknyga.lt\/"},{"@type":"ListItem","position":2,"name":"Parduotuv\u0117","item":"https:\/\/skaitytaknyga.lt\/knygu-parduotuve\/"},{"@type":"ListItem","position":3,"name":"Sarah Jio \u201eGegu\u017e\u0117s p\u016bga\u201c"}]},{"@type":"WebSite","@id":"https:\/\/skaitytaknyga.lt\/#website","url":"https:\/\/skaitytaknyga.lt\/","name":"skaitytaknyga.lt","description":"Skaitytaknyga.lt \u2013 tai ma\u017eas \u0161eimos verslas, kuris prasid\u0117jo nuo meil\u0117s knygoms ir siekio i\u0161gelb\u0117ti knygas nuo likimo prie konteinerio. Kas vienam nereikalingas daiktas \u2013 kitam lobis, o mes esame tarpininkai, kurie padeda abiems tapti laimingesniems ???? \u017dinome kaip nelengva i\u0161gyventi ma\u017eiems verslams, tad nuo \u0161iol, \u010dia rasite ir kit\u0173, ma\u017e\u0173 \u0161eim\u0173 versl\u0173, rank\u0173 darbo, dovan\u0173 sau ir artimiesiems.","publisher":{"@id":"https:\/\/skaitytaknyga.lt\/#organization"},"potentialAction":[{"@type":"SearchAction","target":{"@type":"EntryPoint","urlTemplate":"https:\/\/skaitytaknyga.lt\/?s={search_term_string}"},"query-input":{"@type":"PropertyValueSpecification","valueRequired":true,"valueName":"search_term_string"}}],"inLanguage":"en-GB"},{"@type":"Organization","@id":"https:\/\/skaitytaknyga.lt\/#organization","name":"skaitytaknyga.lt","url":"https:\/\/skaitytaknyga.lt\/","logo":{"@type":"ImageObject","inLanguage":"en-GB","@id":"https:\/\/skaitytaknyga.lt\/#\/schema\/logo\/image\/","url":"https:\/\/skaitytaknyga.lt\/wp-content\/uploads\/2024\/05\/cropped-cropped-cropped-02_00843_jt3bggkj1j3HLc7SyY6rEUpg.jpeg","contentUrl":"https:\/\/skaitytaknyga.lt\/wp-content\/uploads\/2024\/05\/cropped-cropped-cropped-02_00843_jt3bggkj1j3HLc7SyY6rEUpg.jpeg","width":1600,"height":1600,"caption":"skaitytaknyga.lt"},"image":{"@id":"https:\/\/skaitytaknyga.lt\/#\/schema\/logo\/image\/"},"sameAs":["https:\/\/www.facebook.com\/skaitytaknyga\/"]}]}},"_links":{"self":[{"href":"https:\/\/skaitytaknyga.lt\/en\/wp-json\/wp\/v2\/product\/9697","targetHints":{"allow":["GET"]}}],"collection":[{"href":"https:\/\/skaitytaknyga.lt\/en\/wp-json\/wp\/v2\/product"}],"about":[{"href":"https:\/\/skaitytaknyga.lt\/en\/wp-json\/wp\/v2\/types\/product"}],"replies":[{"embeddable":true,"href":"https:\/\/skaitytaknyga.lt\/en\/wp-json\/wp\/v2\/comments?post=9697"}],"wp:featuredmedia":[{"embeddable":true,"href":"https:\/\/skaitytaknyga.lt\/en\/wp-json\/wp\/v2\/media\/9741"}],"wp:attachment":[{"href":"https:\/\/skaitytaknyga.lt\/en\/wp-json\/wp\/v2\/media?parent=9697"}],"wp:term":[{"taxonomy":"product_brand","embeddable":true,"href":"https:\/\/skaitytaknyga.lt\/en\/wp-json\/wp\/v2\/product_brand?post=9697"},{"taxonomy":"product_cat","embeddable":true,"href":"https:\/\/skaitytaknyga.lt\/en\/wp-json\/wp\/v2\/product_cat?post=9697"},{"taxonomy":"product_tag","embeddable":true,"href":"https:\/\/skaitytaknyga.lt\/en\/wp-json\/wp\/v2\/product_tag?post=9697"}],"curies":[{"name":"wp","href":"https:\/\/api.w.org\/{rel}","templated":true}]}}