{"id":9696,"date":"2024-05-04T17:55:52","date_gmt":"2024-05-04T17:55:52","guid":{"rendered":"https:\/\/skaitytaknyga.lt\/?post_type=product&#038;p=9696"},"modified":"2026-03-05T16:00:49","modified_gmt":"2026-03-05T14:00:49","slug":"a-marinina-kiekvienas-uz-save","status":"publish","type":"product","link":"https:\/\/skaitytaknyga.lt\/en\/produktas\/a-marinina-kiekvienas-uz-save\/","title":{"rendered":"Kiekvienas u\u017e save"},"content":{"rendered":"<p>Kiekvienas grumiasi u\u017e save, kiekvienas ko nors aps\u0117stas &#8211; kas beproti\u0161kos meil\u0117s, kas neapykantos, trukdan\u010dios ramiai gyventi. Ir visi be galo vieni\u0161i savojo \u201ea\u0161\u201c kiaute.<\/p>\n<p>Ypa\u010d stipriai vienatv\u0119 i\u0161gyvena Veronika, gydytoja, kuri, nepalankiai susiklos\u010dius aplinkyb\u0117ms, tapo didel\u0117s, turtingos, bet ne itin darnios \u0161eimos nam\u0173 darbininke. \u0160iuose namuose kiekvien\u0105 kamuoja begal\u0117 problem\u0173 ir ambicij\u0173, \u010dia nuolat vieni kitais nepatenkinti. Bet argi tik \u0161ioje \u0161eimoje taip yra? Visame margame pasaulyje likimas i\u0161mai\u0161o \u017emoni\u0173 gyvenim\u0105, supainioja jausmus.<\/p>\n<p>Veronikai reikia i\u0161likti \u0161iame \u0161altame ir \u017eiauriame pasaulyje. Kad i\u0161gyventum, privalu be paliovos kam nors pad\u0117ti. O gerumas labai da\u017enai ne\u012fvertinamas.<\/p>\n","protected":false},"excerpt":{"rendered":"<p>Kiekvienas grumiasi u\u017e save, kiekvienas ko nors aps\u0117stas &#8211; kas beproti\u0161kos meil\u0117s, kas neapykantos, trukdan\u010dios ramiai gyventi. Ir visi be galo vieni\u0161i savojo \u201ea\u0161\u201c kiaute.<\/p>\n<p>Ypa\u010d stipriai vienatv\u0119 i\u0161gyvena Veronika, gydytoja, kuri, nepalankiai susiklos\u010dius aplinkyb\u0117ms, tapo didel\u0117s, turtingos, bet ne itin darnios \u0161eimos nam\u0173 darbininke. \u0160iuose namuose kiekvien\u0105 kamuoja begal\u0117 problem\u0173 ir ambicij\u0173, \u010dia nuolat vieni kitais nepatenkinti. Bet argi tik \u0161ioje \u0161eimoje taip yra? Visame margame pasaulyje likimas i\u0161mai\u0161o \u017emoni\u0173 gyvenim\u0105, supainioja jausmus.<\/p>\n<p>Veronikai reikia i\u0161likti \u0161iame \u0161altame ir \u017eiauriame pasaulyje. Kad i\u0161gyventum, privalu be paliovos kam nors pad\u0117ti. O gerumas labai da\u017enai ne\u012fvertinamas.<\/p>\n","protected":false},"featured_media":9740,"comment_status":"closed","ping_status":"closed","template":"","meta":{"_acf_changed":false,"site-sidebar-layout":"default","site-content-layout":"","ast-site-content-layout":"default","site-content-style":"default","site-sidebar-style":"default","ast-global-header-display":"","ast-banner-title-visibility":"","ast-main-header-display":"","ast-hfb-above-header-display":"","ast-hfb-below-header-display":"","ast-hfb-mobile-header-display":"","site-post-title":"","ast-breadcrumbs-content":"","ast-featured-img":"","footer-sml-layout":"","ast-disable-related-posts":"","theme-transparent-header-meta":"","adv-header-id-meta":"","stick-header-meta":"","header-above-stick-meta":"","header-main-stick-meta":"","header-below-stick-meta":"","astra-migrate-meta-layouts":"default","ast-page-background-enabled":"default","ast-page-background-meta":{"desktop":{"background-color":"","background-image":"","background-repeat":"repeat","background-position":"center center","background-size":"auto","background-attachment":"scroll","background-type":"","background-media":"","overlay-type":"","overlay-color":"","overlay-opacity":"","overlay-gradient":""},"tablet":{"background-color":"","background-image":"","background-repeat":"repeat","background-position":"center center","background-size":"auto","background-attachment":"scroll","background-type":"","background-media":"","overlay-type":"","overlay-color":"","overlay-opacity":"","overlay-gradient":""},"mobile":{"background-color":"","background-image":"","background-repeat":"repeat","background-position":"center center","background-size":"auto","background-attachment":"scroll","background-type":"","background-media":"","overlay-type":"","overlay-color":"","overlay-opacity":"","overlay-gradient":""}},"ast-content-background-meta":{"desktop":{"background-color":"var(--ast-global-color-4)","background-image":"","background-repeat":"repeat","background-position":"center center","background-size":"auto","background-attachment":"scroll","background-type":"","background-media":"","overlay-type":"","overlay-color":"","overlay-opacity":"","overlay-gradient":""},"tablet":{"background-color":"var(--ast-global-color-4)","background-image":"","background-repeat":"repeat","background-position":"center center","background-size":"auto","background-attachment":"scroll","background-type":"","background-media":"","overlay-type":"","overlay-color":"","overlay-opacity":"","overlay-gradient":""},"mobile":{"background-color":"var(--ast-global-color-4)","background-image":"","background-repeat":"repeat","background-position":"center center","background-size":"auto","background-attachment":"scroll","background-type":"","background-media":"","overlay-type":"","overlay-color":"","overlay-opacity":"","overlay-gradient":""}}},"product_brand":[],"product_cat":[9581],"product_tag":[3174,2971,3065,1796,3206,1646,3240,3241],"class_list":{"0":"post-9696","1":"product","2":"type-product","3":"status-publish","4":"has-post-thumbnail","6":"product_cat-kriminaliniai-romanai","7":"product_tag-aleksandra-marinina","8":"product_tag-gyvenimas","9":"product_tag-likimas","10":"product_tag-meile","11":"product_tag-neapykanta","12":"product_tag-seima","13":"product_tag-vienas-uz-save","14":"product_tag-vienatve","15":"desktop-align-left","16":"tablet-align-left","17":"mobile-align-left","19":"first","20":"outofstock","21":"shipping-taxable","22":"purchasable","23":"product-type-simple"},"acf":[],"yoast_head":"<!-- This site is optimized with the Yoast SEO plugin v27.0 - https:\/\/yoast.com\/product\/yoast-seo-wordpress\/ -->\n<title>Kiekvienas u\u017e save<\/title>\n<meta name=\"description\" content=\"Kiekvienas grumiasi u\u017e save, kiekvienas ko nors aps\u0117stas - kas beproti\u0161kos meil\u0117s, kas neapykantos, trukdan\u010dios ramiai gyventi. Ir visi be galo vieni\u0161i savojo \u201ea\u0161\u201c kiaute.Ypa\u010d stipriai vienatv\u0119 i\u0161gyvena Veronika, gydytoja, kuri, nepalankiai susiklos\u010dius aplinkyb\u0117ms, tapo didel\u0117s, turtingos, bet ne itin darnios \u0161eimos nam\u0173 darbininke. \u0160iuose namuose kiekvien\u0105 kamuoja begal\u0117 problem\u0173 ir ambicij\u0173, \u010dia nuolat vieni kitais nepatenkinti. Bet argi tik \u0161ioje \u0161eimoje taip yra? Visame margame pasaulyje likimas i\u0161mai\u0161o \u017emoni\u0173 gyvenim\u0105, supainioja jausmus.Veronikai reikia i\u0161likti \u0161iame \u0161altame ir \u017eiauriame pasaulyje. Kad i\u0161gyventum, privalu be paliovos kam nors pad\u0117ti. O gerumas labai da\u017enai ne\u012fvertinamas.\" \/>\n<meta name=\"robots\" content=\"index, follow, max-snippet:-1, max-image-preview:large, max-video-preview:-1\" \/>\n<link rel=\"canonical\" href=\"https:\/\/skaitytaknyga.lt\/en\/produktas\/a-marinina-kiekvienas-uz-save\/\" \/>\n<meta property=\"og:locale\" content=\"en_GB\" \/>\n<meta property=\"og:locale:alternate\" content=\"lt_LT\" \/>\n<meta property=\"og:type\" content=\"article\" \/>\n<meta property=\"og:title\" content=\"Kiekvienas u\u017e save\" \/>\n<meta property=\"og:description\" content=\"Kiekvienas grumiasi u\u017e save, kiekvienas ko nors aps\u0117stas - kas beproti\u0161kos meil\u0117s, kas neapykantos, trukdan\u010dios ramiai gyventi. Ir visi be galo vieni\u0161i savojo \u201ea\u0161\u201c kiaute.Ypa\u010d stipriai vienatv\u0119 i\u0161gyvena Veronika, gydytoja, kuri, nepalankiai susiklos\u010dius aplinkyb\u0117ms, tapo didel\u0117s, turtingos, bet ne itin darnios \u0161eimos nam\u0173 darbininke. \u0160iuose namuose kiekvien\u0105 kamuoja begal\u0117 problem\u0173 ir ambicij\u0173, \u010dia nuolat vieni kitais nepatenkinti. Bet argi tik \u0161ioje \u0161eimoje taip yra? Visame margame pasaulyje likimas i\u0161mai\u0161o \u017emoni\u0173 gyvenim\u0105, supainioja jausmus.Veronikai reikia i\u0161likti \u0161iame \u0161altame ir \u017eiauriame pasaulyje. Kad i\u0161gyventum, privalu be paliovos kam nors pad\u0117ti. O gerumas labai da\u017enai ne\u012fvertinamas.\" \/>\n<meta property=\"og:url\" content=\"https:\/\/skaitytaknyga.lt\/en\/produktas\/a-marinina-kiekvienas-uz-save\/\" \/>\n<meta property=\"og:site_name\" content=\"Skaitytaknyga\" \/>\n<meta property=\"article:publisher\" content=\"https:\/\/www.facebook.com\/skaitytaknyga\/\" \/>\n<meta property=\"article:modified_time\" content=\"2026-03-05T14:00:49+00:00\" \/>\n<meta property=\"og:image\" content=\"https:\/\/skaitytaknyga.lt\/wp-content\/uploads\/2024\/05\/1462879346_img0017.jpg\" \/>\n\t<meta property=\"og:image:width\" content=\"264\" \/>\n\t<meta property=\"og:image:height\" content=\"430\" \/>\n\t<meta property=\"og:image:type\" content=\"image\/jpeg\" \/>\n<meta name=\"twitter:card\" content=\"summary_large_image\" \/>\n<meta name=\"twitter:label1\" content=\"Estimated reading time\" \/>\n\t<meta name=\"twitter:data1\" content=\"1 minute\" \/>\n<script type=\"application\/ld+json\" class=\"yoast-schema-graph\">{\"@context\":\"https:\/\/schema.org\",\"@graph\":[{\"@type\":\"WebPage\",\"@id\":\"https:\/\/skaitytaknyga.lt\/produktas\/a-marinina-kiekvienas-uz-save\/\",\"url\":\"https:\/\/skaitytaknyga.lt\/produktas\/a-marinina-kiekvienas-uz-save\/\",\"name\":\"Kiekvienas u\u017e save\",\"isPartOf\":{\"@id\":\"https:\/\/skaitytaknyga.lt\/#website\"},\"primaryImageOfPage\":{\"@id\":\"https:\/\/skaitytaknyga.lt\/produktas\/a-marinina-kiekvienas-uz-save\/#primaryimage\"},\"image\":{\"@id\":\"https:\/\/skaitytaknyga.lt\/produktas\/a-marinina-kiekvienas-uz-save\/#primaryimage\"},\"thumbnailUrl\":\"https:\/\/skaitytaknyga.lt\/wp-content\/uploads\/2024\/05\/1462879346_img0017.jpg\",\"datePublished\":\"2024-05-04T17:55:52+00:00\",\"dateModified\":\"2026-03-05T14:00:49+00:00\",\"description\":\"Kiekvienas grumiasi u\u017e save, kiekvienas ko nors aps\u0117stas - kas beproti\u0161kos meil\u0117s, kas neapykantos, trukdan\u010dios ramiai gyventi. Ir visi be galo vieni\u0161i savojo \u201ea\u0161\u201c kiaute.Ypa\u010d stipriai vienatv\u0119 i\u0161gyvena Veronika, gydytoja, kuri, nepalankiai susiklos\u010dius aplinkyb\u0117ms, tapo didel\u0117s, turtingos, bet ne itin darnios \u0161eimos nam\u0173 darbininke. \u0160iuose namuose kiekvien\u0105 kamuoja begal\u0117 problem\u0173 ir ambicij\u0173, \u010dia nuolat vieni kitais nepatenkinti. Bet argi tik \u0161ioje \u0161eimoje taip yra? Visame margame pasaulyje likimas i\u0161mai\u0161o \u017emoni\u0173 gyvenim\u0105, supainioja jausmus.Veronikai reikia i\u0161likti \u0161iame \u0161altame ir \u017eiauriame pasaulyje. Kad i\u0161gyventum, privalu be paliovos kam nors pad\u0117ti. O gerumas labai da\u017enai ne\u012fvertinamas.\",\"breadcrumb\":{\"@id\":\"https:\/\/skaitytaknyga.lt\/produktas\/a-marinina-kiekvienas-uz-save\/#breadcrumb\"},\"inLanguage\":\"en-GB\",\"potentialAction\":[{\"@type\":\"ReadAction\",\"target\":[\"https:\/\/skaitytaknyga.lt\/produktas\/a-marinina-kiekvienas-uz-save\/\"]}]},{\"@type\":\"ImageObject\",\"inLanguage\":\"en-GB\",\"@id\":\"https:\/\/skaitytaknyga.lt\/produktas\/a-marinina-kiekvienas-uz-save\/#primaryimage\",\"url\":\"https:\/\/skaitytaknyga.lt\/wp-content\/uploads\/2024\/05\/1462879346_img0017.jpg\",\"contentUrl\":\"https:\/\/skaitytaknyga.lt\/wp-content\/uploads\/2024\/05\/1462879346_img0017.jpg\",\"width\":264,\"height\":430},{\"@type\":\"BreadcrumbList\",\"@id\":\"https:\/\/skaitytaknyga.lt\/produktas\/a-marinina-kiekvienas-uz-save\/#breadcrumb\",\"itemListElement\":[{\"@type\":\"ListItem\",\"position\":1,\"name\":\"Home\",\"item\":\"https:\/\/skaitytaknyga.lt\/\"},{\"@type\":\"ListItem\",\"position\":2,\"name\":\"Parduotuv\u0117\",\"item\":\"https:\/\/skaitytaknyga.lt\/knygu-parduotuve\/\"},{\"@type\":\"ListItem\",\"position\":3,\"name\":\"Kiekvienas u\u017e save\"}]},{\"@type\":\"WebSite\",\"@id\":\"https:\/\/skaitytaknyga.lt\/#website\",\"url\":\"https:\/\/skaitytaknyga.lt\/\",\"name\":\"skaitytaknyga.lt\",\"description\":\"Skaitytaknyga.lt \u2013 tai ma\u017eas \u0161eimos verslas, kuris prasid\u0117jo nuo meil\u0117s knygoms ir siekio i\u0161gelb\u0117ti knygas nuo likimo prie konteinerio. Kas vienam nereikalingas daiktas \u2013 kitam lobis, o mes esame tarpininkai, kurie padeda abiems tapti laimingesniems ???? \u017dinome kaip nelengva i\u0161gyventi ma\u017eiems verslams, tad nuo \u0161iol, \u010dia rasite ir kit\u0173, ma\u017e\u0173 \u0161eim\u0173 versl\u0173, rank\u0173 darbo, dovan\u0173 sau ir artimiesiems.\",\"publisher\":{\"@id\":\"https:\/\/skaitytaknyga.lt\/#organization\"},\"potentialAction\":[{\"@type\":\"SearchAction\",\"target\":{\"@type\":\"EntryPoint\",\"urlTemplate\":\"https:\/\/skaitytaknyga.lt\/?s={search_term_string}\"},\"query-input\":{\"@type\":\"PropertyValueSpecification\",\"valueRequired\":true,\"valueName\":\"search_term_string\"}}],\"inLanguage\":\"en-GB\"},{\"@type\":\"Organization\",\"@id\":\"https:\/\/skaitytaknyga.lt\/#organization\",\"name\":\"skaitytaknyga.lt\",\"url\":\"https:\/\/skaitytaknyga.lt\/\",\"logo\":{\"@type\":\"ImageObject\",\"inLanguage\":\"en-GB\",\"@id\":\"https:\/\/skaitytaknyga.lt\/#\/schema\/logo\/image\/\",\"url\":\"https:\/\/skaitytaknyga.lt\/wp-content\/uploads\/2024\/05\/cropped-cropped-cropped-02_00843_jt3bggkj1j3HLc7SyY6rEUpg.jpeg\",\"contentUrl\":\"https:\/\/skaitytaknyga.lt\/wp-content\/uploads\/2024\/05\/cropped-cropped-cropped-02_00843_jt3bggkj1j3HLc7SyY6rEUpg.jpeg\",\"width\":1600,\"height\":1600,\"caption\":\"skaitytaknyga.lt\"},\"image\":{\"@id\":\"https:\/\/skaitytaknyga.lt\/#\/schema\/logo\/image\/\"},\"sameAs\":[\"https:\/\/www.facebook.com\/skaitytaknyga\/\"]}]}<\/script>\n<!-- \/ Yoast SEO plugin. -->","yoast_head_json":{"title":"Kiekvienas u\u017e save","description":"Kiekvienas grumiasi u\u017e save, kiekvienas ko nors aps\u0117stas - kas beproti\u0161kos meil\u0117s, kas neapykantos, trukdan\u010dios ramiai gyventi. Ir visi be galo vieni\u0161i savojo \u201ea\u0161\u201c kiaute.Ypa\u010d stipriai vienatv\u0119 i\u0161gyvena Veronika, gydytoja, kuri, nepalankiai susiklos\u010dius aplinkyb\u0117ms, tapo didel\u0117s, turtingos, bet ne itin darnios \u0161eimos nam\u0173 darbininke. \u0160iuose namuose kiekvien\u0105 kamuoja begal\u0117 problem\u0173 ir ambicij\u0173, \u010dia nuolat vieni kitais nepatenkinti. Bet argi tik \u0161ioje \u0161eimoje taip yra? Visame margame pasaulyje likimas i\u0161mai\u0161o \u017emoni\u0173 gyvenim\u0105, supainioja jausmus.Veronikai reikia i\u0161likti \u0161iame \u0161altame ir \u017eiauriame pasaulyje. Kad i\u0161gyventum, privalu be paliovos kam nors pad\u0117ti. O gerumas labai da\u017enai ne\u012fvertinamas.","robots":{"index":"index","follow":"follow","max-snippet":"max-snippet:-1","max-image-preview":"max-image-preview:large","max-video-preview":"max-video-preview:-1"},"canonical":"https:\/\/skaitytaknyga.lt\/en\/produktas\/a-marinina-kiekvienas-uz-save\/","og_locale":"en_GB","og_type":"article","og_title":"[:lt]Kiekvienas u\u017e save[:] - Skaitytaknyga","og_description":"Kiekvienas grumiasi u\u017e save, kiekvienas ko nors aps\u0117stas - kas beproti\u0161kos meil\u0117s, kas neapykantos, trukdan\u010dios ramiai gyventi. Ir visi be galo vieni\u0161i savojo \u201ea\u0161\u201c kiaute.Ypa\u010d stipriai vienatv\u0119 i\u0161gyvena Veronika, gydytoja, kuri, nepalankiai susiklos\u010dius aplinkyb\u0117ms, tapo didel\u0117s, turtingos, bet ne itin darnios \u0161eimos nam\u0173 darbininke. \u0160iuose namuose kiekvien\u0105 kamuoja begal\u0117 problem\u0173 ir ambicij\u0173, \u010dia nuolat vieni kitais nepatenkinti. Bet argi tik \u0161ioje \u0161eimoje taip yra? Visame margame pasaulyje likimas i\u0161mai\u0161o \u017emoni\u0173 gyvenim\u0105, supainioja jausmus.Veronikai reikia i\u0161likti \u0161iame \u0161altame ir \u017eiauriame pasaulyje. Kad i\u0161gyventum, privalu be paliovos kam nors pad\u0117ti. O gerumas labai da\u017enai ne\u012fvertinamas.","og_url":"https:\/\/skaitytaknyga.lt\/en\/produktas\/a-marinina-kiekvienas-uz-save\/","og_site_name":"Skaitytaknyga","article_publisher":"https:\/\/www.facebook.com\/skaitytaknyga\/","article_modified_time":"2026-03-05T14:00:49+00:00","og_image":[{"width":264,"height":430,"url":"https:\/\/skaitytaknyga.lt\/wp-content\/uploads\/2024\/05\/1462879346_img0017.jpg","type":"image\/jpeg"}],"twitter_card":"summary_large_image","twitter_misc":{"Estimated reading time":"1 minute"},"schema":{"@context":"https:\/\/schema.org","@graph":[{"@type":"WebPage","@id":"https:\/\/skaitytaknyga.lt\/produktas\/a-marinina-kiekvienas-uz-save\/","url":"https:\/\/skaitytaknyga.lt\/produktas\/a-marinina-kiekvienas-uz-save\/","name":"Kiekvienas u\u017e save","isPartOf":{"@id":"https:\/\/skaitytaknyga.lt\/#website"},"primaryImageOfPage":{"@id":"https:\/\/skaitytaknyga.lt\/produktas\/a-marinina-kiekvienas-uz-save\/#primaryimage"},"image":{"@id":"https:\/\/skaitytaknyga.lt\/produktas\/a-marinina-kiekvienas-uz-save\/#primaryimage"},"thumbnailUrl":"https:\/\/skaitytaknyga.lt\/wp-content\/uploads\/2024\/05\/1462879346_img0017.jpg","datePublished":"2024-05-04T17:55:52+00:00","dateModified":"2026-03-05T14:00:49+00:00","description":"Kiekvienas grumiasi u\u017e save, kiekvienas ko nors aps\u0117stas - kas beproti\u0161kos meil\u0117s, kas neapykantos, trukdan\u010dios ramiai gyventi. Ir visi be galo vieni\u0161i savojo \u201ea\u0161\u201c kiaute.Ypa\u010d stipriai vienatv\u0119 i\u0161gyvena Veronika, gydytoja, kuri, nepalankiai susiklos\u010dius aplinkyb\u0117ms, tapo didel\u0117s, turtingos, bet ne itin darnios \u0161eimos nam\u0173 darbininke. \u0160iuose namuose kiekvien\u0105 kamuoja begal\u0117 problem\u0173 ir ambicij\u0173, \u010dia nuolat vieni kitais nepatenkinti. Bet argi tik \u0161ioje \u0161eimoje taip yra? Visame margame pasaulyje likimas i\u0161mai\u0161o \u017emoni\u0173 gyvenim\u0105, supainioja jausmus.Veronikai reikia i\u0161likti \u0161iame \u0161altame ir \u017eiauriame pasaulyje. Kad i\u0161gyventum, privalu be paliovos kam nors pad\u0117ti. O gerumas labai da\u017enai ne\u012fvertinamas.","breadcrumb":{"@id":"https:\/\/skaitytaknyga.lt\/produktas\/a-marinina-kiekvienas-uz-save\/#breadcrumb"},"inLanguage":"en-GB","potentialAction":[{"@type":"ReadAction","target":["https:\/\/skaitytaknyga.lt\/produktas\/a-marinina-kiekvienas-uz-save\/"]}]},{"@type":"ImageObject","inLanguage":"en-GB","@id":"https:\/\/skaitytaknyga.lt\/produktas\/a-marinina-kiekvienas-uz-save\/#primaryimage","url":"https:\/\/skaitytaknyga.lt\/wp-content\/uploads\/2024\/05\/1462879346_img0017.jpg","contentUrl":"https:\/\/skaitytaknyga.lt\/wp-content\/uploads\/2024\/05\/1462879346_img0017.jpg","width":264,"height":430},{"@type":"BreadcrumbList","@id":"https:\/\/skaitytaknyga.lt\/produktas\/a-marinina-kiekvienas-uz-save\/#breadcrumb","itemListElement":[{"@type":"ListItem","position":1,"name":"Home","item":"https:\/\/skaitytaknyga.lt\/"},{"@type":"ListItem","position":2,"name":"Parduotuv\u0117","item":"https:\/\/skaitytaknyga.lt\/knygu-parduotuve\/"},{"@type":"ListItem","position":3,"name":"Kiekvienas u\u017e save"}]},{"@type":"WebSite","@id":"https:\/\/skaitytaknyga.lt\/#website","url":"https:\/\/skaitytaknyga.lt\/","name":"skaitytaknyga.lt","description":"Skaitytaknyga.lt \u2013 tai ma\u017eas \u0161eimos verslas, kuris prasid\u0117jo nuo meil\u0117s knygoms ir siekio i\u0161gelb\u0117ti knygas nuo likimo prie konteinerio. Kas vienam nereikalingas daiktas \u2013 kitam lobis, o mes esame tarpininkai, kurie padeda abiems tapti laimingesniems ???? \u017dinome kaip nelengva i\u0161gyventi ma\u017eiems verslams, tad nuo \u0161iol, \u010dia rasite ir kit\u0173, ma\u017e\u0173 \u0161eim\u0173 versl\u0173, rank\u0173 darbo, dovan\u0173 sau ir artimiesiems.","publisher":{"@id":"https:\/\/skaitytaknyga.lt\/#organization"},"potentialAction":[{"@type":"SearchAction","target":{"@type":"EntryPoint","urlTemplate":"https:\/\/skaitytaknyga.lt\/?s={search_term_string}"},"query-input":{"@type":"PropertyValueSpecification","valueRequired":true,"valueName":"search_term_string"}}],"inLanguage":"en-GB"},{"@type":"Organization","@id":"https:\/\/skaitytaknyga.lt\/#organization","name":"skaitytaknyga.lt","url":"https:\/\/skaitytaknyga.lt\/","logo":{"@type":"ImageObject","inLanguage":"en-GB","@id":"https:\/\/skaitytaknyga.lt\/#\/schema\/logo\/image\/","url":"https:\/\/skaitytaknyga.lt\/wp-content\/uploads\/2024\/05\/cropped-cropped-cropped-02_00843_jt3bggkj1j3HLc7SyY6rEUpg.jpeg","contentUrl":"https:\/\/skaitytaknyga.lt\/wp-content\/uploads\/2024\/05\/cropped-cropped-cropped-02_00843_jt3bggkj1j3HLc7SyY6rEUpg.jpeg","width":1600,"height":1600,"caption":"skaitytaknyga.lt"},"image":{"@id":"https:\/\/skaitytaknyga.lt\/#\/schema\/logo\/image\/"},"sameAs":["https:\/\/www.facebook.com\/skaitytaknyga\/"]}]}},"_links":{"self":[{"href":"https:\/\/skaitytaknyga.lt\/en\/wp-json\/wp\/v2\/product\/9696","targetHints":{"allow":["GET"]}}],"collection":[{"href":"https:\/\/skaitytaknyga.lt\/en\/wp-json\/wp\/v2\/product"}],"about":[{"href":"https:\/\/skaitytaknyga.lt\/en\/wp-json\/wp\/v2\/types\/product"}],"replies":[{"embeddable":true,"href":"https:\/\/skaitytaknyga.lt\/en\/wp-json\/wp\/v2\/comments?post=9696"}],"wp:featuredmedia":[{"embeddable":true,"href":"https:\/\/skaitytaknyga.lt\/en\/wp-json\/wp\/v2\/media\/9740"}],"wp:attachment":[{"href":"https:\/\/skaitytaknyga.lt\/en\/wp-json\/wp\/v2\/media?parent=9696"}],"wp:term":[{"taxonomy":"product_brand","embeddable":true,"href":"https:\/\/skaitytaknyga.lt\/en\/wp-json\/wp\/v2\/product_brand?post=9696"},{"taxonomy":"product_cat","embeddable":true,"href":"https:\/\/skaitytaknyga.lt\/en\/wp-json\/wp\/v2\/product_cat?post=9696"},{"taxonomy":"product_tag","embeddable":true,"href":"https:\/\/skaitytaknyga.lt\/en\/wp-json\/wp\/v2\/product_tag?post=9696"}],"curies":[{"name":"wp","href":"https:\/\/api.w.org\/{rel}","templated":true}]}}