{"id":9689,"date":"2024-05-04T17:55:28","date_gmt":"2024-05-04T17:55:28","guid":{"rendered":"https:\/\/skaitytaknyga.lt\/?post_type=product&#038;p=9689"},"modified":"2026-03-05T16:00:50","modified_gmt":"2026-03-05T14:00:50","slug":"a-marinina-triju-ne-desnis","status":"publish","type":"product","link":"https:\/\/skaitytaknyga.lt\/en\/produktas\/a-marinina-triju-ne-desnis\/","title":{"rendered":"Trij\u0173 Ne d\u0117snis"},"content":{"rendered":"<p>Nastiai Kamenskajai nepasisek\u0117 \u2013 ji pateko \u012f avarij\u0105. Greitai j\u0105 i\u0161ra\u0161ys i\u0161 ligonin\u0117s, bet sulau\u017eyt\u0105 koj\u0105 vis dar taip skauda, kad moteris beveik nepaeina. Tada ji nusprend\u017eia kreiptis \u012f specialist\u0119, gydan\u010di\u0105 netradiciniais metodais.<\/p>\n<p>Ta\u010diau kai Nastia jai paskambina, paai\u0161k\u0117ja, kad toji specialist\u0117 nu\u017eudyta. O \u010dia dar vienas nemalonumas \u2013 i\u0161\u0117jusi i\u0161 ligonin\u0117s, Nastia neturi kur gyventi \u2013 jos butas u\u017eimtas netik\u0117tai u\u017egriuvusi\u0173 giminai\u010di\u0173. Taip Kamenskaja atsiduria buvusio bendradarbio vasarviet\u0117je. Ten ji toliau gydosi ir su j\u0105 lankan\u010diais kolegomis sprend\u017eia garsios \u017emog\u017eudyst\u0117s byl\u0105. Kart\u0105 likusi vasarnamyje viena, pastebi, kad j\u0105 ka\u017ekas seka..<\/p>\n","protected":false},"excerpt":{"rendered":"<p>Nastiai Kamenskajai nepasisek\u0117 \u2013 ji pateko \u012f avarij\u0105. Greitai j\u0105 i\u0161ra\u0161ys i\u0161 ligonin\u0117s, bet sulau\u017eyt\u0105 koj\u0105 vis dar taip skauda, kad moteris beveik nepaeina. Tada ji nusprend\u017eia kreiptis \u012f specialist\u0119, gydan\u010di\u0105 netradiciniais metodais.<\/p>\n<p>Ta\u010diau kai Nastia jai paskambina, paai\u0161k\u0117ja, kad toji specialist\u0117 nu\u017eudyta. O \u010dia dar vienas nemalonumas \u2013 i\u0161\u0117jusi i\u0161 ligonin\u0117s, Nastia neturi kur gyventi \u2013 jos butas u\u017eimtas netik\u0117tai u\u017egriuvusi\u0173 giminai\u010di\u0173. Taip Kamenskaja atsiduria buvusio bendradarbio vasarviet\u0117je. Ten ji toliau gydosi ir su j\u0105 lankan\u010diais kolegomis sprend\u017eia garsios \u017emog\u017eudyst\u0117s byl\u0105. Kart\u0105 likusi vasarnamyje viena, pastebi, kad j\u0105 ka\u017ekas seka..<\/p>\n","protected":false},"featured_media":9739,"comment_status":"closed","ping_status":"closed","template":"","meta":{"_acf_changed":false,"site-sidebar-layout":"default","site-content-layout":"","ast-site-content-layout":"default","site-content-style":"default","site-sidebar-style":"default","ast-global-header-display":"","ast-banner-title-visibility":"","ast-main-header-display":"","ast-hfb-above-header-display":"","ast-hfb-below-header-display":"","ast-hfb-mobile-header-display":"","site-post-title":"","ast-breadcrumbs-content":"","ast-featured-img":"","footer-sml-layout":"","ast-disable-related-posts":"","theme-transparent-header-meta":"","adv-header-id-meta":"","stick-header-meta":"","header-above-stick-meta":"","header-main-stick-meta":"","header-below-stick-meta":"","astra-migrate-meta-layouts":"default","ast-page-background-enabled":"default","ast-page-background-meta":{"desktop":{"background-color":"","background-image":"","background-repeat":"repeat","background-position":"center center","background-size":"auto","background-attachment":"scroll","background-type":"","background-media":"","overlay-type":"","overlay-color":"","overlay-opacity":"","overlay-gradient":""},"tablet":{"background-color":"","background-image":"","background-repeat":"repeat","background-position":"center center","background-size":"auto","background-attachment":"scroll","background-type":"","background-media":"","overlay-type":"","overlay-color":"","overlay-opacity":"","overlay-gradient":""},"mobile":{"background-color":"","background-image":"","background-repeat":"repeat","background-position":"center center","background-size":"auto","background-attachment":"scroll","background-type":"","background-media":"","overlay-type":"","overlay-color":"","overlay-opacity":"","overlay-gradient":""}},"ast-content-background-meta":{"desktop":{"background-color":"var(--ast-global-color-4)","background-image":"","background-repeat":"repeat","background-position":"center center","background-size":"auto","background-attachment":"scroll","background-type":"","background-media":"","overlay-type":"","overlay-color":"","overlay-opacity":"","overlay-gradient":""},"tablet":{"background-color":"var(--ast-global-color-4)","background-image":"","background-repeat":"repeat","background-position":"center center","background-size":"auto","background-attachment":"scroll","background-type":"","background-media":"","overlay-type":"","overlay-color":"","overlay-opacity":"","overlay-gradient":""},"mobile":{"background-color":"var(--ast-global-color-4)","background-image":"","background-repeat":"repeat","background-position":"center center","background-size":"auto","background-attachment":"scroll","background-type":"","background-media":"","overlay-type":"","overlay-color":"","overlay-opacity":"","overlay-gradient":""}}},"product_brand":[],"product_cat":[9581],"product_tag":[3174,3236,3238,1700,3239,3237,3235,2157,1772],"class_list":{"0":"post-9689","1":"product","2":"type-product","3":"status-publish","4":"has-post-thumbnail","6":"product_cat-kriminaliniai-romanai","7":"product_tag-aleksandra-marinina","8":"product_tag-avarija","9":"product_tag-butas","10":"product_tag-gydymas","11":"product_tag-sekimas","12":"product_tag-specialiste","13":"product_tag-triju-ne-desnis","14":"product_tag-vasarnamis","15":"product_tag-zmogzudyste","16":"desktop-align-left","17":"tablet-align-left","18":"mobile-align-left","20":"first","21":"outofstock","22":"shipping-taxable","23":"purchasable","24":"product-type-simple"},"acf":[],"yoast_head":"<!-- This site is optimized with the Yoast SEO plugin v27.4 - https:\/\/yoast.com\/product\/yoast-seo-wordpress\/ -->\n<title>Trij\u0173 Ne d\u0117snis<\/title>\n<meta name=\"description\" content=\"Nastiai Kamenskajai nepasisek\u0117 \u2013 ji pateko \u012f avarij\u0105. Greitai j\u0105 i\u0161ra\u0161ys i\u0161 ligonin\u0117s, bet sulau\u017eyt\u0105 koj\u0105 vis dar taip skauda, kad moteris beveik nepaeina. Tada ji nusprend\u017eia kreiptis \u012f specialist\u0119, gydan\u010di\u0105 netradiciniais metodais.  Ta\u010diau kai Nastia jai paskambina, paai\u0161k\u0117ja, kad toji specialist\u0117 nu\u017eudyta. O \u010dia dar vienas nemalonumas \u2013 i\u0161\u0117jusi i\u0161 ligonin\u0117s, Nastia neturi kur gyventi \u2013 jos butas u\u017eimtas netik\u0117tai u\u017egriuvusi\u0173 giminai\u010di\u0173. Taip Kamenskaja atsiduria buvusio bendradarbio vasarviet\u0117je. Ten ji toliau gydosi ir su j\u0105 lankan\u010diais kolegomis sprend\u017eia garsios \u017emog\u017eudyst\u0117s byl\u0105. Kart\u0105 likusi vasarnamyje viena, pastebi, kad j\u0105 ka\u017ekas seka..\" \/>\n<meta name=\"robots\" content=\"index, follow, max-snippet:-1, max-image-preview:large, max-video-preview:-1\" \/>\n<link rel=\"canonical\" href=\"https:\/\/skaitytaknyga.lt\/en\/produktas\/a-marinina-triju-ne-desnis\/\" \/>\n<meta property=\"og:locale\" content=\"en_GB\" \/>\n<meta property=\"og:locale:alternate\" content=\"lt_LT\" \/>\n<meta property=\"og:type\" content=\"article\" \/>\n<meta property=\"og:title\" content=\"Trij\u0173 Ne d\u0117snis\" \/>\n<meta property=\"og:description\" content=\"Nastiai Kamenskajai nepasisek\u0117 \u2013 ji pateko \u012f avarij\u0105. Greitai j\u0105 i\u0161ra\u0161ys i\u0161 ligonin\u0117s, bet sulau\u017eyt\u0105 koj\u0105 vis dar taip skauda, kad moteris beveik nepaeina. Tada ji nusprend\u017eia kreiptis \u012f specialist\u0119, gydan\u010di\u0105 netradiciniais metodais.  Ta\u010diau kai Nastia jai paskambina, paai\u0161k\u0117ja, kad toji specialist\u0117 nu\u017eudyta. O \u010dia dar vienas nemalonumas \u2013 i\u0161\u0117jusi i\u0161 ligonin\u0117s, Nastia neturi kur gyventi \u2013 jos butas u\u017eimtas netik\u0117tai u\u017egriuvusi\u0173 giminai\u010di\u0173. Taip Kamenskaja atsiduria buvusio bendradarbio vasarviet\u0117je. Ten ji toliau gydosi ir su j\u0105 lankan\u010diais kolegomis sprend\u017eia garsios \u017emog\u017eudyst\u0117s byl\u0105. Kart\u0105 likusi vasarnamyje viena, pastebi, kad j\u0105 ka\u017ekas seka..\" \/>\n<meta property=\"og:url\" content=\"https:\/\/skaitytaknyga.lt\/en\/produktas\/a-marinina-triju-ne-desnis\/\" \/>\n<meta property=\"og:site_name\" content=\"Skaitytaknyga\" \/>\n<meta property=\"article:publisher\" content=\"https:\/\/www.facebook.com\/skaitytaknyga\/\" \/>\n<meta property=\"article:modified_time\" content=\"2026-03-05T14:00:50+00:00\" \/>\n<meta property=\"og:image\" content=\"https:\/\/skaitytaknyga.lt\/wp-content\/uploads\/2024\/05\/1462879342_img0013.jpg\" \/>\n\t<meta property=\"og:image:width\" content=\"268\" \/>\n\t<meta property=\"og:image:height\" content=\"430\" \/>\n\t<meta property=\"og:image:type\" content=\"image\/jpeg\" \/>\n<meta name=\"twitter:card\" content=\"summary_large_image\" \/>\n<meta name=\"twitter:label1\" content=\"Estimated reading time\" \/>\n\t<meta name=\"twitter:data1\" content=\"1 minute\" \/>\n<script type=\"application\/ld+json\" class=\"yoast-schema-graph\">{\"@context\":\"https:\\\/\\\/schema.org\",\"@graph\":[{\"@type\":\"WebPage\",\"@id\":\"https:\\\/\\\/skaitytaknyga.lt\\\/produktas\\\/a-marinina-triju-ne-desnis\\\/\",\"url\":\"https:\\\/\\\/skaitytaknyga.lt\\\/produktas\\\/a-marinina-triju-ne-desnis\\\/\",\"name\":\"Trij\u0173 Ne d\u0117snis\",\"isPartOf\":{\"@id\":\"https:\\\/\\\/skaitytaknyga.lt\\\/#website\"},\"primaryImageOfPage\":{\"@id\":\"https:\\\/\\\/skaitytaknyga.lt\\\/produktas\\\/a-marinina-triju-ne-desnis\\\/#primaryimage\"},\"image\":{\"@id\":\"https:\\\/\\\/skaitytaknyga.lt\\\/produktas\\\/a-marinina-triju-ne-desnis\\\/#primaryimage\"},\"thumbnailUrl\":\"https:\\\/\\\/skaitytaknyga.lt\\\/wp-content\\\/uploads\\\/2024\\\/05\\\/1462879342_img0013.jpg\",\"datePublished\":\"2024-05-04T17:55:28+00:00\",\"dateModified\":\"2026-03-05T14:00:50+00:00\",\"description\":\"Nastiai Kamenskajai nepasisek\u0117 \u2013 ji pateko \u012f avarij\u0105. Greitai j\u0105 i\u0161ra\u0161ys i\u0161 ligonin\u0117s, bet sulau\u017eyt\u0105 koj\u0105 vis dar taip skauda, kad moteris beveik nepaeina. Tada ji nusprend\u017eia kreiptis \u012f specialist\u0119, gydan\u010di\u0105 netradiciniais metodais. Ta\u010diau kai Nastia jai paskambina, paai\u0161k\u0117ja, kad toji specialist\u0117 nu\u017eudyta. O \u010dia dar vienas nemalonumas \u2013 i\u0161\u0117jusi i\u0161 ligonin\u0117s, Nastia neturi kur gyventi \u2013 jos butas u\u017eimtas netik\u0117tai u\u017egriuvusi\u0173 giminai\u010di\u0173. Taip Kamenskaja atsiduria buvusio bendradarbio vasarviet\u0117je. Ten ji toliau gydosi ir su j\u0105 lankan\u010diais kolegomis sprend\u017eia garsios \u017emog\u017eudyst\u0117s byl\u0105. Kart\u0105 likusi vasarnamyje viena, pastebi, kad j\u0105 ka\u017ekas seka..\",\"breadcrumb\":{\"@id\":\"https:\\\/\\\/skaitytaknyga.lt\\\/produktas\\\/a-marinina-triju-ne-desnis\\\/#breadcrumb\"},\"inLanguage\":\"en-GB\",\"potentialAction\":[{\"@type\":\"ReadAction\",\"target\":[\"https:\\\/\\\/skaitytaknyga.lt\\\/produktas\\\/a-marinina-triju-ne-desnis\\\/\"]}]},{\"@type\":\"ImageObject\",\"inLanguage\":\"en-GB\",\"@id\":\"https:\\\/\\\/skaitytaknyga.lt\\\/produktas\\\/a-marinina-triju-ne-desnis\\\/#primaryimage\",\"url\":\"https:\\\/\\\/skaitytaknyga.lt\\\/wp-content\\\/uploads\\\/2024\\\/05\\\/1462879342_img0013.jpg\",\"contentUrl\":\"https:\\\/\\\/skaitytaknyga.lt\\\/wp-content\\\/uploads\\\/2024\\\/05\\\/1462879342_img0013.jpg\",\"width\":268,\"height\":430},{\"@type\":\"BreadcrumbList\",\"@id\":\"https:\\\/\\\/skaitytaknyga.lt\\\/produktas\\\/a-marinina-triju-ne-desnis\\\/#breadcrumb\",\"itemListElement\":[{\"@type\":\"ListItem\",\"position\":1,\"name\":\"Home\",\"item\":\"https:\\\/\\\/skaitytaknyga.lt\\\/\"},{\"@type\":\"ListItem\",\"position\":2,\"name\":\"Parduotuv\u0117\",\"item\":\"https:\\\/\\\/skaitytaknyga.lt\\\/knygu-parduotuve\\\/\"},{\"@type\":\"ListItem\",\"position\":3,\"name\":\"Trij\u0173 Ne d\u0117snis\"}]},{\"@type\":\"WebSite\",\"@id\":\"https:\\\/\\\/skaitytaknyga.lt\\\/#website\",\"url\":\"https:\\\/\\\/skaitytaknyga.lt\\\/\",\"name\":\"skaitytaknyga.lt\",\"description\":\"Skaitytaknyga.lt \u2013 tai ma\u017eas \u0161eimos verslas, kuris prasid\u0117jo nuo meil\u0117s knygoms ir siekio i\u0161gelb\u0117ti knygas nuo likimo prie konteinerio. Kas vienam nereikalingas daiktas \u2013 kitam lobis, o mes esame tarpininkai, kurie padeda abiems tapti laimingesniems ???? \u017dinome kaip nelengva i\u0161gyventi ma\u017eiems verslams, tad nuo \u0161iol, \u010dia rasite ir kit\u0173, ma\u017e\u0173 \u0161eim\u0173 versl\u0173, rank\u0173 darbo, dovan\u0173 sau ir artimiesiems.\",\"publisher\":{\"@id\":\"https:\\\/\\\/skaitytaknyga.lt\\\/#organization\"},\"potentialAction\":[{\"@type\":\"SearchAction\",\"target\":{\"@type\":\"EntryPoint\",\"urlTemplate\":\"https:\\\/\\\/skaitytaknyga.lt\\\/?s={search_term_string}\"},\"query-input\":{\"@type\":\"PropertyValueSpecification\",\"valueRequired\":true,\"valueName\":\"search_term_string\"}}],\"inLanguage\":\"en-GB\"},{\"@type\":\"Organization\",\"@id\":\"https:\\\/\\\/skaitytaknyga.lt\\\/#organization\",\"name\":\"skaitytaknyga.lt\",\"url\":\"https:\\\/\\\/skaitytaknyga.lt\\\/\",\"logo\":{\"@type\":\"ImageObject\",\"inLanguage\":\"en-GB\",\"@id\":\"https:\\\/\\\/skaitytaknyga.lt\\\/#\\\/schema\\\/logo\\\/image\\\/\",\"url\":\"https:\\\/\\\/skaitytaknyga.lt\\\/wp-content\\\/uploads\\\/2024\\\/05\\\/cropped-cropped-cropped-02_00843_jt3bggkj1j3HLc7SyY6rEUpg.jpeg\",\"contentUrl\":\"https:\\\/\\\/skaitytaknyga.lt\\\/wp-content\\\/uploads\\\/2024\\\/05\\\/cropped-cropped-cropped-02_00843_jt3bggkj1j3HLc7SyY6rEUpg.jpeg\",\"width\":1600,\"height\":1600,\"caption\":\"skaitytaknyga.lt\"},\"image\":{\"@id\":\"https:\\\/\\\/skaitytaknyga.lt\\\/#\\\/schema\\\/logo\\\/image\\\/\"},\"sameAs\":[\"https:\\\/\\\/www.facebook.com\\\/skaitytaknyga\\\/\"]}]}<\/script>\n<!-- \/ Yoast SEO plugin. -->","yoast_head_json":{"title":"Trij\u0173 Ne d\u0117snis","description":"Nastiai Kamenskajai nepasisek\u0117 \u2013 ji pateko \u012f avarij\u0105. Greitai j\u0105 i\u0161ra\u0161ys i\u0161 ligonin\u0117s, bet sulau\u017eyt\u0105 koj\u0105 vis dar taip skauda, kad moteris beveik nepaeina. Tada ji nusprend\u017eia kreiptis \u012f specialist\u0119, gydan\u010di\u0105 netradiciniais metodais.  Ta\u010diau kai Nastia jai paskambina, paai\u0161k\u0117ja, kad toji specialist\u0117 nu\u017eudyta. O \u010dia dar vienas nemalonumas \u2013 i\u0161\u0117jusi i\u0161 ligonin\u0117s, Nastia neturi kur gyventi \u2013 jos butas u\u017eimtas netik\u0117tai u\u017egriuvusi\u0173 giminai\u010di\u0173. Taip Kamenskaja atsiduria buvusio bendradarbio vasarviet\u0117je. Ten ji toliau gydosi ir su j\u0105 lankan\u010diais kolegomis sprend\u017eia garsios \u017emog\u017eudyst\u0117s byl\u0105. Kart\u0105 likusi vasarnamyje viena, pastebi, kad j\u0105 ka\u017ekas seka..","robots":{"index":"index","follow":"follow","max-snippet":"max-snippet:-1","max-image-preview":"max-image-preview:large","max-video-preview":"max-video-preview:-1"},"canonical":"https:\/\/skaitytaknyga.lt\/en\/produktas\/a-marinina-triju-ne-desnis\/","og_locale":"en_GB","og_type":"article","og_title":"[:lt]Trij\u0173 Ne d\u0117snis[:] - Skaitytaknyga","og_description":"Nastiai Kamenskajai nepasisek\u0117 \u2013 ji pateko \u012f avarij\u0105. Greitai j\u0105 i\u0161ra\u0161ys i\u0161 ligonin\u0117s, bet sulau\u017eyt\u0105 koj\u0105 vis dar taip skauda, kad moteris beveik nepaeina. Tada ji nusprend\u017eia kreiptis \u012f specialist\u0119, gydan\u010di\u0105 netradiciniais metodais.  Ta\u010diau kai Nastia jai paskambina, paai\u0161k\u0117ja, kad toji specialist\u0117 nu\u017eudyta. O \u010dia dar vienas nemalonumas \u2013 i\u0161\u0117jusi i\u0161 ligonin\u0117s, Nastia neturi kur gyventi \u2013 jos butas u\u017eimtas netik\u0117tai u\u017egriuvusi\u0173 giminai\u010di\u0173. Taip Kamenskaja atsiduria buvusio bendradarbio vasarviet\u0117je. Ten ji toliau gydosi ir su j\u0105 lankan\u010diais kolegomis sprend\u017eia garsios \u017emog\u017eudyst\u0117s byl\u0105. Kart\u0105 likusi vasarnamyje viena, pastebi, kad j\u0105 ka\u017ekas seka..","og_url":"https:\/\/skaitytaknyga.lt\/en\/produktas\/a-marinina-triju-ne-desnis\/","og_site_name":"Skaitytaknyga","article_publisher":"https:\/\/www.facebook.com\/skaitytaknyga\/","article_modified_time":"2026-03-05T14:00:50+00:00","og_image":[{"width":268,"height":430,"url":"https:\/\/skaitytaknyga.lt\/wp-content\/uploads\/2024\/05\/1462879342_img0013.jpg","type":"image\/jpeg"}],"twitter_card":"summary_large_image","twitter_misc":{"Estimated reading time":"1 minute"},"schema":{"@context":"https:\/\/schema.org","@graph":[{"@type":"WebPage","@id":"https:\/\/skaitytaknyga.lt\/produktas\/a-marinina-triju-ne-desnis\/","url":"https:\/\/skaitytaknyga.lt\/produktas\/a-marinina-triju-ne-desnis\/","name":"Trij\u0173 Ne d\u0117snis","isPartOf":{"@id":"https:\/\/skaitytaknyga.lt\/#website"},"primaryImageOfPage":{"@id":"https:\/\/skaitytaknyga.lt\/produktas\/a-marinina-triju-ne-desnis\/#primaryimage"},"image":{"@id":"https:\/\/skaitytaknyga.lt\/produktas\/a-marinina-triju-ne-desnis\/#primaryimage"},"thumbnailUrl":"https:\/\/skaitytaknyga.lt\/wp-content\/uploads\/2024\/05\/1462879342_img0013.jpg","datePublished":"2024-05-04T17:55:28+00:00","dateModified":"2026-03-05T14:00:50+00:00","description":"Nastiai Kamenskajai nepasisek\u0117 \u2013 ji pateko \u012f avarij\u0105. Greitai j\u0105 i\u0161ra\u0161ys i\u0161 ligonin\u0117s, bet sulau\u017eyt\u0105 koj\u0105 vis dar taip skauda, kad moteris beveik nepaeina. Tada ji nusprend\u017eia kreiptis \u012f specialist\u0119, gydan\u010di\u0105 netradiciniais metodais. Ta\u010diau kai Nastia jai paskambina, paai\u0161k\u0117ja, kad toji specialist\u0117 nu\u017eudyta. O \u010dia dar vienas nemalonumas \u2013 i\u0161\u0117jusi i\u0161 ligonin\u0117s, Nastia neturi kur gyventi \u2013 jos butas u\u017eimtas netik\u0117tai u\u017egriuvusi\u0173 giminai\u010di\u0173. Taip Kamenskaja atsiduria buvusio bendradarbio vasarviet\u0117je. Ten ji toliau gydosi ir su j\u0105 lankan\u010diais kolegomis sprend\u017eia garsios \u017emog\u017eudyst\u0117s byl\u0105. Kart\u0105 likusi vasarnamyje viena, pastebi, kad j\u0105 ka\u017ekas seka..","breadcrumb":{"@id":"https:\/\/skaitytaknyga.lt\/produktas\/a-marinina-triju-ne-desnis\/#breadcrumb"},"inLanguage":"en-GB","potentialAction":[{"@type":"ReadAction","target":["https:\/\/skaitytaknyga.lt\/produktas\/a-marinina-triju-ne-desnis\/"]}]},{"@type":"ImageObject","inLanguage":"en-GB","@id":"https:\/\/skaitytaknyga.lt\/produktas\/a-marinina-triju-ne-desnis\/#primaryimage","url":"https:\/\/skaitytaknyga.lt\/wp-content\/uploads\/2024\/05\/1462879342_img0013.jpg","contentUrl":"https:\/\/skaitytaknyga.lt\/wp-content\/uploads\/2024\/05\/1462879342_img0013.jpg","width":268,"height":430},{"@type":"BreadcrumbList","@id":"https:\/\/skaitytaknyga.lt\/produktas\/a-marinina-triju-ne-desnis\/#breadcrumb","itemListElement":[{"@type":"ListItem","position":1,"name":"Home","item":"https:\/\/skaitytaknyga.lt\/"},{"@type":"ListItem","position":2,"name":"Parduotuv\u0117","item":"https:\/\/skaitytaknyga.lt\/knygu-parduotuve\/"},{"@type":"ListItem","position":3,"name":"Trij\u0173 Ne d\u0117snis"}]},{"@type":"WebSite","@id":"https:\/\/skaitytaknyga.lt\/#website","url":"https:\/\/skaitytaknyga.lt\/","name":"skaitytaknyga.lt","description":"Skaitytaknyga.lt \u2013 tai ma\u017eas \u0161eimos verslas, kuris prasid\u0117jo nuo meil\u0117s knygoms ir siekio i\u0161gelb\u0117ti knygas nuo likimo prie konteinerio. Kas vienam nereikalingas daiktas \u2013 kitam lobis, o mes esame tarpininkai, kurie padeda abiems tapti laimingesniems ???? \u017dinome kaip nelengva i\u0161gyventi ma\u017eiems verslams, tad nuo \u0161iol, \u010dia rasite ir kit\u0173, ma\u017e\u0173 \u0161eim\u0173 versl\u0173, rank\u0173 darbo, dovan\u0173 sau ir artimiesiems.","publisher":{"@id":"https:\/\/skaitytaknyga.lt\/#organization"},"potentialAction":[{"@type":"SearchAction","target":{"@type":"EntryPoint","urlTemplate":"https:\/\/skaitytaknyga.lt\/?s={search_term_string}"},"query-input":{"@type":"PropertyValueSpecification","valueRequired":true,"valueName":"search_term_string"}}],"inLanguage":"en-GB"},{"@type":"Organization","@id":"https:\/\/skaitytaknyga.lt\/#organization","name":"skaitytaknyga.lt","url":"https:\/\/skaitytaknyga.lt\/","logo":{"@type":"ImageObject","inLanguage":"en-GB","@id":"https:\/\/skaitytaknyga.lt\/#\/schema\/logo\/image\/","url":"https:\/\/skaitytaknyga.lt\/wp-content\/uploads\/2024\/05\/cropped-cropped-cropped-02_00843_jt3bggkj1j3HLc7SyY6rEUpg.jpeg","contentUrl":"https:\/\/skaitytaknyga.lt\/wp-content\/uploads\/2024\/05\/cropped-cropped-cropped-02_00843_jt3bggkj1j3HLc7SyY6rEUpg.jpeg","width":1600,"height":1600,"caption":"skaitytaknyga.lt"},"image":{"@id":"https:\/\/skaitytaknyga.lt\/#\/schema\/logo\/image\/"},"sameAs":["https:\/\/www.facebook.com\/skaitytaknyga\/"]}]}},"_links":{"self":[{"href":"https:\/\/skaitytaknyga.lt\/en\/wp-json\/wp\/v2\/product\/9689","targetHints":{"allow":["GET"]}}],"collection":[{"href":"https:\/\/skaitytaknyga.lt\/en\/wp-json\/wp\/v2\/product"}],"about":[{"href":"https:\/\/skaitytaknyga.lt\/en\/wp-json\/wp\/v2\/types\/product"}],"replies":[{"embeddable":true,"href":"https:\/\/skaitytaknyga.lt\/en\/wp-json\/wp\/v2\/comments?post=9689"}],"wp:featuredmedia":[{"embeddable":true,"href":"https:\/\/skaitytaknyga.lt\/en\/wp-json\/wp\/v2\/media\/9739"}],"wp:attachment":[{"href":"https:\/\/skaitytaknyga.lt\/en\/wp-json\/wp\/v2\/media?parent=9689"}],"wp:term":[{"taxonomy":"product_brand","embeddable":true,"href":"https:\/\/skaitytaknyga.lt\/en\/wp-json\/wp\/v2\/product_brand?post=9689"},{"taxonomy":"product_cat","embeddable":true,"href":"https:\/\/skaitytaknyga.lt\/en\/wp-json\/wp\/v2\/product_cat?post=9689"},{"taxonomy":"product_tag","embeddable":true,"href":"https:\/\/skaitytaknyga.lt\/en\/wp-json\/wp\/v2\/product_tag?post=9689"}],"curies":[{"name":"wp","href":"https:\/\/api.w.org\/{rel}","templated":true}]}}