{"id":9688,"date":"2024-05-04T17:55:28","date_gmt":"2024-05-04T17:55:28","guid":{"rendered":"https:\/\/skaitytaknyga.lt\/?post_type=product&#038;p=9688"},"modified":"2026-03-05T16:00:50","modified_gmt":"2026-03-05T14:00:50","slug":"a-marinina-pomirtinis-portretas","status":"publish","type":"product","link":"https:\/\/skaitytaknyga.lt\/en\/produktas\/a-marinina-pomirtinis-portretas\/","title":{"rendered":"Pomirtinis portretas"},"content":{"rendered":"<p>Nu\u017eudyta kino \u017evaig\u017ed\u0117 Alina Vaznis, o nusikaltimo motyv\u0173 fakti\u0161kai n\u0117ra. Ne, ka\u017ekoki\u0173, be abejo, esama, bet labiau \u012fsigilinusi Anastasija Kamenskaja \u012fsitikina, kad jie arba i\u0161galvoti, arba \u017emog\u017eudystei per menki. Vadinasi, tikrosios prie\u017eastys gl\u016bdi ka\u017ekur tamsiose \u017emogaus pas\u0105mon\u0117s gelm\u0117se.<\/p>\n<p>Ten tokios abstrak\u010dios s\u0105vokos kaip pavydas, neapykanta, baim\u0117, geismas gali virsti \u012fkyriomis id\u0117jomis ir tapti realia nusikaltimo dingstimi. Gretindama faktus, liudinink\u0173 parodymus, bet svarbiausia \u2013 vis daugiau pa\u017eindama kino \u017evaig\u017ed\u0117s charakter\u012f, Anastasija prieina i\u0161vad\u0105: aktor\u0119 gal\u0117jo nu\u017eudyti tik vienas \u017emogus \u2013 b\u016btent tas, kurio niekas net ne\u012ftaria.<\/p>\n","protected":false},"excerpt":{"rendered":"<p>Nu\u017eudyta kino \u017evaig\u017ed\u0117 Alina Vaznis, o nusikaltimo motyv\u0173 fakti\u0161kai n\u0117ra. Ne, ka\u017ekoki\u0173, be abejo, esama, bet labiau \u012fsigilinusi Anastasija Kamenskaja \u012fsitikina, kad jie arba i\u0161galvoti, arba \u017emog\u017eudystei per menki. Vadinasi, tikrosios prie\u017eastys gl\u016bdi ka\u017ekur tamsiose \u017emogaus pas\u0105mon\u0117s gelm\u0117se.<\/p>\n<p>Ten tokios abstrak\u010dios s\u0105vokos kaip pavydas, neapykanta, baim\u0117, geismas gali virsti \u012fkyriomis id\u0117jomis ir tapti realia nusikaltimo dingstimi. Gretindama faktus, liudinink\u0173 parodymus, bet svarbiausia \u2013 vis daugiau pa\u017eindama kino \u017evaig\u017ed\u0117s charakter\u012f, Anastasija prieina i\u0161vad\u0105: aktor\u0119 gal\u0117jo nu\u017eudyti tik vienas \u017emogus \u2013 b\u016btent tas, kurio niekas net ne\u012ftaria.<\/p>\n","protected":false},"featured_media":9738,"comment_status":"closed","ping_status":"closed","template":"","meta":{"_acf_changed":false,"site-sidebar-layout":"default","site-content-layout":"","ast-site-content-layout":"default","site-content-style":"default","site-sidebar-style":"default","ast-global-header-display":"","ast-banner-title-visibility":"","ast-main-header-display":"","ast-hfb-above-header-display":"","ast-hfb-below-header-display":"","ast-hfb-mobile-header-display":"","site-post-title":"","ast-breadcrumbs-content":"","ast-featured-img":"","footer-sml-layout":"","ast-disable-related-posts":"","theme-transparent-header-meta":"","adv-header-id-meta":"","stick-header-meta":"","header-above-stick-meta":"","header-main-stick-meta":"","header-below-stick-meta":"","astra-migrate-meta-layouts":"default","ast-page-background-enabled":"default","ast-page-background-meta":{"desktop":{"background-color":"","background-image":"","background-repeat":"repeat","background-position":"center center","background-size":"auto","background-attachment":"scroll","background-type":"","background-media":"","overlay-type":"","overlay-color":"","overlay-opacity":"","overlay-gradient":""},"tablet":{"background-color":"","background-image":"","background-repeat":"repeat","background-position":"center center","background-size":"auto","background-attachment":"scroll","background-type":"","background-media":"","overlay-type":"","overlay-color":"","overlay-opacity":"","overlay-gradient":""},"mobile":{"background-color":"","background-image":"","background-repeat":"repeat","background-position":"center center","background-size":"auto","background-attachment":"scroll","background-type":"","background-media":"","overlay-type":"","overlay-color":"","overlay-opacity":"","overlay-gradient":""}},"ast-content-background-meta":{"desktop":{"background-color":"var(--ast-global-color-4)","background-image":"","background-repeat":"repeat","background-position":"center center","background-size":"auto","background-attachment":"scroll","background-type":"","background-media":"","overlay-type":"","overlay-color":"","overlay-opacity":"","overlay-gradient":""},"tablet":{"background-color":"var(--ast-global-color-4)","background-image":"","background-repeat":"repeat","background-position":"center center","background-size":"auto","background-attachment":"scroll","background-type":"","background-media":"","overlay-type":"","overlay-color":"","overlay-opacity":"","overlay-gradient":""},"mobile":{"background-color":"var(--ast-global-color-4)","background-image":"","background-repeat":"repeat","background-position":"center center","background-size":"auto","background-attachment":"scroll","background-type":"","background-media":"","overlay-type":"","overlay-color":"","overlay-opacity":"","overlay-gradient":""}}},"product_brand":[],"product_cat":[9581],"product_tag":[3174,3232,3233,3206,2504,3234,3231,1772],"class_list":{"0":"post-9688","1":"product","2":"type-product","3":"status-publish","4":"has-post-thumbnail","6":"product_cat-kriminaliniai-romanai","7":"product_tag-aleksandra-marinina","8":"product_tag-kino-zvaigzde","9":"product_tag-motyvai","10":"product_tag-neapykanta","11":"product_tag-pasamone","12":"product_tag-pavydas","13":"product_tag-pomirtinis-portretas","14":"product_tag-zmogzudyste","15":"desktop-align-left","16":"tablet-align-left","17":"mobile-align-left","19":"first","20":"instock","21":"shipping-taxable","22":"purchasable","23":"product-type-simple"},"acf":[],"yoast_head":"<!-- This site is optimized with the Yoast SEO plugin v27.0 - https:\/\/yoast.com\/product\/yoast-seo-wordpress\/ -->\n<title>Pomirtinis portretas<\/title>\n<meta name=\"description\" content=\"Nu\u017eudyta kino \u017evaig\u017ed\u0117 Alina Vaznis, o nusikaltimo motyv\u0173 fakti\u0161kai n\u0117ra. Ne, ka\u017ekoki\u0173, be abejo, esama, bet labiau \u012fsigilinusi Anastasija Kamenskaja \u012fsitikina, kad jie arba i\u0161galvoti, arba \u017emog\u017eudystei per menki. Vadinasi, tikrosios prie\u017eastys gl\u016bdi ka\u017ekur tamsiose \u017emogaus pas\u0105mon\u0117s gelm\u0117se.  Ten tokios abstrak\u010dios s\u0105vokos kaip pavydas, neapykanta, baim\u0117, geismas gali virsti \u012fkyriomis id\u0117jomis ir tapti realia nusikaltimo dingstimi. Gretindama faktus, liudinink\u0173 parodymus, bet svarbiausia \u2013 vis daugiau pa\u017eindama kino \u017evaig\u017ed\u0117s charakter\u012f, Anastasija prieina i\u0161vad\u0105: aktor\u0119 gal\u0117jo nu\u017eudyti tik vienas \u017emogus \u2013 b\u016btent tas, kurio niekas net ne\u012ftaria.\" \/>\n<meta name=\"robots\" content=\"index, follow, max-snippet:-1, max-image-preview:large, max-video-preview:-1\" \/>\n<link rel=\"canonical\" href=\"https:\/\/skaitytaknyga.lt\/en\/produktas\/a-marinina-pomirtinis-portretas\/\" \/>\n<meta property=\"og:locale\" content=\"en_GB\" \/>\n<meta property=\"og:locale:alternate\" content=\"lt_LT\" \/>\n<meta property=\"og:type\" content=\"article\" \/>\n<meta property=\"og:title\" content=\"Pomirtinis portretas\" \/>\n<meta property=\"og:description\" content=\"Nu\u017eudyta kino \u017evaig\u017ed\u0117 Alina Vaznis, o nusikaltimo motyv\u0173 fakti\u0161kai n\u0117ra. Ne, ka\u017ekoki\u0173, be abejo, esama, bet labiau \u012fsigilinusi Anastasija Kamenskaja \u012fsitikina, kad jie arba i\u0161galvoti, arba \u017emog\u017eudystei per menki. Vadinasi, tikrosios prie\u017eastys gl\u016bdi ka\u017ekur tamsiose \u017emogaus pas\u0105mon\u0117s gelm\u0117se.  Ten tokios abstrak\u010dios s\u0105vokos kaip pavydas, neapykanta, baim\u0117, geismas gali virsti \u012fkyriomis id\u0117jomis ir tapti realia nusikaltimo dingstimi. Gretindama faktus, liudinink\u0173 parodymus, bet svarbiausia \u2013 vis daugiau pa\u017eindama kino \u017evaig\u017ed\u0117s charakter\u012f, Anastasija prieina i\u0161vad\u0105: aktor\u0119 gal\u0117jo nu\u017eudyti tik vienas \u017emogus \u2013 b\u016btent tas, kurio niekas net ne\u012ftaria.\" \/>\n<meta property=\"og:url\" content=\"https:\/\/skaitytaknyga.lt\/en\/produktas\/a-marinina-pomirtinis-portretas\/\" \/>\n<meta property=\"og:site_name\" content=\"Skaitytaknyga\" \/>\n<meta property=\"article:publisher\" content=\"https:\/\/www.facebook.com\/skaitytaknyga\/\" \/>\n<meta property=\"article:modified_time\" content=\"2026-03-05T14:00:50+00:00\" \/>\n<meta property=\"og:image\" content=\"https:\/\/skaitytaknyga.lt\/wp-content\/uploads\/2024\/05\/1462879347_img0017.jpg\" \/>\n\t<meta property=\"og:image:width\" content=\"276\" \/>\n\t<meta property=\"og:image:height\" content=\"430\" \/>\n\t<meta property=\"og:image:type\" content=\"image\/jpeg\" \/>\n<meta name=\"twitter:card\" content=\"summary_large_image\" \/>\n<meta name=\"twitter:label1\" content=\"Estimated reading time\" \/>\n\t<meta name=\"twitter:data1\" content=\"1 minute\" \/>\n<script type=\"application\/ld+json\" class=\"yoast-schema-graph\">{\"@context\":\"https:\/\/schema.org\",\"@graph\":[{\"@type\":\"WebPage\",\"@id\":\"https:\/\/skaitytaknyga.lt\/produktas\/a-marinina-pomirtinis-portretas\/\",\"url\":\"https:\/\/skaitytaknyga.lt\/produktas\/a-marinina-pomirtinis-portretas\/\",\"name\":\"Pomirtinis portretas\",\"isPartOf\":{\"@id\":\"https:\/\/skaitytaknyga.lt\/#website\"},\"primaryImageOfPage\":{\"@id\":\"https:\/\/skaitytaknyga.lt\/produktas\/a-marinina-pomirtinis-portretas\/#primaryimage\"},\"image\":{\"@id\":\"https:\/\/skaitytaknyga.lt\/produktas\/a-marinina-pomirtinis-portretas\/#primaryimage\"},\"thumbnailUrl\":\"https:\/\/skaitytaknyga.lt\/wp-content\/uploads\/2024\/05\/1462879347_img0017.jpg\",\"datePublished\":\"2024-05-04T17:55:28+00:00\",\"dateModified\":\"2026-03-05T14:00:50+00:00\",\"description\":\"Nu\u017eudyta kino \u017evaig\u017ed\u0117 Alina Vaznis, o nusikaltimo motyv\u0173 fakti\u0161kai n\u0117ra. Ne, ka\u017ekoki\u0173, be abejo, esama, bet labiau \u012fsigilinusi Anastasija Kamenskaja \u012fsitikina, kad jie arba i\u0161galvoti, arba \u017emog\u017eudystei per menki. Vadinasi, tikrosios prie\u017eastys gl\u016bdi ka\u017ekur tamsiose \u017emogaus pas\u0105mon\u0117s gelm\u0117se. Ten tokios abstrak\u010dios s\u0105vokos kaip pavydas, neapykanta, baim\u0117, geismas gali virsti \u012fkyriomis id\u0117jomis ir tapti realia nusikaltimo dingstimi. Gretindama faktus, liudinink\u0173 parodymus, bet svarbiausia \u2013 vis daugiau pa\u017eindama kino \u017evaig\u017ed\u0117s charakter\u012f, Anastasija prieina i\u0161vad\u0105: aktor\u0119 gal\u0117jo nu\u017eudyti tik vienas \u017emogus \u2013 b\u016btent tas, kurio niekas net ne\u012ftaria.\",\"breadcrumb\":{\"@id\":\"https:\/\/skaitytaknyga.lt\/produktas\/a-marinina-pomirtinis-portretas\/#breadcrumb\"},\"inLanguage\":\"en-GB\",\"potentialAction\":[{\"@type\":\"ReadAction\",\"target\":[\"https:\/\/skaitytaknyga.lt\/produktas\/a-marinina-pomirtinis-portretas\/\"]}]},{\"@type\":\"ImageObject\",\"inLanguage\":\"en-GB\",\"@id\":\"https:\/\/skaitytaknyga.lt\/produktas\/a-marinina-pomirtinis-portretas\/#primaryimage\",\"url\":\"https:\/\/skaitytaknyga.lt\/wp-content\/uploads\/2024\/05\/1462879347_img0017.jpg\",\"contentUrl\":\"https:\/\/skaitytaknyga.lt\/wp-content\/uploads\/2024\/05\/1462879347_img0017.jpg\",\"width\":276,\"height\":430},{\"@type\":\"BreadcrumbList\",\"@id\":\"https:\/\/skaitytaknyga.lt\/produktas\/a-marinina-pomirtinis-portretas\/#breadcrumb\",\"itemListElement\":[{\"@type\":\"ListItem\",\"position\":1,\"name\":\"Home\",\"item\":\"https:\/\/skaitytaknyga.lt\/\"},{\"@type\":\"ListItem\",\"position\":2,\"name\":\"Parduotuv\u0117\",\"item\":\"https:\/\/skaitytaknyga.lt\/knygu-parduotuve\/\"},{\"@type\":\"ListItem\",\"position\":3,\"name\":\"Pomirtinis portretas\"}]},{\"@type\":\"WebSite\",\"@id\":\"https:\/\/skaitytaknyga.lt\/#website\",\"url\":\"https:\/\/skaitytaknyga.lt\/\",\"name\":\"skaitytaknyga.lt\",\"description\":\"Skaitytaknyga.lt \u2013 tai ma\u017eas \u0161eimos verslas, kuris prasid\u0117jo nuo meil\u0117s knygoms ir siekio i\u0161gelb\u0117ti knygas nuo likimo prie konteinerio. Kas vienam nereikalingas daiktas \u2013 kitam lobis, o mes esame tarpininkai, kurie padeda abiems tapti laimingesniems ???? \u017dinome kaip nelengva i\u0161gyventi ma\u017eiems verslams, tad nuo \u0161iol, \u010dia rasite ir kit\u0173, ma\u017e\u0173 \u0161eim\u0173 versl\u0173, rank\u0173 darbo, dovan\u0173 sau ir artimiesiems.\",\"publisher\":{\"@id\":\"https:\/\/skaitytaknyga.lt\/#organization\"},\"potentialAction\":[{\"@type\":\"SearchAction\",\"target\":{\"@type\":\"EntryPoint\",\"urlTemplate\":\"https:\/\/skaitytaknyga.lt\/?s={search_term_string}\"},\"query-input\":{\"@type\":\"PropertyValueSpecification\",\"valueRequired\":true,\"valueName\":\"search_term_string\"}}],\"inLanguage\":\"en-GB\"},{\"@type\":\"Organization\",\"@id\":\"https:\/\/skaitytaknyga.lt\/#organization\",\"name\":\"skaitytaknyga.lt\",\"url\":\"https:\/\/skaitytaknyga.lt\/\",\"logo\":{\"@type\":\"ImageObject\",\"inLanguage\":\"en-GB\",\"@id\":\"https:\/\/skaitytaknyga.lt\/#\/schema\/logo\/image\/\",\"url\":\"https:\/\/skaitytaknyga.lt\/wp-content\/uploads\/2024\/05\/cropped-cropped-cropped-02_00843_jt3bggkj1j3HLc7SyY6rEUpg.jpeg\",\"contentUrl\":\"https:\/\/skaitytaknyga.lt\/wp-content\/uploads\/2024\/05\/cropped-cropped-cropped-02_00843_jt3bggkj1j3HLc7SyY6rEUpg.jpeg\",\"width\":1600,\"height\":1600,\"caption\":\"skaitytaknyga.lt\"},\"image\":{\"@id\":\"https:\/\/skaitytaknyga.lt\/#\/schema\/logo\/image\/\"},\"sameAs\":[\"https:\/\/www.facebook.com\/skaitytaknyga\/\"]}]}<\/script>\n<!-- \/ Yoast SEO plugin. -->","yoast_head_json":{"title":"Pomirtinis portretas","description":"Nu\u017eudyta kino \u017evaig\u017ed\u0117 Alina Vaznis, o nusikaltimo motyv\u0173 fakti\u0161kai n\u0117ra. Ne, ka\u017ekoki\u0173, be abejo, esama, bet labiau \u012fsigilinusi Anastasija Kamenskaja \u012fsitikina, kad jie arba i\u0161galvoti, arba \u017emog\u017eudystei per menki. Vadinasi, tikrosios prie\u017eastys gl\u016bdi ka\u017ekur tamsiose \u017emogaus pas\u0105mon\u0117s gelm\u0117se.  Ten tokios abstrak\u010dios s\u0105vokos kaip pavydas, neapykanta, baim\u0117, geismas gali virsti \u012fkyriomis id\u0117jomis ir tapti realia nusikaltimo dingstimi. Gretindama faktus, liudinink\u0173 parodymus, bet svarbiausia \u2013 vis daugiau pa\u017eindama kino \u017evaig\u017ed\u0117s charakter\u012f, Anastasija prieina i\u0161vad\u0105: aktor\u0119 gal\u0117jo nu\u017eudyti tik vienas \u017emogus \u2013 b\u016btent tas, kurio niekas net ne\u012ftaria.","robots":{"index":"index","follow":"follow","max-snippet":"max-snippet:-1","max-image-preview":"max-image-preview:large","max-video-preview":"max-video-preview:-1"},"canonical":"https:\/\/skaitytaknyga.lt\/en\/produktas\/a-marinina-pomirtinis-portretas\/","og_locale":"en_GB","og_type":"article","og_title":"[:lt]Pomirtinis portretas[:] - Skaitytaknyga","og_description":"Nu\u017eudyta kino \u017evaig\u017ed\u0117 Alina Vaznis, o nusikaltimo motyv\u0173 fakti\u0161kai n\u0117ra. Ne, ka\u017ekoki\u0173, be abejo, esama, bet labiau \u012fsigilinusi Anastasija Kamenskaja \u012fsitikina, kad jie arba i\u0161galvoti, arba \u017emog\u017eudystei per menki. Vadinasi, tikrosios prie\u017eastys gl\u016bdi ka\u017ekur tamsiose \u017emogaus pas\u0105mon\u0117s gelm\u0117se.  Ten tokios abstrak\u010dios s\u0105vokos kaip pavydas, neapykanta, baim\u0117, geismas gali virsti \u012fkyriomis id\u0117jomis ir tapti realia nusikaltimo dingstimi. Gretindama faktus, liudinink\u0173 parodymus, bet svarbiausia \u2013 vis daugiau pa\u017eindama kino \u017evaig\u017ed\u0117s charakter\u012f, Anastasija prieina i\u0161vad\u0105: aktor\u0119 gal\u0117jo nu\u017eudyti tik vienas \u017emogus \u2013 b\u016btent tas, kurio niekas net ne\u012ftaria.","og_url":"https:\/\/skaitytaknyga.lt\/en\/produktas\/a-marinina-pomirtinis-portretas\/","og_site_name":"Skaitytaknyga","article_publisher":"https:\/\/www.facebook.com\/skaitytaknyga\/","article_modified_time":"2026-03-05T14:00:50+00:00","og_image":[{"width":276,"height":430,"url":"https:\/\/skaitytaknyga.lt\/wp-content\/uploads\/2024\/05\/1462879347_img0017.jpg","type":"image\/jpeg"}],"twitter_card":"summary_large_image","twitter_misc":{"Estimated reading time":"1 minute"},"schema":{"@context":"https:\/\/schema.org","@graph":[{"@type":"WebPage","@id":"https:\/\/skaitytaknyga.lt\/produktas\/a-marinina-pomirtinis-portretas\/","url":"https:\/\/skaitytaknyga.lt\/produktas\/a-marinina-pomirtinis-portretas\/","name":"Pomirtinis portretas","isPartOf":{"@id":"https:\/\/skaitytaknyga.lt\/#website"},"primaryImageOfPage":{"@id":"https:\/\/skaitytaknyga.lt\/produktas\/a-marinina-pomirtinis-portretas\/#primaryimage"},"image":{"@id":"https:\/\/skaitytaknyga.lt\/produktas\/a-marinina-pomirtinis-portretas\/#primaryimage"},"thumbnailUrl":"https:\/\/skaitytaknyga.lt\/wp-content\/uploads\/2024\/05\/1462879347_img0017.jpg","datePublished":"2024-05-04T17:55:28+00:00","dateModified":"2026-03-05T14:00:50+00:00","description":"Nu\u017eudyta kino \u017evaig\u017ed\u0117 Alina Vaznis, o nusikaltimo motyv\u0173 fakti\u0161kai n\u0117ra. Ne, ka\u017ekoki\u0173, be abejo, esama, bet labiau \u012fsigilinusi Anastasija Kamenskaja \u012fsitikina, kad jie arba i\u0161galvoti, arba \u017emog\u017eudystei per menki. Vadinasi, tikrosios prie\u017eastys gl\u016bdi ka\u017ekur tamsiose \u017emogaus pas\u0105mon\u0117s gelm\u0117se. Ten tokios abstrak\u010dios s\u0105vokos kaip pavydas, neapykanta, baim\u0117, geismas gali virsti \u012fkyriomis id\u0117jomis ir tapti realia nusikaltimo dingstimi. Gretindama faktus, liudinink\u0173 parodymus, bet svarbiausia \u2013 vis daugiau pa\u017eindama kino \u017evaig\u017ed\u0117s charakter\u012f, Anastasija prieina i\u0161vad\u0105: aktor\u0119 gal\u0117jo nu\u017eudyti tik vienas \u017emogus \u2013 b\u016btent tas, kurio niekas net ne\u012ftaria.","breadcrumb":{"@id":"https:\/\/skaitytaknyga.lt\/produktas\/a-marinina-pomirtinis-portretas\/#breadcrumb"},"inLanguage":"en-GB","potentialAction":[{"@type":"ReadAction","target":["https:\/\/skaitytaknyga.lt\/produktas\/a-marinina-pomirtinis-portretas\/"]}]},{"@type":"ImageObject","inLanguage":"en-GB","@id":"https:\/\/skaitytaknyga.lt\/produktas\/a-marinina-pomirtinis-portretas\/#primaryimage","url":"https:\/\/skaitytaknyga.lt\/wp-content\/uploads\/2024\/05\/1462879347_img0017.jpg","contentUrl":"https:\/\/skaitytaknyga.lt\/wp-content\/uploads\/2024\/05\/1462879347_img0017.jpg","width":276,"height":430},{"@type":"BreadcrumbList","@id":"https:\/\/skaitytaknyga.lt\/produktas\/a-marinina-pomirtinis-portretas\/#breadcrumb","itemListElement":[{"@type":"ListItem","position":1,"name":"Home","item":"https:\/\/skaitytaknyga.lt\/"},{"@type":"ListItem","position":2,"name":"Parduotuv\u0117","item":"https:\/\/skaitytaknyga.lt\/knygu-parduotuve\/"},{"@type":"ListItem","position":3,"name":"Pomirtinis portretas"}]},{"@type":"WebSite","@id":"https:\/\/skaitytaknyga.lt\/#website","url":"https:\/\/skaitytaknyga.lt\/","name":"skaitytaknyga.lt","description":"Skaitytaknyga.lt \u2013 tai ma\u017eas \u0161eimos verslas, kuris prasid\u0117jo nuo meil\u0117s knygoms ir siekio i\u0161gelb\u0117ti knygas nuo likimo prie konteinerio. Kas vienam nereikalingas daiktas \u2013 kitam lobis, o mes esame tarpininkai, kurie padeda abiems tapti laimingesniems ???? \u017dinome kaip nelengva i\u0161gyventi ma\u017eiems verslams, tad nuo \u0161iol, \u010dia rasite ir kit\u0173, ma\u017e\u0173 \u0161eim\u0173 versl\u0173, rank\u0173 darbo, dovan\u0173 sau ir artimiesiems.","publisher":{"@id":"https:\/\/skaitytaknyga.lt\/#organization"},"potentialAction":[{"@type":"SearchAction","target":{"@type":"EntryPoint","urlTemplate":"https:\/\/skaitytaknyga.lt\/?s={search_term_string}"},"query-input":{"@type":"PropertyValueSpecification","valueRequired":true,"valueName":"search_term_string"}}],"inLanguage":"en-GB"},{"@type":"Organization","@id":"https:\/\/skaitytaknyga.lt\/#organization","name":"skaitytaknyga.lt","url":"https:\/\/skaitytaknyga.lt\/","logo":{"@type":"ImageObject","inLanguage":"en-GB","@id":"https:\/\/skaitytaknyga.lt\/#\/schema\/logo\/image\/","url":"https:\/\/skaitytaknyga.lt\/wp-content\/uploads\/2024\/05\/cropped-cropped-cropped-02_00843_jt3bggkj1j3HLc7SyY6rEUpg.jpeg","contentUrl":"https:\/\/skaitytaknyga.lt\/wp-content\/uploads\/2024\/05\/cropped-cropped-cropped-02_00843_jt3bggkj1j3HLc7SyY6rEUpg.jpeg","width":1600,"height":1600,"caption":"skaitytaknyga.lt"},"image":{"@id":"https:\/\/skaitytaknyga.lt\/#\/schema\/logo\/image\/"},"sameAs":["https:\/\/www.facebook.com\/skaitytaknyga\/"]}]}},"_links":{"self":[{"href":"https:\/\/skaitytaknyga.lt\/en\/wp-json\/wp\/v2\/product\/9688","targetHints":{"allow":["GET"]}}],"collection":[{"href":"https:\/\/skaitytaknyga.lt\/en\/wp-json\/wp\/v2\/product"}],"about":[{"href":"https:\/\/skaitytaknyga.lt\/en\/wp-json\/wp\/v2\/types\/product"}],"replies":[{"embeddable":true,"href":"https:\/\/skaitytaknyga.lt\/en\/wp-json\/wp\/v2\/comments?post=9688"}],"wp:featuredmedia":[{"embeddable":true,"href":"https:\/\/skaitytaknyga.lt\/en\/wp-json\/wp\/v2\/media\/9738"}],"wp:attachment":[{"href":"https:\/\/skaitytaknyga.lt\/en\/wp-json\/wp\/v2\/media?parent=9688"}],"wp:term":[{"taxonomy":"product_brand","embeddable":true,"href":"https:\/\/skaitytaknyga.lt\/en\/wp-json\/wp\/v2\/product_brand?post=9688"},{"taxonomy":"product_cat","embeddable":true,"href":"https:\/\/skaitytaknyga.lt\/en\/wp-json\/wp\/v2\/product_cat?post=9688"},{"taxonomy":"product_tag","embeddable":true,"href":"https:\/\/skaitytaknyga.lt\/en\/wp-json\/wp\/v2\/product_tag?post=9688"}],"curies":[{"name":"wp","href":"https:\/\/api.w.org\/{rel}","templated":true}]}}