{"id":9687,"date":"2024-05-04T17:55:28","date_gmt":"2024-05-04T17:55:28","guid":{"rendered":"https:\/\/skaitytaknyga.lt\/?post_type=product&#038;p=9687"},"modified":"2026-03-05T16:00:50","modified_gmt":"2026-03-05T14:00:50","slug":"a-marinina-zaidimas-svetimame-lauke","status":"publish","type":"product","link":"https:\/\/skaitytaknyga.lt\/en\/produktas\/a-marinina-zaidimas-svetimame-lauke\/","title":{"rendered":"\u017daidimas svetimame lauke"},"content":{"rendered":"<p>Maskvos kriminalin\u0117s paie\u0161kos major\u0117 Anastasija Kamenskaja atvyksta \u012f sanatorij\u0105 tik\u0117damasi nors trumpam atitr\u016bkti nuo tiesioginio darbo, pasigydyti \u012fsisen\u0117jusius negalavimus, o kad laisvalaikiu nenuobod\u017eiaut\u0173, planuoja pasinerti \u012f savo hob\u012f \u2013 versti i\u0161 u\u017esienio kalbos knyg\u0105.<\/p>\n<p>Bet i\u0161svajotos ramyb\u0117s Kamenskaja \u010dia nesulaukia: aplink simpati\u0161k\u0105 ir patraukli\u0105 moter\u012f vienas po kito ima r\u0117\u017eti sparn\u0105 vyri\u0161kiai, kuri\u0173 nuo\u0161irdumu Anastasija i\u0161syk suabejoja. Profesionalios kriminalist\u0117s intuicija jai siun\u010dia signalus, kad vangi sanatorijos atmosfera \u2013 apgaulinga.<\/p>\n<p>Atostogaujanti milicijos major\u0117 stengiasi \u012f \u0161iuos signalus nekreipti d\u0117mesio \u2013 \u010dia svetimas \u201elaukas&#8221;, kuriame jai \u201e\u017eaisti&#8221; neder\u0117t\u0173. Ta\u010diau kai neai\u0161kiomis aplinkyb\u0117mis nu\u017eudomas vienas i\u0161 jai asistavusi\u0173 vyr\u0173, Anastasijai tenka prisiminti \u017eenklus, kuriuos per kelias atostog\u0173 dienas u\u017efiksavo jos profesinis budrumas. Taigi Kamenskajai vis d\u0117lto tenka \u201esu\u017eaisti svetimame lauke&#8221;, negana to, labai ne\u012fprastoje \u201ekomandoje&#8221;&#8230;<\/p>\n","protected":false},"excerpt":{"rendered":"<p>Maskvos kriminalin\u0117s paie\u0161kos major\u0117 Anastasija Kamenskaja atvyksta \u012f sanatorij\u0105 tik\u0117damasi nors trumpam atitr\u016bkti nuo tiesioginio darbo, pasigydyti \u012fsisen\u0117jusius negalavimus, o kad laisvalaikiu nenuobod\u017eiaut\u0173, planuoja pasinerti \u012f savo hob\u012f \u2013 versti i\u0161 u\u017esienio kalbos knyg\u0105.<\/p>\n<p>Bet i\u0161svajotos ramyb\u0117s Kamenskaja \u010dia nesulaukia: aplink simpati\u0161k\u0105 ir patraukli\u0105 moter\u012f vienas po kito ima r\u0117\u017eti sparn\u0105 vyri\u0161kiai, kuri\u0173 nuo\u0161irdumu Anastasija i\u0161syk suabejoja. Profesionalios kriminalist\u0117s intuicija jai siun\u010dia signalus, kad vangi sanatorijos atmosfera \u2013 apgaulinga.<\/p>\n<p>Atostogaujanti milicijos major\u0117 stengiasi \u012f \u0161iuos signalus nekreipti d\u0117mesio \u2013 \u010dia svetimas \u201elaukas&#8221;, kuriame jai \u201e\u017eaisti&#8221; neder\u0117t\u0173. Ta\u010diau kai neai\u0161kiomis aplinkyb\u0117mis nu\u017eudomas vienas i\u0161 jai asistavusi\u0173 vyr\u0173, Anastasijai tenka prisiminti \u017eenklus, kuriuos per kelias atostog\u0173 dienas u\u017efiksavo jos profesinis budrumas. Taigi Kamenskajai vis d\u0117lto tenka \u201esu\u017eaisti svetimame lauke&#8221;, negana to, labai ne\u012fprastoje \u201ekomandoje&#8221;&#8230;<\/p>\n","protected":false},"featured_media":9737,"comment_status":"closed","ping_status":"closed","template":"","meta":{"_acf_changed":false,"site-sidebar-layout":"default","site-content-layout":"","ast-site-content-layout":"default","site-content-style":"default","site-sidebar-style":"default","ast-global-header-display":"","ast-banner-title-visibility":"","ast-main-header-display":"","ast-hfb-above-header-display":"","ast-hfb-below-header-display":"","ast-hfb-mobile-header-display":"","site-post-title":"","ast-breadcrumbs-content":"","ast-featured-img":"","footer-sml-layout":"","ast-disable-related-posts":"","theme-transparent-header-meta":"","adv-header-id-meta":"","stick-header-meta":"","header-above-stick-meta":"","header-main-stick-meta":"","header-below-stick-meta":"","astra-migrate-meta-layouts":"default","ast-page-background-enabled":"default","ast-page-background-meta":{"desktop":{"background-color":"","background-image":"","background-repeat":"repeat","background-position":"center center","background-size":"auto","background-attachment":"scroll","background-type":"","background-media":"","overlay-type":"","overlay-color":"","overlay-opacity":"","overlay-gradient":""},"tablet":{"background-color":"","background-image":"","background-repeat":"repeat","background-position":"center center","background-size":"auto","background-attachment":"scroll","background-type":"","background-media":"","overlay-type":"","overlay-color":"","overlay-opacity":"","overlay-gradient":""},"mobile":{"background-color":"","background-image":"","background-repeat":"repeat","background-position":"center center","background-size":"auto","background-attachment":"scroll","background-type":"","background-media":"","overlay-type":"","overlay-color":"","overlay-opacity":"","overlay-gradient":""}},"ast-content-background-meta":{"desktop":{"background-color":"var(--ast-global-color-4)","background-image":"","background-repeat":"repeat","background-position":"center center","background-size":"auto","background-attachment":"scroll","background-type":"","background-media":"","overlay-type":"","overlay-color":"","overlay-opacity":"","overlay-gradient":""},"tablet":{"background-color":"var(--ast-global-color-4)","background-image":"","background-repeat":"repeat","background-position":"center center","background-size":"auto","background-attachment":"scroll","background-type":"","background-media":"","overlay-type":"","overlay-color":"","overlay-opacity":"","overlay-gradient":""},"mobile":{"background-color":"var(--ast-global-color-4)","background-image":"","background-repeat":"repeat","background-position":"center center","background-size":"auto","background-attachment":"scroll","background-type":"","background-media":"","overlay-type":"","overlay-color":"","overlay-opacity":"","overlay-gradient":""}}},"product_brand":[],"product_cat":[9581],"product_tag":[3174,3217,3230,3225,2312,3229,3228],"class_list":{"0":"post-9687","1":"product","2":"type-product","3":"status-publish","4":"has-post-thumbnail","6":"product_cat-kriminaliniai-romanai","7":"product_tag-aleksandra-marinina","8":"product_tag-intriga","9":"product_tag-komanda","10":"product_tag-kriminaline-byla","11":"product_tag-nusikaltimas","12":"product_tag-sanatorija","13":"product_tag-zaidimas-svetimame-lauke","14":"desktop-align-left","15":"tablet-align-left","16":"mobile-align-left","18":"first","19":"outofstock","20":"shipping-taxable","21":"purchasable","22":"product-type-simple"},"acf":[],"yoast_head":"<!-- This site is optimized with the Yoast SEO plugin v27.0 - https:\/\/yoast.com\/product\/yoast-seo-wordpress\/ -->\n<title>\u017daidimas svetimame lauke<\/title>\n<meta name=\"description\" content=\"Maskvos kriminalin\u0117s paie\u0161kos major\u0117 Anastasija Kamenskaja atvyksta \u012f sanatorij\u0105 tik\u0117damasi nors trumpam atitr\u016bkti nuo tiesioginio darbo, pasigydyti \u012fsisen\u0117jusius negalavimus, o kad laisvalaikiu nenuobod\u017eiaut\u0173, planuoja pasinerti \u012f savo hob\u012f \u2013 versti i\u0161 u\u017esienio kalbos knyg\u0105.Bet i\u0161svajotos ramyb\u0117s Kamenskaja \u010dia nesulaukia: aplink simpati\u0161k\u0105 ir patraukli\u0105 moter\u012f vienas po kito ima r\u0117\u017eti sparn\u0105 vyri\u0161kiai, kuri\u0173 nuo\u0161irdumu Anastasija i\u0161syk suabejoja. Profesionalios kriminalist\u0117s intuicija jai siun\u010dia signalus, kad vangi sanatorijos atmosfera \u2013 apgaulinga.Atostogaujanti milicijos major\u0117 stengiasi \u012f \u0161iuos signalus nekreipti d\u0117mesio \u2013 \u010dia svetimas \u201elaukas&quot;, kuriame jai \u201e\u017eaisti&quot; neder\u0117t\u0173. Ta\u010diau kai neai\u0161kiomis aplinkyb\u0117mis nu\u017eudomas vienas i\u0161 jai asistavusi\u0173 vyr\u0173, Anastasijai tenka prisiminti \u017eenklus, kuriuos per kelias atostog\u0173 dienas u\u017efiksavo jos profesinis budrumas. Taigi Kamenskajai vis d\u0117lto tenka \u201esu\u017eaisti svetimame lauke&quot;, negana to, labai ne\u012fprastoje \u201ekomandoje&quot;...\" \/>\n<meta name=\"robots\" content=\"index, follow, max-snippet:-1, max-image-preview:large, max-video-preview:-1\" \/>\n<link rel=\"canonical\" href=\"https:\/\/skaitytaknyga.lt\/en\/produktas\/a-marinina-zaidimas-svetimame-lauke\/\" \/>\n<meta property=\"og:locale\" content=\"en_GB\" \/>\n<meta property=\"og:locale:alternate\" content=\"lt_LT\" \/>\n<meta property=\"og:type\" content=\"article\" \/>\n<meta property=\"og:title\" content=\"\u017daidimas svetimame lauke\" \/>\n<meta property=\"og:description\" content=\"Maskvos kriminalin\u0117s paie\u0161kos major\u0117 Anastasija Kamenskaja atvyksta \u012f sanatorij\u0105 tik\u0117damasi nors trumpam atitr\u016bkti nuo tiesioginio darbo, pasigydyti \u012fsisen\u0117jusius negalavimus, o kad laisvalaikiu nenuobod\u017eiaut\u0173, planuoja pasinerti \u012f savo hob\u012f \u2013 versti i\u0161 u\u017esienio kalbos knyg\u0105.Bet i\u0161svajotos ramyb\u0117s Kamenskaja \u010dia nesulaukia: aplink simpati\u0161k\u0105 ir patraukli\u0105 moter\u012f vienas po kito ima r\u0117\u017eti sparn\u0105 vyri\u0161kiai, kuri\u0173 nuo\u0161irdumu Anastasija i\u0161syk suabejoja. Profesionalios kriminalist\u0117s intuicija jai siun\u010dia signalus, kad vangi sanatorijos atmosfera \u2013 apgaulinga.Atostogaujanti milicijos major\u0117 stengiasi \u012f \u0161iuos signalus nekreipti d\u0117mesio \u2013 \u010dia svetimas \u201elaukas&quot;, kuriame jai \u201e\u017eaisti&quot; neder\u0117t\u0173. Ta\u010diau kai neai\u0161kiomis aplinkyb\u0117mis nu\u017eudomas vienas i\u0161 jai asistavusi\u0173 vyr\u0173, Anastasijai tenka prisiminti \u017eenklus, kuriuos per kelias atostog\u0173 dienas u\u017efiksavo jos profesinis budrumas. Taigi Kamenskajai vis d\u0117lto tenka \u201esu\u017eaisti svetimame lauke&quot;, negana to, labai ne\u012fprastoje \u201ekomandoje&quot;...\" \/>\n<meta property=\"og:url\" content=\"https:\/\/skaitytaknyga.lt\/en\/produktas\/a-marinina-zaidimas-svetimame-lauke\/\" \/>\n<meta property=\"og:site_name\" content=\"Skaitytaknyga\" \/>\n<meta property=\"article:publisher\" content=\"https:\/\/www.facebook.com\/skaitytaknyga\/\" \/>\n<meta property=\"article:modified_time\" content=\"2026-03-05T14:00:50+00:00\" \/>\n<meta property=\"og:image\" content=\"https:\/\/skaitytaknyga.lt\/wp-content\/uploads\/2024\/05\/1462882882_img0002-001.jpg\" \/>\n\t<meta property=\"og:image:width\" content=\"264\" \/>\n\t<meta property=\"og:image:height\" content=\"430\" \/>\n\t<meta property=\"og:image:type\" content=\"image\/jpeg\" \/>\n<meta name=\"twitter:card\" content=\"summary_large_image\" \/>\n<meta name=\"twitter:label1\" content=\"Estimated reading time\" \/>\n\t<meta name=\"twitter:data1\" content=\"1 minute\" \/>\n<script type=\"application\/ld+json\" class=\"yoast-schema-graph\">{\"@context\":\"https:\/\/schema.org\",\"@graph\":[{\"@type\":\"WebPage\",\"@id\":\"https:\/\/skaitytaknyga.lt\/produktas\/a-marinina-zaidimas-svetimame-lauke\/\",\"url\":\"https:\/\/skaitytaknyga.lt\/produktas\/a-marinina-zaidimas-svetimame-lauke\/\",\"name\":\"\u017daidimas svetimame lauke\",\"isPartOf\":{\"@id\":\"https:\/\/skaitytaknyga.lt\/#website\"},\"primaryImageOfPage\":{\"@id\":\"https:\/\/skaitytaknyga.lt\/produktas\/a-marinina-zaidimas-svetimame-lauke\/#primaryimage\"},\"image\":{\"@id\":\"https:\/\/skaitytaknyga.lt\/produktas\/a-marinina-zaidimas-svetimame-lauke\/#primaryimage\"},\"thumbnailUrl\":\"https:\/\/skaitytaknyga.lt\/wp-content\/uploads\/2024\/05\/1462882882_img0002-001.jpg\",\"datePublished\":\"2024-05-04T17:55:28+00:00\",\"dateModified\":\"2026-03-05T14:00:50+00:00\",\"description\":\"Maskvos kriminalin\u0117s paie\u0161kos major\u0117 Anastasija Kamenskaja atvyksta \u012f sanatorij\u0105 tik\u0117damasi nors trumpam atitr\u016bkti nuo tiesioginio darbo, pasigydyti \u012fsisen\u0117jusius negalavimus, o kad laisvalaikiu nenuobod\u017eiaut\u0173, planuoja pasinerti \u012f savo hob\u012f \u2013 versti i\u0161 u\u017esienio kalbos knyg\u0105.Bet i\u0161svajotos ramyb\u0117s Kamenskaja \u010dia nesulaukia: aplink simpati\u0161k\u0105 ir patraukli\u0105 moter\u012f vienas po kito ima r\u0117\u017eti sparn\u0105 vyri\u0161kiai, kuri\u0173 nuo\u0161irdumu Anastasija i\u0161syk suabejoja. Profesionalios kriminalist\u0117s intuicija jai siun\u010dia signalus, kad vangi sanatorijos atmosfera \u2013 apgaulinga.Atostogaujanti milicijos major\u0117 stengiasi \u012f \u0161iuos signalus nekreipti d\u0117mesio \u2013 \u010dia svetimas \u201elaukas\\\", kuriame jai \u201e\u017eaisti\\\" neder\u0117t\u0173. Ta\u010diau kai neai\u0161kiomis aplinkyb\u0117mis nu\u017eudomas vienas i\u0161 jai asistavusi\u0173 vyr\u0173, Anastasijai tenka prisiminti \u017eenklus, kuriuos per kelias atostog\u0173 dienas u\u017efiksavo jos profesinis budrumas. Taigi Kamenskajai vis d\u0117lto tenka \u201esu\u017eaisti svetimame lauke\\\", negana to, labai ne\u012fprastoje \u201ekomandoje\\\"...\",\"breadcrumb\":{\"@id\":\"https:\/\/skaitytaknyga.lt\/produktas\/a-marinina-zaidimas-svetimame-lauke\/#breadcrumb\"},\"inLanguage\":\"en-GB\",\"potentialAction\":[{\"@type\":\"ReadAction\",\"target\":[\"https:\/\/skaitytaknyga.lt\/produktas\/a-marinina-zaidimas-svetimame-lauke\/\"]}]},{\"@type\":\"ImageObject\",\"inLanguage\":\"en-GB\",\"@id\":\"https:\/\/skaitytaknyga.lt\/produktas\/a-marinina-zaidimas-svetimame-lauke\/#primaryimage\",\"url\":\"https:\/\/skaitytaknyga.lt\/wp-content\/uploads\/2024\/05\/1462882882_img0002-001.jpg\",\"contentUrl\":\"https:\/\/skaitytaknyga.lt\/wp-content\/uploads\/2024\/05\/1462882882_img0002-001.jpg\",\"width\":264,\"height\":430},{\"@type\":\"BreadcrumbList\",\"@id\":\"https:\/\/skaitytaknyga.lt\/produktas\/a-marinina-zaidimas-svetimame-lauke\/#breadcrumb\",\"itemListElement\":[{\"@type\":\"ListItem\",\"position\":1,\"name\":\"Home\",\"item\":\"https:\/\/skaitytaknyga.lt\/\"},{\"@type\":\"ListItem\",\"position\":2,\"name\":\"Parduotuv\u0117\",\"item\":\"https:\/\/skaitytaknyga.lt\/knygu-parduotuve\/\"},{\"@type\":\"ListItem\",\"position\":3,\"name\":\"\u017daidimas svetimame lauke\"}]},{\"@type\":\"WebSite\",\"@id\":\"https:\/\/skaitytaknyga.lt\/#website\",\"url\":\"https:\/\/skaitytaknyga.lt\/\",\"name\":\"skaitytaknyga.lt\",\"description\":\"Skaitytaknyga.lt \u2013 tai ma\u017eas \u0161eimos verslas, kuris prasid\u0117jo nuo meil\u0117s knygoms ir siekio i\u0161gelb\u0117ti knygas nuo likimo prie konteinerio. Kas vienam nereikalingas daiktas \u2013 kitam lobis, o mes esame tarpininkai, kurie padeda abiems tapti laimingesniems ???? \u017dinome kaip nelengva i\u0161gyventi ma\u017eiems verslams, tad nuo \u0161iol, \u010dia rasite ir kit\u0173, ma\u017e\u0173 \u0161eim\u0173 versl\u0173, rank\u0173 darbo, dovan\u0173 sau ir artimiesiems.\",\"publisher\":{\"@id\":\"https:\/\/skaitytaknyga.lt\/#organization\"},\"potentialAction\":[{\"@type\":\"SearchAction\",\"target\":{\"@type\":\"EntryPoint\",\"urlTemplate\":\"https:\/\/skaitytaknyga.lt\/?s={search_term_string}\"},\"query-input\":{\"@type\":\"PropertyValueSpecification\",\"valueRequired\":true,\"valueName\":\"search_term_string\"}}],\"inLanguage\":\"en-GB\"},{\"@type\":\"Organization\",\"@id\":\"https:\/\/skaitytaknyga.lt\/#organization\",\"name\":\"skaitytaknyga.lt\",\"url\":\"https:\/\/skaitytaknyga.lt\/\",\"logo\":{\"@type\":\"ImageObject\",\"inLanguage\":\"en-GB\",\"@id\":\"https:\/\/skaitytaknyga.lt\/#\/schema\/logo\/image\/\",\"url\":\"https:\/\/skaitytaknyga.lt\/wp-content\/uploads\/2024\/05\/cropped-cropped-cropped-02_00843_jt3bggkj1j3HLc7SyY6rEUpg.jpeg\",\"contentUrl\":\"https:\/\/skaitytaknyga.lt\/wp-content\/uploads\/2024\/05\/cropped-cropped-cropped-02_00843_jt3bggkj1j3HLc7SyY6rEUpg.jpeg\",\"width\":1600,\"height\":1600,\"caption\":\"skaitytaknyga.lt\"},\"image\":{\"@id\":\"https:\/\/skaitytaknyga.lt\/#\/schema\/logo\/image\/\"},\"sameAs\":[\"https:\/\/www.facebook.com\/skaitytaknyga\/\"]}]}<\/script>\n<!-- \/ Yoast SEO plugin. -->","yoast_head_json":{"title":"\u017daidimas svetimame lauke","description":"Maskvos kriminalin\u0117s paie\u0161kos major\u0117 Anastasija Kamenskaja atvyksta \u012f sanatorij\u0105 tik\u0117damasi nors trumpam atitr\u016bkti nuo tiesioginio darbo, pasigydyti \u012fsisen\u0117jusius negalavimus, o kad laisvalaikiu nenuobod\u017eiaut\u0173, planuoja pasinerti \u012f savo hob\u012f \u2013 versti i\u0161 u\u017esienio kalbos knyg\u0105.Bet i\u0161svajotos ramyb\u0117s Kamenskaja \u010dia nesulaukia: aplink simpati\u0161k\u0105 ir patraukli\u0105 moter\u012f vienas po kito ima r\u0117\u017eti sparn\u0105 vyri\u0161kiai, kuri\u0173 nuo\u0161irdumu Anastasija i\u0161syk suabejoja. Profesionalios kriminalist\u0117s intuicija jai siun\u010dia signalus, kad vangi sanatorijos atmosfera \u2013 apgaulinga.Atostogaujanti milicijos major\u0117 stengiasi \u012f \u0161iuos signalus nekreipti d\u0117mesio \u2013 \u010dia svetimas \u201elaukas\", kuriame jai \u201e\u017eaisti\" neder\u0117t\u0173. Ta\u010diau kai neai\u0161kiomis aplinkyb\u0117mis nu\u017eudomas vienas i\u0161 jai asistavusi\u0173 vyr\u0173, Anastasijai tenka prisiminti \u017eenklus, kuriuos per kelias atostog\u0173 dienas u\u017efiksavo jos profesinis budrumas. Taigi Kamenskajai vis d\u0117lto tenka \u201esu\u017eaisti svetimame lauke\", negana to, labai ne\u012fprastoje \u201ekomandoje\"...","robots":{"index":"index","follow":"follow","max-snippet":"max-snippet:-1","max-image-preview":"max-image-preview:large","max-video-preview":"max-video-preview:-1"},"canonical":"https:\/\/skaitytaknyga.lt\/en\/produktas\/a-marinina-zaidimas-svetimame-lauke\/","og_locale":"en_GB","og_type":"article","og_title":"[:lt]\u017daidimas svetimame lauke[:] - Skaitytaknyga","og_description":"Maskvos kriminalin\u0117s paie\u0161kos major\u0117 Anastasija Kamenskaja atvyksta \u012f sanatorij\u0105 tik\u0117damasi nors trumpam atitr\u016bkti nuo tiesioginio darbo, pasigydyti \u012fsisen\u0117jusius negalavimus, o kad laisvalaikiu nenuobod\u017eiaut\u0173, planuoja pasinerti \u012f savo hob\u012f \u2013 versti i\u0161 u\u017esienio kalbos knyg\u0105.Bet i\u0161svajotos ramyb\u0117s Kamenskaja \u010dia nesulaukia: aplink simpati\u0161k\u0105 ir patraukli\u0105 moter\u012f vienas po kito ima r\u0117\u017eti sparn\u0105 vyri\u0161kiai, kuri\u0173 nuo\u0161irdumu Anastasija i\u0161syk suabejoja. Profesionalios kriminalist\u0117s intuicija jai siun\u010dia signalus, kad vangi sanatorijos atmosfera \u2013 apgaulinga.Atostogaujanti milicijos major\u0117 stengiasi \u012f \u0161iuos signalus nekreipti d\u0117mesio \u2013 \u010dia svetimas \u201elaukas\", kuriame jai \u201e\u017eaisti\" neder\u0117t\u0173. Ta\u010diau kai neai\u0161kiomis aplinkyb\u0117mis nu\u017eudomas vienas i\u0161 jai asistavusi\u0173 vyr\u0173, Anastasijai tenka prisiminti \u017eenklus, kuriuos per kelias atostog\u0173 dienas u\u017efiksavo jos profesinis budrumas. Taigi Kamenskajai vis d\u0117lto tenka \u201esu\u017eaisti svetimame lauke\", negana to, labai ne\u012fprastoje \u201ekomandoje\"...","og_url":"https:\/\/skaitytaknyga.lt\/en\/produktas\/a-marinina-zaidimas-svetimame-lauke\/","og_site_name":"Skaitytaknyga","article_publisher":"https:\/\/www.facebook.com\/skaitytaknyga\/","article_modified_time":"2026-03-05T14:00:50+00:00","og_image":[{"width":264,"height":430,"url":"https:\/\/skaitytaknyga.lt\/wp-content\/uploads\/2024\/05\/1462882882_img0002-001.jpg","type":"image\/jpeg"}],"twitter_card":"summary_large_image","twitter_misc":{"Estimated reading time":"1 minute"},"schema":{"@context":"https:\/\/schema.org","@graph":[{"@type":"WebPage","@id":"https:\/\/skaitytaknyga.lt\/produktas\/a-marinina-zaidimas-svetimame-lauke\/","url":"https:\/\/skaitytaknyga.lt\/produktas\/a-marinina-zaidimas-svetimame-lauke\/","name":"\u017daidimas svetimame lauke","isPartOf":{"@id":"https:\/\/skaitytaknyga.lt\/#website"},"primaryImageOfPage":{"@id":"https:\/\/skaitytaknyga.lt\/produktas\/a-marinina-zaidimas-svetimame-lauke\/#primaryimage"},"image":{"@id":"https:\/\/skaitytaknyga.lt\/produktas\/a-marinina-zaidimas-svetimame-lauke\/#primaryimage"},"thumbnailUrl":"https:\/\/skaitytaknyga.lt\/wp-content\/uploads\/2024\/05\/1462882882_img0002-001.jpg","datePublished":"2024-05-04T17:55:28+00:00","dateModified":"2026-03-05T14:00:50+00:00","description":"Maskvos kriminalin\u0117s paie\u0161kos major\u0117 Anastasija Kamenskaja atvyksta \u012f sanatorij\u0105 tik\u0117damasi nors trumpam atitr\u016bkti nuo tiesioginio darbo, pasigydyti \u012fsisen\u0117jusius negalavimus, o kad laisvalaikiu nenuobod\u017eiaut\u0173, planuoja pasinerti \u012f savo hob\u012f \u2013 versti i\u0161 u\u017esienio kalbos knyg\u0105.Bet i\u0161svajotos ramyb\u0117s Kamenskaja \u010dia nesulaukia: aplink simpati\u0161k\u0105 ir patraukli\u0105 moter\u012f vienas po kito ima r\u0117\u017eti sparn\u0105 vyri\u0161kiai, kuri\u0173 nuo\u0161irdumu Anastasija i\u0161syk suabejoja. Profesionalios kriminalist\u0117s intuicija jai siun\u010dia signalus, kad vangi sanatorijos atmosfera \u2013 apgaulinga.Atostogaujanti milicijos major\u0117 stengiasi \u012f \u0161iuos signalus nekreipti d\u0117mesio \u2013 \u010dia svetimas \u201elaukas\", kuriame jai \u201e\u017eaisti\" neder\u0117t\u0173. Ta\u010diau kai neai\u0161kiomis aplinkyb\u0117mis nu\u017eudomas vienas i\u0161 jai asistavusi\u0173 vyr\u0173, Anastasijai tenka prisiminti \u017eenklus, kuriuos per kelias atostog\u0173 dienas u\u017efiksavo jos profesinis budrumas. Taigi Kamenskajai vis d\u0117lto tenka \u201esu\u017eaisti svetimame lauke\", negana to, labai ne\u012fprastoje \u201ekomandoje\"...","breadcrumb":{"@id":"https:\/\/skaitytaknyga.lt\/produktas\/a-marinina-zaidimas-svetimame-lauke\/#breadcrumb"},"inLanguage":"en-GB","potentialAction":[{"@type":"ReadAction","target":["https:\/\/skaitytaknyga.lt\/produktas\/a-marinina-zaidimas-svetimame-lauke\/"]}]},{"@type":"ImageObject","inLanguage":"en-GB","@id":"https:\/\/skaitytaknyga.lt\/produktas\/a-marinina-zaidimas-svetimame-lauke\/#primaryimage","url":"https:\/\/skaitytaknyga.lt\/wp-content\/uploads\/2024\/05\/1462882882_img0002-001.jpg","contentUrl":"https:\/\/skaitytaknyga.lt\/wp-content\/uploads\/2024\/05\/1462882882_img0002-001.jpg","width":264,"height":430},{"@type":"BreadcrumbList","@id":"https:\/\/skaitytaknyga.lt\/produktas\/a-marinina-zaidimas-svetimame-lauke\/#breadcrumb","itemListElement":[{"@type":"ListItem","position":1,"name":"Home","item":"https:\/\/skaitytaknyga.lt\/"},{"@type":"ListItem","position":2,"name":"Parduotuv\u0117","item":"https:\/\/skaitytaknyga.lt\/knygu-parduotuve\/"},{"@type":"ListItem","position":3,"name":"\u017daidimas svetimame lauke"}]},{"@type":"WebSite","@id":"https:\/\/skaitytaknyga.lt\/#website","url":"https:\/\/skaitytaknyga.lt\/","name":"skaitytaknyga.lt","description":"Skaitytaknyga.lt \u2013 tai ma\u017eas \u0161eimos verslas, kuris prasid\u0117jo nuo meil\u0117s knygoms ir siekio i\u0161gelb\u0117ti knygas nuo likimo prie konteinerio. Kas vienam nereikalingas daiktas \u2013 kitam lobis, o mes esame tarpininkai, kurie padeda abiems tapti laimingesniems ???? \u017dinome kaip nelengva i\u0161gyventi ma\u017eiems verslams, tad nuo \u0161iol, \u010dia rasite ir kit\u0173, ma\u017e\u0173 \u0161eim\u0173 versl\u0173, rank\u0173 darbo, dovan\u0173 sau ir artimiesiems.","publisher":{"@id":"https:\/\/skaitytaknyga.lt\/#organization"},"potentialAction":[{"@type":"SearchAction","target":{"@type":"EntryPoint","urlTemplate":"https:\/\/skaitytaknyga.lt\/?s={search_term_string}"},"query-input":{"@type":"PropertyValueSpecification","valueRequired":true,"valueName":"search_term_string"}}],"inLanguage":"en-GB"},{"@type":"Organization","@id":"https:\/\/skaitytaknyga.lt\/#organization","name":"skaitytaknyga.lt","url":"https:\/\/skaitytaknyga.lt\/","logo":{"@type":"ImageObject","inLanguage":"en-GB","@id":"https:\/\/skaitytaknyga.lt\/#\/schema\/logo\/image\/","url":"https:\/\/skaitytaknyga.lt\/wp-content\/uploads\/2024\/05\/cropped-cropped-cropped-02_00843_jt3bggkj1j3HLc7SyY6rEUpg.jpeg","contentUrl":"https:\/\/skaitytaknyga.lt\/wp-content\/uploads\/2024\/05\/cropped-cropped-cropped-02_00843_jt3bggkj1j3HLc7SyY6rEUpg.jpeg","width":1600,"height":1600,"caption":"skaitytaknyga.lt"},"image":{"@id":"https:\/\/skaitytaknyga.lt\/#\/schema\/logo\/image\/"},"sameAs":["https:\/\/www.facebook.com\/skaitytaknyga\/"]}]}},"_links":{"self":[{"href":"https:\/\/skaitytaknyga.lt\/en\/wp-json\/wp\/v2\/product\/9687","targetHints":{"allow":["GET"]}}],"collection":[{"href":"https:\/\/skaitytaknyga.lt\/en\/wp-json\/wp\/v2\/product"}],"about":[{"href":"https:\/\/skaitytaknyga.lt\/en\/wp-json\/wp\/v2\/types\/product"}],"replies":[{"embeddable":true,"href":"https:\/\/skaitytaknyga.lt\/en\/wp-json\/wp\/v2\/comments?post=9687"}],"wp:featuredmedia":[{"embeddable":true,"href":"https:\/\/skaitytaknyga.lt\/en\/wp-json\/wp\/v2\/media\/9737"}],"wp:attachment":[{"href":"https:\/\/skaitytaknyga.lt\/en\/wp-json\/wp\/v2\/media?parent=9687"}],"wp:term":[{"taxonomy":"product_brand","embeddable":true,"href":"https:\/\/skaitytaknyga.lt\/en\/wp-json\/wp\/v2\/product_brand?post=9687"},{"taxonomy":"product_cat","embeddable":true,"href":"https:\/\/skaitytaknyga.lt\/en\/wp-json\/wp\/v2\/product_cat?post=9687"},{"taxonomy":"product_tag","embeddable":true,"href":"https:\/\/skaitytaknyga.lt\/en\/wp-json\/wp\/v2\/product_tag?post=9687"}],"curies":[{"name":"wp","href":"https:\/\/api.w.org\/{rel}","templated":true}]}}