{"id":9682,"date":"2024-05-04T17:55:00","date_gmt":"2024-05-04T17:55:00","guid":{"rendered":"https:\/\/skaitytaknyga.lt\/?post_type=product&#038;p=9682"},"modified":"2026-03-05T13:59:58","modified_gmt":"2026-03-05T11:59:58","slug":"a-marinina-ledo-jausmas","status":"publish","type":"product","link":"https:\/\/skaitytaknyga.lt\/en\/produktas\/a-marinina-ledo-jausmas\/","title":{"rendered":"Ledo jausmas"},"content":{"rendered":"<p>Senel\u0117s ir tetos u\u017eauginti broliai dvyniai Filanovskiai &#8211; \u0161aun\u016bs ir energingi \u017emon\u0117s. Dar nuo dailiojo \u010diuo\u017eimo treniruo\u010di\u0173 jiems i\u0161liko \u201eledo jausmas\u201c, padedantis i\u0161laikyti pusiausvyr\u0105 esant pa\u010dioms sud\u0117tingiausioms gyvenimo situacijoms.<\/p>\n<p>Ta\u010diau nei Aleksandras, nei Andrejus nieko ne\u017eino apie stropiai slepiamus \u201egriau\u010dius spintoje\u201c &#8211; g\u0117dingas \u0161eimos paslaptis. Ir pakanka bet kokio atsitiktinumo, kad gyvenimas pavojingai pasvirt\u0173 ir i\u0161slyst\u0173 i\u0161 po koj\u0173, lyg ledas i\u0161 po \u010diuo\u017e\u0117jo pa\u010di\u016b\u017e\u0173&#8230;<\/p>\n","protected":false},"excerpt":{"rendered":"<p>Senel\u0117s ir tetos u\u017eauginti broliai dvyniai Filanovskiai &#8211; \u0161aun\u016bs ir energingi \u017emon\u0117s. Dar nuo dailiojo \u010diuo\u017eimo treniruo\u010di\u0173 jiems i\u0161liko \u201eledo jausmas\u201c, padedantis i\u0161laikyti pusiausvyr\u0105 esant pa\u010dioms sud\u0117tingiausioms gyvenimo situacijoms.<\/p>\n<p>Ta\u010diau nei Aleksandras, nei Andrejus nieko ne\u017eino apie stropiai slepiamus \u201egriau\u010dius spintoje\u201c &#8211; g\u0117dingas \u0161eimos paslaptis. Ir pakanka bet kokio atsitiktinumo, kad gyvenimas pavojingai pasvirt\u0173 ir i\u0161slyst\u0173 i\u0161 po koj\u0173, lyg ledas i\u0161 po \u010diuo\u017e\u0117jo pa\u010di\u016b\u017e\u0173&#8230;<\/p>\n","protected":false},"featured_media":9736,"comment_status":"closed","ping_status":"closed","template":"","meta":{"_acf_changed":false,"site-sidebar-layout":"default","site-content-layout":"","ast-site-content-layout":"default","site-content-style":"default","site-sidebar-style":"default","ast-global-header-display":"","ast-banner-title-visibility":"","ast-main-header-display":"","ast-hfb-above-header-display":"","ast-hfb-below-header-display":"","ast-hfb-mobile-header-display":"","site-post-title":"","ast-breadcrumbs-content":"","ast-featured-img":"","footer-sml-layout":"","ast-disable-related-posts":"","theme-transparent-header-meta":"","adv-header-id-meta":"","stick-header-meta":"","header-above-stick-meta":"","header-main-stick-meta":"","header-below-stick-meta":"","astra-migrate-meta-layouts":"default","ast-page-background-enabled":"default","ast-page-background-meta":{"desktop":{"background-color":"","background-image":"","background-repeat":"repeat","background-position":"center center","background-size":"auto","background-attachment":"scroll","background-type":"","background-media":"","overlay-type":"","overlay-color":"","overlay-opacity":"","overlay-gradient":""},"tablet":{"background-color":"","background-image":"","background-repeat":"repeat","background-position":"center center","background-size":"auto","background-attachment":"scroll","background-type":"","background-media":"","overlay-type":"","overlay-color":"","overlay-opacity":"","overlay-gradient":""},"mobile":{"background-color":"","background-image":"","background-repeat":"repeat","background-position":"center center","background-size":"auto","background-attachment":"scroll","background-type":"","background-media":"","overlay-type":"","overlay-color":"","overlay-opacity":"","overlay-gradient":""}},"ast-content-background-meta":{"desktop":{"background-color":"var(--ast-global-color-4)","background-image":"","background-repeat":"repeat","background-position":"center center","background-size":"auto","background-attachment":"scroll","background-type":"","background-media":"","overlay-type":"","overlay-color":"","overlay-opacity":"","overlay-gradient":""},"tablet":{"background-color":"var(--ast-global-color-4)","background-image":"","background-repeat":"repeat","background-position":"center center","background-size":"auto","background-attachment":"scroll","background-type":"","background-media":"","overlay-type":"","overlay-color":"","overlay-opacity":"","overlay-gradient":""},"mobile":{"background-color":"var(--ast-global-color-4)","background-image":"","background-repeat":"repeat","background-position":"center center","background-size":"auto","background-attachment":"scroll","background-type":"","background-media":"","overlay-type":"","overlay-color":"","overlay-opacity":"","overlay-gradient":""}}},"product_brand":[],"product_cat":[9581],"product_tag":[3174,3227,2971,3226,3145,2088],"class_list":{"0":"post-9682","1":"product","2":"type-product","3":"status-publish","4":"has-post-thumbnail","6":"product_cat-kriminaliniai-romanai","7":"product_tag-aleksandra-marinina","8":"product_tag-broliai-dvyniai","9":"product_tag-gyvenimas","10":"product_tag-ledo-jausmas","11":"product_tag-pavojus","12":"product_tag-seimos-paslaptys","13":"desktop-align-left","14":"tablet-align-left","15":"mobile-align-left","17":"first","18":"instock","19":"shipping-taxable","20":"purchasable","21":"product-type-simple"},"acf":[],"yoast_head":"<!-- This site is optimized with the Yoast SEO plugin v27.0 - https:\/\/yoast.com\/product\/yoast-seo-wordpress\/ -->\n<title>Ledo jausmas<\/title>\n<meta name=\"description\" content=\"Senel\u0117s ir tetos u\u017eauginti broliai dvyniai Filanovskiai - \u0161aun\u016bs ir energingi \u017emon\u0117s. Dar nuo dailiojo \u010diuo\u017eimo treniruo\u010di\u0173 jiems i\u0161liko \u201eledo jausmas\u201c, padedantis i\u0161laikyti pusiausvyr\u0105 esant pa\u010dioms sud\u0117tingiausioms gyvenimo situacijoms.Ta\u010diau nei Aleksandras, nei Andrejus nieko ne\u017eino apie stropiai slepiamus \u201egriau\u010dius spintoje\u201c - g\u0117dingas \u0161eimos paslaptis. Ir pakanka bet kokio atsitiktinumo, kad gyvenimas pavojingai pasvirt\u0173 ir i\u0161slyst\u0173 i\u0161 po koj\u0173, lyg ledas i\u0161 po \u010diuo\u017e\u0117jo pa\u010di\u016b\u017e\u0173...\" \/>\n<meta name=\"robots\" content=\"index, follow, max-snippet:-1, max-image-preview:large, max-video-preview:-1\" \/>\n<link rel=\"canonical\" href=\"https:\/\/skaitytaknyga.lt\/en\/produktas\/a-marinina-ledo-jausmas\/\" \/>\n<meta property=\"og:locale\" content=\"en_GB\" \/>\n<meta property=\"og:locale:alternate\" content=\"lt_LT\" \/>\n<meta property=\"og:type\" content=\"article\" \/>\n<meta property=\"og:title\" content=\"Ledo jausmas\" \/>\n<meta property=\"og:description\" content=\"Senel\u0117s ir tetos u\u017eauginti broliai dvyniai Filanovskiai - \u0161aun\u016bs ir energingi \u017emon\u0117s. Dar nuo dailiojo \u010diuo\u017eimo treniruo\u010di\u0173 jiems i\u0161liko \u201eledo jausmas\u201c, padedantis i\u0161laikyti pusiausvyr\u0105 esant pa\u010dioms sud\u0117tingiausioms gyvenimo situacijoms.Ta\u010diau nei Aleksandras, nei Andrejus nieko ne\u017eino apie stropiai slepiamus \u201egriau\u010dius spintoje\u201c - g\u0117dingas \u0161eimos paslaptis. Ir pakanka bet kokio atsitiktinumo, kad gyvenimas pavojingai pasvirt\u0173 ir i\u0161slyst\u0173 i\u0161 po koj\u0173, lyg ledas i\u0161 po \u010diuo\u017e\u0117jo pa\u010di\u016b\u017e\u0173...\" \/>\n<meta property=\"og:url\" content=\"https:\/\/skaitytaknyga.lt\/en\/produktas\/a-marinina-ledo-jausmas\/\" \/>\n<meta property=\"og:site_name\" content=\"Skaitytaknyga\" \/>\n<meta property=\"article:publisher\" content=\"https:\/\/www.facebook.com\/skaitytaknyga\/\" \/>\n<meta property=\"article:modified_time\" content=\"2026-03-05T11:59:58+00:00\" \/>\n<meta property=\"og:image\" content=\"https:\/\/skaitytaknyga.lt\/wp-content\/uploads\/2024\/05\/1462879338_img0009.jpg\" \/>\n\t<meta property=\"og:image:width\" content=\"276\" \/>\n\t<meta property=\"og:image:height\" content=\"430\" \/>\n\t<meta property=\"og:image:type\" content=\"image\/jpeg\" \/>\n<meta name=\"twitter:card\" content=\"summary_large_image\" \/>\n<script type=\"application\/ld+json\" class=\"yoast-schema-graph\">{\"@context\":\"https:\/\/schema.org\",\"@graph\":[{\"@type\":\"WebPage\",\"@id\":\"https:\/\/skaitytaknyga.lt\/produktas\/a-marinina-ledo-jausmas\/\",\"url\":\"https:\/\/skaitytaknyga.lt\/produktas\/a-marinina-ledo-jausmas\/\",\"name\":\"Ledo jausmas\",\"isPartOf\":{\"@id\":\"https:\/\/skaitytaknyga.lt\/#website\"},\"primaryImageOfPage\":{\"@id\":\"https:\/\/skaitytaknyga.lt\/produktas\/a-marinina-ledo-jausmas\/#primaryimage\"},\"image\":{\"@id\":\"https:\/\/skaitytaknyga.lt\/produktas\/a-marinina-ledo-jausmas\/#primaryimage\"},\"thumbnailUrl\":\"https:\/\/skaitytaknyga.lt\/wp-content\/uploads\/2024\/05\/1462879338_img0009.jpg\",\"datePublished\":\"2024-05-04T17:55:00+00:00\",\"dateModified\":\"2026-03-05T11:59:58+00:00\",\"description\":\"Senel\u0117s ir tetos u\u017eauginti broliai dvyniai Filanovskiai - \u0161aun\u016bs ir energingi \u017emon\u0117s. Dar nuo dailiojo \u010diuo\u017eimo treniruo\u010di\u0173 jiems i\u0161liko \u201eledo jausmas\u201c, padedantis i\u0161laikyti pusiausvyr\u0105 esant pa\u010dioms sud\u0117tingiausioms gyvenimo situacijoms.Ta\u010diau nei Aleksandras, nei Andrejus nieko ne\u017eino apie stropiai slepiamus \u201egriau\u010dius spintoje\u201c - g\u0117dingas \u0161eimos paslaptis. Ir pakanka bet kokio atsitiktinumo, kad gyvenimas pavojingai pasvirt\u0173 ir i\u0161slyst\u0173 i\u0161 po koj\u0173, lyg ledas i\u0161 po \u010diuo\u017e\u0117jo pa\u010di\u016b\u017e\u0173...\",\"breadcrumb\":{\"@id\":\"https:\/\/skaitytaknyga.lt\/produktas\/a-marinina-ledo-jausmas\/#breadcrumb\"},\"inLanguage\":\"en-GB\",\"potentialAction\":[{\"@type\":\"ReadAction\",\"target\":[\"https:\/\/skaitytaknyga.lt\/produktas\/a-marinina-ledo-jausmas\/\"]}]},{\"@type\":\"ImageObject\",\"inLanguage\":\"en-GB\",\"@id\":\"https:\/\/skaitytaknyga.lt\/produktas\/a-marinina-ledo-jausmas\/#primaryimage\",\"url\":\"https:\/\/skaitytaknyga.lt\/wp-content\/uploads\/2024\/05\/1462879338_img0009.jpg\",\"contentUrl\":\"https:\/\/skaitytaknyga.lt\/wp-content\/uploads\/2024\/05\/1462879338_img0009.jpg\",\"width\":276,\"height\":430},{\"@type\":\"BreadcrumbList\",\"@id\":\"https:\/\/skaitytaknyga.lt\/produktas\/a-marinina-ledo-jausmas\/#breadcrumb\",\"itemListElement\":[{\"@type\":\"ListItem\",\"position\":1,\"name\":\"Home\",\"item\":\"https:\/\/skaitytaknyga.lt\/\"},{\"@type\":\"ListItem\",\"position\":2,\"name\":\"Parduotuv\u0117\",\"item\":\"https:\/\/skaitytaknyga.lt\/knygu-parduotuve\/\"},{\"@type\":\"ListItem\",\"position\":3,\"name\":\"Ledo jausmas\"}]},{\"@type\":\"WebSite\",\"@id\":\"https:\/\/skaitytaknyga.lt\/#website\",\"url\":\"https:\/\/skaitytaknyga.lt\/\",\"name\":\"skaitytaknyga.lt\",\"description\":\"Skaitytaknyga.lt \u2013 tai ma\u017eas \u0161eimos verslas, kuris prasid\u0117jo nuo meil\u0117s knygoms ir siekio i\u0161gelb\u0117ti knygas nuo likimo prie konteinerio. Kas vienam nereikalingas daiktas \u2013 kitam lobis, o mes esame tarpininkai, kurie padeda abiems tapti laimingesniems ???? \u017dinome kaip nelengva i\u0161gyventi ma\u017eiems verslams, tad nuo \u0161iol, \u010dia rasite ir kit\u0173, ma\u017e\u0173 \u0161eim\u0173 versl\u0173, rank\u0173 darbo, dovan\u0173 sau ir artimiesiems.\",\"publisher\":{\"@id\":\"https:\/\/skaitytaknyga.lt\/#organization\"},\"potentialAction\":[{\"@type\":\"SearchAction\",\"target\":{\"@type\":\"EntryPoint\",\"urlTemplate\":\"https:\/\/skaitytaknyga.lt\/?s={search_term_string}\"},\"query-input\":{\"@type\":\"PropertyValueSpecification\",\"valueRequired\":true,\"valueName\":\"search_term_string\"}}],\"inLanguage\":\"en-GB\"},{\"@type\":\"Organization\",\"@id\":\"https:\/\/skaitytaknyga.lt\/#organization\",\"name\":\"skaitytaknyga.lt\",\"url\":\"https:\/\/skaitytaknyga.lt\/\",\"logo\":{\"@type\":\"ImageObject\",\"inLanguage\":\"en-GB\",\"@id\":\"https:\/\/skaitytaknyga.lt\/#\/schema\/logo\/image\/\",\"url\":\"https:\/\/skaitytaknyga.lt\/wp-content\/uploads\/2024\/05\/cropped-cropped-cropped-02_00843_jt3bggkj1j3HLc7SyY6rEUpg.jpeg\",\"contentUrl\":\"https:\/\/skaitytaknyga.lt\/wp-content\/uploads\/2024\/05\/cropped-cropped-cropped-02_00843_jt3bggkj1j3HLc7SyY6rEUpg.jpeg\",\"width\":1600,\"height\":1600,\"caption\":\"skaitytaknyga.lt\"},\"image\":{\"@id\":\"https:\/\/skaitytaknyga.lt\/#\/schema\/logo\/image\/\"},\"sameAs\":[\"https:\/\/www.facebook.com\/skaitytaknyga\/\"]}]}<\/script>\n<!-- \/ Yoast SEO plugin. -->","yoast_head_json":{"title":"Ledo jausmas","description":"Senel\u0117s ir tetos u\u017eauginti broliai dvyniai Filanovskiai - \u0161aun\u016bs ir energingi \u017emon\u0117s. Dar nuo dailiojo \u010diuo\u017eimo treniruo\u010di\u0173 jiems i\u0161liko \u201eledo jausmas\u201c, padedantis i\u0161laikyti pusiausvyr\u0105 esant pa\u010dioms sud\u0117tingiausioms gyvenimo situacijoms.Ta\u010diau nei Aleksandras, nei Andrejus nieko ne\u017eino apie stropiai slepiamus \u201egriau\u010dius spintoje\u201c - g\u0117dingas \u0161eimos paslaptis. Ir pakanka bet kokio atsitiktinumo, kad gyvenimas pavojingai pasvirt\u0173 ir i\u0161slyst\u0173 i\u0161 po koj\u0173, lyg ledas i\u0161 po \u010diuo\u017e\u0117jo pa\u010di\u016b\u017e\u0173...","robots":{"index":"index","follow":"follow","max-snippet":"max-snippet:-1","max-image-preview":"max-image-preview:large","max-video-preview":"max-video-preview:-1"},"canonical":"https:\/\/skaitytaknyga.lt\/en\/produktas\/a-marinina-ledo-jausmas\/","og_locale":"en_GB","og_type":"article","og_title":"[:lt]Ledo jausmas[:] - Skaitytaknyga","og_description":"Senel\u0117s ir tetos u\u017eauginti broliai dvyniai Filanovskiai - \u0161aun\u016bs ir energingi \u017emon\u0117s. Dar nuo dailiojo \u010diuo\u017eimo treniruo\u010di\u0173 jiems i\u0161liko \u201eledo jausmas\u201c, padedantis i\u0161laikyti pusiausvyr\u0105 esant pa\u010dioms sud\u0117tingiausioms gyvenimo situacijoms.Ta\u010diau nei Aleksandras, nei Andrejus nieko ne\u017eino apie stropiai slepiamus \u201egriau\u010dius spintoje\u201c - g\u0117dingas \u0161eimos paslaptis. Ir pakanka bet kokio atsitiktinumo, kad gyvenimas pavojingai pasvirt\u0173 ir i\u0161slyst\u0173 i\u0161 po koj\u0173, lyg ledas i\u0161 po \u010diuo\u017e\u0117jo pa\u010di\u016b\u017e\u0173...","og_url":"https:\/\/skaitytaknyga.lt\/en\/produktas\/a-marinina-ledo-jausmas\/","og_site_name":"Skaitytaknyga","article_publisher":"https:\/\/www.facebook.com\/skaitytaknyga\/","article_modified_time":"2026-03-05T11:59:58+00:00","og_image":[{"width":276,"height":430,"url":"https:\/\/skaitytaknyga.lt\/wp-content\/uploads\/2024\/05\/1462879338_img0009.jpg","type":"image\/jpeg"}],"twitter_card":"summary_large_image","schema":{"@context":"https:\/\/schema.org","@graph":[{"@type":"WebPage","@id":"https:\/\/skaitytaknyga.lt\/produktas\/a-marinina-ledo-jausmas\/","url":"https:\/\/skaitytaknyga.lt\/produktas\/a-marinina-ledo-jausmas\/","name":"Ledo jausmas","isPartOf":{"@id":"https:\/\/skaitytaknyga.lt\/#website"},"primaryImageOfPage":{"@id":"https:\/\/skaitytaknyga.lt\/produktas\/a-marinina-ledo-jausmas\/#primaryimage"},"image":{"@id":"https:\/\/skaitytaknyga.lt\/produktas\/a-marinina-ledo-jausmas\/#primaryimage"},"thumbnailUrl":"https:\/\/skaitytaknyga.lt\/wp-content\/uploads\/2024\/05\/1462879338_img0009.jpg","datePublished":"2024-05-04T17:55:00+00:00","dateModified":"2026-03-05T11:59:58+00:00","description":"Senel\u0117s ir tetos u\u017eauginti broliai dvyniai Filanovskiai - \u0161aun\u016bs ir energingi \u017emon\u0117s. Dar nuo dailiojo \u010diuo\u017eimo treniruo\u010di\u0173 jiems i\u0161liko \u201eledo jausmas\u201c, padedantis i\u0161laikyti pusiausvyr\u0105 esant pa\u010dioms sud\u0117tingiausioms gyvenimo situacijoms.Ta\u010diau nei Aleksandras, nei Andrejus nieko ne\u017eino apie stropiai slepiamus \u201egriau\u010dius spintoje\u201c - g\u0117dingas \u0161eimos paslaptis. Ir pakanka bet kokio atsitiktinumo, kad gyvenimas pavojingai pasvirt\u0173 ir i\u0161slyst\u0173 i\u0161 po koj\u0173, lyg ledas i\u0161 po \u010diuo\u017e\u0117jo pa\u010di\u016b\u017e\u0173...","breadcrumb":{"@id":"https:\/\/skaitytaknyga.lt\/produktas\/a-marinina-ledo-jausmas\/#breadcrumb"},"inLanguage":"en-GB","potentialAction":[{"@type":"ReadAction","target":["https:\/\/skaitytaknyga.lt\/produktas\/a-marinina-ledo-jausmas\/"]}]},{"@type":"ImageObject","inLanguage":"en-GB","@id":"https:\/\/skaitytaknyga.lt\/produktas\/a-marinina-ledo-jausmas\/#primaryimage","url":"https:\/\/skaitytaknyga.lt\/wp-content\/uploads\/2024\/05\/1462879338_img0009.jpg","contentUrl":"https:\/\/skaitytaknyga.lt\/wp-content\/uploads\/2024\/05\/1462879338_img0009.jpg","width":276,"height":430},{"@type":"BreadcrumbList","@id":"https:\/\/skaitytaknyga.lt\/produktas\/a-marinina-ledo-jausmas\/#breadcrumb","itemListElement":[{"@type":"ListItem","position":1,"name":"Home","item":"https:\/\/skaitytaknyga.lt\/"},{"@type":"ListItem","position":2,"name":"Parduotuv\u0117","item":"https:\/\/skaitytaknyga.lt\/knygu-parduotuve\/"},{"@type":"ListItem","position":3,"name":"Ledo jausmas"}]},{"@type":"WebSite","@id":"https:\/\/skaitytaknyga.lt\/#website","url":"https:\/\/skaitytaknyga.lt\/","name":"skaitytaknyga.lt","description":"Skaitytaknyga.lt \u2013 tai ma\u017eas \u0161eimos verslas, kuris prasid\u0117jo nuo meil\u0117s knygoms ir siekio i\u0161gelb\u0117ti knygas nuo likimo prie konteinerio. Kas vienam nereikalingas daiktas \u2013 kitam lobis, o mes esame tarpininkai, kurie padeda abiems tapti laimingesniems ???? \u017dinome kaip nelengva i\u0161gyventi ma\u017eiems verslams, tad nuo \u0161iol, \u010dia rasite ir kit\u0173, ma\u017e\u0173 \u0161eim\u0173 versl\u0173, rank\u0173 darbo, dovan\u0173 sau ir artimiesiems.","publisher":{"@id":"https:\/\/skaitytaknyga.lt\/#organization"},"potentialAction":[{"@type":"SearchAction","target":{"@type":"EntryPoint","urlTemplate":"https:\/\/skaitytaknyga.lt\/?s={search_term_string}"},"query-input":{"@type":"PropertyValueSpecification","valueRequired":true,"valueName":"search_term_string"}}],"inLanguage":"en-GB"},{"@type":"Organization","@id":"https:\/\/skaitytaknyga.lt\/#organization","name":"skaitytaknyga.lt","url":"https:\/\/skaitytaknyga.lt\/","logo":{"@type":"ImageObject","inLanguage":"en-GB","@id":"https:\/\/skaitytaknyga.lt\/#\/schema\/logo\/image\/","url":"https:\/\/skaitytaknyga.lt\/wp-content\/uploads\/2024\/05\/cropped-cropped-cropped-02_00843_jt3bggkj1j3HLc7SyY6rEUpg.jpeg","contentUrl":"https:\/\/skaitytaknyga.lt\/wp-content\/uploads\/2024\/05\/cropped-cropped-cropped-02_00843_jt3bggkj1j3HLc7SyY6rEUpg.jpeg","width":1600,"height":1600,"caption":"skaitytaknyga.lt"},"image":{"@id":"https:\/\/skaitytaknyga.lt\/#\/schema\/logo\/image\/"},"sameAs":["https:\/\/www.facebook.com\/skaitytaknyga\/"]}]}},"_links":{"self":[{"href":"https:\/\/skaitytaknyga.lt\/en\/wp-json\/wp\/v2\/product\/9682","targetHints":{"allow":["GET"]}}],"collection":[{"href":"https:\/\/skaitytaknyga.lt\/en\/wp-json\/wp\/v2\/product"}],"about":[{"href":"https:\/\/skaitytaknyga.lt\/en\/wp-json\/wp\/v2\/types\/product"}],"replies":[{"embeddable":true,"href":"https:\/\/skaitytaknyga.lt\/en\/wp-json\/wp\/v2\/comments?post=9682"}],"wp:featuredmedia":[{"embeddable":true,"href":"https:\/\/skaitytaknyga.lt\/en\/wp-json\/wp\/v2\/media\/9736"}],"wp:attachment":[{"href":"https:\/\/skaitytaknyga.lt\/en\/wp-json\/wp\/v2\/media?parent=9682"}],"wp:term":[{"taxonomy":"product_brand","embeddable":true,"href":"https:\/\/skaitytaknyga.lt\/en\/wp-json\/wp\/v2\/product_brand?post=9682"},{"taxonomy":"product_cat","embeddable":true,"href":"https:\/\/skaitytaknyga.lt\/en\/wp-json\/wp\/v2\/product_cat?post=9682"},{"taxonomy":"product_tag","embeddable":true,"href":"https:\/\/skaitytaknyga.lt\/en\/wp-json\/wp\/v2\/product_tag?post=9682"}],"curies":[{"name":"wp","href":"https:\/\/api.w.org\/{rel}","templated":true}]}}