{"id":9681,"date":"2024-05-04T17:55:00","date_gmt":"2024-05-04T17:55:00","guid":{"rendered":"https:\/\/skaitytaknyga.lt\/?post_type=product&#038;p=9681"},"modified":"2026-03-05T13:52:44","modified_gmt":"2026-03-05T11:52:44","slug":"a-marinina-neuzrakintos-durys","status":"publish","type":"product","link":"https:\/\/skaitytaknyga.lt\/en\/produktas\/a-marinina-neuzrakintos-durys\/","title":{"rendered":"Neu\u017erakintos durys"},"content":{"rendered":"<p>Kino filmo k\u016br\u0117j\u0173 grup\u0119 kaip perk\u016bnas i\u0161 giedro dangaus sukre\u010dia kriminalinis nutikimas: nu\u017eudytas j\u0173 vairuotojas ir be \u017einios pradingsta statomo filmo scenaristo \u017emona. Pastaroji, tiesa, po keli\u0173 paie\u0161kos dien\u0173 sveika ir gyva parsiranda namo, bet detektyvei Kamenskajai nuo to ne lengviau \u2013 galim\u0173 nusikaltimo versij\u0173 tiktai daug\u0117ja. Kuri i\u0161 j\u0173 tikroji? Kaip ir bet kurioje gerai sur\u0119stoje detektyvin\u0117je istorijoje, tikroji \u2013 labiausiai netik\u0117ta.<\/p>\n<p>Ir dar vienas siurprizas: Kamenskajos narpliojamoje byloje \u0161\u012fsyk dalyvauja re\u017eisier\u0117 Voronova, jos vyras Ganelinas, aktor\u0117 Irina Saveni\u010d, scenaristas Ruslanas Nilskis \u2013 herojai, su kuri\u0173 ankstesn\u0117mis biografijomis skaitytojas yra susipa\u017ein\u0119s i\u0161 epinio u\u017emojo A. Marininos dvitomio \u201eTas, kuris \u017eino\u201c.<\/p>\n","protected":false},"excerpt":{"rendered":"<p>Kino filmo k\u016br\u0117j\u0173 grup\u0119 kaip perk\u016bnas i\u0161 giedro dangaus sukre\u010dia kriminalinis nutikimas: nu\u017eudytas j\u0173 vairuotojas ir be \u017einios pradingsta statomo filmo scenaristo \u017emona. Pastaroji, tiesa, po keli\u0173 paie\u0161kos dien\u0173 sveika ir gyva parsiranda namo, bet detektyvei Kamenskajai nuo to ne lengviau \u2013 galim\u0173 nusikaltimo versij\u0173 tiktai daug\u0117ja. Kuri i\u0161 j\u0173 tikroji? Kaip ir bet kurioje gerai sur\u0119stoje detektyvin\u0117je istorijoje, tikroji \u2013 labiausiai netik\u0117ta.<\/p>\n<p>Ir dar vienas siurprizas: Kamenskajos narpliojamoje byloje \u0161\u012fsyk dalyvauja re\u017eisier\u0117 Voronova, jos vyras Ganelinas, aktor\u0117 Irina Saveni\u010d, scenaristas Ruslanas Nilskis \u2013 herojai, su kuri\u0173 ankstesn\u0117mis biografijomis skaitytojas yra susipa\u017ein\u0119s i\u0161 epinio u\u017emojo A. Marininos dvitomio \u201eTas, kuris \u017eino\u201c.<\/p>\n","protected":false},"featured_media":9735,"comment_status":"closed","ping_status":"closed","template":"","meta":{"_acf_changed":false,"site-sidebar-layout":"default","site-content-layout":"","ast-site-content-layout":"default","site-content-style":"default","site-sidebar-style":"default","ast-global-header-display":"","ast-banner-title-visibility":"","ast-main-header-display":"","ast-hfb-above-header-display":"","ast-hfb-below-header-display":"","ast-hfb-mobile-header-display":"","site-post-title":"","ast-breadcrumbs-content":"","ast-featured-img":"","footer-sml-layout":"","ast-disable-related-posts":"","theme-transparent-header-meta":"","adv-header-id-meta":"","stick-header-meta":"","header-above-stick-meta":"","header-main-stick-meta":"","header-below-stick-meta":"","astra-migrate-meta-layouts":"default","ast-page-background-enabled":"default","ast-page-background-meta":{"desktop":{"background-color":"","background-image":"","background-repeat":"repeat","background-position":"center center","background-size":"auto","background-attachment":"scroll","background-type":"","background-media":"","overlay-type":"","overlay-color":"","overlay-opacity":"","overlay-gradient":""},"tablet":{"background-color":"","background-image":"","background-repeat":"repeat","background-position":"center center","background-size":"auto","background-attachment":"scroll","background-type":"","background-media":"","overlay-type":"","overlay-color":"","overlay-opacity":"","overlay-gradient":""},"mobile":{"background-color":"","background-image":"","background-repeat":"repeat","background-position":"center center","background-size":"auto","background-attachment":"scroll","background-type":"","background-media":"","overlay-type":"","overlay-color":"","overlay-opacity":"","overlay-gradient":""}},"ast-content-background-meta":{"desktop":{"background-color":"var(--ast-global-color-4)","background-image":"","background-repeat":"repeat","background-position":"center center","background-size":"auto","background-attachment":"scroll","background-type":"","background-media":"","overlay-type":"","overlay-color":"","overlay-opacity":"","overlay-gradient":""},"tablet":{"background-color":"var(--ast-global-color-4)","background-image":"","background-repeat":"repeat","background-position":"center center","background-size":"auto","background-attachment":"scroll","background-type":"","background-media":"","overlay-type":"","overlay-color":"","overlay-opacity":"","overlay-gradient":""},"mobile":{"background-color":"var(--ast-global-color-4)","background-image":"","background-repeat":"repeat","background-position":"center center","background-size":"auto","background-attachment":"scroll","background-type":"","background-media":"","overlay-type":"","overlay-color":"","overlay-opacity":"","overlay-gradient":""}}},"product_brand":[],"product_cat":[9581],"product_tag":[3224,3174,3221,3225,3220,3223,3222,1772],"class_list":{"0":"post-9681","1":"product","2":"type-product","3":"status-publish","4":"has-post-thumbnail","6":"product_cat-kriminaliniai-romanai","7":"product_tag-aktore","8":"product_tag-aleksandra-marinina","9":"product_tag-filmo-kurejai","10":"product_tag-kriminaline-byla","11":"product_tag-neuzrakintos-durys","12":"product_tag-rezisiere","13":"product_tag-scenaristas","14":"product_tag-zmogzudyste","15":"desktop-align-left","16":"tablet-align-left","17":"mobile-align-left","19":"first","20":"outofstock","21":"shipping-taxable","22":"purchasable","23":"product-type-simple"},"acf":[],"yoast_head":"<!-- This site is optimized with the Yoast SEO plugin v27.4 - https:\/\/yoast.com\/product\/yoast-seo-wordpress\/ -->\n<title>Neu\u017erakintos durys<\/title>\n<meta name=\"description\" content=\"Kino filmo k\u016br\u0117j\u0173 grup\u0119 kaip perk\u016bnas i\u0161 giedro dangaus sukre\u010dia kriminalinis nutikimas: nu\u017eudytas j\u0173 vairuotojas ir be \u017einios pradingsta statomo filmo scenaristo \u017emona. Pastaroji, tiesa, po keli\u0173 paie\u0161kos dien\u0173 sveika ir gyva parsiranda namo, bet detektyvei Kamenskajai nuo to ne lengviau \u2013 galim\u0173 nusikaltimo versij\u0173 tiktai daug\u0117ja. Kuri i\u0161 j\u0173 tikroji? Kaip ir bet kurioje gerai sur\u0119stoje detektyvin\u0117je istorijoje, tikroji \u2013 labiausiai netik\u0117ta.Ir dar vienas siurprizas: Kamenskajos narpliojamoje byloje \u0161\u012fsyk dalyvauja re\u017eisier\u0117 Voronova, jos vyras Ganelinas, aktor\u0117 Irina Saveni\u010d, scenaristas Ruslanas Nilskis \u2013 herojai, su kuri\u0173 ankstesn\u0117mis biografijomis skaitytojas yra susipa\u017ein\u0119s i\u0161 epinio u\u017emojo A. Marininos dvitomio \u201eTas, kuris \u017eino\u201c.\" \/>\n<meta name=\"robots\" content=\"index, follow, max-snippet:-1, max-image-preview:large, max-video-preview:-1\" \/>\n<link rel=\"canonical\" href=\"https:\/\/skaitytaknyga.lt\/en\/produktas\/a-marinina-neuzrakintos-durys\/\" \/>\n<meta property=\"og:locale\" content=\"en_GB\" \/>\n<meta property=\"og:locale:alternate\" content=\"lt_LT\" \/>\n<meta property=\"og:type\" content=\"article\" \/>\n<meta property=\"og:title\" content=\"Neu\u017erakintos durys\" \/>\n<meta property=\"og:description\" content=\"Kino filmo k\u016br\u0117j\u0173 grup\u0119 kaip perk\u016bnas i\u0161 giedro dangaus sukre\u010dia kriminalinis nutikimas: nu\u017eudytas j\u0173 vairuotojas ir be \u017einios pradingsta statomo filmo scenaristo \u017emona. Pastaroji, tiesa, po keli\u0173 paie\u0161kos dien\u0173 sveika ir gyva parsiranda namo, bet detektyvei Kamenskajai nuo to ne lengviau \u2013 galim\u0173 nusikaltimo versij\u0173 tiktai daug\u0117ja. Kuri i\u0161 j\u0173 tikroji? Kaip ir bet kurioje gerai sur\u0119stoje detektyvin\u0117je istorijoje, tikroji \u2013 labiausiai netik\u0117ta.Ir dar vienas siurprizas: Kamenskajos narpliojamoje byloje \u0161\u012fsyk dalyvauja re\u017eisier\u0117 Voronova, jos vyras Ganelinas, aktor\u0117 Irina Saveni\u010d, scenaristas Ruslanas Nilskis \u2013 herojai, su kuri\u0173 ankstesn\u0117mis biografijomis skaitytojas yra susipa\u017ein\u0119s i\u0161 epinio u\u017emojo A. Marininos dvitomio \u201eTas, kuris \u017eino\u201c.\" \/>\n<meta property=\"og:url\" content=\"https:\/\/skaitytaknyga.lt\/en\/produktas\/a-marinina-neuzrakintos-durys\/\" \/>\n<meta property=\"og:site_name\" content=\"Skaitytaknyga\" \/>\n<meta property=\"article:publisher\" content=\"https:\/\/www.facebook.com\/skaitytaknyga\/\" \/>\n<meta property=\"article:modified_time\" content=\"2026-03-05T11:52:44+00:00\" \/>\n<meta property=\"og:image\" content=\"https:\/\/skaitytaknyga.lt\/wp-content\/uploads\/2024\/05\/1462873652_neuzrakintos-durys.jpg\" \/>\n\t<meta property=\"og:image:width\" content=\"281\" \/>\n\t<meta property=\"og:image:height\" content=\"430\" \/>\n\t<meta property=\"og:image:type\" content=\"image\/jpeg\" \/>\n<meta name=\"twitter:card\" content=\"summary_large_image\" \/>\n<meta name=\"twitter:label1\" content=\"Estimated reading time\" \/>\n\t<meta name=\"twitter:data1\" content=\"1 minute\" \/>\n<script type=\"application\/ld+json\" class=\"yoast-schema-graph\">{\"@context\":\"https:\\\/\\\/schema.org\",\"@graph\":[{\"@type\":\"WebPage\",\"@id\":\"https:\\\/\\\/skaitytaknyga.lt\\\/produktas\\\/a-marinina-neuzrakintos-durys\\\/\",\"url\":\"https:\\\/\\\/skaitytaknyga.lt\\\/produktas\\\/a-marinina-neuzrakintos-durys\\\/\",\"name\":\"Neu\u017erakintos durys\",\"isPartOf\":{\"@id\":\"https:\\\/\\\/skaitytaknyga.lt\\\/#website\"},\"primaryImageOfPage\":{\"@id\":\"https:\\\/\\\/skaitytaknyga.lt\\\/produktas\\\/a-marinina-neuzrakintos-durys\\\/#primaryimage\"},\"image\":{\"@id\":\"https:\\\/\\\/skaitytaknyga.lt\\\/produktas\\\/a-marinina-neuzrakintos-durys\\\/#primaryimage\"},\"thumbnailUrl\":\"https:\\\/\\\/skaitytaknyga.lt\\\/wp-content\\\/uploads\\\/2024\\\/05\\\/1462873652_neuzrakintos-durys.jpg\",\"datePublished\":\"2024-05-04T17:55:00+00:00\",\"dateModified\":\"2026-03-05T11:52:44+00:00\",\"description\":\"Kino filmo k\u016br\u0117j\u0173 grup\u0119 kaip perk\u016bnas i\u0161 giedro dangaus sukre\u010dia kriminalinis nutikimas: nu\u017eudytas j\u0173 vairuotojas ir be \u017einios pradingsta statomo filmo scenaristo \u017emona. Pastaroji, tiesa, po keli\u0173 paie\u0161kos dien\u0173 sveika ir gyva parsiranda namo, bet detektyvei Kamenskajai nuo to ne lengviau \u2013 galim\u0173 nusikaltimo versij\u0173 tiktai daug\u0117ja. Kuri i\u0161 j\u0173 tikroji? Kaip ir bet kurioje gerai sur\u0119stoje detektyvin\u0117je istorijoje, tikroji \u2013 labiausiai netik\u0117ta.Ir dar vienas siurprizas: Kamenskajos narpliojamoje byloje \u0161\u012fsyk dalyvauja re\u017eisier\u0117 Voronova, jos vyras Ganelinas, aktor\u0117 Irina Saveni\u010d, scenaristas Ruslanas Nilskis \u2013 herojai, su kuri\u0173 ankstesn\u0117mis biografijomis skaitytojas yra susipa\u017ein\u0119s i\u0161 epinio u\u017emojo A. Marininos dvitomio \u201eTas, kuris \u017eino\u201c.\",\"breadcrumb\":{\"@id\":\"https:\\\/\\\/skaitytaknyga.lt\\\/produktas\\\/a-marinina-neuzrakintos-durys\\\/#breadcrumb\"},\"inLanguage\":\"en-GB\",\"potentialAction\":[{\"@type\":\"ReadAction\",\"target\":[\"https:\\\/\\\/skaitytaknyga.lt\\\/produktas\\\/a-marinina-neuzrakintos-durys\\\/\"]}]},{\"@type\":\"ImageObject\",\"inLanguage\":\"en-GB\",\"@id\":\"https:\\\/\\\/skaitytaknyga.lt\\\/produktas\\\/a-marinina-neuzrakintos-durys\\\/#primaryimage\",\"url\":\"https:\\\/\\\/skaitytaknyga.lt\\\/wp-content\\\/uploads\\\/2024\\\/05\\\/1462873652_neuzrakintos-durys.jpg\",\"contentUrl\":\"https:\\\/\\\/skaitytaknyga.lt\\\/wp-content\\\/uploads\\\/2024\\\/05\\\/1462873652_neuzrakintos-durys.jpg\",\"width\":281,\"height\":430},{\"@type\":\"BreadcrumbList\",\"@id\":\"https:\\\/\\\/skaitytaknyga.lt\\\/produktas\\\/a-marinina-neuzrakintos-durys\\\/#breadcrumb\",\"itemListElement\":[{\"@type\":\"ListItem\",\"position\":1,\"name\":\"Home\",\"item\":\"https:\\\/\\\/skaitytaknyga.lt\\\/\"},{\"@type\":\"ListItem\",\"position\":2,\"name\":\"Parduotuv\u0117\",\"item\":\"https:\\\/\\\/skaitytaknyga.lt\\\/knygu-parduotuve\\\/\"},{\"@type\":\"ListItem\",\"position\":3,\"name\":\"Neu\u017erakintos durys\"}]},{\"@type\":\"WebSite\",\"@id\":\"https:\\\/\\\/skaitytaknyga.lt\\\/#website\",\"url\":\"https:\\\/\\\/skaitytaknyga.lt\\\/\",\"name\":\"skaitytaknyga.lt\",\"description\":\"Skaitytaknyga.lt \u2013 tai ma\u017eas \u0161eimos verslas, kuris prasid\u0117jo nuo meil\u0117s knygoms ir siekio i\u0161gelb\u0117ti knygas nuo likimo prie konteinerio. Kas vienam nereikalingas daiktas \u2013 kitam lobis, o mes esame tarpininkai, kurie padeda abiems tapti laimingesniems ???? \u017dinome kaip nelengva i\u0161gyventi ma\u017eiems verslams, tad nuo \u0161iol, \u010dia rasite ir kit\u0173, ma\u017e\u0173 \u0161eim\u0173 versl\u0173, rank\u0173 darbo, dovan\u0173 sau ir artimiesiems.\",\"publisher\":{\"@id\":\"https:\\\/\\\/skaitytaknyga.lt\\\/#organization\"},\"potentialAction\":[{\"@type\":\"SearchAction\",\"target\":{\"@type\":\"EntryPoint\",\"urlTemplate\":\"https:\\\/\\\/skaitytaknyga.lt\\\/?s={search_term_string}\"},\"query-input\":{\"@type\":\"PropertyValueSpecification\",\"valueRequired\":true,\"valueName\":\"search_term_string\"}}],\"inLanguage\":\"en-GB\"},{\"@type\":\"Organization\",\"@id\":\"https:\\\/\\\/skaitytaknyga.lt\\\/#organization\",\"name\":\"skaitytaknyga.lt\",\"url\":\"https:\\\/\\\/skaitytaknyga.lt\\\/\",\"logo\":{\"@type\":\"ImageObject\",\"inLanguage\":\"en-GB\",\"@id\":\"https:\\\/\\\/skaitytaknyga.lt\\\/#\\\/schema\\\/logo\\\/image\\\/\",\"url\":\"https:\\\/\\\/skaitytaknyga.lt\\\/wp-content\\\/uploads\\\/2024\\\/05\\\/cropped-cropped-cropped-02_00843_jt3bggkj1j3HLc7SyY6rEUpg.jpeg\",\"contentUrl\":\"https:\\\/\\\/skaitytaknyga.lt\\\/wp-content\\\/uploads\\\/2024\\\/05\\\/cropped-cropped-cropped-02_00843_jt3bggkj1j3HLc7SyY6rEUpg.jpeg\",\"width\":1600,\"height\":1600,\"caption\":\"skaitytaknyga.lt\"},\"image\":{\"@id\":\"https:\\\/\\\/skaitytaknyga.lt\\\/#\\\/schema\\\/logo\\\/image\\\/\"},\"sameAs\":[\"https:\\\/\\\/www.facebook.com\\\/skaitytaknyga\\\/\"]}]}<\/script>\n<!-- \/ Yoast SEO plugin. -->","yoast_head_json":{"title":"Neu\u017erakintos durys","description":"Kino filmo k\u016br\u0117j\u0173 grup\u0119 kaip perk\u016bnas i\u0161 giedro dangaus sukre\u010dia kriminalinis nutikimas: nu\u017eudytas j\u0173 vairuotojas ir be \u017einios pradingsta statomo filmo scenaristo \u017emona. Pastaroji, tiesa, po keli\u0173 paie\u0161kos dien\u0173 sveika ir gyva parsiranda namo, bet detektyvei Kamenskajai nuo to ne lengviau \u2013 galim\u0173 nusikaltimo versij\u0173 tiktai daug\u0117ja. Kuri i\u0161 j\u0173 tikroji? Kaip ir bet kurioje gerai sur\u0119stoje detektyvin\u0117je istorijoje, tikroji \u2013 labiausiai netik\u0117ta.Ir dar vienas siurprizas: Kamenskajos narpliojamoje byloje \u0161\u012fsyk dalyvauja re\u017eisier\u0117 Voronova, jos vyras Ganelinas, aktor\u0117 Irina Saveni\u010d, scenaristas Ruslanas Nilskis \u2013 herojai, su kuri\u0173 ankstesn\u0117mis biografijomis skaitytojas yra susipa\u017ein\u0119s i\u0161 epinio u\u017emojo A. Marininos dvitomio \u201eTas, kuris \u017eino\u201c.","robots":{"index":"index","follow":"follow","max-snippet":"max-snippet:-1","max-image-preview":"max-image-preview:large","max-video-preview":"max-video-preview:-1"},"canonical":"https:\/\/skaitytaknyga.lt\/en\/produktas\/a-marinina-neuzrakintos-durys\/","og_locale":"en_GB","og_type":"article","og_title":"[:lt]Neu\u017erakintos durys[:] - Skaitytaknyga","og_description":"Kino filmo k\u016br\u0117j\u0173 grup\u0119 kaip perk\u016bnas i\u0161 giedro dangaus sukre\u010dia kriminalinis nutikimas: nu\u017eudytas j\u0173 vairuotojas ir be \u017einios pradingsta statomo filmo scenaristo \u017emona. Pastaroji, tiesa, po keli\u0173 paie\u0161kos dien\u0173 sveika ir gyva parsiranda namo, bet detektyvei Kamenskajai nuo to ne lengviau \u2013 galim\u0173 nusikaltimo versij\u0173 tiktai daug\u0117ja. Kuri i\u0161 j\u0173 tikroji? Kaip ir bet kurioje gerai sur\u0119stoje detektyvin\u0117je istorijoje, tikroji \u2013 labiausiai netik\u0117ta.Ir dar vienas siurprizas: Kamenskajos narpliojamoje byloje \u0161\u012fsyk dalyvauja re\u017eisier\u0117 Voronova, jos vyras Ganelinas, aktor\u0117 Irina Saveni\u010d, scenaristas Ruslanas Nilskis \u2013 herojai, su kuri\u0173 ankstesn\u0117mis biografijomis skaitytojas yra susipa\u017ein\u0119s i\u0161 epinio u\u017emojo A. Marininos dvitomio \u201eTas, kuris \u017eino\u201c.","og_url":"https:\/\/skaitytaknyga.lt\/en\/produktas\/a-marinina-neuzrakintos-durys\/","og_site_name":"Skaitytaknyga","article_publisher":"https:\/\/www.facebook.com\/skaitytaknyga\/","article_modified_time":"2026-03-05T11:52:44+00:00","og_image":[{"width":281,"height":430,"url":"https:\/\/skaitytaknyga.lt\/wp-content\/uploads\/2024\/05\/1462873652_neuzrakintos-durys.jpg","type":"image\/jpeg"}],"twitter_card":"summary_large_image","twitter_misc":{"Estimated reading time":"1 minute"},"schema":{"@context":"https:\/\/schema.org","@graph":[{"@type":"WebPage","@id":"https:\/\/skaitytaknyga.lt\/produktas\/a-marinina-neuzrakintos-durys\/","url":"https:\/\/skaitytaknyga.lt\/produktas\/a-marinina-neuzrakintos-durys\/","name":"Neu\u017erakintos durys","isPartOf":{"@id":"https:\/\/skaitytaknyga.lt\/#website"},"primaryImageOfPage":{"@id":"https:\/\/skaitytaknyga.lt\/produktas\/a-marinina-neuzrakintos-durys\/#primaryimage"},"image":{"@id":"https:\/\/skaitytaknyga.lt\/produktas\/a-marinina-neuzrakintos-durys\/#primaryimage"},"thumbnailUrl":"https:\/\/skaitytaknyga.lt\/wp-content\/uploads\/2024\/05\/1462873652_neuzrakintos-durys.jpg","datePublished":"2024-05-04T17:55:00+00:00","dateModified":"2026-03-05T11:52:44+00:00","description":"Kino filmo k\u016br\u0117j\u0173 grup\u0119 kaip perk\u016bnas i\u0161 giedro dangaus sukre\u010dia kriminalinis nutikimas: nu\u017eudytas j\u0173 vairuotojas ir be \u017einios pradingsta statomo filmo scenaristo \u017emona. Pastaroji, tiesa, po keli\u0173 paie\u0161kos dien\u0173 sveika ir gyva parsiranda namo, bet detektyvei Kamenskajai nuo to ne lengviau \u2013 galim\u0173 nusikaltimo versij\u0173 tiktai daug\u0117ja. Kuri i\u0161 j\u0173 tikroji? Kaip ir bet kurioje gerai sur\u0119stoje detektyvin\u0117je istorijoje, tikroji \u2013 labiausiai netik\u0117ta.Ir dar vienas siurprizas: Kamenskajos narpliojamoje byloje \u0161\u012fsyk dalyvauja re\u017eisier\u0117 Voronova, jos vyras Ganelinas, aktor\u0117 Irina Saveni\u010d, scenaristas Ruslanas Nilskis \u2013 herojai, su kuri\u0173 ankstesn\u0117mis biografijomis skaitytojas yra susipa\u017ein\u0119s i\u0161 epinio u\u017emojo A. Marininos dvitomio \u201eTas, kuris \u017eino\u201c.","breadcrumb":{"@id":"https:\/\/skaitytaknyga.lt\/produktas\/a-marinina-neuzrakintos-durys\/#breadcrumb"},"inLanguage":"en-GB","potentialAction":[{"@type":"ReadAction","target":["https:\/\/skaitytaknyga.lt\/produktas\/a-marinina-neuzrakintos-durys\/"]}]},{"@type":"ImageObject","inLanguage":"en-GB","@id":"https:\/\/skaitytaknyga.lt\/produktas\/a-marinina-neuzrakintos-durys\/#primaryimage","url":"https:\/\/skaitytaknyga.lt\/wp-content\/uploads\/2024\/05\/1462873652_neuzrakintos-durys.jpg","contentUrl":"https:\/\/skaitytaknyga.lt\/wp-content\/uploads\/2024\/05\/1462873652_neuzrakintos-durys.jpg","width":281,"height":430},{"@type":"BreadcrumbList","@id":"https:\/\/skaitytaknyga.lt\/produktas\/a-marinina-neuzrakintos-durys\/#breadcrumb","itemListElement":[{"@type":"ListItem","position":1,"name":"Home","item":"https:\/\/skaitytaknyga.lt\/"},{"@type":"ListItem","position":2,"name":"Parduotuv\u0117","item":"https:\/\/skaitytaknyga.lt\/knygu-parduotuve\/"},{"@type":"ListItem","position":3,"name":"Neu\u017erakintos durys"}]},{"@type":"WebSite","@id":"https:\/\/skaitytaknyga.lt\/#website","url":"https:\/\/skaitytaknyga.lt\/","name":"skaitytaknyga.lt","description":"Skaitytaknyga.lt \u2013 tai ma\u017eas \u0161eimos verslas, kuris prasid\u0117jo nuo meil\u0117s knygoms ir siekio i\u0161gelb\u0117ti knygas nuo likimo prie konteinerio. Kas vienam nereikalingas daiktas \u2013 kitam lobis, o mes esame tarpininkai, kurie padeda abiems tapti laimingesniems ???? \u017dinome kaip nelengva i\u0161gyventi ma\u017eiems verslams, tad nuo \u0161iol, \u010dia rasite ir kit\u0173, ma\u017e\u0173 \u0161eim\u0173 versl\u0173, rank\u0173 darbo, dovan\u0173 sau ir artimiesiems.","publisher":{"@id":"https:\/\/skaitytaknyga.lt\/#organization"},"potentialAction":[{"@type":"SearchAction","target":{"@type":"EntryPoint","urlTemplate":"https:\/\/skaitytaknyga.lt\/?s={search_term_string}"},"query-input":{"@type":"PropertyValueSpecification","valueRequired":true,"valueName":"search_term_string"}}],"inLanguage":"en-GB"},{"@type":"Organization","@id":"https:\/\/skaitytaknyga.lt\/#organization","name":"skaitytaknyga.lt","url":"https:\/\/skaitytaknyga.lt\/","logo":{"@type":"ImageObject","inLanguage":"en-GB","@id":"https:\/\/skaitytaknyga.lt\/#\/schema\/logo\/image\/","url":"https:\/\/skaitytaknyga.lt\/wp-content\/uploads\/2024\/05\/cropped-cropped-cropped-02_00843_jt3bggkj1j3HLc7SyY6rEUpg.jpeg","contentUrl":"https:\/\/skaitytaknyga.lt\/wp-content\/uploads\/2024\/05\/cropped-cropped-cropped-02_00843_jt3bggkj1j3HLc7SyY6rEUpg.jpeg","width":1600,"height":1600,"caption":"skaitytaknyga.lt"},"image":{"@id":"https:\/\/skaitytaknyga.lt\/#\/schema\/logo\/image\/"},"sameAs":["https:\/\/www.facebook.com\/skaitytaknyga\/"]}]}},"_links":{"self":[{"href":"https:\/\/skaitytaknyga.lt\/en\/wp-json\/wp\/v2\/product\/9681","targetHints":{"allow":["GET"]}}],"collection":[{"href":"https:\/\/skaitytaknyga.lt\/en\/wp-json\/wp\/v2\/product"}],"about":[{"href":"https:\/\/skaitytaknyga.lt\/en\/wp-json\/wp\/v2\/types\/product"}],"replies":[{"embeddable":true,"href":"https:\/\/skaitytaknyga.lt\/en\/wp-json\/wp\/v2\/comments?post=9681"}],"wp:featuredmedia":[{"embeddable":true,"href":"https:\/\/skaitytaknyga.lt\/en\/wp-json\/wp\/v2\/media\/9735"}],"wp:attachment":[{"href":"https:\/\/skaitytaknyga.lt\/en\/wp-json\/wp\/v2\/media?parent=9681"}],"wp:term":[{"taxonomy":"product_brand","embeddable":true,"href":"https:\/\/skaitytaknyga.lt\/en\/wp-json\/wp\/v2\/product_brand?post=9681"},{"taxonomy":"product_cat","embeddable":true,"href":"https:\/\/skaitytaknyga.lt\/en\/wp-json\/wp\/v2\/product_cat?post=9681"},{"taxonomy":"product_tag","embeddable":true,"href":"https:\/\/skaitytaknyga.lt\/en\/wp-json\/wp\/v2\/product_tag?post=9681"}],"curies":[{"name":"wp","href":"https:\/\/api.w.org\/{rel}","templated":true}]}}