{"id":9680,"date":"2024-05-04T17:55:00","date_gmt":"2024-05-04T17:55:00","guid":{"rendered":"https:\/\/skaitytaknyga.lt\/?post_type=product&#038;p=9680"},"modified":"2026-03-05T12:35:29","modified_gmt":"2026-03-05T10:35:29","slug":"a-marinina-kai-dievai-juokiasi","status":"publish","type":"product","link":"https:\/\/skaitytaknyga.lt\/en\/produktas\/a-marinina-kai-dievai-juokiasi\/","title":{"rendered":"Kai dievai juokiasi"},"content":{"rendered":"<p>A\u0161traus ir intriguojan\u010dio siu\u017eeto detektyvas, kuriame v\u0117l susitinkame su ankstesni\u0173 A. Marininos roman\u0173 heroje, dabar jau milicijos papulkininke Anastasija Kamenskaja.<\/p>\n<p>\u010cia steb\u0117tinai susipyn\u0119, atrodo, nieko bendro neturin\u010di\u0173 \u017emoni\u0173\u00a0likimai. Gal\u0117tume kartu su i\u0161min\u010dium su\u0161ukti: \u201eKoks ma\u017eas pasaulis!\u201c. Psichologin\u0117s Anastasijos Kamenskajos \u012f\u017evalgos, kuriomis autor\u0117 periodi\u0161kai pertraukia detektyvin\u012f pasakojim\u0105, ras atgars\u012f ne vienos skaitytojos \u0161irdyje, tuo tarpu ne vienas skaitytojas gin\u010dysis.<\/p>\n<p>Bet ir vieni, ir kiti galiausiai lieka apgauti. Istorija baigiasi netik\u0117tai ne tik skaitytojams, bet ir pa\u010diai Anastasijai Kamenskajai.<\/p>\n","protected":false},"excerpt":{"rendered":"<p>A\u0161traus ir intriguojan\u010dio siu\u017eeto detektyvas, kuriame v\u0117l susitinkame su ankstesni\u0173 A. Marininos roman\u0173 heroje, dabar jau milicijos papulkininke Anastasija Kamenskaja.<\/p>\n<p>\u010cia steb\u0117tinai susipyn\u0119, atrodo, nieko bendro neturin\u010di\u0173 \u017emoni\u0173\u00a0likimai. Gal\u0117tume kartu su i\u0161min\u010dium su\u0161ukti: \u201eKoks ma\u017eas pasaulis!\u201c. Psichologin\u0117s Anastasijos Kamenskajos \u012f\u017evalgos, kuriomis autor\u0117 periodi\u0161kai pertraukia detektyvin\u012f pasakojim\u0105, ras atgars\u012f ne vienos skaitytojos \u0161irdyje, tuo tarpu ne vienas skaitytojas gin\u010dysis.<\/p>\n<p>Bet ir vieni, ir kiti galiausiai lieka apgauti. Istorija baigiasi netik\u0117tai ne tik skaitytojams, bet ir pa\u010diai Anastasijai Kamenskajai.<\/p>\n","protected":false},"featured_media":9734,"comment_status":"closed","ping_status":"closed","template":"","meta":{"_acf_changed":false,"site-sidebar-layout":"default","site-content-layout":"","ast-site-content-layout":"default","site-content-style":"default","site-sidebar-style":"default","ast-global-header-display":"","ast-banner-title-visibility":"","ast-main-header-display":"","ast-hfb-above-header-display":"","ast-hfb-below-header-display":"","ast-hfb-mobile-header-display":"","site-post-title":"","ast-breadcrumbs-content":"","ast-featured-img":"","footer-sml-layout":"","ast-disable-related-posts":"","theme-transparent-header-meta":"","adv-header-id-meta":"","stick-header-meta":"","header-above-stick-meta":"","header-main-stick-meta":"","header-below-stick-meta":"","astra-migrate-meta-layouts":"default","ast-page-background-enabled":"default","ast-page-background-meta":{"desktop":{"background-color":"","background-image":"","background-repeat":"repeat","background-position":"center center","background-size":"auto","background-attachment":"scroll","background-type":"","background-media":"","overlay-type":"","overlay-color":"","overlay-opacity":"","overlay-gradient":""},"tablet":{"background-color":"","background-image":"","background-repeat":"repeat","background-position":"center center","background-size":"auto","background-attachment":"scroll","background-type":"","background-media":"","overlay-type":"","overlay-color":"","overlay-opacity":"","overlay-gradient":""},"mobile":{"background-color":"","background-image":"","background-repeat":"repeat","background-position":"center center","background-size":"auto","background-attachment":"scroll","background-type":"","background-media":"","overlay-type":"","overlay-color":"","overlay-opacity":"","overlay-gradient":""}},"ast-content-background-meta":{"desktop":{"background-color":"var(--ast-global-color-4)","background-image":"","background-repeat":"repeat","background-position":"center center","background-size":"auto","background-attachment":"scroll","background-type":"","background-media":"","overlay-type":"","overlay-color":"","overlay-opacity":"","overlay-gradient":""},"tablet":{"background-color":"var(--ast-global-color-4)","background-image":"","background-repeat":"repeat","background-position":"center center","background-size":"auto","background-attachment":"scroll","background-type":"","background-media":"","overlay-type":"","overlay-color":"","overlay-opacity":"","overlay-gradient":""},"mobile":{"background-color":"var(--ast-global-color-4)","background-image":"","background-repeat":"repeat","background-position":"center center","background-size":"auto","background-attachment":"scroll","background-type":"","background-media":"","overlay-type":"","overlay-color":"","overlay-opacity":"","overlay-gradient":""}}},"product_brand":[],"product_cat":[9581],"product_tag":[3174,1476,3217,3216,3218,3190,3219,1392],"class_list":{"0":"post-9680","1":"product","2":"type-product","3":"status-publish","4":"has-post-thumbnail","6":"product_cat-kriminaliniai-romanai","7":"product_tag-aleksandra-marinina","8":"product_tag-detektyvas","9":"product_tag-intriga","10":"product_tag-kai-dievai-juokiasi","11":"product_tag-likimai","12":"product_tag-milicija","13":"product_tag-netiketumas","14":"product_tag-psichologija","15":"desktop-align-left","16":"tablet-align-left","17":"mobile-align-left","19":"first","20":"instock","21":"shipping-taxable","22":"purchasable","23":"product-type-simple"},"acf":[],"yoast_head":"<!-- This site is optimized with the Yoast SEO plugin v27.0 - https:\/\/yoast.com\/product\/yoast-seo-wordpress\/ -->\n<title>Kai dievai juokiasi<\/title>\n<meta name=\"description\" content=\"A\u0161traus ir intriguojan\u010dio siu\u017eeto detektyvas, kuriame v\u0117l susitinkame su ankstesni\u0173 A. Marininos roman\u0173 heroje, dabar jau milicijos papulkininke Anastasija Kamenskaja.\u010cia steb\u0117tinai susipyn\u0119, atrodo, nieko bendro neturin\u010di\u0173 \u017emoni\u0173\u00a0likimai. Gal\u0117tume kartu su i\u0161min\u010dium su\u0161ukti: \u201eKoks ma\u017eas pasaulis!\u201c. Psichologin\u0117s Anastasijos Kamenskajos \u012f\u017evalgos, kuriomis autor\u0117 periodi\u0161kai pertraukia detektyvin\u012f pasakojim\u0105, ras atgars\u012f ne vienos skaitytojos \u0161irdyje, tuo tarpu ne vienas skaitytojas gin\u010dysis.Bet ir vieni, ir kiti galiausiai lieka apgauti. Istorija baigiasi netik\u0117tai ne tik skaitytojams, bet ir pa\u010diai Anastasijai Kamenskajai.\" \/>\n<meta name=\"robots\" content=\"index, follow, max-snippet:-1, max-image-preview:large, max-video-preview:-1\" \/>\n<link rel=\"canonical\" href=\"https:\/\/skaitytaknyga.lt\/en\/produktas\/a-marinina-kai-dievai-juokiasi\/\" \/>\n<meta property=\"og:locale\" content=\"en_GB\" \/>\n<meta property=\"og:locale:alternate\" content=\"lt_LT\" \/>\n<meta property=\"og:type\" content=\"article\" \/>\n<meta property=\"og:title\" content=\"Kai dievai juokiasi\" \/>\n<meta property=\"og:description\" content=\"A\u0161traus ir intriguojan\u010dio siu\u017eeto detektyvas, kuriame v\u0117l susitinkame su ankstesni\u0173 A. Marininos roman\u0173 heroje, dabar jau milicijos papulkininke Anastasija Kamenskaja.\u010cia steb\u0117tinai susipyn\u0119, atrodo, nieko bendro neturin\u010di\u0173 \u017emoni\u0173\u00a0likimai. Gal\u0117tume kartu su i\u0161min\u010dium su\u0161ukti: \u201eKoks ma\u017eas pasaulis!\u201c. Psichologin\u0117s Anastasijos Kamenskajos \u012f\u017evalgos, kuriomis autor\u0117 periodi\u0161kai pertraukia detektyvin\u012f pasakojim\u0105, ras atgars\u012f ne vienos skaitytojos \u0161irdyje, tuo tarpu ne vienas skaitytojas gin\u010dysis.Bet ir vieni, ir kiti galiausiai lieka apgauti. Istorija baigiasi netik\u0117tai ne tik skaitytojams, bet ir pa\u010diai Anastasijai Kamenskajai.\" \/>\n<meta property=\"og:url\" content=\"https:\/\/skaitytaknyga.lt\/en\/produktas\/a-marinina-kai-dievai-juokiasi\/\" \/>\n<meta property=\"og:site_name\" content=\"Skaitytaknyga\" \/>\n<meta property=\"article:publisher\" content=\"https:\/\/www.facebook.com\/skaitytaknyga\/\" \/>\n<meta property=\"article:modified_time\" content=\"2026-03-05T10:35:29+00:00\" \/>\n<meta property=\"og:image\" content=\"https:\/\/skaitytaknyga.lt\/wp-content\/uploads\/2024\/05\/1462876878_dievas.jpg\" \/>\n\t<meta property=\"og:image:width\" content=\"266\" \/>\n\t<meta property=\"og:image:height\" content=\"430\" \/>\n\t<meta property=\"og:image:type\" content=\"image\/jpeg\" \/>\n<meta name=\"twitter:card\" content=\"summary_large_image\" \/>\n<script type=\"application\/ld+json\" class=\"yoast-schema-graph\">{\"@context\":\"https:\/\/schema.org\",\"@graph\":[{\"@type\":\"WebPage\",\"@id\":\"https:\/\/skaitytaknyga.lt\/produktas\/a-marinina-kai-dievai-juokiasi\/\",\"url\":\"https:\/\/skaitytaknyga.lt\/produktas\/a-marinina-kai-dievai-juokiasi\/\",\"name\":\"Kai dievai juokiasi\",\"isPartOf\":{\"@id\":\"https:\/\/skaitytaknyga.lt\/#website\"},\"primaryImageOfPage\":{\"@id\":\"https:\/\/skaitytaknyga.lt\/produktas\/a-marinina-kai-dievai-juokiasi\/#primaryimage\"},\"image\":{\"@id\":\"https:\/\/skaitytaknyga.lt\/produktas\/a-marinina-kai-dievai-juokiasi\/#primaryimage\"},\"thumbnailUrl\":\"https:\/\/skaitytaknyga.lt\/wp-content\/uploads\/2024\/05\/1462876878_dievas.jpg\",\"datePublished\":\"2024-05-04T17:55:00+00:00\",\"dateModified\":\"2026-03-05T10:35:29+00:00\",\"description\":\"A\u0161traus ir intriguojan\u010dio siu\u017eeto detektyvas, kuriame v\u0117l susitinkame su ankstesni\u0173 A. Marininos roman\u0173 heroje, dabar jau milicijos papulkininke Anastasija Kamenskaja.\u010cia steb\u0117tinai susipyn\u0119, atrodo, nieko bendro neturin\u010di\u0173 \u017emoni\u0173\u00a0likimai. Gal\u0117tume kartu su i\u0161min\u010dium su\u0161ukti: \u201eKoks ma\u017eas pasaulis!\u201c. Psichologin\u0117s Anastasijos Kamenskajos \u012f\u017evalgos, kuriomis autor\u0117 periodi\u0161kai pertraukia detektyvin\u012f pasakojim\u0105, ras atgars\u012f ne vienos skaitytojos \u0161irdyje, tuo tarpu ne vienas skaitytojas gin\u010dysis.Bet ir vieni, ir kiti galiausiai lieka apgauti. Istorija baigiasi netik\u0117tai ne tik skaitytojams, bet ir pa\u010diai Anastasijai Kamenskajai.\",\"breadcrumb\":{\"@id\":\"https:\/\/skaitytaknyga.lt\/produktas\/a-marinina-kai-dievai-juokiasi\/#breadcrumb\"},\"inLanguage\":\"en-GB\",\"potentialAction\":[{\"@type\":\"ReadAction\",\"target\":[\"https:\/\/skaitytaknyga.lt\/produktas\/a-marinina-kai-dievai-juokiasi\/\"]}]},{\"@type\":\"ImageObject\",\"inLanguage\":\"en-GB\",\"@id\":\"https:\/\/skaitytaknyga.lt\/produktas\/a-marinina-kai-dievai-juokiasi\/#primaryimage\",\"url\":\"https:\/\/skaitytaknyga.lt\/wp-content\/uploads\/2024\/05\/1462876878_dievas.jpg\",\"contentUrl\":\"https:\/\/skaitytaknyga.lt\/wp-content\/uploads\/2024\/05\/1462876878_dievas.jpg\",\"width\":266,\"height\":430},{\"@type\":\"BreadcrumbList\",\"@id\":\"https:\/\/skaitytaknyga.lt\/produktas\/a-marinina-kai-dievai-juokiasi\/#breadcrumb\",\"itemListElement\":[{\"@type\":\"ListItem\",\"position\":1,\"name\":\"Home\",\"item\":\"https:\/\/skaitytaknyga.lt\/\"},{\"@type\":\"ListItem\",\"position\":2,\"name\":\"Parduotuv\u0117\",\"item\":\"https:\/\/skaitytaknyga.lt\/knygu-parduotuve\/\"},{\"@type\":\"ListItem\",\"position\":3,\"name\":\"Kai dievai juokiasi\"}]},{\"@type\":\"WebSite\",\"@id\":\"https:\/\/skaitytaknyga.lt\/#website\",\"url\":\"https:\/\/skaitytaknyga.lt\/\",\"name\":\"skaitytaknyga.lt\",\"description\":\"Skaitytaknyga.lt \u2013 tai ma\u017eas \u0161eimos verslas, kuris prasid\u0117jo nuo meil\u0117s knygoms ir siekio i\u0161gelb\u0117ti knygas nuo likimo prie konteinerio. Kas vienam nereikalingas daiktas \u2013 kitam lobis, o mes esame tarpininkai, kurie padeda abiems tapti laimingesniems ???? \u017dinome kaip nelengva i\u0161gyventi ma\u017eiems verslams, tad nuo \u0161iol, \u010dia rasite ir kit\u0173, ma\u017e\u0173 \u0161eim\u0173 versl\u0173, rank\u0173 darbo, dovan\u0173 sau ir artimiesiems.\",\"publisher\":{\"@id\":\"https:\/\/skaitytaknyga.lt\/#organization\"},\"potentialAction\":[{\"@type\":\"SearchAction\",\"target\":{\"@type\":\"EntryPoint\",\"urlTemplate\":\"https:\/\/skaitytaknyga.lt\/?s={search_term_string}\"},\"query-input\":{\"@type\":\"PropertyValueSpecification\",\"valueRequired\":true,\"valueName\":\"search_term_string\"}}],\"inLanguage\":\"en-GB\"},{\"@type\":\"Organization\",\"@id\":\"https:\/\/skaitytaknyga.lt\/#organization\",\"name\":\"skaitytaknyga.lt\",\"url\":\"https:\/\/skaitytaknyga.lt\/\",\"logo\":{\"@type\":\"ImageObject\",\"inLanguage\":\"en-GB\",\"@id\":\"https:\/\/skaitytaknyga.lt\/#\/schema\/logo\/image\/\",\"url\":\"https:\/\/skaitytaknyga.lt\/wp-content\/uploads\/2024\/05\/cropped-cropped-cropped-02_00843_jt3bggkj1j3HLc7SyY6rEUpg.jpeg\",\"contentUrl\":\"https:\/\/skaitytaknyga.lt\/wp-content\/uploads\/2024\/05\/cropped-cropped-cropped-02_00843_jt3bggkj1j3HLc7SyY6rEUpg.jpeg\",\"width\":1600,\"height\":1600,\"caption\":\"skaitytaknyga.lt\"},\"image\":{\"@id\":\"https:\/\/skaitytaknyga.lt\/#\/schema\/logo\/image\/\"},\"sameAs\":[\"https:\/\/www.facebook.com\/skaitytaknyga\/\"]}]}<\/script>\n<!-- \/ Yoast SEO plugin. -->","yoast_head_json":{"title":"Kai dievai juokiasi","description":"A\u0161traus ir intriguojan\u010dio siu\u017eeto detektyvas, kuriame v\u0117l susitinkame su ankstesni\u0173 A. Marininos roman\u0173 heroje, dabar jau milicijos papulkininke Anastasija Kamenskaja.\u010cia steb\u0117tinai susipyn\u0119, atrodo, nieko bendro neturin\u010di\u0173 \u017emoni\u0173\u00a0likimai. Gal\u0117tume kartu su i\u0161min\u010dium su\u0161ukti: \u201eKoks ma\u017eas pasaulis!\u201c. Psichologin\u0117s Anastasijos Kamenskajos \u012f\u017evalgos, kuriomis autor\u0117 periodi\u0161kai pertraukia detektyvin\u012f pasakojim\u0105, ras atgars\u012f ne vienos skaitytojos \u0161irdyje, tuo tarpu ne vienas skaitytojas gin\u010dysis.Bet ir vieni, ir kiti galiausiai lieka apgauti. Istorija baigiasi netik\u0117tai ne tik skaitytojams, bet ir pa\u010diai Anastasijai Kamenskajai.","robots":{"index":"index","follow":"follow","max-snippet":"max-snippet:-1","max-image-preview":"max-image-preview:large","max-video-preview":"max-video-preview:-1"},"canonical":"https:\/\/skaitytaknyga.lt\/en\/produktas\/a-marinina-kai-dievai-juokiasi\/","og_locale":"en_GB","og_type":"article","og_title":"[:lt]Kai dievai juokiasi[:] - Skaitytaknyga","og_description":"A\u0161traus ir intriguojan\u010dio siu\u017eeto detektyvas, kuriame v\u0117l susitinkame su ankstesni\u0173 A. Marininos roman\u0173 heroje, dabar jau milicijos papulkininke Anastasija Kamenskaja.\u010cia steb\u0117tinai susipyn\u0119, atrodo, nieko bendro neturin\u010di\u0173 \u017emoni\u0173\u00a0likimai. Gal\u0117tume kartu su i\u0161min\u010dium su\u0161ukti: \u201eKoks ma\u017eas pasaulis!\u201c. Psichologin\u0117s Anastasijos Kamenskajos \u012f\u017evalgos, kuriomis autor\u0117 periodi\u0161kai pertraukia detektyvin\u012f pasakojim\u0105, ras atgars\u012f ne vienos skaitytojos \u0161irdyje, tuo tarpu ne vienas skaitytojas gin\u010dysis.Bet ir vieni, ir kiti galiausiai lieka apgauti. Istorija baigiasi netik\u0117tai ne tik skaitytojams, bet ir pa\u010diai Anastasijai Kamenskajai.","og_url":"https:\/\/skaitytaknyga.lt\/en\/produktas\/a-marinina-kai-dievai-juokiasi\/","og_site_name":"Skaitytaknyga","article_publisher":"https:\/\/www.facebook.com\/skaitytaknyga\/","article_modified_time":"2026-03-05T10:35:29+00:00","og_image":[{"width":266,"height":430,"url":"https:\/\/skaitytaknyga.lt\/wp-content\/uploads\/2024\/05\/1462876878_dievas.jpg","type":"image\/jpeg"}],"twitter_card":"summary_large_image","schema":{"@context":"https:\/\/schema.org","@graph":[{"@type":"WebPage","@id":"https:\/\/skaitytaknyga.lt\/produktas\/a-marinina-kai-dievai-juokiasi\/","url":"https:\/\/skaitytaknyga.lt\/produktas\/a-marinina-kai-dievai-juokiasi\/","name":"Kai dievai juokiasi","isPartOf":{"@id":"https:\/\/skaitytaknyga.lt\/#website"},"primaryImageOfPage":{"@id":"https:\/\/skaitytaknyga.lt\/produktas\/a-marinina-kai-dievai-juokiasi\/#primaryimage"},"image":{"@id":"https:\/\/skaitytaknyga.lt\/produktas\/a-marinina-kai-dievai-juokiasi\/#primaryimage"},"thumbnailUrl":"https:\/\/skaitytaknyga.lt\/wp-content\/uploads\/2024\/05\/1462876878_dievas.jpg","datePublished":"2024-05-04T17:55:00+00:00","dateModified":"2026-03-05T10:35:29+00:00","description":"A\u0161traus ir intriguojan\u010dio siu\u017eeto detektyvas, kuriame v\u0117l susitinkame su ankstesni\u0173 A. Marininos roman\u0173 heroje, dabar jau milicijos papulkininke Anastasija Kamenskaja.\u010cia steb\u0117tinai susipyn\u0119, atrodo, nieko bendro neturin\u010di\u0173 \u017emoni\u0173\u00a0likimai. Gal\u0117tume kartu su i\u0161min\u010dium su\u0161ukti: \u201eKoks ma\u017eas pasaulis!\u201c. Psichologin\u0117s Anastasijos Kamenskajos \u012f\u017evalgos, kuriomis autor\u0117 periodi\u0161kai pertraukia detektyvin\u012f pasakojim\u0105, ras atgars\u012f ne vienos skaitytojos \u0161irdyje, tuo tarpu ne vienas skaitytojas gin\u010dysis.Bet ir vieni, ir kiti galiausiai lieka apgauti. Istorija baigiasi netik\u0117tai ne tik skaitytojams, bet ir pa\u010diai Anastasijai Kamenskajai.","breadcrumb":{"@id":"https:\/\/skaitytaknyga.lt\/produktas\/a-marinina-kai-dievai-juokiasi\/#breadcrumb"},"inLanguage":"en-GB","potentialAction":[{"@type":"ReadAction","target":["https:\/\/skaitytaknyga.lt\/produktas\/a-marinina-kai-dievai-juokiasi\/"]}]},{"@type":"ImageObject","inLanguage":"en-GB","@id":"https:\/\/skaitytaknyga.lt\/produktas\/a-marinina-kai-dievai-juokiasi\/#primaryimage","url":"https:\/\/skaitytaknyga.lt\/wp-content\/uploads\/2024\/05\/1462876878_dievas.jpg","contentUrl":"https:\/\/skaitytaknyga.lt\/wp-content\/uploads\/2024\/05\/1462876878_dievas.jpg","width":266,"height":430},{"@type":"BreadcrumbList","@id":"https:\/\/skaitytaknyga.lt\/produktas\/a-marinina-kai-dievai-juokiasi\/#breadcrumb","itemListElement":[{"@type":"ListItem","position":1,"name":"Home","item":"https:\/\/skaitytaknyga.lt\/"},{"@type":"ListItem","position":2,"name":"Parduotuv\u0117","item":"https:\/\/skaitytaknyga.lt\/knygu-parduotuve\/"},{"@type":"ListItem","position":3,"name":"Kai dievai juokiasi"}]},{"@type":"WebSite","@id":"https:\/\/skaitytaknyga.lt\/#website","url":"https:\/\/skaitytaknyga.lt\/","name":"skaitytaknyga.lt","description":"Skaitytaknyga.lt \u2013 tai ma\u017eas \u0161eimos verslas, kuris prasid\u0117jo nuo meil\u0117s knygoms ir siekio i\u0161gelb\u0117ti knygas nuo likimo prie konteinerio. Kas vienam nereikalingas daiktas \u2013 kitam lobis, o mes esame tarpininkai, kurie padeda abiems tapti laimingesniems ???? \u017dinome kaip nelengva i\u0161gyventi ma\u017eiems verslams, tad nuo \u0161iol, \u010dia rasite ir kit\u0173, ma\u017e\u0173 \u0161eim\u0173 versl\u0173, rank\u0173 darbo, dovan\u0173 sau ir artimiesiems.","publisher":{"@id":"https:\/\/skaitytaknyga.lt\/#organization"},"potentialAction":[{"@type":"SearchAction","target":{"@type":"EntryPoint","urlTemplate":"https:\/\/skaitytaknyga.lt\/?s={search_term_string}"},"query-input":{"@type":"PropertyValueSpecification","valueRequired":true,"valueName":"search_term_string"}}],"inLanguage":"en-GB"},{"@type":"Organization","@id":"https:\/\/skaitytaknyga.lt\/#organization","name":"skaitytaknyga.lt","url":"https:\/\/skaitytaknyga.lt\/","logo":{"@type":"ImageObject","inLanguage":"en-GB","@id":"https:\/\/skaitytaknyga.lt\/#\/schema\/logo\/image\/","url":"https:\/\/skaitytaknyga.lt\/wp-content\/uploads\/2024\/05\/cropped-cropped-cropped-02_00843_jt3bggkj1j3HLc7SyY6rEUpg.jpeg","contentUrl":"https:\/\/skaitytaknyga.lt\/wp-content\/uploads\/2024\/05\/cropped-cropped-cropped-02_00843_jt3bggkj1j3HLc7SyY6rEUpg.jpeg","width":1600,"height":1600,"caption":"skaitytaknyga.lt"},"image":{"@id":"https:\/\/skaitytaknyga.lt\/#\/schema\/logo\/image\/"},"sameAs":["https:\/\/www.facebook.com\/skaitytaknyga\/"]}]}},"_links":{"self":[{"href":"https:\/\/skaitytaknyga.lt\/en\/wp-json\/wp\/v2\/product\/9680","targetHints":{"allow":["GET"]}}],"collection":[{"href":"https:\/\/skaitytaknyga.lt\/en\/wp-json\/wp\/v2\/product"}],"about":[{"href":"https:\/\/skaitytaknyga.lt\/en\/wp-json\/wp\/v2\/types\/product"}],"replies":[{"embeddable":true,"href":"https:\/\/skaitytaknyga.lt\/en\/wp-json\/wp\/v2\/comments?post=9680"}],"wp:featuredmedia":[{"embeddable":true,"href":"https:\/\/skaitytaknyga.lt\/en\/wp-json\/wp\/v2\/media\/9734"}],"wp:attachment":[{"href":"https:\/\/skaitytaknyga.lt\/en\/wp-json\/wp\/v2\/media?parent=9680"}],"wp:term":[{"taxonomy":"product_brand","embeddable":true,"href":"https:\/\/skaitytaknyga.lt\/en\/wp-json\/wp\/v2\/product_brand?post=9680"},{"taxonomy":"product_cat","embeddable":true,"href":"https:\/\/skaitytaknyga.lt\/en\/wp-json\/wp\/v2\/product_cat?post=9680"},{"taxonomy":"product_tag","embeddable":true,"href":"https:\/\/skaitytaknyga.lt\/en\/wp-json\/wp\/v2\/product_tag?post=9680"}],"curies":[{"name":"wp","href":"https:\/\/api.w.org\/{rel}","templated":true}]}}