{"id":9679,"date":"2024-05-04T20:55:00","date_gmt":"2024-05-04T17:55:00","guid":{"rendered":"https:\/\/skaitytaknyga.lt\/?post_type=product&#038;p=9679"},"modified":"2026-03-05T16:00:47","modified_gmt":"2026-03-05T14:00:47","slug":"a-marinina-vyriski-zaidimai","status":"publish","type":"product","link":"https:\/\/skaitytaknyga.lt\/en\/produktas\/a-marinina-vyriski-zaidimai\/","title":{"rendered":"Vyri\u0161ki \u017eaidimai"},"content":{"rendered":"<p>Skaudan\u010dia \u0161irdimi kolegos i\u0161lyd\u0117jo savo vir\u0161inink\u0105 Gordejev\u0105 u\u017eimti auk\u0161tesni\u0173 pareig\u0173. Vietoj jo Petrovkos kriminalistams \u0117m\u0117 vadovauti kitas \u017emogus.<\/p>\n<p>Netrukus \u201enauja \u0161luota&#8221; skyriuje prad\u0117jo daryti savo tvark\u0105: prie\u0161 pavaldinius pasipyl\u0117 keisti nekorekti\u0161ki i\u0161puoliai. \u012e\u017eeisti kriminalistai atvirai purk\u0161tavo, o Anastasija Kamenskaja ne juokais svarst\u0117 apie galimyb\u0119 palikti Petrovk\u0105.<\/p>\n<p>Bet kas tada perims maniako byl\u0105, kuri, atrodo, supainiojo visus kriminalinio skyriaus darbuotojus?<\/p>\n","protected":false},"excerpt":{"rendered":"<p>Skaudan\u010dia \u0161irdimi kolegos i\u0161lyd\u0117jo savo vir\u0161inink\u0105 Gordejev\u0105 u\u017eimti auk\u0161tesni\u0173 pareig\u0173. Vietoj jo Petrovkos kriminalistams \u0117m\u0117 vadovauti kitas \u017emogus.<\/p>\n<p>Netrukus \u201enauja \u0161luota&#8221; skyriuje prad\u0117jo daryti savo tvark\u0105: prie\u0161 pavaldinius pasipyl\u0117 keisti nekorekti\u0161ki i\u0161puoliai. \u012e\u017eeisti kriminalistai atvirai purk\u0161tavo, o Anastasija Kamenskaja ne juokais svarst\u0117 apie galimyb\u0119 palikti Petrovk\u0105.<\/p>\n<p>Bet kas tada perims maniako byl\u0105, kuri, atrodo, supainiojo visus kriminalinio skyriaus darbuotojus?<\/p>\n","protected":false},"featured_media":9726,"comment_status":"closed","ping_status":"closed","template":"","meta":{"_acf_changed":false,"site-sidebar-layout":"default","site-content-layout":"","ast-site-content-layout":"default","site-content-style":"default","site-sidebar-style":"default","ast-global-header-display":"","ast-banner-title-visibility":"","ast-main-header-display":"","ast-hfb-above-header-display":"","ast-hfb-below-header-display":"","ast-hfb-mobile-header-display":"","site-post-title":"","ast-breadcrumbs-content":"","ast-featured-img":"","footer-sml-layout":"","ast-disable-related-posts":"","theme-transparent-header-meta":"","adv-header-id-meta":"","stick-header-meta":"","header-above-stick-meta":"","header-main-stick-meta":"","header-below-stick-meta":"","astra-migrate-meta-layouts":"default","ast-page-background-enabled":"default","ast-page-background-meta":{"desktop":{"background-color":"","background-image":"","background-repeat":"repeat","background-position":"center center","background-size":"auto","background-attachment":"scroll","background-type":"","background-media":"","overlay-type":"","overlay-color":"","overlay-opacity":"","overlay-gradient":""},"tablet":{"background-color":"","background-image":"","background-repeat":"repeat","background-position":"center center","background-size":"auto","background-attachment":"scroll","background-type":"","background-media":"","overlay-type":"","overlay-color":"","overlay-opacity":"","overlay-gradient":""},"mobile":{"background-color":"","background-image":"","background-repeat":"repeat","background-position":"center center","background-size":"auto","background-attachment":"scroll","background-type":"","background-media":"","overlay-type":"","overlay-color":"","overlay-opacity":"","overlay-gradient":""}},"ast-content-background-meta":{"desktop":{"background-color":"var(--ast-global-color-4)","background-image":"","background-repeat":"repeat","background-position":"center center","background-size":"auto","background-attachment":"scroll","background-type":"","background-media":"","overlay-type":"","overlay-color":"","overlay-opacity":"","overlay-gradient":""},"tablet":{"background-color":"var(--ast-global-color-4)","background-image":"","background-repeat":"repeat","background-position":"center center","background-size":"auto","background-attachment":"scroll","background-type":"","background-media":"","overlay-type":"","overlay-color":"","overlay-opacity":"","overlay-gradient":""},"mobile":{"background-color":"var(--ast-global-color-4)","background-image":"","background-repeat":"repeat","background-position":"center center","background-size":"auto","background-attachment":"scroll","background-type":"","background-media":"","overlay-type":"","overlay-color":"","overlay-opacity":"","overlay-gradient":""}}},"product_brand":[],"product_cat":[9581],"product_tag":[3174,3214,3209,3215,3212,3213,3211,3210,3208],"class_list":{"0":"post-9679","1":"product","2":"type-product","3":"status-publish","4":"has-post-thumbnail","6":"product_cat-kriminaliniai-romanai","7":"product_tag-aleksandra-marinina","8":"product_tag-byla","9":"product_tag-kolegos","10":"product_tag-konfliktas","11":"product_tag-kriminalistai","12":"product_tag-maniakas","13":"product_tag-petrovka","14":"product_tag-virsininkas","15":"product_tag-virtiski-zaidimai","16":"desktop-align-left","17":"tablet-align-left","18":"mobile-align-left","20":"first","21":"instock","22":"shipping-taxable","23":"purchasable","24":"product-type-simple"},"acf":[],"yoast_head":"<!-- This site is optimized with the Yoast SEO plugin v27.0 - https:\/\/yoast.com\/product\/yoast-seo-wordpress\/ -->\n<title>Vyri\u0161ki \u017eaidimai<\/title>\n<meta name=\"description\" content=\"Skaudan\u010dia \u0161irdimi kolegos i\u0161lyd\u0117jo savo vir\u0161inink\u0105 Gordejev\u0105 u\u017eimti auk\u0161tesni\u0173 pareig\u0173. Vietoj jo Petrovkos kriminalistams \u0117m\u0117 vadovauti kitas \u017emogus.Netrukus \u201enauja \u0161luota&quot; skyriuje prad\u0117jo daryti savo tvark\u0105: prie\u0161 pavaldinius pasipyl\u0117 keisti nekorekti\u0161ki i\u0161puoliai. \u012e\u017eeisti kriminalistai atvirai purk\u0161tavo, o Anastasija Kamenskaja ne juokais svarst\u0117 apie galimyb\u0119 palikti Petrovk\u0105.Bet kas tada perims maniako byl\u0105, kuri, atrodo, supainiojo visus kriminalinio skyriaus darbuotojus?\" \/>\n<meta name=\"robots\" content=\"index, follow, max-snippet:-1, max-image-preview:large, max-video-preview:-1\" \/>\n<link rel=\"canonical\" href=\"https:\/\/skaitytaknyga.lt\/en\/produktas\/a-marinina-vyriski-zaidimai\/\" \/>\n<meta property=\"og:locale\" content=\"en_GB\" \/>\n<meta property=\"og:locale:alternate\" content=\"lt_LT\" \/>\n<meta property=\"og:type\" content=\"article\" \/>\n<meta property=\"og:title\" content=\"Vyri\u0161ki \u017eaidimai\" \/>\n<meta property=\"og:description\" content=\"Skaudan\u010dia \u0161irdimi kolegos i\u0161lyd\u0117jo savo vir\u0161inink\u0105 Gordejev\u0105 u\u017eimti auk\u0161tesni\u0173 pareig\u0173. Vietoj jo Petrovkos kriminalistams \u0117m\u0117 vadovauti kitas \u017emogus.Netrukus \u201enauja \u0161luota&quot; skyriuje prad\u0117jo daryti savo tvark\u0105: prie\u0161 pavaldinius pasipyl\u0117 keisti nekorekti\u0161ki i\u0161puoliai. \u012e\u017eeisti kriminalistai atvirai purk\u0161tavo, o Anastasija Kamenskaja ne juokais svarst\u0117 apie galimyb\u0119 palikti Petrovk\u0105.Bet kas tada perims maniako byl\u0105, kuri, atrodo, supainiojo visus kriminalinio skyriaus darbuotojus?\" \/>\n<meta property=\"og:url\" content=\"https:\/\/skaitytaknyga.lt\/en\/produktas\/a-marinina-vyriski-zaidimai\/\" \/>\n<meta property=\"og:site_name\" content=\"Skaitytaknyga\" \/>\n<meta property=\"article:publisher\" content=\"https:\/\/www.facebook.com\/skaitytaknyga\/\" \/>\n<meta property=\"article:modified_time\" content=\"2026-03-05T14:00:47+00:00\" \/>\n<meta property=\"og:image\" content=\"https:\/\/skaitytaknyga.lt\/wp-content\/uploads\/2024\/05\/1462873107_vyriski.jpg\" \/>\n\t<meta property=\"og:image:width\" content=\"289\" \/>\n\t<meta property=\"og:image:height\" content=\"430\" \/>\n\t<meta property=\"og:image:type\" content=\"image\/jpeg\" \/>\n<meta name=\"twitter:card\" content=\"summary_large_image\" \/>\n<script type=\"application\/ld+json\" class=\"yoast-schema-graph\">{\"@context\":\"https:\/\/schema.org\",\"@graph\":[{\"@type\":\"WebPage\",\"@id\":\"https:\/\/skaitytaknyga.lt\/produktas\/a-marinina-vyriski-zaidimai\/\",\"url\":\"https:\/\/skaitytaknyga.lt\/produktas\/a-marinina-vyriski-zaidimai\/\",\"name\":\"Vyri\u0161ki \u017eaidimai\",\"isPartOf\":{\"@id\":\"https:\/\/skaitytaknyga.lt\/#website\"},\"primaryImageOfPage\":{\"@id\":\"https:\/\/skaitytaknyga.lt\/produktas\/a-marinina-vyriski-zaidimai\/#primaryimage\"},\"image\":{\"@id\":\"https:\/\/skaitytaknyga.lt\/produktas\/a-marinina-vyriski-zaidimai\/#primaryimage\"},\"thumbnailUrl\":\"https:\/\/skaitytaknyga.lt\/wp-content\/uploads\/2024\/05\/1462873107_vyriski.jpg\",\"datePublished\":\"2024-05-04T17:55:00+00:00\",\"dateModified\":\"2026-03-05T14:00:47+00:00\",\"description\":\"Skaudan\u010dia \u0161irdimi kolegos i\u0161lyd\u0117jo savo vir\u0161inink\u0105 Gordejev\u0105 u\u017eimti auk\u0161tesni\u0173 pareig\u0173. Vietoj jo Petrovkos kriminalistams \u0117m\u0117 vadovauti kitas \u017emogus.Netrukus \u201enauja \u0161luota\\\" skyriuje prad\u0117jo daryti savo tvark\u0105: prie\u0161 pavaldinius pasipyl\u0117 keisti nekorekti\u0161ki i\u0161puoliai. \u012e\u017eeisti kriminalistai atvirai purk\u0161tavo, o Anastasija Kamenskaja ne juokais svarst\u0117 apie galimyb\u0119 palikti Petrovk\u0105.Bet kas tada perims maniako byl\u0105, kuri, atrodo, supainiojo visus kriminalinio skyriaus darbuotojus?\",\"breadcrumb\":{\"@id\":\"https:\/\/skaitytaknyga.lt\/produktas\/a-marinina-vyriski-zaidimai\/#breadcrumb\"},\"inLanguage\":\"en-GB\",\"potentialAction\":[{\"@type\":\"ReadAction\",\"target\":[\"https:\/\/skaitytaknyga.lt\/produktas\/a-marinina-vyriski-zaidimai\/\"]}]},{\"@type\":\"ImageObject\",\"inLanguage\":\"en-GB\",\"@id\":\"https:\/\/skaitytaknyga.lt\/produktas\/a-marinina-vyriski-zaidimai\/#primaryimage\",\"url\":\"https:\/\/skaitytaknyga.lt\/wp-content\/uploads\/2024\/05\/1462873107_vyriski.jpg\",\"contentUrl\":\"https:\/\/skaitytaknyga.lt\/wp-content\/uploads\/2024\/05\/1462873107_vyriski.jpg\",\"width\":289,\"height\":430},{\"@type\":\"BreadcrumbList\",\"@id\":\"https:\/\/skaitytaknyga.lt\/produktas\/a-marinina-vyriski-zaidimai\/#breadcrumb\",\"itemListElement\":[{\"@type\":\"ListItem\",\"position\":1,\"name\":\"Home\",\"item\":\"https:\/\/skaitytaknyga.lt\/\"},{\"@type\":\"ListItem\",\"position\":2,\"name\":\"Parduotuv\u0117\",\"item\":\"https:\/\/skaitytaknyga.lt\/knygu-parduotuve\/\"},{\"@type\":\"ListItem\",\"position\":3,\"name\":\"Vyri\u0161ki \u017eaidimai\"}]},{\"@type\":\"WebSite\",\"@id\":\"https:\/\/skaitytaknyga.lt\/#website\",\"url\":\"https:\/\/skaitytaknyga.lt\/\",\"name\":\"skaitytaknyga.lt\",\"description\":\"Skaitytaknyga.lt \u2013 tai ma\u017eas \u0161eimos verslas, kuris prasid\u0117jo nuo meil\u0117s knygoms ir siekio i\u0161gelb\u0117ti knygas nuo likimo prie konteinerio. Kas vienam nereikalingas daiktas \u2013 kitam lobis, o mes esame tarpininkai, kurie padeda abiems tapti laimingesniems ???? \u017dinome kaip nelengva i\u0161gyventi ma\u017eiems verslams, tad nuo \u0161iol, \u010dia rasite ir kit\u0173, ma\u017e\u0173 \u0161eim\u0173 versl\u0173, rank\u0173 darbo, dovan\u0173 sau ir artimiesiems.\",\"publisher\":{\"@id\":\"https:\/\/skaitytaknyga.lt\/#organization\"},\"potentialAction\":[{\"@type\":\"SearchAction\",\"target\":{\"@type\":\"EntryPoint\",\"urlTemplate\":\"https:\/\/skaitytaknyga.lt\/?s={search_term_string}\"},\"query-input\":{\"@type\":\"PropertyValueSpecification\",\"valueRequired\":true,\"valueName\":\"search_term_string\"}}],\"inLanguage\":\"en-GB\"},{\"@type\":\"Organization\",\"@id\":\"https:\/\/skaitytaknyga.lt\/#organization\",\"name\":\"skaitytaknyga.lt\",\"url\":\"https:\/\/skaitytaknyga.lt\/\",\"logo\":{\"@type\":\"ImageObject\",\"inLanguage\":\"en-GB\",\"@id\":\"https:\/\/skaitytaknyga.lt\/#\/schema\/logo\/image\/\",\"url\":\"https:\/\/skaitytaknyga.lt\/wp-content\/uploads\/2024\/05\/cropped-cropped-cropped-02_00843_jt3bggkj1j3HLc7SyY6rEUpg.jpeg\",\"contentUrl\":\"https:\/\/skaitytaknyga.lt\/wp-content\/uploads\/2024\/05\/cropped-cropped-cropped-02_00843_jt3bggkj1j3HLc7SyY6rEUpg.jpeg\",\"width\":1600,\"height\":1600,\"caption\":\"skaitytaknyga.lt\"},\"image\":{\"@id\":\"https:\/\/skaitytaknyga.lt\/#\/schema\/logo\/image\/\"},\"sameAs\":[\"https:\/\/www.facebook.com\/skaitytaknyga\/\"]}]}<\/script>\n<!-- \/ Yoast SEO plugin. -->","yoast_head_json":{"title":"Vyri\u0161ki \u017eaidimai","description":"Skaudan\u010dia \u0161irdimi kolegos i\u0161lyd\u0117jo savo vir\u0161inink\u0105 Gordejev\u0105 u\u017eimti auk\u0161tesni\u0173 pareig\u0173. Vietoj jo Petrovkos kriminalistams \u0117m\u0117 vadovauti kitas \u017emogus.Netrukus \u201enauja \u0161luota\" skyriuje prad\u0117jo daryti savo tvark\u0105: prie\u0161 pavaldinius pasipyl\u0117 keisti nekorekti\u0161ki i\u0161puoliai. \u012e\u017eeisti kriminalistai atvirai purk\u0161tavo, o Anastasija Kamenskaja ne juokais svarst\u0117 apie galimyb\u0119 palikti Petrovk\u0105.Bet kas tada perims maniako byl\u0105, kuri, atrodo, supainiojo visus kriminalinio skyriaus darbuotojus?","robots":{"index":"index","follow":"follow","max-snippet":"max-snippet:-1","max-image-preview":"max-image-preview:large","max-video-preview":"max-video-preview:-1"},"canonical":"https:\/\/skaitytaknyga.lt\/en\/produktas\/a-marinina-vyriski-zaidimai\/","og_locale":"en_GB","og_type":"article","og_title":"[:lt]Vyri\u0161ki \u017eaidimai[:] - Skaitytaknyga","og_description":"Skaudan\u010dia \u0161irdimi kolegos i\u0161lyd\u0117jo savo vir\u0161inink\u0105 Gordejev\u0105 u\u017eimti auk\u0161tesni\u0173 pareig\u0173. Vietoj jo Petrovkos kriminalistams \u0117m\u0117 vadovauti kitas \u017emogus.Netrukus \u201enauja \u0161luota\" skyriuje prad\u0117jo daryti savo tvark\u0105: prie\u0161 pavaldinius pasipyl\u0117 keisti nekorekti\u0161ki i\u0161puoliai. \u012e\u017eeisti kriminalistai atvirai purk\u0161tavo, o Anastasija Kamenskaja ne juokais svarst\u0117 apie galimyb\u0119 palikti Petrovk\u0105.Bet kas tada perims maniako byl\u0105, kuri, atrodo, supainiojo visus kriminalinio skyriaus darbuotojus?","og_url":"https:\/\/skaitytaknyga.lt\/en\/produktas\/a-marinina-vyriski-zaidimai\/","og_site_name":"Skaitytaknyga","article_publisher":"https:\/\/www.facebook.com\/skaitytaknyga\/","article_modified_time":"2026-03-05T14:00:47+00:00","og_image":[{"width":289,"height":430,"url":"https:\/\/skaitytaknyga.lt\/wp-content\/uploads\/2024\/05\/1462873107_vyriski.jpg","type":"image\/jpeg"}],"twitter_card":"summary_large_image","schema":{"@context":"https:\/\/schema.org","@graph":[{"@type":"WebPage","@id":"https:\/\/skaitytaknyga.lt\/produktas\/a-marinina-vyriski-zaidimai\/","url":"https:\/\/skaitytaknyga.lt\/produktas\/a-marinina-vyriski-zaidimai\/","name":"Vyri\u0161ki \u017eaidimai","isPartOf":{"@id":"https:\/\/skaitytaknyga.lt\/#website"},"primaryImageOfPage":{"@id":"https:\/\/skaitytaknyga.lt\/produktas\/a-marinina-vyriski-zaidimai\/#primaryimage"},"image":{"@id":"https:\/\/skaitytaknyga.lt\/produktas\/a-marinina-vyriski-zaidimai\/#primaryimage"},"thumbnailUrl":"https:\/\/skaitytaknyga.lt\/wp-content\/uploads\/2024\/05\/1462873107_vyriski.jpg","datePublished":"2024-05-04T17:55:00+00:00","dateModified":"2026-03-05T14:00:47+00:00","description":"Skaudan\u010dia \u0161irdimi kolegos i\u0161lyd\u0117jo savo vir\u0161inink\u0105 Gordejev\u0105 u\u017eimti auk\u0161tesni\u0173 pareig\u0173. Vietoj jo Petrovkos kriminalistams \u0117m\u0117 vadovauti kitas \u017emogus.Netrukus \u201enauja \u0161luota\" skyriuje prad\u0117jo daryti savo tvark\u0105: prie\u0161 pavaldinius pasipyl\u0117 keisti nekorekti\u0161ki i\u0161puoliai. \u012e\u017eeisti kriminalistai atvirai purk\u0161tavo, o Anastasija Kamenskaja ne juokais svarst\u0117 apie galimyb\u0119 palikti Petrovk\u0105.Bet kas tada perims maniako byl\u0105, kuri, atrodo, supainiojo visus kriminalinio skyriaus darbuotojus?","breadcrumb":{"@id":"https:\/\/skaitytaknyga.lt\/produktas\/a-marinina-vyriski-zaidimai\/#breadcrumb"},"inLanguage":"en-GB","potentialAction":[{"@type":"ReadAction","target":["https:\/\/skaitytaknyga.lt\/produktas\/a-marinina-vyriski-zaidimai\/"]}]},{"@type":"ImageObject","inLanguage":"en-GB","@id":"https:\/\/skaitytaknyga.lt\/produktas\/a-marinina-vyriski-zaidimai\/#primaryimage","url":"https:\/\/skaitytaknyga.lt\/wp-content\/uploads\/2024\/05\/1462873107_vyriski.jpg","contentUrl":"https:\/\/skaitytaknyga.lt\/wp-content\/uploads\/2024\/05\/1462873107_vyriski.jpg","width":289,"height":430},{"@type":"BreadcrumbList","@id":"https:\/\/skaitytaknyga.lt\/produktas\/a-marinina-vyriski-zaidimai\/#breadcrumb","itemListElement":[{"@type":"ListItem","position":1,"name":"Home","item":"https:\/\/skaitytaknyga.lt\/"},{"@type":"ListItem","position":2,"name":"Parduotuv\u0117","item":"https:\/\/skaitytaknyga.lt\/knygu-parduotuve\/"},{"@type":"ListItem","position":3,"name":"Vyri\u0161ki \u017eaidimai"}]},{"@type":"WebSite","@id":"https:\/\/skaitytaknyga.lt\/#website","url":"https:\/\/skaitytaknyga.lt\/","name":"skaitytaknyga.lt","description":"Skaitytaknyga.lt \u2013 tai ma\u017eas \u0161eimos verslas, kuris prasid\u0117jo nuo meil\u0117s knygoms ir siekio i\u0161gelb\u0117ti knygas nuo likimo prie konteinerio. Kas vienam nereikalingas daiktas \u2013 kitam lobis, o mes esame tarpininkai, kurie padeda abiems tapti laimingesniems ???? \u017dinome kaip nelengva i\u0161gyventi ma\u017eiems verslams, tad nuo \u0161iol, \u010dia rasite ir kit\u0173, ma\u017e\u0173 \u0161eim\u0173 versl\u0173, rank\u0173 darbo, dovan\u0173 sau ir artimiesiems.","publisher":{"@id":"https:\/\/skaitytaknyga.lt\/#organization"},"potentialAction":[{"@type":"SearchAction","target":{"@type":"EntryPoint","urlTemplate":"https:\/\/skaitytaknyga.lt\/?s={search_term_string}"},"query-input":{"@type":"PropertyValueSpecification","valueRequired":true,"valueName":"search_term_string"}}],"inLanguage":"en-GB"},{"@type":"Organization","@id":"https:\/\/skaitytaknyga.lt\/#organization","name":"skaitytaknyga.lt","url":"https:\/\/skaitytaknyga.lt\/","logo":{"@type":"ImageObject","inLanguage":"en-GB","@id":"https:\/\/skaitytaknyga.lt\/#\/schema\/logo\/image\/","url":"https:\/\/skaitytaknyga.lt\/wp-content\/uploads\/2024\/05\/cropped-cropped-cropped-02_00843_jt3bggkj1j3HLc7SyY6rEUpg.jpeg","contentUrl":"https:\/\/skaitytaknyga.lt\/wp-content\/uploads\/2024\/05\/cropped-cropped-cropped-02_00843_jt3bggkj1j3HLc7SyY6rEUpg.jpeg","width":1600,"height":1600,"caption":"skaitytaknyga.lt"},"image":{"@id":"https:\/\/skaitytaknyga.lt\/#\/schema\/logo\/image\/"},"sameAs":["https:\/\/www.facebook.com\/skaitytaknyga\/"]}]}},"_links":{"self":[{"href":"https:\/\/skaitytaknyga.lt\/en\/wp-json\/wp\/v2\/product\/9679","targetHints":{"allow":["GET"]}}],"collection":[{"href":"https:\/\/skaitytaknyga.lt\/en\/wp-json\/wp\/v2\/product"}],"about":[{"href":"https:\/\/skaitytaknyga.lt\/en\/wp-json\/wp\/v2\/types\/product"}],"replies":[{"embeddable":true,"href":"https:\/\/skaitytaknyga.lt\/en\/wp-json\/wp\/v2\/comments?post=9679"}],"wp:featuredmedia":[{"embeddable":true,"href":"https:\/\/skaitytaknyga.lt\/en\/wp-json\/wp\/v2\/media\/9726"}],"wp:attachment":[{"href":"https:\/\/skaitytaknyga.lt\/en\/wp-json\/wp\/v2\/media?parent=9679"}],"wp:term":[{"taxonomy":"product_brand","embeddable":true,"href":"https:\/\/skaitytaknyga.lt\/en\/wp-json\/wp\/v2\/product_brand?post=9679"},{"taxonomy":"product_cat","embeddable":true,"href":"https:\/\/skaitytaknyga.lt\/en\/wp-json\/wp\/v2\/product_cat?post=9679"},{"taxonomy":"product_tag","embeddable":true,"href":"https:\/\/skaitytaknyga.lt\/en\/wp-json\/wp\/v2\/product_tag?post=9679"}],"curies":[{"name":"wp","href":"https:\/\/api.w.org\/{rel}","templated":true}]}}