{"id":9678,"date":"2024-05-04T17:55:00","date_gmt":"2024-05-04T17:55:00","guid":{"rendered":"https:\/\/skaitytaknyga.lt\/?post_type=product&#038;p=9678"},"modified":"2026-03-05T16:00:50","modified_gmt":"2026-03-05T14:00:50","slug":"a-marinina-viskas-ne-taip","status":"publish","type":"product","link":"https:\/\/skaitytaknyga.lt\/en\/produktas\/a-marinina-viskas-ne-taip\/","title":{"rendered":"Viskas ne taip"},"content":{"rendered":"<p>Didel\u0117je Rudenk\u0173 \u0161eima mil\u017eini\u0161kame bute gyvena gerai ir tarsi niekam nieko netr\u016bksta. Ta\u010diau kod\u0117l Julia taip neken\u010dia Danos, o Michailas \u2013 Julios? Kod\u0117l Larisa Anatoljevna ignoruoja Jelen\u0105, o Ana Aleksejevna nem\u0117gsta ir bijo Larisos? Ir tai dar ne viskas.<\/p>\n<p>Kai \u0161i\u0105 \u0161eim\u0105 staiga u\u017egri\u016bva nelaim\u0117 \u2013 nu\u017eudomas vienas i\u0161 mylimiausi\u0173 (arba neken\u010diamiausi\u0173, nelygu kaip \u017ei\u016br\u0117si) \u017emoni\u0173, \u012ftarimo \u0161e\u0161\u0117lis krinta ant kiekvieno likusio gyvo \u0161eimos nario. Kaip dabar jaustis \u0161iame dideliame ir nejaukiame bute, kai \u0161alia tav\u0119s \u2013 \u017eudikas?<\/p>\n<p>Ta\u010diau kur kas baisiau yra pa\u017evelgti \u012f savo paties sielos gelm\u0119 ir akis \u012f ak\u012f susidurti su ten t\u016bnan\u010diu demonu, kuris ver\u010dia tave gyventi ne taip, kaip nori.<\/p>\n","protected":false},"excerpt":{"rendered":"<p>Didel\u0117je Rudenk\u0173 \u0161eima mil\u017eini\u0161kame bute gyvena gerai ir tarsi niekam nieko netr\u016bksta. Ta\u010diau kod\u0117l Julia taip neken\u010dia Danos, o Michailas \u2013 Julios? Kod\u0117l Larisa Anatoljevna ignoruoja Jelen\u0105, o Ana Aleksejevna nem\u0117gsta ir bijo Larisos? Ir tai dar ne viskas.<\/p>\n<p>Kai \u0161i\u0105 \u0161eim\u0105 staiga u\u017egri\u016bva nelaim\u0117 \u2013 nu\u017eudomas vienas i\u0161 mylimiausi\u0173 (arba neken\u010diamiausi\u0173, nelygu kaip \u017ei\u016br\u0117si) \u017emoni\u0173, \u012ftarimo \u0161e\u0161\u0117lis krinta ant kiekvieno likusio gyvo \u0161eimos nario. Kaip dabar jaustis \u0161iame dideliame ir nejaukiame bute, kai \u0161alia tav\u0119s \u2013 \u017eudikas?<\/p>\n<p>Ta\u010diau kur kas baisiau yra pa\u017evelgti \u012f savo paties sielos gelm\u0119 ir akis \u012f ak\u012f susidurti su ten t\u016bnan\u010diu demonu, kuris ver\u010dia tave gyventi ne taip, kaip nori.<\/p>\n","protected":false},"featured_media":9725,"comment_status":"closed","ping_status":"closed","template":"","meta":{"_acf_changed":false,"site-sidebar-layout":"default","site-content-layout":"","ast-site-content-layout":"default","site-content-style":"default","site-sidebar-style":"default","ast-global-header-display":"","ast-banner-title-visibility":"","ast-main-header-display":"","ast-hfb-above-header-display":"","ast-hfb-below-header-display":"","ast-hfb-mobile-header-display":"","site-post-title":"","ast-breadcrumbs-content":"","ast-featured-img":"","footer-sml-layout":"","ast-disable-related-posts":"","theme-transparent-header-meta":"","adv-header-id-meta":"","stick-header-meta":"","header-above-stick-meta":"","header-main-stick-meta":"","header-below-stick-meta":"","astra-migrate-meta-layouts":"default","ast-page-background-enabled":"default","ast-page-background-meta":{"desktop":{"background-color":"","background-image":"","background-repeat":"repeat","background-position":"center center","background-size":"auto","background-attachment":"scroll","background-type":"","background-media":"","overlay-type":"","overlay-color":"","overlay-opacity":"","overlay-gradient":""},"tablet":{"background-color":"","background-image":"","background-repeat":"repeat","background-position":"center center","background-size":"auto","background-attachment":"scroll","background-type":"","background-media":"","overlay-type":"","overlay-color":"","overlay-opacity":"","overlay-gradient":""},"mobile":{"background-color":"","background-image":"","background-repeat":"repeat","background-position":"center center","background-size":"auto","background-attachment":"scroll","background-type":"","background-media":"","overlay-type":"","overlay-color":"","overlay-opacity":"","overlay-gradient":""}},"ast-content-background-meta":{"desktop":{"background-color":"var(--ast-global-color-4)","background-image":"","background-repeat":"repeat","background-position":"center center","background-size":"auto","background-attachment":"scroll","background-type":"","background-media":"","overlay-type":"","overlay-color":"","overlay-opacity":"","overlay-gradient":""},"tablet":{"background-color":"var(--ast-global-color-4)","background-image":"","background-repeat":"repeat","background-position":"center center","background-size":"auto","background-attachment":"scroll","background-type":"","background-media":"","overlay-type":"","overlay-color":"","overlay-opacity":"","overlay-gradient":""},"mobile":{"background-color":"var(--ast-global-color-4)","background-image":"","background-repeat":"repeat","background-position":"center center","background-size":"auto","background-attachment":"scroll","background-type":"","background-media":"","overlay-type":"","overlay-color":"","overlay-opacity":"","overlay-gradient":""}}},"product_brand":[],"product_cat":[9581],"product_tag":[3174,3207,2971,3206,1417,1646,3205],"class_list":{"0":"post-9678","1":"product","2":"type-product","3":"status-publish","4":"has-post-thumbnail","6":"product_cat-kriminaliniai-romanai","7":"product_tag-aleksandra-marinina","8":"product_tag-demonas","9":"product_tag-gyvenimas","10":"product_tag-neapykanta","11":"product_tag-santykiai","12":"product_tag-seima","13":"product_tag-viskas-ne-taip","14":"desktop-align-left","15":"tablet-align-left","16":"mobile-align-left","18":"first","19":"instock","20":"shipping-taxable","21":"purchasable","22":"product-type-simple"},"acf":[],"yoast_head":"<!-- This site is optimized with the Yoast SEO plugin v27.0 - https:\/\/yoast.com\/product\/yoast-seo-wordpress\/ -->\n<title>Viskas ne taip<\/title>\n<meta name=\"description\" content=\"Didel\u0117je Rudenk\u0173 \u0161eima mil\u017eini\u0161kame bute gyvena gerai ir tarsi niekam nieko netr\u016bksta. Ta\u010diau kod\u0117l Julia taip neken\u010dia Danos, o Michailas \u2013 Julios? Kod\u0117l Larisa Anatoljevna ignoruoja Jelen\u0105, o Ana Aleksejevna nem\u0117gsta ir bijo Larisos? Ir tai dar ne viskas.  Kai \u0161i\u0105 \u0161eim\u0105 staiga u\u017egri\u016bva nelaim\u0117 \u2013 nu\u017eudomas vienas i\u0161 mylimiausi\u0173 (arba neken\u010diamiausi\u0173, nelygu kaip \u017ei\u016br\u0117si) \u017emoni\u0173, \u012ftarimo \u0161e\u0161\u0117lis krinta ant kiekvieno likusio gyvo \u0161eimos nario. Kaip dabar jaustis \u0161iame dideliame ir nejaukiame bute, kai \u0161alia tav\u0119s \u2013 \u017eudikas?  Ta\u010diau kur kas baisiau yra pa\u017evelgti \u012f savo paties sielos gelm\u0119 ir akis \u012f ak\u012f susidurti su ten t\u016bnan\u010diu demonu, kuris ver\u010dia tave gyventi ne taip, kaip nori.\" \/>\n<meta name=\"robots\" content=\"index, follow, max-snippet:-1, max-image-preview:large, max-video-preview:-1\" \/>\n<link rel=\"canonical\" href=\"https:\/\/skaitytaknyga.lt\/en\/produktas\/a-marinina-viskas-ne-taip\/\" \/>\n<meta property=\"og:locale\" content=\"en_GB\" \/>\n<meta property=\"og:locale:alternate\" content=\"lt_LT\" \/>\n<meta property=\"og:type\" content=\"article\" \/>\n<meta property=\"og:title\" content=\"Viskas ne taip\" \/>\n<meta property=\"og:description\" content=\"Didel\u0117je Rudenk\u0173 \u0161eima mil\u017eini\u0161kame bute gyvena gerai ir tarsi niekam nieko netr\u016bksta. Ta\u010diau kod\u0117l Julia taip neken\u010dia Danos, o Michailas \u2013 Julios? Kod\u0117l Larisa Anatoljevna ignoruoja Jelen\u0105, o Ana Aleksejevna nem\u0117gsta ir bijo Larisos? Ir tai dar ne viskas.  Kai \u0161i\u0105 \u0161eim\u0105 staiga u\u017egri\u016bva nelaim\u0117 \u2013 nu\u017eudomas vienas i\u0161 mylimiausi\u0173 (arba neken\u010diamiausi\u0173, nelygu kaip \u017ei\u016br\u0117si) \u017emoni\u0173, \u012ftarimo \u0161e\u0161\u0117lis krinta ant kiekvieno likusio gyvo \u0161eimos nario. Kaip dabar jaustis \u0161iame dideliame ir nejaukiame bute, kai \u0161alia tav\u0119s \u2013 \u017eudikas?  Ta\u010diau kur kas baisiau yra pa\u017evelgti \u012f savo paties sielos gelm\u0119 ir akis \u012f ak\u012f susidurti su ten t\u016bnan\u010diu demonu, kuris ver\u010dia tave gyventi ne taip, kaip nori.\" \/>\n<meta property=\"og:url\" content=\"https:\/\/skaitytaknyga.lt\/en\/produktas\/a-marinina-viskas-ne-taip\/\" \/>\n<meta property=\"og:site_name\" content=\"Skaitytaknyga\" \/>\n<meta property=\"article:publisher\" content=\"https:\/\/www.facebook.com\/skaitytaknyga\/\" \/>\n<meta property=\"article:modified_time\" content=\"2026-03-05T14:00:50+00:00\" \/>\n<meta property=\"og:image\" content=\"https:\/\/skaitytaknyga.lt\/wp-content\/uploads\/2024\/05\/1462876543_viskas.jpg\" \/>\n\t<meta property=\"og:image:width\" content=\"275\" \/>\n\t<meta property=\"og:image:height\" content=\"430\" \/>\n\t<meta property=\"og:image:type\" content=\"image\/jpeg\" \/>\n<meta name=\"twitter:card\" content=\"summary_large_image\" \/>\n<meta name=\"twitter:label1\" content=\"Estimated reading time\" \/>\n\t<meta name=\"twitter:data1\" content=\"1 minute\" \/>\n<script type=\"application\/ld+json\" class=\"yoast-schema-graph\">{\"@context\":\"https:\/\/schema.org\",\"@graph\":[{\"@type\":\"WebPage\",\"@id\":\"https:\/\/skaitytaknyga.lt\/produktas\/a-marinina-viskas-ne-taip\/\",\"url\":\"https:\/\/skaitytaknyga.lt\/produktas\/a-marinina-viskas-ne-taip\/\",\"name\":\"Viskas ne taip\",\"isPartOf\":{\"@id\":\"https:\/\/skaitytaknyga.lt\/#website\"},\"primaryImageOfPage\":{\"@id\":\"https:\/\/skaitytaknyga.lt\/produktas\/a-marinina-viskas-ne-taip\/#primaryimage\"},\"image\":{\"@id\":\"https:\/\/skaitytaknyga.lt\/produktas\/a-marinina-viskas-ne-taip\/#primaryimage\"},\"thumbnailUrl\":\"https:\/\/skaitytaknyga.lt\/wp-content\/uploads\/2024\/05\/1462876543_viskas.jpg\",\"datePublished\":\"2024-05-04T17:55:00+00:00\",\"dateModified\":\"2026-03-05T14:00:50+00:00\",\"description\":\"Didel\u0117je Rudenk\u0173 \u0161eima mil\u017eini\u0161kame bute gyvena gerai ir tarsi niekam nieko netr\u016bksta. Ta\u010diau kod\u0117l Julia taip neken\u010dia Danos, o Michailas \u2013 Julios? Kod\u0117l Larisa Anatoljevna ignoruoja Jelen\u0105, o Ana Aleksejevna nem\u0117gsta ir bijo Larisos? Ir tai dar ne viskas. Kai \u0161i\u0105 \u0161eim\u0105 staiga u\u017egri\u016bva nelaim\u0117 \u2013 nu\u017eudomas vienas i\u0161 mylimiausi\u0173 (arba neken\u010diamiausi\u0173, nelygu kaip \u017ei\u016br\u0117si) \u017emoni\u0173, \u012ftarimo \u0161e\u0161\u0117lis krinta ant kiekvieno likusio gyvo \u0161eimos nario. Kaip dabar jaustis \u0161iame dideliame ir nejaukiame bute, kai \u0161alia tav\u0119s \u2013 \u017eudikas? Ta\u010diau kur kas baisiau yra pa\u017evelgti \u012f savo paties sielos gelm\u0119 ir akis \u012f ak\u012f susidurti su ten t\u016bnan\u010diu demonu, kuris ver\u010dia tave gyventi ne taip, kaip nori.\",\"breadcrumb\":{\"@id\":\"https:\/\/skaitytaknyga.lt\/produktas\/a-marinina-viskas-ne-taip\/#breadcrumb\"},\"inLanguage\":\"en-GB\",\"potentialAction\":[{\"@type\":\"ReadAction\",\"target\":[\"https:\/\/skaitytaknyga.lt\/produktas\/a-marinina-viskas-ne-taip\/\"]}]},{\"@type\":\"ImageObject\",\"inLanguage\":\"en-GB\",\"@id\":\"https:\/\/skaitytaknyga.lt\/produktas\/a-marinina-viskas-ne-taip\/#primaryimage\",\"url\":\"https:\/\/skaitytaknyga.lt\/wp-content\/uploads\/2024\/05\/1462876543_viskas.jpg\",\"contentUrl\":\"https:\/\/skaitytaknyga.lt\/wp-content\/uploads\/2024\/05\/1462876543_viskas.jpg\",\"width\":275,\"height\":430},{\"@type\":\"BreadcrumbList\",\"@id\":\"https:\/\/skaitytaknyga.lt\/produktas\/a-marinina-viskas-ne-taip\/#breadcrumb\",\"itemListElement\":[{\"@type\":\"ListItem\",\"position\":1,\"name\":\"Home\",\"item\":\"https:\/\/skaitytaknyga.lt\/\"},{\"@type\":\"ListItem\",\"position\":2,\"name\":\"Parduotuv\u0117\",\"item\":\"https:\/\/skaitytaknyga.lt\/knygu-parduotuve\/\"},{\"@type\":\"ListItem\",\"position\":3,\"name\":\"Viskas ne taip\"}]},{\"@type\":\"WebSite\",\"@id\":\"https:\/\/skaitytaknyga.lt\/#website\",\"url\":\"https:\/\/skaitytaknyga.lt\/\",\"name\":\"skaitytaknyga.lt\",\"description\":\"Skaitytaknyga.lt \u2013 tai ma\u017eas \u0161eimos verslas, kuris prasid\u0117jo nuo meil\u0117s knygoms ir siekio i\u0161gelb\u0117ti knygas nuo likimo prie konteinerio. Kas vienam nereikalingas daiktas \u2013 kitam lobis, o mes esame tarpininkai, kurie padeda abiems tapti laimingesniems ???? \u017dinome kaip nelengva i\u0161gyventi ma\u017eiems verslams, tad nuo \u0161iol, \u010dia rasite ir kit\u0173, ma\u017e\u0173 \u0161eim\u0173 versl\u0173, rank\u0173 darbo, dovan\u0173 sau ir artimiesiems.\",\"publisher\":{\"@id\":\"https:\/\/skaitytaknyga.lt\/#organization\"},\"potentialAction\":[{\"@type\":\"SearchAction\",\"target\":{\"@type\":\"EntryPoint\",\"urlTemplate\":\"https:\/\/skaitytaknyga.lt\/?s={search_term_string}\"},\"query-input\":{\"@type\":\"PropertyValueSpecification\",\"valueRequired\":true,\"valueName\":\"search_term_string\"}}],\"inLanguage\":\"en-GB\"},{\"@type\":\"Organization\",\"@id\":\"https:\/\/skaitytaknyga.lt\/#organization\",\"name\":\"skaitytaknyga.lt\",\"url\":\"https:\/\/skaitytaknyga.lt\/\",\"logo\":{\"@type\":\"ImageObject\",\"inLanguage\":\"en-GB\",\"@id\":\"https:\/\/skaitytaknyga.lt\/#\/schema\/logo\/image\/\",\"url\":\"https:\/\/skaitytaknyga.lt\/wp-content\/uploads\/2024\/05\/cropped-cropped-cropped-02_00843_jt3bggkj1j3HLc7SyY6rEUpg.jpeg\",\"contentUrl\":\"https:\/\/skaitytaknyga.lt\/wp-content\/uploads\/2024\/05\/cropped-cropped-cropped-02_00843_jt3bggkj1j3HLc7SyY6rEUpg.jpeg\",\"width\":1600,\"height\":1600,\"caption\":\"skaitytaknyga.lt\"},\"image\":{\"@id\":\"https:\/\/skaitytaknyga.lt\/#\/schema\/logo\/image\/\"},\"sameAs\":[\"https:\/\/www.facebook.com\/skaitytaknyga\/\"]}]}<\/script>\n<!-- \/ Yoast SEO plugin. -->","yoast_head_json":{"title":"Viskas ne taip","description":"Didel\u0117je Rudenk\u0173 \u0161eima mil\u017eini\u0161kame bute gyvena gerai ir tarsi niekam nieko netr\u016bksta. Ta\u010diau kod\u0117l Julia taip neken\u010dia Danos, o Michailas \u2013 Julios? Kod\u0117l Larisa Anatoljevna ignoruoja Jelen\u0105, o Ana Aleksejevna nem\u0117gsta ir bijo Larisos? Ir tai dar ne viskas.  Kai \u0161i\u0105 \u0161eim\u0105 staiga u\u017egri\u016bva nelaim\u0117 \u2013 nu\u017eudomas vienas i\u0161 mylimiausi\u0173 (arba neken\u010diamiausi\u0173, nelygu kaip \u017ei\u016br\u0117si) \u017emoni\u0173, \u012ftarimo \u0161e\u0161\u0117lis krinta ant kiekvieno likusio gyvo \u0161eimos nario. Kaip dabar jaustis \u0161iame dideliame ir nejaukiame bute, kai \u0161alia tav\u0119s \u2013 \u017eudikas?  Ta\u010diau kur kas baisiau yra pa\u017evelgti \u012f savo paties sielos gelm\u0119 ir akis \u012f ak\u012f susidurti su ten t\u016bnan\u010diu demonu, kuris ver\u010dia tave gyventi ne taip, kaip nori.","robots":{"index":"index","follow":"follow","max-snippet":"max-snippet:-1","max-image-preview":"max-image-preview:large","max-video-preview":"max-video-preview:-1"},"canonical":"https:\/\/skaitytaknyga.lt\/en\/produktas\/a-marinina-viskas-ne-taip\/","og_locale":"en_GB","og_type":"article","og_title":"[:lt]Viskas ne taip[:] - Skaitytaknyga","og_description":"Didel\u0117je Rudenk\u0173 \u0161eima mil\u017eini\u0161kame bute gyvena gerai ir tarsi niekam nieko netr\u016bksta. Ta\u010diau kod\u0117l Julia taip neken\u010dia Danos, o Michailas \u2013 Julios? Kod\u0117l Larisa Anatoljevna ignoruoja Jelen\u0105, o Ana Aleksejevna nem\u0117gsta ir bijo Larisos? Ir tai dar ne viskas.  Kai \u0161i\u0105 \u0161eim\u0105 staiga u\u017egri\u016bva nelaim\u0117 \u2013 nu\u017eudomas vienas i\u0161 mylimiausi\u0173 (arba neken\u010diamiausi\u0173, nelygu kaip \u017ei\u016br\u0117si) \u017emoni\u0173, \u012ftarimo \u0161e\u0161\u0117lis krinta ant kiekvieno likusio gyvo \u0161eimos nario. Kaip dabar jaustis \u0161iame dideliame ir nejaukiame bute, kai \u0161alia tav\u0119s \u2013 \u017eudikas?  Ta\u010diau kur kas baisiau yra pa\u017evelgti \u012f savo paties sielos gelm\u0119 ir akis \u012f ak\u012f susidurti su ten t\u016bnan\u010diu demonu, kuris ver\u010dia tave gyventi ne taip, kaip nori.","og_url":"https:\/\/skaitytaknyga.lt\/en\/produktas\/a-marinina-viskas-ne-taip\/","og_site_name":"Skaitytaknyga","article_publisher":"https:\/\/www.facebook.com\/skaitytaknyga\/","article_modified_time":"2026-03-05T14:00:50+00:00","og_image":[{"width":275,"height":430,"url":"https:\/\/skaitytaknyga.lt\/wp-content\/uploads\/2024\/05\/1462876543_viskas.jpg","type":"image\/jpeg"}],"twitter_card":"summary_large_image","twitter_misc":{"Estimated reading time":"1 minute"},"schema":{"@context":"https:\/\/schema.org","@graph":[{"@type":"WebPage","@id":"https:\/\/skaitytaknyga.lt\/produktas\/a-marinina-viskas-ne-taip\/","url":"https:\/\/skaitytaknyga.lt\/produktas\/a-marinina-viskas-ne-taip\/","name":"Viskas ne taip","isPartOf":{"@id":"https:\/\/skaitytaknyga.lt\/#website"},"primaryImageOfPage":{"@id":"https:\/\/skaitytaknyga.lt\/produktas\/a-marinina-viskas-ne-taip\/#primaryimage"},"image":{"@id":"https:\/\/skaitytaknyga.lt\/produktas\/a-marinina-viskas-ne-taip\/#primaryimage"},"thumbnailUrl":"https:\/\/skaitytaknyga.lt\/wp-content\/uploads\/2024\/05\/1462876543_viskas.jpg","datePublished":"2024-05-04T17:55:00+00:00","dateModified":"2026-03-05T14:00:50+00:00","description":"Didel\u0117je Rudenk\u0173 \u0161eima mil\u017eini\u0161kame bute gyvena gerai ir tarsi niekam nieko netr\u016bksta. Ta\u010diau kod\u0117l Julia taip neken\u010dia Danos, o Michailas \u2013 Julios? Kod\u0117l Larisa Anatoljevna ignoruoja Jelen\u0105, o Ana Aleksejevna nem\u0117gsta ir bijo Larisos? Ir tai dar ne viskas. Kai \u0161i\u0105 \u0161eim\u0105 staiga u\u017egri\u016bva nelaim\u0117 \u2013 nu\u017eudomas vienas i\u0161 mylimiausi\u0173 (arba neken\u010diamiausi\u0173, nelygu kaip \u017ei\u016br\u0117si) \u017emoni\u0173, \u012ftarimo \u0161e\u0161\u0117lis krinta ant kiekvieno likusio gyvo \u0161eimos nario. Kaip dabar jaustis \u0161iame dideliame ir nejaukiame bute, kai \u0161alia tav\u0119s \u2013 \u017eudikas? Ta\u010diau kur kas baisiau yra pa\u017evelgti \u012f savo paties sielos gelm\u0119 ir akis \u012f ak\u012f susidurti su ten t\u016bnan\u010diu demonu, kuris ver\u010dia tave gyventi ne taip, kaip nori.","breadcrumb":{"@id":"https:\/\/skaitytaknyga.lt\/produktas\/a-marinina-viskas-ne-taip\/#breadcrumb"},"inLanguage":"en-GB","potentialAction":[{"@type":"ReadAction","target":["https:\/\/skaitytaknyga.lt\/produktas\/a-marinina-viskas-ne-taip\/"]}]},{"@type":"ImageObject","inLanguage":"en-GB","@id":"https:\/\/skaitytaknyga.lt\/produktas\/a-marinina-viskas-ne-taip\/#primaryimage","url":"https:\/\/skaitytaknyga.lt\/wp-content\/uploads\/2024\/05\/1462876543_viskas.jpg","contentUrl":"https:\/\/skaitytaknyga.lt\/wp-content\/uploads\/2024\/05\/1462876543_viskas.jpg","width":275,"height":430},{"@type":"BreadcrumbList","@id":"https:\/\/skaitytaknyga.lt\/produktas\/a-marinina-viskas-ne-taip\/#breadcrumb","itemListElement":[{"@type":"ListItem","position":1,"name":"Home","item":"https:\/\/skaitytaknyga.lt\/"},{"@type":"ListItem","position":2,"name":"Parduotuv\u0117","item":"https:\/\/skaitytaknyga.lt\/knygu-parduotuve\/"},{"@type":"ListItem","position":3,"name":"Viskas ne taip"}]},{"@type":"WebSite","@id":"https:\/\/skaitytaknyga.lt\/#website","url":"https:\/\/skaitytaknyga.lt\/","name":"skaitytaknyga.lt","description":"Skaitytaknyga.lt \u2013 tai ma\u017eas \u0161eimos verslas, kuris prasid\u0117jo nuo meil\u0117s knygoms ir siekio i\u0161gelb\u0117ti knygas nuo likimo prie konteinerio. Kas vienam nereikalingas daiktas \u2013 kitam lobis, o mes esame tarpininkai, kurie padeda abiems tapti laimingesniems ???? \u017dinome kaip nelengva i\u0161gyventi ma\u017eiems verslams, tad nuo \u0161iol, \u010dia rasite ir kit\u0173, ma\u017e\u0173 \u0161eim\u0173 versl\u0173, rank\u0173 darbo, dovan\u0173 sau ir artimiesiems.","publisher":{"@id":"https:\/\/skaitytaknyga.lt\/#organization"},"potentialAction":[{"@type":"SearchAction","target":{"@type":"EntryPoint","urlTemplate":"https:\/\/skaitytaknyga.lt\/?s={search_term_string}"},"query-input":{"@type":"PropertyValueSpecification","valueRequired":true,"valueName":"search_term_string"}}],"inLanguage":"en-GB"},{"@type":"Organization","@id":"https:\/\/skaitytaknyga.lt\/#organization","name":"skaitytaknyga.lt","url":"https:\/\/skaitytaknyga.lt\/","logo":{"@type":"ImageObject","inLanguage":"en-GB","@id":"https:\/\/skaitytaknyga.lt\/#\/schema\/logo\/image\/","url":"https:\/\/skaitytaknyga.lt\/wp-content\/uploads\/2024\/05\/cropped-cropped-cropped-02_00843_jt3bggkj1j3HLc7SyY6rEUpg.jpeg","contentUrl":"https:\/\/skaitytaknyga.lt\/wp-content\/uploads\/2024\/05\/cropped-cropped-cropped-02_00843_jt3bggkj1j3HLc7SyY6rEUpg.jpeg","width":1600,"height":1600,"caption":"skaitytaknyga.lt"},"image":{"@id":"https:\/\/skaitytaknyga.lt\/#\/schema\/logo\/image\/"},"sameAs":["https:\/\/www.facebook.com\/skaitytaknyga\/"]}]}},"_links":{"self":[{"href":"https:\/\/skaitytaknyga.lt\/en\/wp-json\/wp\/v2\/product\/9678","targetHints":{"allow":["GET"]}}],"collection":[{"href":"https:\/\/skaitytaknyga.lt\/en\/wp-json\/wp\/v2\/product"}],"about":[{"href":"https:\/\/skaitytaknyga.lt\/en\/wp-json\/wp\/v2\/types\/product"}],"replies":[{"embeddable":true,"href":"https:\/\/skaitytaknyga.lt\/en\/wp-json\/wp\/v2\/comments?post=9678"}],"wp:featuredmedia":[{"embeddable":true,"href":"https:\/\/skaitytaknyga.lt\/en\/wp-json\/wp\/v2\/media\/9725"}],"wp:attachment":[{"href":"https:\/\/skaitytaknyga.lt\/en\/wp-json\/wp\/v2\/media?parent=9678"}],"wp:term":[{"taxonomy":"product_brand","embeddable":true,"href":"https:\/\/skaitytaknyga.lt\/en\/wp-json\/wp\/v2\/product_brand?post=9678"},{"taxonomy":"product_cat","embeddable":true,"href":"https:\/\/skaitytaknyga.lt\/en\/wp-json\/wp\/v2\/product_cat?post=9678"},{"taxonomy":"product_tag","embeddable":true,"href":"https:\/\/skaitytaknyga.lt\/en\/wp-json\/wp\/v2\/product_tag?post=9678"}],"curies":[{"name":"wp","href":"https:\/\/api.w.org\/{rel}","templated":true}]}}