{"id":9672,"date":"2024-05-04T17:54:34","date_gmt":"2024-05-04T17:54:34","guid":{"rendered":"https:\/\/skaitytaknyga.lt\/?post_type=product&#038;p=9672"},"modified":"2025-05-15T13:08:02","modified_gmt":"2025-05-15T10:08:02","slug":"n-roberts-is-pirmo-zvilgsnio","status":"publish","type":"product","link":"https:\/\/skaitytaknyga.lt\/en\/produktas\/n-roberts-is-pirmo-zvilgsnio\/","title":{"rendered":"I\u0161 pirmo \u017evilgsnio"},"content":{"rendered":"<div class=\"tab-content col-xs-12\">\n<div id=\"tab-description\" class=\"tab-pane active\">\n<div id=\"collapse-description\" class=\"desc-collapse\">\n<p>Turtingas verslininkas Vensas tikisi provincijoje u\u017esigydyti \u0161irdies \u017eaizdas ir atsigauti nuo nepakeliamo miesto tempo. Netik\u0117tai ram\u0173 gyvenim\u0105 sutrikdo i\u0161 seneli\u0173 paveld\u0117tame name apsigyvenusi \u0160eina.<\/p>\n<p>Vensas nesid\u017eiaugia atkaklios kaimyn\u0117s draugija, bet gra\u017euol\u0117 spinduliuoja tok\u012f \u017eaves\u012f, kuriam be galo sunku atsispirti. Bet juk Kal\u0117dos \u2013 ne\u012ftik\u0117tin\u0173 stebukl\u0173 ir vil\u010di\u0173 i\u0161sipildymo metas! Tad koki\u0173 dovan\u0173 jiems pa\u017eers Kal\u0117d\u0173 Angelas?<\/p>\n<\/div>\n<\/div>\n<\/div>\n","protected":false},"excerpt":{"rendered":"<div class=\"tab-content col-xs-12\">\n<div id=\"tab-description\" class=\"tab-pane active\">\n<div id=\"collapse-description\" class=\"desc-collapse\">\n<p>Turtingas verslininkas Vensas tikisi provincijoje u\u017esigydyti \u0161irdies \u017eaizdas ir atsigauti nuo nepakeliamo miesto tempo. Netik\u0117tai ram\u0173 gyvenim\u0105 sutrikdo i\u0161 seneli\u0173 paveld\u0117tame name apsigyvenusi \u0160eina.<\/p>\n<p>Vensas nesid\u017eiaugia atkaklios kaimyn\u0117s draugija, bet gra\u017euol\u0117 spinduliuoja tok\u012f \u017eaves\u012f, kuriam be galo sunku atsispirti. Bet juk Kal\u0117dos \u2013 ne\u012ftik\u0117tin\u0173 stebukl\u0173 ir vil\u010di\u0173 i\u0161sipildymo metas! Tad koki\u0173 dovan\u0173 jiems pa\u017eers Kal\u0117d\u0173 Angelas?<\/p>\n<\/div>\n<\/div>\n<\/div>\n","protected":false},"featured_media":9724,"comment_status":"closed","ping_status":"closed","template":"","meta":{"_acf_changed":false,"site-sidebar-layout":"default","site-content-layout":"","ast-site-content-layout":"default","site-content-style":"default","site-sidebar-style":"default","ast-global-header-display":"","ast-banner-title-visibility":"","ast-main-header-display":"","ast-hfb-above-header-display":"","ast-hfb-below-header-display":"","ast-hfb-mobile-header-display":"","site-post-title":"","ast-breadcrumbs-content":"","ast-featured-img":"","footer-sml-layout":"","ast-disable-related-posts":"","theme-transparent-header-meta":"","adv-header-id-meta":"","stick-header-meta":"","header-above-stick-meta":"","header-main-stick-meta":"","header-below-stick-meta":"","astra-migrate-meta-layouts":"default","ast-page-background-enabled":"default","ast-page-background-meta":{"desktop":{"background-color":"","background-image":"","background-repeat":"repeat","background-position":"center center","background-size":"auto","background-attachment":"scroll","background-type":"","background-media":"","overlay-type":"","overlay-color":"","overlay-opacity":"","overlay-gradient":""},"tablet":{"background-color":"","background-image":"","background-repeat":"repeat","background-position":"center center","background-size":"auto","background-attachment":"scroll","background-type":"","background-media":"","overlay-type":"","overlay-color":"","overlay-opacity":"","overlay-gradient":""},"mobile":{"background-color":"","background-image":"","background-repeat":"repeat","background-position":"center center","background-size":"auto","background-attachment":"scroll","background-type":"","background-media":"","overlay-type":"","overlay-color":"","overlay-opacity":"","overlay-gradient":""}},"ast-content-background-meta":{"desktop":{"background-color":"var(--ast-global-color-4)","background-image":"","background-repeat":"repeat","background-position":"center center","background-size":"auto","background-attachment":"scroll","background-type":"","background-media":"","overlay-type":"","overlay-color":"","overlay-opacity":"","overlay-gradient":""},"tablet":{"background-color":"var(--ast-global-color-4)","background-image":"","background-repeat":"repeat","background-position":"center center","background-size":"auto","background-attachment":"scroll","background-type":"","background-media":"","overlay-type":"","overlay-color":"","overlay-opacity":"","overlay-gradient":""},"mobile":{"background-color":"var(--ast-global-color-4)","background-image":"","background-repeat":"repeat","background-position":"center center","background-size":"auto","background-attachment":"scroll","background-type":"","background-media":"","overlay-type":"","overlay-color":"","overlay-opacity":"","overlay-gradient":""}}},"product_brand":[],"product_cat":[31],"product_tag":[2939,3060,3161,2129,1417,1646,3162],"class_list":{"0":"post-9672","1":"product","2":"type-product","3":"status-publish","4":"has-post-thumbnail","6":"product_cat-grozine-literatura","7":"product_tag-kaledos","8":"product_tag-nora-roberts","9":"product_tag-provincija","10":"product_tag-romantika","11":"product_tag-santykiai","12":"product_tag-seima","13":"product_tag-stebuklai","14":"desktop-align-left","15":"tablet-align-left","16":"mobile-align-left","18":"first","19":"instock","20":"shipping-taxable","21":"purchasable","22":"product-type-simple"},"acf":[],"yoast_head":"<!-- This site is optimized with the Yoast SEO plugin v27.0 - https:\/\/yoast.com\/product\/yoast-seo-wordpress\/ -->\n<title>I\u0161 pirmo \u017evilgsnio<\/title>\n<meta name=\"description\" content=\"Turtingas verslininkas Vensas tikisi provincijoje u\u017esigydyti \u0161irdies \u017eaizdas ir atsigauti nuo nepakeliamo miesto tempo. Netik\u0117tai ram\u0173 gyvenim\u0105 sutrikdo i\u0161 seneli\u0173 paveld\u0117tame name apsigyvenusi \u0160eina.  Vensas nesid\u017eiaugia atkaklios kaimyn\u0117s draugija, bet gra\u017euol\u0117 spinduliuoja tok\u012f \u017eaves\u012f, kuriam be galo sunku atsispirti. Bet juk Kal\u0117dos \u2013 ne\u012ftik\u0117tin\u0173 stebukl\u0173 ir vil\u010di\u0173 i\u0161sipildymo metas! Tad koki\u0173 dovan\u0173 jiems pa\u017eers Kal\u0117d\u0173 Angelas?\" \/>\n<meta name=\"robots\" content=\"index, follow, max-snippet:-1, max-image-preview:large, max-video-preview:-1\" \/>\n<link rel=\"canonical\" href=\"https:\/\/skaitytaknyga.lt\/en\/produktas\/n-roberts-is-pirmo-zvilgsnio\/\" \/>\n<meta property=\"og:locale\" content=\"en_GB\" \/>\n<meta property=\"og:locale:alternate\" content=\"lt_LT\" \/>\n<meta property=\"og:type\" content=\"article\" \/>\n<meta property=\"og:title\" content=\"I\u0161 pirmo \u017evilgsnio\" \/>\n<meta property=\"og:description\" content=\"Turtingas verslininkas Vensas tikisi provincijoje u\u017esigydyti \u0161irdies \u017eaizdas ir atsigauti nuo nepakeliamo miesto tempo. Netik\u0117tai ram\u0173 gyvenim\u0105 sutrikdo i\u0161 seneli\u0173 paveld\u0117tame name apsigyvenusi \u0160eina.  Vensas nesid\u017eiaugia atkaklios kaimyn\u0117s draugija, bet gra\u017euol\u0117 spinduliuoja tok\u012f \u017eaves\u012f, kuriam be galo sunku atsispirti. Bet juk Kal\u0117dos \u2013 ne\u012ftik\u0117tin\u0173 stebukl\u0173 ir vil\u010di\u0173 i\u0161sipildymo metas! Tad koki\u0173 dovan\u0173 jiems pa\u017eers Kal\u0117d\u0173 Angelas?\" \/>\n<meta property=\"og:url\" content=\"https:\/\/skaitytaknyga.lt\/en\/produktas\/n-roberts-is-pirmo-zvilgsnio\/\" \/>\n<meta property=\"og:site_name\" content=\"Skaitytaknyga\" \/>\n<meta property=\"article:publisher\" content=\"https:\/\/www.facebook.com\/skaitytaknyga\/\" \/>\n<meta property=\"article:modified_time\" content=\"2025-05-15T10:08:02+00:00\" \/>\n<meta property=\"og:image\" content=\"https:\/\/skaitytaknyga.lt\/wp-content\/uploads\/2024\/05\/1462880559_img0038.jpg\" \/>\n\t<meta property=\"og:image:width\" content=\"287\" \/>\n\t<meta property=\"og:image:height\" content=\"430\" \/>\n\t<meta property=\"og:image:type\" content=\"image\/jpeg\" \/>\n<meta name=\"twitter:card\" content=\"summary_large_image\" \/>\n<script type=\"application\/ld+json\" class=\"yoast-schema-graph\">{\"@context\":\"https:\/\/schema.org\",\"@graph\":[{\"@type\":\"WebPage\",\"@id\":\"https:\/\/skaitytaknyga.lt\/produktas\/n-roberts-is-pirmo-zvilgsnio\/\",\"url\":\"https:\/\/skaitytaknyga.lt\/produktas\/n-roberts-is-pirmo-zvilgsnio\/\",\"name\":\"I\u0161 pirmo \u017evilgsnio\",\"isPartOf\":{\"@id\":\"https:\/\/skaitytaknyga.lt\/#website\"},\"primaryImageOfPage\":{\"@id\":\"https:\/\/skaitytaknyga.lt\/produktas\/n-roberts-is-pirmo-zvilgsnio\/#primaryimage\"},\"image\":{\"@id\":\"https:\/\/skaitytaknyga.lt\/produktas\/n-roberts-is-pirmo-zvilgsnio\/#primaryimage\"},\"thumbnailUrl\":\"https:\/\/skaitytaknyga.lt\/wp-content\/uploads\/2024\/05\/1462880559_img0038.jpg\",\"datePublished\":\"2024-05-04T17:54:34+00:00\",\"dateModified\":\"2025-05-15T10:08:02+00:00\",\"description\":\"Turtingas verslininkas Vensas tikisi provincijoje u\u017esigydyti \u0161irdies \u017eaizdas ir atsigauti nuo nepakeliamo miesto tempo. Netik\u0117tai ram\u0173 gyvenim\u0105 sutrikdo i\u0161 seneli\u0173 paveld\u0117tame name apsigyvenusi \u0160eina. Vensas nesid\u017eiaugia atkaklios kaimyn\u0117s draugija, bet gra\u017euol\u0117 spinduliuoja tok\u012f \u017eaves\u012f, kuriam be galo sunku atsispirti. Bet juk Kal\u0117dos \u2013 ne\u012ftik\u0117tin\u0173 stebukl\u0173 ir vil\u010di\u0173 i\u0161sipildymo metas! Tad koki\u0173 dovan\u0173 jiems pa\u017eers Kal\u0117d\u0173 Angelas?\",\"breadcrumb\":{\"@id\":\"https:\/\/skaitytaknyga.lt\/produktas\/n-roberts-is-pirmo-zvilgsnio\/#breadcrumb\"},\"inLanguage\":\"en-GB\",\"potentialAction\":[{\"@type\":\"ReadAction\",\"target\":[\"https:\/\/skaitytaknyga.lt\/produktas\/n-roberts-is-pirmo-zvilgsnio\/\"]}]},{\"@type\":\"ImageObject\",\"inLanguage\":\"en-GB\",\"@id\":\"https:\/\/skaitytaknyga.lt\/produktas\/n-roberts-is-pirmo-zvilgsnio\/#primaryimage\",\"url\":\"https:\/\/skaitytaknyga.lt\/wp-content\/uploads\/2024\/05\/1462880559_img0038.jpg\",\"contentUrl\":\"https:\/\/skaitytaknyga.lt\/wp-content\/uploads\/2024\/05\/1462880559_img0038.jpg\",\"width\":287,\"height\":430},{\"@type\":\"BreadcrumbList\",\"@id\":\"https:\/\/skaitytaknyga.lt\/produktas\/n-roberts-is-pirmo-zvilgsnio\/#breadcrumb\",\"itemListElement\":[{\"@type\":\"ListItem\",\"position\":1,\"name\":\"Home\",\"item\":\"https:\/\/skaitytaknyga.lt\/\"},{\"@type\":\"ListItem\",\"position\":2,\"name\":\"Parduotuv\u0117\",\"item\":\"https:\/\/skaitytaknyga.lt\/knygu-parduotuve\/\"},{\"@type\":\"ListItem\",\"position\":3,\"name\":\"I\u0161 pirmo \u017evilgsnio\"}]},{\"@type\":\"WebSite\",\"@id\":\"https:\/\/skaitytaknyga.lt\/#website\",\"url\":\"https:\/\/skaitytaknyga.lt\/\",\"name\":\"skaitytaknyga.lt\",\"description\":\"Skaitytaknyga.lt \u2013 tai ma\u017eas \u0161eimos verslas, kuris prasid\u0117jo nuo meil\u0117s knygoms ir siekio i\u0161gelb\u0117ti knygas nuo likimo prie konteinerio. Kas vienam nereikalingas daiktas \u2013 kitam lobis, o mes esame tarpininkai, kurie padeda abiems tapti laimingesniems ???? \u017dinome kaip nelengva i\u0161gyventi ma\u017eiems verslams, tad nuo \u0161iol, \u010dia rasite ir kit\u0173, ma\u017e\u0173 \u0161eim\u0173 versl\u0173, rank\u0173 darbo, dovan\u0173 sau ir artimiesiems.\",\"publisher\":{\"@id\":\"https:\/\/skaitytaknyga.lt\/#organization\"},\"potentialAction\":[{\"@type\":\"SearchAction\",\"target\":{\"@type\":\"EntryPoint\",\"urlTemplate\":\"https:\/\/skaitytaknyga.lt\/?s={search_term_string}\"},\"query-input\":{\"@type\":\"PropertyValueSpecification\",\"valueRequired\":true,\"valueName\":\"search_term_string\"}}],\"inLanguage\":\"en-GB\"},{\"@type\":\"Organization\",\"@id\":\"https:\/\/skaitytaknyga.lt\/#organization\",\"name\":\"skaitytaknyga.lt\",\"url\":\"https:\/\/skaitytaknyga.lt\/\",\"logo\":{\"@type\":\"ImageObject\",\"inLanguage\":\"en-GB\",\"@id\":\"https:\/\/skaitytaknyga.lt\/#\/schema\/logo\/image\/\",\"url\":\"https:\/\/skaitytaknyga.lt\/wp-content\/uploads\/2024\/05\/cropped-cropped-cropped-02_00843_jt3bggkj1j3HLc7SyY6rEUpg.jpeg\",\"contentUrl\":\"https:\/\/skaitytaknyga.lt\/wp-content\/uploads\/2024\/05\/cropped-cropped-cropped-02_00843_jt3bggkj1j3HLc7SyY6rEUpg.jpeg\",\"width\":1600,\"height\":1600,\"caption\":\"skaitytaknyga.lt\"},\"image\":{\"@id\":\"https:\/\/skaitytaknyga.lt\/#\/schema\/logo\/image\/\"},\"sameAs\":[\"https:\/\/www.facebook.com\/skaitytaknyga\/\"]}]}<\/script>\n<!-- \/ Yoast SEO plugin. -->","yoast_head_json":{"title":"I\u0161 pirmo \u017evilgsnio","description":"Turtingas verslininkas Vensas tikisi provincijoje u\u017esigydyti \u0161irdies \u017eaizdas ir atsigauti nuo nepakeliamo miesto tempo. Netik\u0117tai ram\u0173 gyvenim\u0105 sutrikdo i\u0161 seneli\u0173 paveld\u0117tame name apsigyvenusi \u0160eina.  Vensas nesid\u017eiaugia atkaklios kaimyn\u0117s draugija, bet gra\u017euol\u0117 spinduliuoja tok\u012f \u017eaves\u012f, kuriam be galo sunku atsispirti. Bet juk Kal\u0117dos \u2013 ne\u012ftik\u0117tin\u0173 stebukl\u0173 ir vil\u010di\u0173 i\u0161sipildymo metas! Tad koki\u0173 dovan\u0173 jiems pa\u017eers Kal\u0117d\u0173 Angelas?","robots":{"index":"index","follow":"follow","max-snippet":"max-snippet:-1","max-image-preview":"max-image-preview:large","max-video-preview":"max-video-preview:-1"},"canonical":"https:\/\/skaitytaknyga.lt\/en\/produktas\/n-roberts-is-pirmo-zvilgsnio\/","og_locale":"en_GB","og_type":"article","og_title":"[:lt]I\u0161 pirmo \u017evilgsnio[:] - Skaitytaknyga","og_description":"Turtingas verslininkas Vensas tikisi provincijoje u\u017esigydyti \u0161irdies \u017eaizdas ir atsigauti nuo nepakeliamo miesto tempo. Netik\u0117tai ram\u0173 gyvenim\u0105 sutrikdo i\u0161 seneli\u0173 paveld\u0117tame name apsigyvenusi \u0160eina.  Vensas nesid\u017eiaugia atkaklios kaimyn\u0117s draugija, bet gra\u017euol\u0117 spinduliuoja tok\u012f \u017eaves\u012f, kuriam be galo sunku atsispirti. Bet juk Kal\u0117dos \u2013 ne\u012ftik\u0117tin\u0173 stebukl\u0173 ir vil\u010di\u0173 i\u0161sipildymo metas! Tad koki\u0173 dovan\u0173 jiems pa\u017eers Kal\u0117d\u0173 Angelas?","og_url":"https:\/\/skaitytaknyga.lt\/en\/produktas\/n-roberts-is-pirmo-zvilgsnio\/","og_site_name":"Skaitytaknyga","article_publisher":"https:\/\/www.facebook.com\/skaitytaknyga\/","article_modified_time":"2025-05-15T10:08:02+00:00","og_image":[{"width":287,"height":430,"url":"https:\/\/skaitytaknyga.lt\/wp-content\/uploads\/2024\/05\/1462880559_img0038.jpg","type":"image\/jpeg"}],"twitter_card":"summary_large_image","schema":{"@context":"https:\/\/schema.org","@graph":[{"@type":"WebPage","@id":"https:\/\/skaitytaknyga.lt\/produktas\/n-roberts-is-pirmo-zvilgsnio\/","url":"https:\/\/skaitytaknyga.lt\/produktas\/n-roberts-is-pirmo-zvilgsnio\/","name":"I\u0161 pirmo \u017evilgsnio","isPartOf":{"@id":"https:\/\/skaitytaknyga.lt\/#website"},"primaryImageOfPage":{"@id":"https:\/\/skaitytaknyga.lt\/produktas\/n-roberts-is-pirmo-zvilgsnio\/#primaryimage"},"image":{"@id":"https:\/\/skaitytaknyga.lt\/produktas\/n-roberts-is-pirmo-zvilgsnio\/#primaryimage"},"thumbnailUrl":"https:\/\/skaitytaknyga.lt\/wp-content\/uploads\/2024\/05\/1462880559_img0038.jpg","datePublished":"2024-05-04T17:54:34+00:00","dateModified":"2025-05-15T10:08:02+00:00","description":"Turtingas verslininkas Vensas tikisi provincijoje u\u017esigydyti \u0161irdies \u017eaizdas ir atsigauti nuo nepakeliamo miesto tempo. Netik\u0117tai ram\u0173 gyvenim\u0105 sutrikdo i\u0161 seneli\u0173 paveld\u0117tame name apsigyvenusi \u0160eina. Vensas nesid\u017eiaugia atkaklios kaimyn\u0117s draugija, bet gra\u017euol\u0117 spinduliuoja tok\u012f \u017eaves\u012f, kuriam be galo sunku atsispirti. Bet juk Kal\u0117dos \u2013 ne\u012ftik\u0117tin\u0173 stebukl\u0173 ir vil\u010di\u0173 i\u0161sipildymo metas! Tad koki\u0173 dovan\u0173 jiems pa\u017eers Kal\u0117d\u0173 Angelas?","breadcrumb":{"@id":"https:\/\/skaitytaknyga.lt\/produktas\/n-roberts-is-pirmo-zvilgsnio\/#breadcrumb"},"inLanguage":"en-GB","potentialAction":[{"@type":"ReadAction","target":["https:\/\/skaitytaknyga.lt\/produktas\/n-roberts-is-pirmo-zvilgsnio\/"]}]},{"@type":"ImageObject","inLanguage":"en-GB","@id":"https:\/\/skaitytaknyga.lt\/produktas\/n-roberts-is-pirmo-zvilgsnio\/#primaryimage","url":"https:\/\/skaitytaknyga.lt\/wp-content\/uploads\/2024\/05\/1462880559_img0038.jpg","contentUrl":"https:\/\/skaitytaknyga.lt\/wp-content\/uploads\/2024\/05\/1462880559_img0038.jpg","width":287,"height":430},{"@type":"BreadcrumbList","@id":"https:\/\/skaitytaknyga.lt\/produktas\/n-roberts-is-pirmo-zvilgsnio\/#breadcrumb","itemListElement":[{"@type":"ListItem","position":1,"name":"Home","item":"https:\/\/skaitytaknyga.lt\/"},{"@type":"ListItem","position":2,"name":"Parduotuv\u0117","item":"https:\/\/skaitytaknyga.lt\/knygu-parduotuve\/"},{"@type":"ListItem","position":3,"name":"I\u0161 pirmo \u017evilgsnio"}]},{"@type":"WebSite","@id":"https:\/\/skaitytaknyga.lt\/#website","url":"https:\/\/skaitytaknyga.lt\/","name":"skaitytaknyga.lt","description":"Skaitytaknyga.lt \u2013 tai ma\u017eas \u0161eimos verslas, kuris prasid\u0117jo nuo meil\u0117s knygoms ir siekio i\u0161gelb\u0117ti knygas nuo likimo prie konteinerio. Kas vienam nereikalingas daiktas \u2013 kitam lobis, o mes esame tarpininkai, kurie padeda abiems tapti laimingesniems ???? \u017dinome kaip nelengva i\u0161gyventi ma\u017eiems verslams, tad nuo \u0161iol, \u010dia rasite ir kit\u0173, ma\u017e\u0173 \u0161eim\u0173 versl\u0173, rank\u0173 darbo, dovan\u0173 sau ir artimiesiems.","publisher":{"@id":"https:\/\/skaitytaknyga.lt\/#organization"},"potentialAction":[{"@type":"SearchAction","target":{"@type":"EntryPoint","urlTemplate":"https:\/\/skaitytaknyga.lt\/?s={search_term_string}"},"query-input":{"@type":"PropertyValueSpecification","valueRequired":true,"valueName":"search_term_string"}}],"inLanguage":"en-GB"},{"@type":"Organization","@id":"https:\/\/skaitytaknyga.lt\/#organization","name":"skaitytaknyga.lt","url":"https:\/\/skaitytaknyga.lt\/","logo":{"@type":"ImageObject","inLanguage":"en-GB","@id":"https:\/\/skaitytaknyga.lt\/#\/schema\/logo\/image\/","url":"https:\/\/skaitytaknyga.lt\/wp-content\/uploads\/2024\/05\/cropped-cropped-cropped-02_00843_jt3bggkj1j3HLc7SyY6rEUpg.jpeg","contentUrl":"https:\/\/skaitytaknyga.lt\/wp-content\/uploads\/2024\/05\/cropped-cropped-cropped-02_00843_jt3bggkj1j3HLc7SyY6rEUpg.jpeg","width":1600,"height":1600,"caption":"skaitytaknyga.lt"},"image":{"@id":"https:\/\/skaitytaknyga.lt\/#\/schema\/logo\/image\/"},"sameAs":["https:\/\/www.facebook.com\/skaitytaknyga\/"]}]}},"_links":{"self":[{"href":"https:\/\/skaitytaknyga.lt\/en\/wp-json\/wp\/v2\/product\/9672","targetHints":{"allow":["GET"]}}],"collection":[{"href":"https:\/\/skaitytaknyga.lt\/en\/wp-json\/wp\/v2\/product"}],"about":[{"href":"https:\/\/skaitytaknyga.lt\/en\/wp-json\/wp\/v2\/types\/product"}],"replies":[{"embeddable":true,"href":"https:\/\/skaitytaknyga.lt\/en\/wp-json\/wp\/v2\/comments?post=9672"}],"wp:featuredmedia":[{"embeddable":true,"href":"https:\/\/skaitytaknyga.lt\/en\/wp-json\/wp\/v2\/media\/9724"}],"wp:attachment":[{"href":"https:\/\/skaitytaknyga.lt\/en\/wp-json\/wp\/v2\/media?parent=9672"}],"wp:term":[{"taxonomy":"product_brand","embeddable":true,"href":"https:\/\/skaitytaknyga.lt\/en\/wp-json\/wp\/v2\/product_brand?post=9672"},{"taxonomy":"product_cat","embeddable":true,"href":"https:\/\/skaitytaknyga.lt\/en\/wp-json\/wp\/v2\/product_cat?post=9672"},{"taxonomy":"product_tag","embeddable":true,"href":"https:\/\/skaitytaknyga.lt\/en\/wp-json\/wp\/v2\/product_tag?post=9672"}],"curies":[{"name":"wp","href":"https:\/\/api.w.org\/{rel}","templated":true}]}}