{"id":9670,"date":"2024-05-04T17:54:34","date_gmt":"2024-05-04T17:54:34","guid":{"rendered":"https:\/\/skaitytaknyga.lt\/?post_type=product&#038;p=9670"},"modified":"2026-03-05T14:01:08","modified_gmt":"2026-03-05T12:01:08","slug":"nora-roberts-ugnies-medziokle","status":"publish","type":"product","link":"https:\/\/skaitytaknyga.lt\/en\/produktas\/nora-roberts-ugnies-medziokle\/","title":{"rendered":"Ugnies med\u017eiokl\u0117"},"content":{"rendered":"<p>Kadaise garsaus \u0161alyje ugniagesio para\u0161iutininko, vadinamo Gele\u017einiu \u017dmogumi, dukteriai Ravenai Trip nereik\u0117jo dvejoti, kuriuo gyvenimo keliu pasukti. J\u0105 patrauk\u0117 sunkus ir pavojingas t\u0117vo darbas \u2013 kartu su tvirtais, i\u0161tvermingais ir sumaniais vyrais Ravena gaisrus gesina nuo pat savo a\u0161tuonioliktojo gimtadienio. Nedaug kas nor\u0117t\u0173 \u0161okti i\u0161 l\u0117ktuvo \u012f ugn\u012f, o paskui i\u0161tisas valandas, o kartais net paras kovoti su ne\u017eabota gamtos stichija. Ta\u010diau Ravenai Trip \u0161is darbas tiko.<\/p>\n<p>Deja, narsioji Ravena nepaliauja sapnavusi prie\u0161 metus ugnyje \u017euvusio partnerio. Per kit\u0105 mi\u0161k\u0173 gaisr\u0173 sezon\u0105 jos ko\u0161marai persikelia \u012f tikrov\u0119: staiga dingsta pa\u017e\u012fstami \u017emon\u0117s, o j\u0173 k\u016bnai aptinkami naujose gaisraviet\u0117se.<\/p>\n<p>Ugniagesi\u0173 para\u0161iutinink\u0173 komand\u0105 sukausto nerimas: nejaugi nusikalt\u0117lis yra vienas i\u0161 t\u0173 \u017emoni\u0173, kuriais mirtino pavojaus akivaizdoje privalai pasitik\u0117ti?<\/p>\n","protected":false},"excerpt":{"rendered":"<p>Kadaise garsaus \u0161alyje ugniagesio para\u0161iutininko, vadinamo Gele\u017einiu \u017dmogumi, dukteriai Ravenai Trip nereik\u0117jo dvejoti, kuriuo gyvenimo keliu pasukti. J\u0105 patrauk\u0117 sunkus ir pavojingas t\u0117vo darbas \u2013 kartu su tvirtais, i\u0161tvermingais ir sumaniais vyrais Ravena gaisrus gesina nuo pat savo a\u0161tuonioliktojo gimtadienio. Nedaug kas nor\u0117t\u0173 \u0161okti i\u0161 l\u0117ktuvo \u012f ugn\u012f, o paskui i\u0161tisas valandas, o kartais net paras kovoti su ne\u017eabota gamtos stichija. Ta\u010diau Ravenai Trip \u0161is darbas tiko.<\/p>\n<p>Deja, narsioji Ravena nepaliauja sapnavusi prie\u0161 metus ugnyje \u017euvusio partnerio. Per kit\u0105 mi\u0161k\u0173 gaisr\u0173 sezon\u0105 jos ko\u0161marai persikelia \u012f tikrov\u0119: staiga dingsta pa\u017e\u012fstami \u017emon\u0117s, o j\u0173 k\u016bnai aptinkami naujose gaisraviet\u0117se.<\/p>\n<p>Ugniagesi\u0173 para\u0161iutinink\u0173 komand\u0105 sukausto nerimas: nejaugi nusikalt\u0117lis yra vienas i\u0161 t\u0173 \u017emoni\u0173, kuriais mirtino pavojaus akivaizdoje privalai pasitik\u0117ti?<\/p>\n","protected":false},"featured_media":23658,"comment_status":"closed","ping_status":"closed","template":"","meta":{"_acf_changed":false,"site-sidebar-layout":"default","site-content-layout":"","ast-site-content-layout":"default","site-content-style":"default","site-sidebar-style":"default","ast-global-header-display":"","ast-banner-title-visibility":"","ast-main-header-display":"","ast-hfb-above-header-display":"","ast-hfb-below-header-display":"","ast-hfb-mobile-header-display":"","site-post-title":"","ast-breadcrumbs-content":"","ast-featured-img":"","footer-sml-layout":"","ast-disable-related-posts":"","theme-transparent-header-meta":"default","adv-header-id-meta":"","stick-header-meta":"","header-above-stick-meta":"","header-main-stick-meta":"","header-below-stick-meta":"","astra-migrate-meta-layouts":"set","ast-page-background-enabled":"default","ast-page-background-meta":{"desktop":{"background-color":"","background-image":"","background-repeat":"repeat","background-position":"center center","background-size":"auto","background-attachment":"scroll","background-type":"","background-media":"","overlay-type":"","overlay-color":"","overlay-opacity":"","overlay-gradient":""},"tablet":{"background-color":"","background-image":"","background-repeat":"repeat","background-position":"center center","background-size":"auto","background-attachment":"scroll","background-type":"","background-media":"","overlay-type":"","overlay-color":"","overlay-opacity":"","overlay-gradient":""},"mobile":{"background-color":"","background-image":"","background-repeat":"repeat","background-position":"center center","background-size":"auto","background-attachment":"scroll","background-type":"","background-media":"","overlay-type":"","overlay-color":"","overlay-opacity":"","overlay-gradient":""}},"ast-content-background-meta":{"desktop":{"background-color":"var(--ast-global-color-4)","background-image":"","background-repeat":"repeat","background-position":"center center","background-size":"auto","background-attachment":"scroll","background-type":"","background-media":"","overlay-type":"","overlay-color":"","overlay-opacity":"","overlay-gradient":""},"tablet":{"background-color":"var(--ast-global-color-4)","background-image":"","background-repeat":"repeat","background-position":"center center","background-size":"auto","background-attachment":"scroll","background-type":"","background-media":"","overlay-type":"","overlay-color":"","overlay-opacity":"","overlay-gradient":""},"mobile":{"background-color":"var(--ast-global-color-4)","background-image":"","background-repeat":"repeat","background-position":"center center","background-size":"auto","background-attachment":"scroll","background-type":"","background-media":"","overlay-type":"","overlay-color":"","overlay-opacity":"","overlay-gradient":""}}},"product_brand":[],"product_cat":[9580],"product_tag":[3158,3060,1664,3160,1478,1587,3159],"class_list":{"0":"post-9670","1":"product","2":"type-product","3":"status-publish","4":"has-post-thumbnail","6":"product_cat-psichologiniai-detektyvai","7":"product_tag-gaisrai","8":"product_tag-nora-roberts","9":"product_tag-nusikaltimai","10":"product_tag-parasiutininkai","11":"product_tag-paslaptys","12":"product_tag-trileris","13":"product_tag-ugniagesiai","14":"desktop-align-left","15":"tablet-align-left","16":"mobile-align-left","18":"first","19":"instock","20":"shipping-taxable","21":"purchasable","22":"product-type-simple"},"acf":[],"yoast_head":"<!-- This site is optimized with the Yoast SEO plugin v27.0 - https:\/\/yoast.com\/product\/yoast-seo-wordpress\/ -->\n<title>Ugnies med\u017eiokl\u0117<\/title>\n<meta name=\"description\" content=\"Kadaise garsaus \u0161alyje ugniagesio para\u0161iutininko, vadinamo Gele\u017einiu \u017dmogumi, dukteriai Ravenai Trip nereik\u0117jo dvejoti, kuriuo gyvenimo keliu pasukti. J\u0105 patrauk\u0117 sunkus ir pavojingas t\u0117vo darbas \u2013 kartu su tvirtais, i\u0161tvermingais ir sumaniais vyrais Ravena gaisrus gesina nuo pat savo a\u0161tuonioliktojo gimtadienio. Nedaug kas nor\u0117t\u0173 \u0161okti i\u0161 l\u0117ktuvo \u012f ugn\u012f, o paskui i\u0161tisas valandas, o kartais net paras kovoti su ne\u017eabota gamtos stichija. Ta\u010diau Ravenai Trip \u0161is darbas tiko.  Deja, narsioji Ravena nepaliauja sapnavusi prie\u0161 metus ugnyje \u017euvusio partnerio. Per kit\u0105 mi\u0161k\u0173 gaisr\u0173 sezon\u0105 jos ko\u0161marai persikelia \u012f tikrov\u0119: staiga dingsta pa\u017e\u012fstami \u017emon\u0117s, o j\u0173 k\u016bnai aptinkami naujose gaisraviet\u0117se.  Ugniagesi\u0173 para\u0161iutinink\u0173 komand\u0105 sukausto nerimas: nejaugi nusikalt\u0117lis yra vienas i\u0161 t\u0173 \u017emoni\u0173, kuriais mirtino pavojaus akivaizdoje privalai pasitik\u0117ti?\" \/>\n<meta name=\"robots\" content=\"index, follow, max-snippet:-1, max-image-preview:large, max-video-preview:-1\" \/>\n<link rel=\"canonical\" href=\"https:\/\/skaitytaknyga.lt\/en\/produktas\/nora-roberts-ugnies-medziokle\/\" \/>\n<meta property=\"og:locale\" content=\"en_GB\" \/>\n<meta property=\"og:locale:alternate\" content=\"lt_LT\" \/>\n<meta property=\"og:type\" content=\"article\" \/>\n<meta property=\"og:title\" content=\"Ugnies med\u017eiokl\u0117\" \/>\n<meta property=\"og:description\" content=\"Kadaise garsaus \u0161alyje ugniagesio para\u0161iutininko, vadinamo Gele\u017einiu \u017dmogumi, dukteriai Ravenai Trip nereik\u0117jo dvejoti, kuriuo gyvenimo keliu pasukti. J\u0105 patrauk\u0117 sunkus ir pavojingas t\u0117vo darbas \u2013 kartu su tvirtais, i\u0161tvermingais ir sumaniais vyrais Ravena gaisrus gesina nuo pat savo a\u0161tuonioliktojo gimtadienio. Nedaug kas nor\u0117t\u0173 \u0161okti i\u0161 l\u0117ktuvo \u012f ugn\u012f, o paskui i\u0161tisas valandas, o kartais net paras kovoti su ne\u017eabota gamtos stichija. Ta\u010diau Ravenai Trip \u0161is darbas tiko.  Deja, narsioji Ravena nepaliauja sapnavusi prie\u0161 metus ugnyje \u017euvusio partnerio. Per kit\u0105 mi\u0161k\u0173 gaisr\u0173 sezon\u0105 jos ko\u0161marai persikelia \u012f tikrov\u0119: staiga dingsta pa\u017e\u012fstami \u017emon\u0117s, o j\u0173 k\u016bnai aptinkami naujose gaisraviet\u0117se.  Ugniagesi\u0173 para\u0161iutinink\u0173 komand\u0105 sukausto nerimas: nejaugi nusikalt\u0117lis yra vienas i\u0161 t\u0173 \u017emoni\u0173, kuriais mirtino pavojaus akivaizdoje privalai pasitik\u0117ti?\" \/>\n<meta property=\"og:url\" content=\"https:\/\/skaitytaknyga.lt\/en\/produktas\/nora-roberts-ugnies-medziokle\/\" \/>\n<meta property=\"og:site_name\" content=\"Skaitytaknyga\" \/>\n<meta property=\"article:publisher\" content=\"https:\/\/www.facebook.com\/skaitytaknyga\/\" \/>\n<meta property=\"article:modified_time\" content=\"2026-03-05T12:01:08+00:00\" \/>\n<meta property=\"og:image\" content=\"https:\/\/skaitytaknyga.lt\/wp-content\/uploads\/2024\/07\/skaitytaknyga.png\" \/>\n\t<meta property=\"og:image:width\" content=\"747\" \/>\n\t<meta property=\"og:image:height\" content=\"496\" \/>\n\t<meta property=\"og:image:type\" content=\"image\/png\" \/>\n<meta name=\"twitter:card\" content=\"summary_large_image\" \/>\n<meta name=\"twitter:label1\" content=\"Estimated reading time\" \/>\n\t<meta name=\"twitter:data1\" content=\"1 minute\" \/>\n<script type=\"application\/ld+json\" class=\"yoast-schema-graph\">{\"@context\":\"https:\/\/schema.org\",\"@graph\":[{\"@type\":\"WebPage\",\"@id\":\"https:\/\/skaitytaknyga.lt\/produktas\/nora-roberts-ugnies-medziokle\/\",\"url\":\"https:\/\/skaitytaknyga.lt\/produktas\/nora-roberts-ugnies-medziokle\/\",\"name\":\"Ugnies med\u017eiokl\u0117\",\"isPartOf\":{\"@id\":\"https:\/\/skaitytaknyga.lt\/#website\"},\"primaryImageOfPage\":{\"@id\":\"https:\/\/skaitytaknyga.lt\/produktas\/nora-roberts-ugnies-medziokle\/#primaryimage\"},\"image\":{\"@id\":\"https:\/\/skaitytaknyga.lt\/produktas\/nora-roberts-ugnies-medziokle\/#primaryimage\"},\"thumbnailUrl\":\"https:\/\/skaitytaknyga.lt\/wp-content\/uploads\/2024\/05\/Ugnies-medziokle-1.webp\",\"datePublished\":\"2024-05-04T17:54:34+00:00\",\"dateModified\":\"2026-03-05T12:01:08+00:00\",\"description\":\"Kadaise garsaus \u0161alyje ugniagesio para\u0161iutininko, vadinamo Gele\u017einiu \u017dmogumi, dukteriai Ravenai Trip nereik\u0117jo dvejoti, kuriuo gyvenimo keliu pasukti. J\u0105 patrauk\u0117 sunkus ir pavojingas t\u0117vo darbas \u2013 kartu su tvirtais, i\u0161tvermingais ir sumaniais vyrais Ravena gaisrus gesina nuo pat savo a\u0161tuonioliktojo gimtadienio. Nedaug kas nor\u0117t\u0173 \u0161okti i\u0161 l\u0117ktuvo \u012f ugn\u012f, o paskui i\u0161tisas valandas, o kartais net paras kovoti su ne\u017eabota gamtos stichija. Ta\u010diau Ravenai Trip \u0161is darbas tiko. Deja, narsioji Ravena nepaliauja sapnavusi prie\u0161 metus ugnyje \u017euvusio partnerio. Per kit\u0105 mi\u0161k\u0173 gaisr\u0173 sezon\u0105 jos ko\u0161marai persikelia \u012f tikrov\u0119: staiga dingsta pa\u017e\u012fstami \u017emon\u0117s, o j\u0173 k\u016bnai aptinkami naujose gaisraviet\u0117se. Ugniagesi\u0173 para\u0161iutinink\u0173 komand\u0105 sukausto nerimas: nejaugi nusikalt\u0117lis yra vienas i\u0161 t\u0173 \u017emoni\u0173, kuriais mirtino pavojaus akivaizdoje privalai pasitik\u0117ti?\",\"breadcrumb\":{\"@id\":\"https:\/\/skaitytaknyga.lt\/produktas\/nora-roberts-ugnies-medziokle\/#breadcrumb\"},\"inLanguage\":\"en-GB\",\"potentialAction\":[{\"@type\":\"ReadAction\",\"target\":[\"https:\/\/skaitytaknyga.lt\/produktas\/nora-roberts-ugnies-medziokle\/\"]}]},{\"@type\":\"ImageObject\",\"inLanguage\":\"en-GB\",\"@id\":\"https:\/\/skaitytaknyga.lt\/produktas\/nora-roberts-ugnies-medziokle\/#primaryimage\",\"url\":\"https:\/\/skaitytaknyga.lt\/wp-content\/uploads\/2024\/05\/Ugnies-medziokle-1.webp\",\"contentUrl\":\"https:\/\/skaitytaknyga.lt\/wp-content\/uploads\/2024\/05\/Ugnies-medziokle-1.webp\",\"width\":300,\"height\":455,\"caption\":\"{+title+}\"},{\"@type\":\"BreadcrumbList\",\"@id\":\"https:\/\/skaitytaknyga.lt\/produktas\/nora-roberts-ugnies-medziokle\/#breadcrumb\",\"itemListElement\":[{\"@type\":\"ListItem\",\"position\":1,\"name\":\"Home\",\"item\":\"https:\/\/skaitytaknyga.lt\/\"},{\"@type\":\"ListItem\",\"position\":2,\"name\":\"Parduotuv\u0117\",\"item\":\"https:\/\/skaitytaknyga.lt\/knygu-parduotuve\/\"},{\"@type\":\"ListItem\",\"position\":3,\"name\":\"Ugnies med\u017eiokl\u0117\"}]},{\"@type\":\"WebSite\",\"@id\":\"https:\/\/skaitytaknyga.lt\/#website\",\"url\":\"https:\/\/skaitytaknyga.lt\/\",\"name\":\"skaitytaknyga.lt\",\"description\":\"Skaitytaknyga.lt \u2013 tai ma\u017eas \u0161eimos verslas, kuris prasid\u0117jo nuo meil\u0117s knygoms ir siekio i\u0161gelb\u0117ti knygas nuo likimo prie konteinerio. Kas vienam nereikalingas daiktas \u2013 kitam lobis, o mes esame tarpininkai, kurie padeda abiems tapti laimingesniems ???? \u017dinome kaip nelengva i\u0161gyventi ma\u017eiems verslams, tad nuo \u0161iol, \u010dia rasite ir kit\u0173, ma\u017e\u0173 \u0161eim\u0173 versl\u0173, rank\u0173 darbo, dovan\u0173 sau ir artimiesiems.\",\"publisher\":{\"@id\":\"https:\/\/skaitytaknyga.lt\/#organization\"},\"potentialAction\":[{\"@type\":\"SearchAction\",\"target\":{\"@type\":\"EntryPoint\",\"urlTemplate\":\"https:\/\/skaitytaknyga.lt\/?s={search_term_string}\"},\"query-input\":{\"@type\":\"PropertyValueSpecification\",\"valueRequired\":true,\"valueName\":\"search_term_string\"}}],\"inLanguage\":\"en-GB\"},{\"@type\":\"Organization\",\"@id\":\"https:\/\/skaitytaknyga.lt\/#organization\",\"name\":\"skaitytaknyga.lt\",\"url\":\"https:\/\/skaitytaknyga.lt\/\",\"logo\":{\"@type\":\"ImageObject\",\"inLanguage\":\"en-GB\",\"@id\":\"https:\/\/skaitytaknyga.lt\/#\/schema\/logo\/image\/\",\"url\":\"https:\/\/skaitytaknyga.lt\/wp-content\/uploads\/2024\/05\/cropped-cropped-cropped-02_00843_jt3bggkj1j3HLc7SyY6rEUpg.jpeg\",\"contentUrl\":\"https:\/\/skaitytaknyga.lt\/wp-content\/uploads\/2024\/05\/cropped-cropped-cropped-02_00843_jt3bggkj1j3HLc7SyY6rEUpg.jpeg\",\"width\":1600,\"height\":1600,\"caption\":\"skaitytaknyga.lt\"},\"image\":{\"@id\":\"https:\/\/skaitytaknyga.lt\/#\/schema\/logo\/image\/\"},\"sameAs\":[\"https:\/\/www.facebook.com\/skaitytaknyga\/\"]}]}<\/script>\n<!-- \/ Yoast SEO plugin. -->","yoast_head_json":{"title":"Ugnies med\u017eiokl\u0117","description":"Kadaise garsaus \u0161alyje ugniagesio para\u0161iutininko, vadinamo Gele\u017einiu \u017dmogumi, dukteriai Ravenai Trip nereik\u0117jo dvejoti, kuriuo gyvenimo keliu pasukti. J\u0105 patrauk\u0117 sunkus ir pavojingas t\u0117vo darbas \u2013 kartu su tvirtais, i\u0161tvermingais ir sumaniais vyrais Ravena gaisrus gesina nuo pat savo a\u0161tuonioliktojo gimtadienio. Nedaug kas nor\u0117t\u0173 \u0161okti i\u0161 l\u0117ktuvo \u012f ugn\u012f, o paskui i\u0161tisas valandas, o kartais net paras kovoti su ne\u017eabota gamtos stichija. Ta\u010diau Ravenai Trip \u0161is darbas tiko.  Deja, narsioji Ravena nepaliauja sapnavusi prie\u0161 metus ugnyje \u017euvusio partnerio. Per kit\u0105 mi\u0161k\u0173 gaisr\u0173 sezon\u0105 jos ko\u0161marai persikelia \u012f tikrov\u0119: staiga dingsta pa\u017e\u012fstami \u017emon\u0117s, o j\u0173 k\u016bnai aptinkami naujose gaisraviet\u0117se.  Ugniagesi\u0173 para\u0161iutinink\u0173 komand\u0105 sukausto nerimas: nejaugi nusikalt\u0117lis yra vienas i\u0161 t\u0173 \u017emoni\u0173, kuriais mirtino pavojaus akivaizdoje privalai pasitik\u0117ti?","robots":{"index":"index","follow":"follow","max-snippet":"max-snippet:-1","max-image-preview":"max-image-preview:large","max-video-preview":"max-video-preview:-1"},"canonical":"https:\/\/skaitytaknyga.lt\/en\/produktas\/nora-roberts-ugnies-medziokle\/","og_locale":"en_GB","og_type":"article","og_title":"[:lt]Ugnies med\u017eiokl\u0117[:] - Skaitytaknyga","og_description":"Kadaise garsaus \u0161alyje ugniagesio para\u0161iutininko, vadinamo Gele\u017einiu \u017dmogumi, dukteriai Ravenai Trip nereik\u0117jo dvejoti, kuriuo gyvenimo keliu pasukti. J\u0105 patrauk\u0117 sunkus ir pavojingas t\u0117vo darbas \u2013 kartu su tvirtais, i\u0161tvermingais ir sumaniais vyrais Ravena gaisrus gesina nuo pat savo a\u0161tuonioliktojo gimtadienio. Nedaug kas nor\u0117t\u0173 \u0161okti i\u0161 l\u0117ktuvo \u012f ugn\u012f, o paskui i\u0161tisas valandas, o kartais net paras kovoti su ne\u017eabota gamtos stichija. Ta\u010diau Ravenai Trip \u0161is darbas tiko.  Deja, narsioji Ravena nepaliauja sapnavusi prie\u0161 metus ugnyje \u017euvusio partnerio. Per kit\u0105 mi\u0161k\u0173 gaisr\u0173 sezon\u0105 jos ko\u0161marai persikelia \u012f tikrov\u0119: staiga dingsta pa\u017e\u012fstami \u017emon\u0117s, o j\u0173 k\u016bnai aptinkami naujose gaisraviet\u0117se.  Ugniagesi\u0173 para\u0161iutinink\u0173 komand\u0105 sukausto nerimas: nejaugi nusikalt\u0117lis yra vienas i\u0161 t\u0173 \u017emoni\u0173, kuriais mirtino pavojaus akivaizdoje privalai pasitik\u0117ti?","og_url":"https:\/\/skaitytaknyga.lt\/en\/produktas\/nora-roberts-ugnies-medziokle\/","og_site_name":"Skaitytaknyga","article_publisher":"https:\/\/www.facebook.com\/skaitytaknyga\/","article_modified_time":"2026-03-05T12:01:08+00:00","og_image":[{"width":747,"height":496,"url":"https:\/\/skaitytaknyga.lt\/wp-content\/uploads\/2024\/07\/skaitytaknyga.png","type":"image\/png"}],"twitter_card":"summary_large_image","twitter_misc":{"Estimated reading time":"1 minute"},"schema":{"@context":"https:\/\/schema.org","@graph":[{"@type":"WebPage","@id":"https:\/\/skaitytaknyga.lt\/produktas\/nora-roberts-ugnies-medziokle\/","url":"https:\/\/skaitytaknyga.lt\/produktas\/nora-roberts-ugnies-medziokle\/","name":"Ugnies med\u017eiokl\u0117","isPartOf":{"@id":"https:\/\/skaitytaknyga.lt\/#website"},"primaryImageOfPage":{"@id":"https:\/\/skaitytaknyga.lt\/produktas\/nora-roberts-ugnies-medziokle\/#primaryimage"},"image":{"@id":"https:\/\/skaitytaknyga.lt\/produktas\/nora-roberts-ugnies-medziokle\/#primaryimage"},"thumbnailUrl":"https:\/\/skaitytaknyga.lt\/wp-content\/uploads\/2024\/05\/Ugnies-medziokle-1.webp","datePublished":"2024-05-04T17:54:34+00:00","dateModified":"2026-03-05T12:01:08+00:00","description":"Kadaise garsaus \u0161alyje ugniagesio para\u0161iutininko, vadinamo Gele\u017einiu \u017dmogumi, dukteriai Ravenai Trip nereik\u0117jo dvejoti, kuriuo gyvenimo keliu pasukti. J\u0105 patrauk\u0117 sunkus ir pavojingas t\u0117vo darbas \u2013 kartu su tvirtais, i\u0161tvermingais ir sumaniais vyrais Ravena gaisrus gesina nuo pat savo a\u0161tuonioliktojo gimtadienio. Nedaug kas nor\u0117t\u0173 \u0161okti i\u0161 l\u0117ktuvo \u012f ugn\u012f, o paskui i\u0161tisas valandas, o kartais net paras kovoti su ne\u017eabota gamtos stichija. Ta\u010diau Ravenai Trip \u0161is darbas tiko. Deja, narsioji Ravena nepaliauja sapnavusi prie\u0161 metus ugnyje \u017euvusio partnerio. Per kit\u0105 mi\u0161k\u0173 gaisr\u0173 sezon\u0105 jos ko\u0161marai persikelia \u012f tikrov\u0119: staiga dingsta pa\u017e\u012fstami \u017emon\u0117s, o j\u0173 k\u016bnai aptinkami naujose gaisraviet\u0117se. Ugniagesi\u0173 para\u0161iutinink\u0173 komand\u0105 sukausto nerimas: nejaugi nusikalt\u0117lis yra vienas i\u0161 t\u0173 \u017emoni\u0173, kuriais mirtino pavojaus akivaizdoje privalai pasitik\u0117ti?","breadcrumb":{"@id":"https:\/\/skaitytaknyga.lt\/produktas\/nora-roberts-ugnies-medziokle\/#breadcrumb"},"inLanguage":"en-GB","potentialAction":[{"@type":"ReadAction","target":["https:\/\/skaitytaknyga.lt\/produktas\/nora-roberts-ugnies-medziokle\/"]}]},{"@type":"ImageObject","inLanguage":"en-GB","@id":"https:\/\/skaitytaknyga.lt\/produktas\/nora-roberts-ugnies-medziokle\/#primaryimage","url":"https:\/\/skaitytaknyga.lt\/wp-content\/uploads\/2024\/05\/Ugnies-medziokle-1.webp","contentUrl":"https:\/\/skaitytaknyga.lt\/wp-content\/uploads\/2024\/05\/Ugnies-medziokle-1.webp","width":300,"height":455,"caption":"{+title+}"},{"@type":"BreadcrumbList","@id":"https:\/\/skaitytaknyga.lt\/produktas\/nora-roberts-ugnies-medziokle\/#breadcrumb","itemListElement":[{"@type":"ListItem","position":1,"name":"Home","item":"https:\/\/skaitytaknyga.lt\/"},{"@type":"ListItem","position":2,"name":"Parduotuv\u0117","item":"https:\/\/skaitytaknyga.lt\/knygu-parduotuve\/"},{"@type":"ListItem","position":3,"name":"Ugnies med\u017eiokl\u0117"}]},{"@type":"WebSite","@id":"https:\/\/skaitytaknyga.lt\/#website","url":"https:\/\/skaitytaknyga.lt\/","name":"skaitytaknyga.lt","description":"Skaitytaknyga.lt \u2013 tai ma\u017eas \u0161eimos verslas, kuris prasid\u0117jo nuo meil\u0117s knygoms ir siekio i\u0161gelb\u0117ti knygas nuo likimo prie konteinerio. Kas vienam nereikalingas daiktas \u2013 kitam lobis, o mes esame tarpininkai, kurie padeda abiems tapti laimingesniems ???? \u017dinome kaip nelengva i\u0161gyventi ma\u017eiems verslams, tad nuo \u0161iol, \u010dia rasite ir kit\u0173, ma\u017e\u0173 \u0161eim\u0173 versl\u0173, rank\u0173 darbo, dovan\u0173 sau ir artimiesiems.","publisher":{"@id":"https:\/\/skaitytaknyga.lt\/#organization"},"potentialAction":[{"@type":"SearchAction","target":{"@type":"EntryPoint","urlTemplate":"https:\/\/skaitytaknyga.lt\/?s={search_term_string}"},"query-input":{"@type":"PropertyValueSpecification","valueRequired":true,"valueName":"search_term_string"}}],"inLanguage":"en-GB"},{"@type":"Organization","@id":"https:\/\/skaitytaknyga.lt\/#organization","name":"skaitytaknyga.lt","url":"https:\/\/skaitytaknyga.lt\/","logo":{"@type":"ImageObject","inLanguage":"en-GB","@id":"https:\/\/skaitytaknyga.lt\/#\/schema\/logo\/image\/","url":"https:\/\/skaitytaknyga.lt\/wp-content\/uploads\/2024\/05\/cropped-cropped-cropped-02_00843_jt3bggkj1j3HLc7SyY6rEUpg.jpeg","contentUrl":"https:\/\/skaitytaknyga.lt\/wp-content\/uploads\/2024\/05\/cropped-cropped-cropped-02_00843_jt3bggkj1j3HLc7SyY6rEUpg.jpeg","width":1600,"height":1600,"caption":"skaitytaknyga.lt"},"image":{"@id":"https:\/\/skaitytaknyga.lt\/#\/schema\/logo\/image\/"},"sameAs":["https:\/\/www.facebook.com\/skaitytaknyga\/"]}]}},"_links":{"self":[{"href":"https:\/\/skaitytaknyga.lt\/en\/wp-json\/wp\/v2\/product\/9670","targetHints":{"allow":["GET"]}}],"collection":[{"href":"https:\/\/skaitytaknyga.lt\/en\/wp-json\/wp\/v2\/product"}],"about":[{"href":"https:\/\/skaitytaknyga.lt\/en\/wp-json\/wp\/v2\/types\/product"}],"replies":[{"embeddable":true,"href":"https:\/\/skaitytaknyga.lt\/en\/wp-json\/wp\/v2\/comments?post=9670"}],"wp:featuredmedia":[{"embeddable":true,"href":"https:\/\/skaitytaknyga.lt\/en\/wp-json\/wp\/v2\/media\/23658"}],"wp:attachment":[{"href":"https:\/\/skaitytaknyga.lt\/en\/wp-json\/wp\/v2\/media?parent=9670"}],"wp:term":[{"taxonomy":"product_brand","embeddable":true,"href":"https:\/\/skaitytaknyga.lt\/en\/wp-json\/wp\/v2\/product_brand?post=9670"},{"taxonomy":"product_cat","embeddable":true,"href":"https:\/\/skaitytaknyga.lt\/en\/wp-json\/wp\/v2\/product_cat?post=9670"},{"taxonomy":"product_tag","embeddable":true,"href":"https:\/\/skaitytaknyga.lt\/en\/wp-json\/wp\/v2\/product_tag?post=9670"}],"curies":[{"name":"wp","href":"https:\/\/api.w.org\/{rel}","templated":true}]}}