{"id":9669,"date":"2024-05-04T17:54:34","date_gmt":"2024-05-04T17:54:34","guid":{"rendered":"https:\/\/skaitytaknyga.lt\/?post_type=product&#038;p=9669"},"modified":"2025-05-15T13:07:20","modified_gmt":"2025-05-15T10:07:20","slug":"nora-roberts-sviesos-raktas","status":"publish","type":"product","link":"https:\/\/skaitytaknyga.lt\/en\/produktas\/nora-roberts-sviesos-raktas\/","title":{"rendered":"\u0160viesos raktas"},"content":{"rendered":"<p>Skaitytojai, sekantys Noros Roberts k\u016bryb\u0105, bus maloniai nustebinti, nes \u0161\u012f kart\u0105 autor\u0117 sugr\u012f\u017eta \u012f jai gerai pa\u017e\u012fstamas sferas, bandydama \u012ftikinti, jog kelt\u0173 dievai, antgamtin\u0117s j\u0117gos ir paranormal\u016bs rei\u0161kiniai yra \u012fprasta kasdienyb\u0117.<\/p>\n<p>Trys moterys. Trys raktai. Kiekviena turi po 28 dienas surasti jai paskirt\u0105j\u012f rakt\u0105 ir savo viet\u0105 gyvenime. \u0160\u012f nelengv\u0105 \u017eyg\u012f pirmoji pradeda meno \u017einov\u0117 Melori.<\/p>\n","protected":false},"excerpt":{"rendered":"<p>Skaitytojai, sekantys Noros Roberts k\u016bryb\u0105, bus maloniai nustebinti, nes \u0161\u012f kart\u0105 autor\u0117 sugr\u012f\u017eta \u012f jai gerai pa\u017e\u012fstamas sferas, bandydama \u012ftikinti, jog kelt\u0173 dievai, antgamtin\u0117s j\u0117gos ir paranormal\u016bs rei\u0161kiniai yra \u012fprasta kasdienyb\u0117.<\/p>\n<p>Trys moterys. Trys raktai. Kiekviena turi po 28 dienas surasti jai paskirt\u0105j\u012f rakt\u0105 ir savo viet\u0105 gyvenime. \u0160\u012f nelengv\u0105 \u017eyg\u012f pirmoji pradeda meno \u017einov\u0117 Melori.<\/p>\n","protected":false},"featured_media":9721,"comment_status":"closed","ping_status":"closed","template":"","meta":{"_acf_changed":false,"site-sidebar-layout":"default","site-content-layout":"","ast-site-content-layout":"default","site-content-style":"default","site-sidebar-style":"default","ast-global-header-display":"","ast-banner-title-visibility":"","ast-main-header-display":"","ast-hfb-above-header-display":"","ast-hfb-below-header-display":"","ast-hfb-mobile-header-display":"","site-post-title":"","ast-breadcrumbs-content":"","ast-featured-img":"","footer-sml-layout":"","ast-disable-related-posts":"","theme-transparent-header-meta":"","adv-header-id-meta":"","stick-header-meta":"","header-above-stick-meta":"","header-main-stick-meta":"","header-below-stick-meta":"","astra-migrate-meta-layouts":"default","ast-page-background-enabled":"default","ast-page-background-meta":{"desktop":{"background-color":"","background-image":"","background-repeat":"repeat","background-position":"center center","background-size":"auto","background-attachment":"scroll","background-type":"","background-media":"","overlay-type":"","overlay-color":"","overlay-opacity":"","overlay-gradient":""},"tablet":{"background-color":"","background-image":"","background-repeat":"repeat","background-position":"center center","background-size":"auto","background-attachment":"scroll","background-type":"","background-media":"","overlay-type":"","overlay-color":"","overlay-opacity":"","overlay-gradient":""},"mobile":{"background-color":"","background-image":"","background-repeat":"repeat","background-position":"center center","background-size":"auto","background-attachment":"scroll","background-type":"","background-media":"","overlay-type":"","overlay-color":"","overlay-opacity":"","overlay-gradient":""}},"ast-content-background-meta":{"desktop":{"background-color":"var(--ast-global-color-4)","background-image":"","background-repeat":"repeat","background-position":"center center","background-size":"auto","background-attachment":"scroll","background-type":"","background-media":"","overlay-type":"","overlay-color":"","overlay-opacity":"","overlay-gradient":""},"tablet":{"background-color":"var(--ast-global-color-4)","background-image":"","background-repeat":"repeat","background-position":"center center","background-size":"auto","background-attachment":"scroll","background-type":"","background-media":"","overlay-type":"","overlay-color":"","overlay-opacity":"","overlay-gradient":""},"mobile":{"background-color":"var(--ast-global-color-4)","background-image":"","background-repeat":"repeat","background-position":"center center","background-size":"auto","background-attachment":"scroll","background-type":"","background-media":"","overlay-type":"","overlay-color":"","overlay-opacity":"","overlay-gradient":""}}},"product_brand":[],"product_cat":[31],"product_tag":[3156,1504,3062,1755,2582,3060,3157],"class_list":{"0":"post-9669","1":"product","2":"type-product","3":"status-publish","4":"has-post-thumbnail","6":"product_cat-grozine-literatura","7":"product_tag-antgamtines-jegos","8":"product_tag-fantastika","9":"product_tag-keltu-mitologija","10":"product_tag-magija","11":"product_tag-moterys","12":"product_tag-nora-roberts","13":"product_tag-raktai","14":"desktop-align-left","15":"tablet-align-left","16":"mobile-align-left","18":"first","19":"outofstock","20":"shipping-taxable","21":"purchasable","22":"product-type-simple"},"acf":[],"yoast_head":"<!-- This site is optimized with the Yoast SEO plugin v27.0 - https:\/\/yoast.com\/product\/yoast-seo-wordpress\/ -->\n<title>\u0160viesos raktas<\/title>\n<meta name=\"description\" content=\"Skaitytojai, sekantys Noros Roberts k\u016bryb\u0105, bus maloniai nustebinti, nes \u0161\u012f kart\u0105 autor\u0117 sugr\u012f\u017eta \u012f jai gerai pa\u017e\u012fstamas sferas, bandydama \u012ftikinti, jog kelt\u0173 dievai, antgamtin\u0117s j\u0117gos ir paranormal\u016bs rei\u0161kiniai yra \u012fprasta kasdienyb\u0117.  Trys moterys. Trys raktai. Kiekviena turi po 28 dienas surasti jai paskirt\u0105j\u012f rakt\u0105 ir savo viet\u0105 gyvenime. \u0160\u012f nelengv\u0105 \u017eyg\u012f pirmoji pradeda meno \u017einov\u0117 Melori.\" \/>\n<meta name=\"robots\" content=\"index, follow, max-snippet:-1, max-image-preview:large, max-video-preview:-1\" \/>\n<link rel=\"canonical\" href=\"https:\/\/skaitytaknyga.lt\/en\/produktas\/nora-roberts-sviesos-raktas\/\" \/>\n<meta property=\"og:locale\" content=\"en_GB\" \/>\n<meta property=\"og:locale:alternate\" content=\"lt_LT\" \/>\n<meta property=\"og:type\" content=\"article\" \/>\n<meta property=\"og:title\" content=\"\u0160viesos raktas\" \/>\n<meta property=\"og:description\" content=\"Skaitytojai, sekantys Noros Roberts k\u016bryb\u0105, bus maloniai nustebinti, nes \u0161\u012f kart\u0105 autor\u0117 sugr\u012f\u017eta \u012f jai gerai pa\u017e\u012fstamas sferas, bandydama \u012ftikinti, jog kelt\u0173 dievai, antgamtin\u0117s j\u0117gos ir paranormal\u016bs rei\u0161kiniai yra \u012fprasta kasdienyb\u0117.  Trys moterys. Trys raktai. Kiekviena turi po 28 dienas surasti jai paskirt\u0105j\u012f rakt\u0105 ir savo viet\u0105 gyvenime. \u0160\u012f nelengv\u0105 \u017eyg\u012f pirmoji pradeda meno \u017einov\u0117 Melori.\" \/>\n<meta property=\"og:url\" content=\"https:\/\/skaitytaknyga.lt\/en\/produktas\/nora-roberts-sviesos-raktas\/\" \/>\n<meta property=\"og:site_name\" content=\"Skaitytaknyga\" \/>\n<meta property=\"article:publisher\" content=\"https:\/\/www.facebook.com\/skaitytaknyga\/\" \/>\n<meta property=\"article:modified_time\" content=\"2025-05-15T10:07:20+00:00\" \/>\n<meta property=\"og:image\" content=\"https:\/\/skaitytaknyga.lt\/wp-content\/uploads\/2024\/05\/1462878429_img0005.jpg\" \/>\n\t<meta property=\"og:image:width\" content=\"278\" \/>\n\t<meta property=\"og:image:height\" content=\"430\" \/>\n\t<meta property=\"og:image:type\" content=\"image\/jpeg\" \/>\n<meta name=\"twitter:card\" content=\"summary_large_image\" \/>\n<script type=\"application\/ld+json\" class=\"yoast-schema-graph\">{\"@context\":\"https:\/\/schema.org\",\"@graph\":[{\"@type\":\"WebPage\",\"@id\":\"https:\/\/skaitytaknyga.lt\/produktas\/nora-roberts-sviesos-raktas\/\",\"url\":\"https:\/\/skaitytaknyga.lt\/produktas\/nora-roberts-sviesos-raktas\/\",\"name\":\"\u0160viesos raktas\",\"isPartOf\":{\"@id\":\"https:\/\/skaitytaknyga.lt\/#website\"},\"primaryImageOfPage\":{\"@id\":\"https:\/\/skaitytaknyga.lt\/produktas\/nora-roberts-sviesos-raktas\/#primaryimage\"},\"image\":{\"@id\":\"https:\/\/skaitytaknyga.lt\/produktas\/nora-roberts-sviesos-raktas\/#primaryimage\"},\"thumbnailUrl\":\"https:\/\/skaitytaknyga.lt\/wp-content\/uploads\/2024\/05\/1462878429_img0005.jpg\",\"datePublished\":\"2024-05-04T17:54:34+00:00\",\"dateModified\":\"2025-05-15T10:07:20+00:00\",\"description\":\"Skaitytojai, sekantys Noros Roberts k\u016bryb\u0105, bus maloniai nustebinti, nes \u0161\u012f kart\u0105 autor\u0117 sugr\u012f\u017eta \u012f jai gerai pa\u017e\u012fstamas sferas, bandydama \u012ftikinti, jog kelt\u0173 dievai, antgamtin\u0117s j\u0117gos ir paranormal\u016bs rei\u0161kiniai yra \u012fprasta kasdienyb\u0117. Trys moterys. Trys raktai. Kiekviena turi po 28 dienas surasti jai paskirt\u0105j\u012f rakt\u0105 ir savo viet\u0105 gyvenime. \u0160\u012f nelengv\u0105 \u017eyg\u012f pirmoji pradeda meno \u017einov\u0117 Melori.\",\"breadcrumb\":{\"@id\":\"https:\/\/skaitytaknyga.lt\/produktas\/nora-roberts-sviesos-raktas\/#breadcrumb\"},\"inLanguage\":\"en-GB\",\"potentialAction\":[{\"@type\":\"ReadAction\",\"target\":[\"https:\/\/skaitytaknyga.lt\/produktas\/nora-roberts-sviesos-raktas\/\"]}]},{\"@type\":\"ImageObject\",\"inLanguage\":\"en-GB\",\"@id\":\"https:\/\/skaitytaknyga.lt\/produktas\/nora-roberts-sviesos-raktas\/#primaryimage\",\"url\":\"https:\/\/skaitytaknyga.lt\/wp-content\/uploads\/2024\/05\/1462878429_img0005.jpg\",\"contentUrl\":\"https:\/\/skaitytaknyga.lt\/wp-content\/uploads\/2024\/05\/1462878429_img0005.jpg\",\"width\":278,\"height\":430},{\"@type\":\"BreadcrumbList\",\"@id\":\"https:\/\/skaitytaknyga.lt\/produktas\/nora-roberts-sviesos-raktas\/#breadcrumb\",\"itemListElement\":[{\"@type\":\"ListItem\",\"position\":1,\"name\":\"Home\",\"item\":\"https:\/\/skaitytaknyga.lt\/\"},{\"@type\":\"ListItem\",\"position\":2,\"name\":\"Parduotuv\u0117\",\"item\":\"https:\/\/skaitytaknyga.lt\/knygu-parduotuve\/\"},{\"@type\":\"ListItem\",\"position\":3,\"name\":\"\u0160viesos raktas\"}]},{\"@type\":\"WebSite\",\"@id\":\"https:\/\/skaitytaknyga.lt\/#website\",\"url\":\"https:\/\/skaitytaknyga.lt\/\",\"name\":\"skaitytaknyga.lt\",\"description\":\"Skaitytaknyga.lt \u2013 tai ma\u017eas \u0161eimos verslas, kuris prasid\u0117jo nuo meil\u0117s knygoms ir siekio i\u0161gelb\u0117ti knygas nuo likimo prie konteinerio. Kas vienam nereikalingas daiktas \u2013 kitam lobis, o mes esame tarpininkai, kurie padeda abiems tapti laimingesniems ???? \u017dinome kaip nelengva i\u0161gyventi ma\u017eiems verslams, tad nuo \u0161iol, \u010dia rasite ir kit\u0173, ma\u017e\u0173 \u0161eim\u0173 versl\u0173, rank\u0173 darbo, dovan\u0173 sau ir artimiesiems.\",\"publisher\":{\"@id\":\"https:\/\/skaitytaknyga.lt\/#organization\"},\"potentialAction\":[{\"@type\":\"SearchAction\",\"target\":{\"@type\":\"EntryPoint\",\"urlTemplate\":\"https:\/\/skaitytaknyga.lt\/?s={search_term_string}\"},\"query-input\":{\"@type\":\"PropertyValueSpecification\",\"valueRequired\":true,\"valueName\":\"search_term_string\"}}],\"inLanguage\":\"en-GB\"},{\"@type\":\"Organization\",\"@id\":\"https:\/\/skaitytaknyga.lt\/#organization\",\"name\":\"skaitytaknyga.lt\",\"url\":\"https:\/\/skaitytaknyga.lt\/\",\"logo\":{\"@type\":\"ImageObject\",\"inLanguage\":\"en-GB\",\"@id\":\"https:\/\/skaitytaknyga.lt\/#\/schema\/logo\/image\/\",\"url\":\"https:\/\/skaitytaknyga.lt\/wp-content\/uploads\/2024\/05\/cropped-cropped-cropped-02_00843_jt3bggkj1j3HLc7SyY6rEUpg.jpeg\",\"contentUrl\":\"https:\/\/skaitytaknyga.lt\/wp-content\/uploads\/2024\/05\/cropped-cropped-cropped-02_00843_jt3bggkj1j3HLc7SyY6rEUpg.jpeg\",\"width\":1600,\"height\":1600,\"caption\":\"skaitytaknyga.lt\"},\"image\":{\"@id\":\"https:\/\/skaitytaknyga.lt\/#\/schema\/logo\/image\/\"},\"sameAs\":[\"https:\/\/www.facebook.com\/skaitytaknyga\/\"]}]}<\/script>\n<!-- \/ Yoast SEO plugin. -->","yoast_head_json":{"title":"\u0160viesos raktas","description":"Skaitytojai, sekantys Noros Roberts k\u016bryb\u0105, bus maloniai nustebinti, nes \u0161\u012f kart\u0105 autor\u0117 sugr\u012f\u017eta \u012f jai gerai pa\u017e\u012fstamas sferas, bandydama \u012ftikinti, jog kelt\u0173 dievai, antgamtin\u0117s j\u0117gos ir paranormal\u016bs rei\u0161kiniai yra \u012fprasta kasdienyb\u0117.  Trys moterys. Trys raktai. Kiekviena turi po 28 dienas surasti jai paskirt\u0105j\u012f rakt\u0105 ir savo viet\u0105 gyvenime. \u0160\u012f nelengv\u0105 \u017eyg\u012f pirmoji pradeda meno \u017einov\u0117 Melori.","robots":{"index":"index","follow":"follow","max-snippet":"max-snippet:-1","max-image-preview":"max-image-preview:large","max-video-preview":"max-video-preview:-1"},"canonical":"https:\/\/skaitytaknyga.lt\/en\/produktas\/nora-roberts-sviesos-raktas\/","og_locale":"en_GB","og_type":"article","og_title":"[:lt]\u0160viesos raktas[:] - Skaitytaknyga","og_description":"Skaitytojai, sekantys Noros Roberts k\u016bryb\u0105, bus maloniai nustebinti, nes \u0161\u012f kart\u0105 autor\u0117 sugr\u012f\u017eta \u012f jai gerai pa\u017e\u012fstamas sferas, bandydama \u012ftikinti, jog kelt\u0173 dievai, antgamtin\u0117s j\u0117gos ir paranormal\u016bs rei\u0161kiniai yra \u012fprasta kasdienyb\u0117.  Trys moterys. Trys raktai. Kiekviena turi po 28 dienas surasti jai paskirt\u0105j\u012f rakt\u0105 ir savo viet\u0105 gyvenime. \u0160\u012f nelengv\u0105 \u017eyg\u012f pirmoji pradeda meno \u017einov\u0117 Melori.","og_url":"https:\/\/skaitytaknyga.lt\/en\/produktas\/nora-roberts-sviesos-raktas\/","og_site_name":"Skaitytaknyga","article_publisher":"https:\/\/www.facebook.com\/skaitytaknyga\/","article_modified_time":"2025-05-15T10:07:20+00:00","og_image":[{"width":278,"height":430,"url":"https:\/\/skaitytaknyga.lt\/wp-content\/uploads\/2024\/05\/1462878429_img0005.jpg","type":"image\/jpeg"}],"twitter_card":"summary_large_image","schema":{"@context":"https:\/\/schema.org","@graph":[{"@type":"WebPage","@id":"https:\/\/skaitytaknyga.lt\/produktas\/nora-roberts-sviesos-raktas\/","url":"https:\/\/skaitytaknyga.lt\/produktas\/nora-roberts-sviesos-raktas\/","name":"\u0160viesos raktas","isPartOf":{"@id":"https:\/\/skaitytaknyga.lt\/#website"},"primaryImageOfPage":{"@id":"https:\/\/skaitytaknyga.lt\/produktas\/nora-roberts-sviesos-raktas\/#primaryimage"},"image":{"@id":"https:\/\/skaitytaknyga.lt\/produktas\/nora-roberts-sviesos-raktas\/#primaryimage"},"thumbnailUrl":"https:\/\/skaitytaknyga.lt\/wp-content\/uploads\/2024\/05\/1462878429_img0005.jpg","datePublished":"2024-05-04T17:54:34+00:00","dateModified":"2025-05-15T10:07:20+00:00","description":"Skaitytojai, sekantys Noros Roberts k\u016bryb\u0105, bus maloniai nustebinti, nes \u0161\u012f kart\u0105 autor\u0117 sugr\u012f\u017eta \u012f jai gerai pa\u017e\u012fstamas sferas, bandydama \u012ftikinti, jog kelt\u0173 dievai, antgamtin\u0117s j\u0117gos ir paranormal\u016bs rei\u0161kiniai yra \u012fprasta kasdienyb\u0117. Trys moterys. Trys raktai. Kiekviena turi po 28 dienas surasti jai paskirt\u0105j\u012f rakt\u0105 ir savo viet\u0105 gyvenime. \u0160\u012f nelengv\u0105 \u017eyg\u012f pirmoji pradeda meno \u017einov\u0117 Melori.","breadcrumb":{"@id":"https:\/\/skaitytaknyga.lt\/produktas\/nora-roberts-sviesos-raktas\/#breadcrumb"},"inLanguage":"en-GB","potentialAction":[{"@type":"ReadAction","target":["https:\/\/skaitytaknyga.lt\/produktas\/nora-roberts-sviesos-raktas\/"]}]},{"@type":"ImageObject","inLanguage":"en-GB","@id":"https:\/\/skaitytaknyga.lt\/produktas\/nora-roberts-sviesos-raktas\/#primaryimage","url":"https:\/\/skaitytaknyga.lt\/wp-content\/uploads\/2024\/05\/1462878429_img0005.jpg","contentUrl":"https:\/\/skaitytaknyga.lt\/wp-content\/uploads\/2024\/05\/1462878429_img0005.jpg","width":278,"height":430},{"@type":"BreadcrumbList","@id":"https:\/\/skaitytaknyga.lt\/produktas\/nora-roberts-sviesos-raktas\/#breadcrumb","itemListElement":[{"@type":"ListItem","position":1,"name":"Home","item":"https:\/\/skaitytaknyga.lt\/"},{"@type":"ListItem","position":2,"name":"Parduotuv\u0117","item":"https:\/\/skaitytaknyga.lt\/knygu-parduotuve\/"},{"@type":"ListItem","position":3,"name":"\u0160viesos raktas"}]},{"@type":"WebSite","@id":"https:\/\/skaitytaknyga.lt\/#website","url":"https:\/\/skaitytaknyga.lt\/","name":"skaitytaknyga.lt","description":"Skaitytaknyga.lt \u2013 tai ma\u017eas \u0161eimos verslas, kuris prasid\u0117jo nuo meil\u0117s knygoms ir siekio i\u0161gelb\u0117ti knygas nuo likimo prie konteinerio. Kas vienam nereikalingas daiktas \u2013 kitam lobis, o mes esame tarpininkai, kurie padeda abiems tapti laimingesniems ???? \u017dinome kaip nelengva i\u0161gyventi ma\u017eiems verslams, tad nuo \u0161iol, \u010dia rasite ir kit\u0173, ma\u017e\u0173 \u0161eim\u0173 versl\u0173, rank\u0173 darbo, dovan\u0173 sau ir artimiesiems.","publisher":{"@id":"https:\/\/skaitytaknyga.lt\/#organization"},"potentialAction":[{"@type":"SearchAction","target":{"@type":"EntryPoint","urlTemplate":"https:\/\/skaitytaknyga.lt\/?s={search_term_string}"},"query-input":{"@type":"PropertyValueSpecification","valueRequired":true,"valueName":"search_term_string"}}],"inLanguage":"en-GB"},{"@type":"Organization","@id":"https:\/\/skaitytaknyga.lt\/#organization","name":"skaitytaknyga.lt","url":"https:\/\/skaitytaknyga.lt\/","logo":{"@type":"ImageObject","inLanguage":"en-GB","@id":"https:\/\/skaitytaknyga.lt\/#\/schema\/logo\/image\/","url":"https:\/\/skaitytaknyga.lt\/wp-content\/uploads\/2024\/05\/cropped-cropped-cropped-02_00843_jt3bggkj1j3HLc7SyY6rEUpg.jpeg","contentUrl":"https:\/\/skaitytaknyga.lt\/wp-content\/uploads\/2024\/05\/cropped-cropped-cropped-02_00843_jt3bggkj1j3HLc7SyY6rEUpg.jpeg","width":1600,"height":1600,"caption":"skaitytaknyga.lt"},"image":{"@id":"https:\/\/skaitytaknyga.lt\/#\/schema\/logo\/image\/"},"sameAs":["https:\/\/www.facebook.com\/skaitytaknyga\/"]}]}},"_links":{"self":[{"href":"https:\/\/skaitytaknyga.lt\/en\/wp-json\/wp\/v2\/product\/9669","targetHints":{"allow":["GET"]}}],"collection":[{"href":"https:\/\/skaitytaknyga.lt\/en\/wp-json\/wp\/v2\/product"}],"about":[{"href":"https:\/\/skaitytaknyga.lt\/en\/wp-json\/wp\/v2\/types\/product"}],"replies":[{"embeddable":true,"href":"https:\/\/skaitytaknyga.lt\/en\/wp-json\/wp\/v2\/comments?post=9669"}],"wp:featuredmedia":[{"embeddable":true,"href":"https:\/\/skaitytaknyga.lt\/en\/wp-json\/wp\/v2\/media\/9721"}],"wp:attachment":[{"href":"https:\/\/skaitytaknyga.lt\/en\/wp-json\/wp\/v2\/media?parent=9669"}],"wp:term":[{"taxonomy":"product_brand","embeddable":true,"href":"https:\/\/skaitytaknyga.lt\/en\/wp-json\/wp\/v2\/product_brand?post=9669"},{"taxonomy":"product_cat","embeddable":true,"href":"https:\/\/skaitytaknyga.lt\/en\/wp-json\/wp\/v2\/product_cat?post=9669"},{"taxonomy":"product_tag","embeddable":true,"href":"https:\/\/skaitytaknyga.lt\/en\/wp-json\/wp\/v2\/product_tag?post=9669"}],"curies":[{"name":"wp","href":"https:\/\/api.w.org\/{rel}","templated":true}]}}