{"id":9660,"date":"2024-05-04T17:54:12","date_gmt":"2024-05-04T17:54:12","guid":{"rendered":"https:\/\/skaitytaknyga.lt\/?post_type=product&#038;p=9660"},"modified":"2026-03-05T16:00:50","modified_gmt":"2026-03-05T14:00:50","slug":"a-marinina-tigru-grumtynes-slenyje-isdavyste-nedidelis-defektas","status":"publish","type":"product","link":"https:\/\/skaitytaknyga.lt\/en\/produktas\/a-marinina-tigru-grumtynes-slenyje-isdavyste-nedidelis-defektas\/","title":{"rendered":"Tigr\u0173 grumtyn\u0117s sl\u0117nyje. I\u0161davyst\u0117"},"content":{"rendered":"<p>I\u0161kritusi i\u0161 daugiaauk\u0161\u010dio namo balkono, u\u017esimu\u0161\u0117 jauna mergina. Daugelis tuo metu kieme buvusi\u0173 kaimyn\u0173 mat\u0117, kaip Kati\u0105 neva i\u0161 balkono i\u0161st\u016bm\u0117 jos vyresnioji sesuo Nata\u0161a. Ji i\u0161kart buvo are\u0161tuota. Mergin\u0105 i\u0161tiko \u0161okas \u2014 tragedijos metu ji&#8230; pramogavo mieste su savo vaikinu Lenaru! Ta\u010diau to \u012frodyti ne\u012fmanoma. Byla susidomi advokatas Vitalijus Kirganas ir operatyvinis \u012fgaliotinis Antonas Sta\u0161is.<\/p>\n<p>Tyrimo metu jie aptinka netik\u0117t\u0173 fakt\u0173, dar daugiau mir\u010di\u0173, kurios i\u0161 pirmo \u017evilgsnio, atrodyt\u0173, visi\u0161kai nesusijusios. Galiausiai vis d\u0117lto paai\u0161k\u0117ja, kam ir kod\u0117l buvo reikalingos visos tos aukos. Atsakymai apstulbins&#8230;<\/p>\n","protected":false},"excerpt":{"rendered":"<p>I\u0161kritusi i\u0161 daugiaauk\u0161\u010dio namo balkono, u\u017esimu\u0161\u0117 jauna mergina. Daugelis tuo metu kieme buvusi\u0173 kaimyn\u0173 mat\u0117, kaip Kati\u0105 neva i\u0161 balkono i\u0161st\u016bm\u0117 jos vyresnioji sesuo Nata\u0161a. Ji i\u0161kart buvo are\u0161tuota. Mergin\u0105 i\u0161tiko \u0161okas \u2014 tragedijos metu ji&#8230; pramogavo mieste su savo vaikinu Lenaru! Ta\u010diau to \u012frodyti ne\u012fmanoma. Byla susidomi advokatas Vitalijus Kirganas ir operatyvinis \u012fgaliotinis Antonas Sta\u0161is.<\/p>\n<p>Tyrimo metu jie aptinka netik\u0117t\u0173 fakt\u0173, dar daugiau mir\u010di\u0173, kurios i\u0161 pirmo \u017evilgsnio, atrodyt\u0173, visi\u0161kai nesusijusios. Galiausiai vis d\u0117lto paai\u0161k\u0117ja, kam ir kod\u0117l buvo reikalingos visos tos aukos. Atsakymai apstulbins&#8230;<\/p>\n","protected":false},"featured_media":9709,"comment_status":"closed","ping_status":"closed","template":"","meta":{"_acf_changed":false,"site-sidebar-layout":"default","site-content-layout":"","ast-site-content-layout":"default","site-content-style":"default","site-sidebar-style":"default","ast-global-header-display":"","ast-banner-title-visibility":"","ast-main-header-display":"","ast-hfb-above-header-display":"","ast-hfb-below-header-display":"","ast-hfb-mobile-header-display":"","site-post-title":"","ast-breadcrumbs-content":"","ast-featured-img":"","footer-sml-layout":"","ast-disable-related-posts":"","theme-transparent-header-meta":"","adv-header-id-meta":"","stick-header-meta":"","header-above-stick-meta":"","header-main-stick-meta":"","header-below-stick-meta":"","astra-migrate-meta-layouts":"default","ast-page-background-enabled":"default","ast-page-background-meta":{"desktop":{"background-color":"","background-image":"","background-repeat":"repeat","background-position":"center center","background-size":"auto","background-attachment":"scroll","background-type":"","background-media":"","overlay-type":"","overlay-color":"","overlay-opacity":"","overlay-gradient":""},"tablet":{"background-color":"","background-image":"","background-repeat":"repeat","background-position":"center center","background-size":"auto","background-attachment":"scroll","background-type":"","background-media":"","overlay-type":"","overlay-color":"","overlay-opacity":"","overlay-gradient":""},"mobile":{"background-color":"","background-image":"","background-repeat":"repeat","background-position":"center center","background-size":"auto","background-attachment":"scroll","background-type":"","background-media":"","overlay-type":"","overlay-color":"","overlay-opacity":"","overlay-gradient":""}},"ast-content-background-meta":{"desktop":{"background-color":"var(--ast-global-color-4)","background-image":"","background-repeat":"repeat","background-position":"center center","background-size":"auto","background-attachment":"scroll","background-type":"","background-media":"","overlay-type":"","overlay-color":"","overlay-opacity":"","overlay-gradient":""},"tablet":{"background-color":"var(--ast-global-color-4)","background-image":"","background-repeat":"repeat","background-position":"center center","background-size":"auto","background-attachment":"scroll","background-type":"","background-media":"","overlay-type":"","overlay-color":"","overlay-opacity":"","overlay-gradient":""},"mobile":{"background-color":"var(--ast-global-color-4)","background-image":"","background-repeat":"repeat","background-position":"center center","background-size":"auto","background-attachment":"scroll","background-type":"","background-media":"","overlay-type":"","overlay-color":"","overlay-opacity":"","overlay-gradient":""}}},"product_brand":[],"product_cat":[9581],"product_tag":[3203,3174,3200,3201,3204,2096,3199,3202],"class_list":{"0":"post-9660","1":"product","2":"type-product","3":"status-publish","4":"has-post-thumbnail","6":"product_cat-kriminaliniai-romanai","7":"product_tag-advokatas","8":"product_tag-aleksandra-marinina","9":"product_tag-isdavyste","10":"product_tag-jauna-mergina","11":"product_tag-mirtis","12":"product_tag-teise","13":"product_tag-tigru-grumtynes","14":"product_tag-tragedija","15":"desktop-align-left","16":"tablet-align-left","17":"mobile-align-left","19":"first","20":"outofstock","21":"shipping-taxable","22":"purchasable","23":"product-type-simple"},"acf":[],"yoast_head":"<!-- This site is optimized with the Yoast SEO plugin v27.0 - https:\/\/yoast.com\/product\/yoast-seo-wordpress\/ -->\n<title>Tigr\u0173 grumtyn\u0117s sl\u0117nyje. I\u0161davyst\u0117<\/title>\n<meta name=\"description\" content=\"I\u0161kritusi i\u0161 daugiaauk\u0161\u010dio namo balkono, u\u017esimu\u0161\u0117 jauna mergina. Daugelis tuo metu kieme buvusi\u0173 kaimyn\u0173 mat\u0117, kaip Kati\u0105 neva i\u0161 balkono i\u0161st\u016bm\u0117 jos vyresnioji sesuo Nata\u0161a. Ji i\u0161kart buvo are\u0161tuota. Mergin\u0105 i\u0161tiko \u0161okas \u2014 tragedijos metu ji... pramogavo mieste su savo vaikinu Lenaru! Ta\u010diau to \u012frodyti ne\u012fmanoma. Byla susidomi advokatas Vitalijus Kirganas ir operatyvinis \u012fgaliotinis Antonas Sta\u0161is.  Tyrimo metu jie aptinka netik\u0117t\u0173 fakt\u0173, dar daugiau mir\u010di\u0173, kurios i\u0161 pirmo \u017evilgsnio, atrodyt\u0173, visi\u0161kai nesusijusios. Galiausiai vis d\u0117lto paai\u0161k\u0117ja, kam ir kod\u0117l buvo reikalingos visos tos aukos. Atsakymai apstulbins...\" \/>\n<meta name=\"robots\" content=\"index, follow, max-snippet:-1, max-image-preview:large, max-video-preview:-1\" \/>\n<link rel=\"canonical\" href=\"https:\/\/skaitytaknyga.lt\/en\/produktas\/a-marinina-tigru-grumtynes-slenyje-isdavyste-nedidelis-defektas\/\" \/>\n<meta property=\"og:locale\" content=\"en_GB\" \/>\n<meta property=\"og:locale:alternate\" content=\"lt_LT\" \/>\n<meta property=\"og:type\" content=\"article\" \/>\n<meta property=\"og:title\" content=\"Tigr\u0173 grumtyn\u0117s sl\u0117nyje. I\u0161davyst\u0117\" \/>\n<meta property=\"og:description\" content=\"I\u0161kritusi i\u0161 daugiaauk\u0161\u010dio namo balkono, u\u017esimu\u0161\u0117 jauna mergina. Daugelis tuo metu kieme buvusi\u0173 kaimyn\u0173 mat\u0117, kaip Kati\u0105 neva i\u0161 balkono i\u0161st\u016bm\u0117 jos vyresnioji sesuo Nata\u0161a. Ji i\u0161kart buvo are\u0161tuota. Mergin\u0105 i\u0161tiko \u0161okas \u2014 tragedijos metu ji... pramogavo mieste su savo vaikinu Lenaru! Ta\u010diau to \u012frodyti ne\u012fmanoma. Byla susidomi advokatas Vitalijus Kirganas ir operatyvinis \u012fgaliotinis Antonas Sta\u0161is.  Tyrimo metu jie aptinka netik\u0117t\u0173 fakt\u0173, dar daugiau mir\u010di\u0173, kurios i\u0161 pirmo \u017evilgsnio, atrodyt\u0173, visi\u0161kai nesusijusios. Galiausiai vis d\u0117lto paai\u0161k\u0117ja, kam ir kod\u0117l buvo reikalingos visos tos aukos. Atsakymai apstulbins...\" \/>\n<meta property=\"og:url\" content=\"https:\/\/skaitytaknyga.lt\/en\/produktas\/a-marinina-tigru-grumtynes-slenyje-isdavyste-nedidelis-defektas\/\" \/>\n<meta property=\"og:site_name\" content=\"Skaitytaknyga\" \/>\n<meta property=\"article:publisher\" content=\"https:\/\/www.facebook.com\/skaitytaknyga\/\" \/>\n<meta property=\"article:modified_time\" content=\"2026-03-05T14:00:50+00:00\" \/>\n<meta property=\"og:image\" content=\"https:\/\/skaitytaknyga.lt\/wp-content\/uploads\/2024\/05\/1462883050_9789955134268-tigru-grumtynes-slenyje-isdavyste.jpg\" \/>\n\t<meta property=\"og:image:width\" content=\"284\" \/>\n\t<meta property=\"og:image:height\" content=\"430\" \/>\n\t<meta property=\"og:image:type\" content=\"image\/jpeg\" \/>\n<meta name=\"twitter:card\" content=\"summary_large_image\" \/>\n<meta name=\"twitter:label1\" content=\"Estimated reading time\" \/>\n\t<meta name=\"twitter:data1\" content=\"1 minute\" \/>\n<script type=\"application\/ld+json\" class=\"yoast-schema-graph\">{\"@context\":\"https:\/\/schema.org\",\"@graph\":[{\"@type\":\"WebPage\",\"@id\":\"https:\/\/skaitytaknyga.lt\/produktas\/a-marinina-tigru-grumtynes-slenyje-isdavyste-nedidelis-defektas\/\",\"url\":\"https:\/\/skaitytaknyga.lt\/produktas\/a-marinina-tigru-grumtynes-slenyje-isdavyste-nedidelis-defektas\/\",\"name\":\"Tigr\u0173 grumtyn\u0117s sl\u0117nyje. I\u0161davyst\u0117\",\"isPartOf\":{\"@id\":\"https:\/\/skaitytaknyga.lt\/#website\"},\"primaryImageOfPage\":{\"@id\":\"https:\/\/skaitytaknyga.lt\/produktas\/a-marinina-tigru-grumtynes-slenyje-isdavyste-nedidelis-defektas\/#primaryimage\"},\"image\":{\"@id\":\"https:\/\/skaitytaknyga.lt\/produktas\/a-marinina-tigru-grumtynes-slenyje-isdavyste-nedidelis-defektas\/#primaryimage\"},\"thumbnailUrl\":\"https:\/\/skaitytaknyga.lt\/wp-content\/uploads\/2024\/05\/1462883050_9789955134268-tigru-grumtynes-slenyje-isdavyste.jpg\",\"datePublished\":\"2024-05-04T17:54:12+00:00\",\"dateModified\":\"2026-03-05T14:00:50+00:00\",\"description\":\"I\u0161kritusi i\u0161 daugiaauk\u0161\u010dio namo balkono, u\u017esimu\u0161\u0117 jauna mergina. Daugelis tuo metu kieme buvusi\u0173 kaimyn\u0173 mat\u0117, kaip Kati\u0105 neva i\u0161 balkono i\u0161st\u016bm\u0117 jos vyresnioji sesuo Nata\u0161a. Ji i\u0161kart buvo are\u0161tuota. Mergin\u0105 i\u0161tiko \u0161okas \u2014 tragedijos metu ji... pramogavo mieste su savo vaikinu Lenaru! Ta\u010diau to \u012frodyti ne\u012fmanoma. Byla susidomi advokatas Vitalijus Kirganas ir operatyvinis \u012fgaliotinis Antonas Sta\u0161is. Tyrimo metu jie aptinka netik\u0117t\u0173 fakt\u0173, dar daugiau mir\u010di\u0173, kurios i\u0161 pirmo \u017evilgsnio, atrodyt\u0173, visi\u0161kai nesusijusios. Galiausiai vis d\u0117lto paai\u0161k\u0117ja, kam ir kod\u0117l buvo reikalingos visos tos aukos. Atsakymai apstulbins...\",\"breadcrumb\":{\"@id\":\"https:\/\/skaitytaknyga.lt\/produktas\/a-marinina-tigru-grumtynes-slenyje-isdavyste-nedidelis-defektas\/#breadcrumb\"},\"inLanguage\":\"en-GB\",\"potentialAction\":[{\"@type\":\"ReadAction\",\"target\":[\"https:\/\/skaitytaknyga.lt\/produktas\/a-marinina-tigru-grumtynes-slenyje-isdavyste-nedidelis-defektas\/\"]}]},{\"@type\":\"ImageObject\",\"inLanguage\":\"en-GB\",\"@id\":\"https:\/\/skaitytaknyga.lt\/produktas\/a-marinina-tigru-grumtynes-slenyje-isdavyste-nedidelis-defektas\/#primaryimage\",\"url\":\"https:\/\/skaitytaknyga.lt\/wp-content\/uploads\/2024\/05\/1462883050_9789955134268-tigru-grumtynes-slenyje-isdavyste.jpg\",\"contentUrl\":\"https:\/\/skaitytaknyga.lt\/wp-content\/uploads\/2024\/05\/1462883050_9789955134268-tigru-grumtynes-slenyje-isdavyste.jpg\",\"width\":284,\"height\":430},{\"@type\":\"BreadcrumbList\",\"@id\":\"https:\/\/skaitytaknyga.lt\/produktas\/a-marinina-tigru-grumtynes-slenyje-isdavyste-nedidelis-defektas\/#breadcrumb\",\"itemListElement\":[{\"@type\":\"ListItem\",\"position\":1,\"name\":\"Home\",\"item\":\"https:\/\/skaitytaknyga.lt\/\"},{\"@type\":\"ListItem\",\"position\":2,\"name\":\"Parduotuv\u0117\",\"item\":\"https:\/\/skaitytaknyga.lt\/knygu-parduotuve\/\"},{\"@type\":\"ListItem\",\"position\":3,\"name\":\"Tigr\u0173 grumtyn\u0117s sl\u0117nyje. I\u0161davyst\u0117\"}]},{\"@type\":\"WebSite\",\"@id\":\"https:\/\/skaitytaknyga.lt\/#website\",\"url\":\"https:\/\/skaitytaknyga.lt\/\",\"name\":\"skaitytaknyga.lt\",\"description\":\"Skaitytaknyga.lt \u2013 tai ma\u017eas \u0161eimos verslas, kuris prasid\u0117jo nuo meil\u0117s knygoms ir siekio i\u0161gelb\u0117ti knygas nuo likimo prie konteinerio. Kas vienam nereikalingas daiktas \u2013 kitam lobis, o mes esame tarpininkai, kurie padeda abiems tapti laimingesniems ???? \u017dinome kaip nelengva i\u0161gyventi ma\u017eiems verslams, tad nuo \u0161iol, \u010dia rasite ir kit\u0173, ma\u017e\u0173 \u0161eim\u0173 versl\u0173, rank\u0173 darbo, dovan\u0173 sau ir artimiesiems.\",\"publisher\":{\"@id\":\"https:\/\/skaitytaknyga.lt\/#organization\"},\"potentialAction\":[{\"@type\":\"SearchAction\",\"target\":{\"@type\":\"EntryPoint\",\"urlTemplate\":\"https:\/\/skaitytaknyga.lt\/?s={search_term_string}\"},\"query-input\":{\"@type\":\"PropertyValueSpecification\",\"valueRequired\":true,\"valueName\":\"search_term_string\"}}],\"inLanguage\":\"en-GB\"},{\"@type\":\"Organization\",\"@id\":\"https:\/\/skaitytaknyga.lt\/#organization\",\"name\":\"skaitytaknyga.lt\",\"url\":\"https:\/\/skaitytaknyga.lt\/\",\"logo\":{\"@type\":\"ImageObject\",\"inLanguage\":\"en-GB\",\"@id\":\"https:\/\/skaitytaknyga.lt\/#\/schema\/logo\/image\/\",\"url\":\"https:\/\/skaitytaknyga.lt\/wp-content\/uploads\/2024\/05\/cropped-cropped-cropped-02_00843_jt3bggkj1j3HLc7SyY6rEUpg.jpeg\",\"contentUrl\":\"https:\/\/skaitytaknyga.lt\/wp-content\/uploads\/2024\/05\/cropped-cropped-cropped-02_00843_jt3bggkj1j3HLc7SyY6rEUpg.jpeg\",\"width\":1600,\"height\":1600,\"caption\":\"skaitytaknyga.lt\"},\"image\":{\"@id\":\"https:\/\/skaitytaknyga.lt\/#\/schema\/logo\/image\/\"},\"sameAs\":[\"https:\/\/www.facebook.com\/skaitytaknyga\/\"]}]}<\/script>\n<!-- \/ Yoast SEO plugin. -->","yoast_head_json":{"title":"Tigr\u0173 grumtyn\u0117s sl\u0117nyje. I\u0161davyst\u0117","description":"I\u0161kritusi i\u0161 daugiaauk\u0161\u010dio namo balkono, u\u017esimu\u0161\u0117 jauna mergina. Daugelis tuo metu kieme buvusi\u0173 kaimyn\u0173 mat\u0117, kaip Kati\u0105 neva i\u0161 balkono i\u0161st\u016bm\u0117 jos vyresnioji sesuo Nata\u0161a. Ji i\u0161kart buvo are\u0161tuota. Mergin\u0105 i\u0161tiko \u0161okas \u2014 tragedijos metu ji... pramogavo mieste su savo vaikinu Lenaru! Ta\u010diau to \u012frodyti ne\u012fmanoma. Byla susidomi advokatas Vitalijus Kirganas ir operatyvinis \u012fgaliotinis Antonas Sta\u0161is.  Tyrimo metu jie aptinka netik\u0117t\u0173 fakt\u0173, dar daugiau mir\u010di\u0173, kurios i\u0161 pirmo \u017evilgsnio, atrodyt\u0173, visi\u0161kai nesusijusios. Galiausiai vis d\u0117lto paai\u0161k\u0117ja, kam ir kod\u0117l buvo reikalingos visos tos aukos. Atsakymai apstulbins...","robots":{"index":"index","follow":"follow","max-snippet":"max-snippet:-1","max-image-preview":"max-image-preview:large","max-video-preview":"max-video-preview:-1"},"canonical":"https:\/\/skaitytaknyga.lt\/en\/produktas\/a-marinina-tigru-grumtynes-slenyje-isdavyste-nedidelis-defektas\/","og_locale":"en_GB","og_type":"article","og_title":"[:lt]Tigr\u0173 grumtyn\u0117s sl\u0117nyje. I\u0161davyst\u0117[:] - Skaitytaknyga","og_description":"I\u0161kritusi i\u0161 daugiaauk\u0161\u010dio namo balkono, u\u017esimu\u0161\u0117 jauna mergina. Daugelis tuo metu kieme buvusi\u0173 kaimyn\u0173 mat\u0117, kaip Kati\u0105 neva i\u0161 balkono i\u0161st\u016bm\u0117 jos vyresnioji sesuo Nata\u0161a. Ji i\u0161kart buvo are\u0161tuota. Mergin\u0105 i\u0161tiko \u0161okas \u2014 tragedijos metu ji... pramogavo mieste su savo vaikinu Lenaru! Ta\u010diau to \u012frodyti ne\u012fmanoma. Byla susidomi advokatas Vitalijus Kirganas ir operatyvinis \u012fgaliotinis Antonas Sta\u0161is.  Tyrimo metu jie aptinka netik\u0117t\u0173 fakt\u0173, dar daugiau mir\u010di\u0173, kurios i\u0161 pirmo \u017evilgsnio, atrodyt\u0173, visi\u0161kai nesusijusios. Galiausiai vis d\u0117lto paai\u0161k\u0117ja, kam ir kod\u0117l buvo reikalingos visos tos aukos. Atsakymai apstulbins...","og_url":"https:\/\/skaitytaknyga.lt\/en\/produktas\/a-marinina-tigru-grumtynes-slenyje-isdavyste-nedidelis-defektas\/","og_site_name":"Skaitytaknyga","article_publisher":"https:\/\/www.facebook.com\/skaitytaknyga\/","article_modified_time":"2026-03-05T14:00:50+00:00","og_image":[{"width":284,"height":430,"url":"https:\/\/skaitytaknyga.lt\/wp-content\/uploads\/2024\/05\/1462883050_9789955134268-tigru-grumtynes-slenyje-isdavyste.jpg","type":"image\/jpeg"}],"twitter_card":"summary_large_image","twitter_misc":{"Estimated reading time":"1 minute"},"schema":{"@context":"https:\/\/schema.org","@graph":[{"@type":"WebPage","@id":"https:\/\/skaitytaknyga.lt\/produktas\/a-marinina-tigru-grumtynes-slenyje-isdavyste-nedidelis-defektas\/","url":"https:\/\/skaitytaknyga.lt\/produktas\/a-marinina-tigru-grumtynes-slenyje-isdavyste-nedidelis-defektas\/","name":"Tigr\u0173 grumtyn\u0117s sl\u0117nyje. I\u0161davyst\u0117","isPartOf":{"@id":"https:\/\/skaitytaknyga.lt\/#website"},"primaryImageOfPage":{"@id":"https:\/\/skaitytaknyga.lt\/produktas\/a-marinina-tigru-grumtynes-slenyje-isdavyste-nedidelis-defektas\/#primaryimage"},"image":{"@id":"https:\/\/skaitytaknyga.lt\/produktas\/a-marinina-tigru-grumtynes-slenyje-isdavyste-nedidelis-defektas\/#primaryimage"},"thumbnailUrl":"https:\/\/skaitytaknyga.lt\/wp-content\/uploads\/2024\/05\/1462883050_9789955134268-tigru-grumtynes-slenyje-isdavyste.jpg","datePublished":"2024-05-04T17:54:12+00:00","dateModified":"2026-03-05T14:00:50+00:00","description":"I\u0161kritusi i\u0161 daugiaauk\u0161\u010dio namo balkono, u\u017esimu\u0161\u0117 jauna mergina. Daugelis tuo metu kieme buvusi\u0173 kaimyn\u0173 mat\u0117, kaip Kati\u0105 neva i\u0161 balkono i\u0161st\u016bm\u0117 jos vyresnioji sesuo Nata\u0161a. Ji i\u0161kart buvo are\u0161tuota. Mergin\u0105 i\u0161tiko \u0161okas \u2014 tragedijos metu ji... pramogavo mieste su savo vaikinu Lenaru! Ta\u010diau to \u012frodyti ne\u012fmanoma. Byla susidomi advokatas Vitalijus Kirganas ir operatyvinis \u012fgaliotinis Antonas Sta\u0161is. Tyrimo metu jie aptinka netik\u0117t\u0173 fakt\u0173, dar daugiau mir\u010di\u0173, kurios i\u0161 pirmo \u017evilgsnio, atrodyt\u0173, visi\u0161kai nesusijusios. Galiausiai vis d\u0117lto paai\u0161k\u0117ja, kam ir kod\u0117l buvo reikalingos visos tos aukos. Atsakymai apstulbins...","breadcrumb":{"@id":"https:\/\/skaitytaknyga.lt\/produktas\/a-marinina-tigru-grumtynes-slenyje-isdavyste-nedidelis-defektas\/#breadcrumb"},"inLanguage":"en-GB","potentialAction":[{"@type":"ReadAction","target":["https:\/\/skaitytaknyga.lt\/produktas\/a-marinina-tigru-grumtynes-slenyje-isdavyste-nedidelis-defektas\/"]}]},{"@type":"ImageObject","inLanguage":"en-GB","@id":"https:\/\/skaitytaknyga.lt\/produktas\/a-marinina-tigru-grumtynes-slenyje-isdavyste-nedidelis-defektas\/#primaryimage","url":"https:\/\/skaitytaknyga.lt\/wp-content\/uploads\/2024\/05\/1462883050_9789955134268-tigru-grumtynes-slenyje-isdavyste.jpg","contentUrl":"https:\/\/skaitytaknyga.lt\/wp-content\/uploads\/2024\/05\/1462883050_9789955134268-tigru-grumtynes-slenyje-isdavyste.jpg","width":284,"height":430},{"@type":"BreadcrumbList","@id":"https:\/\/skaitytaknyga.lt\/produktas\/a-marinina-tigru-grumtynes-slenyje-isdavyste-nedidelis-defektas\/#breadcrumb","itemListElement":[{"@type":"ListItem","position":1,"name":"Home","item":"https:\/\/skaitytaknyga.lt\/"},{"@type":"ListItem","position":2,"name":"Parduotuv\u0117","item":"https:\/\/skaitytaknyga.lt\/knygu-parduotuve\/"},{"@type":"ListItem","position":3,"name":"Tigr\u0173 grumtyn\u0117s sl\u0117nyje. I\u0161davyst\u0117"}]},{"@type":"WebSite","@id":"https:\/\/skaitytaknyga.lt\/#website","url":"https:\/\/skaitytaknyga.lt\/","name":"skaitytaknyga.lt","description":"Skaitytaknyga.lt \u2013 tai ma\u017eas \u0161eimos verslas, kuris prasid\u0117jo nuo meil\u0117s knygoms ir siekio i\u0161gelb\u0117ti knygas nuo likimo prie konteinerio. Kas vienam nereikalingas daiktas \u2013 kitam lobis, o mes esame tarpininkai, kurie padeda abiems tapti laimingesniems ???? \u017dinome kaip nelengva i\u0161gyventi ma\u017eiems verslams, tad nuo \u0161iol, \u010dia rasite ir kit\u0173, ma\u017e\u0173 \u0161eim\u0173 versl\u0173, rank\u0173 darbo, dovan\u0173 sau ir artimiesiems.","publisher":{"@id":"https:\/\/skaitytaknyga.lt\/#organization"},"potentialAction":[{"@type":"SearchAction","target":{"@type":"EntryPoint","urlTemplate":"https:\/\/skaitytaknyga.lt\/?s={search_term_string}"},"query-input":{"@type":"PropertyValueSpecification","valueRequired":true,"valueName":"search_term_string"}}],"inLanguage":"en-GB"},{"@type":"Organization","@id":"https:\/\/skaitytaknyga.lt\/#organization","name":"skaitytaknyga.lt","url":"https:\/\/skaitytaknyga.lt\/","logo":{"@type":"ImageObject","inLanguage":"en-GB","@id":"https:\/\/skaitytaknyga.lt\/#\/schema\/logo\/image\/","url":"https:\/\/skaitytaknyga.lt\/wp-content\/uploads\/2024\/05\/cropped-cropped-cropped-02_00843_jt3bggkj1j3HLc7SyY6rEUpg.jpeg","contentUrl":"https:\/\/skaitytaknyga.lt\/wp-content\/uploads\/2024\/05\/cropped-cropped-cropped-02_00843_jt3bggkj1j3HLc7SyY6rEUpg.jpeg","width":1600,"height":1600,"caption":"skaitytaknyga.lt"},"image":{"@id":"https:\/\/skaitytaknyga.lt\/#\/schema\/logo\/image\/"},"sameAs":["https:\/\/www.facebook.com\/skaitytaknyga\/"]}]}},"_links":{"self":[{"href":"https:\/\/skaitytaknyga.lt\/en\/wp-json\/wp\/v2\/product\/9660","targetHints":{"allow":["GET"]}}],"collection":[{"href":"https:\/\/skaitytaknyga.lt\/en\/wp-json\/wp\/v2\/product"}],"about":[{"href":"https:\/\/skaitytaknyga.lt\/en\/wp-json\/wp\/v2\/types\/product"}],"replies":[{"embeddable":true,"href":"https:\/\/skaitytaknyga.lt\/en\/wp-json\/wp\/v2\/comments?post=9660"}],"wp:featuredmedia":[{"embeddable":true,"href":"https:\/\/skaitytaknyga.lt\/en\/wp-json\/wp\/v2\/media\/9709"}],"wp:attachment":[{"href":"https:\/\/skaitytaknyga.lt\/en\/wp-json\/wp\/v2\/media?parent=9660"}],"wp:term":[{"taxonomy":"product_brand","embeddable":true,"href":"https:\/\/skaitytaknyga.lt\/en\/wp-json\/wp\/v2\/product_brand?post=9660"},{"taxonomy":"product_cat","embeddable":true,"href":"https:\/\/skaitytaknyga.lt\/en\/wp-json\/wp\/v2\/product_cat?post=9660"},{"taxonomy":"product_tag","embeddable":true,"href":"https:\/\/skaitytaknyga.lt\/en\/wp-json\/wp\/v2\/product_tag?post=9660"}],"curies":[{"name":"wp","href":"https:\/\/api.w.org\/{rel}","templated":true}]}}