{"id":9658,"date":"2024-05-04T20:54:12","date_gmt":"2024-05-04T17:54:12","guid":{"rendered":"https:\/\/skaitytaknyga.lt\/?post_type=product&#038;p=9658"},"modified":"2026-03-05T16:00:47","modified_gmt":"2026-03-05T14:00:47","slug":"a-marinina-miesto-tarifas-su-defektais","status":"publish","type":"product","link":"https:\/\/skaitytaknyga.lt\/en\/produktas\/a-marinina-miesto-tarifas-su-defektais\/","title":{"rendered":"Miesto tarifas"},"content":{"rendered":"<p>Nu\u017eudyti du \u017emon\u0117s \u2013 jauna klestin\u010dio verslininko \u017emona ir jos apsaugininkas. Kas tai \u2013 \u012fsp\u0117jimas s\u0117km\u0117s lydimam konkurentui, ker\u0161tas laisvamanei gra\u017euolei, sen\u0173 s\u0105skait\u0173 suvedin\u0117jimas? Versij\u0173 daug, bet visos jos nepatinka kukliam apylink\u0117s \u012fgaliotiniui \u2013 milicijos kapitonui Igoriui Doro\u0161inui, kuris tur\u0117jo asmenini\u0173 prie\u017eas\u010di\u0173 atskleisti \u0161\u012f nusikaltim\u0105.<\/p>\n<p>Savo rizika, klausydamas neai\u0161kaus intuicijos balso, jis pradeda tirti nuosav\u0105 versij\u0105. Juk kai kalbama apie \u017emogi\u0161k\u0105sias aistras, negalima pasitik\u0117ti net pa\u010diais akivaizd\u017eiausiais faktais. Lyg ir negin\u010dijama, kad kulkos trasa \u2013 tai ties\u0117 tarp to, kuris \u0161ov\u0117, ir to, \u012f kur\u012f buvo \u0161auta. Ta\u010diau jos kelyje gali pasitaikyti ir kit\u0173 \u017emoni\u0173&#8230;<\/p>\n","protected":false},"excerpt":{"rendered":"<p>Nu\u017eudyti du \u017emon\u0117s \u2013 jauna klestin\u010dio verslininko \u017emona ir jos apsaugininkas. Kas tai \u2013 \u012fsp\u0117jimas s\u0117km\u0117s lydimam konkurentui, ker\u0161tas laisvamanei gra\u017euolei, sen\u0173 s\u0105skait\u0173 suvedin\u0117jimas? Versij\u0173 daug, bet visos jos nepatinka kukliam apylink\u0117s \u012fgaliotiniui \u2013 milicijos kapitonui Igoriui Doro\u0161inui, kuris tur\u0117jo asmenini\u0173 prie\u017eas\u010di\u0173 atskleisti \u0161\u012f nusikaltim\u0105.<\/p>\n<p>Savo rizika, klausydamas neai\u0161kaus intuicijos balso, jis pradeda tirti nuosav\u0105 versij\u0105. Juk kai kalbama apie \u017emogi\u0161k\u0105sias aistras, negalima pasitik\u0117ti net pa\u010diais akivaizd\u017eiausiais faktais. Lyg ir negin\u010dijama, kad kulkos trasa \u2013 tai ties\u0117 tarp to, kuris \u0161ov\u0117, ir to, \u012f kur\u012f buvo \u0161auta. Ta\u010diau jos kelyje gali pasitaikyti ir kit\u0173 \u017emoni\u0173&#8230;<\/p>\n","protected":false},"featured_media":9707,"comment_status":"closed","ping_status":"closed","template":"","meta":{"_acf_changed":false,"site-sidebar-layout":"default","site-content-layout":"","ast-site-content-layout":"default","site-content-style":"default","site-sidebar-style":"default","ast-global-header-display":"","ast-banner-title-visibility":"","ast-main-header-display":"","ast-hfb-above-header-display":"","ast-hfb-below-header-display":"","ast-hfb-mobile-header-display":"","site-post-title":"","ast-breadcrumbs-content":"","ast-featured-img":"","footer-sml-layout":"","ast-disable-related-posts":"","theme-transparent-header-meta":"","adv-header-id-meta":"","stick-header-meta":"","header-above-stick-meta":"","header-main-stick-meta":"","header-below-stick-meta":"","astra-migrate-meta-layouts":"default","ast-page-background-enabled":"default","ast-page-background-meta":{"desktop":{"background-color":"","background-image":"","background-repeat":"repeat","background-position":"center center","background-size":"auto","background-attachment":"scroll","background-type":"","background-media":"","overlay-type":"","overlay-color":"","overlay-opacity":"","overlay-gradient":""},"tablet":{"background-color":"","background-image":"","background-repeat":"repeat","background-position":"center center","background-size":"auto","background-attachment":"scroll","background-type":"","background-media":"","overlay-type":"","overlay-color":"","overlay-opacity":"","overlay-gradient":""},"mobile":{"background-color":"","background-image":"","background-repeat":"repeat","background-position":"center center","background-size":"auto","background-attachment":"scroll","background-type":"","background-media":"","overlay-type":"","overlay-color":"","overlay-opacity":"","overlay-gradient":""}},"ast-content-background-meta":{"desktop":{"background-color":"var(--ast-global-color-4)","background-image":"","background-repeat":"repeat","background-position":"center center","background-size":"auto","background-attachment":"scroll","background-type":"","background-media":"","overlay-type":"","overlay-color":"","overlay-opacity":"","overlay-gradient":""},"tablet":{"background-color":"var(--ast-global-color-4)","background-image":"","background-repeat":"repeat","background-position":"center center","background-size":"auto","background-attachment":"scroll","background-type":"","background-media":"","overlay-type":"","overlay-color":"","overlay-opacity":"","overlay-gradient":""},"mobile":{"background-color":"var(--ast-global-color-4)","background-image":"","background-repeat":"repeat","background-position":"center center","background-size":"auto","background-attachment":"scroll","background-type":"","background-media":"","overlay-type":"","overlay-color":"","overlay-opacity":"","overlay-gradient":""}}},"product_brand":[],"product_cat":[9581],"product_tag":[3006,3174,3194,3195,3191,3190,2312,3192,3193],"class_list":{"0":"post-9658","1":"product","2":"type-product","3":"status-publish","4":"has-post-thumbnail","6":"product_cat-kriminaliniai-romanai","7":"product_tag-aistros","8":"product_tag-aleksandra-marinina","9":"product_tag-intuicija","10":"product_tag-kulkos-trasa","11":"product_tag-miesto-tarifas","12":"product_tag-milicija","13":"product_tag-nusikaltimas","14":"product_tag-nuzudymai","15":"product_tag-verslininkas","16":"desktop-align-left","17":"tablet-align-left","18":"mobile-align-left","20":"first","21":"instock","22":"shipping-taxable","23":"purchasable","24":"product-type-simple"},"acf":[],"yoast_head":"<!-- This site is optimized with the Yoast SEO plugin v27.0 - https:\/\/yoast.com\/product\/yoast-seo-wordpress\/ -->\n<title>Miesto tarifas<\/title>\n<meta name=\"description\" content=\"Nu\u017eudyti du \u017emon\u0117s \u2013 jauna klestin\u010dio verslininko \u017emona ir jos apsaugininkas. Kas tai \u2013 \u012fsp\u0117jimas s\u0117km\u0117s lydimam konkurentui, ker\u0161tas laisvamanei gra\u017euolei, sen\u0173 s\u0105skait\u0173 suvedin\u0117jimas? Versij\u0173 daug, bet visos jos nepatinka kukliam apylink\u0117s \u012fgaliotiniui \u2013 milicijos kapitonui Igoriui Doro\u0161inui, kuris tur\u0117jo asmenini\u0173 prie\u017eas\u010di\u0173 atskleisti \u0161\u012f nusikaltim\u0105.  Savo rizika, klausydamas neai\u0161kaus intuicijos balso, jis pradeda tirti nuosav\u0105 versij\u0105. Juk kai kalbama apie \u017emogi\u0161k\u0105sias aistras, negalima pasitik\u0117ti net pa\u010diais akivaizd\u017eiausiais faktais. Lyg ir negin\u010dijama, kad kulkos trasa \u2013 tai ties\u0117 tarp to, kuris \u0161ov\u0117, ir to, \u012f kur\u012f buvo \u0161auta. Ta\u010diau jos kelyje gali pasitaikyti ir kit\u0173 \u017emoni\u0173...\" \/>\n<meta name=\"robots\" content=\"index, follow, max-snippet:-1, max-image-preview:large, max-video-preview:-1\" \/>\n<link rel=\"canonical\" href=\"https:\/\/skaitytaknyga.lt\/en\/produktas\/a-marinina-miesto-tarifas-su-defektais\/\" \/>\n<meta property=\"og:locale\" content=\"en_GB\" \/>\n<meta property=\"og:locale:alternate\" content=\"lt_LT\" \/>\n<meta property=\"og:type\" content=\"article\" \/>\n<meta property=\"og:title\" content=\"Miesto tarifas\" \/>\n<meta property=\"og:description\" content=\"Nu\u017eudyti du \u017emon\u0117s \u2013 jauna klestin\u010dio verslininko \u017emona ir jos apsaugininkas. Kas tai \u2013 \u012fsp\u0117jimas s\u0117km\u0117s lydimam konkurentui, ker\u0161tas laisvamanei gra\u017euolei, sen\u0173 s\u0105skait\u0173 suvedin\u0117jimas? Versij\u0173 daug, bet visos jos nepatinka kukliam apylink\u0117s \u012fgaliotiniui \u2013 milicijos kapitonui Igoriui Doro\u0161inui, kuris tur\u0117jo asmenini\u0173 prie\u017eas\u010di\u0173 atskleisti \u0161\u012f nusikaltim\u0105.  Savo rizika, klausydamas neai\u0161kaus intuicijos balso, jis pradeda tirti nuosav\u0105 versij\u0105. Juk kai kalbama apie \u017emogi\u0161k\u0105sias aistras, negalima pasitik\u0117ti net pa\u010diais akivaizd\u017eiausiais faktais. Lyg ir negin\u010dijama, kad kulkos trasa \u2013 tai ties\u0117 tarp to, kuris \u0161ov\u0117, ir to, \u012f kur\u012f buvo \u0161auta. Ta\u010diau jos kelyje gali pasitaikyti ir kit\u0173 \u017emoni\u0173...\" \/>\n<meta property=\"og:url\" content=\"https:\/\/skaitytaknyga.lt\/en\/produktas\/a-marinina-miesto-tarifas-su-defektais\/\" \/>\n<meta property=\"og:site_name\" content=\"Skaitytaknyga\" \/>\n<meta property=\"article:publisher\" content=\"https:\/\/www.facebook.com\/skaitytaknyga\/\" \/>\n<meta property=\"article:modified_time\" content=\"2026-03-05T14:00:47+00:00\" \/>\n<meta property=\"og:image\" content=\"https:\/\/skaitytaknyga.lt\/wp-content\/uploads\/2024\/05\/1462879279_img0018.jpg\" \/>\n\t<meta property=\"og:image:width\" content=\"276\" \/>\n\t<meta property=\"og:image:height\" content=\"430\" \/>\n\t<meta property=\"og:image:type\" content=\"image\/jpeg\" \/>\n<meta name=\"twitter:card\" content=\"summary_large_image\" \/>\n<meta name=\"twitter:label1\" content=\"Estimated reading time\" \/>\n\t<meta name=\"twitter:data1\" content=\"1 minute\" \/>\n<script type=\"application\/ld+json\" class=\"yoast-schema-graph\">{\"@context\":\"https:\/\/schema.org\",\"@graph\":[{\"@type\":\"WebPage\",\"@id\":\"https:\/\/skaitytaknyga.lt\/produktas\/a-marinina-miesto-tarifas-su-defektais\/\",\"url\":\"https:\/\/skaitytaknyga.lt\/produktas\/a-marinina-miesto-tarifas-su-defektais\/\",\"name\":\"Miesto tarifas\",\"isPartOf\":{\"@id\":\"https:\/\/skaitytaknyga.lt\/#website\"},\"primaryImageOfPage\":{\"@id\":\"https:\/\/skaitytaknyga.lt\/produktas\/a-marinina-miesto-tarifas-su-defektais\/#primaryimage\"},\"image\":{\"@id\":\"https:\/\/skaitytaknyga.lt\/produktas\/a-marinina-miesto-tarifas-su-defektais\/#primaryimage\"},\"thumbnailUrl\":\"https:\/\/skaitytaknyga.lt\/wp-content\/uploads\/2024\/05\/1462879279_img0018.jpg\",\"datePublished\":\"2024-05-04T17:54:12+00:00\",\"dateModified\":\"2026-03-05T14:00:47+00:00\",\"description\":\"Nu\u017eudyti du \u017emon\u0117s \u2013 jauna klestin\u010dio verslininko \u017emona ir jos apsaugininkas. Kas tai \u2013 \u012fsp\u0117jimas s\u0117km\u0117s lydimam konkurentui, ker\u0161tas laisvamanei gra\u017euolei, sen\u0173 s\u0105skait\u0173 suvedin\u0117jimas? Versij\u0173 daug, bet visos jos nepatinka kukliam apylink\u0117s \u012fgaliotiniui \u2013 milicijos kapitonui Igoriui Doro\u0161inui, kuris tur\u0117jo asmenini\u0173 prie\u017eas\u010di\u0173 atskleisti \u0161\u012f nusikaltim\u0105. Savo rizika, klausydamas neai\u0161kaus intuicijos balso, jis pradeda tirti nuosav\u0105 versij\u0105. Juk kai kalbama apie \u017emogi\u0161k\u0105sias aistras, negalima pasitik\u0117ti net pa\u010diais akivaizd\u017eiausiais faktais. Lyg ir negin\u010dijama, kad kulkos trasa \u2013 tai ties\u0117 tarp to, kuris \u0161ov\u0117, ir to, \u012f kur\u012f buvo \u0161auta. Ta\u010diau jos kelyje gali pasitaikyti ir kit\u0173 \u017emoni\u0173...\",\"breadcrumb\":{\"@id\":\"https:\/\/skaitytaknyga.lt\/produktas\/a-marinina-miesto-tarifas-su-defektais\/#breadcrumb\"},\"inLanguage\":\"en-GB\",\"potentialAction\":[{\"@type\":\"ReadAction\",\"target\":[\"https:\/\/skaitytaknyga.lt\/produktas\/a-marinina-miesto-tarifas-su-defektais\/\"]}]},{\"@type\":\"ImageObject\",\"inLanguage\":\"en-GB\",\"@id\":\"https:\/\/skaitytaknyga.lt\/produktas\/a-marinina-miesto-tarifas-su-defektais\/#primaryimage\",\"url\":\"https:\/\/skaitytaknyga.lt\/wp-content\/uploads\/2024\/05\/1462879279_img0018.jpg\",\"contentUrl\":\"https:\/\/skaitytaknyga.lt\/wp-content\/uploads\/2024\/05\/1462879279_img0018.jpg\",\"width\":276,\"height\":430},{\"@type\":\"BreadcrumbList\",\"@id\":\"https:\/\/skaitytaknyga.lt\/produktas\/a-marinina-miesto-tarifas-su-defektais\/#breadcrumb\",\"itemListElement\":[{\"@type\":\"ListItem\",\"position\":1,\"name\":\"Home\",\"item\":\"https:\/\/skaitytaknyga.lt\/\"},{\"@type\":\"ListItem\",\"position\":2,\"name\":\"Parduotuv\u0117\",\"item\":\"https:\/\/skaitytaknyga.lt\/knygu-parduotuve\/\"},{\"@type\":\"ListItem\",\"position\":3,\"name\":\"Miesto tarifas\"}]},{\"@type\":\"WebSite\",\"@id\":\"https:\/\/skaitytaknyga.lt\/#website\",\"url\":\"https:\/\/skaitytaknyga.lt\/\",\"name\":\"skaitytaknyga.lt\",\"description\":\"Skaitytaknyga.lt \u2013 tai ma\u017eas \u0161eimos verslas, kuris prasid\u0117jo nuo meil\u0117s knygoms ir siekio i\u0161gelb\u0117ti knygas nuo likimo prie konteinerio. Kas vienam nereikalingas daiktas \u2013 kitam lobis, o mes esame tarpininkai, kurie padeda abiems tapti laimingesniems ???? \u017dinome kaip nelengva i\u0161gyventi ma\u017eiems verslams, tad nuo \u0161iol, \u010dia rasite ir kit\u0173, ma\u017e\u0173 \u0161eim\u0173 versl\u0173, rank\u0173 darbo, dovan\u0173 sau ir artimiesiems.\",\"publisher\":{\"@id\":\"https:\/\/skaitytaknyga.lt\/#organization\"},\"potentialAction\":[{\"@type\":\"SearchAction\",\"target\":{\"@type\":\"EntryPoint\",\"urlTemplate\":\"https:\/\/skaitytaknyga.lt\/?s={search_term_string}\"},\"query-input\":{\"@type\":\"PropertyValueSpecification\",\"valueRequired\":true,\"valueName\":\"search_term_string\"}}],\"inLanguage\":\"en-GB\"},{\"@type\":\"Organization\",\"@id\":\"https:\/\/skaitytaknyga.lt\/#organization\",\"name\":\"skaitytaknyga.lt\",\"url\":\"https:\/\/skaitytaknyga.lt\/\",\"logo\":{\"@type\":\"ImageObject\",\"inLanguage\":\"en-GB\",\"@id\":\"https:\/\/skaitytaknyga.lt\/#\/schema\/logo\/image\/\",\"url\":\"https:\/\/skaitytaknyga.lt\/wp-content\/uploads\/2024\/05\/cropped-cropped-cropped-02_00843_jt3bggkj1j3HLc7SyY6rEUpg.jpeg\",\"contentUrl\":\"https:\/\/skaitytaknyga.lt\/wp-content\/uploads\/2024\/05\/cropped-cropped-cropped-02_00843_jt3bggkj1j3HLc7SyY6rEUpg.jpeg\",\"width\":1600,\"height\":1600,\"caption\":\"skaitytaknyga.lt\"},\"image\":{\"@id\":\"https:\/\/skaitytaknyga.lt\/#\/schema\/logo\/image\/\"},\"sameAs\":[\"https:\/\/www.facebook.com\/skaitytaknyga\/\"]}]}<\/script>\n<!-- \/ Yoast SEO plugin. -->","yoast_head_json":{"title":"Miesto tarifas","description":"Nu\u017eudyti du \u017emon\u0117s \u2013 jauna klestin\u010dio verslininko \u017emona ir jos apsaugininkas. Kas tai \u2013 \u012fsp\u0117jimas s\u0117km\u0117s lydimam konkurentui, ker\u0161tas laisvamanei gra\u017euolei, sen\u0173 s\u0105skait\u0173 suvedin\u0117jimas? Versij\u0173 daug, bet visos jos nepatinka kukliam apylink\u0117s \u012fgaliotiniui \u2013 milicijos kapitonui Igoriui Doro\u0161inui, kuris tur\u0117jo asmenini\u0173 prie\u017eas\u010di\u0173 atskleisti \u0161\u012f nusikaltim\u0105.  Savo rizika, klausydamas neai\u0161kaus intuicijos balso, jis pradeda tirti nuosav\u0105 versij\u0105. Juk kai kalbama apie \u017emogi\u0161k\u0105sias aistras, negalima pasitik\u0117ti net pa\u010diais akivaizd\u017eiausiais faktais. Lyg ir negin\u010dijama, kad kulkos trasa \u2013 tai ties\u0117 tarp to, kuris \u0161ov\u0117, ir to, \u012f kur\u012f buvo \u0161auta. Ta\u010diau jos kelyje gali pasitaikyti ir kit\u0173 \u017emoni\u0173...","robots":{"index":"index","follow":"follow","max-snippet":"max-snippet:-1","max-image-preview":"max-image-preview:large","max-video-preview":"max-video-preview:-1"},"canonical":"https:\/\/skaitytaknyga.lt\/en\/produktas\/a-marinina-miesto-tarifas-su-defektais\/","og_locale":"en_GB","og_type":"article","og_title":"[:lt]Miesto tarifas[:] - Skaitytaknyga","og_description":"Nu\u017eudyti du \u017emon\u0117s \u2013 jauna klestin\u010dio verslininko \u017emona ir jos apsaugininkas. Kas tai \u2013 \u012fsp\u0117jimas s\u0117km\u0117s lydimam konkurentui, ker\u0161tas laisvamanei gra\u017euolei, sen\u0173 s\u0105skait\u0173 suvedin\u0117jimas? Versij\u0173 daug, bet visos jos nepatinka kukliam apylink\u0117s \u012fgaliotiniui \u2013 milicijos kapitonui Igoriui Doro\u0161inui, kuris tur\u0117jo asmenini\u0173 prie\u017eas\u010di\u0173 atskleisti \u0161\u012f nusikaltim\u0105.  Savo rizika, klausydamas neai\u0161kaus intuicijos balso, jis pradeda tirti nuosav\u0105 versij\u0105. Juk kai kalbama apie \u017emogi\u0161k\u0105sias aistras, negalima pasitik\u0117ti net pa\u010diais akivaizd\u017eiausiais faktais. Lyg ir negin\u010dijama, kad kulkos trasa \u2013 tai ties\u0117 tarp to, kuris \u0161ov\u0117, ir to, \u012f kur\u012f buvo \u0161auta. Ta\u010diau jos kelyje gali pasitaikyti ir kit\u0173 \u017emoni\u0173...","og_url":"https:\/\/skaitytaknyga.lt\/en\/produktas\/a-marinina-miesto-tarifas-su-defektais\/","og_site_name":"Skaitytaknyga","article_publisher":"https:\/\/www.facebook.com\/skaitytaknyga\/","article_modified_time":"2026-03-05T14:00:47+00:00","og_image":[{"width":276,"height":430,"url":"https:\/\/skaitytaknyga.lt\/wp-content\/uploads\/2024\/05\/1462879279_img0018.jpg","type":"image\/jpeg"}],"twitter_card":"summary_large_image","twitter_misc":{"Estimated reading time":"1 minute"},"schema":{"@context":"https:\/\/schema.org","@graph":[{"@type":"WebPage","@id":"https:\/\/skaitytaknyga.lt\/produktas\/a-marinina-miesto-tarifas-su-defektais\/","url":"https:\/\/skaitytaknyga.lt\/produktas\/a-marinina-miesto-tarifas-su-defektais\/","name":"Miesto tarifas","isPartOf":{"@id":"https:\/\/skaitytaknyga.lt\/#website"},"primaryImageOfPage":{"@id":"https:\/\/skaitytaknyga.lt\/produktas\/a-marinina-miesto-tarifas-su-defektais\/#primaryimage"},"image":{"@id":"https:\/\/skaitytaknyga.lt\/produktas\/a-marinina-miesto-tarifas-su-defektais\/#primaryimage"},"thumbnailUrl":"https:\/\/skaitytaknyga.lt\/wp-content\/uploads\/2024\/05\/1462879279_img0018.jpg","datePublished":"2024-05-04T17:54:12+00:00","dateModified":"2026-03-05T14:00:47+00:00","description":"Nu\u017eudyti du \u017emon\u0117s \u2013 jauna klestin\u010dio verslininko \u017emona ir jos apsaugininkas. Kas tai \u2013 \u012fsp\u0117jimas s\u0117km\u0117s lydimam konkurentui, ker\u0161tas laisvamanei gra\u017euolei, sen\u0173 s\u0105skait\u0173 suvedin\u0117jimas? Versij\u0173 daug, bet visos jos nepatinka kukliam apylink\u0117s \u012fgaliotiniui \u2013 milicijos kapitonui Igoriui Doro\u0161inui, kuris tur\u0117jo asmenini\u0173 prie\u017eas\u010di\u0173 atskleisti \u0161\u012f nusikaltim\u0105. Savo rizika, klausydamas neai\u0161kaus intuicijos balso, jis pradeda tirti nuosav\u0105 versij\u0105. Juk kai kalbama apie \u017emogi\u0161k\u0105sias aistras, negalima pasitik\u0117ti net pa\u010diais akivaizd\u017eiausiais faktais. Lyg ir negin\u010dijama, kad kulkos trasa \u2013 tai ties\u0117 tarp to, kuris \u0161ov\u0117, ir to, \u012f kur\u012f buvo \u0161auta. Ta\u010diau jos kelyje gali pasitaikyti ir kit\u0173 \u017emoni\u0173...","breadcrumb":{"@id":"https:\/\/skaitytaknyga.lt\/produktas\/a-marinina-miesto-tarifas-su-defektais\/#breadcrumb"},"inLanguage":"en-GB","potentialAction":[{"@type":"ReadAction","target":["https:\/\/skaitytaknyga.lt\/produktas\/a-marinina-miesto-tarifas-su-defektais\/"]}]},{"@type":"ImageObject","inLanguage":"en-GB","@id":"https:\/\/skaitytaknyga.lt\/produktas\/a-marinina-miesto-tarifas-su-defektais\/#primaryimage","url":"https:\/\/skaitytaknyga.lt\/wp-content\/uploads\/2024\/05\/1462879279_img0018.jpg","contentUrl":"https:\/\/skaitytaknyga.lt\/wp-content\/uploads\/2024\/05\/1462879279_img0018.jpg","width":276,"height":430},{"@type":"BreadcrumbList","@id":"https:\/\/skaitytaknyga.lt\/produktas\/a-marinina-miesto-tarifas-su-defektais\/#breadcrumb","itemListElement":[{"@type":"ListItem","position":1,"name":"Home","item":"https:\/\/skaitytaknyga.lt\/"},{"@type":"ListItem","position":2,"name":"Parduotuv\u0117","item":"https:\/\/skaitytaknyga.lt\/knygu-parduotuve\/"},{"@type":"ListItem","position":3,"name":"Miesto tarifas"}]},{"@type":"WebSite","@id":"https:\/\/skaitytaknyga.lt\/#website","url":"https:\/\/skaitytaknyga.lt\/","name":"skaitytaknyga.lt","description":"Skaitytaknyga.lt \u2013 tai ma\u017eas \u0161eimos verslas, kuris prasid\u0117jo nuo meil\u0117s knygoms ir siekio i\u0161gelb\u0117ti knygas nuo likimo prie konteinerio. Kas vienam nereikalingas daiktas \u2013 kitam lobis, o mes esame tarpininkai, kurie padeda abiems tapti laimingesniems ???? \u017dinome kaip nelengva i\u0161gyventi ma\u017eiems verslams, tad nuo \u0161iol, \u010dia rasite ir kit\u0173, ma\u017e\u0173 \u0161eim\u0173 versl\u0173, rank\u0173 darbo, dovan\u0173 sau ir artimiesiems.","publisher":{"@id":"https:\/\/skaitytaknyga.lt\/#organization"},"potentialAction":[{"@type":"SearchAction","target":{"@type":"EntryPoint","urlTemplate":"https:\/\/skaitytaknyga.lt\/?s={search_term_string}"},"query-input":{"@type":"PropertyValueSpecification","valueRequired":true,"valueName":"search_term_string"}}],"inLanguage":"en-GB"},{"@type":"Organization","@id":"https:\/\/skaitytaknyga.lt\/#organization","name":"skaitytaknyga.lt","url":"https:\/\/skaitytaknyga.lt\/","logo":{"@type":"ImageObject","inLanguage":"en-GB","@id":"https:\/\/skaitytaknyga.lt\/#\/schema\/logo\/image\/","url":"https:\/\/skaitytaknyga.lt\/wp-content\/uploads\/2024\/05\/cropped-cropped-cropped-02_00843_jt3bggkj1j3HLc7SyY6rEUpg.jpeg","contentUrl":"https:\/\/skaitytaknyga.lt\/wp-content\/uploads\/2024\/05\/cropped-cropped-cropped-02_00843_jt3bggkj1j3HLc7SyY6rEUpg.jpeg","width":1600,"height":1600,"caption":"skaitytaknyga.lt"},"image":{"@id":"https:\/\/skaitytaknyga.lt\/#\/schema\/logo\/image\/"},"sameAs":["https:\/\/www.facebook.com\/skaitytaknyga\/"]}]}},"_links":{"self":[{"href":"https:\/\/skaitytaknyga.lt\/en\/wp-json\/wp\/v2\/product\/9658","targetHints":{"allow":["GET"]}}],"collection":[{"href":"https:\/\/skaitytaknyga.lt\/en\/wp-json\/wp\/v2\/product"}],"about":[{"href":"https:\/\/skaitytaknyga.lt\/en\/wp-json\/wp\/v2\/types\/product"}],"replies":[{"embeddable":true,"href":"https:\/\/skaitytaknyga.lt\/en\/wp-json\/wp\/v2\/comments?post=9658"}],"wp:featuredmedia":[{"embeddable":true,"href":"https:\/\/skaitytaknyga.lt\/en\/wp-json\/wp\/v2\/media\/9707"}],"wp:attachment":[{"href":"https:\/\/skaitytaknyga.lt\/en\/wp-json\/wp\/v2\/media?parent=9658"}],"wp:term":[{"taxonomy":"product_brand","embeddable":true,"href":"https:\/\/skaitytaknyga.lt\/en\/wp-json\/wp\/v2\/product_brand?post=9658"},{"taxonomy":"product_cat","embeddable":true,"href":"https:\/\/skaitytaknyga.lt\/en\/wp-json\/wp\/v2\/product_cat?post=9658"},{"taxonomy":"product_tag","embeddable":true,"href":"https:\/\/skaitytaknyga.lt\/en\/wp-json\/wp\/v2\/product_tag?post=9658"}],"curies":[{"name":"wp","href":"https:\/\/api.w.org\/{rel}","templated":true}]}}