{"id":9653,"date":"2024-05-04T17:54:12","date_gmt":"2024-05-04T17:54:12","guid":{"rendered":"https:\/\/skaitytaknyga.lt\/?post_type=product&#038;p=9653"},"modified":"2026-03-17T11:55:16","modified_gmt":"2026-03-17T09:55:16","slug":"edvinas-kaleda-nemylimi","status":"publish","type":"product","link":"https:\/\/skaitytaknyga.lt\/en\/produktas\/edvinas-kaleda-nemylimi\/","title":{"rendered":"Edvinas Kal\u0117da \u201eNemylimi\u201c"},"content":{"rendered":"<p><strong>Romanas, kuris vos pasirod\u0119s tapo lietuvi\u0161ku bestseleriu.<\/strong><\/p>\n<p>Jo pagrindinis herojus Viktoras Drag\u016bnas padaro nusikaltim\u0105 ir jo gyvenimas apsiver\u010dia auk\u0161tyn kojom. Viktoras tampa visuomen\u0117s atstumtuoju.<\/p>\n<p>Romanas para\u0161ytas gana jautriai ir \u012ftaigiai. Tai istorija apie didel\u0119 meil\u0119, lydim\u0105 \u017eiaurios i\u0161davyst\u0117s. Apie krauju susitepusi\u0105 mafij\u0105. Apie mylimus ir nemylimus \u017emones, \u0161e\u0161\u0117liais virtusius pasmerktuosius.<\/p>\n","protected":false},"excerpt":{"rendered":"<p><strong>Romanas, kuris vos pasirod\u0119s tapo lietuvi\u0161ku bestseleriu.<\/strong><\/p>\n<p>Jo pagrindinis herojus Viktoras Drag\u016bnas padaro nusikaltim\u0105 ir jo gyvenimas apsiver\u010dia auk\u0161tyn kojom. Viktoras tampa visuomen\u0117s atstumtuoju.<\/p>\n<p>Romanas para\u0161ytas gana jautriai ir \u012ftaigiai. Tai istorija apie didel\u0119 meil\u0119, lydim\u0105 \u017eiaurios i\u0161davyst\u0117s. Apie krauju susitepusi\u0105 mafij\u0105. Apie mylimus ir nemylimus \u017emones, \u0161e\u0161\u0117liais virtusius pasmerktuosius.<\/p>\n","protected":false},"featured_media":9702,"comment_status":"closed","ping_status":"closed","template":"","meta":{"_acf_changed":false,"site-sidebar-layout":"default","site-content-layout":"","ast-site-content-layout":"default","site-content-style":"default","site-sidebar-style":"default","ast-global-header-display":"","ast-banner-title-visibility":"","ast-main-header-display":"","ast-hfb-above-header-display":"","ast-hfb-below-header-display":"","ast-hfb-mobile-header-display":"","site-post-title":"","ast-breadcrumbs-content":"","ast-featured-img":"","footer-sml-layout":"","ast-disable-related-posts":"","theme-transparent-header-meta":"","adv-header-id-meta":"","stick-header-meta":"","header-above-stick-meta":"","header-main-stick-meta":"","header-below-stick-meta":"","astra-migrate-meta-layouts":"default","ast-page-background-enabled":"default","ast-page-background-meta":{"desktop":{"background-color":"","background-image":"","background-repeat":"repeat","background-position":"center center","background-size":"auto","background-attachment":"scroll","background-type":"","background-media":"","overlay-type":"","overlay-color":"","overlay-opacity":"","overlay-gradient":""},"tablet":{"background-color":"","background-image":"","background-repeat":"repeat","background-position":"center center","background-size":"auto","background-attachment":"scroll","background-type":"","background-media":"","overlay-type":"","overlay-color":"","overlay-opacity":"","overlay-gradient":""},"mobile":{"background-color":"","background-image":"","background-repeat":"repeat","background-position":"center center","background-size":"auto","background-attachment":"scroll","background-type":"","background-media":"","overlay-type":"","overlay-color":"","overlay-opacity":"","overlay-gradient":""}},"ast-content-background-meta":{"desktop":{"background-color":"var(--ast-global-color-4)","background-image":"","background-repeat":"repeat","background-position":"center center","background-size":"auto","background-attachment":"scroll","background-type":"","background-media":"","overlay-type":"","overlay-color":"","overlay-opacity":"","overlay-gradient":""},"tablet":{"background-color":"var(--ast-global-color-4)","background-image":"","background-repeat":"repeat","background-position":"center center","background-size":"auto","background-attachment":"scroll","background-type":"","background-media":"","overlay-type":"","overlay-color":"","overlay-opacity":"","overlay-gradient":""},"mobile":{"background-color":"var(--ast-global-color-4)","background-image":"","background-repeat":"repeat","background-position":"center center","background-size":"auto","background-attachment":"scroll","background-type":"","background-media":"","overlay-type":"","overlay-color":"","overlay-opacity":"","overlay-gradient":""}}},"product_brand":[],"product_cat":[9581,9590],"product_tag":[],"class_list":{"0":"post-9653","1":"product","2":"type-product","3":"status-publish","4":"has-post-thumbnail","6":"product_cat-kriminaliniai-romanai","7":"product_cat-lietuviu-literatura","8":"desktop-align-left","9":"tablet-align-left","10":"mobile-align-left","12":"first","13":"outofstock","14":"shipping-taxable","15":"purchasable","16":"product-type-simple"},"acf":[],"yoast_head":"<!-- This site is optimized with the Yoast SEO plugin v27.4 - https:\/\/yoast.com\/product\/yoast-seo-wordpress\/ -->\n<title>Edvinas Kal\u0117da \u201eNemylimi\u201c<\/title>\n<meta name=\"description\" content=\"Romanas, kuris vos pasirod\u0119s tapo lietuvi\u0161ku bestseleriu.  Jo pagrindinis herojus Viktoras Drag\u016bnas padaro nusikaltim\u0105 ir jo gyvenimas apsiver\u010dia auk\u0161tyn kojom. Viktoras tampa visuomen\u0117s atstumtuoju.  Romanas para\u0161ytas gana jautriai ir \u012ftaigiai. Tai istorija apie didel\u0119 meil\u0119, lydim\u0105 \u017eiaurios i\u0161davyst\u0117s. Apie krauju susitepusi\u0105 mafij\u0105. Apie mylimus ir nemylimus \u017emones, \u0161e\u0161\u0117liais virtusius pasmerktuosius.\" \/>\n<meta name=\"robots\" content=\"index, follow, max-snippet:-1, max-image-preview:large, max-video-preview:-1\" \/>\n<link rel=\"canonical\" href=\"https:\/\/skaitytaknyga.lt\/en\/produktas\/edvinas-kaleda-nemylimi\/\" \/>\n<meta property=\"og:locale\" content=\"en_GB\" \/>\n<meta property=\"og:locale:alternate\" content=\"lt_LT\" \/>\n<meta property=\"og:type\" content=\"article\" \/>\n<meta property=\"og:title\" content=\"Edvinas Kal\u0117da \u201eNemylimi\u201c\" \/>\n<meta property=\"og:description\" content=\"Romanas, kuris vos pasirod\u0119s tapo lietuvi\u0161ku bestseleriu.  Jo pagrindinis herojus Viktoras Drag\u016bnas padaro nusikaltim\u0105 ir jo gyvenimas apsiver\u010dia auk\u0161tyn kojom. Viktoras tampa visuomen\u0117s atstumtuoju.  Romanas para\u0161ytas gana jautriai ir \u012ftaigiai. Tai istorija apie didel\u0119 meil\u0119, lydim\u0105 \u017eiaurios i\u0161davyst\u0117s. Apie krauju susitepusi\u0105 mafij\u0105. Apie mylimus ir nemylimus \u017emones, \u0161e\u0161\u0117liais virtusius pasmerktuosius.\" \/>\n<meta property=\"og:url\" content=\"https:\/\/skaitytaknyga.lt\/en\/produktas\/edvinas-kaleda-nemylimi\/\" \/>\n<meta property=\"og:site_name\" content=\"Skaitytaknyga\" \/>\n<meta property=\"article:publisher\" content=\"https:\/\/www.facebook.com\/skaitytaknyga\/\" \/>\n<meta property=\"article:modified_time\" content=\"2026-03-17T09:55:16+00:00\" \/>\n<meta property=\"og:image\" content=\"https:\/\/skaitytaknyga.lt\/wp-content\/uploads\/2024\/05\/1462889670_img0010-001.jpg\" \/>\n\t<meta property=\"og:image:width\" content=\"277\" \/>\n\t<meta property=\"og:image:height\" content=\"430\" \/>\n\t<meta property=\"og:image:type\" content=\"image\/jpeg\" \/>\n<meta name=\"twitter:card\" content=\"summary_large_image\" \/>\n<script type=\"application\/ld+json\" class=\"yoast-schema-graph\">{\"@context\":\"https:\\\/\\\/schema.org\",\"@graph\":[{\"@type\":\"WebPage\",\"@id\":\"https:\\\/\\\/skaitytaknyga.lt\\\/produktas\\\/edvinas-kaleda-nemylimi\\\/\",\"url\":\"https:\\\/\\\/skaitytaknyga.lt\\\/produktas\\\/edvinas-kaleda-nemylimi\\\/\",\"name\":\"Edvinas Kal\u0117da \u201eNemylimi\u201c\",\"isPartOf\":{\"@id\":\"https:\\\/\\\/skaitytaknyga.lt\\\/#website\"},\"primaryImageOfPage\":{\"@id\":\"https:\\\/\\\/skaitytaknyga.lt\\\/produktas\\\/edvinas-kaleda-nemylimi\\\/#primaryimage\"},\"image\":{\"@id\":\"https:\\\/\\\/skaitytaknyga.lt\\\/produktas\\\/edvinas-kaleda-nemylimi\\\/#primaryimage\"},\"thumbnailUrl\":\"https:\\\/\\\/skaitytaknyga.lt\\\/wp-content\\\/uploads\\\/2024\\\/05\\\/1462889670_img0010-001.jpg\",\"datePublished\":\"2024-05-04T17:54:12+00:00\",\"dateModified\":\"2026-03-17T09:55:16+00:00\",\"description\":\"Romanas, kuris vos pasirod\u0119s tapo lietuvi\u0161ku bestseleriu. Jo pagrindinis herojus Viktoras Drag\u016bnas padaro nusikaltim\u0105 ir jo gyvenimas apsiver\u010dia auk\u0161tyn kojom. Viktoras tampa visuomen\u0117s atstumtuoju. Romanas para\u0161ytas gana jautriai ir \u012ftaigiai. Tai istorija apie didel\u0119 meil\u0119, lydim\u0105 \u017eiaurios i\u0161davyst\u0117s. Apie krauju susitepusi\u0105 mafij\u0105. Apie mylimus ir nemylimus \u017emones, \u0161e\u0161\u0117liais virtusius pasmerktuosius.\",\"breadcrumb\":{\"@id\":\"https:\\\/\\\/skaitytaknyga.lt\\\/produktas\\\/edvinas-kaleda-nemylimi\\\/#breadcrumb\"},\"inLanguage\":\"en-GB\",\"potentialAction\":[{\"@type\":\"ReadAction\",\"target\":[\"https:\\\/\\\/skaitytaknyga.lt\\\/produktas\\\/edvinas-kaleda-nemylimi\\\/\"]}]},{\"@type\":\"ImageObject\",\"inLanguage\":\"en-GB\",\"@id\":\"https:\\\/\\\/skaitytaknyga.lt\\\/produktas\\\/edvinas-kaleda-nemylimi\\\/#primaryimage\",\"url\":\"https:\\\/\\\/skaitytaknyga.lt\\\/wp-content\\\/uploads\\\/2024\\\/05\\\/1462889670_img0010-001.jpg\",\"contentUrl\":\"https:\\\/\\\/skaitytaknyga.lt\\\/wp-content\\\/uploads\\\/2024\\\/05\\\/1462889670_img0010-001.jpg\",\"width\":277,\"height\":430},{\"@type\":\"BreadcrumbList\",\"@id\":\"https:\\\/\\\/skaitytaknyga.lt\\\/produktas\\\/edvinas-kaleda-nemylimi\\\/#breadcrumb\",\"itemListElement\":[{\"@type\":\"ListItem\",\"position\":1,\"name\":\"Home\",\"item\":\"https:\\\/\\\/skaitytaknyga.lt\\\/\"},{\"@type\":\"ListItem\",\"position\":2,\"name\":\"Parduotuv\u0117\",\"item\":\"https:\\\/\\\/skaitytaknyga.lt\\\/knygu-parduotuve\\\/\"},{\"@type\":\"ListItem\",\"position\":3,\"name\":\"Edvinas Kal\u0117da \u201eNemylimi\u201c\"}]},{\"@type\":\"WebSite\",\"@id\":\"https:\\\/\\\/skaitytaknyga.lt\\\/#website\",\"url\":\"https:\\\/\\\/skaitytaknyga.lt\\\/\",\"name\":\"skaitytaknyga.lt\",\"description\":\"Skaitytaknyga.lt \u2013 tai ma\u017eas \u0161eimos verslas, kuris prasid\u0117jo nuo meil\u0117s knygoms ir siekio i\u0161gelb\u0117ti knygas nuo likimo prie konteinerio. Kas vienam nereikalingas daiktas \u2013 kitam lobis, o mes esame tarpininkai, kurie padeda abiems tapti laimingesniems ???? \u017dinome kaip nelengva i\u0161gyventi ma\u017eiems verslams, tad nuo \u0161iol, \u010dia rasite ir kit\u0173, ma\u017e\u0173 \u0161eim\u0173 versl\u0173, rank\u0173 darbo, dovan\u0173 sau ir artimiesiems.\",\"publisher\":{\"@id\":\"https:\\\/\\\/skaitytaknyga.lt\\\/#organization\"},\"potentialAction\":[{\"@type\":\"SearchAction\",\"target\":{\"@type\":\"EntryPoint\",\"urlTemplate\":\"https:\\\/\\\/skaitytaknyga.lt\\\/?s={search_term_string}\"},\"query-input\":{\"@type\":\"PropertyValueSpecification\",\"valueRequired\":true,\"valueName\":\"search_term_string\"}}],\"inLanguage\":\"en-GB\"},{\"@type\":\"Organization\",\"@id\":\"https:\\\/\\\/skaitytaknyga.lt\\\/#organization\",\"name\":\"skaitytaknyga.lt\",\"url\":\"https:\\\/\\\/skaitytaknyga.lt\\\/\",\"logo\":{\"@type\":\"ImageObject\",\"inLanguage\":\"en-GB\",\"@id\":\"https:\\\/\\\/skaitytaknyga.lt\\\/#\\\/schema\\\/logo\\\/image\\\/\",\"url\":\"https:\\\/\\\/skaitytaknyga.lt\\\/wp-content\\\/uploads\\\/2024\\\/05\\\/cropped-cropped-cropped-02_00843_jt3bggkj1j3HLc7SyY6rEUpg.jpeg\",\"contentUrl\":\"https:\\\/\\\/skaitytaknyga.lt\\\/wp-content\\\/uploads\\\/2024\\\/05\\\/cropped-cropped-cropped-02_00843_jt3bggkj1j3HLc7SyY6rEUpg.jpeg\",\"width\":1600,\"height\":1600,\"caption\":\"skaitytaknyga.lt\"},\"image\":{\"@id\":\"https:\\\/\\\/skaitytaknyga.lt\\\/#\\\/schema\\\/logo\\\/image\\\/\"},\"sameAs\":[\"https:\\\/\\\/www.facebook.com\\\/skaitytaknyga\\\/\"]}]}<\/script>\n<!-- \/ Yoast SEO plugin. -->","yoast_head_json":{"title":"Edvinas Kal\u0117da \u201eNemylimi\u201c","description":"Romanas, kuris vos pasirod\u0119s tapo lietuvi\u0161ku bestseleriu.  Jo pagrindinis herojus Viktoras Drag\u016bnas padaro nusikaltim\u0105 ir jo gyvenimas apsiver\u010dia auk\u0161tyn kojom. Viktoras tampa visuomen\u0117s atstumtuoju.  Romanas para\u0161ytas gana jautriai ir \u012ftaigiai. Tai istorija apie didel\u0119 meil\u0119, lydim\u0105 \u017eiaurios i\u0161davyst\u0117s. Apie krauju susitepusi\u0105 mafij\u0105. Apie mylimus ir nemylimus \u017emones, \u0161e\u0161\u0117liais virtusius pasmerktuosius.","robots":{"index":"index","follow":"follow","max-snippet":"max-snippet:-1","max-image-preview":"max-image-preview:large","max-video-preview":"max-video-preview:-1"},"canonical":"https:\/\/skaitytaknyga.lt\/en\/produktas\/edvinas-kaleda-nemylimi\/","og_locale":"en_GB","og_type":"article","og_title":"[:lt]Edvinas Kal\u0117da \u201eNemylimi\u201c[:] - Skaitytaknyga","og_description":"Romanas, kuris vos pasirod\u0119s tapo lietuvi\u0161ku bestseleriu.  Jo pagrindinis herojus Viktoras Drag\u016bnas padaro nusikaltim\u0105 ir jo gyvenimas apsiver\u010dia auk\u0161tyn kojom. Viktoras tampa visuomen\u0117s atstumtuoju.  Romanas para\u0161ytas gana jautriai ir \u012ftaigiai. Tai istorija apie didel\u0119 meil\u0119, lydim\u0105 \u017eiaurios i\u0161davyst\u0117s. Apie krauju susitepusi\u0105 mafij\u0105. Apie mylimus ir nemylimus \u017emones, \u0161e\u0161\u0117liais virtusius pasmerktuosius.","og_url":"https:\/\/skaitytaknyga.lt\/en\/produktas\/edvinas-kaleda-nemylimi\/","og_site_name":"Skaitytaknyga","article_publisher":"https:\/\/www.facebook.com\/skaitytaknyga\/","article_modified_time":"2026-03-17T09:55:16+00:00","og_image":[{"width":277,"height":430,"url":"https:\/\/skaitytaknyga.lt\/wp-content\/uploads\/2024\/05\/1462889670_img0010-001.jpg","type":"image\/jpeg"}],"twitter_card":"summary_large_image","schema":{"@context":"https:\/\/schema.org","@graph":[{"@type":"WebPage","@id":"https:\/\/skaitytaknyga.lt\/produktas\/edvinas-kaleda-nemylimi\/","url":"https:\/\/skaitytaknyga.lt\/produktas\/edvinas-kaleda-nemylimi\/","name":"Edvinas Kal\u0117da \u201eNemylimi\u201c","isPartOf":{"@id":"https:\/\/skaitytaknyga.lt\/#website"},"primaryImageOfPage":{"@id":"https:\/\/skaitytaknyga.lt\/produktas\/edvinas-kaleda-nemylimi\/#primaryimage"},"image":{"@id":"https:\/\/skaitytaknyga.lt\/produktas\/edvinas-kaleda-nemylimi\/#primaryimage"},"thumbnailUrl":"https:\/\/skaitytaknyga.lt\/wp-content\/uploads\/2024\/05\/1462889670_img0010-001.jpg","datePublished":"2024-05-04T17:54:12+00:00","dateModified":"2026-03-17T09:55:16+00:00","description":"Romanas, kuris vos pasirod\u0119s tapo lietuvi\u0161ku bestseleriu. Jo pagrindinis herojus Viktoras Drag\u016bnas padaro nusikaltim\u0105 ir jo gyvenimas apsiver\u010dia auk\u0161tyn kojom. Viktoras tampa visuomen\u0117s atstumtuoju. Romanas para\u0161ytas gana jautriai ir \u012ftaigiai. Tai istorija apie didel\u0119 meil\u0119, lydim\u0105 \u017eiaurios i\u0161davyst\u0117s. Apie krauju susitepusi\u0105 mafij\u0105. Apie mylimus ir nemylimus \u017emones, \u0161e\u0161\u0117liais virtusius pasmerktuosius.","breadcrumb":{"@id":"https:\/\/skaitytaknyga.lt\/produktas\/edvinas-kaleda-nemylimi\/#breadcrumb"},"inLanguage":"en-GB","potentialAction":[{"@type":"ReadAction","target":["https:\/\/skaitytaknyga.lt\/produktas\/edvinas-kaleda-nemylimi\/"]}]},{"@type":"ImageObject","inLanguage":"en-GB","@id":"https:\/\/skaitytaknyga.lt\/produktas\/edvinas-kaleda-nemylimi\/#primaryimage","url":"https:\/\/skaitytaknyga.lt\/wp-content\/uploads\/2024\/05\/1462889670_img0010-001.jpg","contentUrl":"https:\/\/skaitytaknyga.lt\/wp-content\/uploads\/2024\/05\/1462889670_img0010-001.jpg","width":277,"height":430},{"@type":"BreadcrumbList","@id":"https:\/\/skaitytaknyga.lt\/produktas\/edvinas-kaleda-nemylimi\/#breadcrumb","itemListElement":[{"@type":"ListItem","position":1,"name":"Home","item":"https:\/\/skaitytaknyga.lt\/"},{"@type":"ListItem","position":2,"name":"Parduotuv\u0117","item":"https:\/\/skaitytaknyga.lt\/knygu-parduotuve\/"},{"@type":"ListItem","position":3,"name":"Edvinas Kal\u0117da \u201eNemylimi\u201c"}]},{"@type":"WebSite","@id":"https:\/\/skaitytaknyga.lt\/#website","url":"https:\/\/skaitytaknyga.lt\/","name":"skaitytaknyga.lt","description":"Skaitytaknyga.lt \u2013 tai ma\u017eas \u0161eimos verslas, kuris prasid\u0117jo nuo meil\u0117s knygoms ir siekio i\u0161gelb\u0117ti knygas nuo likimo prie konteinerio. Kas vienam nereikalingas daiktas \u2013 kitam lobis, o mes esame tarpininkai, kurie padeda abiems tapti laimingesniems ???? \u017dinome kaip nelengva i\u0161gyventi ma\u017eiems verslams, tad nuo \u0161iol, \u010dia rasite ir kit\u0173, ma\u017e\u0173 \u0161eim\u0173 versl\u0173, rank\u0173 darbo, dovan\u0173 sau ir artimiesiems.","publisher":{"@id":"https:\/\/skaitytaknyga.lt\/#organization"},"potentialAction":[{"@type":"SearchAction","target":{"@type":"EntryPoint","urlTemplate":"https:\/\/skaitytaknyga.lt\/?s={search_term_string}"},"query-input":{"@type":"PropertyValueSpecification","valueRequired":true,"valueName":"search_term_string"}}],"inLanguage":"en-GB"},{"@type":"Organization","@id":"https:\/\/skaitytaknyga.lt\/#organization","name":"skaitytaknyga.lt","url":"https:\/\/skaitytaknyga.lt\/","logo":{"@type":"ImageObject","inLanguage":"en-GB","@id":"https:\/\/skaitytaknyga.lt\/#\/schema\/logo\/image\/","url":"https:\/\/skaitytaknyga.lt\/wp-content\/uploads\/2024\/05\/cropped-cropped-cropped-02_00843_jt3bggkj1j3HLc7SyY6rEUpg.jpeg","contentUrl":"https:\/\/skaitytaknyga.lt\/wp-content\/uploads\/2024\/05\/cropped-cropped-cropped-02_00843_jt3bggkj1j3HLc7SyY6rEUpg.jpeg","width":1600,"height":1600,"caption":"skaitytaknyga.lt"},"image":{"@id":"https:\/\/skaitytaknyga.lt\/#\/schema\/logo\/image\/"},"sameAs":["https:\/\/www.facebook.com\/skaitytaknyga\/"]}]}},"_links":{"self":[{"href":"https:\/\/skaitytaknyga.lt\/en\/wp-json\/wp\/v2\/product\/9653","targetHints":{"allow":["GET"]}}],"collection":[{"href":"https:\/\/skaitytaknyga.lt\/en\/wp-json\/wp\/v2\/product"}],"about":[{"href":"https:\/\/skaitytaknyga.lt\/en\/wp-json\/wp\/v2\/types\/product"}],"replies":[{"embeddable":true,"href":"https:\/\/skaitytaknyga.lt\/en\/wp-json\/wp\/v2\/comments?post=9653"}],"wp:featuredmedia":[{"embeddable":true,"href":"https:\/\/skaitytaknyga.lt\/en\/wp-json\/wp\/v2\/media\/9702"}],"wp:attachment":[{"href":"https:\/\/skaitytaknyga.lt\/en\/wp-json\/wp\/v2\/media?parent=9653"}],"wp:term":[{"taxonomy":"product_brand","embeddable":true,"href":"https:\/\/skaitytaknyga.lt\/en\/wp-json\/wp\/v2\/product_brand?post=9653"},{"taxonomy":"product_cat","embeddable":true,"href":"https:\/\/skaitytaknyga.lt\/en\/wp-json\/wp\/v2\/product_cat?post=9653"},{"taxonomy":"product_tag","embeddable":true,"href":"https:\/\/skaitytaknyga.lt\/en\/wp-json\/wp\/v2\/product_tag?post=9653"}],"curies":[{"name":"wp","href":"https:\/\/api.w.org\/{rel}","templated":true}]}}