{"id":9644,"date":"2024-05-04T17:53:50","date_gmt":"2024-05-04T17:53:50","guid":{"rendered":"https:\/\/skaitytaknyga.lt\/?post_type=product&#038;p=9644"},"modified":"2026-03-17T11:55:17","modified_gmt":"2026-03-17T09:55:17","slug":"edvinas-kaleda-pasmerkti","status":"publish","type":"product","link":"https:\/\/skaitytaknyga.lt\/en\/produktas\/edvinas-kaleda-pasmerkti\/","title":{"rendered":"Pasmerkti"},"content":{"rendered":"<p>&#8220;Pasmerkti&#8221; &#8211; tai paskutinioji lietuvi\u0173 ra\u0161ytojo Edvino Kal\u0117dos trilogijos knyga, kurioje autorius pa\u017evelgia \u012f pasaul\u012f Lietuvos mafijos autoritet\u0173 akimis. \u010cia did\u017eiausia vertyb\u0117 &#8211; pinigai, d\u0117l j\u0173 vyksta \u017e\u016btb\u016btin\u0117 kova, o nereikalingi \u017emon\u0117s papras\u010diausiai \u201enaikinami&#8221;. \u0160iems \u017emon\u0117ms beprasiver\u017eiantis jausmas &#8211; tr\u016bkumas, kurio reikia i\u0161vengti ar atsikratyti. Ta\u010diau autorius visgi palieka vilt\u012f &#8211; \u012f\u017eiebia j\u0173 suramb\u0117jusiose \u0161irdyse meil\u0117s kibirk\u0161t\u012f. Ar \u0161i \u201e\u017eydroji pauk\u0161t\u0117&#8221; gali pakeisti pasmerkt\u0105j\u012f pasaul\u012f?<\/p>\n","protected":false},"excerpt":{"rendered":"<p>&#8220;Pasmerkti&#8221; &#8211; tai paskutinioji lietuvi\u0173 ra\u0161ytojo Edvino Kal\u0117dos trilogijos knyga, kurioje autorius pa\u017evelgia \u012f pasaul\u012f Lietuvos mafijos autoritet\u0173 akimis. \u010cia did\u017eiausia vertyb\u0117 &#8211; pinigai, d\u0117l j\u0173 vyksta \u017e\u016btb\u016btin\u0117 kova, o nereikalingi \u017emon\u0117s papras\u010diausiai \u201enaikinami&#8221;. \u0160iems \u017emon\u0117ms beprasiver\u017eiantis jausmas &#8211; tr\u016bkumas, kurio reikia i\u0161vengti ar atsikratyti. Ta\u010diau autorius visgi palieka vilt\u012f &#8211; \u012f\u017eiebia j\u0173 suramb\u0117jusiose \u0161irdyse meil\u0117s kibirk\u0161t\u012f. Ar \u0161i \u201e\u017eydroji pauk\u0161t\u0117&#8221; gali pakeisti pasmerkt\u0105j\u012f pasaul\u012f?<\/p>\n","protected":false},"featured_media":9695,"comment_status":"closed","ping_status":"closed","template":"","meta":{"_acf_changed":false,"site-sidebar-layout":"default","site-content-layout":"","ast-site-content-layout":"default","site-content-style":"default","site-sidebar-style":"default","ast-global-header-display":"","ast-banner-title-visibility":"","ast-main-header-display":"","ast-hfb-above-header-display":"","ast-hfb-below-header-display":"","ast-hfb-mobile-header-display":"","site-post-title":"","ast-breadcrumbs-content":"","ast-featured-img":"","footer-sml-layout":"","ast-disable-related-posts":"","theme-transparent-header-meta":"","adv-header-id-meta":"","stick-header-meta":"","header-above-stick-meta":"","header-main-stick-meta":"","header-below-stick-meta":"","astra-migrate-meta-layouts":"default","ast-page-background-enabled":"default","ast-page-background-meta":{"desktop":{"background-color":"","background-image":"","background-repeat":"repeat","background-position":"center center","background-size":"auto","background-attachment":"scroll","background-type":"","background-media":"","overlay-type":"","overlay-color":"","overlay-opacity":"","overlay-gradient":""},"tablet":{"background-color":"","background-image":"","background-repeat":"repeat","background-position":"center center","background-size":"auto","background-attachment":"scroll","background-type":"","background-media":"","overlay-type":"","overlay-color":"","overlay-opacity":"","overlay-gradient":""},"mobile":{"background-color":"","background-image":"","background-repeat":"repeat","background-position":"center center","background-size":"auto","background-attachment":"scroll","background-type":"","background-media":"","overlay-type":"","overlay-color":"","overlay-opacity":"","overlay-gradient":""}},"ast-content-background-meta":{"desktop":{"background-color":"var(--ast-global-color-4)","background-image":"","background-repeat":"repeat","background-position":"center center","background-size":"auto","background-attachment":"scroll","background-type":"","background-media":"","overlay-type":"","overlay-color":"","overlay-opacity":"","overlay-gradient":""},"tablet":{"background-color":"var(--ast-global-color-4)","background-image":"","background-repeat":"repeat","background-position":"center center","background-size":"auto","background-attachment":"scroll","background-type":"","background-media":"","overlay-type":"","overlay-color":"","overlay-opacity":"","overlay-gradient":""},"mobile":{"background-color":"var(--ast-global-color-4)","background-image":"","background-repeat":"repeat","background-position":"center center","background-size":"auto","background-attachment":"scroll","background-type":"","background-media":"","overlay-type":"","overlay-color":"","overlay-opacity":"","overlay-gradient":""}}},"product_brand":[],"product_cat":[9581,9590],"product_tag":[],"class_list":{"0":"post-9644","1":"product","2":"type-product","3":"status-publish","4":"has-post-thumbnail","6":"product_cat-kriminaliniai-romanai","7":"product_cat-lietuviu-literatura","8":"desktop-align-left","9":"tablet-align-left","10":"mobile-align-left","12":"first","13":"outofstock","14":"shipping-taxable","15":"purchasable","16":"product-type-simple"},"acf":[],"yoast_head":"<!-- This site is optimized with the Yoast SEO plugin v27.4 - https:\/\/yoast.com\/product\/yoast-seo-wordpress\/ -->\n<title>Pasmerkti<\/title>\n<meta name=\"description\" content=\"&quot;Pasmerkti&quot; - tai paskutinioji lietuvi\u0173 ra\u0161ytojo Edvino Kal\u0117dos trilogijos knyga, kurioje autorius pa\u017evelgia \u012f pasaul\u012f Lietuvos mafijos autoritet\u0173 akimis. \u010cia did\u017eiausia vertyb\u0117 - pinigai, d\u0117l j\u0173 vyksta \u017e\u016btb\u016btin\u0117 kova, o nereikalingi \u017emon\u0117s papras\u010diausiai \u201enaikinami&quot;. \u0160iems \u017emon\u0117ms beprasiver\u017eiantis jausmas - tr\u016bkumas, kurio reikia i\u0161vengti ar atsikratyti. Ta\u010diau autorius visgi palieka vilt\u012f - \u012f\u017eiebia j\u0173 suramb\u0117jusiose \u0161irdyse meil\u0117s kibirk\u0161t\u012f. Ar \u0161i \u201e\u017eydroji pauk\u0161t\u0117&quot; gali pakeisti pasmerkt\u0105j\u012f pasaul\u012f?\" \/>\n<meta name=\"robots\" content=\"index, follow, max-snippet:-1, max-image-preview:large, max-video-preview:-1\" \/>\n<link rel=\"canonical\" href=\"https:\/\/skaitytaknyga.lt\/en\/produktas\/edvinas-kaleda-pasmerkti\/\" \/>\n<meta property=\"og:locale\" content=\"en_GB\" \/>\n<meta property=\"og:locale:alternate\" content=\"lt_LT\" \/>\n<meta property=\"og:type\" content=\"article\" \/>\n<meta property=\"og:title\" content=\"Pasmerkti\" \/>\n<meta property=\"og:description\" content=\"&quot;Pasmerkti&quot; - tai paskutinioji lietuvi\u0173 ra\u0161ytojo Edvino Kal\u0117dos trilogijos knyga, kurioje autorius pa\u017evelgia \u012f pasaul\u012f Lietuvos mafijos autoritet\u0173 akimis. \u010cia did\u017eiausia vertyb\u0117 - pinigai, d\u0117l j\u0173 vyksta \u017e\u016btb\u016btin\u0117 kova, o nereikalingi \u017emon\u0117s papras\u010diausiai \u201enaikinami&quot;. \u0160iems \u017emon\u0117ms beprasiver\u017eiantis jausmas - tr\u016bkumas, kurio reikia i\u0161vengti ar atsikratyti. Ta\u010diau autorius visgi palieka vilt\u012f - \u012f\u017eiebia j\u0173 suramb\u0117jusiose \u0161irdyse meil\u0117s kibirk\u0161t\u012f. Ar \u0161i \u201e\u017eydroji pauk\u0161t\u0117&quot; gali pakeisti pasmerkt\u0105j\u012f pasaul\u012f?\" \/>\n<meta property=\"og:url\" content=\"https:\/\/skaitytaknyga.lt\/en\/produktas\/edvinas-kaleda-pasmerkti\/\" \/>\n<meta property=\"og:site_name\" content=\"Skaitytaknyga\" \/>\n<meta property=\"article:publisher\" content=\"https:\/\/www.facebook.com\/skaitytaknyga\/\" \/>\n<meta property=\"article:modified_time\" content=\"2026-03-17T09:55:17+00:00\" \/>\n<meta property=\"og:image\" content=\"https:\/\/skaitytaknyga.lt\/wp-content\/uploads\/2024\/05\/084420-kaleda-e1637869723743.jpg\" \/>\n\t<meta property=\"og:image:width\" content=\"418\" \/>\n\t<meta property=\"og:image:height\" content=\"674\" \/>\n\t<meta property=\"og:image:type\" content=\"image\/jpeg\" \/>\n<meta name=\"twitter:card\" content=\"summary_large_image\" \/>\n<script type=\"application\/ld+json\" class=\"yoast-schema-graph\">{\"@context\":\"https:\\\/\\\/schema.org\",\"@graph\":[{\"@type\":\"WebPage\",\"@id\":\"https:\\\/\\\/skaitytaknyga.lt\\\/produktas\\\/edvinas-kaleda-pasmerkti\\\/\",\"url\":\"https:\\\/\\\/skaitytaknyga.lt\\\/produktas\\\/edvinas-kaleda-pasmerkti\\\/\",\"name\":\"Pasmerkti\",\"isPartOf\":{\"@id\":\"https:\\\/\\\/skaitytaknyga.lt\\\/#website\"},\"primaryImageOfPage\":{\"@id\":\"https:\\\/\\\/skaitytaknyga.lt\\\/produktas\\\/edvinas-kaleda-pasmerkti\\\/#primaryimage\"},\"image\":{\"@id\":\"https:\\\/\\\/skaitytaknyga.lt\\\/produktas\\\/edvinas-kaleda-pasmerkti\\\/#primaryimage\"},\"thumbnailUrl\":\"https:\\\/\\\/skaitytaknyga.lt\\\/wp-content\\\/uploads\\\/2024\\\/05\\\/084420-kaleda-e1637869723743.jpg\",\"datePublished\":\"2024-05-04T17:53:50+00:00\",\"dateModified\":\"2026-03-17T09:55:17+00:00\",\"description\":\"\\\"Pasmerkti\\\" - tai paskutinioji lietuvi\u0173 ra\u0161ytojo Edvino Kal\u0117dos trilogijos knyga, kurioje autorius pa\u017evelgia \u012f pasaul\u012f Lietuvos mafijos autoritet\u0173 akimis. \u010cia did\u017eiausia vertyb\u0117 - pinigai, d\u0117l j\u0173 vyksta \u017e\u016btb\u016btin\u0117 kova, o nereikalingi \u017emon\u0117s papras\u010diausiai \u201enaikinami\\\". \u0160iems \u017emon\u0117ms beprasiver\u017eiantis jausmas - tr\u016bkumas, kurio reikia i\u0161vengti ar atsikratyti. Ta\u010diau autorius visgi palieka vilt\u012f - \u012f\u017eiebia j\u0173 suramb\u0117jusiose \u0161irdyse meil\u0117s kibirk\u0161t\u012f. Ar \u0161i \u201e\u017eydroji pauk\u0161t\u0117\\\" gali pakeisti pasmerkt\u0105j\u012f pasaul\u012f?\",\"breadcrumb\":{\"@id\":\"https:\\\/\\\/skaitytaknyga.lt\\\/produktas\\\/edvinas-kaleda-pasmerkti\\\/#breadcrumb\"},\"inLanguage\":\"en-GB\",\"potentialAction\":[{\"@type\":\"ReadAction\",\"target\":[\"https:\\\/\\\/skaitytaknyga.lt\\\/produktas\\\/edvinas-kaleda-pasmerkti\\\/\"]}]},{\"@type\":\"ImageObject\",\"inLanguage\":\"en-GB\",\"@id\":\"https:\\\/\\\/skaitytaknyga.lt\\\/produktas\\\/edvinas-kaleda-pasmerkti\\\/#primaryimage\",\"url\":\"https:\\\/\\\/skaitytaknyga.lt\\\/wp-content\\\/uploads\\\/2024\\\/05\\\/084420-kaleda-e1637869723743.jpg\",\"contentUrl\":\"https:\\\/\\\/skaitytaknyga.lt\\\/wp-content\\\/uploads\\\/2024\\\/05\\\/084420-kaleda-e1637869723743.jpg\",\"width\":418,\"height\":674},{\"@type\":\"BreadcrumbList\",\"@id\":\"https:\\\/\\\/skaitytaknyga.lt\\\/produktas\\\/edvinas-kaleda-pasmerkti\\\/#breadcrumb\",\"itemListElement\":[{\"@type\":\"ListItem\",\"position\":1,\"name\":\"Home\",\"item\":\"https:\\\/\\\/skaitytaknyga.lt\\\/\"},{\"@type\":\"ListItem\",\"position\":2,\"name\":\"Parduotuv\u0117\",\"item\":\"https:\\\/\\\/skaitytaknyga.lt\\\/knygu-parduotuve\\\/\"},{\"@type\":\"ListItem\",\"position\":3,\"name\":\"Pasmerkti\"}]},{\"@type\":\"WebSite\",\"@id\":\"https:\\\/\\\/skaitytaknyga.lt\\\/#website\",\"url\":\"https:\\\/\\\/skaitytaknyga.lt\\\/\",\"name\":\"skaitytaknyga.lt\",\"description\":\"Skaitytaknyga.lt \u2013 tai ma\u017eas \u0161eimos verslas, kuris prasid\u0117jo nuo meil\u0117s knygoms ir siekio i\u0161gelb\u0117ti knygas nuo likimo prie konteinerio. Kas vienam nereikalingas daiktas \u2013 kitam lobis, o mes esame tarpininkai, kurie padeda abiems tapti laimingesniems ???? \u017dinome kaip nelengva i\u0161gyventi ma\u017eiems verslams, tad nuo \u0161iol, \u010dia rasite ir kit\u0173, ma\u017e\u0173 \u0161eim\u0173 versl\u0173, rank\u0173 darbo, dovan\u0173 sau ir artimiesiems.\",\"publisher\":{\"@id\":\"https:\\\/\\\/skaitytaknyga.lt\\\/#organization\"},\"potentialAction\":[{\"@type\":\"SearchAction\",\"target\":{\"@type\":\"EntryPoint\",\"urlTemplate\":\"https:\\\/\\\/skaitytaknyga.lt\\\/?s={search_term_string}\"},\"query-input\":{\"@type\":\"PropertyValueSpecification\",\"valueRequired\":true,\"valueName\":\"search_term_string\"}}],\"inLanguage\":\"en-GB\"},{\"@type\":\"Organization\",\"@id\":\"https:\\\/\\\/skaitytaknyga.lt\\\/#organization\",\"name\":\"skaitytaknyga.lt\",\"url\":\"https:\\\/\\\/skaitytaknyga.lt\\\/\",\"logo\":{\"@type\":\"ImageObject\",\"inLanguage\":\"en-GB\",\"@id\":\"https:\\\/\\\/skaitytaknyga.lt\\\/#\\\/schema\\\/logo\\\/image\\\/\",\"url\":\"https:\\\/\\\/skaitytaknyga.lt\\\/wp-content\\\/uploads\\\/2024\\\/05\\\/cropped-cropped-cropped-02_00843_jt3bggkj1j3HLc7SyY6rEUpg.jpeg\",\"contentUrl\":\"https:\\\/\\\/skaitytaknyga.lt\\\/wp-content\\\/uploads\\\/2024\\\/05\\\/cropped-cropped-cropped-02_00843_jt3bggkj1j3HLc7SyY6rEUpg.jpeg\",\"width\":1600,\"height\":1600,\"caption\":\"skaitytaknyga.lt\"},\"image\":{\"@id\":\"https:\\\/\\\/skaitytaknyga.lt\\\/#\\\/schema\\\/logo\\\/image\\\/\"},\"sameAs\":[\"https:\\\/\\\/www.facebook.com\\\/skaitytaknyga\\\/\"]}]}<\/script>\n<!-- \/ Yoast SEO plugin. -->","yoast_head_json":{"title":"Pasmerkti","description":"\"Pasmerkti\" - tai paskutinioji lietuvi\u0173 ra\u0161ytojo Edvino Kal\u0117dos trilogijos knyga, kurioje autorius pa\u017evelgia \u012f pasaul\u012f Lietuvos mafijos autoritet\u0173 akimis. \u010cia did\u017eiausia vertyb\u0117 - pinigai, d\u0117l j\u0173 vyksta \u017e\u016btb\u016btin\u0117 kova, o nereikalingi \u017emon\u0117s papras\u010diausiai \u201enaikinami\". \u0160iems \u017emon\u0117ms beprasiver\u017eiantis jausmas - tr\u016bkumas, kurio reikia i\u0161vengti ar atsikratyti. Ta\u010diau autorius visgi palieka vilt\u012f - \u012f\u017eiebia j\u0173 suramb\u0117jusiose \u0161irdyse meil\u0117s kibirk\u0161t\u012f. Ar \u0161i \u201e\u017eydroji pauk\u0161t\u0117\" gali pakeisti pasmerkt\u0105j\u012f pasaul\u012f?","robots":{"index":"index","follow":"follow","max-snippet":"max-snippet:-1","max-image-preview":"max-image-preview:large","max-video-preview":"max-video-preview:-1"},"canonical":"https:\/\/skaitytaknyga.lt\/en\/produktas\/edvinas-kaleda-pasmerkti\/","og_locale":"en_GB","og_type":"article","og_title":"[:lt]Pasmerkti[:] - Skaitytaknyga","og_description":"\"Pasmerkti\" - tai paskutinioji lietuvi\u0173 ra\u0161ytojo Edvino Kal\u0117dos trilogijos knyga, kurioje autorius pa\u017evelgia \u012f pasaul\u012f Lietuvos mafijos autoritet\u0173 akimis. \u010cia did\u017eiausia vertyb\u0117 - pinigai, d\u0117l j\u0173 vyksta \u017e\u016btb\u016btin\u0117 kova, o nereikalingi \u017emon\u0117s papras\u010diausiai \u201enaikinami\". \u0160iems \u017emon\u0117ms beprasiver\u017eiantis jausmas - tr\u016bkumas, kurio reikia i\u0161vengti ar atsikratyti. Ta\u010diau autorius visgi palieka vilt\u012f - \u012f\u017eiebia j\u0173 suramb\u0117jusiose \u0161irdyse meil\u0117s kibirk\u0161t\u012f. Ar \u0161i \u201e\u017eydroji pauk\u0161t\u0117\" gali pakeisti pasmerkt\u0105j\u012f pasaul\u012f?","og_url":"https:\/\/skaitytaknyga.lt\/en\/produktas\/edvinas-kaleda-pasmerkti\/","og_site_name":"Skaitytaknyga","article_publisher":"https:\/\/www.facebook.com\/skaitytaknyga\/","article_modified_time":"2026-03-17T09:55:17+00:00","og_image":[{"width":418,"height":674,"url":"https:\/\/skaitytaknyga.lt\/wp-content\/uploads\/2024\/05\/084420-kaleda-e1637869723743.jpg","type":"image\/jpeg"}],"twitter_card":"summary_large_image","schema":{"@context":"https:\/\/schema.org","@graph":[{"@type":"WebPage","@id":"https:\/\/skaitytaknyga.lt\/produktas\/edvinas-kaleda-pasmerkti\/","url":"https:\/\/skaitytaknyga.lt\/produktas\/edvinas-kaleda-pasmerkti\/","name":"Pasmerkti","isPartOf":{"@id":"https:\/\/skaitytaknyga.lt\/#website"},"primaryImageOfPage":{"@id":"https:\/\/skaitytaknyga.lt\/produktas\/edvinas-kaleda-pasmerkti\/#primaryimage"},"image":{"@id":"https:\/\/skaitytaknyga.lt\/produktas\/edvinas-kaleda-pasmerkti\/#primaryimage"},"thumbnailUrl":"https:\/\/skaitytaknyga.lt\/wp-content\/uploads\/2024\/05\/084420-kaleda-e1637869723743.jpg","datePublished":"2024-05-04T17:53:50+00:00","dateModified":"2026-03-17T09:55:17+00:00","description":"\"Pasmerkti\" - tai paskutinioji lietuvi\u0173 ra\u0161ytojo Edvino Kal\u0117dos trilogijos knyga, kurioje autorius pa\u017evelgia \u012f pasaul\u012f Lietuvos mafijos autoritet\u0173 akimis. \u010cia did\u017eiausia vertyb\u0117 - pinigai, d\u0117l j\u0173 vyksta \u017e\u016btb\u016btin\u0117 kova, o nereikalingi \u017emon\u0117s papras\u010diausiai \u201enaikinami\". \u0160iems \u017emon\u0117ms beprasiver\u017eiantis jausmas - tr\u016bkumas, kurio reikia i\u0161vengti ar atsikratyti. Ta\u010diau autorius visgi palieka vilt\u012f - \u012f\u017eiebia j\u0173 suramb\u0117jusiose \u0161irdyse meil\u0117s kibirk\u0161t\u012f. Ar \u0161i \u201e\u017eydroji pauk\u0161t\u0117\" gali pakeisti pasmerkt\u0105j\u012f pasaul\u012f?","breadcrumb":{"@id":"https:\/\/skaitytaknyga.lt\/produktas\/edvinas-kaleda-pasmerkti\/#breadcrumb"},"inLanguage":"en-GB","potentialAction":[{"@type":"ReadAction","target":["https:\/\/skaitytaknyga.lt\/produktas\/edvinas-kaleda-pasmerkti\/"]}]},{"@type":"ImageObject","inLanguage":"en-GB","@id":"https:\/\/skaitytaknyga.lt\/produktas\/edvinas-kaleda-pasmerkti\/#primaryimage","url":"https:\/\/skaitytaknyga.lt\/wp-content\/uploads\/2024\/05\/084420-kaleda-e1637869723743.jpg","contentUrl":"https:\/\/skaitytaknyga.lt\/wp-content\/uploads\/2024\/05\/084420-kaleda-e1637869723743.jpg","width":418,"height":674},{"@type":"BreadcrumbList","@id":"https:\/\/skaitytaknyga.lt\/produktas\/edvinas-kaleda-pasmerkti\/#breadcrumb","itemListElement":[{"@type":"ListItem","position":1,"name":"Home","item":"https:\/\/skaitytaknyga.lt\/"},{"@type":"ListItem","position":2,"name":"Parduotuv\u0117","item":"https:\/\/skaitytaknyga.lt\/knygu-parduotuve\/"},{"@type":"ListItem","position":3,"name":"Pasmerkti"}]},{"@type":"WebSite","@id":"https:\/\/skaitytaknyga.lt\/#website","url":"https:\/\/skaitytaknyga.lt\/","name":"skaitytaknyga.lt","description":"Skaitytaknyga.lt \u2013 tai ma\u017eas \u0161eimos verslas, kuris prasid\u0117jo nuo meil\u0117s knygoms ir siekio i\u0161gelb\u0117ti knygas nuo likimo prie konteinerio. Kas vienam nereikalingas daiktas \u2013 kitam lobis, o mes esame tarpininkai, kurie padeda abiems tapti laimingesniems ???? \u017dinome kaip nelengva i\u0161gyventi ma\u017eiems verslams, tad nuo \u0161iol, \u010dia rasite ir kit\u0173, ma\u017e\u0173 \u0161eim\u0173 versl\u0173, rank\u0173 darbo, dovan\u0173 sau ir artimiesiems.","publisher":{"@id":"https:\/\/skaitytaknyga.lt\/#organization"},"potentialAction":[{"@type":"SearchAction","target":{"@type":"EntryPoint","urlTemplate":"https:\/\/skaitytaknyga.lt\/?s={search_term_string}"},"query-input":{"@type":"PropertyValueSpecification","valueRequired":true,"valueName":"search_term_string"}}],"inLanguage":"en-GB"},{"@type":"Organization","@id":"https:\/\/skaitytaknyga.lt\/#organization","name":"skaitytaknyga.lt","url":"https:\/\/skaitytaknyga.lt\/","logo":{"@type":"ImageObject","inLanguage":"en-GB","@id":"https:\/\/skaitytaknyga.lt\/#\/schema\/logo\/image\/","url":"https:\/\/skaitytaknyga.lt\/wp-content\/uploads\/2024\/05\/cropped-cropped-cropped-02_00843_jt3bggkj1j3HLc7SyY6rEUpg.jpeg","contentUrl":"https:\/\/skaitytaknyga.lt\/wp-content\/uploads\/2024\/05\/cropped-cropped-cropped-02_00843_jt3bggkj1j3HLc7SyY6rEUpg.jpeg","width":1600,"height":1600,"caption":"skaitytaknyga.lt"},"image":{"@id":"https:\/\/skaitytaknyga.lt\/#\/schema\/logo\/image\/"},"sameAs":["https:\/\/www.facebook.com\/skaitytaknyga\/"]}]}},"_links":{"self":[{"href":"https:\/\/skaitytaknyga.lt\/en\/wp-json\/wp\/v2\/product\/9644","targetHints":{"allow":["GET"]}}],"collection":[{"href":"https:\/\/skaitytaknyga.lt\/en\/wp-json\/wp\/v2\/product"}],"about":[{"href":"https:\/\/skaitytaknyga.lt\/en\/wp-json\/wp\/v2\/types\/product"}],"replies":[{"embeddable":true,"href":"https:\/\/skaitytaknyga.lt\/en\/wp-json\/wp\/v2\/comments?post=9644"}],"wp:featuredmedia":[{"embeddable":true,"href":"https:\/\/skaitytaknyga.lt\/en\/wp-json\/wp\/v2\/media\/9695"}],"wp:attachment":[{"href":"https:\/\/skaitytaknyga.lt\/en\/wp-json\/wp\/v2\/media?parent=9644"}],"wp:term":[{"taxonomy":"product_brand","embeddable":true,"href":"https:\/\/skaitytaknyga.lt\/en\/wp-json\/wp\/v2\/product_brand?post=9644"},{"taxonomy":"product_cat","embeddable":true,"href":"https:\/\/skaitytaknyga.lt\/en\/wp-json\/wp\/v2\/product_cat?post=9644"},{"taxonomy":"product_tag","embeddable":true,"href":"https:\/\/skaitytaknyga.lt\/en\/wp-json\/wp\/v2\/product_tag?post=9644"}],"curies":[{"name":"wp","href":"https:\/\/api.w.org\/{rel}","templated":true}]}}