{"id":9642,"date":"2024-05-04T17:53:49","date_gmt":"2024-05-04T17:53:49","guid":{"rendered":"https:\/\/skaitytaknyga.lt\/?post_type=product&#038;p=9642"},"modified":"2026-03-17T11:55:17","modified_gmt":"2026-03-17T09:55:17","slug":"edvinas-kaleda-auksaviriai-1-2-dalys","status":"publish","type":"product","link":"https:\/\/skaitytaknyga.lt\/en\/produktas\/edvinas-kaleda-auksaviriai-1-2-dalys\/","title":{"rendered":"Auksaviriai 1-2 dalys"},"content":{"rendered":"<p><main><\/p>\n<div class=\"collapsor\">Edvinas Kal\u0117da, pa\u017e\u012fstamas skaitytojui i\u0161 populiarios trilogijos &#8220;Nemylimi&#8221;, &#8220;Svetimi&#8221;, &#8220;Pasmerkti&#8221;, si\u016blo dar vien\u0105 akistat\u0105 su juoda realybe. Romano siu\u017eetas paremtas tikrais \u012fvykiais, nutikusiais \u017demaitijos sostin\u0117je Tel\u0161iuose. Prie\u0161 susik\u016brusi\u0105 nusikalstam\u0105 grupuot\u0119 sukyla miesto verslininkai. Tarp j\u0173 ir Auksaviriai, nelegalaus verslo atstovai, sugebantys i\u0161 paauksuot\u0173 elektrotechnikos detali\u0173 i\u0161gauti auks\u0105. Tai romanas apie \u017emogi\u0161kum\u0105, dorov\u0117s principus, brutali\u0105 aistr\u0105 ir meil\u0119, kuri valdo jaun\u0173 \u017emoni\u0173 pasaul\u012f.<\/div>\n<p><\/main><\/p>\n","protected":false},"excerpt":{"rendered":"<p><main><\/p>\n<div class=\"collapsor\">Edvinas Kal\u0117da, pa\u017e\u012fstamas skaitytojui i\u0161 populiarios trilogijos &#8220;Nemylimi&#8221;, &#8220;Svetimi&#8221;, &#8220;Pasmerkti&#8221;, si\u016blo dar vien\u0105 akistat\u0105 su juoda realybe. Romano siu\u017eetas paremtas tikrais \u012fvykiais, nutikusiais \u017demaitijos sostin\u0117je Tel\u0161iuose. Prie\u0161 susik\u016brusi\u0105 nusikalstam\u0105 grupuot\u0119 sukyla miesto verslininkai. Tarp j\u0173 ir Auksaviriai, nelegalaus verslo atstovai, sugebantys i\u0161 paauksuot\u0173 elektrotechnikos detali\u0173 i\u0161gauti auks\u0105. Tai romanas apie \u017emogi\u0161kum\u0105, dorov\u0117s principus, brutali\u0105 aistr\u0105 ir meil\u0119, kuri valdo jaun\u0173 \u017emoni\u0173 pasaul\u012f.<\/div>\n<p><\/main><\/p>\n","protected":false},"featured_media":9693,"comment_status":"closed","ping_status":"closed","template":"","meta":{"_acf_changed":false,"site-sidebar-layout":"default","site-content-layout":"","ast-site-content-layout":"default","site-content-style":"default","site-sidebar-style":"default","ast-global-header-display":"","ast-banner-title-visibility":"","ast-main-header-display":"","ast-hfb-above-header-display":"","ast-hfb-below-header-display":"","ast-hfb-mobile-header-display":"","site-post-title":"","ast-breadcrumbs-content":"","ast-featured-img":"","footer-sml-layout":"","ast-disable-related-posts":"","theme-transparent-header-meta":"","adv-header-id-meta":"","stick-header-meta":"","header-above-stick-meta":"","header-main-stick-meta":"","header-below-stick-meta":"","astra-migrate-meta-layouts":"default","ast-page-background-enabled":"default","ast-page-background-meta":{"desktop":{"background-color":"","background-image":"","background-repeat":"repeat","background-position":"center center","background-size":"auto","background-attachment":"scroll","background-type":"","background-media":"","overlay-type":"","overlay-color":"","overlay-opacity":"","overlay-gradient":""},"tablet":{"background-color":"","background-image":"","background-repeat":"repeat","background-position":"center center","background-size":"auto","background-attachment":"scroll","background-type":"","background-media":"","overlay-type":"","overlay-color":"","overlay-opacity":"","overlay-gradient":""},"mobile":{"background-color":"","background-image":"","background-repeat":"repeat","background-position":"center center","background-size":"auto","background-attachment":"scroll","background-type":"","background-media":"","overlay-type":"","overlay-color":"","overlay-opacity":"","overlay-gradient":""}},"ast-content-background-meta":{"desktop":{"background-color":"var(--ast-global-color-4)","background-image":"","background-repeat":"repeat","background-position":"center center","background-size":"auto","background-attachment":"scroll","background-type":"","background-media":"","overlay-type":"","overlay-color":"","overlay-opacity":"","overlay-gradient":""},"tablet":{"background-color":"var(--ast-global-color-4)","background-image":"","background-repeat":"repeat","background-position":"center center","background-size":"auto","background-attachment":"scroll","background-type":"","background-media":"","overlay-type":"","overlay-color":"","overlay-opacity":"","overlay-gradient":""},"mobile":{"background-color":"var(--ast-global-color-4)","background-image":"","background-repeat":"repeat","background-position":"center center","background-size":"auto","background-attachment":"scroll","background-type":"","background-media":"","overlay-type":"","overlay-color":"","overlay-opacity":"","overlay-gradient":""}}},"product_brand":[],"product_cat":[9581,9590],"product_tag":[],"class_list":{"0":"post-9642","1":"product","2":"type-product","3":"status-publish","4":"has-post-thumbnail","6":"product_cat-kriminaliniai-romanai","7":"product_cat-lietuviu-literatura","8":"desktop-align-left","9":"tablet-align-left","10":"mobile-align-left","12":"first","13":"outofstock","14":"shipping-taxable","15":"purchasable","16":"product-type-simple"},"acf":[],"yoast_head":"<!-- This site is optimized with the Yoast SEO plugin v27.0 - https:\/\/yoast.com\/product\/yoast-seo-wordpress\/ -->\n<title>Auksaviriai 1-2 dalys<\/title>\n<meta name=\"description\" content=\"Edvinas Kal\u0117da, pa\u017e\u012fstamas skaitytojui i\u0161 populiarios trilogijos &quot;Nemylimi&quot;, &quot;Svetimi&quot;, &quot;Pasmerkti&quot;, si\u016blo dar vien\u0105 akistat\u0105 su juoda realybe. Romano siu\u017eetas paremtas tikrais \u012fvykiais, nutikusiais \u017demaitijos sostin\u0117je Tel\u0161iuose. Prie\u0161 susik\u016brusi\u0105 nusikalstam\u0105 grupuot\u0119 sukyla miesto verslininkai. Tarp j\u0173 ir Auksaviriai, nelegalaus verslo atstovai, sugebantys i\u0161 paauksuot\u0173 elektrotechnikos detali\u0173 i\u0161gauti auks\u0105. Tai romanas apie \u017emogi\u0161kum\u0105, dorov\u0117s principus, brutali\u0105 aistr\u0105 ir meil\u0119, kuri valdo jaun\u0173 \u017emoni\u0173 pasaul\u012f.\" \/>\n<meta name=\"robots\" content=\"index, follow, max-snippet:-1, max-image-preview:large, max-video-preview:-1\" \/>\n<link rel=\"canonical\" href=\"https:\/\/skaitytaknyga.lt\/en\/produktas\/edvinas-kaleda-auksaviriai-1-2-dalys\/\" \/>\n<meta property=\"og:locale\" content=\"en_GB\" \/>\n<meta property=\"og:locale:alternate\" content=\"lt_LT\" \/>\n<meta property=\"og:type\" content=\"article\" \/>\n<meta property=\"og:title\" content=\"Auksaviriai 1-2 dalys\" \/>\n<meta property=\"og:description\" content=\"Edvinas Kal\u0117da, pa\u017e\u012fstamas skaitytojui i\u0161 populiarios trilogijos &quot;Nemylimi&quot;, &quot;Svetimi&quot;, &quot;Pasmerkti&quot;, si\u016blo dar vien\u0105 akistat\u0105 su juoda realybe. Romano siu\u017eetas paremtas tikrais \u012fvykiais, nutikusiais \u017demaitijos sostin\u0117je Tel\u0161iuose. Prie\u0161 susik\u016brusi\u0105 nusikalstam\u0105 grupuot\u0119 sukyla miesto verslininkai. Tarp j\u0173 ir Auksaviriai, nelegalaus verslo atstovai, sugebantys i\u0161 paauksuot\u0173 elektrotechnikos detali\u0173 i\u0161gauti auks\u0105. Tai romanas apie \u017emogi\u0161kum\u0105, dorov\u0117s principus, brutali\u0105 aistr\u0105 ir meil\u0119, kuri valdo jaun\u0173 \u017emoni\u0173 pasaul\u012f.\" \/>\n<meta property=\"og:url\" content=\"https:\/\/skaitytaknyga.lt\/en\/produktas\/edvinas-kaleda-auksaviriai-1-2-dalys\/\" \/>\n<meta property=\"og:site_name\" content=\"Skaitytaknyga\" \/>\n<meta property=\"article:publisher\" content=\"https:\/\/www.facebook.com\/skaitytaknyga\/\" \/>\n<meta property=\"article:modified_time\" content=\"2026-03-17T09:55:17+00:00\" \/>\n<meta property=\"og:image\" content=\"https:\/\/skaitytaknyga.lt\/wp-content\/uploads\/2024\/05\/1462889661_img0017-002.jpg\" \/>\n\t<meta property=\"og:image:width\" content=\"490\" \/>\n\t<meta property=\"og:image:height\" content=\"800\" \/>\n\t<meta property=\"og:image:type\" content=\"image\/jpeg\" \/>\n<meta name=\"twitter:card\" content=\"summary_large_image\" \/>\n<script type=\"application\/ld+json\" class=\"yoast-schema-graph\">{\"@context\":\"https:\/\/schema.org\",\"@graph\":[{\"@type\":\"WebPage\",\"@id\":\"https:\/\/skaitytaknyga.lt\/produktas\/edvinas-kaleda-auksaviriai-1-2-dalys\/\",\"url\":\"https:\/\/skaitytaknyga.lt\/produktas\/edvinas-kaleda-auksaviriai-1-2-dalys\/\",\"name\":\"Auksaviriai 1-2 dalys\",\"isPartOf\":{\"@id\":\"https:\/\/skaitytaknyga.lt\/#website\"},\"primaryImageOfPage\":{\"@id\":\"https:\/\/skaitytaknyga.lt\/produktas\/edvinas-kaleda-auksaviriai-1-2-dalys\/#primaryimage\"},\"image\":{\"@id\":\"https:\/\/skaitytaknyga.lt\/produktas\/edvinas-kaleda-auksaviriai-1-2-dalys\/#primaryimage\"},\"thumbnailUrl\":\"https:\/\/skaitytaknyga.lt\/wp-content\/uploads\/2024\/05\/1462889661_img0017-002.jpg\",\"datePublished\":\"2024-05-04T17:53:49+00:00\",\"dateModified\":\"2026-03-17T09:55:17+00:00\",\"description\":\"Edvinas Kal\u0117da, pa\u017e\u012fstamas skaitytojui i\u0161 populiarios trilogijos \\\"Nemylimi\\\", \\\"Svetimi\\\", \\\"Pasmerkti\\\", si\u016blo dar vien\u0105 akistat\u0105 su juoda realybe. Romano siu\u017eetas paremtas tikrais \u012fvykiais, nutikusiais \u017demaitijos sostin\u0117je Tel\u0161iuose. Prie\u0161 susik\u016brusi\u0105 nusikalstam\u0105 grupuot\u0119 sukyla miesto verslininkai. Tarp j\u0173 ir Auksaviriai, nelegalaus verslo atstovai, sugebantys i\u0161 paauksuot\u0173 elektrotechnikos detali\u0173 i\u0161gauti auks\u0105. Tai romanas apie \u017emogi\u0161kum\u0105, dorov\u0117s principus, brutali\u0105 aistr\u0105 ir meil\u0119, kuri valdo jaun\u0173 \u017emoni\u0173 pasaul\u012f.\",\"breadcrumb\":{\"@id\":\"https:\/\/skaitytaknyga.lt\/produktas\/edvinas-kaleda-auksaviriai-1-2-dalys\/#breadcrumb\"},\"inLanguage\":\"en-GB\",\"potentialAction\":[{\"@type\":\"ReadAction\",\"target\":[\"https:\/\/skaitytaknyga.lt\/produktas\/edvinas-kaleda-auksaviriai-1-2-dalys\/\"]}]},{\"@type\":\"ImageObject\",\"inLanguage\":\"en-GB\",\"@id\":\"https:\/\/skaitytaknyga.lt\/produktas\/edvinas-kaleda-auksaviriai-1-2-dalys\/#primaryimage\",\"url\":\"https:\/\/skaitytaknyga.lt\/wp-content\/uploads\/2024\/05\/1462889661_img0017-002.jpg\",\"contentUrl\":\"https:\/\/skaitytaknyga.lt\/wp-content\/uploads\/2024\/05\/1462889661_img0017-002.jpg\",\"width\":490,\"height\":800},{\"@type\":\"BreadcrumbList\",\"@id\":\"https:\/\/skaitytaknyga.lt\/produktas\/edvinas-kaleda-auksaviriai-1-2-dalys\/#breadcrumb\",\"itemListElement\":[{\"@type\":\"ListItem\",\"position\":1,\"name\":\"Home\",\"item\":\"https:\/\/skaitytaknyga.lt\/\"},{\"@type\":\"ListItem\",\"position\":2,\"name\":\"Parduotuv\u0117\",\"item\":\"https:\/\/skaitytaknyga.lt\/knygu-parduotuve\/\"},{\"@type\":\"ListItem\",\"position\":3,\"name\":\"Auksaviriai 1-2 dalys\"}]},{\"@type\":\"WebSite\",\"@id\":\"https:\/\/skaitytaknyga.lt\/#website\",\"url\":\"https:\/\/skaitytaknyga.lt\/\",\"name\":\"skaitytaknyga.lt\",\"description\":\"Skaitytaknyga.lt \u2013 tai ma\u017eas \u0161eimos verslas, kuris prasid\u0117jo nuo meil\u0117s knygoms ir siekio i\u0161gelb\u0117ti knygas nuo likimo prie konteinerio. Kas vienam nereikalingas daiktas \u2013 kitam lobis, o mes esame tarpininkai, kurie padeda abiems tapti laimingesniems ???? \u017dinome kaip nelengva i\u0161gyventi ma\u017eiems verslams, tad nuo \u0161iol, \u010dia rasite ir kit\u0173, ma\u017e\u0173 \u0161eim\u0173 versl\u0173, rank\u0173 darbo, dovan\u0173 sau ir artimiesiems.\",\"publisher\":{\"@id\":\"https:\/\/skaitytaknyga.lt\/#organization\"},\"potentialAction\":[{\"@type\":\"SearchAction\",\"target\":{\"@type\":\"EntryPoint\",\"urlTemplate\":\"https:\/\/skaitytaknyga.lt\/?s={search_term_string}\"},\"query-input\":{\"@type\":\"PropertyValueSpecification\",\"valueRequired\":true,\"valueName\":\"search_term_string\"}}],\"inLanguage\":\"en-GB\"},{\"@type\":\"Organization\",\"@id\":\"https:\/\/skaitytaknyga.lt\/#organization\",\"name\":\"skaitytaknyga.lt\",\"url\":\"https:\/\/skaitytaknyga.lt\/\",\"logo\":{\"@type\":\"ImageObject\",\"inLanguage\":\"en-GB\",\"@id\":\"https:\/\/skaitytaknyga.lt\/#\/schema\/logo\/image\/\",\"url\":\"https:\/\/skaitytaknyga.lt\/wp-content\/uploads\/2024\/05\/cropped-cropped-cropped-02_00843_jt3bggkj1j3HLc7SyY6rEUpg.jpeg\",\"contentUrl\":\"https:\/\/skaitytaknyga.lt\/wp-content\/uploads\/2024\/05\/cropped-cropped-cropped-02_00843_jt3bggkj1j3HLc7SyY6rEUpg.jpeg\",\"width\":1600,\"height\":1600,\"caption\":\"skaitytaknyga.lt\"},\"image\":{\"@id\":\"https:\/\/skaitytaknyga.lt\/#\/schema\/logo\/image\/\"},\"sameAs\":[\"https:\/\/www.facebook.com\/skaitytaknyga\/\"]}]}<\/script>\n<!-- \/ Yoast SEO plugin. -->","yoast_head_json":{"title":"Auksaviriai 1-2 dalys","description":"Edvinas Kal\u0117da, pa\u017e\u012fstamas skaitytojui i\u0161 populiarios trilogijos \"Nemylimi\", \"Svetimi\", \"Pasmerkti\", si\u016blo dar vien\u0105 akistat\u0105 su juoda realybe. Romano siu\u017eetas paremtas tikrais \u012fvykiais, nutikusiais \u017demaitijos sostin\u0117je Tel\u0161iuose. Prie\u0161 susik\u016brusi\u0105 nusikalstam\u0105 grupuot\u0119 sukyla miesto verslininkai. Tarp j\u0173 ir Auksaviriai, nelegalaus verslo atstovai, sugebantys i\u0161 paauksuot\u0173 elektrotechnikos detali\u0173 i\u0161gauti auks\u0105. Tai romanas apie \u017emogi\u0161kum\u0105, dorov\u0117s principus, brutali\u0105 aistr\u0105 ir meil\u0119, kuri valdo jaun\u0173 \u017emoni\u0173 pasaul\u012f.","robots":{"index":"index","follow":"follow","max-snippet":"max-snippet:-1","max-image-preview":"max-image-preview:large","max-video-preview":"max-video-preview:-1"},"canonical":"https:\/\/skaitytaknyga.lt\/en\/produktas\/edvinas-kaleda-auksaviriai-1-2-dalys\/","og_locale":"en_GB","og_type":"article","og_title":"[:lt]Auksaviriai 1-2 dalys[:] - Skaitytaknyga","og_description":"Edvinas Kal\u0117da, pa\u017e\u012fstamas skaitytojui i\u0161 populiarios trilogijos \"Nemylimi\", \"Svetimi\", \"Pasmerkti\", si\u016blo dar vien\u0105 akistat\u0105 su juoda realybe. Romano siu\u017eetas paremtas tikrais \u012fvykiais, nutikusiais \u017demaitijos sostin\u0117je Tel\u0161iuose. Prie\u0161 susik\u016brusi\u0105 nusikalstam\u0105 grupuot\u0119 sukyla miesto verslininkai. Tarp j\u0173 ir Auksaviriai, nelegalaus verslo atstovai, sugebantys i\u0161 paauksuot\u0173 elektrotechnikos detali\u0173 i\u0161gauti auks\u0105. Tai romanas apie \u017emogi\u0161kum\u0105, dorov\u0117s principus, brutali\u0105 aistr\u0105 ir meil\u0119, kuri valdo jaun\u0173 \u017emoni\u0173 pasaul\u012f.","og_url":"https:\/\/skaitytaknyga.lt\/en\/produktas\/edvinas-kaleda-auksaviriai-1-2-dalys\/","og_site_name":"Skaitytaknyga","article_publisher":"https:\/\/www.facebook.com\/skaitytaknyga\/","article_modified_time":"2026-03-17T09:55:17+00:00","og_image":[{"width":490,"height":800,"url":"https:\/\/skaitytaknyga.lt\/wp-content\/uploads\/2024\/05\/1462889661_img0017-002.jpg","type":"image\/jpeg"}],"twitter_card":"summary_large_image","schema":{"@context":"https:\/\/schema.org","@graph":[{"@type":"WebPage","@id":"https:\/\/skaitytaknyga.lt\/produktas\/edvinas-kaleda-auksaviriai-1-2-dalys\/","url":"https:\/\/skaitytaknyga.lt\/produktas\/edvinas-kaleda-auksaviriai-1-2-dalys\/","name":"Auksaviriai 1-2 dalys","isPartOf":{"@id":"https:\/\/skaitytaknyga.lt\/#website"},"primaryImageOfPage":{"@id":"https:\/\/skaitytaknyga.lt\/produktas\/edvinas-kaleda-auksaviriai-1-2-dalys\/#primaryimage"},"image":{"@id":"https:\/\/skaitytaknyga.lt\/produktas\/edvinas-kaleda-auksaviriai-1-2-dalys\/#primaryimage"},"thumbnailUrl":"https:\/\/skaitytaknyga.lt\/wp-content\/uploads\/2024\/05\/1462889661_img0017-002.jpg","datePublished":"2024-05-04T17:53:49+00:00","dateModified":"2026-03-17T09:55:17+00:00","description":"Edvinas Kal\u0117da, pa\u017e\u012fstamas skaitytojui i\u0161 populiarios trilogijos \"Nemylimi\", \"Svetimi\", \"Pasmerkti\", si\u016blo dar vien\u0105 akistat\u0105 su juoda realybe. Romano siu\u017eetas paremtas tikrais \u012fvykiais, nutikusiais \u017demaitijos sostin\u0117je Tel\u0161iuose. Prie\u0161 susik\u016brusi\u0105 nusikalstam\u0105 grupuot\u0119 sukyla miesto verslininkai. Tarp j\u0173 ir Auksaviriai, nelegalaus verslo atstovai, sugebantys i\u0161 paauksuot\u0173 elektrotechnikos detali\u0173 i\u0161gauti auks\u0105. Tai romanas apie \u017emogi\u0161kum\u0105, dorov\u0117s principus, brutali\u0105 aistr\u0105 ir meil\u0119, kuri valdo jaun\u0173 \u017emoni\u0173 pasaul\u012f.","breadcrumb":{"@id":"https:\/\/skaitytaknyga.lt\/produktas\/edvinas-kaleda-auksaviriai-1-2-dalys\/#breadcrumb"},"inLanguage":"en-GB","potentialAction":[{"@type":"ReadAction","target":["https:\/\/skaitytaknyga.lt\/produktas\/edvinas-kaleda-auksaviriai-1-2-dalys\/"]}]},{"@type":"ImageObject","inLanguage":"en-GB","@id":"https:\/\/skaitytaknyga.lt\/produktas\/edvinas-kaleda-auksaviriai-1-2-dalys\/#primaryimage","url":"https:\/\/skaitytaknyga.lt\/wp-content\/uploads\/2024\/05\/1462889661_img0017-002.jpg","contentUrl":"https:\/\/skaitytaknyga.lt\/wp-content\/uploads\/2024\/05\/1462889661_img0017-002.jpg","width":490,"height":800},{"@type":"BreadcrumbList","@id":"https:\/\/skaitytaknyga.lt\/produktas\/edvinas-kaleda-auksaviriai-1-2-dalys\/#breadcrumb","itemListElement":[{"@type":"ListItem","position":1,"name":"Home","item":"https:\/\/skaitytaknyga.lt\/"},{"@type":"ListItem","position":2,"name":"Parduotuv\u0117","item":"https:\/\/skaitytaknyga.lt\/knygu-parduotuve\/"},{"@type":"ListItem","position":3,"name":"Auksaviriai 1-2 dalys"}]},{"@type":"WebSite","@id":"https:\/\/skaitytaknyga.lt\/#website","url":"https:\/\/skaitytaknyga.lt\/","name":"skaitytaknyga.lt","description":"Skaitytaknyga.lt \u2013 tai ma\u017eas \u0161eimos verslas, kuris prasid\u0117jo nuo meil\u0117s knygoms ir siekio i\u0161gelb\u0117ti knygas nuo likimo prie konteinerio. Kas vienam nereikalingas daiktas \u2013 kitam lobis, o mes esame tarpininkai, kurie padeda abiems tapti laimingesniems ???? \u017dinome kaip nelengva i\u0161gyventi ma\u017eiems verslams, tad nuo \u0161iol, \u010dia rasite ir kit\u0173, ma\u017e\u0173 \u0161eim\u0173 versl\u0173, rank\u0173 darbo, dovan\u0173 sau ir artimiesiems.","publisher":{"@id":"https:\/\/skaitytaknyga.lt\/#organization"},"potentialAction":[{"@type":"SearchAction","target":{"@type":"EntryPoint","urlTemplate":"https:\/\/skaitytaknyga.lt\/?s={search_term_string}"},"query-input":{"@type":"PropertyValueSpecification","valueRequired":true,"valueName":"search_term_string"}}],"inLanguage":"en-GB"},{"@type":"Organization","@id":"https:\/\/skaitytaknyga.lt\/#organization","name":"skaitytaknyga.lt","url":"https:\/\/skaitytaknyga.lt\/","logo":{"@type":"ImageObject","inLanguage":"en-GB","@id":"https:\/\/skaitytaknyga.lt\/#\/schema\/logo\/image\/","url":"https:\/\/skaitytaknyga.lt\/wp-content\/uploads\/2024\/05\/cropped-cropped-cropped-02_00843_jt3bggkj1j3HLc7SyY6rEUpg.jpeg","contentUrl":"https:\/\/skaitytaknyga.lt\/wp-content\/uploads\/2024\/05\/cropped-cropped-cropped-02_00843_jt3bggkj1j3HLc7SyY6rEUpg.jpeg","width":1600,"height":1600,"caption":"skaitytaknyga.lt"},"image":{"@id":"https:\/\/skaitytaknyga.lt\/#\/schema\/logo\/image\/"},"sameAs":["https:\/\/www.facebook.com\/skaitytaknyga\/"]}]}},"_links":{"self":[{"href":"https:\/\/skaitytaknyga.lt\/en\/wp-json\/wp\/v2\/product\/9642","targetHints":{"allow":["GET"]}}],"collection":[{"href":"https:\/\/skaitytaknyga.lt\/en\/wp-json\/wp\/v2\/product"}],"about":[{"href":"https:\/\/skaitytaknyga.lt\/en\/wp-json\/wp\/v2\/types\/product"}],"replies":[{"embeddable":true,"href":"https:\/\/skaitytaknyga.lt\/en\/wp-json\/wp\/v2\/comments?post=9642"}],"wp:featuredmedia":[{"embeddable":true,"href":"https:\/\/skaitytaknyga.lt\/en\/wp-json\/wp\/v2\/media\/9693"}],"wp:attachment":[{"href":"https:\/\/skaitytaknyga.lt\/en\/wp-json\/wp\/v2\/media?parent=9642"}],"wp:term":[{"taxonomy":"product_brand","embeddable":true,"href":"https:\/\/skaitytaknyga.lt\/en\/wp-json\/wp\/v2\/product_brand?post=9642"},{"taxonomy":"product_cat","embeddable":true,"href":"https:\/\/skaitytaknyga.lt\/en\/wp-json\/wp\/v2\/product_cat?post=9642"},{"taxonomy":"product_tag","embeddable":true,"href":"https:\/\/skaitytaknyga.lt\/en\/wp-json\/wp\/v2\/product_tag?post=9642"}],"curies":[{"name":"wp","href":"https:\/\/api.w.org\/{rel}","templated":true}]}}