{"id":9622,"date":"2024-05-04T17:53:26","date_gmt":"2024-05-04T17:53:26","guid":{"rendered":"https:\/\/skaitytaknyga.lt\/?post_type=product&#038;p=9622"},"modified":"2025-02-19T20:49:01","modified_gmt":"2025-02-19T18:49:01","slug":"druskinguju-uolu-slenis","status":"publish","type":"product","link":"https:\/\/skaitytaknyga.lt\/en\/produktas\/druskinguju-uolu-slenis\/","title":{"rendered":"Sat-Okas \u201eDrusking\u0173j\u0173 uol\u0173 sl\u0117nis\u201c"},"content":{"rendered":"<p>&#8220;&#8230; kai berniukui sukanka penkeri metai, jam jau ateina laikas gyventi kartu su kariais, mokytis j\u0173 i\u0161minties, susipa\u017einti su genties ir girios \u012fstatymais. &#8230;Iki tos dienos a\u0161, motinos globojamas, gyvenau t\u0117v\u0173 palapin\u0117je. &#8230; Ligi \u0161ios dienos ir dar daug m\u0117nesi\u0173 v\u0117liau a\u0161 paprastai buvau vadinamas U\u010diu &#8211; Ma\u017eyliu. \u0160itaip vadindavo visus ma\u017eus berniukus. Mes, ma\u017eyliai, dar netur\u0117jome vard\u0173, kurie sunkiai \u012fgyjami; da\u017enai tenka juos i\u0161sikovoti ne tik prakaitu, bet ir krauju.<\/p>\n<p>Kaip ir kiekvienas Utis, a\u0161 svajojau apie Nanancisos \u0161vent\u0119 (&#8220;I\u0161vykimo&#8221; diena, ma\u017e\u0173j\u0173 berniuk\u0173 pri\u0117mimo \u012f gamtos mokykl\u0105 \u0161vent\u0117), kuriai pasibaigus, tur\u0117jau vykti \u012f Jaun\u0173j\u0173 Vilk\u0173 stovykl\u0105, sen\u0173j\u0173 kari\u0173 prie\u017ei\u016bron. Ten drauge su genties berniukais a\u0161 mokysiuos sekti vilk\u0173 p\u0117das, si\u016bti ber\u017eo to\u0161\u012f kanojai, sp\u0119sti \u017eabangus ant \u016bdr\u0173 tako, i\u0161 lanko nutaikyti str\u0117l\u0119 \u012f \u017eaibi\u0161kai skrendan\u010di\u0105 laukin\u0119 ant\u012f. Ten a\u0161 susipa\u017einsiu su girios \u012fstatymais ir kario pareigomis. Ten a\u0161 tapsiu suaugusiu&#8230;&#8221; Knygoje aprasoma XX a. Kanados ind\u0117nai.<\/p>\n<ul class=\"about-product d-none d-xl-block mt-4\">\n<li><strong>Autorius:<\/strong>\u00a0Sat-Okas<\/li>\n<li><strong>Metai:<\/strong>\u00a01967<\/li>\n<li><strong>Puslapiai:<\/strong>\u00a0256<\/li>\n<li><strong>Formatas:<\/strong>\u00a012 x 20 cm, kieti vir\u0161eliai<\/li>\n<li><strong>Kalba:<\/strong>\u00a0Lietuvi\u0173<\/li>\n<\/ul>\n","protected":false},"excerpt":{"rendered":"<p>&#8220;&#8230; kai berniukui sukanka penkeri metai, jam jau ateina laikas gyventi kartu su kariais, mokytis j\u0173 i\u0161minties, susipa\u017einti su genties ir girios \u012fstatymais. &#8230;Iki tos dienos a\u0161, motinos globojamas, gyvenau t\u0117v\u0173 palapin\u0117je. &#8230; Ligi \u0161ios dienos ir dar daug m\u0117nesi\u0173 v\u0117liau a\u0161 paprastai buvau vadinamas U\u010diu &#8211; Ma\u017eyliu. \u0160itaip vadindavo visus ma\u017eus berniukus. Mes, ma\u017eyliai, dar netur\u0117jome vard\u0173, kurie sunkiai \u012fgyjami; da\u017enai tenka juos i\u0161sikovoti ne tik prakaitu, bet ir krauju. Kaip ir kiekvienas Utis, a\u0161 svajojau apie Nanancisos \u0161vent\u0119 (&#8220;I\u0161vykimo&#8221; diena, ma\u017e\u0173j\u0173 berniuk\u0173 pri\u0117mimo \u012f gamtos mokykl\u0105 \u0161vent\u0117), kuriai pasibaigus, tur\u0117jau vykti \u012f Jaun\u0173j\u0173 Vilk\u0173 stovykl\u0105, sen\u0173j\u0173 kari\u0173 prie\u017ei\u016bron. Ten drauge su genties berniukais a\u0161 mokysiuos sekti vilk\u0173 p\u0117das, si\u016bti ber\u017eo to\u0161\u012f kanojai, sp\u0119sti \u017eabangus ant \u016bdr\u0173 tako, i\u0161 lanko nutaikyti str\u0117l\u0119 \u012f \u017eaibi\u0161kai skrendan\u010di\u0105 laukin\u0119 ant\u012f. Ten a\u0161 susipa\u017einsiu su girios \u012fstatymais ir kario pareigomis. Ten a\u0161 tapsiu suaugusiu&#8230;&#8221; Knygoje aprasoma XX a. Kanados ind\u0117nai. Autorius:\u00a0Sat-Okas Metai:\u00a01967 Puslapiai:\u00a0256 Formatas:\u00a012 x 20 cm, kieti vir\u0161eliai Kalba:\u00a0Lietuvi\u0173<\/p>\n","protected":false},"featured_media":9661,"comment_status":"closed","ping_status":"closed","template":"","meta":{"_acf_changed":false,"site-sidebar-layout":"default","site-content-layout":"","ast-site-content-layout":"default","site-content-style":"default","site-sidebar-style":"default","ast-global-header-display":"","ast-banner-title-visibility":"","ast-main-header-display":"","ast-hfb-above-header-display":"","ast-hfb-below-header-display":"","ast-hfb-mobile-header-display":"","site-post-title":"","ast-breadcrumbs-content":"","ast-featured-img":"","footer-sml-layout":"","ast-disable-related-posts":"","theme-transparent-header-meta":"default","adv-header-id-meta":"","stick-header-meta":"","header-above-stick-meta":"","header-main-stick-meta":"","header-below-stick-meta":"","astra-migrate-meta-layouts":"set","ast-page-background-enabled":"default","ast-page-background-meta":{"desktop":{"background-color":"","background-image":"","background-repeat":"repeat","background-position":"center center","background-size":"auto","background-attachment":"scroll","background-type":"","background-media":"","overlay-type":"","overlay-color":"","overlay-opacity":"","overlay-gradient":""},"tablet":{"background-color":"","background-image":"","background-repeat":"repeat","background-position":"center center","background-size":"auto","background-attachment":"scroll","background-type":"","background-media":"","overlay-type":"","overlay-color":"","overlay-opacity":"","overlay-gradient":""},"mobile":{"background-color":"","background-image":"","background-repeat":"repeat","background-position":"center center","background-size":"auto","background-attachment":"scroll","background-type":"","background-media":"","overlay-type":"","overlay-color":"","overlay-opacity":"","overlay-gradient":""}},"ast-content-background-meta":{"desktop":{"background-color":"var(--ast-global-color-4)","background-image":"","background-repeat":"repeat","background-position":"center center","background-size":"auto","background-attachment":"scroll","background-type":"","background-media":"","overlay-type":"","overlay-color":"","overlay-opacity":"","overlay-gradient":""},"tablet":{"background-color":"var(--ast-global-color-4)","background-image":"","background-repeat":"repeat","background-position":"center center","background-size":"auto","background-attachment":"scroll","background-type":"","background-media":"","overlay-type":"","overlay-color":"","overlay-opacity":"","overlay-gradient":""},"mobile":{"background-color":"var(--ast-global-color-4)","background-image":"","background-repeat":"repeat","background-position":"center center","background-size":"auto","background-attachment":"scroll","background-type":"","background-media":"","overlay-type":"","overlay-color":"","overlay-opacity":"","overlay-gradient":""}}},"product_brand":[],"product_cat":[31],"product_tag":[],"class_list":{"0":"post-9622","1":"product","2":"type-product","3":"status-publish","4":"has-post-thumbnail","6":"product_cat-grozine-literatura","7":"desktop-align-left","8":"tablet-align-left","9":"mobile-align-left","11":"first","12":"outofstock","13":"shipping-taxable","14":"purchasable","15":"product-type-simple"},"acf":[],"yoast_head":"<!-- This site is optimized with the Yoast SEO plugin v27.4 - https:\/\/yoast.com\/product\/yoast-seo-wordpress\/ -->\n<title>Sat-Okas \u201eDrusking\u0173j\u0173 uol\u0173 sl\u0117nis\u201c<\/title>\n<meta name=\"description\" content=\"&quot;... kai berniukui sukanka penkeri metai, jam jau ateina laikas gyventi kartu su kariais, mokytis j\u0173 i\u0161minties, susipa\u017einti su genties ir girios\" \/>\n<meta name=\"robots\" content=\"index, follow, max-snippet:-1, max-image-preview:large, max-video-preview:-1\" \/>\n<link rel=\"canonical\" href=\"https:\/\/skaitytaknyga.lt\/en\/produktas\/druskinguju-uolu-slenis\/\" \/>\n<meta property=\"og:locale\" content=\"en_GB\" \/>\n<meta property=\"og:locale:alternate\" content=\"lt_LT\" \/>\n<meta property=\"og:type\" content=\"article\" \/>\n<meta property=\"og:title\" content=\"Sat-Okas \u201eDrusking\u0173j\u0173 uol\u0173 sl\u0117nis\u201c\" \/>\n<meta property=\"og:description\" content=\"&quot;... kai berniukui sukanka penkeri metai, jam jau ateina laikas gyventi kartu su kariais, mokytis j\u0173 i\u0161minties, susipa\u017einti su genties ir girios\" \/>\n<meta property=\"og:url\" content=\"https:\/\/skaitytaknyga.lt\/en\/produktas\/druskinguju-uolu-slenis\/\" \/>\n<meta property=\"og:site_name\" content=\"Skaitytaknyga\" \/>\n<meta property=\"article:publisher\" content=\"https:\/\/www.facebook.com\/skaitytaknyga\/\" \/>\n<meta property=\"article:modified_time\" content=\"2025-02-19T18:49:01+00:00\" \/>\n<meta property=\"og:image\" content=\"https:\/\/skaitytaknyga.lt\/wp-content\/uploads\/2024\/05\/veidai_394-625x794_0.jpg\" \/>\n\t<meta property=\"og:image:width\" content=\"625\" \/>\n\t<meta property=\"og:image:height\" content=\"794\" \/>\n\t<meta property=\"og:image:type\" content=\"image\/jpeg\" \/>\n<meta name=\"twitter:card\" content=\"summary_large_image\" \/>\n<meta name=\"twitter:label1\" content=\"Estimated reading time\" \/>\n\t<meta name=\"twitter:data1\" content=\"2 minutes\" \/>\n<script type=\"application\/ld+json\" class=\"yoast-schema-graph\">{\"@context\":\"https:\\\/\\\/schema.org\",\"@graph\":[{\"@type\":\"WebPage\",\"@id\":\"https:\\\/\\\/skaitytaknyga.lt\\\/produktas\\\/druskinguju-uolu-slenis\\\/\",\"url\":\"https:\\\/\\\/skaitytaknyga.lt\\\/produktas\\\/druskinguju-uolu-slenis\\\/\",\"name\":\"Sat-Okas \u201eDrusking\u0173j\u0173 uol\u0173 sl\u0117nis\u201c\",\"isPartOf\":{\"@id\":\"https:\\\/\\\/skaitytaknyga.lt\\\/#website\"},\"primaryImageOfPage\":{\"@id\":\"https:\\\/\\\/skaitytaknyga.lt\\\/produktas\\\/druskinguju-uolu-slenis\\\/#primaryimage\"},\"image\":{\"@id\":\"https:\\\/\\\/skaitytaknyga.lt\\\/produktas\\\/druskinguju-uolu-slenis\\\/#primaryimage\"},\"thumbnailUrl\":\"https:\\\/\\\/skaitytaknyga.lt\\\/wp-content\\\/uploads\\\/2024\\\/05\\\/veidai_394-625x794_0.jpg\",\"datePublished\":\"2024-05-04T17:53:26+00:00\",\"dateModified\":\"2025-02-19T18:49:01+00:00\",\"description\":\"\\\"... kai berniukui sukanka penkeri metai, jam jau ateina laikas gyventi kartu su kariais, mokytis j\u0173 i\u0161minties, susipa\u017einti su genties ir girios\",\"breadcrumb\":{\"@id\":\"https:\\\/\\\/skaitytaknyga.lt\\\/produktas\\\/druskinguju-uolu-slenis\\\/#breadcrumb\"},\"inLanguage\":\"en-GB\",\"potentialAction\":[{\"@type\":\"ReadAction\",\"target\":[\"https:\\\/\\\/skaitytaknyga.lt\\\/produktas\\\/druskinguju-uolu-slenis\\\/\"]}]},{\"@type\":\"ImageObject\",\"inLanguage\":\"en-GB\",\"@id\":\"https:\\\/\\\/skaitytaknyga.lt\\\/produktas\\\/druskinguju-uolu-slenis\\\/#primaryimage\",\"url\":\"https:\\\/\\\/skaitytaknyga.lt\\\/wp-content\\\/uploads\\\/2024\\\/05\\\/veidai_394-625x794_0.jpg\",\"contentUrl\":\"https:\\\/\\\/skaitytaknyga.lt\\\/wp-content\\\/uploads\\\/2024\\\/05\\\/veidai_394-625x794_0.jpg\",\"width\":625,\"height\":794,\"caption\":\"Drusking\u0173j\u0173 uol\u0173 sl\u0117nis\"},{\"@type\":\"BreadcrumbList\",\"@id\":\"https:\\\/\\\/skaitytaknyga.lt\\\/produktas\\\/druskinguju-uolu-slenis\\\/#breadcrumb\",\"itemListElement\":[{\"@type\":\"ListItem\",\"position\":1,\"name\":\"Home\",\"item\":\"https:\\\/\\\/skaitytaknyga.lt\\\/\"},{\"@type\":\"ListItem\",\"position\":2,\"name\":\"Parduotuv\u0117\",\"item\":\"https:\\\/\\\/skaitytaknyga.lt\\\/knygu-parduotuve\\\/\"},{\"@type\":\"ListItem\",\"position\":3,\"name\":\"Sat-Okas \u201eDrusking\u0173j\u0173 uol\u0173 sl\u0117nis\u201c\"}]},{\"@type\":\"WebSite\",\"@id\":\"https:\\\/\\\/skaitytaknyga.lt\\\/#website\",\"url\":\"https:\\\/\\\/skaitytaknyga.lt\\\/\",\"name\":\"skaitytaknyga.lt\",\"description\":\"Skaitytaknyga.lt \u2013 tai ma\u017eas \u0161eimos verslas, kuris prasid\u0117jo nuo meil\u0117s knygoms ir siekio i\u0161gelb\u0117ti knygas nuo likimo prie konteinerio. Kas vienam nereikalingas daiktas \u2013 kitam lobis, o mes esame tarpininkai, kurie padeda abiems tapti laimingesniems ???? \u017dinome kaip nelengva i\u0161gyventi ma\u017eiems verslams, tad nuo \u0161iol, \u010dia rasite ir kit\u0173, ma\u017e\u0173 \u0161eim\u0173 versl\u0173, rank\u0173 darbo, dovan\u0173 sau ir artimiesiems.\",\"publisher\":{\"@id\":\"https:\\\/\\\/skaitytaknyga.lt\\\/#organization\"},\"potentialAction\":[{\"@type\":\"SearchAction\",\"target\":{\"@type\":\"EntryPoint\",\"urlTemplate\":\"https:\\\/\\\/skaitytaknyga.lt\\\/?s={search_term_string}\"},\"query-input\":{\"@type\":\"PropertyValueSpecification\",\"valueRequired\":true,\"valueName\":\"search_term_string\"}}],\"inLanguage\":\"en-GB\"},{\"@type\":\"Organization\",\"@id\":\"https:\\\/\\\/skaitytaknyga.lt\\\/#organization\",\"name\":\"skaitytaknyga.lt\",\"url\":\"https:\\\/\\\/skaitytaknyga.lt\\\/\",\"logo\":{\"@type\":\"ImageObject\",\"inLanguage\":\"en-GB\",\"@id\":\"https:\\\/\\\/skaitytaknyga.lt\\\/#\\\/schema\\\/logo\\\/image\\\/\",\"url\":\"https:\\\/\\\/skaitytaknyga.lt\\\/wp-content\\\/uploads\\\/2024\\\/05\\\/cropped-cropped-cropped-02_00843_jt3bggkj1j3HLc7SyY6rEUpg.jpeg\",\"contentUrl\":\"https:\\\/\\\/skaitytaknyga.lt\\\/wp-content\\\/uploads\\\/2024\\\/05\\\/cropped-cropped-cropped-02_00843_jt3bggkj1j3HLc7SyY6rEUpg.jpeg\",\"width\":1600,\"height\":1600,\"caption\":\"skaitytaknyga.lt\"},\"image\":{\"@id\":\"https:\\\/\\\/skaitytaknyga.lt\\\/#\\\/schema\\\/logo\\\/image\\\/\"},\"sameAs\":[\"https:\\\/\\\/www.facebook.com\\\/skaitytaknyga\\\/\"]}]}<\/script>\n<!-- \/ Yoast SEO plugin. -->","yoast_head_json":{"title":"Sat-Okas \u201eDrusking\u0173j\u0173 uol\u0173 sl\u0117nis\u201c","description":"\"... kai berniukui sukanka penkeri metai, jam jau ateina laikas gyventi kartu su kariais, mokytis j\u0173 i\u0161minties, susipa\u017einti su genties ir girios","robots":{"index":"index","follow":"follow","max-snippet":"max-snippet:-1","max-image-preview":"max-image-preview:large","max-video-preview":"max-video-preview:-1"},"canonical":"https:\/\/skaitytaknyga.lt\/en\/produktas\/druskinguju-uolu-slenis\/","og_locale":"en_GB","og_type":"article","og_title":"[:lt]Sat-Okas \u201eDrusking\u0173j\u0173 uol\u0173 sl\u0117nis\u201c[:] - Skaitytaknyga","og_description":"\"... kai berniukui sukanka penkeri metai, jam jau ateina laikas gyventi kartu su kariais, mokytis j\u0173 i\u0161minties, susipa\u017einti su genties ir girios","og_url":"https:\/\/skaitytaknyga.lt\/en\/produktas\/druskinguju-uolu-slenis\/","og_site_name":"Skaitytaknyga","article_publisher":"https:\/\/www.facebook.com\/skaitytaknyga\/","article_modified_time":"2025-02-19T18:49:01+00:00","og_image":[{"width":625,"height":794,"url":"https:\/\/skaitytaknyga.lt\/wp-content\/uploads\/2024\/05\/veidai_394-625x794_0.jpg","type":"image\/jpeg"}],"twitter_card":"summary_large_image","twitter_misc":{"Estimated reading time":"2 minutes"},"schema":{"@context":"https:\/\/schema.org","@graph":[{"@type":"WebPage","@id":"https:\/\/skaitytaknyga.lt\/produktas\/druskinguju-uolu-slenis\/","url":"https:\/\/skaitytaknyga.lt\/produktas\/druskinguju-uolu-slenis\/","name":"Sat-Okas \u201eDrusking\u0173j\u0173 uol\u0173 sl\u0117nis\u201c","isPartOf":{"@id":"https:\/\/skaitytaknyga.lt\/#website"},"primaryImageOfPage":{"@id":"https:\/\/skaitytaknyga.lt\/produktas\/druskinguju-uolu-slenis\/#primaryimage"},"image":{"@id":"https:\/\/skaitytaknyga.lt\/produktas\/druskinguju-uolu-slenis\/#primaryimage"},"thumbnailUrl":"https:\/\/skaitytaknyga.lt\/wp-content\/uploads\/2024\/05\/veidai_394-625x794_0.jpg","datePublished":"2024-05-04T17:53:26+00:00","dateModified":"2025-02-19T18:49:01+00:00","description":"\"... kai berniukui sukanka penkeri metai, jam jau ateina laikas gyventi kartu su kariais, mokytis j\u0173 i\u0161minties, susipa\u017einti su genties ir girios","breadcrumb":{"@id":"https:\/\/skaitytaknyga.lt\/produktas\/druskinguju-uolu-slenis\/#breadcrumb"},"inLanguage":"en-GB","potentialAction":[{"@type":"ReadAction","target":["https:\/\/skaitytaknyga.lt\/produktas\/druskinguju-uolu-slenis\/"]}]},{"@type":"ImageObject","inLanguage":"en-GB","@id":"https:\/\/skaitytaknyga.lt\/produktas\/druskinguju-uolu-slenis\/#primaryimage","url":"https:\/\/skaitytaknyga.lt\/wp-content\/uploads\/2024\/05\/veidai_394-625x794_0.jpg","contentUrl":"https:\/\/skaitytaknyga.lt\/wp-content\/uploads\/2024\/05\/veidai_394-625x794_0.jpg","width":625,"height":794,"caption":"Drusking\u0173j\u0173 uol\u0173 sl\u0117nis"},{"@type":"BreadcrumbList","@id":"https:\/\/skaitytaknyga.lt\/produktas\/druskinguju-uolu-slenis\/#breadcrumb","itemListElement":[{"@type":"ListItem","position":1,"name":"Home","item":"https:\/\/skaitytaknyga.lt\/"},{"@type":"ListItem","position":2,"name":"Parduotuv\u0117","item":"https:\/\/skaitytaknyga.lt\/knygu-parduotuve\/"},{"@type":"ListItem","position":3,"name":"Sat-Okas \u201eDrusking\u0173j\u0173 uol\u0173 sl\u0117nis\u201c"}]},{"@type":"WebSite","@id":"https:\/\/skaitytaknyga.lt\/#website","url":"https:\/\/skaitytaknyga.lt\/","name":"skaitytaknyga.lt","description":"Skaitytaknyga.lt \u2013 tai ma\u017eas \u0161eimos verslas, kuris prasid\u0117jo nuo meil\u0117s knygoms ir siekio i\u0161gelb\u0117ti knygas nuo likimo prie konteinerio. Kas vienam nereikalingas daiktas \u2013 kitam lobis, o mes esame tarpininkai, kurie padeda abiems tapti laimingesniems ???? \u017dinome kaip nelengva i\u0161gyventi ma\u017eiems verslams, tad nuo \u0161iol, \u010dia rasite ir kit\u0173, ma\u017e\u0173 \u0161eim\u0173 versl\u0173, rank\u0173 darbo, dovan\u0173 sau ir artimiesiems.","publisher":{"@id":"https:\/\/skaitytaknyga.lt\/#organization"},"potentialAction":[{"@type":"SearchAction","target":{"@type":"EntryPoint","urlTemplate":"https:\/\/skaitytaknyga.lt\/?s={search_term_string}"},"query-input":{"@type":"PropertyValueSpecification","valueRequired":true,"valueName":"search_term_string"}}],"inLanguage":"en-GB"},{"@type":"Organization","@id":"https:\/\/skaitytaknyga.lt\/#organization","name":"skaitytaknyga.lt","url":"https:\/\/skaitytaknyga.lt\/","logo":{"@type":"ImageObject","inLanguage":"en-GB","@id":"https:\/\/skaitytaknyga.lt\/#\/schema\/logo\/image\/","url":"https:\/\/skaitytaknyga.lt\/wp-content\/uploads\/2024\/05\/cropped-cropped-cropped-02_00843_jt3bggkj1j3HLc7SyY6rEUpg.jpeg","contentUrl":"https:\/\/skaitytaknyga.lt\/wp-content\/uploads\/2024\/05\/cropped-cropped-cropped-02_00843_jt3bggkj1j3HLc7SyY6rEUpg.jpeg","width":1600,"height":1600,"caption":"skaitytaknyga.lt"},"image":{"@id":"https:\/\/skaitytaknyga.lt\/#\/schema\/logo\/image\/"},"sameAs":["https:\/\/www.facebook.com\/skaitytaknyga\/"]}]}},"_links":{"self":[{"href":"https:\/\/skaitytaknyga.lt\/en\/wp-json\/wp\/v2\/product\/9622","targetHints":{"allow":["GET"]}}],"collection":[{"href":"https:\/\/skaitytaknyga.lt\/en\/wp-json\/wp\/v2\/product"}],"about":[{"href":"https:\/\/skaitytaknyga.lt\/en\/wp-json\/wp\/v2\/types\/product"}],"replies":[{"embeddable":true,"href":"https:\/\/skaitytaknyga.lt\/en\/wp-json\/wp\/v2\/comments?post=9622"}],"wp:featuredmedia":[{"embeddable":true,"href":"https:\/\/skaitytaknyga.lt\/en\/wp-json\/wp\/v2\/media\/9661"}],"wp:attachment":[{"href":"https:\/\/skaitytaknyga.lt\/en\/wp-json\/wp\/v2\/media?parent=9622"}],"wp:term":[{"taxonomy":"product_brand","embeddable":true,"href":"https:\/\/skaitytaknyga.lt\/en\/wp-json\/wp\/v2\/product_brand?post=9622"},{"taxonomy":"product_cat","embeddable":true,"href":"https:\/\/skaitytaknyga.lt\/en\/wp-json\/wp\/v2\/product_cat?post=9622"},{"taxonomy":"product_tag","embeddable":true,"href":"https:\/\/skaitytaknyga.lt\/en\/wp-json\/wp\/v2\/product_tag?post=9622"}],"curies":[{"name":"wp","href":"https:\/\/api.w.org\/{rel}","templated":true}]}}