{"id":9621,"date":"2024-05-04T17:53:26","date_gmt":"2024-05-04T17:53:26","guid":{"rendered":"https:\/\/skaitytaknyga.lt\/?post_type=product&#038;p=9621"},"modified":"2025-04-11T08:21:42","modified_gmt":"2025-04-11T05:21:42","slug":"vienuoliai-ir-as-kaip-40-dienu-praleistu-tik-nat-hano-vienuolyne-parode-man-kelia-namo","status":"publish","type":"product","link":"https:\/\/skaitytaknyga.lt\/en\/produktas\/vienuoliai-ir-as-kaip-40-dienu-praleistu-tik-nat-hano-vienuolyne-parode-man-kelia-namo\/","title":{"rendered":"Vienuoliai ir a\u0161. Kaip 40 dien\u0173, praleist\u0173 Tik Nat Hano vienuolyne, parod\u0117 man keli\u0105 namo"},"content":{"rendered":"<p>\u0160i knyga apie tai, kaip paprasta granato s\u0117kliuk\u0117, pora neveikian\u010di\u0173 ausini\u0173, prikim\u0161tas lagaminas, giedan\u010di\u0173 budist\u0173 b\u016brelis ir apdulk\u0117j\u0119s senas skeletas pakeit\u0117 vien\u0105 gyvenim\u0105. Keturiasde\u0161imt dien\u0173, praleist\u0173 budist\u0173 vienuolio Tik Nat Hano \u012fkurtame vienuolyne, \u2013 tai keturiasde\u0161imt ma\u017e\u0173, bet ne\u012fkainojam\u0173 atradim\u0173, kurie, pasak knygos autor\u0117s, rodo mums keli\u0105 Namo.<\/p>\n","protected":false},"excerpt":{"rendered":"<p>\u0160i knyga apie tai, kaip paprasta granato s\u0117kliuk\u0117, pora neveikian\u010di\u0173 ausini\u0173, prikim\u0161tas lagaminas, giedan\u010di\u0173 budist\u0173 b\u016brelis ir apdulk\u0117j\u0119s senas skeletas pakeit\u0117 vien\u0105 gyvenim\u0105. Keturiasde\u0161imt dien\u0173, praleist\u0173 budist\u0173 vienuolio Tik Nat Hano \u012fkurtame vienuolyne, \u2013 tai keturiasde\u0161imt ma\u017e\u0173, bet ne\u012fkainojam\u0173 atradim\u0173, kurie, pasak knygos autor\u0117s, rodo mums keli\u0105 Namo.<\/p>\n","protected":false},"featured_media":9652,"comment_status":"closed","ping_status":"closed","template":"","meta":{"_acf_changed":false,"site-sidebar-layout":"default","site-content-layout":"","ast-site-content-layout":"default","site-content-style":"default","site-sidebar-style":"default","ast-global-header-display":"","ast-banner-title-visibility":"","ast-main-header-display":"","ast-hfb-above-header-display":"","ast-hfb-below-header-display":"","ast-hfb-mobile-header-display":"","site-post-title":"","ast-breadcrumbs-content":"","ast-featured-img":"","footer-sml-layout":"","ast-disable-related-posts":"","theme-transparent-header-meta":"","adv-header-id-meta":"","stick-header-meta":"","header-above-stick-meta":"","header-main-stick-meta":"","header-below-stick-meta":"","astra-migrate-meta-layouts":"default","ast-page-background-enabled":"default","ast-page-background-meta":{"desktop":{"background-color":"","background-image":"","background-repeat":"repeat","background-position":"center center","background-size":"auto","background-attachment":"scroll","background-type":"","background-media":"","overlay-type":"","overlay-color":"","overlay-opacity":"","overlay-gradient":""},"tablet":{"background-color":"","background-image":"","background-repeat":"repeat","background-position":"center center","background-size":"auto","background-attachment":"scroll","background-type":"","background-media":"","overlay-type":"","overlay-color":"","overlay-opacity":"","overlay-gradient":""},"mobile":{"background-color":"","background-image":"","background-repeat":"repeat","background-position":"center center","background-size":"auto","background-attachment":"scroll","background-type":"","background-media":"","overlay-type":"","overlay-color":"","overlay-opacity":"","overlay-gradient":""}},"ast-content-background-meta":{"desktop":{"background-color":"var(--ast-global-color-4)","background-image":"","background-repeat":"repeat","background-position":"center center","background-size":"auto","background-attachment":"scroll","background-type":"","background-media":"","overlay-type":"","overlay-color":"","overlay-opacity":"","overlay-gradient":""},"tablet":{"background-color":"var(--ast-global-color-4)","background-image":"","background-repeat":"repeat","background-position":"center center","background-size":"auto","background-attachment":"scroll","background-type":"","background-media":"","overlay-type":"","overlay-color":"","overlay-opacity":"","overlay-gradient":""},"mobile":{"background-color":"var(--ast-global-color-4)","background-image":"","background-repeat":"repeat","background-position":"center center","background-size":"auto","background-attachment":"scroll","background-type":"","background-media":"","overlay-type":"","overlay-color":"","overlay-opacity":"","overlay-gradient":""}}},"product_brand":[],"product_cat":[165],"product_tag":[],"class_list":{"0":"post-9621","1":"product","2":"type-product","3":"status-publish","4":"has-post-thumbnail","6":"product_cat-religija-filosofija-ir-ezoterika","7":"desktop-align-left","8":"tablet-align-left","9":"mobile-align-left","11":"first","12":"instock","13":"shipping-taxable","14":"purchasable","15":"product-type-simple"},"acf":[],"yoast_head":"<!-- This site is optimized with the Yoast SEO plugin v27.4 - https:\/\/yoast.com\/product\/yoast-seo-wordpress\/ -->\n<title>Vienuoliai ir a\u0161. Kaip 40 dien\u0173, praleist\u0173 Tik Nat Hano vienuolyne, parod\u0117 man keli\u0105 namo<\/title>\n<meta name=\"description\" content=\"\u0160i knyga apie tai, kaip paprasta granato s\u0117kliuk\u0117, pora neveikian\u010di\u0173 ausini\u0173, prikim\u0161tas lagaminas, giedan\u010di\u0173 budist\u0173 b\u016brelis ir apdulk\u0117j\u0119s senas skeletas pakeit\u0117 vien\u0105 gyvenim\u0105. Keturiasde\u0161imt dien\u0173, praleist\u0173 budist\u0173 vienuolio Tik Nat Hano \u012fkurtame vienuolyne, \u2013 tai keturiasde\u0161imt ma\u017e\u0173, bet ne\u012fkainojam\u0173 atradim\u0173, kurie, pasak knygos autor\u0117s, rodo mums keli\u0105 Namo.\" \/>\n<meta name=\"robots\" content=\"index, follow, max-snippet:-1, max-image-preview:large, max-video-preview:-1\" \/>\n<link rel=\"canonical\" href=\"https:\/\/skaitytaknyga.lt\/en\/produktas\/vienuoliai-ir-as-kaip-40-dienu-praleistu-tik-nat-hano-vienuolyne-parode-man-kelia-namo\/\" \/>\n<meta property=\"og:locale\" content=\"en_GB\" \/>\n<meta property=\"og:locale:alternate\" content=\"lt_LT\" \/>\n<meta property=\"og:type\" content=\"article\" \/>\n<meta property=\"og:title\" content=\"Vienuoliai ir a\u0161. Kaip 40 dien\u0173, praleist\u0173 Tik Nat Hano vienuolyne, parod\u0117 man keli\u0105 namo\" \/>\n<meta property=\"og:description\" content=\"\u0160i knyga apie tai, kaip paprasta granato s\u0117kliuk\u0117, pora neveikian\u010di\u0173 ausini\u0173, prikim\u0161tas lagaminas, giedan\u010di\u0173 budist\u0173 b\u016brelis ir apdulk\u0117j\u0119s senas skeletas pakeit\u0117 vien\u0105 gyvenim\u0105. Keturiasde\u0161imt dien\u0173, praleist\u0173 budist\u0173 vienuolio Tik Nat Hano \u012fkurtame vienuolyne, \u2013 tai keturiasde\u0161imt ma\u017e\u0173, bet ne\u012fkainojam\u0173 atradim\u0173, kurie, pasak knygos autor\u0117s, rodo mums keli\u0105 Namo.\" \/>\n<meta property=\"og:url\" content=\"https:\/\/skaitytaknyga.lt\/en\/produktas\/vienuoliai-ir-as-kaip-40-dienu-praleistu-tik-nat-hano-vienuolyne-parode-man-kelia-namo\/\" \/>\n<meta property=\"og:site_name\" content=\"Skaitytaknyga\" \/>\n<meta property=\"article:publisher\" content=\"https:\/\/www.facebook.com\/skaitytaknyga\/\" \/>\n<meta property=\"article:modified_time\" content=\"2025-04-11T05:21:42+00:00\" \/>\n<meta property=\"og:image\" content=\"https:\/\/skaitytaknyga.lt\/wp-content\/uploads\/2024\/05\/000000000002148875-59de81645bc8e-asset-knyguklubas-cdb_9789955236634paterson_vienuoliai-ir-as_72max_p1.jpg\" \/>\n\t<meta property=\"og:image:width\" content=\"285\" \/>\n\t<meta property=\"og:image:height\" content=\"415\" \/>\n\t<meta property=\"og:image:type\" content=\"image\/jpeg\" \/>\n<meta name=\"twitter:card\" content=\"summary_large_image\" \/>\n<script type=\"application\/ld+json\" class=\"yoast-schema-graph\">{\"@context\":\"https:\\\/\\\/schema.org\",\"@graph\":[{\"@type\":\"WebPage\",\"@id\":\"https:\\\/\\\/skaitytaknyga.lt\\\/produktas\\\/vienuoliai-ir-as-kaip-40-dienu-praleistu-tik-nat-hano-vienuolyne-parode-man-kelia-namo\\\/\",\"url\":\"https:\\\/\\\/skaitytaknyga.lt\\\/produktas\\\/vienuoliai-ir-as-kaip-40-dienu-praleistu-tik-nat-hano-vienuolyne-parode-man-kelia-namo\\\/\",\"name\":\"Vienuoliai ir a\u0161. Kaip 40 dien\u0173, praleist\u0173 Tik Nat Hano vienuolyne, parod\u0117 man keli\u0105 namo\",\"isPartOf\":{\"@id\":\"https:\\\/\\\/skaitytaknyga.lt\\\/#website\"},\"primaryImageOfPage\":{\"@id\":\"https:\\\/\\\/skaitytaknyga.lt\\\/produktas\\\/vienuoliai-ir-as-kaip-40-dienu-praleistu-tik-nat-hano-vienuolyne-parode-man-kelia-namo\\\/#primaryimage\"},\"image\":{\"@id\":\"https:\\\/\\\/skaitytaknyga.lt\\\/produktas\\\/vienuoliai-ir-as-kaip-40-dienu-praleistu-tik-nat-hano-vienuolyne-parode-man-kelia-namo\\\/#primaryimage\"},\"thumbnailUrl\":\"https:\\\/\\\/skaitytaknyga.lt\\\/wp-content\\\/uploads\\\/2024\\\/05\\\/000000000002148875-59de81645bc8e-asset-knyguklubas-cdb_9789955236634paterson_vienuoliai-ir-as_72max_p1.jpg\",\"datePublished\":\"2024-05-04T17:53:26+00:00\",\"dateModified\":\"2025-04-11T05:21:42+00:00\",\"description\":\"\u0160i knyga apie tai, kaip paprasta granato s\u0117kliuk\u0117, pora neveikian\u010di\u0173 ausini\u0173, prikim\u0161tas lagaminas, giedan\u010di\u0173 budist\u0173 b\u016brelis ir apdulk\u0117j\u0119s senas skeletas pakeit\u0117 vien\u0105 gyvenim\u0105. Keturiasde\u0161imt dien\u0173, praleist\u0173 budist\u0173 vienuolio Tik Nat Hano \u012fkurtame vienuolyne, \u2013 tai keturiasde\u0161imt ma\u017e\u0173, bet ne\u012fkainojam\u0173 atradim\u0173, kurie, pasak knygos autor\u0117s, rodo mums keli\u0105 Namo.\",\"breadcrumb\":{\"@id\":\"https:\\\/\\\/skaitytaknyga.lt\\\/produktas\\\/vienuoliai-ir-as-kaip-40-dienu-praleistu-tik-nat-hano-vienuolyne-parode-man-kelia-namo\\\/#breadcrumb\"},\"inLanguage\":\"en-GB\",\"potentialAction\":[{\"@type\":\"ReadAction\",\"target\":[\"https:\\\/\\\/skaitytaknyga.lt\\\/produktas\\\/vienuoliai-ir-as-kaip-40-dienu-praleistu-tik-nat-hano-vienuolyne-parode-man-kelia-namo\\\/\"]}]},{\"@type\":\"ImageObject\",\"inLanguage\":\"en-GB\",\"@id\":\"https:\\\/\\\/skaitytaknyga.lt\\\/produktas\\\/vienuoliai-ir-as-kaip-40-dienu-praleistu-tik-nat-hano-vienuolyne-parode-man-kelia-namo\\\/#primaryimage\",\"url\":\"https:\\\/\\\/skaitytaknyga.lt\\\/wp-content\\\/uploads\\\/2024\\\/05\\\/000000000002148875-59de81645bc8e-asset-knyguklubas-cdb_9789955236634paterson_vienuoliai-ir-as_72max_p1.jpg\",\"contentUrl\":\"https:\\\/\\\/skaitytaknyga.lt\\\/wp-content\\\/uploads\\\/2024\\\/05\\\/000000000002148875-59de81645bc8e-asset-knyguklubas-cdb_9789955236634paterson_vienuoliai-ir-as_72max_p1.jpg\",\"width\":285,\"height\":415},{\"@type\":\"BreadcrumbList\",\"@id\":\"https:\\\/\\\/skaitytaknyga.lt\\\/produktas\\\/vienuoliai-ir-as-kaip-40-dienu-praleistu-tik-nat-hano-vienuolyne-parode-man-kelia-namo\\\/#breadcrumb\",\"itemListElement\":[{\"@type\":\"ListItem\",\"position\":1,\"name\":\"Home\",\"item\":\"https:\\\/\\\/skaitytaknyga.lt\\\/\"},{\"@type\":\"ListItem\",\"position\":2,\"name\":\"Parduotuv\u0117\",\"item\":\"https:\\\/\\\/skaitytaknyga.lt\\\/knygu-parduotuve\\\/\"},{\"@type\":\"ListItem\",\"position\":3,\"name\":\"Vienuoliai ir a\u0161. Kaip 40 dien\u0173, praleist\u0173 Tik Nat Hano vienuolyne, parod\u0117 man keli\u0105 namo\"}]},{\"@type\":\"WebSite\",\"@id\":\"https:\\\/\\\/skaitytaknyga.lt\\\/#website\",\"url\":\"https:\\\/\\\/skaitytaknyga.lt\\\/\",\"name\":\"skaitytaknyga.lt\",\"description\":\"Skaitytaknyga.lt \u2013 tai ma\u017eas \u0161eimos verslas, kuris prasid\u0117jo nuo meil\u0117s knygoms ir siekio i\u0161gelb\u0117ti knygas nuo likimo prie konteinerio. Kas vienam nereikalingas daiktas \u2013 kitam lobis, o mes esame tarpininkai, kurie padeda abiems tapti laimingesniems ???? \u017dinome kaip nelengva i\u0161gyventi ma\u017eiems verslams, tad nuo \u0161iol, \u010dia rasite ir kit\u0173, ma\u017e\u0173 \u0161eim\u0173 versl\u0173, rank\u0173 darbo, dovan\u0173 sau ir artimiesiems.\",\"publisher\":{\"@id\":\"https:\\\/\\\/skaitytaknyga.lt\\\/#organization\"},\"potentialAction\":[{\"@type\":\"SearchAction\",\"target\":{\"@type\":\"EntryPoint\",\"urlTemplate\":\"https:\\\/\\\/skaitytaknyga.lt\\\/?s={search_term_string}\"},\"query-input\":{\"@type\":\"PropertyValueSpecification\",\"valueRequired\":true,\"valueName\":\"search_term_string\"}}],\"inLanguage\":\"en-GB\"},{\"@type\":\"Organization\",\"@id\":\"https:\\\/\\\/skaitytaknyga.lt\\\/#organization\",\"name\":\"skaitytaknyga.lt\",\"url\":\"https:\\\/\\\/skaitytaknyga.lt\\\/\",\"logo\":{\"@type\":\"ImageObject\",\"inLanguage\":\"en-GB\",\"@id\":\"https:\\\/\\\/skaitytaknyga.lt\\\/#\\\/schema\\\/logo\\\/image\\\/\",\"url\":\"https:\\\/\\\/skaitytaknyga.lt\\\/wp-content\\\/uploads\\\/2024\\\/05\\\/cropped-cropped-cropped-02_00843_jt3bggkj1j3HLc7SyY6rEUpg.jpeg\",\"contentUrl\":\"https:\\\/\\\/skaitytaknyga.lt\\\/wp-content\\\/uploads\\\/2024\\\/05\\\/cropped-cropped-cropped-02_00843_jt3bggkj1j3HLc7SyY6rEUpg.jpeg\",\"width\":1600,\"height\":1600,\"caption\":\"skaitytaknyga.lt\"},\"image\":{\"@id\":\"https:\\\/\\\/skaitytaknyga.lt\\\/#\\\/schema\\\/logo\\\/image\\\/\"},\"sameAs\":[\"https:\\\/\\\/www.facebook.com\\\/skaitytaknyga\\\/\"]}]}<\/script>\n<!-- \/ Yoast SEO plugin. -->","yoast_head_json":{"title":"Vienuoliai ir a\u0161. Kaip 40 dien\u0173, praleist\u0173 Tik Nat Hano vienuolyne, parod\u0117 man keli\u0105 namo","description":"\u0160i knyga apie tai, kaip paprasta granato s\u0117kliuk\u0117, pora neveikian\u010di\u0173 ausini\u0173, prikim\u0161tas lagaminas, giedan\u010di\u0173 budist\u0173 b\u016brelis ir apdulk\u0117j\u0119s senas skeletas pakeit\u0117 vien\u0105 gyvenim\u0105. Keturiasde\u0161imt dien\u0173, praleist\u0173 budist\u0173 vienuolio Tik Nat Hano \u012fkurtame vienuolyne, \u2013 tai keturiasde\u0161imt ma\u017e\u0173, bet ne\u012fkainojam\u0173 atradim\u0173, kurie, pasak knygos autor\u0117s, rodo mums keli\u0105 Namo.","robots":{"index":"index","follow":"follow","max-snippet":"max-snippet:-1","max-image-preview":"max-image-preview:large","max-video-preview":"max-video-preview:-1"},"canonical":"https:\/\/skaitytaknyga.lt\/en\/produktas\/vienuoliai-ir-as-kaip-40-dienu-praleistu-tik-nat-hano-vienuolyne-parode-man-kelia-namo\/","og_locale":"en_GB","og_type":"article","og_title":"[:lt]Vienuoliai ir a\u0161. Kaip 40 dien\u0173, praleist\u0173 Tik Nat Hano vienuolyne, parod\u0117 man keli\u0105 namo[:] - Skaitytaknyga","og_description":"\u0160i knyga apie tai, kaip paprasta granato s\u0117kliuk\u0117, pora neveikian\u010di\u0173 ausini\u0173, prikim\u0161tas lagaminas, giedan\u010di\u0173 budist\u0173 b\u016brelis ir apdulk\u0117j\u0119s senas skeletas pakeit\u0117 vien\u0105 gyvenim\u0105. Keturiasde\u0161imt dien\u0173, praleist\u0173 budist\u0173 vienuolio Tik Nat Hano \u012fkurtame vienuolyne, \u2013 tai keturiasde\u0161imt ma\u017e\u0173, bet ne\u012fkainojam\u0173 atradim\u0173, kurie, pasak knygos autor\u0117s, rodo mums keli\u0105 Namo.","og_url":"https:\/\/skaitytaknyga.lt\/en\/produktas\/vienuoliai-ir-as-kaip-40-dienu-praleistu-tik-nat-hano-vienuolyne-parode-man-kelia-namo\/","og_site_name":"Skaitytaknyga","article_publisher":"https:\/\/www.facebook.com\/skaitytaknyga\/","article_modified_time":"2025-04-11T05:21:42+00:00","og_image":[{"width":285,"height":415,"url":"https:\/\/skaitytaknyga.lt\/wp-content\/uploads\/2024\/05\/000000000002148875-59de81645bc8e-asset-knyguklubas-cdb_9789955236634paterson_vienuoliai-ir-as_72max_p1.jpg","type":"image\/jpeg"}],"twitter_card":"summary_large_image","schema":{"@context":"https:\/\/schema.org","@graph":[{"@type":"WebPage","@id":"https:\/\/skaitytaknyga.lt\/produktas\/vienuoliai-ir-as-kaip-40-dienu-praleistu-tik-nat-hano-vienuolyne-parode-man-kelia-namo\/","url":"https:\/\/skaitytaknyga.lt\/produktas\/vienuoliai-ir-as-kaip-40-dienu-praleistu-tik-nat-hano-vienuolyne-parode-man-kelia-namo\/","name":"Vienuoliai ir a\u0161. Kaip 40 dien\u0173, praleist\u0173 Tik Nat Hano vienuolyne, parod\u0117 man keli\u0105 namo","isPartOf":{"@id":"https:\/\/skaitytaknyga.lt\/#website"},"primaryImageOfPage":{"@id":"https:\/\/skaitytaknyga.lt\/produktas\/vienuoliai-ir-as-kaip-40-dienu-praleistu-tik-nat-hano-vienuolyne-parode-man-kelia-namo\/#primaryimage"},"image":{"@id":"https:\/\/skaitytaknyga.lt\/produktas\/vienuoliai-ir-as-kaip-40-dienu-praleistu-tik-nat-hano-vienuolyne-parode-man-kelia-namo\/#primaryimage"},"thumbnailUrl":"https:\/\/skaitytaknyga.lt\/wp-content\/uploads\/2024\/05\/000000000002148875-59de81645bc8e-asset-knyguklubas-cdb_9789955236634paterson_vienuoliai-ir-as_72max_p1.jpg","datePublished":"2024-05-04T17:53:26+00:00","dateModified":"2025-04-11T05:21:42+00:00","description":"\u0160i knyga apie tai, kaip paprasta granato s\u0117kliuk\u0117, pora neveikian\u010di\u0173 ausini\u0173, prikim\u0161tas lagaminas, giedan\u010di\u0173 budist\u0173 b\u016brelis ir apdulk\u0117j\u0119s senas skeletas pakeit\u0117 vien\u0105 gyvenim\u0105. Keturiasde\u0161imt dien\u0173, praleist\u0173 budist\u0173 vienuolio Tik Nat Hano \u012fkurtame vienuolyne, \u2013 tai keturiasde\u0161imt ma\u017e\u0173, bet ne\u012fkainojam\u0173 atradim\u0173, kurie, pasak knygos autor\u0117s, rodo mums keli\u0105 Namo.","breadcrumb":{"@id":"https:\/\/skaitytaknyga.lt\/produktas\/vienuoliai-ir-as-kaip-40-dienu-praleistu-tik-nat-hano-vienuolyne-parode-man-kelia-namo\/#breadcrumb"},"inLanguage":"en-GB","potentialAction":[{"@type":"ReadAction","target":["https:\/\/skaitytaknyga.lt\/produktas\/vienuoliai-ir-as-kaip-40-dienu-praleistu-tik-nat-hano-vienuolyne-parode-man-kelia-namo\/"]}]},{"@type":"ImageObject","inLanguage":"en-GB","@id":"https:\/\/skaitytaknyga.lt\/produktas\/vienuoliai-ir-as-kaip-40-dienu-praleistu-tik-nat-hano-vienuolyne-parode-man-kelia-namo\/#primaryimage","url":"https:\/\/skaitytaknyga.lt\/wp-content\/uploads\/2024\/05\/000000000002148875-59de81645bc8e-asset-knyguklubas-cdb_9789955236634paterson_vienuoliai-ir-as_72max_p1.jpg","contentUrl":"https:\/\/skaitytaknyga.lt\/wp-content\/uploads\/2024\/05\/000000000002148875-59de81645bc8e-asset-knyguklubas-cdb_9789955236634paterson_vienuoliai-ir-as_72max_p1.jpg","width":285,"height":415},{"@type":"BreadcrumbList","@id":"https:\/\/skaitytaknyga.lt\/produktas\/vienuoliai-ir-as-kaip-40-dienu-praleistu-tik-nat-hano-vienuolyne-parode-man-kelia-namo\/#breadcrumb","itemListElement":[{"@type":"ListItem","position":1,"name":"Home","item":"https:\/\/skaitytaknyga.lt\/"},{"@type":"ListItem","position":2,"name":"Parduotuv\u0117","item":"https:\/\/skaitytaknyga.lt\/knygu-parduotuve\/"},{"@type":"ListItem","position":3,"name":"Vienuoliai ir a\u0161. Kaip 40 dien\u0173, praleist\u0173 Tik Nat Hano vienuolyne, parod\u0117 man keli\u0105 namo"}]},{"@type":"WebSite","@id":"https:\/\/skaitytaknyga.lt\/#website","url":"https:\/\/skaitytaknyga.lt\/","name":"skaitytaknyga.lt","description":"Skaitytaknyga.lt \u2013 tai ma\u017eas \u0161eimos verslas, kuris prasid\u0117jo nuo meil\u0117s knygoms ir siekio i\u0161gelb\u0117ti knygas nuo likimo prie konteinerio. Kas vienam nereikalingas daiktas \u2013 kitam lobis, o mes esame tarpininkai, kurie padeda abiems tapti laimingesniems ???? \u017dinome kaip nelengva i\u0161gyventi ma\u017eiems verslams, tad nuo \u0161iol, \u010dia rasite ir kit\u0173, ma\u017e\u0173 \u0161eim\u0173 versl\u0173, rank\u0173 darbo, dovan\u0173 sau ir artimiesiems.","publisher":{"@id":"https:\/\/skaitytaknyga.lt\/#organization"},"potentialAction":[{"@type":"SearchAction","target":{"@type":"EntryPoint","urlTemplate":"https:\/\/skaitytaknyga.lt\/?s={search_term_string}"},"query-input":{"@type":"PropertyValueSpecification","valueRequired":true,"valueName":"search_term_string"}}],"inLanguage":"en-GB"},{"@type":"Organization","@id":"https:\/\/skaitytaknyga.lt\/#organization","name":"skaitytaknyga.lt","url":"https:\/\/skaitytaknyga.lt\/","logo":{"@type":"ImageObject","inLanguage":"en-GB","@id":"https:\/\/skaitytaknyga.lt\/#\/schema\/logo\/image\/","url":"https:\/\/skaitytaknyga.lt\/wp-content\/uploads\/2024\/05\/cropped-cropped-cropped-02_00843_jt3bggkj1j3HLc7SyY6rEUpg.jpeg","contentUrl":"https:\/\/skaitytaknyga.lt\/wp-content\/uploads\/2024\/05\/cropped-cropped-cropped-02_00843_jt3bggkj1j3HLc7SyY6rEUpg.jpeg","width":1600,"height":1600,"caption":"skaitytaknyga.lt"},"image":{"@id":"https:\/\/skaitytaknyga.lt\/#\/schema\/logo\/image\/"},"sameAs":["https:\/\/www.facebook.com\/skaitytaknyga\/"]}]}},"_links":{"self":[{"href":"https:\/\/skaitytaknyga.lt\/en\/wp-json\/wp\/v2\/product\/9621","targetHints":{"allow":["GET"]}}],"collection":[{"href":"https:\/\/skaitytaknyga.lt\/en\/wp-json\/wp\/v2\/product"}],"about":[{"href":"https:\/\/skaitytaknyga.lt\/en\/wp-json\/wp\/v2\/types\/product"}],"replies":[{"embeddable":true,"href":"https:\/\/skaitytaknyga.lt\/en\/wp-json\/wp\/v2\/comments?post=9621"}],"wp:featuredmedia":[{"embeddable":true,"href":"https:\/\/skaitytaknyga.lt\/en\/wp-json\/wp\/v2\/media\/9652"}],"wp:attachment":[{"href":"https:\/\/skaitytaknyga.lt\/en\/wp-json\/wp\/v2\/media?parent=9621"}],"wp:term":[{"taxonomy":"product_brand","embeddable":true,"href":"https:\/\/skaitytaknyga.lt\/en\/wp-json\/wp\/v2\/product_brand?post=9621"},{"taxonomy":"product_cat","embeddable":true,"href":"https:\/\/skaitytaknyga.lt\/en\/wp-json\/wp\/v2\/product_cat?post=9621"},{"taxonomy":"product_tag","embeddable":true,"href":"https:\/\/skaitytaknyga.lt\/en\/wp-json\/wp\/v2\/product_tag?post=9621"}],"curies":[{"name":"wp","href":"https:\/\/api.w.org\/{rel}","templated":true}]}}