{"id":9618,"date":"2024-05-04T17:53:25","date_gmt":"2024-05-04T17:53:25","guid":{"rendered":"https:\/\/skaitytaknyga.lt\/?post_type=product&#038;p=9618"},"modified":"2024-05-04T17:54:04","modified_gmt":"2024-05-04T17:54:04","slug":"stilinga-tarsi-prancuze-mada-ir-neblestantis-zavesys","status":"publish","type":"product","link":"https:\/\/skaitytaknyga.lt\/en\/produktas\/stilinga-tarsi-prancuze-mada-ir-neblestantis-zavesys\/","title":{"rendered":"Stilinga tarsi pranc\u016bz\u0117. Mada ir nebl\u0117stantis \u017eavesys"},"content":{"rendered":"<p>Kas yra tas pranc\u016bzi\u0161kas \u017eavesys, kurio pranc\u016bz\u0117ms pavydi visas pasaulis?<\/p>\n<p>Ar nor\u0117damos b\u016bti stilingos, turime vaikytis mad\u0173?<\/p>\n<p>Ar kiekviena privalo tur\u0117ti ma\u017e\u0105 juod\u0105 suknel\u0119?<\/p>\n<p>Kaip pigius drabu\u017eius paversti eleganti\u0161kais?<\/p>\n<p>Ar pad\u0117v\u0117t\u0173 drabu\u017ei\u0173 parduotuv\u0117se \u012fsigyti apdarai gali atrodyti pra\u0161matniai?<\/p>\n<p>Knygoje\u00a0<strong>\u201eStilinga tarsi pranc\u016bz\u0117\u201c<\/strong>\u00a0informatyviai ir \u017eaismingai pateikiami mados patarimai, kuriuos pritaikiusios prakti\u0161kai gal\u0117site kurti savo stili\u0173 ir i\u0161siskirti i\u0161 kit\u0173.<\/p>\n<p>K\u016brybing\u0173 ir i\u0161rading\u0173 moter\u0173 nuotraukos sukels nor\u0105 \u017eaisti su mada.<\/p>\n<p>\u010cia taip pat rasite autori\u0173 rekomenduojamus ir pam\u0117gtus adresus, jei kartais sumanytum\u0117te nuvykti apsipirkti \u012f Pary\u017ei\u0173.<\/p>\n","protected":false},"excerpt":{"rendered":"<p>Kas yra tas pranc\u016bzi\u0161kas \u017eavesys, kurio pranc\u016bz\u0117ms pavydi visas pasaulis?<\/p>\n<p>Ar nor\u0117damos b\u016bti stilingos, turime vaikytis mad\u0173?<\/p>\n<p>Ar kiekviena privalo tur\u0117ti ma\u017e\u0105 juod\u0105 suknel\u0119?<\/p>\n<p>Kaip pigius drabu\u017eius paversti eleganti\u0161kais?<\/p>\n<p>Ar pad\u0117v\u0117t\u0173 drabu\u017ei\u0173 parduotuv\u0117se \u012fsigyti apdarai gali atrodyti pra\u0161matniai?<\/p>\n<p>Knygoje\u00a0<strong>\u201eStilinga tarsi pranc\u016bz\u0117\u201c<\/strong>\u00a0informatyviai ir \u017eaismingai pateikiami mados patarimai, kuriuos pritaikiusios prakti\u0161kai gal\u0117site kurti savo stili\u0173 ir i\u0161siskirti i\u0161 kit\u0173.<\/p>\n<p>K\u016brybing\u0173 ir i\u0161rading\u0173 moter\u0173 nuotraukos sukels nor\u0105 \u017eaisti su mada.<\/p>\n<p>\u010cia taip pat rasite autori\u0173 rekomenduojamus ir pam\u0117gtus adresus, jei kartais sumanytum\u0117te nuvykti apsipirkti \u012f Pary\u017ei\u0173.<\/p>\n","protected":false},"featured_media":9649,"comment_status":"closed","ping_status":"closed","template":"","meta":{"_acf_changed":false,"site-sidebar-layout":"default","site-content-layout":"","ast-site-content-layout":"default","site-content-style":"default","site-sidebar-style":"default","ast-global-header-display":"","ast-banner-title-visibility":"","ast-main-header-display":"","ast-hfb-above-header-display":"","ast-hfb-below-header-display":"","ast-hfb-mobile-header-display":"","site-post-title":"","ast-breadcrumbs-content":"","ast-featured-img":"","footer-sml-layout":"","ast-disable-related-posts":"","theme-transparent-header-meta":"","adv-header-id-meta":"","stick-header-meta":"","header-above-stick-meta":"","header-main-stick-meta":"","header-below-stick-meta":"","astra-migrate-meta-layouts":"default","ast-page-background-enabled":"default","ast-page-background-meta":{"desktop":{"background-color":"","background-image":"","background-repeat":"repeat","background-position":"center center","background-size":"auto","background-attachment":"scroll","background-type":"","background-media":"","overlay-type":"","overlay-color":"","overlay-opacity":"","overlay-gradient":""},"tablet":{"background-color":"","background-image":"","background-repeat":"repeat","background-position":"center center","background-size":"auto","background-attachment":"scroll","background-type":"","background-media":"","overlay-type":"","overlay-color":"","overlay-opacity":"","overlay-gradient":""},"mobile":{"background-color":"","background-image":"","background-repeat":"repeat","background-position":"center center","background-size":"auto","background-attachment":"scroll","background-type":"","background-media":"","overlay-type":"","overlay-color":"","overlay-opacity":"","overlay-gradient":""}},"ast-content-background-meta":{"desktop":{"background-color":"var(--ast-global-color-4)","background-image":"","background-repeat":"repeat","background-position":"center center","background-size":"auto","background-attachment":"scroll","background-type":"","background-media":"","overlay-type":"","overlay-color":"","overlay-opacity":"","overlay-gradient":""},"tablet":{"background-color":"var(--ast-global-color-4)","background-image":"","background-repeat":"repeat","background-position":"center center","background-size":"auto","background-attachment":"scroll","background-type":"","background-media":"","overlay-type":"","overlay-color":"","overlay-opacity":"","overlay-gradient":""},"mobile":{"background-color":"var(--ast-global-color-4)","background-image":"","background-repeat":"repeat","background-position":"center center","background-size":"auto","background-attachment":"scroll","background-type":"","background-media":"","overlay-type":"","overlay-color":"","overlay-opacity":"","overlay-gradient":""}}},"product_brand":[],"product_cat":[36],"product_tag":[],"class_list":{"0":"post-9618","1":"product","2":"type-product","3":"status-publish","4":"has-post-thumbnail","6":"product_cat-makiazas-ir-apranga","7":"desktop-align-left","8":"tablet-align-left","9":"mobile-align-left","11":"first","12":"instock","13":"shipping-taxable","14":"purchasable","15":"product-type-simple"},"acf":[],"yoast_head":"<!-- This site is optimized with the Yoast SEO plugin v27.0 - https:\/\/yoast.com\/product\/yoast-seo-wordpress\/ -->\n<title>Stilinga tarsi pranc\u016bz\u0117. Mada ir nebl\u0117stantis \u017eavesys - Skaitytaknyga<\/title>\n<meta name=\"description\" content=\"Kas yra tas pranc\u016bzi\u0161kas \u017eavesys, kurio pranc\u016bz\u0117ms pavydi visas pasaulis?  Ar nor\u0117damos b\u016bti stilingos, turime vaikytis mad\u0173?  Ar kiekviena privalo tur\u0117ti ma\u017e\u0105 juod\u0105 suknel\u0119?  Kaip pigius drabu\u017eius paversti eleganti\u0161kais?  Ar pad\u0117v\u0117t\u0173 drabu\u017ei\u0173 parduotuv\u0117se \u012fsigyti apdarai gali atrodyti pra\u0161matniai?  Knygoje\u00a0\u201eStilinga tarsi pranc\u016bz\u0117\u201c\u00a0informatyviai ir \u017eaismingai pateikiami mados patarimai, kuriuos pritaikiusios prakti\u0161kai gal\u0117site kurti savo stili\u0173 ir i\u0161siskirti i\u0161 kit\u0173.  K\u016brybing\u0173 ir i\u0161rading\u0173 moter\u0173 nuotraukos sukels nor\u0105 \u017eaisti su mada.  \u010cia taip pat rasite autori\u0173 rekomenduojamus ir pam\u0117gtus adresus, jei kartais sumanytum\u0117te nuvykti apsipirkti \u012f Pary\u017ei\u0173.\" \/>\n<meta name=\"robots\" content=\"index, follow, max-snippet:-1, max-image-preview:large, max-video-preview:-1\" \/>\n<link rel=\"canonical\" href=\"https:\/\/skaitytaknyga.lt\/en\/produktas\/stilinga-tarsi-prancuze-mada-ir-neblestantis-zavesys\/\" \/>\n<meta property=\"og:locale\" content=\"en_GB\" \/>\n<meta property=\"og:locale:alternate\" content=\"lt_LT\" \/>\n<meta property=\"og:type\" content=\"article\" \/>\n<meta property=\"og:title\" content=\"Stilinga tarsi pranc\u016bz\u0117. Mada ir nebl\u0117stantis \u017eavesys - Skaitytaknyga\" \/>\n<meta property=\"og:description\" content=\"Kas yra tas pranc\u016bzi\u0161kas \u017eavesys, kurio pranc\u016bz\u0117ms pavydi visas pasaulis?  Ar nor\u0117damos b\u016bti stilingos, turime vaikytis mad\u0173?  Ar kiekviena privalo tur\u0117ti ma\u017e\u0105 juod\u0105 suknel\u0119?  Kaip pigius drabu\u017eius paversti eleganti\u0161kais?  Ar pad\u0117v\u0117t\u0173 drabu\u017ei\u0173 parduotuv\u0117se \u012fsigyti apdarai gali atrodyti pra\u0161matniai?  Knygoje\u00a0\u201eStilinga tarsi pranc\u016bz\u0117\u201c\u00a0informatyviai ir \u017eaismingai pateikiami mados patarimai, kuriuos pritaikiusios prakti\u0161kai gal\u0117site kurti savo stili\u0173 ir i\u0161siskirti i\u0161 kit\u0173.  K\u016brybing\u0173 ir i\u0161rading\u0173 moter\u0173 nuotraukos sukels nor\u0105 \u017eaisti su mada.  \u010cia taip pat rasite autori\u0173 rekomenduojamus ir pam\u0117gtus adresus, jei kartais sumanytum\u0117te nuvykti apsipirkti \u012f Pary\u017ei\u0173.\" \/>\n<meta property=\"og:url\" content=\"https:\/\/skaitytaknyga.lt\/en\/produktas\/stilinga-tarsi-prancuze-mada-ir-neblestantis-zavesys\/\" \/>\n<meta property=\"og:site_name\" content=\"Skaitytaknyga\" \/>\n<meta property=\"article:publisher\" content=\"https:\/\/www.facebook.com\/skaitytaknyga\/\" \/>\n<meta property=\"article:modified_time\" content=\"2024-05-04T17:54:04+00:00\" \/>\n<meta property=\"og:image\" content=\"https:\/\/skaitytaknyga.lt\/wp-content\/uploads\/2024\/05\/1462884741_img641.jpg\" \/>\n\t<meta property=\"og:image:width\" content=\"304\" \/>\n\t<meta property=\"og:image:height\" content=\"430\" \/>\n\t<meta property=\"og:image:type\" content=\"image\/jpeg\" \/>\n<meta name=\"twitter:card\" content=\"summary_large_image\" \/>\n<meta name=\"twitter:label1\" content=\"Estimated reading time\" \/>\n\t<meta name=\"twitter:data1\" content=\"1 minute\" \/>\n<script type=\"application\/ld+json\" class=\"yoast-schema-graph\">{\"@context\":\"https:\/\/schema.org\",\"@graph\":[{\"@type\":\"WebPage\",\"@id\":\"https:\/\/skaitytaknyga.lt\/produktas\/stilinga-tarsi-prancuze-mada-ir-neblestantis-zavesys\/\",\"url\":\"https:\/\/skaitytaknyga.lt\/produktas\/stilinga-tarsi-prancuze-mada-ir-neblestantis-zavesys\/\",\"name\":\"Stilinga tarsi pranc\u016bz\u0117. Mada ir nebl\u0117stantis \u017eavesys - Skaitytaknyga\",\"isPartOf\":{\"@id\":\"https:\/\/skaitytaknyga.lt\/#website\"},\"primaryImageOfPage\":{\"@id\":\"https:\/\/skaitytaknyga.lt\/produktas\/stilinga-tarsi-prancuze-mada-ir-neblestantis-zavesys\/#primaryimage\"},\"image\":{\"@id\":\"https:\/\/skaitytaknyga.lt\/produktas\/stilinga-tarsi-prancuze-mada-ir-neblestantis-zavesys\/#primaryimage\"},\"thumbnailUrl\":\"https:\/\/skaitytaknyga.lt\/wp-content\/uploads\/2024\/05\/1462884741_img641.jpg\",\"datePublished\":\"2024-05-04T17:53:25+00:00\",\"dateModified\":\"2024-05-04T17:54:04+00:00\",\"description\":\"Kas yra tas pranc\u016bzi\u0161kas \u017eavesys, kurio pranc\u016bz\u0117ms pavydi visas pasaulis? Ar nor\u0117damos b\u016bti stilingos, turime vaikytis mad\u0173? Ar kiekviena privalo tur\u0117ti ma\u017e\u0105 juod\u0105 suknel\u0119? Kaip pigius drabu\u017eius paversti eleganti\u0161kais? Ar pad\u0117v\u0117t\u0173 drabu\u017ei\u0173 parduotuv\u0117se \u012fsigyti apdarai gali atrodyti pra\u0161matniai? Knygoje\u00a0\u201eStilinga tarsi pranc\u016bz\u0117\u201c\u00a0informatyviai ir \u017eaismingai pateikiami mados patarimai, kuriuos pritaikiusios prakti\u0161kai gal\u0117site kurti savo stili\u0173 ir i\u0161siskirti i\u0161 kit\u0173. K\u016brybing\u0173 ir i\u0161rading\u0173 moter\u0173 nuotraukos sukels nor\u0105 \u017eaisti su mada. \u010cia taip pat rasite autori\u0173 rekomenduojamus ir pam\u0117gtus adresus, jei kartais sumanytum\u0117te nuvykti apsipirkti \u012f Pary\u017ei\u0173.\",\"breadcrumb\":{\"@id\":\"https:\/\/skaitytaknyga.lt\/produktas\/stilinga-tarsi-prancuze-mada-ir-neblestantis-zavesys\/#breadcrumb\"},\"inLanguage\":\"en-GB\",\"potentialAction\":[{\"@type\":\"ReadAction\",\"target\":[\"https:\/\/skaitytaknyga.lt\/produktas\/stilinga-tarsi-prancuze-mada-ir-neblestantis-zavesys\/\"]}]},{\"@type\":\"ImageObject\",\"inLanguage\":\"en-GB\",\"@id\":\"https:\/\/skaitytaknyga.lt\/produktas\/stilinga-tarsi-prancuze-mada-ir-neblestantis-zavesys\/#primaryimage\",\"url\":\"https:\/\/skaitytaknyga.lt\/wp-content\/uploads\/2024\/05\/1462884741_img641.jpg\",\"contentUrl\":\"https:\/\/skaitytaknyga.lt\/wp-content\/uploads\/2024\/05\/1462884741_img641.jpg\",\"width\":304,\"height\":430},{\"@type\":\"BreadcrumbList\",\"@id\":\"https:\/\/skaitytaknyga.lt\/produktas\/stilinga-tarsi-prancuze-mada-ir-neblestantis-zavesys\/#breadcrumb\",\"itemListElement\":[{\"@type\":\"ListItem\",\"position\":1,\"name\":\"Home\",\"item\":\"https:\/\/skaitytaknyga.lt\/\"},{\"@type\":\"ListItem\",\"position\":2,\"name\":\"Parduotuv\u0117\",\"item\":\"https:\/\/skaitytaknyga.lt\/knygu-parduotuve\/\"},{\"@type\":\"ListItem\",\"position\":3,\"name\":\"Stilinga tarsi pranc\u016bz\u0117. Mada ir nebl\u0117stantis \u017eavesys\"}]},{\"@type\":\"WebSite\",\"@id\":\"https:\/\/skaitytaknyga.lt\/#website\",\"url\":\"https:\/\/skaitytaknyga.lt\/\",\"name\":\"skaitytaknyga.lt\",\"description\":\"Skaitytaknyga.lt \u2013 tai ma\u017eas \u0161eimos verslas, kuris prasid\u0117jo nuo meil\u0117s knygoms ir siekio i\u0161gelb\u0117ti knygas nuo likimo prie konteinerio. Kas vienam nereikalingas daiktas \u2013 kitam lobis, o mes esame tarpininkai, kurie padeda abiems tapti laimingesniems ???? \u017dinome kaip nelengva i\u0161gyventi ma\u017eiems verslams, tad nuo \u0161iol, \u010dia rasite ir kit\u0173, ma\u017e\u0173 \u0161eim\u0173 versl\u0173, rank\u0173 darbo, dovan\u0173 sau ir artimiesiems.\",\"publisher\":{\"@id\":\"https:\/\/skaitytaknyga.lt\/#organization\"},\"potentialAction\":[{\"@type\":\"SearchAction\",\"target\":{\"@type\":\"EntryPoint\",\"urlTemplate\":\"https:\/\/skaitytaknyga.lt\/?s={search_term_string}\"},\"query-input\":{\"@type\":\"PropertyValueSpecification\",\"valueRequired\":true,\"valueName\":\"search_term_string\"}}],\"inLanguage\":\"en-GB\"},{\"@type\":\"Organization\",\"@id\":\"https:\/\/skaitytaknyga.lt\/#organization\",\"name\":\"skaitytaknyga.lt\",\"url\":\"https:\/\/skaitytaknyga.lt\/\",\"logo\":{\"@type\":\"ImageObject\",\"inLanguage\":\"en-GB\",\"@id\":\"https:\/\/skaitytaknyga.lt\/#\/schema\/logo\/image\/\",\"url\":\"https:\/\/skaitytaknyga.lt\/wp-content\/uploads\/2024\/05\/cropped-cropped-cropped-02_00843_jt3bggkj1j3HLc7SyY6rEUpg.jpeg\",\"contentUrl\":\"https:\/\/skaitytaknyga.lt\/wp-content\/uploads\/2024\/05\/cropped-cropped-cropped-02_00843_jt3bggkj1j3HLc7SyY6rEUpg.jpeg\",\"width\":1600,\"height\":1600,\"caption\":\"skaitytaknyga.lt\"},\"image\":{\"@id\":\"https:\/\/skaitytaknyga.lt\/#\/schema\/logo\/image\/\"},\"sameAs\":[\"https:\/\/www.facebook.com\/skaitytaknyga\/\"]}]}<\/script>\n<!-- \/ Yoast SEO plugin. -->","yoast_head_json":{"title":"Stilinga tarsi pranc\u016bz\u0117. Mada ir nebl\u0117stantis \u017eavesys - Skaitytaknyga","description":"Kas yra tas pranc\u016bzi\u0161kas \u017eavesys, kurio pranc\u016bz\u0117ms pavydi visas pasaulis?  Ar nor\u0117damos b\u016bti stilingos, turime vaikytis mad\u0173?  Ar kiekviena privalo tur\u0117ti ma\u017e\u0105 juod\u0105 suknel\u0119?  Kaip pigius drabu\u017eius paversti eleganti\u0161kais?  Ar pad\u0117v\u0117t\u0173 drabu\u017ei\u0173 parduotuv\u0117se \u012fsigyti apdarai gali atrodyti pra\u0161matniai?  Knygoje\u00a0\u201eStilinga tarsi pranc\u016bz\u0117\u201c\u00a0informatyviai ir \u017eaismingai pateikiami mados patarimai, kuriuos pritaikiusios prakti\u0161kai gal\u0117site kurti savo stili\u0173 ir i\u0161siskirti i\u0161 kit\u0173.  K\u016brybing\u0173 ir i\u0161rading\u0173 moter\u0173 nuotraukos sukels nor\u0105 \u017eaisti su mada.  \u010cia taip pat rasite autori\u0173 rekomenduojamus ir pam\u0117gtus adresus, jei kartais sumanytum\u0117te nuvykti apsipirkti \u012f Pary\u017ei\u0173.","robots":{"index":"index","follow":"follow","max-snippet":"max-snippet:-1","max-image-preview":"max-image-preview:large","max-video-preview":"max-video-preview:-1"},"canonical":"https:\/\/skaitytaknyga.lt\/en\/produktas\/stilinga-tarsi-prancuze-mada-ir-neblestantis-zavesys\/","og_locale":"en_GB","og_type":"article","og_title":"Stilinga tarsi pranc\u016bz\u0117. Mada ir nebl\u0117stantis \u017eavesys - Skaitytaknyga","og_description":"Kas yra tas pranc\u016bzi\u0161kas \u017eavesys, kurio pranc\u016bz\u0117ms pavydi visas pasaulis?  Ar nor\u0117damos b\u016bti stilingos, turime vaikytis mad\u0173?  Ar kiekviena privalo tur\u0117ti ma\u017e\u0105 juod\u0105 suknel\u0119?  Kaip pigius drabu\u017eius paversti eleganti\u0161kais?  Ar pad\u0117v\u0117t\u0173 drabu\u017ei\u0173 parduotuv\u0117se \u012fsigyti apdarai gali atrodyti pra\u0161matniai?  Knygoje\u00a0\u201eStilinga tarsi pranc\u016bz\u0117\u201c\u00a0informatyviai ir \u017eaismingai pateikiami mados patarimai, kuriuos pritaikiusios prakti\u0161kai gal\u0117site kurti savo stili\u0173 ir i\u0161siskirti i\u0161 kit\u0173.  K\u016brybing\u0173 ir i\u0161rading\u0173 moter\u0173 nuotraukos sukels nor\u0105 \u017eaisti su mada.  \u010cia taip pat rasite autori\u0173 rekomenduojamus ir pam\u0117gtus adresus, jei kartais sumanytum\u0117te nuvykti apsipirkti \u012f Pary\u017ei\u0173.","og_url":"https:\/\/skaitytaknyga.lt\/en\/produktas\/stilinga-tarsi-prancuze-mada-ir-neblestantis-zavesys\/","og_site_name":"Skaitytaknyga","article_publisher":"https:\/\/www.facebook.com\/skaitytaknyga\/","article_modified_time":"2024-05-04T17:54:04+00:00","og_image":[{"width":304,"height":430,"url":"https:\/\/skaitytaknyga.lt\/wp-content\/uploads\/2024\/05\/1462884741_img641.jpg","type":"image\/jpeg"}],"twitter_card":"summary_large_image","twitter_misc":{"Estimated reading time":"1 minute"},"schema":{"@context":"https:\/\/schema.org","@graph":[{"@type":"WebPage","@id":"https:\/\/skaitytaknyga.lt\/produktas\/stilinga-tarsi-prancuze-mada-ir-neblestantis-zavesys\/","url":"https:\/\/skaitytaknyga.lt\/produktas\/stilinga-tarsi-prancuze-mada-ir-neblestantis-zavesys\/","name":"Stilinga tarsi pranc\u016bz\u0117. Mada ir nebl\u0117stantis \u017eavesys - Skaitytaknyga","isPartOf":{"@id":"https:\/\/skaitytaknyga.lt\/#website"},"primaryImageOfPage":{"@id":"https:\/\/skaitytaknyga.lt\/produktas\/stilinga-tarsi-prancuze-mada-ir-neblestantis-zavesys\/#primaryimage"},"image":{"@id":"https:\/\/skaitytaknyga.lt\/produktas\/stilinga-tarsi-prancuze-mada-ir-neblestantis-zavesys\/#primaryimage"},"thumbnailUrl":"https:\/\/skaitytaknyga.lt\/wp-content\/uploads\/2024\/05\/1462884741_img641.jpg","datePublished":"2024-05-04T17:53:25+00:00","dateModified":"2024-05-04T17:54:04+00:00","description":"Kas yra tas pranc\u016bzi\u0161kas \u017eavesys, kurio pranc\u016bz\u0117ms pavydi visas pasaulis? Ar nor\u0117damos b\u016bti stilingos, turime vaikytis mad\u0173? Ar kiekviena privalo tur\u0117ti ma\u017e\u0105 juod\u0105 suknel\u0119? Kaip pigius drabu\u017eius paversti eleganti\u0161kais? Ar pad\u0117v\u0117t\u0173 drabu\u017ei\u0173 parduotuv\u0117se \u012fsigyti apdarai gali atrodyti pra\u0161matniai? Knygoje\u00a0\u201eStilinga tarsi pranc\u016bz\u0117\u201c\u00a0informatyviai ir \u017eaismingai pateikiami mados patarimai, kuriuos pritaikiusios prakti\u0161kai gal\u0117site kurti savo stili\u0173 ir i\u0161siskirti i\u0161 kit\u0173. K\u016brybing\u0173 ir i\u0161rading\u0173 moter\u0173 nuotraukos sukels nor\u0105 \u017eaisti su mada. \u010cia taip pat rasite autori\u0173 rekomenduojamus ir pam\u0117gtus adresus, jei kartais sumanytum\u0117te nuvykti apsipirkti \u012f Pary\u017ei\u0173.","breadcrumb":{"@id":"https:\/\/skaitytaknyga.lt\/produktas\/stilinga-tarsi-prancuze-mada-ir-neblestantis-zavesys\/#breadcrumb"},"inLanguage":"en-GB","potentialAction":[{"@type":"ReadAction","target":["https:\/\/skaitytaknyga.lt\/produktas\/stilinga-tarsi-prancuze-mada-ir-neblestantis-zavesys\/"]}]},{"@type":"ImageObject","inLanguage":"en-GB","@id":"https:\/\/skaitytaknyga.lt\/produktas\/stilinga-tarsi-prancuze-mada-ir-neblestantis-zavesys\/#primaryimage","url":"https:\/\/skaitytaknyga.lt\/wp-content\/uploads\/2024\/05\/1462884741_img641.jpg","contentUrl":"https:\/\/skaitytaknyga.lt\/wp-content\/uploads\/2024\/05\/1462884741_img641.jpg","width":304,"height":430},{"@type":"BreadcrumbList","@id":"https:\/\/skaitytaknyga.lt\/produktas\/stilinga-tarsi-prancuze-mada-ir-neblestantis-zavesys\/#breadcrumb","itemListElement":[{"@type":"ListItem","position":1,"name":"Home","item":"https:\/\/skaitytaknyga.lt\/"},{"@type":"ListItem","position":2,"name":"Parduotuv\u0117","item":"https:\/\/skaitytaknyga.lt\/knygu-parduotuve\/"},{"@type":"ListItem","position":3,"name":"Stilinga tarsi pranc\u016bz\u0117. Mada ir nebl\u0117stantis \u017eavesys"}]},{"@type":"WebSite","@id":"https:\/\/skaitytaknyga.lt\/#website","url":"https:\/\/skaitytaknyga.lt\/","name":"skaitytaknyga.lt","description":"Skaitytaknyga.lt \u2013 tai ma\u017eas \u0161eimos verslas, kuris prasid\u0117jo nuo meil\u0117s knygoms ir siekio i\u0161gelb\u0117ti knygas nuo likimo prie konteinerio. Kas vienam nereikalingas daiktas \u2013 kitam lobis, o mes esame tarpininkai, kurie padeda abiems tapti laimingesniems ???? \u017dinome kaip nelengva i\u0161gyventi ma\u017eiems verslams, tad nuo \u0161iol, \u010dia rasite ir kit\u0173, ma\u017e\u0173 \u0161eim\u0173 versl\u0173, rank\u0173 darbo, dovan\u0173 sau ir artimiesiems.","publisher":{"@id":"https:\/\/skaitytaknyga.lt\/#organization"},"potentialAction":[{"@type":"SearchAction","target":{"@type":"EntryPoint","urlTemplate":"https:\/\/skaitytaknyga.lt\/?s={search_term_string}"},"query-input":{"@type":"PropertyValueSpecification","valueRequired":true,"valueName":"search_term_string"}}],"inLanguage":"en-GB"},{"@type":"Organization","@id":"https:\/\/skaitytaknyga.lt\/#organization","name":"skaitytaknyga.lt","url":"https:\/\/skaitytaknyga.lt\/","logo":{"@type":"ImageObject","inLanguage":"en-GB","@id":"https:\/\/skaitytaknyga.lt\/#\/schema\/logo\/image\/","url":"https:\/\/skaitytaknyga.lt\/wp-content\/uploads\/2024\/05\/cropped-cropped-cropped-02_00843_jt3bggkj1j3HLc7SyY6rEUpg.jpeg","contentUrl":"https:\/\/skaitytaknyga.lt\/wp-content\/uploads\/2024\/05\/cropped-cropped-cropped-02_00843_jt3bggkj1j3HLc7SyY6rEUpg.jpeg","width":1600,"height":1600,"caption":"skaitytaknyga.lt"},"image":{"@id":"https:\/\/skaitytaknyga.lt\/#\/schema\/logo\/image\/"},"sameAs":["https:\/\/www.facebook.com\/skaitytaknyga\/"]}]}},"_links":{"self":[{"href":"https:\/\/skaitytaknyga.lt\/en\/wp-json\/wp\/v2\/product\/9618","targetHints":{"allow":["GET"]}}],"collection":[{"href":"https:\/\/skaitytaknyga.lt\/en\/wp-json\/wp\/v2\/product"}],"about":[{"href":"https:\/\/skaitytaknyga.lt\/en\/wp-json\/wp\/v2\/types\/product"}],"replies":[{"embeddable":true,"href":"https:\/\/skaitytaknyga.lt\/en\/wp-json\/wp\/v2\/comments?post=9618"}],"wp:featuredmedia":[{"embeddable":true,"href":"https:\/\/skaitytaknyga.lt\/en\/wp-json\/wp\/v2\/media\/9649"}],"wp:attachment":[{"href":"https:\/\/skaitytaknyga.lt\/en\/wp-json\/wp\/v2\/media?parent=9618"}],"wp:term":[{"taxonomy":"product_brand","embeddable":true,"href":"https:\/\/skaitytaknyga.lt\/en\/wp-json\/wp\/v2\/product_brand?post=9618"},{"taxonomy":"product_cat","embeddable":true,"href":"https:\/\/skaitytaknyga.lt\/en\/wp-json\/wp\/v2\/product_cat?post=9618"},{"taxonomy":"product_tag","embeddable":true,"href":"https:\/\/skaitytaknyga.lt\/en\/wp-json\/wp\/v2\/product_tag?post=9618"}],"curies":[{"name":"wp","href":"https:\/\/api.w.org\/{rel}","templated":true}]}}