{"id":9617,"date":"2024-05-04T17:53:25","date_gmt":"2024-05-04T17:53:25","guid":{"rendered":"https:\/\/skaitytaknyga.lt\/?post_type=product&#038;p=9617"},"modified":"2024-05-04T17:54:01","modified_gmt":"2024-05-04T17:54:01","slug":"antanas-maceina-religijos-filosofija","status":"publish","type":"product","link":"https:\/\/skaitytaknyga.lt\/en\/produktas\/antanas-maceina-religijos-filosofija\/","title":{"rendered":"Antanas Maceina \u201eReligijos filosofija\u201c"},"content":{"rendered":"<p>Religijos filosofija (I dalis) veikale Maceina vengia scholastikos pramint\u0173 tak\u0173, Dievo buvimo bei jo apib\u016bdinimo problem\u0105 palikdamas kitiems, o savo svarstymus prad\u0117damas ten, kur jie baigia. Tuo pa\u010diu jisai nepakli\u016bva \u012f nat\u016braliosios teologijos aklaviet\u0119, Dievo supratimui skirdamas ma\u017edaug du tre\u010ddalius savo veikalo puslapi\u0173. Maceinos Dievas anaiptol nepuola ligi \u017emogi\u0161kom silpnyb\u0117m pa\u017eenklinto mechaniko. Ta\u010diau \u010dia ir susiduriame su pa\u010diu pagrindiniu klausimu, kur\u012f turime atsakyti, Maceinos veikal\u0105 bevertindami. Atmet\u0119s Dievo metafizik\u0105 ir pasirink\u0119s Dievo ontologijos keli\u0105, ar Maceina i\u0161 viso gali apie Diev\u0105 kalb\u0117ti? Ar jam lieka \u017eod\u017ei\u0173, sakini\u0173 Dievui atskleisti? Kad Maceina netyli ir neprasiver\u017eia mistin\u0117mis giesm\u0117mis, kaip kartais sakoma apie Tom\u0105, ar tai n\u0117ra \u017eenklas, kad jis pasilieka metafizikos plotm\u0117je?<\/p>\n","protected":false},"excerpt":{"rendered":"<p>Religijos filosofija (I dalis) veikale Maceina vengia scholastikos pramint\u0173 tak\u0173, Dievo buvimo bei jo apib\u016bdinimo problem\u0105 palikdamas kitiems, o savo svarstymus prad\u0117damas ten, kur jie baigia. Tuo pa\u010diu jisai nepakli\u016bva \u012f nat\u016braliosios teologijos aklaviet\u0119, Dievo supratimui skirdamas ma\u017edaug du tre\u010ddalius savo veikalo puslapi\u0173. Maceinos Dievas anaiptol nepuola ligi \u017emogi\u0161kom silpnyb\u0117m pa\u017eenklinto mechaniko. Ta\u010diau \u010dia ir susiduriame su pa\u010diu pagrindiniu klausimu, kur\u012f turime atsakyti, Maceinos veikal\u0105 bevertindami. Atmet\u0119s Dievo metafizik\u0105 ir pasirink\u0119s Dievo ontologijos keli\u0105, ar Maceina i\u0161 viso gali apie Diev\u0105 kalb\u0117ti? Ar jam lieka \u017eod\u017ei\u0173, sakini\u0173 Dievui atskleisti? Kad Maceina netyli ir neprasiver\u017eia mistin\u0117mis giesm\u0117mis, kaip kartais sakoma apie Tom\u0105, ar tai n\u0117ra \u017eenklas, kad jis pasilieka metafizikos plotm\u0117je?<\/p>\n","protected":false},"featured_media":9648,"comment_status":"closed","ping_status":"closed","template":"","meta":{"_acf_changed":false,"site-sidebar-layout":"default","site-content-layout":"","ast-site-content-layout":"default","site-content-style":"default","site-sidebar-style":"default","ast-global-header-display":"","ast-banner-title-visibility":"","ast-main-header-display":"","ast-hfb-above-header-display":"","ast-hfb-below-header-display":"","ast-hfb-mobile-header-display":"","site-post-title":"","ast-breadcrumbs-content":"","ast-featured-img":"","footer-sml-layout":"","ast-disable-related-posts":"","theme-transparent-header-meta":"","adv-header-id-meta":"","stick-header-meta":"","header-above-stick-meta":"","header-main-stick-meta":"","header-below-stick-meta":"","astra-migrate-meta-layouts":"default","ast-page-background-enabled":"default","ast-page-background-meta":{"desktop":{"background-color":"","background-image":"","background-repeat":"repeat","background-position":"center center","background-size":"auto","background-attachment":"scroll","background-type":"","background-media":"","overlay-type":"","overlay-color":"","overlay-opacity":"","overlay-gradient":""},"tablet":{"background-color":"","background-image":"","background-repeat":"repeat","background-position":"center center","background-size":"auto","background-attachment":"scroll","background-type":"","background-media":"","overlay-type":"","overlay-color":"","overlay-opacity":"","overlay-gradient":""},"mobile":{"background-color":"","background-image":"","background-repeat":"repeat","background-position":"center center","background-size":"auto","background-attachment":"scroll","background-type":"","background-media":"","overlay-type":"","overlay-color":"","overlay-opacity":"","overlay-gradient":""}},"ast-content-background-meta":{"desktop":{"background-color":"var(--ast-global-color-4)","background-image":"","background-repeat":"repeat","background-position":"center center","background-size":"auto","background-attachment":"scroll","background-type":"","background-media":"","overlay-type":"","overlay-color":"","overlay-opacity":"","overlay-gradient":""},"tablet":{"background-color":"var(--ast-global-color-4)","background-image":"","background-repeat":"repeat","background-position":"center center","background-size":"auto","background-attachment":"scroll","background-type":"","background-media":"","overlay-type":"","overlay-color":"","overlay-opacity":"","overlay-gradient":""},"mobile":{"background-color":"var(--ast-global-color-4)","background-image":"","background-repeat":"repeat","background-position":"center center","background-size":"auto","background-attachment":"scroll","background-type":"","background-media":"","overlay-type":"","overlay-color":"","overlay-opacity":"","overlay-gradient":""}}},"product_brand":[],"product_cat":[165],"product_tag":[],"class_list":{"0":"post-9617","1":"product","2":"type-product","3":"status-publish","4":"has-post-thumbnail","6":"product_cat-religija-filosofija-ir-ezoterika","7":"desktop-align-left","8":"tablet-align-left","9":"mobile-align-left","11":"first","12":"instock","13":"shipping-taxable","14":"purchasable","15":"product-type-simple"},"acf":[],"yoast_head":"<!-- This site is optimized with the Yoast SEO plugin v27.4 - https:\/\/yoast.com\/product\/yoast-seo-wordpress\/ -->\n<title>Antanas Maceina \u201eReligijos filosofija\u201c - Skaitytaknyga<\/title>\n<meta name=\"description\" content=\"Religijos filosofija (I dalis) veikale Maceina vengia scholastikos pramint\u0173 tak\u0173, Dievo buvimo bei jo apib\u016bdinimo problem\u0105 palikdamas kitiems, o savo svarstymus prad\u0117damas ten, kur jie baigia. Tuo pa\u010diu jisai nepakli\u016bva \u012f nat\u016braliosios teologijos aklaviet\u0119, Dievo supratimui skirdamas ma\u017edaug du tre\u010ddalius savo veikalo puslapi\u0173. Maceinos Dievas anaiptol nepuola ligi \u017emogi\u0161kom silpnyb\u0117m pa\u017eenklinto mechaniko. Ta\u010diau \u010dia ir susiduriame su pa\u010diu pagrindiniu klausimu, kur\u012f turime atsakyti, Maceinos veikal\u0105 bevertindami. Atmet\u0119s Dievo metafizik\u0105 ir pasirink\u0119s Dievo ontologijos keli\u0105, ar Maceina i\u0161 viso gali apie Diev\u0105 kalb\u0117ti? Ar jam lieka \u017eod\u017ei\u0173, sakini\u0173 Dievui atskleisti? Kad Maceina netyli ir neprasiver\u017eia mistin\u0117mis giesm\u0117mis, kaip kartais sakoma apie Tom\u0105, ar tai n\u0117ra \u017eenklas, kad jis pasilieka metafizikos plotm\u0117je?\" \/>\n<meta name=\"robots\" content=\"index, follow, max-snippet:-1, max-image-preview:large, max-video-preview:-1\" \/>\n<link rel=\"canonical\" href=\"https:\/\/skaitytaknyga.lt\/en\/produktas\/antanas-maceina-religijos-filosofija\/\" \/>\n<meta property=\"og:locale\" content=\"en_GB\" \/>\n<meta property=\"og:locale:alternate\" content=\"lt_LT\" \/>\n<meta property=\"og:type\" content=\"article\" \/>\n<meta property=\"og:title\" content=\"Antanas Maceina \u201eReligijos filosofija\u201c - Skaitytaknyga\" \/>\n<meta property=\"og:description\" content=\"Religijos filosofija (I dalis) veikale Maceina vengia scholastikos pramint\u0173 tak\u0173, Dievo buvimo bei jo apib\u016bdinimo problem\u0105 palikdamas kitiems, o savo svarstymus prad\u0117damas ten, kur jie baigia. Tuo pa\u010diu jisai nepakli\u016bva \u012f nat\u016braliosios teologijos aklaviet\u0119, Dievo supratimui skirdamas ma\u017edaug du tre\u010ddalius savo veikalo puslapi\u0173. Maceinos Dievas anaiptol nepuola ligi \u017emogi\u0161kom silpnyb\u0117m pa\u017eenklinto mechaniko. Ta\u010diau \u010dia ir susiduriame su pa\u010diu pagrindiniu klausimu, kur\u012f turime atsakyti, Maceinos veikal\u0105 bevertindami. Atmet\u0119s Dievo metafizik\u0105 ir pasirink\u0119s Dievo ontologijos keli\u0105, ar Maceina i\u0161 viso gali apie Diev\u0105 kalb\u0117ti? Ar jam lieka \u017eod\u017ei\u0173, sakini\u0173 Dievui atskleisti? Kad Maceina netyli ir neprasiver\u017eia mistin\u0117mis giesm\u0117mis, kaip kartais sakoma apie Tom\u0105, ar tai n\u0117ra \u017eenklas, kad jis pasilieka metafizikos plotm\u0117je?\" \/>\n<meta property=\"og:url\" content=\"https:\/\/skaitytaknyga.lt\/en\/produktas\/antanas-maceina-religijos-filosofija\/\" \/>\n<meta property=\"og:site_name\" content=\"Skaitytaknyga\" \/>\n<meta property=\"article:publisher\" content=\"https:\/\/www.facebook.com\/skaitytaknyga\/\" \/>\n<meta property=\"article:modified_time\" content=\"2024-05-04T17:54:01+00:00\" \/>\n<meta property=\"og:image\" content=\"https:\/\/skaitytaknyga.lt\/wp-content\/uploads\/2024\/05\/1462884593_img0026-001.jpg\" \/>\n\t<meta property=\"og:image:width\" content=\"275\" \/>\n\t<meta property=\"og:image:height\" content=\"430\" \/>\n\t<meta property=\"og:image:type\" content=\"image\/jpeg\" \/>\n<meta name=\"twitter:card\" content=\"summary_large_image\" \/>\n<meta name=\"twitter:label1\" content=\"Estimated reading time\" \/>\n\t<meta name=\"twitter:data1\" content=\"1 minute\" \/>\n<script type=\"application\/ld+json\" class=\"yoast-schema-graph\">{\"@context\":\"https:\\\/\\\/schema.org\",\"@graph\":[{\"@type\":\"WebPage\",\"@id\":\"https:\\\/\\\/skaitytaknyga.lt\\\/produktas\\\/antanas-maceina-religijos-filosofija\\\/\",\"url\":\"https:\\\/\\\/skaitytaknyga.lt\\\/produktas\\\/antanas-maceina-religijos-filosofija\\\/\",\"name\":\"Antanas Maceina \u201eReligijos filosofija\u201c - Skaitytaknyga\",\"isPartOf\":{\"@id\":\"https:\\\/\\\/skaitytaknyga.lt\\\/#website\"},\"primaryImageOfPage\":{\"@id\":\"https:\\\/\\\/skaitytaknyga.lt\\\/produktas\\\/antanas-maceina-religijos-filosofija\\\/#primaryimage\"},\"image\":{\"@id\":\"https:\\\/\\\/skaitytaknyga.lt\\\/produktas\\\/antanas-maceina-religijos-filosofija\\\/#primaryimage\"},\"thumbnailUrl\":\"https:\\\/\\\/skaitytaknyga.lt\\\/wp-content\\\/uploads\\\/2024\\\/05\\\/1462884593_img0026-001.jpg\",\"datePublished\":\"2024-05-04T17:53:25+00:00\",\"dateModified\":\"2024-05-04T17:54:01+00:00\",\"description\":\"Religijos filosofija (I dalis) veikale Maceina vengia scholastikos pramint\u0173 tak\u0173, Dievo buvimo bei jo apib\u016bdinimo problem\u0105 palikdamas kitiems, o savo svarstymus prad\u0117damas ten, kur jie baigia. Tuo pa\u010diu jisai nepakli\u016bva \u012f nat\u016braliosios teologijos aklaviet\u0119, Dievo supratimui skirdamas ma\u017edaug du tre\u010ddalius savo veikalo puslapi\u0173. Maceinos Dievas anaiptol nepuola ligi \u017emogi\u0161kom silpnyb\u0117m pa\u017eenklinto mechaniko. Ta\u010diau \u010dia ir susiduriame su pa\u010diu pagrindiniu klausimu, kur\u012f turime atsakyti, Maceinos veikal\u0105 bevertindami. Atmet\u0119s Dievo metafizik\u0105 ir pasirink\u0119s Dievo ontologijos keli\u0105, ar Maceina i\u0161 viso gali apie Diev\u0105 kalb\u0117ti? Ar jam lieka \u017eod\u017ei\u0173, sakini\u0173 Dievui atskleisti? Kad Maceina netyli ir neprasiver\u017eia mistin\u0117mis giesm\u0117mis, kaip kartais sakoma apie Tom\u0105, ar tai n\u0117ra \u017eenklas, kad jis pasilieka metafizikos plotm\u0117je?\",\"breadcrumb\":{\"@id\":\"https:\\\/\\\/skaitytaknyga.lt\\\/produktas\\\/antanas-maceina-religijos-filosofija\\\/#breadcrumb\"},\"inLanguage\":\"en-GB\",\"potentialAction\":[{\"@type\":\"ReadAction\",\"target\":[\"https:\\\/\\\/skaitytaknyga.lt\\\/produktas\\\/antanas-maceina-religijos-filosofija\\\/\"]}]},{\"@type\":\"ImageObject\",\"inLanguage\":\"en-GB\",\"@id\":\"https:\\\/\\\/skaitytaknyga.lt\\\/produktas\\\/antanas-maceina-religijos-filosofija\\\/#primaryimage\",\"url\":\"https:\\\/\\\/skaitytaknyga.lt\\\/wp-content\\\/uploads\\\/2024\\\/05\\\/1462884593_img0026-001.jpg\",\"contentUrl\":\"https:\\\/\\\/skaitytaknyga.lt\\\/wp-content\\\/uploads\\\/2024\\\/05\\\/1462884593_img0026-001.jpg\",\"width\":275,\"height\":430},{\"@type\":\"BreadcrumbList\",\"@id\":\"https:\\\/\\\/skaitytaknyga.lt\\\/produktas\\\/antanas-maceina-religijos-filosofija\\\/#breadcrumb\",\"itemListElement\":[{\"@type\":\"ListItem\",\"position\":1,\"name\":\"Home\",\"item\":\"https:\\\/\\\/skaitytaknyga.lt\\\/\"},{\"@type\":\"ListItem\",\"position\":2,\"name\":\"Parduotuv\u0117\",\"item\":\"https:\\\/\\\/skaitytaknyga.lt\\\/knygu-parduotuve\\\/\"},{\"@type\":\"ListItem\",\"position\":3,\"name\":\"Antanas Maceina \u201eReligijos filosofija\u201c\"}]},{\"@type\":\"WebSite\",\"@id\":\"https:\\\/\\\/skaitytaknyga.lt\\\/#website\",\"url\":\"https:\\\/\\\/skaitytaknyga.lt\\\/\",\"name\":\"skaitytaknyga.lt\",\"description\":\"Skaitytaknyga.lt \u2013 tai ma\u017eas \u0161eimos verslas, kuris prasid\u0117jo nuo meil\u0117s knygoms ir siekio i\u0161gelb\u0117ti knygas nuo likimo prie konteinerio. Kas vienam nereikalingas daiktas \u2013 kitam lobis, o mes esame tarpininkai, kurie padeda abiems tapti laimingesniems ???? \u017dinome kaip nelengva i\u0161gyventi ma\u017eiems verslams, tad nuo \u0161iol, \u010dia rasite ir kit\u0173, ma\u017e\u0173 \u0161eim\u0173 versl\u0173, rank\u0173 darbo, dovan\u0173 sau ir artimiesiems.\",\"publisher\":{\"@id\":\"https:\\\/\\\/skaitytaknyga.lt\\\/#organization\"},\"potentialAction\":[{\"@type\":\"SearchAction\",\"target\":{\"@type\":\"EntryPoint\",\"urlTemplate\":\"https:\\\/\\\/skaitytaknyga.lt\\\/?s={search_term_string}\"},\"query-input\":{\"@type\":\"PropertyValueSpecification\",\"valueRequired\":true,\"valueName\":\"search_term_string\"}}],\"inLanguage\":\"en-GB\"},{\"@type\":\"Organization\",\"@id\":\"https:\\\/\\\/skaitytaknyga.lt\\\/#organization\",\"name\":\"skaitytaknyga.lt\",\"url\":\"https:\\\/\\\/skaitytaknyga.lt\\\/\",\"logo\":{\"@type\":\"ImageObject\",\"inLanguage\":\"en-GB\",\"@id\":\"https:\\\/\\\/skaitytaknyga.lt\\\/#\\\/schema\\\/logo\\\/image\\\/\",\"url\":\"https:\\\/\\\/skaitytaknyga.lt\\\/wp-content\\\/uploads\\\/2024\\\/05\\\/cropped-cropped-cropped-02_00843_jt3bggkj1j3HLc7SyY6rEUpg.jpeg\",\"contentUrl\":\"https:\\\/\\\/skaitytaknyga.lt\\\/wp-content\\\/uploads\\\/2024\\\/05\\\/cropped-cropped-cropped-02_00843_jt3bggkj1j3HLc7SyY6rEUpg.jpeg\",\"width\":1600,\"height\":1600,\"caption\":\"skaitytaknyga.lt\"},\"image\":{\"@id\":\"https:\\\/\\\/skaitytaknyga.lt\\\/#\\\/schema\\\/logo\\\/image\\\/\"},\"sameAs\":[\"https:\\\/\\\/www.facebook.com\\\/skaitytaknyga\\\/\"]}]}<\/script>\n<!-- \/ Yoast SEO plugin. -->","yoast_head_json":{"title":"Antanas Maceina \u201eReligijos filosofija\u201c - Skaitytaknyga","description":"Religijos filosofija (I dalis) veikale Maceina vengia scholastikos pramint\u0173 tak\u0173, Dievo buvimo bei jo apib\u016bdinimo problem\u0105 palikdamas kitiems, o savo svarstymus prad\u0117damas ten, kur jie baigia. Tuo pa\u010diu jisai nepakli\u016bva \u012f nat\u016braliosios teologijos aklaviet\u0119, Dievo supratimui skirdamas ma\u017edaug du tre\u010ddalius savo veikalo puslapi\u0173. Maceinos Dievas anaiptol nepuola ligi \u017emogi\u0161kom silpnyb\u0117m pa\u017eenklinto mechaniko. Ta\u010diau \u010dia ir susiduriame su pa\u010diu pagrindiniu klausimu, kur\u012f turime atsakyti, Maceinos veikal\u0105 bevertindami. Atmet\u0119s Dievo metafizik\u0105 ir pasirink\u0119s Dievo ontologijos keli\u0105, ar Maceina i\u0161 viso gali apie Diev\u0105 kalb\u0117ti? Ar jam lieka \u017eod\u017ei\u0173, sakini\u0173 Dievui atskleisti? Kad Maceina netyli ir neprasiver\u017eia mistin\u0117mis giesm\u0117mis, kaip kartais sakoma apie Tom\u0105, ar tai n\u0117ra \u017eenklas, kad jis pasilieka metafizikos plotm\u0117je?","robots":{"index":"index","follow":"follow","max-snippet":"max-snippet:-1","max-image-preview":"max-image-preview:large","max-video-preview":"max-video-preview:-1"},"canonical":"https:\/\/skaitytaknyga.lt\/en\/produktas\/antanas-maceina-religijos-filosofija\/","og_locale":"en_GB","og_type":"article","og_title":"Antanas Maceina \u201eReligijos filosofija\u201c - Skaitytaknyga","og_description":"Religijos filosofija (I dalis) veikale Maceina vengia scholastikos pramint\u0173 tak\u0173, Dievo buvimo bei jo apib\u016bdinimo problem\u0105 palikdamas kitiems, o savo svarstymus prad\u0117damas ten, kur jie baigia. Tuo pa\u010diu jisai nepakli\u016bva \u012f nat\u016braliosios teologijos aklaviet\u0119, Dievo supratimui skirdamas ma\u017edaug du tre\u010ddalius savo veikalo puslapi\u0173. Maceinos Dievas anaiptol nepuola ligi \u017emogi\u0161kom silpnyb\u0117m pa\u017eenklinto mechaniko. Ta\u010diau \u010dia ir susiduriame su pa\u010diu pagrindiniu klausimu, kur\u012f turime atsakyti, Maceinos veikal\u0105 bevertindami. Atmet\u0119s Dievo metafizik\u0105 ir pasirink\u0119s Dievo ontologijos keli\u0105, ar Maceina i\u0161 viso gali apie Diev\u0105 kalb\u0117ti? Ar jam lieka \u017eod\u017ei\u0173, sakini\u0173 Dievui atskleisti? Kad Maceina netyli ir neprasiver\u017eia mistin\u0117mis giesm\u0117mis, kaip kartais sakoma apie Tom\u0105, ar tai n\u0117ra \u017eenklas, kad jis pasilieka metafizikos plotm\u0117je?","og_url":"https:\/\/skaitytaknyga.lt\/en\/produktas\/antanas-maceina-religijos-filosofija\/","og_site_name":"Skaitytaknyga","article_publisher":"https:\/\/www.facebook.com\/skaitytaknyga\/","article_modified_time":"2024-05-04T17:54:01+00:00","og_image":[{"width":275,"height":430,"url":"https:\/\/skaitytaknyga.lt\/wp-content\/uploads\/2024\/05\/1462884593_img0026-001.jpg","type":"image\/jpeg"}],"twitter_card":"summary_large_image","twitter_misc":{"Estimated reading time":"1 minute"},"schema":{"@context":"https:\/\/schema.org","@graph":[{"@type":"WebPage","@id":"https:\/\/skaitytaknyga.lt\/produktas\/antanas-maceina-religijos-filosofija\/","url":"https:\/\/skaitytaknyga.lt\/produktas\/antanas-maceina-religijos-filosofija\/","name":"Antanas Maceina \u201eReligijos filosofija\u201c - Skaitytaknyga","isPartOf":{"@id":"https:\/\/skaitytaknyga.lt\/#website"},"primaryImageOfPage":{"@id":"https:\/\/skaitytaknyga.lt\/produktas\/antanas-maceina-religijos-filosofija\/#primaryimage"},"image":{"@id":"https:\/\/skaitytaknyga.lt\/produktas\/antanas-maceina-religijos-filosofija\/#primaryimage"},"thumbnailUrl":"https:\/\/skaitytaknyga.lt\/wp-content\/uploads\/2024\/05\/1462884593_img0026-001.jpg","datePublished":"2024-05-04T17:53:25+00:00","dateModified":"2024-05-04T17:54:01+00:00","description":"Religijos filosofija (I dalis) veikale Maceina vengia scholastikos pramint\u0173 tak\u0173, Dievo buvimo bei jo apib\u016bdinimo problem\u0105 palikdamas kitiems, o savo svarstymus prad\u0117damas ten, kur jie baigia. Tuo pa\u010diu jisai nepakli\u016bva \u012f nat\u016braliosios teologijos aklaviet\u0119, Dievo supratimui skirdamas ma\u017edaug du tre\u010ddalius savo veikalo puslapi\u0173. Maceinos Dievas anaiptol nepuola ligi \u017emogi\u0161kom silpnyb\u0117m pa\u017eenklinto mechaniko. Ta\u010diau \u010dia ir susiduriame su pa\u010diu pagrindiniu klausimu, kur\u012f turime atsakyti, Maceinos veikal\u0105 bevertindami. Atmet\u0119s Dievo metafizik\u0105 ir pasirink\u0119s Dievo ontologijos keli\u0105, ar Maceina i\u0161 viso gali apie Diev\u0105 kalb\u0117ti? Ar jam lieka \u017eod\u017ei\u0173, sakini\u0173 Dievui atskleisti? Kad Maceina netyli ir neprasiver\u017eia mistin\u0117mis giesm\u0117mis, kaip kartais sakoma apie Tom\u0105, ar tai n\u0117ra \u017eenklas, kad jis pasilieka metafizikos plotm\u0117je?","breadcrumb":{"@id":"https:\/\/skaitytaknyga.lt\/produktas\/antanas-maceina-religijos-filosofija\/#breadcrumb"},"inLanguage":"en-GB","potentialAction":[{"@type":"ReadAction","target":["https:\/\/skaitytaknyga.lt\/produktas\/antanas-maceina-religijos-filosofija\/"]}]},{"@type":"ImageObject","inLanguage":"en-GB","@id":"https:\/\/skaitytaknyga.lt\/produktas\/antanas-maceina-religijos-filosofija\/#primaryimage","url":"https:\/\/skaitytaknyga.lt\/wp-content\/uploads\/2024\/05\/1462884593_img0026-001.jpg","contentUrl":"https:\/\/skaitytaknyga.lt\/wp-content\/uploads\/2024\/05\/1462884593_img0026-001.jpg","width":275,"height":430},{"@type":"BreadcrumbList","@id":"https:\/\/skaitytaknyga.lt\/produktas\/antanas-maceina-religijos-filosofija\/#breadcrumb","itemListElement":[{"@type":"ListItem","position":1,"name":"Home","item":"https:\/\/skaitytaknyga.lt\/"},{"@type":"ListItem","position":2,"name":"Parduotuv\u0117","item":"https:\/\/skaitytaknyga.lt\/knygu-parduotuve\/"},{"@type":"ListItem","position":3,"name":"Antanas Maceina \u201eReligijos filosofija\u201c"}]},{"@type":"WebSite","@id":"https:\/\/skaitytaknyga.lt\/#website","url":"https:\/\/skaitytaknyga.lt\/","name":"skaitytaknyga.lt","description":"Skaitytaknyga.lt \u2013 tai ma\u017eas \u0161eimos verslas, kuris prasid\u0117jo nuo meil\u0117s knygoms ir siekio i\u0161gelb\u0117ti knygas nuo likimo prie konteinerio. Kas vienam nereikalingas daiktas \u2013 kitam lobis, o mes esame tarpininkai, kurie padeda abiems tapti laimingesniems ???? \u017dinome kaip nelengva i\u0161gyventi ma\u017eiems verslams, tad nuo \u0161iol, \u010dia rasite ir kit\u0173, ma\u017e\u0173 \u0161eim\u0173 versl\u0173, rank\u0173 darbo, dovan\u0173 sau ir artimiesiems.","publisher":{"@id":"https:\/\/skaitytaknyga.lt\/#organization"},"potentialAction":[{"@type":"SearchAction","target":{"@type":"EntryPoint","urlTemplate":"https:\/\/skaitytaknyga.lt\/?s={search_term_string}"},"query-input":{"@type":"PropertyValueSpecification","valueRequired":true,"valueName":"search_term_string"}}],"inLanguage":"en-GB"},{"@type":"Organization","@id":"https:\/\/skaitytaknyga.lt\/#organization","name":"skaitytaknyga.lt","url":"https:\/\/skaitytaknyga.lt\/","logo":{"@type":"ImageObject","inLanguage":"en-GB","@id":"https:\/\/skaitytaknyga.lt\/#\/schema\/logo\/image\/","url":"https:\/\/skaitytaknyga.lt\/wp-content\/uploads\/2024\/05\/cropped-cropped-cropped-02_00843_jt3bggkj1j3HLc7SyY6rEUpg.jpeg","contentUrl":"https:\/\/skaitytaknyga.lt\/wp-content\/uploads\/2024\/05\/cropped-cropped-cropped-02_00843_jt3bggkj1j3HLc7SyY6rEUpg.jpeg","width":1600,"height":1600,"caption":"skaitytaknyga.lt"},"image":{"@id":"https:\/\/skaitytaknyga.lt\/#\/schema\/logo\/image\/"},"sameAs":["https:\/\/www.facebook.com\/skaitytaknyga\/"]}]}},"_links":{"self":[{"href":"https:\/\/skaitytaknyga.lt\/en\/wp-json\/wp\/v2\/product\/9617","targetHints":{"allow":["GET"]}}],"collection":[{"href":"https:\/\/skaitytaknyga.lt\/en\/wp-json\/wp\/v2\/product"}],"about":[{"href":"https:\/\/skaitytaknyga.lt\/en\/wp-json\/wp\/v2\/types\/product"}],"replies":[{"embeddable":true,"href":"https:\/\/skaitytaknyga.lt\/en\/wp-json\/wp\/v2\/comments?post=9617"}],"wp:featuredmedia":[{"embeddable":true,"href":"https:\/\/skaitytaknyga.lt\/en\/wp-json\/wp\/v2\/media\/9648"}],"wp:attachment":[{"href":"https:\/\/skaitytaknyga.lt\/en\/wp-json\/wp\/v2\/media?parent=9617"}],"wp:term":[{"taxonomy":"product_brand","embeddable":true,"href":"https:\/\/skaitytaknyga.lt\/en\/wp-json\/wp\/v2\/product_brand?post=9617"},{"taxonomy":"product_cat","embeddable":true,"href":"https:\/\/skaitytaknyga.lt\/en\/wp-json\/wp\/v2\/product_cat?post=9617"},{"taxonomy":"product_tag","embeddable":true,"href":"https:\/\/skaitytaknyga.lt\/en\/wp-json\/wp\/v2\/product_tag?post=9617"}],"curies":[{"name":"wp","href":"https:\/\/api.w.org\/{rel}","templated":true}]}}