{"id":9616,"date":"2024-05-04T17:53:25","date_gmt":"2024-05-04T17:53:25","guid":{"rendered":"https:\/\/skaitytaknyga.lt\/?post_type=product&#038;p=9616"},"modified":"2024-10-29T21:41:43","modified_gmt":"2024-10-29T19:41:43","slug":"vilhelmas-haufas-saltoji-sirdis-pasitryne-kampai-ir-krasteliai","status":"publish","type":"product","link":"https:\/\/skaitytaknyga.lt\/en\/produktas\/vilhelmas-haufas-saltoji-sirdis-pasitryne-kampai-ir-krasteliai\/","title":{"rendered":"Vilhelmas Haufas \u201e\u0160altoji \u0161irdis\u201c (pasitryn\u0119 kampai ir kra\u0161teliai)"},"content":{"rendered":"<p>Vilhelmas Haufas iki \u0161iol jaudina skaitytoj\u0173 \u0161irdis. Jis suk\u016br\u0117 savit\u0105 pasaul\u012f, kuriame d\u017eiaugsmingai lankosi viso pasaulio vaikai. Jie myli autori\u0173 u\u017e tai, kad jo pasaka taip \u0161velniai pinasi su tiesa, jog da\u017enai nesuprasi, kas tai \u2013 pasaka ar tikrov\u0117? Viena i\u0161 jo pasak\u0173 tikrovi\u0161kumo paslap\u010di\u0173 \u2013 autoriaus ir herojaus artumas.<\/p>\n<p>Pats Haufas ra\u0161\u0117: \u201eMes tuose pasakojimuose gyvenome, mes kartu su tais \u017emon\u0117mis m\u0105st\u0117me ir jaut\u0117me&#8230; Pasaka mums tapo tikrove, tikrov\u0117 \u2013 pasaka, nes mes k\u016br\u0117me ir gyvenome pasakoje\u201c. Prisiminkite, kaip smulkiai jis apra\u0161o kalifo virtim\u0105 gandru (\u201ePasakojimas apie Kalif\u0105 gandr\u0105\u201c), arba scen\u0105, kai \u017emogui gr\u0105\u017einama jo tikroji \u0161irdis (\u201e\u0160altoji \u0161irdis\u201c), ir patik\u0117site stebuklu \u2013 visa taip \u012ftikinama.<\/p>\n","protected":false},"excerpt":{"rendered":"<p>Vilhelmas Haufas iki \u0161iol jaudina skaitytoj\u0173 \u0161irdis. Jis suk\u016br\u0117 savit\u0105 pasaul\u012f, kuriame d\u017eiaugsmingai lankosi viso pasaulio vaikai. Jie myli autori\u0173 u\u017e tai, kad jo pasaka taip \u0161velniai pinasi su tiesa, jog da\u017enai nesuprasi, kas tai \u2013 pasaka ar tikrov\u0117? Viena i\u0161 jo pasak\u0173 tikrovi\u0161kumo paslap\u010di\u0173 \u2013 autoriaus ir herojaus artumas.<\/p>\n<p>Pats Haufas ra\u0161\u0117: \u201eMes tuose pasakojimuose gyvenome, mes kartu su tais \u017emon\u0117mis m\u0105st\u0117me ir jaut\u0117me&#8230; Pasaka mums tapo tikrove, tikrov\u0117 \u2013 pasaka, nes mes k\u016br\u0117me ir gyvenome pasakoje\u201c. Prisiminkite, kaip smulkiai jis apra\u0161o kalifo virtim\u0105 gandru (\u201ePasakojimas apie Kalif\u0105 gandr\u0105\u201c), arba scen\u0105, kai \u017emogui gr\u0105\u017einama jo tikroji \u0161irdis (\u201e\u0160altoji \u0161irdis\u201c), ir patik\u0117site stebuklu \u2013 visa taip \u012ftikinama.<\/p>\n","protected":false},"featured_media":9647,"comment_status":"closed","ping_status":"closed","template":"","meta":{"_acf_changed":false,"site-sidebar-layout":"default","site-content-layout":"","ast-site-content-layout":"default","site-content-style":"default","site-sidebar-style":"default","ast-global-header-display":"","ast-banner-title-visibility":"","ast-main-header-display":"","ast-hfb-above-header-display":"","ast-hfb-below-header-display":"","ast-hfb-mobile-header-display":"","site-post-title":"","ast-breadcrumbs-content":"","ast-featured-img":"","footer-sml-layout":"","ast-disable-related-posts":"","theme-transparent-header-meta":"","adv-header-id-meta":"","stick-header-meta":"","header-above-stick-meta":"","header-main-stick-meta":"","header-below-stick-meta":"","astra-migrate-meta-layouts":"default","ast-page-background-enabled":"default","ast-page-background-meta":{"desktop":{"background-color":"","background-image":"","background-repeat":"repeat","background-position":"center center","background-size":"auto","background-attachment":"scroll","background-type":"","background-media":"","overlay-type":"","overlay-color":"","overlay-opacity":"","overlay-gradient":""},"tablet":{"background-color":"","background-image":"","background-repeat":"repeat","background-position":"center center","background-size":"auto","background-attachment":"scroll","background-type":"","background-media":"","overlay-type":"","overlay-color":"","overlay-opacity":"","overlay-gradient":""},"mobile":{"background-color":"","background-image":"","background-repeat":"repeat","background-position":"center center","background-size":"auto","background-attachment":"scroll","background-type":"","background-media":"","overlay-type":"","overlay-color":"","overlay-opacity":"","overlay-gradient":""}},"ast-content-background-meta":{"desktop":{"background-color":"var(--ast-global-color-4)","background-image":"","background-repeat":"repeat","background-position":"center center","background-size":"auto","background-attachment":"scroll","background-type":"","background-media":"","overlay-type":"","overlay-color":"","overlay-opacity":"","overlay-gradient":""},"tablet":{"background-color":"var(--ast-global-color-4)","background-image":"","background-repeat":"repeat","background-position":"center center","background-size":"auto","background-attachment":"scroll","background-type":"","background-media":"","overlay-type":"","overlay-color":"","overlay-opacity":"","overlay-gradient":""},"mobile":{"background-color":"var(--ast-global-color-4)","background-image":"","background-repeat":"repeat","background-position":"center center","background-size":"auto","background-attachment":"scroll","background-type":"","background-media":"","overlay-type":"","overlay-color":"","overlay-opacity":"","overlay-gradient":""}}},"product_brand":[],"product_cat":[35],"product_tag":[434],"class_list":{"0":"post-9616","1":"product","2":"type-product","3":"status-publish","4":"has-post-thumbnail","6":"product_cat-vaikams-ir-paaugliams","7":"product_tag-pasaulio-pasakos","8":"desktop-align-left","9":"tablet-align-left","10":"mobile-align-left","12":"first","13":"instock","14":"shipping-taxable","15":"purchasable","16":"product-type-simple"},"acf":[],"yoast_head":"<!-- This site is optimized with the Yoast SEO plugin v27.0 - https:\/\/yoast.com\/product\/yoast-seo-wordpress\/ -->\n<title>Vilhelmas Haufas \u201e\u0160altoji \u0161irdis\u201c (pasitryn\u0119 kampai ir kra\u0161teliai) - Skaitytaknyga<\/title>\n<meta name=\"description\" content=\"Vilhelmas Haufas iki \u0161iol jaudina skaitytoj\u0173 \u0161irdis. Jis suk\u016br\u0117 savit\u0105 pasaul\u012f, kuriame d\u017eiaugsmingai lankosi viso pasaulio vaikai. Jie myli autori\u0173 u\u017e tai, kad jo pasaka taip \u0161velniai pinasi su tiesa, jog da\u017enai nesuprasi, kas tai \u2013 pasaka ar tikrov\u0117? Viena i\u0161 jo pasak\u0173 tikrovi\u0161kumo paslap\u010di\u0173 \u2013 autoriaus ir herojaus artumas.  Pats Haufas ra\u0161\u0117: \u201eMes tuose pasakojimuose gyvenome, mes kartu su tais \u017emon\u0117mis m\u0105st\u0117me ir jaut\u0117me... Pasaka mums tapo tikrove, tikrov\u0117 \u2013 pasaka, nes mes k\u016br\u0117me ir gyvenome pasakoje\u201c. Prisiminkite, kaip smulkiai jis apra\u0161o kalifo virtim\u0105 gandru (\u201ePasakojimas apie Kalif\u0105 gandr\u0105\u201c), arba scen\u0105, kai \u017emogui gr\u0105\u017einama jo tikroji \u0161irdis (\u201e\u0160altoji \u0161irdis\u201c), ir patik\u0117site stebuklu \u2013 visa taip \u012ftikinama.\" \/>\n<meta name=\"robots\" content=\"index, follow, max-snippet:-1, max-image-preview:large, max-video-preview:-1\" \/>\n<link rel=\"canonical\" href=\"https:\/\/skaitytaknyga.lt\/en\/produktas\/vilhelmas-haufas-saltoji-sirdis-pasitryne-kampai-ir-krasteliai\/\" \/>\n<meta property=\"og:locale\" content=\"en_GB\" \/>\n<meta property=\"og:locale:alternate\" content=\"lt_LT\" \/>\n<meta property=\"og:type\" content=\"article\" \/>\n<meta property=\"og:title\" content=\"Vilhelmas Haufas \u201e\u0160altoji \u0161irdis\u201c (pasitryn\u0119 kampai ir kra\u0161teliai) - Skaitytaknyga\" \/>\n<meta property=\"og:description\" content=\"Vilhelmas Haufas iki \u0161iol jaudina skaitytoj\u0173 \u0161irdis. Jis suk\u016br\u0117 savit\u0105 pasaul\u012f, kuriame d\u017eiaugsmingai lankosi viso pasaulio vaikai. Jie myli autori\u0173 u\u017e tai, kad jo pasaka taip \u0161velniai pinasi su tiesa, jog da\u017enai nesuprasi, kas tai \u2013 pasaka ar tikrov\u0117? Viena i\u0161 jo pasak\u0173 tikrovi\u0161kumo paslap\u010di\u0173 \u2013 autoriaus ir herojaus artumas.  Pats Haufas ra\u0161\u0117: \u201eMes tuose pasakojimuose gyvenome, mes kartu su tais \u017emon\u0117mis m\u0105st\u0117me ir jaut\u0117me... Pasaka mums tapo tikrove, tikrov\u0117 \u2013 pasaka, nes mes k\u016br\u0117me ir gyvenome pasakoje\u201c. Prisiminkite, kaip smulkiai jis apra\u0161o kalifo virtim\u0105 gandru (\u201ePasakojimas apie Kalif\u0105 gandr\u0105\u201c), arba scen\u0105, kai \u017emogui gr\u0105\u017einama jo tikroji \u0161irdis (\u201e\u0160altoji \u0161irdis\u201c), ir patik\u0117site stebuklu \u2013 visa taip \u012ftikinama.\" \/>\n<meta property=\"og:url\" content=\"https:\/\/skaitytaknyga.lt\/en\/produktas\/vilhelmas-haufas-saltoji-sirdis-pasitryne-kampai-ir-krasteliai\/\" \/>\n<meta property=\"og:site_name\" content=\"Skaitytaknyga\" \/>\n<meta property=\"article:publisher\" content=\"https:\/\/www.facebook.com\/skaitytaknyga\/\" \/>\n<meta property=\"article:modified_time\" content=\"2024-10-29T19:41:43+00:00\" \/>\n<meta property=\"og:image\" content=\"https:\/\/skaitytaknyga.lt\/wp-content\/uploads\/2024\/05\/1462890710_img0003-001.jpg\" \/>\n\t<meta property=\"og:image:width\" content=\"320\" \/>\n\t<meta property=\"og:image:height\" content=\"427\" \/>\n\t<meta property=\"og:image:type\" content=\"image\/jpeg\" \/>\n<meta name=\"twitter:card\" content=\"summary_large_image\" \/>\n<meta name=\"twitter:label1\" content=\"Estimated reading time\" \/>\n\t<meta name=\"twitter:data1\" content=\"1 minute\" \/>\n<script type=\"application\/ld+json\" class=\"yoast-schema-graph\">{\"@context\":\"https:\/\/schema.org\",\"@graph\":[{\"@type\":\"WebPage\",\"@id\":\"https:\/\/skaitytaknyga.lt\/produktas\/vilhelmas-haufas-saltoji-sirdis-pasitryne-kampai-ir-krasteliai\/\",\"url\":\"https:\/\/skaitytaknyga.lt\/produktas\/vilhelmas-haufas-saltoji-sirdis-pasitryne-kampai-ir-krasteliai\/\",\"name\":\"Vilhelmas Haufas \u201e\u0160altoji \u0161irdis\u201c (pasitryn\u0119 kampai ir kra\u0161teliai) - Skaitytaknyga\",\"isPartOf\":{\"@id\":\"https:\/\/skaitytaknyga.lt\/#website\"},\"primaryImageOfPage\":{\"@id\":\"https:\/\/skaitytaknyga.lt\/produktas\/vilhelmas-haufas-saltoji-sirdis-pasitryne-kampai-ir-krasteliai\/#primaryimage\"},\"image\":{\"@id\":\"https:\/\/skaitytaknyga.lt\/produktas\/vilhelmas-haufas-saltoji-sirdis-pasitryne-kampai-ir-krasteliai\/#primaryimage\"},\"thumbnailUrl\":\"https:\/\/skaitytaknyga.lt\/wp-content\/uploads\/2024\/05\/1462890710_img0003-001.jpg\",\"datePublished\":\"2024-05-04T17:53:25+00:00\",\"dateModified\":\"2024-10-29T19:41:43+00:00\",\"description\":\"Vilhelmas Haufas iki \u0161iol jaudina skaitytoj\u0173 \u0161irdis. Jis suk\u016br\u0117 savit\u0105 pasaul\u012f, kuriame d\u017eiaugsmingai lankosi viso pasaulio vaikai. Jie myli autori\u0173 u\u017e tai, kad jo pasaka taip \u0161velniai pinasi su tiesa, jog da\u017enai nesuprasi, kas tai \u2013 pasaka ar tikrov\u0117? Viena i\u0161 jo pasak\u0173 tikrovi\u0161kumo paslap\u010di\u0173 \u2013 autoriaus ir herojaus artumas. Pats Haufas ra\u0161\u0117: \u201eMes tuose pasakojimuose gyvenome, mes kartu su tais \u017emon\u0117mis m\u0105st\u0117me ir jaut\u0117me... Pasaka mums tapo tikrove, tikrov\u0117 \u2013 pasaka, nes mes k\u016br\u0117me ir gyvenome pasakoje\u201c. Prisiminkite, kaip smulkiai jis apra\u0161o kalifo virtim\u0105 gandru (\u201ePasakojimas apie Kalif\u0105 gandr\u0105\u201c), arba scen\u0105, kai \u017emogui gr\u0105\u017einama jo tikroji \u0161irdis (\u201e\u0160altoji \u0161irdis\u201c), ir patik\u0117site stebuklu \u2013 visa taip \u012ftikinama.\",\"breadcrumb\":{\"@id\":\"https:\/\/skaitytaknyga.lt\/produktas\/vilhelmas-haufas-saltoji-sirdis-pasitryne-kampai-ir-krasteliai\/#breadcrumb\"},\"inLanguage\":\"en-GB\",\"potentialAction\":[{\"@type\":\"ReadAction\",\"target\":[\"https:\/\/skaitytaknyga.lt\/produktas\/vilhelmas-haufas-saltoji-sirdis-pasitryne-kampai-ir-krasteliai\/\"]}]},{\"@type\":\"ImageObject\",\"inLanguage\":\"en-GB\",\"@id\":\"https:\/\/skaitytaknyga.lt\/produktas\/vilhelmas-haufas-saltoji-sirdis-pasitryne-kampai-ir-krasteliai\/#primaryimage\",\"url\":\"https:\/\/skaitytaknyga.lt\/wp-content\/uploads\/2024\/05\/1462890710_img0003-001.jpg\",\"contentUrl\":\"https:\/\/skaitytaknyga.lt\/wp-content\/uploads\/2024\/05\/1462890710_img0003-001.jpg\",\"width\":320,\"height\":427},{\"@type\":\"BreadcrumbList\",\"@id\":\"https:\/\/skaitytaknyga.lt\/produktas\/vilhelmas-haufas-saltoji-sirdis-pasitryne-kampai-ir-krasteliai\/#breadcrumb\",\"itemListElement\":[{\"@type\":\"ListItem\",\"position\":1,\"name\":\"Home\",\"item\":\"https:\/\/skaitytaknyga.lt\/\"},{\"@type\":\"ListItem\",\"position\":2,\"name\":\"Parduotuv\u0117\",\"item\":\"https:\/\/skaitytaknyga.lt\/knygu-parduotuve\/\"},{\"@type\":\"ListItem\",\"position\":3,\"name\":\"Vilhelmas Haufas \u201e\u0160altoji \u0161irdis\u201c (pasitryn\u0119 kampai ir kra\u0161teliai)\"}]},{\"@type\":\"WebSite\",\"@id\":\"https:\/\/skaitytaknyga.lt\/#website\",\"url\":\"https:\/\/skaitytaknyga.lt\/\",\"name\":\"skaitytaknyga.lt\",\"description\":\"Skaitytaknyga.lt \u2013 tai ma\u017eas \u0161eimos verslas, kuris prasid\u0117jo nuo meil\u0117s knygoms ir siekio i\u0161gelb\u0117ti knygas nuo likimo prie konteinerio. Kas vienam nereikalingas daiktas \u2013 kitam lobis, o mes esame tarpininkai, kurie padeda abiems tapti laimingesniems ???? \u017dinome kaip nelengva i\u0161gyventi ma\u017eiems verslams, tad nuo \u0161iol, \u010dia rasite ir kit\u0173, ma\u017e\u0173 \u0161eim\u0173 versl\u0173, rank\u0173 darbo, dovan\u0173 sau ir artimiesiems.\",\"publisher\":{\"@id\":\"https:\/\/skaitytaknyga.lt\/#organization\"},\"potentialAction\":[{\"@type\":\"SearchAction\",\"target\":{\"@type\":\"EntryPoint\",\"urlTemplate\":\"https:\/\/skaitytaknyga.lt\/?s={search_term_string}\"},\"query-input\":{\"@type\":\"PropertyValueSpecification\",\"valueRequired\":true,\"valueName\":\"search_term_string\"}}],\"inLanguage\":\"en-GB\"},{\"@type\":\"Organization\",\"@id\":\"https:\/\/skaitytaknyga.lt\/#organization\",\"name\":\"skaitytaknyga.lt\",\"url\":\"https:\/\/skaitytaknyga.lt\/\",\"logo\":{\"@type\":\"ImageObject\",\"inLanguage\":\"en-GB\",\"@id\":\"https:\/\/skaitytaknyga.lt\/#\/schema\/logo\/image\/\",\"url\":\"https:\/\/skaitytaknyga.lt\/wp-content\/uploads\/2024\/05\/cropped-cropped-cropped-02_00843_jt3bggkj1j3HLc7SyY6rEUpg.jpeg\",\"contentUrl\":\"https:\/\/skaitytaknyga.lt\/wp-content\/uploads\/2024\/05\/cropped-cropped-cropped-02_00843_jt3bggkj1j3HLc7SyY6rEUpg.jpeg\",\"width\":1600,\"height\":1600,\"caption\":\"skaitytaknyga.lt\"},\"image\":{\"@id\":\"https:\/\/skaitytaknyga.lt\/#\/schema\/logo\/image\/\"},\"sameAs\":[\"https:\/\/www.facebook.com\/skaitytaknyga\/\"]}]}<\/script>\n<!-- \/ Yoast SEO plugin. -->","yoast_head_json":{"title":"Vilhelmas Haufas \u201e\u0160altoji \u0161irdis\u201c (pasitryn\u0119 kampai ir kra\u0161teliai) - Skaitytaknyga","description":"Vilhelmas Haufas iki \u0161iol jaudina skaitytoj\u0173 \u0161irdis. Jis suk\u016br\u0117 savit\u0105 pasaul\u012f, kuriame d\u017eiaugsmingai lankosi viso pasaulio vaikai. Jie myli autori\u0173 u\u017e tai, kad jo pasaka taip \u0161velniai pinasi su tiesa, jog da\u017enai nesuprasi, kas tai \u2013 pasaka ar tikrov\u0117? Viena i\u0161 jo pasak\u0173 tikrovi\u0161kumo paslap\u010di\u0173 \u2013 autoriaus ir herojaus artumas.  Pats Haufas ra\u0161\u0117: \u201eMes tuose pasakojimuose gyvenome, mes kartu su tais \u017emon\u0117mis m\u0105st\u0117me ir jaut\u0117me... Pasaka mums tapo tikrove, tikrov\u0117 \u2013 pasaka, nes mes k\u016br\u0117me ir gyvenome pasakoje\u201c. Prisiminkite, kaip smulkiai jis apra\u0161o kalifo virtim\u0105 gandru (\u201ePasakojimas apie Kalif\u0105 gandr\u0105\u201c), arba scen\u0105, kai \u017emogui gr\u0105\u017einama jo tikroji \u0161irdis (\u201e\u0160altoji \u0161irdis\u201c), ir patik\u0117site stebuklu \u2013 visa taip \u012ftikinama.","robots":{"index":"index","follow":"follow","max-snippet":"max-snippet:-1","max-image-preview":"max-image-preview:large","max-video-preview":"max-video-preview:-1"},"canonical":"https:\/\/skaitytaknyga.lt\/en\/produktas\/vilhelmas-haufas-saltoji-sirdis-pasitryne-kampai-ir-krasteliai\/","og_locale":"en_GB","og_type":"article","og_title":"Vilhelmas Haufas \u201e\u0160altoji \u0161irdis\u201c (pasitryn\u0119 kampai ir kra\u0161teliai) - Skaitytaknyga","og_description":"Vilhelmas Haufas iki \u0161iol jaudina skaitytoj\u0173 \u0161irdis. Jis suk\u016br\u0117 savit\u0105 pasaul\u012f, kuriame d\u017eiaugsmingai lankosi viso pasaulio vaikai. Jie myli autori\u0173 u\u017e tai, kad jo pasaka taip \u0161velniai pinasi su tiesa, jog da\u017enai nesuprasi, kas tai \u2013 pasaka ar tikrov\u0117? Viena i\u0161 jo pasak\u0173 tikrovi\u0161kumo paslap\u010di\u0173 \u2013 autoriaus ir herojaus artumas.  Pats Haufas ra\u0161\u0117: \u201eMes tuose pasakojimuose gyvenome, mes kartu su tais \u017emon\u0117mis m\u0105st\u0117me ir jaut\u0117me... Pasaka mums tapo tikrove, tikrov\u0117 \u2013 pasaka, nes mes k\u016br\u0117me ir gyvenome pasakoje\u201c. Prisiminkite, kaip smulkiai jis apra\u0161o kalifo virtim\u0105 gandru (\u201ePasakojimas apie Kalif\u0105 gandr\u0105\u201c), arba scen\u0105, kai \u017emogui gr\u0105\u017einama jo tikroji \u0161irdis (\u201e\u0160altoji \u0161irdis\u201c), ir patik\u0117site stebuklu \u2013 visa taip \u012ftikinama.","og_url":"https:\/\/skaitytaknyga.lt\/en\/produktas\/vilhelmas-haufas-saltoji-sirdis-pasitryne-kampai-ir-krasteliai\/","og_site_name":"Skaitytaknyga","article_publisher":"https:\/\/www.facebook.com\/skaitytaknyga\/","article_modified_time":"2024-10-29T19:41:43+00:00","og_image":[{"width":320,"height":427,"url":"https:\/\/skaitytaknyga.lt\/wp-content\/uploads\/2024\/05\/1462890710_img0003-001.jpg","type":"image\/jpeg"}],"twitter_card":"summary_large_image","twitter_misc":{"Estimated reading time":"1 minute"},"schema":{"@context":"https:\/\/schema.org","@graph":[{"@type":"WebPage","@id":"https:\/\/skaitytaknyga.lt\/produktas\/vilhelmas-haufas-saltoji-sirdis-pasitryne-kampai-ir-krasteliai\/","url":"https:\/\/skaitytaknyga.lt\/produktas\/vilhelmas-haufas-saltoji-sirdis-pasitryne-kampai-ir-krasteliai\/","name":"Vilhelmas Haufas \u201e\u0160altoji \u0161irdis\u201c (pasitryn\u0119 kampai ir kra\u0161teliai) - Skaitytaknyga","isPartOf":{"@id":"https:\/\/skaitytaknyga.lt\/#website"},"primaryImageOfPage":{"@id":"https:\/\/skaitytaknyga.lt\/produktas\/vilhelmas-haufas-saltoji-sirdis-pasitryne-kampai-ir-krasteliai\/#primaryimage"},"image":{"@id":"https:\/\/skaitytaknyga.lt\/produktas\/vilhelmas-haufas-saltoji-sirdis-pasitryne-kampai-ir-krasteliai\/#primaryimage"},"thumbnailUrl":"https:\/\/skaitytaknyga.lt\/wp-content\/uploads\/2024\/05\/1462890710_img0003-001.jpg","datePublished":"2024-05-04T17:53:25+00:00","dateModified":"2024-10-29T19:41:43+00:00","description":"Vilhelmas Haufas iki \u0161iol jaudina skaitytoj\u0173 \u0161irdis. Jis suk\u016br\u0117 savit\u0105 pasaul\u012f, kuriame d\u017eiaugsmingai lankosi viso pasaulio vaikai. Jie myli autori\u0173 u\u017e tai, kad jo pasaka taip \u0161velniai pinasi su tiesa, jog da\u017enai nesuprasi, kas tai \u2013 pasaka ar tikrov\u0117? Viena i\u0161 jo pasak\u0173 tikrovi\u0161kumo paslap\u010di\u0173 \u2013 autoriaus ir herojaus artumas. Pats Haufas ra\u0161\u0117: \u201eMes tuose pasakojimuose gyvenome, mes kartu su tais \u017emon\u0117mis m\u0105st\u0117me ir jaut\u0117me... Pasaka mums tapo tikrove, tikrov\u0117 \u2013 pasaka, nes mes k\u016br\u0117me ir gyvenome pasakoje\u201c. Prisiminkite, kaip smulkiai jis apra\u0161o kalifo virtim\u0105 gandru (\u201ePasakojimas apie Kalif\u0105 gandr\u0105\u201c), arba scen\u0105, kai \u017emogui gr\u0105\u017einama jo tikroji \u0161irdis (\u201e\u0160altoji \u0161irdis\u201c), ir patik\u0117site stebuklu \u2013 visa taip \u012ftikinama.","breadcrumb":{"@id":"https:\/\/skaitytaknyga.lt\/produktas\/vilhelmas-haufas-saltoji-sirdis-pasitryne-kampai-ir-krasteliai\/#breadcrumb"},"inLanguage":"en-GB","potentialAction":[{"@type":"ReadAction","target":["https:\/\/skaitytaknyga.lt\/produktas\/vilhelmas-haufas-saltoji-sirdis-pasitryne-kampai-ir-krasteliai\/"]}]},{"@type":"ImageObject","inLanguage":"en-GB","@id":"https:\/\/skaitytaknyga.lt\/produktas\/vilhelmas-haufas-saltoji-sirdis-pasitryne-kampai-ir-krasteliai\/#primaryimage","url":"https:\/\/skaitytaknyga.lt\/wp-content\/uploads\/2024\/05\/1462890710_img0003-001.jpg","contentUrl":"https:\/\/skaitytaknyga.lt\/wp-content\/uploads\/2024\/05\/1462890710_img0003-001.jpg","width":320,"height":427},{"@type":"BreadcrumbList","@id":"https:\/\/skaitytaknyga.lt\/produktas\/vilhelmas-haufas-saltoji-sirdis-pasitryne-kampai-ir-krasteliai\/#breadcrumb","itemListElement":[{"@type":"ListItem","position":1,"name":"Home","item":"https:\/\/skaitytaknyga.lt\/"},{"@type":"ListItem","position":2,"name":"Parduotuv\u0117","item":"https:\/\/skaitytaknyga.lt\/knygu-parduotuve\/"},{"@type":"ListItem","position":3,"name":"Vilhelmas Haufas \u201e\u0160altoji \u0161irdis\u201c (pasitryn\u0119 kampai ir kra\u0161teliai)"}]},{"@type":"WebSite","@id":"https:\/\/skaitytaknyga.lt\/#website","url":"https:\/\/skaitytaknyga.lt\/","name":"skaitytaknyga.lt","description":"Skaitytaknyga.lt \u2013 tai ma\u017eas \u0161eimos verslas, kuris prasid\u0117jo nuo meil\u0117s knygoms ir siekio i\u0161gelb\u0117ti knygas nuo likimo prie konteinerio. Kas vienam nereikalingas daiktas \u2013 kitam lobis, o mes esame tarpininkai, kurie padeda abiems tapti laimingesniems ???? \u017dinome kaip nelengva i\u0161gyventi ma\u017eiems verslams, tad nuo \u0161iol, \u010dia rasite ir kit\u0173, ma\u017e\u0173 \u0161eim\u0173 versl\u0173, rank\u0173 darbo, dovan\u0173 sau ir artimiesiems.","publisher":{"@id":"https:\/\/skaitytaknyga.lt\/#organization"},"potentialAction":[{"@type":"SearchAction","target":{"@type":"EntryPoint","urlTemplate":"https:\/\/skaitytaknyga.lt\/?s={search_term_string}"},"query-input":{"@type":"PropertyValueSpecification","valueRequired":true,"valueName":"search_term_string"}}],"inLanguage":"en-GB"},{"@type":"Organization","@id":"https:\/\/skaitytaknyga.lt\/#organization","name":"skaitytaknyga.lt","url":"https:\/\/skaitytaknyga.lt\/","logo":{"@type":"ImageObject","inLanguage":"en-GB","@id":"https:\/\/skaitytaknyga.lt\/#\/schema\/logo\/image\/","url":"https:\/\/skaitytaknyga.lt\/wp-content\/uploads\/2024\/05\/cropped-cropped-cropped-02_00843_jt3bggkj1j3HLc7SyY6rEUpg.jpeg","contentUrl":"https:\/\/skaitytaknyga.lt\/wp-content\/uploads\/2024\/05\/cropped-cropped-cropped-02_00843_jt3bggkj1j3HLc7SyY6rEUpg.jpeg","width":1600,"height":1600,"caption":"skaitytaknyga.lt"},"image":{"@id":"https:\/\/skaitytaknyga.lt\/#\/schema\/logo\/image\/"},"sameAs":["https:\/\/www.facebook.com\/skaitytaknyga\/"]}]}},"_links":{"self":[{"href":"https:\/\/skaitytaknyga.lt\/en\/wp-json\/wp\/v2\/product\/9616","targetHints":{"allow":["GET"]}}],"collection":[{"href":"https:\/\/skaitytaknyga.lt\/en\/wp-json\/wp\/v2\/product"}],"about":[{"href":"https:\/\/skaitytaknyga.lt\/en\/wp-json\/wp\/v2\/types\/product"}],"replies":[{"embeddable":true,"href":"https:\/\/skaitytaknyga.lt\/en\/wp-json\/wp\/v2\/comments?post=9616"}],"wp:featuredmedia":[{"embeddable":true,"href":"https:\/\/skaitytaknyga.lt\/en\/wp-json\/wp\/v2\/media\/9647"}],"wp:attachment":[{"href":"https:\/\/skaitytaknyga.lt\/en\/wp-json\/wp\/v2\/media?parent=9616"}],"wp:term":[{"taxonomy":"product_brand","embeddable":true,"href":"https:\/\/skaitytaknyga.lt\/en\/wp-json\/wp\/v2\/product_brand?post=9616"},{"taxonomy":"product_cat","embeddable":true,"href":"https:\/\/skaitytaknyga.lt\/en\/wp-json\/wp\/v2\/product_cat?post=9616"},{"taxonomy":"product_tag","embeddable":true,"href":"https:\/\/skaitytaknyga.lt\/en\/wp-json\/wp\/v2\/product_tag?post=9616"}],"curies":[{"name":"wp","href":"https:\/\/api.w.org\/{rel}","templated":true}]}}