{"id":9599,"date":"2024-05-04T17:53:03","date_gmt":"2024-05-04T17:53:03","guid":{"rendered":"https:\/\/skaitytaknyga.lt\/?post_type=product&#038;p=9599"},"modified":"2024-05-04T17:53:27","modified_gmt":"2024-05-04T17:53:27","slug":"stulbinantys-faktai-2","status":"publish","type":"product","link":"https:\/\/skaitytaknyga.lt\/en\/produktas\/stulbinantys-faktai-2\/","title":{"rendered":"Stulbinantys faktai"},"content":{"rendered":"<p>Ar kada dom\u0117jot\u0117s, kaip susidaro \u017evaig\u017ed\u0117s?<\/p>\n<p>Kuris j\u016bs\u0173 k\u016bno raumuo yra stipriausias?<\/p>\n<p>Kuri m\u016bs\u0173 planetos dykuma sausiausia?<\/p>\n<p>Atsakymus \u012f \u0161iuos klausimus rasite \u0161ioje enciklopedijoje\u00a0<strong>&#8220;Stulbinantys faktai&#8221;<\/strong>, kurioje pateikta daugiau kaip 1000 nuostabi\u0173, ne\u012ftik\u0117tin\u0173 fakt\u0173, priversian\u010di\u0173 visai kitaip \u017evelgti \u012f pasaul\u012f.<\/p>\n<p>Atraskite visk\u0105, k\u0105 nor\u0117jote su\u017einoti apie kosmos\u0105 ir dar toliau, apie gyv\u016bnus ir augalus, nuostabius k\u016bnus ir dar daugiau!<\/p>\n","protected":false},"excerpt":{"rendered":"<p>Ar kada dom\u0117jot\u0117s, kaip susidaro \u017evaig\u017ed\u0117s?<\/p>\n<p>Kuris j\u016bs\u0173 k\u016bno raumuo yra stipriausias?<\/p>\n<p>Kuri m\u016bs\u0173 planetos dykuma sausiausia?<\/p>\n<p>Atsakymus \u012f \u0161iuos klausimus rasite \u0161ioje enciklopedijoje\u00a0<strong>&#8220;Stulbinantys faktai&#8221;<\/strong>, kurioje pateikta daugiau kaip 1000 nuostabi\u0173, ne\u012ftik\u0117tin\u0173 fakt\u0173, priversian\u010di\u0173 visai kitaip \u017evelgti \u012f pasaul\u012f.<\/p>\n<p>Atraskite visk\u0105, k\u0105 nor\u0117jote su\u017einoti apie kosmos\u0105 ir dar toliau, apie gyv\u016bnus ir augalus, nuostabius k\u016bnus ir dar daugiau!<\/p>\n","protected":false},"featured_media":7169,"comment_status":"closed","ping_status":"closed","template":"","meta":{"_acf_changed":false,"site-sidebar-layout":"default","site-content-layout":"","ast-site-content-layout":"default","site-content-style":"default","site-sidebar-style":"default","ast-global-header-display":"","ast-banner-title-visibility":"","ast-main-header-display":"","ast-hfb-above-header-display":"","ast-hfb-below-header-display":"","ast-hfb-mobile-header-display":"","site-post-title":"","ast-breadcrumbs-content":"","ast-featured-img":"","footer-sml-layout":"","ast-disable-related-posts":"","theme-transparent-header-meta":"","adv-header-id-meta":"","stick-header-meta":"","header-above-stick-meta":"","header-main-stick-meta":"","header-below-stick-meta":"","astra-migrate-meta-layouts":"default","ast-page-background-enabled":"default","ast-page-background-meta":{"desktop":{"background-color":"","background-image":"","background-repeat":"repeat","background-position":"center center","background-size":"auto","background-attachment":"scroll","background-type":"","background-media":"","overlay-type":"","overlay-color":"","overlay-opacity":"","overlay-gradient":""},"tablet":{"background-color":"","background-image":"","background-repeat":"repeat","background-position":"center center","background-size":"auto","background-attachment":"scroll","background-type":"","background-media":"","overlay-type":"","overlay-color":"","overlay-opacity":"","overlay-gradient":""},"mobile":{"background-color":"","background-image":"","background-repeat":"repeat","background-position":"center center","background-size":"auto","background-attachment":"scroll","background-type":"","background-media":"","overlay-type":"","overlay-color":"","overlay-opacity":"","overlay-gradient":""}},"ast-content-background-meta":{"desktop":{"background-color":"var(--ast-global-color-4)","background-image":"","background-repeat":"repeat","background-position":"center center","background-size":"auto","background-attachment":"scroll","background-type":"","background-media":"","overlay-type":"","overlay-color":"","overlay-opacity":"","overlay-gradient":""},"tablet":{"background-color":"var(--ast-global-color-4)","background-image":"","background-repeat":"repeat","background-position":"center center","background-size":"auto","background-attachment":"scroll","background-type":"","background-media":"","overlay-type":"","overlay-color":"","overlay-opacity":"","overlay-gradient":""},"mobile":{"background-color":"var(--ast-global-color-4)","background-image":"","background-repeat":"repeat","background-position":"center center","background-size":"auto","background-attachment":"scroll","background-type":"","background-media":"","overlay-type":"","overlay-color":"","overlay-opacity":"","overlay-gradient":""}}},"product_brand":[],"product_cat":[35,73],"product_tag":[],"class_list":{"0":"post-9599","1":"product","2":"type-product","3":"status-publish","4":"has-post-thumbnail","6":"product_cat-vaikams-ir-paaugliams","7":"product_cat-zinynai-ir-enciklopedijos","8":"desktop-align-left","9":"tablet-align-left","10":"mobile-align-left","12":"first","13":"instock","14":"shipping-taxable","15":"purchasable","16":"product-type-simple"},"acf":[],"yoast_head":"<!-- This site is optimized with the Yoast SEO plugin v27.0 - https:\/\/yoast.com\/product\/yoast-seo-wordpress\/ -->\n<title>Stulbinantys faktai - Skaitytaknyga<\/title>\n<meta name=\"description\" content=\"Ar kada dom\u0117jot\u0117s, kaip susidaro \u017evaig\u017ed\u0117s?  Kuris j\u016bs\u0173 k\u016bno raumuo yra stipriausias?  Kuri m\u016bs\u0173 planetos dykuma sausiausia?  Atsakymus \u012f \u0161iuos klausimus rasite \u0161ioje enciklopedijoje\u00a0&quot;Stulbinantys faktai&quot;, kurioje pateikta daugiau kaip 1000 nuostabi\u0173, ne\u012ftik\u0117tin\u0173 fakt\u0173, priversian\u010di\u0173 visai kitaip \u017evelgti \u012f pasaul\u012f.  Atraskite visk\u0105, k\u0105 nor\u0117jote su\u017einoti apie kosmos\u0105 ir dar toliau, apie gyv\u016bnus ir augalus, nuostabius k\u016bnus ir dar daugiau!\" \/>\n<meta name=\"robots\" content=\"index, follow, max-snippet:-1, max-image-preview:large, max-video-preview:-1\" \/>\n<link rel=\"canonical\" href=\"https:\/\/skaitytaknyga.lt\/en\/produktas\/stulbinantys-faktai-2\/\" \/>\n<meta property=\"og:locale\" content=\"en_GB\" \/>\n<meta property=\"og:locale:alternate\" content=\"lt_LT\" \/>\n<meta property=\"og:type\" content=\"article\" \/>\n<meta property=\"og:title\" content=\"Stulbinantys faktai - Skaitytaknyga\" \/>\n<meta property=\"og:description\" content=\"Ar kada dom\u0117jot\u0117s, kaip susidaro \u017evaig\u017ed\u0117s?  Kuris j\u016bs\u0173 k\u016bno raumuo yra stipriausias?  Kuri m\u016bs\u0173 planetos dykuma sausiausia?  Atsakymus \u012f \u0161iuos klausimus rasite \u0161ioje enciklopedijoje\u00a0&quot;Stulbinantys faktai&quot;, kurioje pateikta daugiau kaip 1000 nuostabi\u0173, ne\u012ftik\u0117tin\u0173 fakt\u0173, priversian\u010di\u0173 visai kitaip \u017evelgti \u012f pasaul\u012f.  Atraskite visk\u0105, k\u0105 nor\u0117jote su\u017einoti apie kosmos\u0105 ir dar toliau, apie gyv\u016bnus ir augalus, nuostabius k\u016bnus ir dar daugiau!\" \/>\n<meta property=\"og:url\" content=\"https:\/\/skaitytaknyga.lt\/en\/produktas\/stulbinantys-faktai-2\/\" \/>\n<meta property=\"og:site_name\" content=\"Skaitytaknyga\" \/>\n<meta property=\"article:publisher\" content=\"https:\/\/www.facebook.com\/skaitytaknyga\/\" \/>\n<meta property=\"article:modified_time\" content=\"2024-05-04T17:53:27+00:00\" \/>\n<meta property=\"og:image\" content=\"https:\/\/skaitytaknyga.lt\/wp-content\/uploads\/2024\/05\/stulbinantys-faktai.jpg\" \/>\n\t<meta property=\"og:image:width\" content=\"368\" \/>\n\t<meta property=\"og:image:height\" content=\"450\" \/>\n\t<meta property=\"og:image:type\" content=\"image\/jpeg\" \/>\n<meta name=\"twitter:card\" content=\"summary_large_image\" \/>\n<script type=\"application\/ld+json\" class=\"yoast-schema-graph\">{\"@context\":\"https:\/\/schema.org\",\"@graph\":[{\"@type\":\"WebPage\",\"@id\":\"https:\/\/skaitytaknyga.lt\/produktas\/stulbinantys-faktai-2\/\",\"url\":\"https:\/\/skaitytaknyga.lt\/produktas\/stulbinantys-faktai-2\/\",\"name\":\"Stulbinantys faktai - Skaitytaknyga\",\"isPartOf\":{\"@id\":\"https:\/\/skaitytaknyga.lt\/#website\"},\"primaryImageOfPage\":{\"@id\":\"https:\/\/skaitytaknyga.lt\/produktas\/stulbinantys-faktai-2\/#primaryimage\"},\"image\":{\"@id\":\"https:\/\/skaitytaknyga.lt\/produktas\/stulbinantys-faktai-2\/#primaryimage\"},\"thumbnailUrl\":\"https:\/\/skaitytaknyga.lt\/wp-content\/uploads\/2024\/05\/stulbinantys-faktai.jpg\",\"datePublished\":\"2024-05-04T17:53:03+00:00\",\"dateModified\":\"2024-05-04T17:53:27+00:00\",\"description\":\"Ar kada dom\u0117jot\u0117s, kaip susidaro \u017evaig\u017ed\u0117s? Kuris j\u016bs\u0173 k\u016bno raumuo yra stipriausias? Kuri m\u016bs\u0173 planetos dykuma sausiausia? Atsakymus \u012f \u0161iuos klausimus rasite \u0161ioje enciklopedijoje\u00a0\\\"Stulbinantys faktai\\\", kurioje pateikta daugiau kaip 1000 nuostabi\u0173, ne\u012ftik\u0117tin\u0173 fakt\u0173, priversian\u010di\u0173 visai kitaip \u017evelgti \u012f pasaul\u012f. Atraskite visk\u0105, k\u0105 nor\u0117jote su\u017einoti apie kosmos\u0105 ir dar toliau, apie gyv\u016bnus ir augalus, nuostabius k\u016bnus ir dar daugiau!\",\"breadcrumb\":{\"@id\":\"https:\/\/skaitytaknyga.lt\/produktas\/stulbinantys-faktai-2\/#breadcrumb\"},\"inLanguage\":\"en-GB\",\"potentialAction\":[{\"@type\":\"ReadAction\",\"target\":[\"https:\/\/skaitytaknyga.lt\/produktas\/stulbinantys-faktai-2\/\"]}]},{\"@type\":\"ImageObject\",\"inLanguage\":\"en-GB\",\"@id\":\"https:\/\/skaitytaknyga.lt\/produktas\/stulbinantys-faktai-2\/#primaryimage\",\"url\":\"https:\/\/skaitytaknyga.lt\/wp-content\/uploads\/2024\/05\/stulbinantys-faktai.jpg\",\"contentUrl\":\"https:\/\/skaitytaknyga.lt\/wp-content\/uploads\/2024\/05\/stulbinantys-faktai.jpg\",\"width\":368,\"height\":450},{\"@type\":\"BreadcrumbList\",\"@id\":\"https:\/\/skaitytaknyga.lt\/produktas\/stulbinantys-faktai-2\/#breadcrumb\",\"itemListElement\":[{\"@type\":\"ListItem\",\"position\":1,\"name\":\"Home\",\"item\":\"https:\/\/skaitytaknyga.lt\/\"},{\"@type\":\"ListItem\",\"position\":2,\"name\":\"Parduotuv\u0117\",\"item\":\"https:\/\/skaitytaknyga.lt\/knygu-parduotuve\/\"},{\"@type\":\"ListItem\",\"position\":3,\"name\":\"Stulbinantys faktai\"}]},{\"@type\":\"WebSite\",\"@id\":\"https:\/\/skaitytaknyga.lt\/#website\",\"url\":\"https:\/\/skaitytaknyga.lt\/\",\"name\":\"skaitytaknyga.lt\",\"description\":\"Skaitytaknyga.lt \u2013 tai ma\u017eas \u0161eimos verslas, kuris prasid\u0117jo nuo meil\u0117s knygoms ir siekio i\u0161gelb\u0117ti knygas nuo likimo prie konteinerio. Kas vienam nereikalingas daiktas \u2013 kitam lobis, o mes esame tarpininkai, kurie padeda abiems tapti laimingesniems ???? \u017dinome kaip nelengva i\u0161gyventi ma\u017eiems verslams, tad nuo \u0161iol, \u010dia rasite ir kit\u0173, ma\u017e\u0173 \u0161eim\u0173 versl\u0173, rank\u0173 darbo, dovan\u0173 sau ir artimiesiems.\",\"publisher\":{\"@id\":\"https:\/\/skaitytaknyga.lt\/#organization\"},\"potentialAction\":[{\"@type\":\"SearchAction\",\"target\":{\"@type\":\"EntryPoint\",\"urlTemplate\":\"https:\/\/skaitytaknyga.lt\/?s={search_term_string}\"},\"query-input\":{\"@type\":\"PropertyValueSpecification\",\"valueRequired\":true,\"valueName\":\"search_term_string\"}}],\"inLanguage\":\"en-GB\"},{\"@type\":\"Organization\",\"@id\":\"https:\/\/skaitytaknyga.lt\/#organization\",\"name\":\"skaitytaknyga.lt\",\"url\":\"https:\/\/skaitytaknyga.lt\/\",\"logo\":{\"@type\":\"ImageObject\",\"inLanguage\":\"en-GB\",\"@id\":\"https:\/\/skaitytaknyga.lt\/#\/schema\/logo\/image\/\",\"url\":\"https:\/\/skaitytaknyga.lt\/wp-content\/uploads\/2024\/05\/cropped-cropped-cropped-02_00843_jt3bggkj1j3HLc7SyY6rEUpg.jpeg\",\"contentUrl\":\"https:\/\/skaitytaknyga.lt\/wp-content\/uploads\/2024\/05\/cropped-cropped-cropped-02_00843_jt3bggkj1j3HLc7SyY6rEUpg.jpeg\",\"width\":1600,\"height\":1600,\"caption\":\"skaitytaknyga.lt\"},\"image\":{\"@id\":\"https:\/\/skaitytaknyga.lt\/#\/schema\/logo\/image\/\"},\"sameAs\":[\"https:\/\/www.facebook.com\/skaitytaknyga\/\"]}]}<\/script>\n<!-- \/ Yoast SEO plugin. -->","yoast_head_json":{"title":"Stulbinantys faktai - Skaitytaknyga","description":"Ar kada dom\u0117jot\u0117s, kaip susidaro \u017evaig\u017ed\u0117s?  Kuris j\u016bs\u0173 k\u016bno raumuo yra stipriausias?  Kuri m\u016bs\u0173 planetos dykuma sausiausia?  Atsakymus \u012f \u0161iuos klausimus rasite \u0161ioje enciklopedijoje\u00a0\"Stulbinantys faktai\", kurioje pateikta daugiau kaip 1000 nuostabi\u0173, ne\u012ftik\u0117tin\u0173 fakt\u0173, priversian\u010di\u0173 visai kitaip \u017evelgti \u012f pasaul\u012f.  Atraskite visk\u0105, k\u0105 nor\u0117jote su\u017einoti apie kosmos\u0105 ir dar toliau, apie gyv\u016bnus ir augalus, nuostabius k\u016bnus ir dar daugiau!","robots":{"index":"index","follow":"follow","max-snippet":"max-snippet:-1","max-image-preview":"max-image-preview:large","max-video-preview":"max-video-preview:-1"},"canonical":"https:\/\/skaitytaknyga.lt\/en\/produktas\/stulbinantys-faktai-2\/","og_locale":"en_GB","og_type":"article","og_title":"Stulbinantys faktai - Skaitytaknyga","og_description":"Ar kada dom\u0117jot\u0117s, kaip susidaro \u017evaig\u017ed\u0117s?  Kuris j\u016bs\u0173 k\u016bno raumuo yra stipriausias?  Kuri m\u016bs\u0173 planetos dykuma sausiausia?  Atsakymus \u012f \u0161iuos klausimus rasite \u0161ioje enciklopedijoje\u00a0\"Stulbinantys faktai\", kurioje pateikta daugiau kaip 1000 nuostabi\u0173, ne\u012ftik\u0117tin\u0173 fakt\u0173, priversian\u010di\u0173 visai kitaip \u017evelgti \u012f pasaul\u012f.  Atraskite visk\u0105, k\u0105 nor\u0117jote su\u017einoti apie kosmos\u0105 ir dar toliau, apie gyv\u016bnus ir augalus, nuostabius k\u016bnus ir dar daugiau!","og_url":"https:\/\/skaitytaknyga.lt\/en\/produktas\/stulbinantys-faktai-2\/","og_site_name":"Skaitytaknyga","article_publisher":"https:\/\/www.facebook.com\/skaitytaknyga\/","article_modified_time":"2024-05-04T17:53:27+00:00","og_image":[{"width":368,"height":450,"url":"https:\/\/skaitytaknyga.lt\/wp-content\/uploads\/2024\/05\/stulbinantys-faktai.jpg","type":"image\/jpeg"}],"twitter_card":"summary_large_image","schema":{"@context":"https:\/\/schema.org","@graph":[{"@type":"WebPage","@id":"https:\/\/skaitytaknyga.lt\/produktas\/stulbinantys-faktai-2\/","url":"https:\/\/skaitytaknyga.lt\/produktas\/stulbinantys-faktai-2\/","name":"Stulbinantys faktai - Skaitytaknyga","isPartOf":{"@id":"https:\/\/skaitytaknyga.lt\/#website"},"primaryImageOfPage":{"@id":"https:\/\/skaitytaknyga.lt\/produktas\/stulbinantys-faktai-2\/#primaryimage"},"image":{"@id":"https:\/\/skaitytaknyga.lt\/produktas\/stulbinantys-faktai-2\/#primaryimage"},"thumbnailUrl":"https:\/\/skaitytaknyga.lt\/wp-content\/uploads\/2024\/05\/stulbinantys-faktai.jpg","datePublished":"2024-05-04T17:53:03+00:00","dateModified":"2024-05-04T17:53:27+00:00","description":"Ar kada dom\u0117jot\u0117s, kaip susidaro \u017evaig\u017ed\u0117s? Kuris j\u016bs\u0173 k\u016bno raumuo yra stipriausias? Kuri m\u016bs\u0173 planetos dykuma sausiausia? Atsakymus \u012f \u0161iuos klausimus rasite \u0161ioje enciklopedijoje\u00a0\"Stulbinantys faktai\", kurioje pateikta daugiau kaip 1000 nuostabi\u0173, ne\u012ftik\u0117tin\u0173 fakt\u0173, priversian\u010di\u0173 visai kitaip \u017evelgti \u012f pasaul\u012f. Atraskite visk\u0105, k\u0105 nor\u0117jote su\u017einoti apie kosmos\u0105 ir dar toliau, apie gyv\u016bnus ir augalus, nuostabius k\u016bnus ir dar daugiau!","breadcrumb":{"@id":"https:\/\/skaitytaknyga.lt\/produktas\/stulbinantys-faktai-2\/#breadcrumb"},"inLanguage":"en-GB","potentialAction":[{"@type":"ReadAction","target":["https:\/\/skaitytaknyga.lt\/produktas\/stulbinantys-faktai-2\/"]}]},{"@type":"ImageObject","inLanguage":"en-GB","@id":"https:\/\/skaitytaknyga.lt\/produktas\/stulbinantys-faktai-2\/#primaryimage","url":"https:\/\/skaitytaknyga.lt\/wp-content\/uploads\/2024\/05\/stulbinantys-faktai.jpg","contentUrl":"https:\/\/skaitytaknyga.lt\/wp-content\/uploads\/2024\/05\/stulbinantys-faktai.jpg","width":368,"height":450},{"@type":"BreadcrumbList","@id":"https:\/\/skaitytaknyga.lt\/produktas\/stulbinantys-faktai-2\/#breadcrumb","itemListElement":[{"@type":"ListItem","position":1,"name":"Home","item":"https:\/\/skaitytaknyga.lt\/"},{"@type":"ListItem","position":2,"name":"Parduotuv\u0117","item":"https:\/\/skaitytaknyga.lt\/knygu-parduotuve\/"},{"@type":"ListItem","position":3,"name":"Stulbinantys faktai"}]},{"@type":"WebSite","@id":"https:\/\/skaitytaknyga.lt\/#website","url":"https:\/\/skaitytaknyga.lt\/","name":"skaitytaknyga.lt","description":"Skaitytaknyga.lt \u2013 tai ma\u017eas \u0161eimos verslas, kuris prasid\u0117jo nuo meil\u0117s knygoms ir siekio i\u0161gelb\u0117ti knygas nuo likimo prie konteinerio. Kas vienam nereikalingas daiktas \u2013 kitam lobis, o mes esame tarpininkai, kurie padeda abiems tapti laimingesniems ???? \u017dinome kaip nelengva i\u0161gyventi ma\u017eiems verslams, tad nuo \u0161iol, \u010dia rasite ir kit\u0173, ma\u017e\u0173 \u0161eim\u0173 versl\u0173, rank\u0173 darbo, dovan\u0173 sau ir artimiesiems.","publisher":{"@id":"https:\/\/skaitytaknyga.lt\/#organization"},"potentialAction":[{"@type":"SearchAction","target":{"@type":"EntryPoint","urlTemplate":"https:\/\/skaitytaknyga.lt\/?s={search_term_string}"},"query-input":{"@type":"PropertyValueSpecification","valueRequired":true,"valueName":"search_term_string"}}],"inLanguage":"en-GB"},{"@type":"Organization","@id":"https:\/\/skaitytaknyga.lt\/#organization","name":"skaitytaknyga.lt","url":"https:\/\/skaitytaknyga.lt\/","logo":{"@type":"ImageObject","inLanguage":"en-GB","@id":"https:\/\/skaitytaknyga.lt\/#\/schema\/logo\/image\/","url":"https:\/\/skaitytaknyga.lt\/wp-content\/uploads\/2024\/05\/cropped-cropped-cropped-02_00843_jt3bggkj1j3HLc7SyY6rEUpg.jpeg","contentUrl":"https:\/\/skaitytaknyga.lt\/wp-content\/uploads\/2024\/05\/cropped-cropped-cropped-02_00843_jt3bggkj1j3HLc7SyY6rEUpg.jpeg","width":1600,"height":1600,"caption":"skaitytaknyga.lt"},"image":{"@id":"https:\/\/skaitytaknyga.lt\/#\/schema\/logo\/image\/"},"sameAs":["https:\/\/www.facebook.com\/skaitytaknyga\/"]}]}},"_links":{"self":[{"href":"https:\/\/skaitytaknyga.lt\/en\/wp-json\/wp\/v2\/product\/9599","targetHints":{"allow":["GET"]}}],"collection":[{"href":"https:\/\/skaitytaknyga.lt\/en\/wp-json\/wp\/v2\/product"}],"about":[{"href":"https:\/\/skaitytaknyga.lt\/en\/wp-json\/wp\/v2\/types\/product"}],"replies":[{"embeddable":true,"href":"https:\/\/skaitytaknyga.lt\/en\/wp-json\/wp\/v2\/comments?post=9599"}],"wp:featuredmedia":[{"embeddable":true,"href":"https:\/\/skaitytaknyga.lt\/en\/wp-json\/wp\/v2\/media\/7169"}],"wp:attachment":[{"href":"https:\/\/skaitytaknyga.lt\/en\/wp-json\/wp\/v2\/media?parent=9599"}],"wp:term":[{"taxonomy":"product_brand","embeddable":true,"href":"https:\/\/skaitytaknyga.lt\/en\/wp-json\/wp\/v2\/product_brand?post=9599"},{"taxonomy":"product_cat","embeddable":true,"href":"https:\/\/skaitytaknyga.lt\/en\/wp-json\/wp\/v2\/product_cat?post=9599"},{"taxonomy":"product_tag","embeddable":true,"href":"https:\/\/skaitytaknyga.lt\/en\/wp-json\/wp\/v2\/product_tag?post=9599"}],"curies":[{"name":"wp","href":"https:\/\/api.w.org\/{rel}","templated":true}]}}