{"id":9582,"date":"2024-05-04T17:53:02","date_gmt":"2024-05-04T17:53:02","guid":{"rendered":"https:\/\/skaitytaknyga.lt\/?post_type=product&#038;p=9582"},"modified":"2024-05-04T17:53:08","modified_gmt":"2024-05-04T17:53:08","slug":"benjaminas-kondratas-lietuviu-kalbos-taisykles-mokinio-knyga-2","status":"publish","type":"product","link":"https:\/\/skaitytaknyga.lt\/en\/produktas\/benjaminas-kondratas-lietuviu-kalbos-taisykles-mokinio-knyga-2\/","title":{"rendered":"Benjaminas Kondratas \u201eLietuvi\u0173 kalbos taisykl\u0117s. Mokinio knyga\u201c"},"content":{"rendered":"<div class=\"book-descript-wrapper\">\n<section class=\"product-descript more-content-wrapper\">\n<div class=\"\">\n<p>III-iasis pataisytas ir papildytas leidimas.<br \/>\nKnyga skiriama norintiems i\u0161mokti taisyklingos ra\u0161ytin\u0117s ir sakytin\u0117s lietuvi\u0173 kalbos. Knyg\u0105 sudaro trys dalys. Fonetikos ir morfologijos dalyje aptariami garsai ir j\u0173 \u017eym\u0117jimas raid\u0117mis, \u017eod\u017eio sandara bei kalbos dali\u0173 teorija ir ra\u0161yba. Sintaks\u0117s ir skyrybos dalyje \u2013 \u017eod\u017ei\u0173 junginiai, vientiso ir sud\u0117tinio sakinio sintaks\u0117 ir skyryba, tiesiogin\u0117s kalbos bei citavimo taisykl\u0117s. Daugiausia taisykli\u0173 kalbos kult\u016bros dalyje, kuri skiriama \u017eod\u017ei\u0173, gramatini\u0173 ir sintaksini\u0173 konstrukcij\u0173 vartojimui aptarti. Didelis \u017eod\u017ei\u0173 kir\u010diavimo ir priegaid\u0117s \u017eym\u0117jimo skyrius.<\/p>\n<\/div>\n<\/section>\n<\/div>\n","protected":false},"excerpt":{"rendered":"<div class=\"book-descript-wrapper\">\n<section class=\"product-descript more-content-wrapper\">\n<div class=\"\">\n<p>III-iasis pataisytas ir papildytas leidimas.<br \/>\nKnyga skiriama norintiems i\u0161mokti taisyklingos ra\u0161ytin\u0117s ir sakytin\u0117s lietuvi\u0173 kalbos. Knyg\u0105 sudaro trys dalys. Fonetikos ir morfologijos dalyje aptariami garsai ir j\u0173 \u017eym\u0117jimas raid\u0117mis, \u017eod\u017eio sandara bei kalbos dali\u0173 teorija ir ra\u0161yba. Sintaks\u0117s ir skyrybos dalyje \u2013 \u017eod\u017ei\u0173 junginiai, vientiso ir sud\u0117tinio sakinio sintaks\u0117 ir skyryba, tiesiogin\u0117s kalbos bei citavimo taisykl\u0117s. Daugiausia taisykli\u0173 kalbos kult\u016bros dalyje, kuri skiriama \u017eod\u017ei\u0173, gramatini\u0173 ir sintaksini\u0173 konstrukcij\u0173 vartojimui aptarti. Didelis \u017eod\u017ei\u0173 kir\u010diavimo ir priegaid\u0117s \u017eym\u0117jimo skyrius.<\/p>\n<\/div>\n<\/section>\n<\/div>\n","protected":false},"featured_media":7135,"comment_status":"closed","ping_status":"closed","template":"","meta":{"_acf_changed":false,"site-sidebar-layout":"default","site-content-layout":"","ast-site-content-layout":"default","site-content-style":"default","site-sidebar-style":"default","ast-global-header-display":"","ast-banner-title-visibility":"","ast-main-header-display":"","ast-hfb-above-header-display":"","ast-hfb-below-header-display":"","ast-hfb-mobile-header-display":"","site-post-title":"","ast-breadcrumbs-content":"","ast-featured-img":"","footer-sml-layout":"","ast-disable-related-posts":"","theme-transparent-header-meta":"","adv-header-id-meta":"","stick-header-meta":"","header-above-stick-meta":"","header-main-stick-meta":"","header-below-stick-meta":"","astra-migrate-meta-layouts":"default","ast-page-background-enabled":"default","ast-page-background-meta":{"desktop":{"background-color":"","background-image":"","background-repeat":"repeat","background-position":"center center","background-size":"auto","background-attachment":"scroll","background-type":"","background-media":"","overlay-type":"","overlay-color":"","overlay-opacity":"","overlay-gradient":""},"tablet":{"background-color":"","background-image":"","background-repeat":"repeat","background-position":"center center","background-size":"auto","background-attachment":"scroll","background-type":"","background-media":"","overlay-type":"","overlay-color":"","overlay-opacity":"","overlay-gradient":""},"mobile":{"background-color":"","background-image":"","background-repeat":"repeat","background-position":"center center","background-size":"auto","background-attachment":"scroll","background-type":"","background-media":"","overlay-type":"","overlay-color":"","overlay-opacity":"","overlay-gradient":""}},"ast-content-background-meta":{"desktop":{"background-color":"var(--ast-global-color-4)","background-image":"","background-repeat":"repeat","background-position":"center center","background-size":"auto","background-attachment":"scroll","background-type":"","background-media":"","overlay-type":"","overlay-color":"","overlay-opacity":"","overlay-gradient":""},"tablet":{"background-color":"var(--ast-global-color-4)","background-image":"","background-repeat":"repeat","background-position":"center center","background-size":"auto","background-attachment":"scroll","background-type":"","background-media":"","overlay-type":"","overlay-color":"","overlay-opacity":"","overlay-gradient":""},"mobile":{"background-color":"var(--ast-global-color-4)","background-image":"","background-repeat":"repeat","background-position":"center center","background-size":"auto","background-attachment":"scroll","background-type":"","background-media":"","overlay-type":"","overlay-color":"","overlay-opacity":"","overlay-gradient":""}}},"product_brand":[],"product_cat":[392,390,73],"product_tag":[],"class_list":{"0":"post-9582","1":"product","2":"type-product","3":"status-publish","4":"has-post-thumbnail","6":"product_cat-edukologija","7":"product_cat-kalba-kalbotyra-zodynai","8":"product_cat-zinynai-ir-enciklopedijos","9":"desktop-align-left","10":"tablet-align-left","11":"mobile-align-left","13":"first","14":"outofstock","15":"shipping-taxable","16":"purchasable","17":"product-type-simple"},"acf":[],"yoast_head":"<!-- This site is optimized with the Yoast SEO plugin v27.4 - https:\/\/yoast.com\/product\/yoast-seo-wordpress\/ -->\n<title>Benjaminas Kondratas \u201eLietuvi\u0173 kalbos taisykl\u0117s. Mokinio knyga\u201c - Skaitytaknyga<\/title>\n<meta name=\"description\" content=\"III-iasis pataisytas ir papildytas leidimas. Knyga skiriama norintiems i\u0161mokti taisyklingos ra\u0161ytin\u0117s ir sakytin\u0117s lietuvi\u0173 kalbos. Knyg\u0105 sudaro trys dalys. Fonetikos ir morfologijos dalyje aptariami garsai ir j\u0173 \u017eym\u0117jimas raid\u0117mis, \u017eod\u017eio sandara bei kalbos dali\u0173 teorija ir ra\u0161yba. Sintaks\u0117s ir skyrybos dalyje \u2013 \u017eod\u017ei\u0173 junginiai, vientiso ir sud\u0117tinio sakinio sintaks\u0117 ir skyryba, tiesiogin\u0117s kalbos bei citavimo taisykl\u0117s. Daugiausia taisykli\u0173 kalbos kult\u016bros dalyje, kuri skiriama \u017eod\u017ei\u0173, gramatini\u0173 ir sintaksini\u0173 konstrukcij\u0173 vartojimui aptarti. Didelis \u017eod\u017ei\u0173 kir\u010diavimo ir priegaid\u0117s \u017eym\u0117jimo skyrius.\" \/>\n<meta name=\"robots\" content=\"index, follow, max-snippet:-1, max-image-preview:large, max-video-preview:-1\" \/>\n<link rel=\"canonical\" href=\"https:\/\/skaitytaknyga.lt\/en\/produktas\/benjaminas-kondratas-lietuviu-kalbos-taisykles-mokinio-knyga-2\/\" \/>\n<meta property=\"og:locale\" content=\"en_GB\" \/>\n<meta property=\"og:locale:alternate\" content=\"lt_LT\" \/>\n<meta property=\"og:type\" content=\"article\" \/>\n<meta property=\"og:title\" content=\"Benjaminas Kondratas \u201eLietuvi\u0173 kalbos taisykl\u0117s. Mokinio knyga\u201c - Skaitytaknyga\" \/>\n<meta property=\"og:description\" content=\"III-iasis pataisytas ir papildytas leidimas. Knyga skiriama norintiems i\u0161mokti taisyklingos ra\u0161ytin\u0117s ir sakytin\u0117s lietuvi\u0173 kalbos. Knyg\u0105 sudaro trys dalys. Fonetikos ir morfologijos dalyje aptariami garsai ir j\u0173 \u017eym\u0117jimas raid\u0117mis, \u017eod\u017eio sandara bei kalbos dali\u0173 teorija ir ra\u0161yba. Sintaks\u0117s ir skyrybos dalyje \u2013 \u017eod\u017ei\u0173 junginiai, vientiso ir sud\u0117tinio sakinio sintaks\u0117 ir skyryba, tiesiogin\u0117s kalbos bei citavimo taisykl\u0117s. Daugiausia taisykli\u0173 kalbos kult\u016bros dalyje, kuri skiriama \u017eod\u017ei\u0173, gramatini\u0173 ir sintaksini\u0173 konstrukcij\u0173 vartojimui aptarti. Didelis \u017eod\u017ei\u0173 kir\u010diavimo ir priegaid\u0117s \u017eym\u0117jimo skyrius.\" \/>\n<meta property=\"og:url\" content=\"https:\/\/skaitytaknyga.lt\/en\/produktas\/benjaminas-kondratas-lietuviu-kalbos-taisykles-mokinio-knyga-2\/\" \/>\n<meta property=\"og:site_name\" content=\"Skaitytaknyga\" \/>\n<meta property=\"article:publisher\" content=\"https:\/\/www.facebook.com\/skaitytaknyga\/\" \/>\n<meta property=\"article:modified_time\" content=\"2024-05-04T17:53:08+00:00\" \/>\n<meta property=\"og:image\" content=\"https:\/\/skaitytaknyga.lt\/wp-content\/uploads\/2024\/05\/064017-pxl-20210228-134617833-e1636884285556.jpg\" \/>\n\t<meta property=\"og:image:width\" content=\"232\" \/>\n\t<meta property=\"og:image:height\" content=\"341\" \/>\n\t<meta property=\"og:image:type\" content=\"image\/jpeg\" \/>\n<meta name=\"twitter:card\" content=\"summary_large_image\" \/>\n<script type=\"application\/ld+json\" class=\"yoast-schema-graph\">{\"@context\":\"https:\\\/\\\/schema.org\",\"@graph\":[{\"@type\":\"WebPage\",\"@id\":\"https:\\\/\\\/skaitytaknyga.lt\\\/produktas\\\/benjaminas-kondratas-lietuviu-kalbos-taisykles-mokinio-knyga-2\\\/\",\"url\":\"https:\\\/\\\/skaitytaknyga.lt\\\/produktas\\\/benjaminas-kondratas-lietuviu-kalbos-taisykles-mokinio-knyga-2\\\/\",\"name\":\"Benjaminas Kondratas \u201eLietuvi\u0173 kalbos taisykl\u0117s. Mokinio knyga\u201c - Skaitytaknyga\",\"isPartOf\":{\"@id\":\"https:\\\/\\\/skaitytaknyga.lt\\\/#website\"},\"primaryImageOfPage\":{\"@id\":\"https:\\\/\\\/skaitytaknyga.lt\\\/produktas\\\/benjaminas-kondratas-lietuviu-kalbos-taisykles-mokinio-knyga-2\\\/#primaryimage\"},\"image\":{\"@id\":\"https:\\\/\\\/skaitytaknyga.lt\\\/produktas\\\/benjaminas-kondratas-lietuviu-kalbos-taisykles-mokinio-knyga-2\\\/#primaryimage\"},\"thumbnailUrl\":\"https:\\\/\\\/skaitytaknyga.lt\\\/wp-content\\\/uploads\\\/2024\\\/05\\\/064017-pxl-20210228-134617833-e1636884285556.jpg\",\"datePublished\":\"2024-05-04T17:53:02+00:00\",\"dateModified\":\"2024-05-04T17:53:08+00:00\",\"description\":\"III-iasis pataisytas ir papildytas leidimas. Knyga skiriama norintiems i\u0161mokti taisyklingos ra\u0161ytin\u0117s ir sakytin\u0117s lietuvi\u0173 kalbos. Knyg\u0105 sudaro trys dalys. Fonetikos ir morfologijos dalyje aptariami garsai ir j\u0173 \u017eym\u0117jimas raid\u0117mis, \u017eod\u017eio sandara bei kalbos dali\u0173 teorija ir ra\u0161yba. Sintaks\u0117s ir skyrybos dalyje \u2013 \u017eod\u017ei\u0173 junginiai, vientiso ir sud\u0117tinio sakinio sintaks\u0117 ir skyryba, tiesiogin\u0117s kalbos bei citavimo taisykl\u0117s. Daugiausia taisykli\u0173 kalbos kult\u016bros dalyje, kuri skiriama \u017eod\u017ei\u0173, gramatini\u0173 ir sintaksini\u0173 konstrukcij\u0173 vartojimui aptarti. Didelis \u017eod\u017ei\u0173 kir\u010diavimo ir priegaid\u0117s \u017eym\u0117jimo skyrius.\",\"breadcrumb\":{\"@id\":\"https:\\\/\\\/skaitytaknyga.lt\\\/produktas\\\/benjaminas-kondratas-lietuviu-kalbos-taisykles-mokinio-knyga-2\\\/#breadcrumb\"},\"inLanguage\":\"en-GB\",\"potentialAction\":[{\"@type\":\"ReadAction\",\"target\":[\"https:\\\/\\\/skaitytaknyga.lt\\\/produktas\\\/benjaminas-kondratas-lietuviu-kalbos-taisykles-mokinio-knyga-2\\\/\"]}]},{\"@type\":\"ImageObject\",\"inLanguage\":\"en-GB\",\"@id\":\"https:\\\/\\\/skaitytaknyga.lt\\\/produktas\\\/benjaminas-kondratas-lietuviu-kalbos-taisykles-mokinio-knyga-2\\\/#primaryimage\",\"url\":\"https:\\\/\\\/skaitytaknyga.lt\\\/wp-content\\\/uploads\\\/2024\\\/05\\\/064017-pxl-20210228-134617833-e1636884285556.jpg\",\"contentUrl\":\"https:\\\/\\\/skaitytaknyga.lt\\\/wp-content\\\/uploads\\\/2024\\\/05\\\/064017-pxl-20210228-134617833-e1636884285556.jpg\",\"width\":232,\"height\":341},{\"@type\":\"BreadcrumbList\",\"@id\":\"https:\\\/\\\/skaitytaknyga.lt\\\/produktas\\\/benjaminas-kondratas-lietuviu-kalbos-taisykles-mokinio-knyga-2\\\/#breadcrumb\",\"itemListElement\":[{\"@type\":\"ListItem\",\"position\":1,\"name\":\"Home\",\"item\":\"https:\\\/\\\/skaitytaknyga.lt\\\/\"},{\"@type\":\"ListItem\",\"position\":2,\"name\":\"Parduotuv\u0117\",\"item\":\"https:\\\/\\\/skaitytaknyga.lt\\\/knygu-parduotuve\\\/\"},{\"@type\":\"ListItem\",\"position\":3,\"name\":\"Benjaminas Kondratas \u201eLietuvi\u0173 kalbos taisykl\u0117s. Mokinio knyga\u201c\"}]},{\"@type\":\"WebSite\",\"@id\":\"https:\\\/\\\/skaitytaknyga.lt\\\/#website\",\"url\":\"https:\\\/\\\/skaitytaknyga.lt\\\/\",\"name\":\"skaitytaknyga.lt\",\"description\":\"Skaitytaknyga.lt \u2013 tai ma\u017eas \u0161eimos verslas, kuris prasid\u0117jo nuo meil\u0117s knygoms ir siekio i\u0161gelb\u0117ti knygas nuo likimo prie konteinerio. Kas vienam nereikalingas daiktas \u2013 kitam lobis, o mes esame tarpininkai, kurie padeda abiems tapti laimingesniems ???? \u017dinome kaip nelengva i\u0161gyventi ma\u017eiems verslams, tad nuo \u0161iol, \u010dia rasite ir kit\u0173, ma\u017e\u0173 \u0161eim\u0173 versl\u0173, rank\u0173 darbo, dovan\u0173 sau ir artimiesiems.\",\"publisher\":{\"@id\":\"https:\\\/\\\/skaitytaknyga.lt\\\/#organization\"},\"potentialAction\":[{\"@type\":\"SearchAction\",\"target\":{\"@type\":\"EntryPoint\",\"urlTemplate\":\"https:\\\/\\\/skaitytaknyga.lt\\\/?s={search_term_string}\"},\"query-input\":{\"@type\":\"PropertyValueSpecification\",\"valueRequired\":true,\"valueName\":\"search_term_string\"}}],\"inLanguage\":\"en-GB\"},{\"@type\":\"Organization\",\"@id\":\"https:\\\/\\\/skaitytaknyga.lt\\\/#organization\",\"name\":\"skaitytaknyga.lt\",\"url\":\"https:\\\/\\\/skaitytaknyga.lt\\\/\",\"logo\":{\"@type\":\"ImageObject\",\"inLanguage\":\"en-GB\",\"@id\":\"https:\\\/\\\/skaitytaknyga.lt\\\/#\\\/schema\\\/logo\\\/image\\\/\",\"url\":\"https:\\\/\\\/skaitytaknyga.lt\\\/wp-content\\\/uploads\\\/2024\\\/05\\\/cropped-cropped-cropped-02_00843_jt3bggkj1j3HLc7SyY6rEUpg.jpeg\",\"contentUrl\":\"https:\\\/\\\/skaitytaknyga.lt\\\/wp-content\\\/uploads\\\/2024\\\/05\\\/cropped-cropped-cropped-02_00843_jt3bggkj1j3HLc7SyY6rEUpg.jpeg\",\"width\":1600,\"height\":1600,\"caption\":\"skaitytaknyga.lt\"},\"image\":{\"@id\":\"https:\\\/\\\/skaitytaknyga.lt\\\/#\\\/schema\\\/logo\\\/image\\\/\"},\"sameAs\":[\"https:\\\/\\\/www.facebook.com\\\/skaitytaknyga\\\/\"]}]}<\/script>\n<!-- \/ Yoast SEO plugin. -->","yoast_head_json":{"title":"Benjaminas Kondratas \u201eLietuvi\u0173 kalbos taisykl\u0117s. Mokinio knyga\u201c - Skaitytaknyga","description":"III-iasis pataisytas ir papildytas leidimas. Knyga skiriama norintiems i\u0161mokti taisyklingos ra\u0161ytin\u0117s ir sakytin\u0117s lietuvi\u0173 kalbos. Knyg\u0105 sudaro trys dalys. Fonetikos ir morfologijos dalyje aptariami garsai ir j\u0173 \u017eym\u0117jimas raid\u0117mis, \u017eod\u017eio sandara bei kalbos dali\u0173 teorija ir ra\u0161yba. Sintaks\u0117s ir skyrybos dalyje \u2013 \u017eod\u017ei\u0173 junginiai, vientiso ir sud\u0117tinio sakinio sintaks\u0117 ir skyryba, tiesiogin\u0117s kalbos bei citavimo taisykl\u0117s. Daugiausia taisykli\u0173 kalbos kult\u016bros dalyje, kuri skiriama \u017eod\u017ei\u0173, gramatini\u0173 ir sintaksini\u0173 konstrukcij\u0173 vartojimui aptarti. Didelis \u017eod\u017ei\u0173 kir\u010diavimo ir priegaid\u0117s \u017eym\u0117jimo skyrius.","robots":{"index":"index","follow":"follow","max-snippet":"max-snippet:-1","max-image-preview":"max-image-preview:large","max-video-preview":"max-video-preview:-1"},"canonical":"https:\/\/skaitytaknyga.lt\/en\/produktas\/benjaminas-kondratas-lietuviu-kalbos-taisykles-mokinio-knyga-2\/","og_locale":"en_GB","og_type":"article","og_title":"Benjaminas Kondratas \u201eLietuvi\u0173 kalbos taisykl\u0117s. Mokinio knyga\u201c - Skaitytaknyga","og_description":"III-iasis pataisytas ir papildytas leidimas. Knyga skiriama norintiems i\u0161mokti taisyklingos ra\u0161ytin\u0117s ir sakytin\u0117s lietuvi\u0173 kalbos. Knyg\u0105 sudaro trys dalys. Fonetikos ir morfologijos dalyje aptariami garsai ir j\u0173 \u017eym\u0117jimas raid\u0117mis, \u017eod\u017eio sandara bei kalbos dali\u0173 teorija ir ra\u0161yba. Sintaks\u0117s ir skyrybos dalyje \u2013 \u017eod\u017ei\u0173 junginiai, vientiso ir sud\u0117tinio sakinio sintaks\u0117 ir skyryba, tiesiogin\u0117s kalbos bei citavimo taisykl\u0117s. Daugiausia taisykli\u0173 kalbos kult\u016bros dalyje, kuri skiriama \u017eod\u017ei\u0173, gramatini\u0173 ir sintaksini\u0173 konstrukcij\u0173 vartojimui aptarti. Didelis \u017eod\u017ei\u0173 kir\u010diavimo ir priegaid\u0117s \u017eym\u0117jimo skyrius.","og_url":"https:\/\/skaitytaknyga.lt\/en\/produktas\/benjaminas-kondratas-lietuviu-kalbos-taisykles-mokinio-knyga-2\/","og_site_name":"Skaitytaknyga","article_publisher":"https:\/\/www.facebook.com\/skaitytaknyga\/","article_modified_time":"2024-05-04T17:53:08+00:00","og_image":[{"width":232,"height":341,"url":"https:\/\/skaitytaknyga.lt\/wp-content\/uploads\/2024\/05\/064017-pxl-20210228-134617833-e1636884285556.jpg","type":"image\/jpeg"}],"twitter_card":"summary_large_image","schema":{"@context":"https:\/\/schema.org","@graph":[{"@type":"WebPage","@id":"https:\/\/skaitytaknyga.lt\/produktas\/benjaminas-kondratas-lietuviu-kalbos-taisykles-mokinio-knyga-2\/","url":"https:\/\/skaitytaknyga.lt\/produktas\/benjaminas-kondratas-lietuviu-kalbos-taisykles-mokinio-knyga-2\/","name":"Benjaminas Kondratas \u201eLietuvi\u0173 kalbos taisykl\u0117s. Mokinio knyga\u201c - Skaitytaknyga","isPartOf":{"@id":"https:\/\/skaitytaknyga.lt\/#website"},"primaryImageOfPage":{"@id":"https:\/\/skaitytaknyga.lt\/produktas\/benjaminas-kondratas-lietuviu-kalbos-taisykles-mokinio-knyga-2\/#primaryimage"},"image":{"@id":"https:\/\/skaitytaknyga.lt\/produktas\/benjaminas-kondratas-lietuviu-kalbos-taisykles-mokinio-knyga-2\/#primaryimage"},"thumbnailUrl":"https:\/\/skaitytaknyga.lt\/wp-content\/uploads\/2024\/05\/064017-pxl-20210228-134617833-e1636884285556.jpg","datePublished":"2024-05-04T17:53:02+00:00","dateModified":"2024-05-04T17:53:08+00:00","description":"III-iasis pataisytas ir papildytas leidimas. Knyga skiriama norintiems i\u0161mokti taisyklingos ra\u0161ytin\u0117s ir sakytin\u0117s lietuvi\u0173 kalbos. Knyg\u0105 sudaro trys dalys. Fonetikos ir morfologijos dalyje aptariami garsai ir j\u0173 \u017eym\u0117jimas raid\u0117mis, \u017eod\u017eio sandara bei kalbos dali\u0173 teorija ir ra\u0161yba. Sintaks\u0117s ir skyrybos dalyje \u2013 \u017eod\u017ei\u0173 junginiai, vientiso ir sud\u0117tinio sakinio sintaks\u0117 ir skyryba, tiesiogin\u0117s kalbos bei citavimo taisykl\u0117s. Daugiausia taisykli\u0173 kalbos kult\u016bros dalyje, kuri skiriama \u017eod\u017ei\u0173, gramatini\u0173 ir sintaksini\u0173 konstrukcij\u0173 vartojimui aptarti. Didelis \u017eod\u017ei\u0173 kir\u010diavimo ir priegaid\u0117s \u017eym\u0117jimo skyrius.","breadcrumb":{"@id":"https:\/\/skaitytaknyga.lt\/produktas\/benjaminas-kondratas-lietuviu-kalbos-taisykles-mokinio-knyga-2\/#breadcrumb"},"inLanguage":"en-GB","potentialAction":[{"@type":"ReadAction","target":["https:\/\/skaitytaknyga.lt\/produktas\/benjaminas-kondratas-lietuviu-kalbos-taisykles-mokinio-knyga-2\/"]}]},{"@type":"ImageObject","inLanguage":"en-GB","@id":"https:\/\/skaitytaknyga.lt\/produktas\/benjaminas-kondratas-lietuviu-kalbos-taisykles-mokinio-knyga-2\/#primaryimage","url":"https:\/\/skaitytaknyga.lt\/wp-content\/uploads\/2024\/05\/064017-pxl-20210228-134617833-e1636884285556.jpg","contentUrl":"https:\/\/skaitytaknyga.lt\/wp-content\/uploads\/2024\/05\/064017-pxl-20210228-134617833-e1636884285556.jpg","width":232,"height":341},{"@type":"BreadcrumbList","@id":"https:\/\/skaitytaknyga.lt\/produktas\/benjaminas-kondratas-lietuviu-kalbos-taisykles-mokinio-knyga-2\/#breadcrumb","itemListElement":[{"@type":"ListItem","position":1,"name":"Home","item":"https:\/\/skaitytaknyga.lt\/"},{"@type":"ListItem","position":2,"name":"Parduotuv\u0117","item":"https:\/\/skaitytaknyga.lt\/knygu-parduotuve\/"},{"@type":"ListItem","position":3,"name":"Benjaminas Kondratas \u201eLietuvi\u0173 kalbos taisykl\u0117s. Mokinio knyga\u201c"}]},{"@type":"WebSite","@id":"https:\/\/skaitytaknyga.lt\/#website","url":"https:\/\/skaitytaknyga.lt\/","name":"skaitytaknyga.lt","description":"Skaitytaknyga.lt \u2013 tai ma\u017eas \u0161eimos verslas, kuris prasid\u0117jo nuo meil\u0117s knygoms ir siekio i\u0161gelb\u0117ti knygas nuo likimo prie konteinerio. Kas vienam nereikalingas daiktas \u2013 kitam lobis, o mes esame tarpininkai, kurie padeda abiems tapti laimingesniems ???? \u017dinome kaip nelengva i\u0161gyventi ma\u017eiems verslams, tad nuo \u0161iol, \u010dia rasite ir kit\u0173, ma\u017e\u0173 \u0161eim\u0173 versl\u0173, rank\u0173 darbo, dovan\u0173 sau ir artimiesiems.","publisher":{"@id":"https:\/\/skaitytaknyga.lt\/#organization"},"potentialAction":[{"@type":"SearchAction","target":{"@type":"EntryPoint","urlTemplate":"https:\/\/skaitytaknyga.lt\/?s={search_term_string}"},"query-input":{"@type":"PropertyValueSpecification","valueRequired":true,"valueName":"search_term_string"}}],"inLanguage":"en-GB"},{"@type":"Organization","@id":"https:\/\/skaitytaknyga.lt\/#organization","name":"skaitytaknyga.lt","url":"https:\/\/skaitytaknyga.lt\/","logo":{"@type":"ImageObject","inLanguage":"en-GB","@id":"https:\/\/skaitytaknyga.lt\/#\/schema\/logo\/image\/","url":"https:\/\/skaitytaknyga.lt\/wp-content\/uploads\/2024\/05\/cropped-cropped-cropped-02_00843_jt3bggkj1j3HLc7SyY6rEUpg.jpeg","contentUrl":"https:\/\/skaitytaknyga.lt\/wp-content\/uploads\/2024\/05\/cropped-cropped-cropped-02_00843_jt3bggkj1j3HLc7SyY6rEUpg.jpeg","width":1600,"height":1600,"caption":"skaitytaknyga.lt"},"image":{"@id":"https:\/\/skaitytaknyga.lt\/#\/schema\/logo\/image\/"},"sameAs":["https:\/\/www.facebook.com\/skaitytaknyga\/"]}]}},"_links":{"self":[{"href":"https:\/\/skaitytaknyga.lt\/en\/wp-json\/wp\/v2\/product\/9582","targetHints":{"allow":["GET"]}}],"collection":[{"href":"https:\/\/skaitytaknyga.lt\/en\/wp-json\/wp\/v2\/product"}],"about":[{"href":"https:\/\/skaitytaknyga.lt\/en\/wp-json\/wp\/v2\/types\/product"}],"replies":[{"embeddable":true,"href":"https:\/\/skaitytaknyga.lt\/en\/wp-json\/wp\/v2\/comments?post=9582"}],"wp:featuredmedia":[{"embeddable":true,"href":"https:\/\/skaitytaknyga.lt\/en\/wp-json\/wp\/v2\/media\/7135"}],"wp:attachment":[{"href":"https:\/\/skaitytaknyga.lt\/en\/wp-json\/wp\/v2\/media?parent=9582"}],"wp:term":[{"taxonomy":"product_brand","embeddable":true,"href":"https:\/\/skaitytaknyga.lt\/en\/wp-json\/wp\/v2\/product_brand?post=9582"},{"taxonomy":"product_cat","embeddable":true,"href":"https:\/\/skaitytaknyga.lt\/en\/wp-json\/wp\/v2\/product_cat?post=9582"},{"taxonomy":"product_tag","embeddable":true,"href":"https:\/\/skaitytaknyga.lt\/en\/wp-json\/wp\/v2\/product_tag?post=9582"}],"curies":[{"name":"wp","href":"https:\/\/api.w.org\/{rel}","templated":true}]}}