{"id":9533,"date":"2024-05-04T15:04:27","date_gmt":"2024-05-04T15:04:27","guid":{"rendered":"https:\/\/skaitytaknyga.lt\/?post_type=product&#038;p=9533"},"modified":"2026-03-18T15:00:00","modified_gmt":"2026-03-18T13:00:00","slug":"vilius-kavaliauskas-zmogus-laiko-taikinyje-su-cd-2","status":"publish","type":"product","link":"https:\/\/skaitytaknyga.lt\/en\/produktas\/vilius-kavaliauskas-zmogus-laiko-taikinyje-su-cd-2\/","title":{"rendered":"Vilius Kavaliauskas \u201e\u017dmogus laiko taikinyje\u201c (su CD)"},"content":{"rendered":"<p id=\"rmjs-1\" class=\"article\" data-readmore=\"\" aria-expanded=\"true\">Atsiminim\u0173 knyga &#8220;\u017dmogus laiko taikinyje. Algirdas Brazauskas draug\u0173 ir oponent\u0173 akimis (su CD)&#8221; apie 1993 m. vasario 14-\u0105j\u0105 i\u0161rinkt\u0105 pirm\u0105j\u012f Respublikos prezident\u0105 Algird\u0105 Brazausk\u0105. \u017durnalistas, buv\u0119s prezidento Algirdo Brazausko patar\u0117jas Vilius Kavaliauskas \u0117m\u0117si sud\u0117tingos u\u017eduoties &#8211; i\u0161 prezidento artim\u0173j\u0173, oponent\u0173 ir bendra\u017eygi\u0173 i\u0161klausti tai, ko Lietuvos visuomen\u0117 apie buvus\u012f prezident\u0105 n\u0117ra gird\u0117jusi. I\u0161klaus\u0119s 400 \u017emoni\u0173, tarp j\u0173 ir u\u017esienio \u0161ali\u0173 prezidentus, 146 \u017emoni\u0173 liudijimus jis sud\u0117jo \u012f knyg\u0105 \u201e\u017dmogus laiko taikinyje. Algirdas Brazauskas draug\u0173 ir oponent\u0173 akimis\u201c. Net ir jam, dirbusiam prezident\u016broje, pasakojimai apie A. Brazausk\u0105 suk\u0117l\u0117 ir nuostab\u0105, ir juok\u0105. &#8220;Prie\u0161 20 met\u0173, 1993 met\u0173 vasario 14-\u0105j\u0105, mes i\u0161rinkome pirm\u0105j\u012f Respublikos Prezident\u0105. \u0160ios sukakties proga linkiu sau ir visiems, kad ir ateityje m\u016bs\u0173 Tautos lyderiu rinktume to vert\u0105 asmenyb\u0119. Patikim\u0105 ir tvirt\u0105 &#8211; kaip Lietuvos \u0105\u017euol\u0105. Kaip Brazausk\u0105.&#8221;<\/p>\n","protected":false},"excerpt":{"rendered":"<p id=\"rmjs-1\" class=\"article\" data-readmore=\"\" aria-expanded=\"true\">Atsiminim\u0173 knyga &#8220;\u017dmogus laiko taikinyje. Algirdas Brazauskas draug\u0173 ir oponent\u0173 akimis (su CD)&#8221; apie 1993 m. vasario 14-\u0105j\u0105 i\u0161rinkt\u0105 pirm\u0105j\u012f Respublikos prezident\u0105 Algird\u0105 Brazausk\u0105. \u017durnalistas, buv\u0119s prezidento Algirdo Brazausko patar\u0117jas Vilius Kavaliauskas \u0117m\u0117si sud\u0117tingos u\u017eduoties &#8211; i\u0161 prezidento artim\u0173j\u0173, oponent\u0173 ir bendra\u017eygi\u0173 i\u0161klausti tai, ko Lietuvos visuomen\u0117 apie buvus\u012f prezident\u0105 n\u0117ra gird\u0117jusi. I\u0161klaus\u0119s 400 \u017emoni\u0173, tarp j\u0173 ir u\u017esienio \u0161ali\u0173 prezidentus, 146 \u017emoni\u0173 liudijimus jis sud\u0117jo \u012f knyg\u0105 \u201e\u017dmogus laiko taikinyje. Algirdas Brazauskas draug\u0173 ir oponent\u0173 akimis\u201c. Net ir jam, dirbusiam prezident\u016broje, pasakojimai apie A. Brazausk\u0105 suk\u0117l\u0117 ir nuostab\u0105, ir juok\u0105. &#8220;Prie\u0161 20 met\u0173, 1993 met\u0173 vasario 14-\u0105j\u0105, mes i\u0161rinkome pirm\u0105j\u012f Respublikos Prezident\u0105. \u0160ios sukakties proga linkiu sau ir visiems, kad ir ateityje m\u016bs\u0173 Tautos lyderiu rinktume to vert\u0105 asmenyb\u0119. Patikim\u0105 ir tvirt\u0105 &#8211; kaip Lietuvos \u0105\u017euol\u0105. Kaip Brazausk\u0105.&#8221;<\/p>\n","protected":false},"featured_media":7019,"comment_status":"closed","ping_status":"closed","template":"","meta":{"_acf_changed":false,"site-sidebar-layout":"default","site-content-layout":"","ast-site-content-layout":"default","site-content-style":"default","site-sidebar-style":"default","ast-global-header-display":"","ast-banner-title-visibility":"","ast-main-header-display":"","ast-hfb-above-header-display":"","ast-hfb-below-header-display":"","ast-hfb-mobile-header-display":"","site-post-title":"","ast-breadcrumbs-content":"","ast-featured-img":"","footer-sml-layout":"","ast-disable-related-posts":"","theme-transparent-header-meta":"","adv-header-id-meta":"","stick-header-meta":"","header-above-stick-meta":"","header-main-stick-meta":"","header-below-stick-meta":"","astra-migrate-meta-layouts":"default","ast-page-background-enabled":"default","ast-page-background-meta":{"desktop":{"background-color":"","background-image":"","background-repeat":"repeat","background-position":"center center","background-size":"auto","background-attachment":"scroll","background-type":"","background-media":"","overlay-type":"","overlay-color":"","overlay-opacity":"","overlay-gradient":""},"tablet":{"background-color":"","background-image":"","background-repeat":"repeat","background-position":"center center","background-size":"auto","background-attachment":"scroll","background-type":"","background-media":"","overlay-type":"","overlay-color":"","overlay-opacity":"","overlay-gradient":""},"mobile":{"background-color":"","background-image":"","background-repeat":"repeat","background-position":"center center","background-size":"auto","background-attachment":"scroll","background-type":"","background-media":"","overlay-type":"","overlay-color":"","overlay-opacity":"","overlay-gradient":""}},"ast-content-background-meta":{"desktop":{"background-color":"var(--ast-global-color-4)","background-image":"","background-repeat":"repeat","background-position":"center center","background-size":"auto","background-attachment":"scroll","background-type":"","background-media":"","overlay-type":"","overlay-color":"","overlay-opacity":"","overlay-gradient":""},"tablet":{"background-color":"var(--ast-global-color-4)","background-image":"","background-repeat":"repeat","background-position":"center center","background-size":"auto","background-attachment":"scroll","background-type":"","background-media":"","overlay-type":"","overlay-color":"","overlay-opacity":"","overlay-gradient":""},"mobile":{"background-color":"var(--ast-global-color-4)","background-image":"","background-repeat":"repeat","background-position":"center center","background-size":"auto","background-attachment":"scroll","background-type":"","background-media":"","overlay-type":"","overlay-color":"","overlay-opacity":"","overlay-gradient":""}}},"product_brand":[],"product_cat":[33,174,9862],"product_tag":[],"class_list":{"0":"post-9533","1":"product","2":"type-product","3":"status-publish","4":"has-post-thumbnail","6":"product_cat-biografijos","7":"product_cat-istorija-ir-politologija","8":"product_cat-lietuvos-istorija","9":"desktop-align-left","10":"tablet-align-left","11":"mobile-align-left","13":"first","14":"instock","15":"shipping-taxable","16":"purchasable","17":"product-type-simple"},"acf":[],"yoast_head":"<!-- This site is optimized with the Yoast SEO plugin v27.4 - https:\/\/yoast.com\/product\/yoast-seo-wordpress\/ -->\n<title>Vilius Kavaliauskas \u201e\u017dmogus laiko taikinyje\u201c (su CD)<\/title>\n<meta name=\"description\" content=\"Atsiminim\u0173 knyga &quot;\u017dmogus laiko taikinyje. Algirdas Brazauskas draug\u0173 ir oponent\u0173 akimis (su CD)&quot; apie 1993 m. vasario 14-\u0105j\u0105 i\u0161rinkt\u0105 pirm\u0105j\u012f Respublikos prezident\u0105 Algird\u0105 Brazausk\u0105. \u017durnalistas, buv\u0119s prezidento Algirdo Brazausko patar\u0117jas Vilius Kavaliauskas \u0117m\u0117si sud\u0117tingos u\u017eduoties - i\u0161 prezidento artim\u0173j\u0173, oponent\u0173 ir bendra\u017eygi\u0173 i\u0161klausti tai, ko Lietuvos visuomen\u0117 apie buvus\u012f prezident\u0105 n\u0117ra gird\u0117jusi. I\u0161klaus\u0119s 400 \u017emoni\u0173, tarp j\u0173 ir u\u017esienio \u0161ali\u0173 prezidentus, 146 \u017emoni\u0173 liudijimus jis sud\u0117jo \u012f knyg\u0105 \u201e\u017dmogus laiko taikinyje. Algirdas Brazauskas draug\u0173 ir oponent\u0173 akimis\u201c. Net ir jam, dirbusiam prezident\u016broje, pasakojimai apie A. Brazausk\u0105 suk\u0117l\u0117 ir nuostab\u0105, ir juok\u0105. &quot;Prie\u0161 20 met\u0173, 1993 met\u0173 vasario 14-\u0105j\u0105, mes i\u0161rinkome pirm\u0105j\u012f Respublikos Prezident\u0105. \u0160ios sukakties proga linkiu sau ir visiems, kad ir ateityje m\u016bs\u0173 Tautos lyderiu rinktume to vert\u0105 asmenyb\u0119. Patikim\u0105 ir tvirt\u0105 - kaip Lietuvos \u0105\u017euol\u0105. Kaip Brazausk\u0105.&quot;\" \/>\n<meta name=\"robots\" content=\"index, follow, max-snippet:-1, max-image-preview:large, max-video-preview:-1\" \/>\n<link rel=\"canonical\" href=\"https:\/\/skaitytaknyga.lt\/en\/produktas\/vilius-kavaliauskas-zmogus-laiko-taikinyje-su-cd-2\/\" \/>\n<meta property=\"og:locale\" content=\"en_GB\" \/>\n<meta property=\"og:locale:alternate\" content=\"lt_LT\" \/>\n<meta property=\"og:type\" content=\"article\" \/>\n<meta property=\"og:title\" content=\"Vilius Kavaliauskas \u201e\u017dmogus laiko taikinyje\u201c (su CD)\" \/>\n<meta property=\"og:description\" content=\"Atsiminim\u0173 knyga &quot;\u017dmogus laiko taikinyje. Algirdas Brazauskas draug\u0173 ir oponent\u0173 akimis (su CD)&quot; apie 1993 m. vasario 14-\u0105j\u0105 i\u0161rinkt\u0105 pirm\u0105j\u012f Respublikos prezident\u0105 Algird\u0105 Brazausk\u0105. \u017durnalistas, buv\u0119s prezidento Algirdo Brazausko patar\u0117jas Vilius Kavaliauskas \u0117m\u0117si sud\u0117tingos u\u017eduoties - i\u0161 prezidento artim\u0173j\u0173, oponent\u0173 ir bendra\u017eygi\u0173 i\u0161klausti tai, ko Lietuvos visuomen\u0117 apie buvus\u012f prezident\u0105 n\u0117ra gird\u0117jusi. I\u0161klaus\u0119s 400 \u017emoni\u0173, tarp j\u0173 ir u\u017esienio \u0161ali\u0173 prezidentus, 146 \u017emoni\u0173 liudijimus jis sud\u0117jo \u012f knyg\u0105 \u201e\u017dmogus laiko taikinyje. Algirdas Brazauskas draug\u0173 ir oponent\u0173 akimis\u201c. Net ir jam, dirbusiam prezident\u016broje, pasakojimai apie A. Brazausk\u0105 suk\u0117l\u0117 ir nuostab\u0105, ir juok\u0105. &quot;Prie\u0161 20 met\u0173, 1993 met\u0173 vasario 14-\u0105j\u0105, mes i\u0161rinkome pirm\u0105j\u012f Respublikos Prezident\u0105. \u0160ios sukakties proga linkiu sau ir visiems, kad ir ateityje m\u016bs\u0173 Tautos lyderiu rinktume to vert\u0105 asmenyb\u0119. Patikim\u0105 ir tvirt\u0105 - kaip Lietuvos \u0105\u017euol\u0105. Kaip Brazausk\u0105.&quot;\" \/>\n<meta property=\"og:url\" content=\"https:\/\/skaitytaknyga.lt\/en\/produktas\/vilius-kavaliauskas-zmogus-laiko-taikinyje-su-cd-2\/\" \/>\n<meta property=\"og:site_name\" content=\"Skaitytaknyga\" \/>\n<meta property=\"article:publisher\" content=\"https:\/\/www.facebook.com\/skaitytaknyga\/\" \/>\n<meta property=\"article:modified_time\" content=\"2026-03-18T13:00:00+00:00\" \/>\n<meta property=\"og:image\" content=\"https:\/\/skaitytaknyga.lt\/wp-content\/uploads\/2024\/05\/000000000002149913-59de81c330172-asset-knyguklubas-cdb_9786094202766_zmogus_laiko_taikinyje_p1.jpg\" \/>\n\t<meta property=\"og:image:width\" content=\"285\" \/>\n\t<meta property=\"og:image:height\" content=\"403\" \/>\n\t<meta property=\"og:image:type\" content=\"image\/jpeg\" \/>\n<meta name=\"twitter:card\" content=\"summary_large_image\" \/>\n<meta name=\"twitter:label1\" content=\"Estimated reading time\" \/>\n\t<meta name=\"twitter:data1\" content=\"1 minute\" \/>\n<script type=\"application\/ld+json\" class=\"yoast-schema-graph\">{\"@context\":\"https:\\\/\\\/schema.org\",\"@graph\":[{\"@type\":\"WebPage\",\"@id\":\"https:\\\/\\\/skaitytaknyga.lt\\\/produktas\\\/vilius-kavaliauskas-zmogus-laiko-taikinyje-su-cd-2\\\/\",\"url\":\"https:\\\/\\\/skaitytaknyga.lt\\\/produktas\\\/vilius-kavaliauskas-zmogus-laiko-taikinyje-su-cd-2\\\/\",\"name\":\"Vilius Kavaliauskas \u201e\u017dmogus laiko taikinyje\u201c (su CD)\",\"isPartOf\":{\"@id\":\"https:\\\/\\\/skaitytaknyga.lt\\\/#website\"},\"primaryImageOfPage\":{\"@id\":\"https:\\\/\\\/skaitytaknyga.lt\\\/produktas\\\/vilius-kavaliauskas-zmogus-laiko-taikinyje-su-cd-2\\\/#primaryimage\"},\"image\":{\"@id\":\"https:\\\/\\\/skaitytaknyga.lt\\\/produktas\\\/vilius-kavaliauskas-zmogus-laiko-taikinyje-su-cd-2\\\/#primaryimage\"},\"thumbnailUrl\":\"https:\\\/\\\/skaitytaknyga.lt\\\/wp-content\\\/uploads\\\/2024\\\/05\\\/000000000002149913-59de81c330172-asset-knyguklubas-cdb_9786094202766_zmogus_laiko_taikinyje_p1.jpg\",\"datePublished\":\"2024-05-04T15:04:27+00:00\",\"dateModified\":\"2026-03-18T13:00:00+00:00\",\"description\":\"Atsiminim\u0173 knyga \\\"\u017dmogus laiko taikinyje. Algirdas Brazauskas draug\u0173 ir oponent\u0173 akimis (su CD)\\\" apie 1993 m. vasario 14-\u0105j\u0105 i\u0161rinkt\u0105 pirm\u0105j\u012f Respublikos prezident\u0105 Algird\u0105 Brazausk\u0105. \u017durnalistas, buv\u0119s prezidento Algirdo Brazausko patar\u0117jas Vilius Kavaliauskas \u0117m\u0117si sud\u0117tingos u\u017eduoties - i\u0161 prezidento artim\u0173j\u0173, oponent\u0173 ir bendra\u017eygi\u0173 i\u0161klausti tai, ko Lietuvos visuomen\u0117 apie buvus\u012f prezident\u0105 n\u0117ra gird\u0117jusi. I\u0161klaus\u0119s 400 \u017emoni\u0173, tarp j\u0173 ir u\u017esienio \u0161ali\u0173 prezidentus, 146 \u017emoni\u0173 liudijimus jis sud\u0117jo \u012f knyg\u0105 \u201e\u017dmogus laiko taikinyje. Algirdas Brazauskas draug\u0173 ir oponent\u0173 akimis\u201c. Net ir jam, dirbusiam prezident\u016broje, pasakojimai apie A. Brazausk\u0105 suk\u0117l\u0117 ir nuostab\u0105, ir juok\u0105. \\\"Prie\u0161 20 met\u0173, 1993 met\u0173 vasario 14-\u0105j\u0105, mes i\u0161rinkome pirm\u0105j\u012f Respublikos Prezident\u0105. \u0160ios sukakties proga linkiu sau ir visiems, kad ir ateityje m\u016bs\u0173 Tautos lyderiu rinktume to vert\u0105 asmenyb\u0119. Patikim\u0105 ir tvirt\u0105 - kaip Lietuvos \u0105\u017euol\u0105. Kaip Brazausk\u0105.\\\"\",\"breadcrumb\":{\"@id\":\"https:\\\/\\\/skaitytaknyga.lt\\\/produktas\\\/vilius-kavaliauskas-zmogus-laiko-taikinyje-su-cd-2\\\/#breadcrumb\"},\"inLanguage\":\"en-GB\",\"potentialAction\":[{\"@type\":\"ReadAction\",\"target\":[\"https:\\\/\\\/skaitytaknyga.lt\\\/produktas\\\/vilius-kavaliauskas-zmogus-laiko-taikinyje-su-cd-2\\\/\"]}]},{\"@type\":\"ImageObject\",\"inLanguage\":\"en-GB\",\"@id\":\"https:\\\/\\\/skaitytaknyga.lt\\\/produktas\\\/vilius-kavaliauskas-zmogus-laiko-taikinyje-su-cd-2\\\/#primaryimage\",\"url\":\"https:\\\/\\\/skaitytaknyga.lt\\\/wp-content\\\/uploads\\\/2024\\\/05\\\/000000000002149913-59de81c330172-asset-knyguklubas-cdb_9786094202766_zmogus_laiko_taikinyje_p1.jpg\",\"contentUrl\":\"https:\\\/\\\/skaitytaknyga.lt\\\/wp-content\\\/uploads\\\/2024\\\/05\\\/000000000002149913-59de81c330172-asset-knyguklubas-cdb_9786094202766_zmogus_laiko_taikinyje_p1.jpg\",\"width\":285,\"height\":403},{\"@type\":\"BreadcrumbList\",\"@id\":\"https:\\\/\\\/skaitytaknyga.lt\\\/produktas\\\/vilius-kavaliauskas-zmogus-laiko-taikinyje-su-cd-2\\\/#breadcrumb\",\"itemListElement\":[{\"@type\":\"ListItem\",\"position\":1,\"name\":\"Home\",\"item\":\"https:\\\/\\\/skaitytaknyga.lt\\\/\"},{\"@type\":\"ListItem\",\"position\":2,\"name\":\"Parduotuv\u0117\",\"item\":\"https:\\\/\\\/skaitytaknyga.lt\\\/knygu-parduotuve\\\/\"},{\"@type\":\"ListItem\",\"position\":3,\"name\":\"Vilius Kavaliauskas \u201e\u017dmogus laiko taikinyje\u201c (su CD)\"}]},{\"@type\":\"WebSite\",\"@id\":\"https:\\\/\\\/skaitytaknyga.lt\\\/#website\",\"url\":\"https:\\\/\\\/skaitytaknyga.lt\\\/\",\"name\":\"skaitytaknyga.lt\",\"description\":\"Skaitytaknyga.lt \u2013 tai ma\u017eas \u0161eimos verslas, kuris prasid\u0117jo nuo meil\u0117s knygoms ir siekio i\u0161gelb\u0117ti knygas nuo likimo prie konteinerio. Kas vienam nereikalingas daiktas \u2013 kitam lobis, o mes esame tarpininkai, kurie padeda abiems tapti laimingesniems ???? \u017dinome kaip nelengva i\u0161gyventi ma\u017eiems verslams, tad nuo \u0161iol, \u010dia rasite ir kit\u0173, ma\u017e\u0173 \u0161eim\u0173 versl\u0173, rank\u0173 darbo, dovan\u0173 sau ir artimiesiems.\",\"publisher\":{\"@id\":\"https:\\\/\\\/skaitytaknyga.lt\\\/#organization\"},\"potentialAction\":[{\"@type\":\"SearchAction\",\"target\":{\"@type\":\"EntryPoint\",\"urlTemplate\":\"https:\\\/\\\/skaitytaknyga.lt\\\/?s={search_term_string}\"},\"query-input\":{\"@type\":\"PropertyValueSpecification\",\"valueRequired\":true,\"valueName\":\"search_term_string\"}}],\"inLanguage\":\"en-GB\"},{\"@type\":\"Organization\",\"@id\":\"https:\\\/\\\/skaitytaknyga.lt\\\/#organization\",\"name\":\"skaitytaknyga.lt\",\"url\":\"https:\\\/\\\/skaitytaknyga.lt\\\/\",\"logo\":{\"@type\":\"ImageObject\",\"inLanguage\":\"en-GB\",\"@id\":\"https:\\\/\\\/skaitytaknyga.lt\\\/#\\\/schema\\\/logo\\\/image\\\/\",\"url\":\"https:\\\/\\\/skaitytaknyga.lt\\\/wp-content\\\/uploads\\\/2024\\\/05\\\/cropped-cropped-cropped-02_00843_jt3bggkj1j3HLc7SyY6rEUpg.jpeg\",\"contentUrl\":\"https:\\\/\\\/skaitytaknyga.lt\\\/wp-content\\\/uploads\\\/2024\\\/05\\\/cropped-cropped-cropped-02_00843_jt3bggkj1j3HLc7SyY6rEUpg.jpeg\",\"width\":1600,\"height\":1600,\"caption\":\"skaitytaknyga.lt\"},\"image\":{\"@id\":\"https:\\\/\\\/skaitytaknyga.lt\\\/#\\\/schema\\\/logo\\\/image\\\/\"},\"sameAs\":[\"https:\\\/\\\/www.facebook.com\\\/skaitytaknyga\\\/\"]}]}<\/script>\n<!-- \/ Yoast SEO plugin. -->","yoast_head_json":{"title":"Vilius Kavaliauskas \u201e\u017dmogus laiko taikinyje\u201c (su CD)","description":"Atsiminim\u0173 knyga \"\u017dmogus laiko taikinyje. Algirdas Brazauskas draug\u0173 ir oponent\u0173 akimis (su CD)\" apie 1993 m. vasario 14-\u0105j\u0105 i\u0161rinkt\u0105 pirm\u0105j\u012f Respublikos prezident\u0105 Algird\u0105 Brazausk\u0105. \u017durnalistas, buv\u0119s prezidento Algirdo Brazausko patar\u0117jas Vilius Kavaliauskas \u0117m\u0117si sud\u0117tingos u\u017eduoties - i\u0161 prezidento artim\u0173j\u0173, oponent\u0173 ir bendra\u017eygi\u0173 i\u0161klausti tai, ko Lietuvos visuomen\u0117 apie buvus\u012f prezident\u0105 n\u0117ra gird\u0117jusi. I\u0161klaus\u0119s 400 \u017emoni\u0173, tarp j\u0173 ir u\u017esienio \u0161ali\u0173 prezidentus, 146 \u017emoni\u0173 liudijimus jis sud\u0117jo \u012f knyg\u0105 \u201e\u017dmogus laiko taikinyje. Algirdas Brazauskas draug\u0173 ir oponent\u0173 akimis\u201c. Net ir jam, dirbusiam prezident\u016broje, pasakojimai apie A. Brazausk\u0105 suk\u0117l\u0117 ir nuostab\u0105, ir juok\u0105. \"Prie\u0161 20 met\u0173, 1993 met\u0173 vasario 14-\u0105j\u0105, mes i\u0161rinkome pirm\u0105j\u012f Respublikos Prezident\u0105. \u0160ios sukakties proga linkiu sau ir visiems, kad ir ateityje m\u016bs\u0173 Tautos lyderiu rinktume to vert\u0105 asmenyb\u0119. Patikim\u0105 ir tvirt\u0105 - kaip Lietuvos \u0105\u017euol\u0105. Kaip Brazausk\u0105.\"","robots":{"index":"index","follow":"follow","max-snippet":"max-snippet:-1","max-image-preview":"max-image-preview:large","max-video-preview":"max-video-preview:-1"},"canonical":"https:\/\/skaitytaknyga.lt\/en\/produktas\/vilius-kavaliauskas-zmogus-laiko-taikinyje-su-cd-2\/","og_locale":"en_GB","og_type":"article","og_title":"[:lt]Vilius Kavaliauskas \u201e\u017dmogus laiko taikinyje\u201c (su CD)[:] - Skaitytaknyga","og_description":"Atsiminim\u0173 knyga \"\u017dmogus laiko taikinyje. Algirdas Brazauskas draug\u0173 ir oponent\u0173 akimis (su CD)\" apie 1993 m. vasario 14-\u0105j\u0105 i\u0161rinkt\u0105 pirm\u0105j\u012f Respublikos prezident\u0105 Algird\u0105 Brazausk\u0105. \u017durnalistas, buv\u0119s prezidento Algirdo Brazausko patar\u0117jas Vilius Kavaliauskas \u0117m\u0117si sud\u0117tingos u\u017eduoties - i\u0161 prezidento artim\u0173j\u0173, oponent\u0173 ir bendra\u017eygi\u0173 i\u0161klausti tai, ko Lietuvos visuomen\u0117 apie buvus\u012f prezident\u0105 n\u0117ra gird\u0117jusi. I\u0161klaus\u0119s 400 \u017emoni\u0173, tarp j\u0173 ir u\u017esienio \u0161ali\u0173 prezidentus, 146 \u017emoni\u0173 liudijimus jis sud\u0117jo \u012f knyg\u0105 \u201e\u017dmogus laiko taikinyje. Algirdas Brazauskas draug\u0173 ir oponent\u0173 akimis\u201c. Net ir jam, dirbusiam prezident\u016broje, pasakojimai apie A. Brazausk\u0105 suk\u0117l\u0117 ir nuostab\u0105, ir juok\u0105. \"Prie\u0161 20 met\u0173, 1993 met\u0173 vasario 14-\u0105j\u0105, mes i\u0161rinkome pirm\u0105j\u012f Respublikos Prezident\u0105. \u0160ios sukakties proga linkiu sau ir visiems, kad ir ateityje m\u016bs\u0173 Tautos lyderiu rinktume to vert\u0105 asmenyb\u0119. Patikim\u0105 ir tvirt\u0105 - kaip Lietuvos \u0105\u017euol\u0105. Kaip Brazausk\u0105.\"","og_url":"https:\/\/skaitytaknyga.lt\/en\/produktas\/vilius-kavaliauskas-zmogus-laiko-taikinyje-su-cd-2\/","og_site_name":"Skaitytaknyga","article_publisher":"https:\/\/www.facebook.com\/skaitytaknyga\/","article_modified_time":"2026-03-18T13:00:00+00:00","og_image":[{"width":285,"height":403,"url":"https:\/\/skaitytaknyga.lt\/wp-content\/uploads\/2024\/05\/000000000002149913-59de81c330172-asset-knyguklubas-cdb_9786094202766_zmogus_laiko_taikinyje_p1.jpg","type":"image\/jpeg"}],"twitter_card":"summary_large_image","twitter_misc":{"Estimated reading time":"1 minute"},"schema":{"@context":"https:\/\/schema.org","@graph":[{"@type":"WebPage","@id":"https:\/\/skaitytaknyga.lt\/produktas\/vilius-kavaliauskas-zmogus-laiko-taikinyje-su-cd-2\/","url":"https:\/\/skaitytaknyga.lt\/produktas\/vilius-kavaliauskas-zmogus-laiko-taikinyje-su-cd-2\/","name":"Vilius Kavaliauskas \u201e\u017dmogus laiko taikinyje\u201c (su CD)","isPartOf":{"@id":"https:\/\/skaitytaknyga.lt\/#website"},"primaryImageOfPage":{"@id":"https:\/\/skaitytaknyga.lt\/produktas\/vilius-kavaliauskas-zmogus-laiko-taikinyje-su-cd-2\/#primaryimage"},"image":{"@id":"https:\/\/skaitytaknyga.lt\/produktas\/vilius-kavaliauskas-zmogus-laiko-taikinyje-su-cd-2\/#primaryimage"},"thumbnailUrl":"https:\/\/skaitytaknyga.lt\/wp-content\/uploads\/2024\/05\/000000000002149913-59de81c330172-asset-knyguklubas-cdb_9786094202766_zmogus_laiko_taikinyje_p1.jpg","datePublished":"2024-05-04T15:04:27+00:00","dateModified":"2026-03-18T13:00:00+00:00","description":"Atsiminim\u0173 knyga \"\u017dmogus laiko taikinyje. Algirdas Brazauskas draug\u0173 ir oponent\u0173 akimis (su CD)\" apie 1993 m. vasario 14-\u0105j\u0105 i\u0161rinkt\u0105 pirm\u0105j\u012f Respublikos prezident\u0105 Algird\u0105 Brazausk\u0105. \u017durnalistas, buv\u0119s prezidento Algirdo Brazausko patar\u0117jas Vilius Kavaliauskas \u0117m\u0117si sud\u0117tingos u\u017eduoties - i\u0161 prezidento artim\u0173j\u0173, oponent\u0173 ir bendra\u017eygi\u0173 i\u0161klausti tai, ko Lietuvos visuomen\u0117 apie buvus\u012f prezident\u0105 n\u0117ra gird\u0117jusi. I\u0161klaus\u0119s 400 \u017emoni\u0173, tarp j\u0173 ir u\u017esienio \u0161ali\u0173 prezidentus, 146 \u017emoni\u0173 liudijimus jis sud\u0117jo \u012f knyg\u0105 \u201e\u017dmogus laiko taikinyje. Algirdas Brazauskas draug\u0173 ir oponent\u0173 akimis\u201c. Net ir jam, dirbusiam prezident\u016broje, pasakojimai apie A. Brazausk\u0105 suk\u0117l\u0117 ir nuostab\u0105, ir juok\u0105. \"Prie\u0161 20 met\u0173, 1993 met\u0173 vasario 14-\u0105j\u0105, mes i\u0161rinkome pirm\u0105j\u012f Respublikos Prezident\u0105. \u0160ios sukakties proga linkiu sau ir visiems, kad ir ateityje m\u016bs\u0173 Tautos lyderiu rinktume to vert\u0105 asmenyb\u0119. Patikim\u0105 ir tvirt\u0105 - kaip Lietuvos \u0105\u017euol\u0105. Kaip Brazausk\u0105.\"","breadcrumb":{"@id":"https:\/\/skaitytaknyga.lt\/produktas\/vilius-kavaliauskas-zmogus-laiko-taikinyje-su-cd-2\/#breadcrumb"},"inLanguage":"en-GB","potentialAction":[{"@type":"ReadAction","target":["https:\/\/skaitytaknyga.lt\/produktas\/vilius-kavaliauskas-zmogus-laiko-taikinyje-su-cd-2\/"]}]},{"@type":"ImageObject","inLanguage":"en-GB","@id":"https:\/\/skaitytaknyga.lt\/produktas\/vilius-kavaliauskas-zmogus-laiko-taikinyje-su-cd-2\/#primaryimage","url":"https:\/\/skaitytaknyga.lt\/wp-content\/uploads\/2024\/05\/000000000002149913-59de81c330172-asset-knyguklubas-cdb_9786094202766_zmogus_laiko_taikinyje_p1.jpg","contentUrl":"https:\/\/skaitytaknyga.lt\/wp-content\/uploads\/2024\/05\/000000000002149913-59de81c330172-asset-knyguklubas-cdb_9786094202766_zmogus_laiko_taikinyje_p1.jpg","width":285,"height":403},{"@type":"BreadcrumbList","@id":"https:\/\/skaitytaknyga.lt\/produktas\/vilius-kavaliauskas-zmogus-laiko-taikinyje-su-cd-2\/#breadcrumb","itemListElement":[{"@type":"ListItem","position":1,"name":"Home","item":"https:\/\/skaitytaknyga.lt\/"},{"@type":"ListItem","position":2,"name":"Parduotuv\u0117","item":"https:\/\/skaitytaknyga.lt\/knygu-parduotuve\/"},{"@type":"ListItem","position":3,"name":"Vilius Kavaliauskas \u201e\u017dmogus laiko taikinyje\u201c (su CD)"}]},{"@type":"WebSite","@id":"https:\/\/skaitytaknyga.lt\/#website","url":"https:\/\/skaitytaknyga.lt\/","name":"skaitytaknyga.lt","description":"Skaitytaknyga.lt \u2013 tai ma\u017eas \u0161eimos verslas, kuris prasid\u0117jo nuo meil\u0117s knygoms ir siekio i\u0161gelb\u0117ti knygas nuo likimo prie konteinerio. Kas vienam nereikalingas daiktas \u2013 kitam lobis, o mes esame tarpininkai, kurie padeda abiems tapti laimingesniems ???? \u017dinome kaip nelengva i\u0161gyventi ma\u017eiems verslams, tad nuo \u0161iol, \u010dia rasite ir kit\u0173, ma\u017e\u0173 \u0161eim\u0173 versl\u0173, rank\u0173 darbo, dovan\u0173 sau ir artimiesiems.","publisher":{"@id":"https:\/\/skaitytaknyga.lt\/#organization"},"potentialAction":[{"@type":"SearchAction","target":{"@type":"EntryPoint","urlTemplate":"https:\/\/skaitytaknyga.lt\/?s={search_term_string}"},"query-input":{"@type":"PropertyValueSpecification","valueRequired":true,"valueName":"search_term_string"}}],"inLanguage":"en-GB"},{"@type":"Organization","@id":"https:\/\/skaitytaknyga.lt\/#organization","name":"skaitytaknyga.lt","url":"https:\/\/skaitytaknyga.lt\/","logo":{"@type":"ImageObject","inLanguage":"en-GB","@id":"https:\/\/skaitytaknyga.lt\/#\/schema\/logo\/image\/","url":"https:\/\/skaitytaknyga.lt\/wp-content\/uploads\/2024\/05\/cropped-cropped-cropped-02_00843_jt3bggkj1j3HLc7SyY6rEUpg.jpeg","contentUrl":"https:\/\/skaitytaknyga.lt\/wp-content\/uploads\/2024\/05\/cropped-cropped-cropped-02_00843_jt3bggkj1j3HLc7SyY6rEUpg.jpeg","width":1600,"height":1600,"caption":"skaitytaknyga.lt"},"image":{"@id":"https:\/\/skaitytaknyga.lt\/#\/schema\/logo\/image\/"},"sameAs":["https:\/\/www.facebook.com\/skaitytaknyga\/"]}]}},"_links":{"self":[{"href":"https:\/\/skaitytaknyga.lt\/en\/wp-json\/wp\/v2\/product\/9533","targetHints":{"allow":["GET"]}}],"collection":[{"href":"https:\/\/skaitytaknyga.lt\/en\/wp-json\/wp\/v2\/product"}],"about":[{"href":"https:\/\/skaitytaknyga.lt\/en\/wp-json\/wp\/v2\/types\/product"}],"replies":[{"embeddable":true,"href":"https:\/\/skaitytaknyga.lt\/en\/wp-json\/wp\/v2\/comments?post=9533"}],"wp:featuredmedia":[{"embeddable":true,"href":"https:\/\/skaitytaknyga.lt\/en\/wp-json\/wp\/v2\/media\/7019"}],"wp:attachment":[{"href":"https:\/\/skaitytaknyga.lt\/en\/wp-json\/wp\/v2\/media?parent=9533"}],"wp:term":[{"taxonomy":"product_brand","embeddable":true,"href":"https:\/\/skaitytaknyga.lt\/en\/wp-json\/wp\/v2\/product_brand?post=9533"},{"taxonomy":"product_cat","embeddable":true,"href":"https:\/\/skaitytaknyga.lt\/en\/wp-json\/wp\/v2\/product_cat?post=9533"},{"taxonomy":"product_tag","embeddable":true,"href":"https:\/\/skaitytaknyga.lt\/en\/wp-json\/wp\/v2\/product_tag?post=9533"}],"curies":[{"name":"wp","href":"https:\/\/api.w.org\/{rel}","templated":true}]}}