{"id":9521,"date":"2024-05-04T15:04:26","date_gmt":"2024-05-04T15:04:26","guid":{"rendered":"https:\/\/skaitytaknyga.lt\/?post_type=product&#038;p=9521"},"modified":"2024-05-04T15:04:42","modified_gmt":"2024-05-04T15:04:42","slug":"stephan-pastis-timmy-failure-mistakes-were-made-2","status":"publish","type":"product","link":"https:\/\/skaitytaknyga.lt\/en\/produktas\/stephan-pastis-timmy-failure-mistakes-were-made-2\/","title":{"rendered":"Stephan Pastis \u201eTimmy Failure Mistakes Were Made\u201c"},"content":{"rendered":"<div class=\"book-descript-wrapper\">\n<section class=\"product-descript more-content-wrapper\">\n<div class=\"\">The hilarious and ever-optimistic Timmy Failure, and his sidekick polar bear, Total, create chaos as they attempt to make sense of the world. Meet Timmy Failure, founder of the &#8220;best&#8221; detective agency in town &#8211; Total Failure, Inc. With the help of his polar bear, Total, the clueless, comically self-confident Timmy already has plans for world domination. Plans that will make his mother rich and unpaid bills a thing of the past. And plans that will defeat Corrina Corrina, &#8220;The One Whose Name Shall Not Be Uttered&#8221;. But she&#8217;s not going away. Riotously funny, Timmy Failure is sure to have readers in stitches. You can discover more of Timmy and Total&#8217;s escapades in the hilarious sequel Timmy Failure<\/div>\n<\/section>\n<\/div>\n","protected":false},"excerpt":{"rendered":"<div class=\"book-descript-wrapper\">\n<section class=\"product-descript more-content-wrapper\">\n<div class=\"\">The hilarious and ever-optimistic Timmy Failure, and his sidekick polar bear, Total, create chaos as they attempt to make sense of the world. Meet Timmy Failure, founder of the &#8220;best&#8221; detective agency in town &#8211; Total Failure, Inc. With the help of his polar bear, Total, the clueless, comically self-confident Timmy already has plans for world domination. Plans that will make his mother rich and unpaid bills a thing of the past. And plans that will defeat Corrina Corrina, &#8220;The One Whose Name Shall Not Be Uttered&#8221;. But she&#8217;s not going away. Riotously funny, Timmy Failure is sure to have readers in stitches. You can discover more of Timmy and Total&#8217;s escapades in the hilarious sequel Timmy Failure<\/div>\n<\/section>\n<\/div>\n","protected":false},"featured_media":6996,"comment_status":"closed","ping_status":"closed","template":"","meta":{"_acf_changed":false,"site-sidebar-layout":"default","site-content-layout":"","ast-site-content-layout":"default","site-content-style":"default","site-sidebar-style":"default","ast-global-header-display":"","ast-banner-title-visibility":"","ast-main-header-display":"","ast-hfb-above-header-display":"","ast-hfb-below-header-display":"","ast-hfb-mobile-header-display":"","site-post-title":"","ast-breadcrumbs-content":"","ast-featured-img":"","footer-sml-layout":"","ast-disable-related-posts":"","theme-transparent-header-meta":"","adv-header-id-meta":"","stick-header-meta":"","header-above-stick-meta":"","header-main-stick-meta":"","header-below-stick-meta":"","astra-migrate-meta-layouts":"default","ast-page-background-enabled":"default","ast-page-background-meta":{"desktop":{"background-color":"","background-image":"","background-repeat":"repeat","background-position":"center center","background-size":"auto","background-attachment":"scroll","background-type":"","background-media":"","overlay-type":"","overlay-color":"","overlay-opacity":"","overlay-gradient":""},"tablet":{"background-color":"","background-image":"","background-repeat":"repeat","background-position":"center center","background-size":"auto","background-attachment":"scroll","background-type":"","background-media":"","overlay-type":"","overlay-color":"","overlay-opacity":"","overlay-gradient":""},"mobile":{"background-color":"","background-image":"","background-repeat":"repeat","background-position":"center center","background-size":"auto","background-attachment":"scroll","background-type":"","background-media":"","overlay-type":"","overlay-color":"","overlay-opacity":"","overlay-gradient":""}},"ast-content-background-meta":{"desktop":{"background-color":"var(--ast-global-color-4)","background-image":"","background-repeat":"repeat","background-position":"center center","background-size":"auto","background-attachment":"scroll","background-type":"","background-media":"","overlay-type":"","overlay-color":"","overlay-opacity":"","overlay-gradient":""},"tablet":{"background-color":"var(--ast-global-color-4)","background-image":"","background-repeat":"repeat","background-position":"center center","background-size":"auto","background-attachment":"scroll","background-type":"","background-media":"","overlay-type":"","overlay-color":"","overlay-opacity":"","overlay-gradient":""},"mobile":{"background-color":"var(--ast-global-color-4)","background-image":"","background-repeat":"repeat","background-position":"center center","background-size":"auto","background-attachment":"scroll","background-type":"","background-media":"","overlay-type":"","overlay-color":"","overlay-opacity":"","overlay-gradient":""}}},"product_brand":[],"product_cat":[34,35],"product_tag":[],"class_list":{"0":"post-9521","1":"product","2":"type-product","3":"status-publish","4":"has-post-thumbnail","6":"product_cat-knygos-anglu-kalba","7":"product_cat-vaikams-ir-paaugliams","8":"desktop-align-left","9":"tablet-align-left","10":"mobile-align-left","12":"first","13":"outofstock","14":"shipping-taxable","15":"purchasable","16":"product-type-simple"},"acf":[],"yoast_head":"<!-- This site is optimized with the Yoast SEO plugin v27.4 - https:\/\/yoast.com\/product\/yoast-seo-wordpress\/ -->\n<title>Stephan Pastis \u201eTimmy Failure Mistakes Were Made\u201c - Skaitytaknyga<\/title>\n<meta name=\"description\" content=\"The hilarious and ever-optimistic Timmy Failure, and his sidekick polar bear, Total, create chaos as they attempt to make sense of the world. Meet Timmy Failure, founder of the &quot;best&quot; detective agency in town - Total Failure, Inc. With the help of his polar bear, Total, the clueless, comically self-confident Timmy already has plans for world domination. Plans that will make his mother rich and unpaid bills a thing of the past. And plans that will defeat Corrina Corrina, &quot;The One Whose Name Shall Not Be Uttered&quot;. But she&#039;s not going away. Riotously funny, Timmy Failure is sure to have readers in stitches. You can discover more of Timmy and Total&#039;s escapades in the hilarious sequel Timmy Failure\" \/>\n<meta name=\"robots\" content=\"index, follow, max-snippet:-1, max-image-preview:large, max-video-preview:-1\" \/>\n<link rel=\"canonical\" href=\"https:\/\/skaitytaknyga.lt\/en\/produktas\/stephan-pastis-timmy-failure-mistakes-were-made-2\/\" \/>\n<meta property=\"og:locale\" content=\"en_GB\" \/>\n<meta property=\"og:locale:alternate\" content=\"lt_LT\" \/>\n<meta property=\"og:type\" content=\"article\" \/>\n<meta property=\"og:title\" content=\"Stephan Pastis \u201eTimmy Failure Mistakes Were Made\u201c - Skaitytaknyga\" \/>\n<meta property=\"og:description\" content=\"The hilarious and ever-optimistic Timmy Failure, and his sidekick polar bear, Total, create chaos as they attempt to make sense of the world. Meet Timmy Failure, founder of the &quot;best&quot; detective agency in town - Total Failure, Inc. With the help of his polar bear, Total, the clueless, comically self-confident Timmy already has plans for world domination. Plans that will make his mother rich and unpaid bills a thing of the past. And plans that will defeat Corrina Corrina, &quot;The One Whose Name Shall Not Be Uttered&quot;. But she&#039;s not going away. Riotously funny, Timmy Failure is sure to have readers in stitches. You can discover more of Timmy and Total&#039;s escapades in the hilarious sequel Timmy Failure\" \/>\n<meta property=\"og:url\" content=\"https:\/\/skaitytaknyga.lt\/en\/produktas\/stephan-pastis-timmy-failure-mistakes-were-made-2\/\" \/>\n<meta property=\"og:site_name\" content=\"Skaitytaknyga\" \/>\n<meta property=\"article:publisher\" content=\"https:\/\/www.facebook.com\/skaitytaknyga\/\" \/>\n<meta property=\"article:modified_time\" content=\"2024-05-04T15:04:42+00:00\" \/>\n<meta property=\"og:image\" content=\"https:\/\/skaitytaknyga.lt\/wp-content\/uploads\/2024\/05\/714LGjtgenL.jpg\" \/>\n\t<meta property=\"og:image:width\" content=\"1000\" \/>\n\t<meta property=\"og:image:height\" content=\"1535\" \/>\n\t<meta property=\"og:image:type\" content=\"image\/jpeg\" \/>\n<meta name=\"twitter:card\" content=\"summary_large_image\" \/>\n<meta name=\"twitter:label1\" content=\"Estimated reading time\" \/>\n\t<meta name=\"twitter:data1\" content=\"1 minute\" \/>\n<script type=\"application\/ld+json\" class=\"yoast-schema-graph\">{\"@context\":\"https:\\\/\\\/schema.org\",\"@graph\":[{\"@type\":\"WebPage\",\"@id\":\"https:\\\/\\\/skaitytaknyga.lt\\\/produktas\\\/stephan-pastis-timmy-failure-mistakes-were-made-2\\\/\",\"url\":\"https:\\\/\\\/skaitytaknyga.lt\\\/produktas\\\/stephan-pastis-timmy-failure-mistakes-were-made-2\\\/\",\"name\":\"Stephan Pastis \u201eTimmy Failure Mistakes Were Made\u201c - Skaitytaknyga\",\"isPartOf\":{\"@id\":\"https:\\\/\\\/skaitytaknyga.lt\\\/#website\"},\"primaryImageOfPage\":{\"@id\":\"https:\\\/\\\/skaitytaknyga.lt\\\/produktas\\\/stephan-pastis-timmy-failure-mistakes-were-made-2\\\/#primaryimage\"},\"image\":{\"@id\":\"https:\\\/\\\/skaitytaknyga.lt\\\/produktas\\\/stephan-pastis-timmy-failure-mistakes-were-made-2\\\/#primaryimage\"},\"thumbnailUrl\":\"https:\\\/\\\/skaitytaknyga.lt\\\/wp-content\\\/uploads\\\/2024\\\/05\\\/714LGjtgenL.jpg\",\"datePublished\":\"2024-05-04T15:04:26+00:00\",\"dateModified\":\"2024-05-04T15:04:42+00:00\",\"description\":\"The hilarious and ever-optimistic Timmy Failure, and his sidekick polar bear, Total, create chaos as they attempt to make sense of the world. Meet Timmy Failure, founder of the \\\"best\\\" detective agency in town - Total Failure, Inc. With the help of his polar bear, Total, the clueless, comically self-confident Timmy already has plans for world domination. Plans that will make his mother rich and unpaid bills a thing of the past. And plans that will defeat Corrina Corrina, \\\"The One Whose Name Shall Not Be Uttered\\\". But she's not going away. Riotously funny, Timmy Failure is sure to have readers in stitches. You can discover more of Timmy and Total's escapades in the hilarious sequel Timmy Failure\",\"breadcrumb\":{\"@id\":\"https:\\\/\\\/skaitytaknyga.lt\\\/produktas\\\/stephan-pastis-timmy-failure-mistakes-were-made-2\\\/#breadcrumb\"},\"inLanguage\":\"en-GB\",\"potentialAction\":[{\"@type\":\"ReadAction\",\"target\":[\"https:\\\/\\\/skaitytaknyga.lt\\\/produktas\\\/stephan-pastis-timmy-failure-mistakes-were-made-2\\\/\"]}]},{\"@type\":\"ImageObject\",\"inLanguage\":\"en-GB\",\"@id\":\"https:\\\/\\\/skaitytaknyga.lt\\\/produktas\\\/stephan-pastis-timmy-failure-mistakes-were-made-2\\\/#primaryimage\",\"url\":\"https:\\\/\\\/skaitytaknyga.lt\\\/wp-content\\\/uploads\\\/2024\\\/05\\\/714LGjtgenL.jpg\",\"contentUrl\":\"https:\\\/\\\/skaitytaknyga.lt\\\/wp-content\\\/uploads\\\/2024\\\/05\\\/714LGjtgenL.jpg\",\"width\":1000,\"height\":1535},{\"@type\":\"BreadcrumbList\",\"@id\":\"https:\\\/\\\/skaitytaknyga.lt\\\/produktas\\\/stephan-pastis-timmy-failure-mistakes-were-made-2\\\/#breadcrumb\",\"itemListElement\":[{\"@type\":\"ListItem\",\"position\":1,\"name\":\"Home\",\"item\":\"https:\\\/\\\/skaitytaknyga.lt\\\/\"},{\"@type\":\"ListItem\",\"position\":2,\"name\":\"Parduotuv\u0117\",\"item\":\"https:\\\/\\\/skaitytaknyga.lt\\\/knygu-parduotuve\\\/\"},{\"@type\":\"ListItem\",\"position\":3,\"name\":\"Stephan Pastis \u201eTimmy Failure Mistakes Were Made\u201c\"}]},{\"@type\":\"WebSite\",\"@id\":\"https:\\\/\\\/skaitytaknyga.lt\\\/#website\",\"url\":\"https:\\\/\\\/skaitytaknyga.lt\\\/\",\"name\":\"skaitytaknyga.lt\",\"description\":\"Skaitytaknyga.lt \u2013 tai ma\u017eas \u0161eimos verslas, kuris prasid\u0117jo nuo meil\u0117s knygoms ir siekio i\u0161gelb\u0117ti knygas nuo likimo prie konteinerio. Kas vienam nereikalingas daiktas \u2013 kitam lobis, o mes esame tarpininkai, kurie padeda abiems tapti laimingesniems ???? \u017dinome kaip nelengva i\u0161gyventi ma\u017eiems verslams, tad nuo \u0161iol, \u010dia rasite ir kit\u0173, ma\u017e\u0173 \u0161eim\u0173 versl\u0173, rank\u0173 darbo, dovan\u0173 sau ir artimiesiems.\",\"publisher\":{\"@id\":\"https:\\\/\\\/skaitytaknyga.lt\\\/#organization\"},\"potentialAction\":[{\"@type\":\"SearchAction\",\"target\":{\"@type\":\"EntryPoint\",\"urlTemplate\":\"https:\\\/\\\/skaitytaknyga.lt\\\/?s={search_term_string}\"},\"query-input\":{\"@type\":\"PropertyValueSpecification\",\"valueRequired\":true,\"valueName\":\"search_term_string\"}}],\"inLanguage\":\"en-GB\"},{\"@type\":\"Organization\",\"@id\":\"https:\\\/\\\/skaitytaknyga.lt\\\/#organization\",\"name\":\"skaitytaknyga.lt\",\"url\":\"https:\\\/\\\/skaitytaknyga.lt\\\/\",\"logo\":{\"@type\":\"ImageObject\",\"inLanguage\":\"en-GB\",\"@id\":\"https:\\\/\\\/skaitytaknyga.lt\\\/#\\\/schema\\\/logo\\\/image\\\/\",\"url\":\"https:\\\/\\\/skaitytaknyga.lt\\\/wp-content\\\/uploads\\\/2024\\\/05\\\/cropped-cropped-cropped-02_00843_jt3bggkj1j3HLc7SyY6rEUpg.jpeg\",\"contentUrl\":\"https:\\\/\\\/skaitytaknyga.lt\\\/wp-content\\\/uploads\\\/2024\\\/05\\\/cropped-cropped-cropped-02_00843_jt3bggkj1j3HLc7SyY6rEUpg.jpeg\",\"width\":1600,\"height\":1600,\"caption\":\"skaitytaknyga.lt\"},\"image\":{\"@id\":\"https:\\\/\\\/skaitytaknyga.lt\\\/#\\\/schema\\\/logo\\\/image\\\/\"},\"sameAs\":[\"https:\\\/\\\/www.facebook.com\\\/skaitytaknyga\\\/\"]}]}<\/script>\n<!-- \/ Yoast SEO plugin. -->","yoast_head_json":{"title":"Stephan Pastis \u201eTimmy Failure Mistakes Were Made\u201c - Skaitytaknyga","description":"The hilarious and ever-optimistic Timmy Failure, and his sidekick polar bear, Total, create chaos as they attempt to make sense of the world. Meet Timmy Failure, founder of the \"best\" detective agency in town - Total Failure, Inc. With the help of his polar bear, Total, the clueless, comically self-confident Timmy already has plans for world domination. Plans that will make his mother rich and unpaid bills a thing of the past. And plans that will defeat Corrina Corrina, \"The One Whose Name Shall Not Be Uttered\". But she's not going away. Riotously funny, Timmy Failure is sure to have readers in stitches. You can discover more of Timmy and Total's escapades in the hilarious sequel Timmy Failure","robots":{"index":"index","follow":"follow","max-snippet":"max-snippet:-1","max-image-preview":"max-image-preview:large","max-video-preview":"max-video-preview:-1"},"canonical":"https:\/\/skaitytaknyga.lt\/en\/produktas\/stephan-pastis-timmy-failure-mistakes-were-made-2\/","og_locale":"en_GB","og_type":"article","og_title":"Stephan Pastis \u201eTimmy Failure Mistakes Were Made\u201c - Skaitytaknyga","og_description":"The hilarious and ever-optimistic Timmy Failure, and his sidekick polar bear, Total, create chaos as they attempt to make sense of the world. Meet Timmy Failure, founder of the \"best\" detective agency in town - Total Failure, Inc. With the help of his polar bear, Total, the clueless, comically self-confident Timmy already has plans for world domination. Plans that will make his mother rich and unpaid bills a thing of the past. And plans that will defeat Corrina Corrina, \"The One Whose Name Shall Not Be Uttered\". But she's not going away. Riotously funny, Timmy Failure is sure to have readers in stitches. You can discover more of Timmy and Total's escapades in the hilarious sequel Timmy Failure","og_url":"https:\/\/skaitytaknyga.lt\/en\/produktas\/stephan-pastis-timmy-failure-mistakes-were-made-2\/","og_site_name":"Skaitytaknyga","article_publisher":"https:\/\/www.facebook.com\/skaitytaknyga\/","article_modified_time":"2024-05-04T15:04:42+00:00","og_image":[{"width":1000,"height":1535,"url":"https:\/\/skaitytaknyga.lt\/wp-content\/uploads\/2024\/05\/714LGjtgenL.jpg","type":"image\/jpeg"}],"twitter_card":"summary_large_image","twitter_misc":{"Estimated reading time":"1 minute"},"schema":{"@context":"https:\/\/schema.org","@graph":[{"@type":"WebPage","@id":"https:\/\/skaitytaknyga.lt\/produktas\/stephan-pastis-timmy-failure-mistakes-were-made-2\/","url":"https:\/\/skaitytaknyga.lt\/produktas\/stephan-pastis-timmy-failure-mistakes-were-made-2\/","name":"Stephan Pastis \u201eTimmy Failure Mistakes Were Made\u201c - Skaitytaknyga","isPartOf":{"@id":"https:\/\/skaitytaknyga.lt\/#website"},"primaryImageOfPage":{"@id":"https:\/\/skaitytaknyga.lt\/produktas\/stephan-pastis-timmy-failure-mistakes-were-made-2\/#primaryimage"},"image":{"@id":"https:\/\/skaitytaknyga.lt\/produktas\/stephan-pastis-timmy-failure-mistakes-were-made-2\/#primaryimage"},"thumbnailUrl":"https:\/\/skaitytaknyga.lt\/wp-content\/uploads\/2024\/05\/714LGjtgenL.jpg","datePublished":"2024-05-04T15:04:26+00:00","dateModified":"2024-05-04T15:04:42+00:00","description":"The hilarious and ever-optimistic Timmy Failure, and his sidekick polar bear, Total, create chaos as they attempt to make sense of the world. Meet Timmy Failure, founder of the \"best\" detective agency in town - Total Failure, Inc. With the help of his polar bear, Total, the clueless, comically self-confident Timmy already has plans for world domination. Plans that will make his mother rich and unpaid bills a thing of the past. And plans that will defeat Corrina Corrina, \"The One Whose Name Shall Not Be Uttered\". But she's not going away. Riotously funny, Timmy Failure is sure to have readers in stitches. You can discover more of Timmy and Total's escapades in the hilarious sequel Timmy Failure","breadcrumb":{"@id":"https:\/\/skaitytaknyga.lt\/produktas\/stephan-pastis-timmy-failure-mistakes-were-made-2\/#breadcrumb"},"inLanguage":"en-GB","potentialAction":[{"@type":"ReadAction","target":["https:\/\/skaitytaknyga.lt\/produktas\/stephan-pastis-timmy-failure-mistakes-were-made-2\/"]}]},{"@type":"ImageObject","inLanguage":"en-GB","@id":"https:\/\/skaitytaknyga.lt\/produktas\/stephan-pastis-timmy-failure-mistakes-were-made-2\/#primaryimage","url":"https:\/\/skaitytaknyga.lt\/wp-content\/uploads\/2024\/05\/714LGjtgenL.jpg","contentUrl":"https:\/\/skaitytaknyga.lt\/wp-content\/uploads\/2024\/05\/714LGjtgenL.jpg","width":1000,"height":1535},{"@type":"BreadcrumbList","@id":"https:\/\/skaitytaknyga.lt\/produktas\/stephan-pastis-timmy-failure-mistakes-were-made-2\/#breadcrumb","itemListElement":[{"@type":"ListItem","position":1,"name":"Home","item":"https:\/\/skaitytaknyga.lt\/"},{"@type":"ListItem","position":2,"name":"Parduotuv\u0117","item":"https:\/\/skaitytaknyga.lt\/knygu-parduotuve\/"},{"@type":"ListItem","position":3,"name":"Stephan Pastis \u201eTimmy Failure Mistakes Were Made\u201c"}]},{"@type":"WebSite","@id":"https:\/\/skaitytaknyga.lt\/#website","url":"https:\/\/skaitytaknyga.lt\/","name":"skaitytaknyga.lt","description":"Skaitytaknyga.lt \u2013 tai ma\u017eas \u0161eimos verslas, kuris prasid\u0117jo nuo meil\u0117s knygoms ir siekio i\u0161gelb\u0117ti knygas nuo likimo prie konteinerio. Kas vienam nereikalingas daiktas \u2013 kitam lobis, o mes esame tarpininkai, kurie padeda abiems tapti laimingesniems ???? \u017dinome kaip nelengva i\u0161gyventi ma\u017eiems verslams, tad nuo \u0161iol, \u010dia rasite ir kit\u0173, ma\u017e\u0173 \u0161eim\u0173 versl\u0173, rank\u0173 darbo, dovan\u0173 sau ir artimiesiems.","publisher":{"@id":"https:\/\/skaitytaknyga.lt\/#organization"},"potentialAction":[{"@type":"SearchAction","target":{"@type":"EntryPoint","urlTemplate":"https:\/\/skaitytaknyga.lt\/?s={search_term_string}"},"query-input":{"@type":"PropertyValueSpecification","valueRequired":true,"valueName":"search_term_string"}}],"inLanguage":"en-GB"},{"@type":"Organization","@id":"https:\/\/skaitytaknyga.lt\/#organization","name":"skaitytaknyga.lt","url":"https:\/\/skaitytaknyga.lt\/","logo":{"@type":"ImageObject","inLanguage":"en-GB","@id":"https:\/\/skaitytaknyga.lt\/#\/schema\/logo\/image\/","url":"https:\/\/skaitytaknyga.lt\/wp-content\/uploads\/2024\/05\/cropped-cropped-cropped-02_00843_jt3bggkj1j3HLc7SyY6rEUpg.jpeg","contentUrl":"https:\/\/skaitytaknyga.lt\/wp-content\/uploads\/2024\/05\/cropped-cropped-cropped-02_00843_jt3bggkj1j3HLc7SyY6rEUpg.jpeg","width":1600,"height":1600,"caption":"skaitytaknyga.lt"},"image":{"@id":"https:\/\/skaitytaknyga.lt\/#\/schema\/logo\/image\/"},"sameAs":["https:\/\/www.facebook.com\/skaitytaknyga\/"]}]}},"_links":{"self":[{"href":"https:\/\/skaitytaknyga.lt\/en\/wp-json\/wp\/v2\/product\/9521","targetHints":{"allow":["GET"]}}],"collection":[{"href":"https:\/\/skaitytaknyga.lt\/en\/wp-json\/wp\/v2\/product"}],"about":[{"href":"https:\/\/skaitytaknyga.lt\/en\/wp-json\/wp\/v2\/types\/product"}],"replies":[{"embeddable":true,"href":"https:\/\/skaitytaknyga.lt\/en\/wp-json\/wp\/v2\/comments?post=9521"}],"wp:featuredmedia":[{"embeddable":true,"href":"https:\/\/skaitytaknyga.lt\/en\/wp-json\/wp\/v2\/media\/6996"}],"wp:attachment":[{"href":"https:\/\/skaitytaknyga.lt\/en\/wp-json\/wp\/v2\/media?parent=9521"}],"wp:term":[{"taxonomy":"product_brand","embeddable":true,"href":"https:\/\/skaitytaknyga.lt\/en\/wp-json\/wp\/v2\/product_brand?post=9521"},{"taxonomy":"product_cat","embeddable":true,"href":"https:\/\/skaitytaknyga.lt\/en\/wp-json\/wp\/v2\/product_cat?post=9521"},{"taxonomy":"product_tag","embeddable":true,"href":"https:\/\/skaitytaknyga.lt\/en\/wp-json\/wp\/v2\/product_tag?post=9521"}],"curies":[{"name":"wp","href":"https:\/\/api.w.org\/{rel}","templated":true}]}}