{"id":9520,"date":"2024-05-04T15:04:26","date_gmt":"2024-05-04T15:04:26","guid":{"rendered":"https:\/\/skaitytaknyga.lt\/?post_type=product&#038;p=9520"},"modified":"2024-05-04T15:04:41","modified_gmt":"2024-05-04T15:04:41","slug":"carol-r-frenier-verslas-ir-moteriskumo-principas-2","status":"publish","type":"product","link":"https:\/\/skaitytaknyga.lt\/en\/produktas\/carol-r-frenier-verslas-ir-moteriskumo-principas-2\/","title":{"rendered":"Carol R. Frenier \u201eVerslas ir moteri\u0161kumo principas\u201c"},"content":{"rendered":"<p>Knygos autor\u0117 \u2013 verslinink\u0117, analitin\u0117s psichologijos atstov\u0117 \u2013 labai suprantamai ir paprastai atskleid\u017eia archetipinio moteri\u0161kumo pagrindus ir jo \u012ftak\u0105 verslui. Tai ne mokslinis veikalas \u2013 kaip moterims pasiekti auk\u0161\u010diausi\u0173 ar \u012ftakingiausi\u0173 post\u0173, taip pat ir ne viena i\u0161 vyri\u0161kojo suvokimo ar elgesio kritik\u0173. \u0160i knyga suteikia galimyb\u0119 kitaip pa\u017evelgti \u012f kiekvieno \u017emogaus moteri\u0161k\u0105j\u0105 pus\u0119, pamatyti, ko pasiekt\u0173 verslas, jei moteri\u0161kumo principui b\u016bt\u0173 skirta tiek pat d\u0117mesio ir paramos darbo vietoje, kiek ir vyri\u0161kajam suvokimui. \u201eVerslas ir moteri\u0161kumo principas\u201c skirtas visiems \u2013 ir verslo naujokams, ir patyrusiems verslininkams. Tai knyga apie nauj\u0105 po\u017ei\u016br\u012f \u012f moteri\u0161kos ir vyri\u0161kos energijos suvienijim\u0105 ir galimyb\u0119 mums visiems kurti perspektyvi\u0105 ateit\u012f.<\/p>\n","protected":false},"excerpt":{"rendered":"<p>Knygos autor\u0117 \u2013 verslinink\u0117, analitin\u0117s psichologijos atstov\u0117 \u2013 labai suprantamai ir paprastai atskleid\u017eia archetipinio moteri\u0161kumo pagrindus ir jo \u012ftak\u0105 verslui. Tai ne mokslinis veikalas \u2013 kaip moterims pasiekti auk\u0161\u010diausi\u0173 ar \u012ftakingiausi\u0173 post\u0173, taip pat ir ne viena i\u0161 vyri\u0161kojo suvokimo ar elgesio kritik\u0173. \u0160i knyga suteikia galimyb\u0119 kitaip pa\u017evelgti \u012f kiekvieno \u017emogaus moteri\u0161k\u0105j\u0105 pus\u0119, pamatyti, ko pasiekt\u0173 verslas, jei moteri\u0161kumo principui b\u016bt\u0173 skirta tiek pat d\u0117mesio ir paramos darbo vietoje, kiek ir vyri\u0161kajam suvokimui. \u201eVerslas ir moteri\u0161kumo principas\u201c skirtas visiems \u2013 ir verslo naujokams, ir patyrusiems verslininkams. Tai knyga apie nauj\u0105 po\u017ei\u016br\u012f \u012f moteri\u0161kos ir vyri\u0161kos energijos suvienijim\u0105 ir galimyb\u0119 mums visiems kurti perspektyvi\u0105 ateit\u012f.<\/p>\n","protected":false},"featured_media":6995,"comment_status":"closed","ping_status":"closed","template":"","meta":{"_acf_changed":false,"site-sidebar-layout":"default","site-content-layout":"","ast-site-content-layout":"default","site-content-style":"default","site-sidebar-style":"default","ast-global-header-display":"","ast-banner-title-visibility":"","ast-main-header-display":"","ast-hfb-above-header-display":"","ast-hfb-below-header-display":"","ast-hfb-mobile-header-display":"","site-post-title":"","ast-breadcrumbs-content":"","ast-featured-img":"","footer-sml-layout":"","ast-disable-related-posts":"","theme-transparent-header-meta":"","adv-header-id-meta":"","stick-header-meta":"","header-above-stick-meta":"","header-main-stick-meta":"","header-below-stick-meta":"","astra-migrate-meta-layouts":"default","ast-page-background-enabled":"default","ast-page-background-meta":{"desktop":{"background-color":"","background-image":"","background-repeat":"repeat","background-position":"center center","background-size":"auto","background-attachment":"scroll","background-type":"","background-media":"","overlay-type":"","overlay-color":"","overlay-opacity":"","overlay-gradient":""},"tablet":{"background-color":"","background-image":"","background-repeat":"repeat","background-position":"center center","background-size":"auto","background-attachment":"scroll","background-type":"","background-media":"","overlay-type":"","overlay-color":"","overlay-opacity":"","overlay-gradient":""},"mobile":{"background-color":"","background-image":"","background-repeat":"repeat","background-position":"center center","background-size":"auto","background-attachment":"scroll","background-type":"","background-media":"","overlay-type":"","overlay-color":"","overlay-opacity":"","overlay-gradient":""}},"ast-content-background-meta":{"desktop":{"background-color":"var(--ast-global-color-4)","background-image":"","background-repeat":"repeat","background-position":"center center","background-size":"auto","background-attachment":"scroll","background-type":"","background-media":"","overlay-type":"","overlay-color":"","overlay-opacity":"","overlay-gradient":""},"tablet":{"background-color":"var(--ast-global-color-4)","background-image":"","background-repeat":"repeat","background-position":"center center","background-size":"auto","background-attachment":"scroll","background-type":"","background-media":"","overlay-type":"","overlay-color":"","overlay-opacity":"","overlay-gradient":""},"mobile":{"background-color":"var(--ast-global-color-4)","background-image":"","background-repeat":"repeat","background-position":"center center","background-size":"auto","background-attachment":"scroll","background-type":"","background-media":"","overlay-type":"","overlay-color":"","overlay-opacity":"","overlay-gradient":""}}},"product_brand":[],"product_cat":[26],"product_tag":[],"class_list":{"0":"post-9520","1":"product","2":"type-product","3":"status-publish","4":"has-post-thumbnail","6":"product_cat-verslas-vadyba-ir-finansai","7":"desktop-align-left","8":"tablet-align-left","9":"mobile-align-left","11":"first","12":"instock","13":"shipping-taxable","14":"purchasable","15":"product-type-simple"},"acf":[],"yoast_head":"<!-- This site is optimized with the Yoast SEO plugin v27.4 - https:\/\/yoast.com\/product\/yoast-seo-wordpress\/ -->\n<title>Carol R. Frenier \u201eVerslas ir moteri\u0161kumo principas\u201c - Skaitytaknyga<\/title>\n<meta name=\"description\" content=\"Knygos autor\u0117 \u2013 verslinink\u0117, analitin\u0117s psichologijos atstov\u0117 \u2013 labai suprantamai ir paprastai atskleid\u017eia archetipinio moteri\u0161kumo pagrindus ir jo \u012ftak\u0105 verslui. Tai ne mokslinis veikalas \u2013 kaip moterims pasiekti auk\u0161\u010diausi\u0173 ar \u012ftakingiausi\u0173 post\u0173, taip pat ir ne viena i\u0161 vyri\u0161kojo suvokimo ar elgesio kritik\u0173. \u0160i knyga suteikia galimyb\u0119 kitaip pa\u017evelgti \u012f kiekvieno \u017emogaus moteri\u0161k\u0105j\u0105 pus\u0119, pamatyti, ko pasiekt\u0173 verslas, jei moteri\u0161kumo principui b\u016bt\u0173 skirta tiek pat d\u0117mesio ir paramos darbo vietoje, kiek ir vyri\u0161kajam suvokimui. \u201eVerslas ir moteri\u0161kumo principas\u201c skirtas visiems \u2013 ir verslo naujokams, ir patyrusiems verslininkams. Tai knyga apie nauj\u0105 po\u017ei\u016br\u012f \u012f moteri\u0161kos ir vyri\u0161kos energijos suvienijim\u0105 ir galimyb\u0119 mums visiems kurti perspektyvi\u0105 ateit\u012f.\" \/>\n<meta name=\"robots\" content=\"index, follow, max-snippet:-1, max-image-preview:large, max-video-preview:-1\" \/>\n<link rel=\"canonical\" href=\"https:\/\/skaitytaknyga.lt\/en\/produktas\/carol-r-frenier-verslas-ir-moteriskumo-principas-2\/\" \/>\n<meta property=\"og:locale\" content=\"en_GB\" \/>\n<meta property=\"og:locale:alternate\" content=\"lt_LT\" \/>\n<meta property=\"og:type\" content=\"article\" \/>\n<meta property=\"og:title\" content=\"Carol R. Frenier \u201eVerslas ir moteri\u0161kumo principas\u201c - Skaitytaknyga\" \/>\n<meta property=\"og:description\" content=\"Knygos autor\u0117 \u2013 verslinink\u0117, analitin\u0117s psichologijos atstov\u0117 \u2013 labai suprantamai ir paprastai atskleid\u017eia archetipinio moteri\u0161kumo pagrindus ir jo \u012ftak\u0105 verslui. Tai ne mokslinis veikalas \u2013 kaip moterims pasiekti auk\u0161\u010diausi\u0173 ar \u012ftakingiausi\u0173 post\u0173, taip pat ir ne viena i\u0161 vyri\u0161kojo suvokimo ar elgesio kritik\u0173. \u0160i knyga suteikia galimyb\u0119 kitaip pa\u017evelgti \u012f kiekvieno \u017emogaus moteri\u0161k\u0105j\u0105 pus\u0119, pamatyti, ko pasiekt\u0173 verslas, jei moteri\u0161kumo principui b\u016bt\u0173 skirta tiek pat d\u0117mesio ir paramos darbo vietoje, kiek ir vyri\u0161kajam suvokimui. \u201eVerslas ir moteri\u0161kumo principas\u201c skirtas visiems \u2013 ir verslo naujokams, ir patyrusiems verslininkams. Tai knyga apie nauj\u0105 po\u017ei\u016br\u012f \u012f moteri\u0161kos ir vyri\u0161kos energijos suvienijim\u0105 ir galimyb\u0119 mums visiems kurti perspektyvi\u0105 ateit\u012f.\" \/>\n<meta property=\"og:url\" content=\"https:\/\/skaitytaknyga.lt\/en\/produktas\/carol-r-frenier-verslas-ir-moteriskumo-principas-2\/\" \/>\n<meta property=\"og:site_name\" content=\"Skaitytaknyga\" \/>\n<meta property=\"article:publisher\" content=\"https:\/\/www.facebook.com\/skaitytaknyga\/\" \/>\n<meta property=\"article:modified_time\" content=\"2024-05-04T15:04:41+00:00\" \/>\n<meta property=\"og:image\" content=\"https:\/\/skaitytaknyga.lt\/wp-content\/uploads\/2024\/05\/000000000002111245-59de80f14e6d3-asset-knyguklubas-cdb_9785415021062_p1.jpg\" \/>\n\t<meta property=\"og:image:width\" content=\"285\" \/>\n\t<meta property=\"og:image:height\" content=\"450\" \/>\n\t<meta property=\"og:image:type\" content=\"image\/jpeg\" \/>\n<meta name=\"twitter:card\" content=\"summary_large_image\" \/>\n<meta name=\"twitter:label1\" content=\"Estimated reading time\" \/>\n\t<meta name=\"twitter:data1\" content=\"1 minute\" \/>\n<script type=\"application\/ld+json\" class=\"yoast-schema-graph\">{\"@context\":\"https:\\\/\\\/schema.org\",\"@graph\":[{\"@type\":\"WebPage\",\"@id\":\"https:\\\/\\\/skaitytaknyga.lt\\\/produktas\\\/carol-r-frenier-verslas-ir-moteriskumo-principas-2\\\/\",\"url\":\"https:\\\/\\\/skaitytaknyga.lt\\\/produktas\\\/carol-r-frenier-verslas-ir-moteriskumo-principas-2\\\/\",\"name\":\"Carol R. Frenier \u201eVerslas ir moteri\u0161kumo principas\u201c - Skaitytaknyga\",\"isPartOf\":{\"@id\":\"https:\\\/\\\/skaitytaknyga.lt\\\/#website\"},\"primaryImageOfPage\":{\"@id\":\"https:\\\/\\\/skaitytaknyga.lt\\\/produktas\\\/carol-r-frenier-verslas-ir-moteriskumo-principas-2\\\/#primaryimage\"},\"image\":{\"@id\":\"https:\\\/\\\/skaitytaknyga.lt\\\/produktas\\\/carol-r-frenier-verslas-ir-moteriskumo-principas-2\\\/#primaryimage\"},\"thumbnailUrl\":\"https:\\\/\\\/skaitytaknyga.lt\\\/wp-content\\\/uploads\\\/2024\\\/05\\\/000000000002111245-59de80f14e6d3-asset-knyguklubas-cdb_9785415021062_p1.jpg\",\"datePublished\":\"2024-05-04T15:04:26+00:00\",\"dateModified\":\"2024-05-04T15:04:41+00:00\",\"description\":\"Knygos autor\u0117 \u2013 verslinink\u0117, analitin\u0117s psichologijos atstov\u0117 \u2013 labai suprantamai ir paprastai atskleid\u017eia archetipinio moteri\u0161kumo pagrindus ir jo \u012ftak\u0105 verslui. Tai ne mokslinis veikalas \u2013 kaip moterims pasiekti auk\u0161\u010diausi\u0173 ar \u012ftakingiausi\u0173 post\u0173, taip pat ir ne viena i\u0161 vyri\u0161kojo suvokimo ar elgesio kritik\u0173. \u0160i knyga suteikia galimyb\u0119 kitaip pa\u017evelgti \u012f kiekvieno \u017emogaus moteri\u0161k\u0105j\u0105 pus\u0119, pamatyti, ko pasiekt\u0173 verslas, jei moteri\u0161kumo principui b\u016bt\u0173 skirta tiek pat d\u0117mesio ir paramos darbo vietoje, kiek ir vyri\u0161kajam suvokimui. \u201eVerslas ir moteri\u0161kumo principas\u201c skirtas visiems \u2013 ir verslo naujokams, ir patyrusiems verslininkams. Tai knyga apie nauj\u0105 po\u017ei\u016br\u012f \u012f moteri\u0161kos ir vyri\u0161kos energijos suvienijim\u0105 ir galimyb\u0119 mums visiems kurti perspektyvi\u0105 ateit\u012f.\",\"breadcrumb\":{\"@id\":\"https:\\\/\\\/skaitytaknyga.lt\\\/produktas\\\/carol-r-frenier-verslas-ir-moteriskumo-principas-2\\\/#breadcrumb\"},\"inLanguage\":\"en-GB\",\"potentialAction\":[{\"@type\":\"ReadAction\",\"target\":[\"https:\\\/\\\/skaitytaknyga.lt\\\/produktas\\\/carol-r-frenier-verslas-ir-moteriskumo-principas-2\\\/\"]}]},{\"@type\":\"ImageObject\",\"inLanguage\":\"en-GB\",\"@id\":\"https:\\\/\\\/skaitytaknyga.lt\\\/produktas\\\/carol-r-frenier-verslas-ir-moteriskumo-principas-2\\\/#primaryimage\",\"url\":\"https:\\\/\\\/skaitytaknyga.lt\\\/wp-content\\\/uploads\\\/2024\\\/05\\\/000000000002111245-59de80f14e6d3-asset-knyguklubas-cdb_9785415021062_p1.jpg\",\"contentUrl\":\"https:\\\/\\\/skaitytaknyga.lt\\\/wp-content\\\/uploads\\\/2024\\\/05\\\/000000000002111245-59de80f14e6d3-asset-knyguklubas-cdb_9785415021062_p1.jpg\",\"width\":285,\"height\":450},{\"@type\":\"BreadcrumbList\",\"@id\":\"https:\\\/\\\/skaitytaknyga.lt\\\/produktas\\\/carol-r-frenier-verslas-ir-moteriskumo-principas-2\\\/#breadcrumb\",\"itemListElement\":[{\"@type\":\"ListItem\",\"position\":1,\"name\":\"Home\",\"item\":\"https:\\\/\\\/skaitytaknyga.lt\\\/\"},{\"@type\":\"ListItem\",\"position\":2,\"name\":\"Parduotuv\u0117\",\"item\":\"https:\\\/\\\/skaitytaknyga.lt\\\/knygu-parduotuve\\\/\"},{\"@type\":\"ListItem\",\"position\":3,\"name\":\"Carol R. Frenier \u201eVerslas ir moteri\u0161kumo principas\u201c\"}]},{\"@type\":\"WebSite\",\"@id\":\"https:\\\/\\\/skaitytaknyga.lt\\\/#website\",\"url\":\"https:\\\/\\\/skaitytaknyga.lt\\\/\",\"name\":\"skaitytaknyga.lt\",\"description\":\"Skaitytaknyga.lt \u2013 tai ma\u017eas \u0161eimos verslas, kuris prasid\u0117jo nuo meil\u0117s knygoms ir siekio i\u0161gelb\u0117ti knygas nuo likimo prie konteinerio. Kas vienam nereikalingas daiktas \u2013 kitam lobis, o mes esame tarpininkai, kurie padeda abiems tapti laimingesniems ???? \u017dinome kaip nelengva i\u0161gyventi ma\u017eiems verslams, tad nuo \u0161iol, \u010dia rasite ir kit\u0173, ma\u017e\u0173 \u0161eim\u0173 versl\u0173, rank\u0173 darbo, dovan\u0173 sau ir artimiesiems.\",\"publisher\":{\"@id\":\"https:\\\/\\\/skaitytaknyga.lt\\\/#organization\"},\"potentialAction\":[{\"@type\":\"SearchAction\",\"target\":{\"@type\":\"EntryPoint\",\"urlTemplate\":\"https:\\\/\\\/skaitytaknyga.lt\\\/?s={search_term_string}\"},\"query-input\":{\"@type\":\"PropertyValueSpecification\",\"valueRequired\":true,\"valueName\":\"search_term_string\"}}],\"inLanguage\":\"en-GB\"},{\"@type\":\"Organization\",\"@id\":\"https:\\\/\\\/skaitytaknyga.lt\\\/#organization\",\"name\":\"skaitytaknyga.lt\",\"url\":\"https:\\\/\\\/skaitytaknyga.lt\\\/\",\"logo\":{\"@type\":\"ImageObject\",\"inLanguage\":\"en-GB\",\"@id\":\"https:\\\/\\\/skaitytaknyga.lt\\\/#\\\/schema\\\/logo\\\/image\\\/\",\"url\":\"https:\\\/\\\/skaitytaknyga.lt\\\/wp-content\\\/uploads\\\/2024\\\/05\\\/cropped-cropped-cropped-02_00843_jt3bggkj1j3HLc7SyY6rEUpg.jpeg\",\"contentUrl\":\"https:\\\/\\\/skaitytaknyga.lt\\\/wp-content\\\/uploads\\\/2024\\\/05\\\/cropped-cropped-cropped-02_00843_jt3bggkj1j3HLc7SyY6rEUpg.jpeg\",\"width\":1600,\"height\":1600,\"caption\":\"skaitytaknyga.lt\"},\"image\":{\"@id\":\"https:\\\/\\\/skaitytaknyga.lt\\\/#\\\/schema\\\/logo\\\/image\\\/\"},\"sameAs\":[\"https:\\\/\\\/www.facebook.com\\\/skaitytaknyga\\\/\"]}]}<\/script>\n<!-- \/ Yoast SEO plugin. -->","yoast_head_json":{"title":"Carol R. Frenier \u201eVerslas ir moteri\u0161kumo principas\u201c - Skaitytaknyga","description":"Knygos autor\u0117 \u2013 verslinink\u0117, analitin\u0117s psichologijos atstov\u0117 \u2013 labai suprantamai ir paprastai atskleid\u017eia archetipinio moteri\u0161kumo pagrindus ir jo \u012ftak\u0105 verslui. Tai ne mokslinis veikalas \u2013 kaip moterims pasiekti auk\u0161\u010diausi\u0173 ar \u012ftakingiausi\u0173 post\u0173, taip pat ir ne viena i\u0161 vyri\u0161kojo suvokimo ar elgesio kritik\u0173. \u0160i knyga suteikia galimyb\u0119 kitaip pa\u017evelgti \u012f kiekvieno \u017emogaus moteri\u0161k\u0105j\u0105 pus\u0119, pamatyti, ko pasiekt\u0173 verslas, jei moteri\u0161kumo principui b\u016bt\u0173 skirta tiek pat d\u0117mesio ir paramos darbo vietoje, kiek ir vyri\u0161kajam suvokimui. \u201eVerslas ir moteri\u0161kumo principas\u201c skirtas visiems \u2013 ir verslo naujokams, ir patyrusiems verslininkams. Tai knyga apie nauj\u0105 po\u017ei\u016br\u012f \u012f moteri\u0161kos ir vyri\u0161kos energijos suvienijim\u0105 ir galimyb\u0119 mums visiems kurti perspektyvi\u0105 ateit\u012f.","robots":{"index":"index","follow":"follow","max-snippet":"max-snippet:-1","max-image-preview":"max-image-preview:large","max-video-preview":"max-video-preview:-1"},"canonical":"https:\/\/skaitytaknyga.lt\/en\/produktas\/carol-r-frenier-verslas-ir-moteriskumo-principas-2\/","og_locale":"en_GB","og_type":"article","og_title":"Carol R. Frenier \u201eVerslas ir moteri\u0161kumo principas\u201c - Skaitytaknyga","og_description":"Knygos autor\u0117 \u2013 verslinink\u0117, analitin\u0117s psichologijos atstov\u0117 \u2013 labai suprantamai ir paprastai atskleid\u017eia archetipinio moteri\u0161kumo pagrindus ir jo \u012ftak\u0105 verslui. Tai ne mokslinis veikalas \u2013 kaip moterims pasiekti auk\u0161\u010diausi\u0173 ar \u012ftakingiausi\u0173 post\u0173, taip pat ir ne viena i\u0161 vyri\u0161kojo suvokimo ar elgesio kritik\u0173. \u0160i knyga suteikia galimyb\u0119 kitaip pa\u017evelgti \u012f kiekvieno \u017emogaus moteri\u0161k\u0105j\u0105 pus\u0119, pamatyti, ko pasiekt\u0173 verslas, jei moteri\u0161kumo principui b\u016bt\u0173 skirta tiek pat d\u0117mesio ir paramos darbo vietoje, kiek ir vyri\u0161kajam suvokimui. \u201eVerslas ir moteri\u0161kumo principas\u201c skirtas visiems \u2013 ir verslo naujokams, ir patyrusiems verslininkams. Tai knyga apie nauj\u0105 po\u017ei\u016br\u012f \u012f moteri\u0161kos ir vyri\u0161kos energijos suvienijim\u0105 ir galimyb\u0119 mums visiems kurti perspektyvi\u0105 ateit\u012f.","og_url":"https:\/\/skaitytaknyga.lt\/en\/produktas\/carol-r-frenier-verslas-ir-moteriskumo-principas-2\/","og_site_name":"Skaitytaknyga","article_publisher":"https:\/\/www.facebook.com\/skaitytaknyga\/","article_modified_time":"2024-05-04T15:04:41+00:00","og_image":[{"width":285,"height":450,"url":"https:\/\/skaitytaknyga.lt\/wp-content\/uploads\/2024\/05\/000000000002111245-59de80f14e6d3-asset-knyguklubas-cdb_9785415021062_p1.jpg","type":"image\/jpeg"}],"twitter_card":"summary_large_image","twitter_misc":{"Estimated reading time":"1 minute"},"schema":{"@context":"https:\/\/schema.org","@graph":[{"@type":"WebPage","@id":"https:\/\/skaitytaknyga.lt\/produktas\/carol-r-frenier-verslas-ir-moteriskumo-principas-2\/","url":"https:\/\/skaitytaknyga.lt\/produktas\/carol-r-frenier-verslas-ir-moteriskumo-principas-2\/","name":"Carol R. Frenier \u201eVerslas ir moteri\u0161kumo principas\u201c - Skaitytaknyga","isPartOf":{"@id":"https:\/\/skaitytaknyga.lt\/#website"},"primaryImageOfPage":{"@id":"https:\/\/skaitytaknyga.lt\/produktas\/carol-r-frenier-verslas-ir-moteriskumo-principas-2\/#primaryimage"},"image":{"@id":"https:\/\/skaitytaknyga.lt\/produktas\/carol-r-frenier-verslas-ir-moteriskumo-principas-2\/#primaryimage"},"thumbnailUrl":"https:\/\/skaitytaknyga.lt\/wp-content\/uploads\/2024\/05\/000000000002111245-59de80f14e6d3-asset-knyguklubas-cdb_9785415021062_p1.jpg","datePublished":"2024-05-04T15:04:26+00:00","dateModified":"2024-05-04T15:04:41+00:00","description":"Knygos autor\u0117 \u2013 verslinink\u0117, analitin\u0117s psichologijos atstov\u0117 \u2013 labai suprantamai ir paprastai atskleid\u017eia archetipinio moteri\u0161kumo pagrindus ir jo \u012ftak\u0105 verslui. Tai ne mokslinis veikalas \u2013 kaip moterims pasiekti auk\u0161\u010diausi\u0173 ar \u012ftakingiausi\u0173 post\u0173, taip pat ir ne viena i\u0161 vyri\u0161kojo suvokimo ar elgesio kritik\u0173. \u0160i knyga suteikia galimyb\u0119 kitaip pa\u017evelgti \u012f kiekvieno \u017emogaus moteri\u0161k\u0105j\u0105 pus\u0119, pamatyti, ko pasiekt\u0173 verslas, jei moteri\u0161kumo principui b\u016bt\u0173 skirta tiek pat d\u0117mesio ir paramos darbo vietoje, kiek ir vyri\u0161kajam suvokimui. \u201eVerslas ir moteri\u0161kumo principas\u201c skirtas visiems \u2013 ir verslo naujokams, ir patyrusiems verslininkams. Tai knyga apie nauj\u0105 po\u017ei\u016br\u012f \u012f moteri\u0161kos ir vyri\u0161kos energijos suvienijim\u0105 ir galimyb\u0119 mums visiems kurti perspektyvi\u0105 ateit\u012f.","breadcrumb":{"@id":"https:\/\/skaitytaknyga.lt\/produktas\/carol-r-frenier-verslas-ir-moteriskumo-principas-2\/#breadcrumb"},"inLanguage":"en-GB","potentialAction":[{"@type":"ReadAction","target":["https:\/\/skaitytaknyga.lt\/produktas\/carol-r-frenier-verslas-ir-moteriskumo-principas-2\/"]}]},{"@type":"ImageObject","inLanguage":"en-GB","@id":"https:\/\/skaitytaknyga.lt\/produktas\/carol-r-frenier-verslas-ir-moteriskumo-principas-2\/#primaryimage","url":"https:\/\/skaitytaknyga.lt\/wp-content\/uploads\/2024\/05\/000000000002111245-59de80f14e6d3-asset-knyguklubas-cdb_9785415021062_p1.jpg","contentUrl":"https:\/\/skaitytaknyga.lt\/wp-content\/uploads\/2024\/05\/000000000002111245-59de80f14e6d3-asset-knyguklubas-cdb_9785415021062_p1.jpg","width":285,"height":450},{"@type":"BreadcrumbList","@id":"https:\/\/skaitytaknyga.lt\/produktas\/carol-r-frenier-verslas-ir-moteriskumo-principas-2\/#breadcrumb","itemListElement":[{"@type":"ListItem","position":1,"name":"Home","item":"https:\/\/skaitytaknyga.lt\/"},{"@type":"ListItem","position":2,"name":"Parduotuv\u0117","item":"https:\/\/skaitytaknyga.lt\/knygu-parduotuve\/"},{"@type":"ListItem","position":3,"name":"Carol R. Frenier \u201eVerslas ir moteri\u0161kumo principas\u201c"}]},{"@type":"WebSite","@id":"https:\/\/skaitytaknyga.lt\/#website","url":"https:\/\/skaitytaknyga.lt\/","name":"skaitytaknyga.lt","description":"Skaitytaknyga.lt \u2013 tai ma\u017eas \u0161eimos verslas, kuris prasid\u0117jo nuo meil\u0117s knygoms ir siekio i\u0161gelb\u0117ti knygas nuo likimo prie konteinerio. Kas vienam nereikalingas daiktas \u2013 kitam lobis, o mes esame tarpininkai, kurie padeda abiems tapti laimingesniems ???? \u017dinome kaip nelengva i\u0161gyventi ma\u017eiems verslams, tad nuo \u0161iol, \u010dia rasite ir kit\u0173, ma\u017e\u0173 \u0161eim\u0173 versl\u0173, rank\u0173 darbo, dovan\u0173 sau ir artimiesiems.","publisher":{"@id":"https:\/\/skaitytaknyga.lt\/#organization"},"potentialAction":[{"@type":"SearchAction","target":{"@type":"EntryPoint","urlTemplate":"https:\/\/skaitytaknyga.lt\/?s={search_term_string}"},"query-input":{"@type":"PropertyValueSpecification","valueRequired":true,"valueName":"search_term_string"}}],"inLanguage":"en-GB"},{"@type":"Organization","@id":"https:\/\/skaitytaknyga.lt\/#organization","name":"skaitytaknyga.lt","url":"https:\/\/skaitytaknyga.lt\/","logo":{"@type":"ImageObject","inLanguage":"en-GB","@id":"https:\/\/skaitytaknyga.lt\/#\/schema\/logo\/image\/","url":"https:\/\/skaitytaknyga.lt\/wp-content\/uploads\/2024\/05\/cropped-cropped-cropped-02_00843_jt3bggkj1j3HLc7SyY6rEUpg.jpeg","contentUrl":"https:\/\/skaitytaknyga.lt\/wp-content\/uploads\/2024\/05\/cropped-cropped-cropped-02_00843_jt3bggkj1j3HLc7SyY6rEUpg.jpeg","width":1600,"height":1600,"caption":"skaitytaknyga.lt"},"image":{"@id":"https:\/\/skaitytaknyga.lt\/#\/schema\/logo\/image\/"},"sameAs":["https:\/\/www.facebook.com\/skaitytaknyga\/"]}]}},"_links":{"self":[{"href":"https:\/\/skaitytaknyga.lt\/en\/wp-json\/wp\/v2\/product\/9520","targetHints":{"allow":["GET"]}}],"collection":[{"href":"https:\/\/skaitytaknyga.lt\/en\/wp-json\/wp\/v2\/product"}],"about":[{"href":"https:\/\/skaitytaknyga.lt\/en\/wp-json\/wp\/v2\/types\/product"}],"replies":[{"embeddable":true,"href":"https:\/\/skaitytaknyga.lt\/en\/wp-json\/wp\/v2\/comments?post=9520"}],"wp:featuredmedia":[{"embeddable":true,"href":"https:\/\/skaitytaknyga.lt\/en\/wp-json\/wp\/v2\/media\/6995"}],"wp:attachment":[{"href":"https:\/\/skaitytaknyga.lt\/en\/wp-json\/wp\/v2\/media?parent=9520"}],"wp:term":[{"taxonomy":"product_brand","embeddable":true,"href":"https:\/\/skaitytaknyga.lt\/en\/wp-json\/wp\/v2\/product_brand?post=9520"},{"taxonomy":"product_cat","embeddable":true,"href":"https:\/\/skaitytaknyga.lt\/en\/wp-json\/wp\/v2\/product_cat?post=9520"},{"taxonomy":"product_tag","embeddable":true,"href":"https:\/\/skaitytaknyga.lt\/en\/wp-json\/wp\/v2\/product_tag?post=9520"}],"curies":[{"name":"wp","href":"https:\/\/api.w.org\/{rel}","templated":true}]}}