{"id":9489,"date":"2024-05-04T15:03:41","date_gmt":"2024-05-04T15:03:41","guid":{"rendered":"https:\/\/skaitytaknyga.lt\/?post_type=product&#038;p=9489"},"modified":"2025-06-15T10:43:08","modified_gmt":"2025-06-15T07:43:08","slug":"algimantas-baltakis-zvirbliu-zemaviete-2","status":"publish","type":"product","link":"https:\/\/skaitytaknyga.lt\/en\/produktas\/algimantas-baltakis-zvirbliu-zemaviete-2\/","title":{"rendered":"\u017dvirbli\u0173 \u017eiemaviet\u0117"},"content":{"rendered":"<div class=\"book-descript-wrapper\">\n<section class=\"product-descript more-content-wrapper\">\n<div class=\"\">A. Baltakis, ankstesn\u0119 knyg\u0105 i\u0161leid\u0119s 1998 m., nuolat ra\u0161\u0117, bet kaup\u0117 k\u016brinius tai knygai, kuri\u0105, padar\u0119s kruop\u0161\u010di\u0105 atrank\u0105, pareng\u0117 dabar. Knyga vientisa, jos motyv\u0173 ir nuotaik\u0173 nat\u016bral\u0173 tek\u0117jim\u0105 yra nul\u0117m\u0119s patsai atlapa\u0161ird\u017eio poeto gyvenimas, \u2013 kas j\u012f i\u0161tiko ir jaudino pastaraisiais metais. Prasminiai centrai susij\u0119 su s\u016bnaus netekties i\u0161gyvenimais ir su garsaus bosni\u0173 poeto Izeto Sarajli\u010diaus likimo linija (A. Baltakis \u012f savo knyg\u0105 \u012fterpia jo ra\u0161yt\u0173 lai\u0161k\u0173, eil\u0117ra\u0161\u010di\u0173), kuri eina per etnini\u0173 ir socialini\u0173 konflikt\u0173 \u017eidin\u012f (Sarajev\u0105). \u0160iuos centrus supa kiti eil\u0117ra\u0161\u010diai \u2013 elegi\u0161ki, \u017eaismingi, reflektyv\u016bs. Atskir\u0105 skyrel\u012f sudaro muzikos k\u016briniams para\u0161yti tekstai. Konkretum\u0105 ir racionalum\u0105 m\u0117g\u0119s poetas dabar krypsta \u012f gryn\u0105j\u0105 lyrik\u0105, saiking\u0105 i\u0161rai\u0161k\u0105, gra\u017ei\u0105 jausm\u0173 ir apm\u0105stym\u0173 kalb\u0105. \u012e dabart\u012f jis \u017evelgia i\u0161mintingai, \u010dia nusi\u0161ypsodamas, \u010dia pagraudendamas, laikinus dalykus suvokdamas didesn\u0117je erdv\u0117je. Apipavidalindamas knyg\u0105 dailininkas R. Orantas panaudojo lai\u0161k\u0173 ir eil\u0117ra\u0161\u010di\u0173 faksimili\u0173, S. Krasausko pie\u0161in\u012f.<\/div>\n<\/section>\n<\/div>\n","protected":false},"excerpt":{"rendered":"<div class=\"book-descript-wrapper\">\n<section class=\"product-descript more-content-wrapper\">\n<div class=\"\">A. Baltakis, ankstesn\u0119 knyg\u0105 i\u0161leid\u0119s 1998 m., nuolat ra\u0161\u0117, bet kaup\u0117 k\u016brinius tai knygai, kuri\u0105, padar\u0119s kruop\u0161\u010di\u0105 atrank\u0105, pareng\u0117 dabar. Knyga vientisa, jos motyv\u0173 ir nuotaik\u0173 nat\u016bral\u0173 tek\u0117jim\u0105 yra nul\u0117m\u0119s patsai atlapa\u0161ird\u017eio poeto gyvenimas, \u2013 kas j\u012f i\u0161tiko ir jaudino pastaraisiais metais. Prasminiai centrai susij\u0119 su s\u016bnaus netekties i\u0161gyvenimais ir su garsaus bosni\u0173 poeto Izeto Sarajli\u010diaus likimo linija (A. Baltakis \u012f savo knyg\u0105 \u012fterpia jo ra\u0161yt\u0173 lai\u0161k\u0173, eil\u0117ra\u0161\u010di\u0173), kuri eina per etnini\u0173 ir socialini\u0173 konflikt\u0173 \u017eidin\u012f (Sarajev\u0105). \u0160iuos centrus supa kiti eil\u0117ra\u0161\u010diai \u2013 elegi\u0161ki, \u017eaismingi, reflektyv\u016bs. Atskir\u0105 skyrel\u012f sudaro muzikos k\u016briniams para\u0161yti tekstai. Konkretum\u0105 ir racionalum\u0105 m\u0117g\u0119s poetas dabar krypsta \u012f gryn\u0105j\u0105 lyrik\u0105, saiking\u0105 i\u0161rai\u0161k\u0105, gra\u017ei\u0105 jausm\u0173 ir apm\u0105stym\u0173 kalb\u0105. \u012e dabart\u012f jis \u017evelgia i\u0161mintingai, \u010dia nusi\u0161ypsodamas, \u010dia pagraudendamas, laikinus dalykus suvokdamas didesn\u0117je erdv\u0117je. Apipavidalindamas knyg\u0105 dailininkas R. Orantas panaudojo lai\u0161k\u0173 ir eil\u0117ra\u0161\u010di\u0173 faksimili\u0173, S. Krasausko pie\u0161in\u012f.<\/div>\n<\/section>\n<\/div>\n","protected":false},"featured_media":6933,"comment_status":"closed","ping_status":"closed","template":"","meta":{"_acf_changed":false,"site-sidebar-layout":"default","site-content-layout":"","ast-site-content-layout":"default","site-content-style":"default","site-sidebar-style":"default","ast-global-header-display":"","ast-banner-title-visibility":"","ast-main-header-display":"","ast-hfb-above-header-display":"","ast-hfb-below-header-display":"","ast-hfb-mobile-header-display":"","site-post-title":"","ast-breadcrumbs-content":"","ast-featured-img":"","footer-sml-layout":"","ast-disable-related-posts":"","theme-transparent-header-meta":"","adv-header-id-meta":"","stick-header-meta":"","header-above-stick-meta":"","header-main-stick-meta":"","header-below-stick-meta":"","astra-migrate-meta-layouts":"default","ast-page-background-enabled":"default","ast-page-background-meta":{"desktop":{"background-color":"","background-image":"","background-repeat":"repeat","background-position":"center center","background-size":"auto","background-attachment":"scroll","background-type":"","background-media":"","overlay-type":"","overlay-color":"","overlay-opacity":"","overlay-gradient":""},"tablet":{"background-color":"","background-image":"","background-repeat":"repeat","background-position":"center center","background-size":"auto","background-attachment":"scroll","background-type":"","background-media":"","overlay-type":"","overlay-color":"","overlay-opacity":"","overlay-gradient":""},"mobile":{"background-color":"","background-image":"","background-repeat":"repeat","background-position":"center center","background-size":"auto","background-attachment":"scroll","background-type":"","background-media":"","overlay-type":"","overlay-color":"","overlay-opacity":"","overlay-gradient":""}},"ast-content-background-meta":{"desktop":{"background-color":"var(--ast-global-color-4)","background-image":"","background-repeat":"repeat","background-position":"center center","background-size":"auto","background-attachment":"scroll","background-type":"","background-media":"","overlay-type":"","overlay-color":"","overlay-opacity":"","overlay-gradient":""},"tablet":{"background-color":"var(--ast-global-color-4)","background-image":"","background-repeat":"repeat","background-position":"center center","background-size":"auto","background-attachment":"scroll","background-type":"","background-media":"","overlay-type":"","overlay-color":"","overlay-opacity":"","overlay-gradient":""},"mobile":{"background-color":"var(--ast-global-color-4)","background-image":"","background-repeat":"repeat","background-position":"center center","background-size":"auto","background-attachment":"scroll","background-type":"","background-media":"","overlay-type":"","overlay-color":"","overlay-opacity":"","overlay-gradient":""}}},"product_brand":[],"product_cat":[31],"product_tag":[],"class_list":{"0":"post-9489","1":"product","2":"type-product","3":"status-publish","4":"has-post-thumbnail","6":"product_cat-grozine-literatura","7":"pa_leidimo-metai-636","8":"desktop-align-left","9":"tablet-align-left","10":"mobile-align-left","12":"first","13":"instock","14":"shipping-taxable","15":"purchasable","16":"product-type-simple"},"acf":[],"yoast_head":"<!-- This site is optimized with the Yoast SEO plugin v27.4 - https:\/\/yoast.com\/product\/yoast-seo-wordpress\/ -->\n<title>\u017dvirbli\u0173 \u017eiemaviet\u0117<\/title>\n<meta name=\"description\" content=\"A. Baltakis, ankstesn\u0119 knyg\u0105 i\u0161leid\u0119s 1998 m., nuolat ra\u0161\u0117, bet kaup\u0117 k\u016brinius tai knygai, kuri\u0105, padar\u0119s kruop\u0161\u010di\u0105 atrank\u0105, pareng\u0117 dabar. Knyga vientisa, jos motyv\u0173 ir nuotaik\u0173 nat\u016bral\u0173 tek\u0117jim\u0105 yra nul\u0117m\u0119s patsai atlapa\u0161ird\u017eio poeto gyvenimas, \u2013 kas j\u012f i\u0161tiko ir jaudino pastaraisiais metais. Prasminiai centrai susij\u0119 su s\u016bnaus netekties i\u0161gyvenimais ir su garsaus bosni\u0173 poeto Izeto Sarajli\u010diaus likimo linija (A. Baltakis \u012f savo knyg\u0105 \u012fterpia jo ra\u0161yt\u0173 lai\u0161k\u0173, eil\u0117ra\u0161\u010di\u0173), kuri eina per etnini\u0173 ir socialini\u0173 konflikt\u0173 \u017eidin\u012f (Sarajev\u0105). \u0160iuos centrus supa kiti eil\u0117ra\u0161\u010diai \u2013 elegi\u0161ki, \u017eaismingi, reflektyv\u016bs. Atskir\u0105 skyrel\u012f sudaro muzikos k\u016briniams para\u0161yti tekstai. Konkretum\u0105 ir racionalum\u0105 m\u0117g\u0119s poetas dabar krypsta \u012f gryn\u0105j\u0105 lyrik\u0105, saiking\u0105 i\u0161rai\u0161k\u0105, gra\u017ei\u0105 jausm\u0173 ir apm\u0105stym\u0173 kalb\u0105. \u012e dabart\u012f jis \u017evelgia i\u0161mintingai, \u010dia nusi\u0161ypsodamas, \u010dia pagraudendamas, laikinus dalykus suvokdamas didesn\u0117je erdv\u0117je. Apipavidalindamas knyg\u0105 dailininkas R. Orantas panaudojo lai\u0161k\u0173 ir eil\u0117ra\u0161\u010di\u0173 faksimili\u0173, S. Krasausko pie\u0161in\u012f.\" \/>\n<meta name=\"robots\" content=\"index, follow, max-snippet:-1, max-image-preview:large, max-video-preview:-1\" \/>\n<link rel=\"canonical\" href=\"https:\/\/skaitytaknyga.lt\/en\/produktas\/algimantas-baltakis-zvirbliu-zemaviete-2\/\" \/>\n<meta property=\"og:locale\" content=\"en_GB\" \/>\n<meta property=\"og:locale:alternate\" content=\"lt_LT\" \/>\n<meta property=\"og:type\" content=\"article\" \/>\n<meta property=\"og:title\" content=\"\u017dvirbli\u0173 \u017eiemaviet\u0117\" \/>\n<meta property=\"og:description\" content=\"A. Baltakis, ankstesn\u0119 knyg\u0105 i\u0161leid\u0119s 1998 m., nuolat ra\u0161\u0117, bet kaup\u0117 k\u016brinius tai knygai, kuri\u0105, padar\u0119s kruop\u0161\u010di\u0105 atrank\u0105, pareng\u0117 dabar. Knyga vientisa, jos motyv\u0173 ir nuotaik\u0173 nat\u016bral\u0173 tek\u0117jim\u0105 yra nul\u0117m\u0119s patsai atlapa\u0161ird\u017eio poeto gyvenimas, \u2013 kas j\u012f i\u0161tiko ir jaudino pastaraisiais metais. Prasminiai centrai susij\u0119 su s\u016bnaus netekties i\u0161gyvenimais ir su garsaus bosni\u0173 poeto Izeto Sarajli\u010diaus likimo linija (A. Baltakis \u012f savo knyg\u0105 \u012fterpia jo ra\u0161yt\u0173 lai\u0161k\u0173, eil\u0117ra\u0161\u010di\u0173), kuri eina per etnini\u0173 ir socialini\u0173 konflikt\u0173 \u017eidin\u012f (Sarajev\u0105). \u0160iuos centrus supa kiti eil\u0117ra\u0161\u010diai \u2013 elegi\u0161ki, \u017eaismingi, reflektyv\u016bs. Atskir\u0105 skyrel\u012f sudaro muzikos k\u016briniams para\u0161yti tekstai. Konkretum\u0105 ir racionalum\u0105 m\u0117g\u0119s poetas dabar krypsta \u012f gryn\u0105j\u0105 lyrik\u0105, saiking\u0105 i\u0161rai\u0161k\u0105, gra\u017ei\u0105 jausm\u0173 ir apm\u0105stym\u0173 kalb\u0105. \u012e dabart\u012f jis \u017evelgia i\u0161mintingai, \u010dia nusi\u0161ypsodamas, \u010dia pagraudendamas, laikinus dalykus suvokdamas didesn\u0117je erdv\u0117je. Apipavidalindamas knyg\u0105 dailininkas R. Orantas panaudojo lai\u0161k\u0173 ir eil\u0117ra\u0161\u010di\u0173 faksimili\u0173, S. Krasausko pie\u0161in\u012f.\" \/>\n<meta property=\"og:url\" content=\"https:\/\/skaitytaknyga.lt\/en\/produktas\/algimantas-baltakis-zvirbliu-zemaviete-2\/\" \/>\n<meta property=\"og:site_name\" content=\"Skaitytaknyga\" \/>\n<meta property=\"article:publisher\" content=\"https:\/\/www.facebook.com\/skaitytaknyga\/\" \/>\n<meta property=\"article:modified_time\" content=\"2025-06-15T07:43:08+00:00\" \/>\n<meta property=\"og:image\" content=\"https:\/\/skaitytaknyga.lt\/wp-content\/uploads\/2024\/05\/zvirbliu-ziemaviete.jpg\" \/>\n\t<meta property=\"og:image:width\" content=\"293\" \/>\n\t<meta property=\"og:image:height\" content=\"400\" \/>\n\t<meta property=\"og:image:type\" content=\"image\/jpeg\" \/>\n<meta name=\"twitter:card\" content=\"summary_large_image\" \/>\n<meta name=\"twitter:label1\" content=\"Estimated reading time\" \/>\n\t<meta name=\"twitter:data1\" content=\"1 minute\" \/>\n<script type=\"application\/ld+json\" class=\"yoast-schema-graph\">{\"@context\":\"https:\\\/\\\/schema.org\",\"@graph\":[{\"@type\":\"WebPage\",\"@id\":\"https:\\\/\\\/skaitytaknyga.lt\\\/produktas\\\/algimantas-baltakis-zvirbliu-zemaviete-2\\\/\",\"url\":\"https:\\\/\\\/skaitytaknyga.lt\\\/produktas\\\/algimantas-baltakis-zvirbliu-zemaviete-2\\\/\",\"name\":\"\u017dvirbli\u0173 \u017eiemaviet\u0117\",\"isPartOf\":{\"@id\":\"https:\\\/\\\/skaitytaknyga.lt\\\/#website\"},\"primaryImageOfPage\":{\"@id\":\"https:\\\/\\\/skaitytaknyga.lt\\\/produktas\\\/algimantas-baltakis-zvirbliu-zemaviete-2\\\/#primaryimage\"},\"image\":{\"@id\":\"https:\\\/\\\/skaitytaknyga.lt\\\/produktas\\\/algimantas-baltakis-zvirbliu-zemaviete-2\\\/#primaryimage\"},\"thumbnailUrl\":\"https:\\\/\\\/skaitytaknyga.lt\\\/wp-content\\\/uploads\\\/2024\\\/05\\\/zvirbliu-ziemaviete.jpg\",\"datePublished\":\"2024-05-04T15:03:41+00:00\",\"dateModified\":\"2025-06-15T07:43:08+00:00\",\"description\":\"A. Baltakis, ankstesn\u0119 knyg\u0105 i\u0161leid\u0119s 1998 m., nuolat ra\u0161\u0117, bet kaup\u0117 k\u016brinius tai knygai, kuri\u0105, padar\u0119s kruop\u0161\u010di\u0105 atrank\u0105, pareng\u0117 dabar. Knyga vientisa, jos motyv\u0173 ir nuotaik\u0173 nat\u016bral\u0173 tek\u0117jim\u0105 yra nul\u0117m\u0119s patsai atlapa\u0161ird\u017eio poeto gyvenimas, \u2013 kas j\u012f i\u0161tiko ir jaudino pastaraisiais metais. Prasminiai centrai susij\u0119 su s\u016bnaus netekties i\u0161gyvenimais ir su garsaus bosni\u0173 poeto Izeto Sarajli\u010diaus likimo linija (A. Baltakis \u012f savo knyg\u0105 \u012fterpia jo ra\u0161yt\u0173 lai\u0161k\u0173, eil\u0117ra\u0161\u010di\u0173), kuri eina per etnini\u0173 ir socialini\u0173 konflikt\u0173 \u017eidin\u012f (Sarajev\u0105). \u0160iuos centrus supa kiti eil\u0117ra\u0161\u010diai \u2013 elegi\u0161ki, \u017eaismingi, reflektyv\u016bs. Atskir\u0105 skyrel\u012f sudaro muzikos k\u016briniams para\u0161yti tekstai. Konkretum\u0105 ir racionalum\u0105 m\u0117g\u0119s poetas dabar krypsta \u012f gryn\u0105j\u0105 lyrik\u0105, saiking\u0105 i\u0161rai\u0161k\u0105, gra\u017ei\u0105 jausm\u0173 ir apm\u0105stym\u0173 kalb\u0105. \u012e dabart\u012f jis \u017evelgia i\u0161mintingai, \u010dia nusi\u0161ypsodamas, \u010dia pagraudendamas, laikinus dalykus suvokdamas didesn\u0117je erdv\u0117je. Apipavidalindamas knyg\u0105 dailininkas R. Orantas panaudojo lai\u0161k\u0173 ir eil\u0117ra\u0161\u010di\u0173 faksimili\u0173, S. Krasausko pie\u0161in\u012f.\",\"breadcrumb\":{\"@id\":\"https:\\\/\\\/skaitytaknyga.lt\\\/produktas\\\/algimantas-baltakis-zvirbliu-zemaviete-2\\\/#breadcrumb\"},\"inLanguage\":\"en-GB\",\"potentialAction\":[{\"@type\":\"ReadAction\",\"target\":[\"https:\\\/\\\/skaitytaknyga.lt\\\/produktas\\\/algimantas-baltakis-zvirbliu-zemaviete-2\\\/\"]}]},{\"@type\":\"ImageObject\",\"inLanguage\":\"en-GB\",\"@id\":\"https:\\\/\\\/skaitytaknyga.lt\\\/produktas\\\/algimantas-baltakis-zvirbliu-zemaviete-2\\\/#primaryimage\",\"url\":\"https:\\\/\\\/skaitytaknyga.lt\\\/wp-content\\\/uploads\\\/2024\\\/05\\\/zvirbliu-ziemaviete.jpg\",\"contentUrl\":\"https:\\\/\\\/skaitytaknyga.lt\\\/wp-content\\\/uploads\\\/2024\\\/05\\\/zvirbliu-ziemaviete.jpg\",\"width\":293,\"height\":400},{\"@type\":\"BreadcrumbList\",\"@id\":\"https:\\\/\\\/skaitytaknyga.lt\\\/produktas\\\/algimantas-baltakis-zvirbliu-zemaviete-2\\\/#breadcrumb\",\"itemListElement\":[{\"@type\":\"ListItem\",\"position\":1,\"name\":\"Home\",\"item\":\"https:\\\/\\\/skaitytaknyga.lt\\\/\"},{\"@type\":\"ListItem\",\"position\":2,\"name\":\"Parduotuv\u0117\",\"item\":\"https:\\\/\\\/skaitytaknyga.lt\\\/knygu-parduotuve\\\/\"},{\"@type\":\"ListItem\",\"position\":3,\"name\":\"\u017dvirbli\u0173 \u017eiemaviet\u0117\"}]},{\"@type\":\"WebSite\",\"@id\":\"https:\\\/\\\/skaitytaknyga.lt\\\/#website\",\"url\":\"https:\\\/\\\/skaitytaknyga.lt\\\/\",\"name\":\"skaitytaknyga.lt\",\"description\":\"Skaitytaknyga.lt \u2013 tai ma\u017eas \u0161eimos verslas, kuris prasid\u0117jo nuo meil\u0117s knygoms ir siekio i\u0161gelb\u0117ti knygas nuo likimo prie konteinerio. Kas vienam nereikalingas daiktas \u2013 kitam lobis, o mes esame tarpininkai, kurie padeda abiems tapti laimingesniems ???? \u017dinome kaip nelengva i\u0161gyventi ma\u017eiems verslams, tad nuo \u0161iol, \u010dia rasite ir kit\u0173, ma\u017e\u0173 \u0161eim\u0173 versl\u0173, rank\u0173 darbo, dovan\u0173 sau ir artimiesiems.\",\"publisher\":{\"@id\":\"https:\\\/\\\/skaitytaknyga.lt\\\/#organization\"},\"potentialAction\":[{\"@type\":\"SearchAction\",\"target\":{\"@type\":\"EntryPoint\",\"urlTemplate\":\"https:\\\/\\\/skaitytaknyga.lt\\\/?s={search_term_string}\"},\"query-input\":{\"@type\":\"PropertyValueSpecification\",\"valueRequired\":true,\"valueName\":\"search_term_string\"}}],\"inLanguage\":\"en-GB\"},{\"@type\":\"Organization\",\"@id\":\"https:\\\/\\\/skaitytaknyga.lt\\\/#organization\",\"name\":\"skaitytaknyga.lt\",\"url\":\"https:\\\/\\\/skaitytaknyga.lt\\\/\",\"logo\":{\"@type\":\"ImageObject\",\"inLanguage\":\"en-GB\",\"@id\":\"https:\\\/\\\/skaitytaknyga.lt\\\/#\\\/schema\\\/logo\\\/image\\\/\",\"url\":\"https:\\\/\\\/skaitytaknyga.lt\\\/wp-content\\\/uploads\\\/2024\\\/05\\\/cropped-cropped-cropped-02_00843_jt3bggkj1j3HLc7SyY6rEUpg.jpeg\",\"contentUrl\":\"https:\\\/\\\/skaitytaknyga.lt\\\/wp-content\\\/uploads\\\/2024\\\/05\\\/cropped-cropped-cropped-02_00843_jt3bggkj1j3HLc7SyY6rEUpg.jpeg\",\"width\":1600,\"height\":1600,\"caption\":\"skaitytaknyga.lt\"},\"image\":{\"@id\":\"https:\\\/\\\/skaitytaknyga.lt\\\/#\\\/schema\\\/logo\\\/image\\\/\"},\"sameAs\":[\"https:\\\/\\\/www.facebook.com\\\/skaitytaknyga\\\/\"]}]}<\/script>\n<!-- \/ Yoast SEO plugin. -->","yoast_head_json":{"title":"\u017dvirbli\u0173 \u017eiemaviet\u0117","description":"A. Baltakis, ankstesn\u0119 knyg\u0105 i\u0161leid\u0119s 1998 m., nuolat ra\u0161\u0117, bet kaup\u0117 k\u016brinius tai knygai, kuri\u0105, padar\u0119s kruop\u0161\u010di\u0105 atrank\u0105, pareng\u0117 dabar. Knyga vientisa, jos motyv\u0173 ir nuotaik\u0173 nat\u016bral\u0173 tek\u0117jim\u0105 yra nul\u0117m\u0119s patsai atlapa\u0161ird\u017eio poeto gyvenimas, \u2013 kas j\u012f i\u0161tiko ir jaudino pastaraisiais metais. Prasminiai centrai susij\u0119 su s\u016bnaus netekties i\u0161gyvenimais ir su garsaus bosni\u0173 poeto Izeto Sarajli\u010diaus likimo linija (A. Baltakis \u012f savo knyg\u0105 \u012fterpia jo ra\u0161yt\u0173 lai\u0161k\u0173, eil\u0117ra\u0161\u010di\u0173), kuri eina per etnini\u0173 ir socialini\u0173 konflikt\u0173 \u017eidin\u012f (Sarajev\u0105). \u0160iuos centrus supa kiti eil\u0117ra\u0161\u010diai \u2013 elegi\u0161ki, \u017eaismingi, reflektyv\u016bs. Atskir\u0105 skyrel\u012f sudaro muzikos k\u016briniams para\u0161yti tekstai. Konkretum\u0105 ir racionalum\u0105 m\u0117g\u0119s poetas dabar krypsta \u012f gryn\u0105j\u0105 lyrik\u0105, saiking\u0105 i\u0161rai\u0161k\u0105, gra\u017ei\u0105 jausm\u0173 ir apm\u0105stym\u0173 kalb\u0105. \u012e dabart\u012f jis \u017evelgia i\u0161mintingai, \u010dia nusi\u0161ypsodamas, \u010dia pagraudendamas, laikinus dalykus suvokdamas didesn\u0117je erdv\u0117je. Apipavidalindamas knyg\u0105 dailininkas R. Orantas panaudojo lai\u0161k\u0173 ir eil\u0117ra\u0161\u010di\u0173 faksimili\u0173, S. Krasausko pie\u0161in\u012f.","robots":{"index":"index","follow":"follow","max-snippet":"max-snippet:-1","max-image-preview":"max-image-preview:large","max-video-preview":"max-video-preview:-1"},"canonical":"https:\/\/skaitytaknyga.lt\/en\/produktas\/algimantas-baltakis-zvirbliu-zemaviete-2\/","og_locale":"en_GB","og_type":"article","og_title":"[:lt]\u017dvirbli\u0173 \u017eiemaviet\u0117[:] - Skaitytaknyga","og_description":"A. Baltakis, ankstesn\u0119 knyg\u0105 i\u0161leid\u0119s 1998 m., nuolat ra\u0161\u0117, bet kaup\u0117 k\u016brinius tai knygai, kuri\u0105, padar\u0119s kruop\u0161\u010di\u0105 atrank\u0105, pareng\u0117 dabar. Knyga vientisa, jos motyv\u0173 ir nuotaik\u0173 nat\u016bral\u0173 tek\u0117jim\u0105 yra nul\u0117m\u0119s patsai atlapa\u0161ird\u017eio poeto gyvenimas, \u2013 kas j\u012f i\u0161tiko ir jaudino pastaraisiais metais. Prasminiai centrai susij\u0119 su s\u016bnaus netekties i\u0161gyvenimais ir su garsaus bosni\u0173 poeto Izeto Sarajli\u010diaus likimo linija (A. Baltakis \u012f savo knyg\u0105 \u012fterpia jo ra\u0161yt\u0173 lai\u0161k\u0173, eil\u0117ra\u0161\u010di\u0173), kuri eina per etnini\u0173 ir socialini\u0173 konflikt\u0173 \u017eidin\u012f (Sarajev\u0105). \u0160iuos centrus supa kiti eil\u0117ra\u0161\u010diai \u2013 elegi\u0161ki, \u017eaismingi, reflektyv\u016bs. Atskir\u0105 skyrel\u012f sudaro muzikos k\u016briniams para\u0161yti tekstai. Konkretum\u0105 ir racionalum\u0105 m\u0117g\u0119s poetas dabar krypsta \u012f gryn\u0105j\u0105 lyrik\u0105, saiking\u0105 i\u0161rai\u0161k\u0105, gra\u017ei\u0105 jausm\u0173 ir apm\u0105stym\u0173 kalb\u0105. \u012e dabart\u012f jis \u017evelgia i\u0161mintingai, \u010dia nusi\u0161ypsodamas, \u010dia pagraudendamas, laikinus dalykus suvokdamas didesn\u0117je erdv\u0117je. Apipavidalindamas knyg\u0105 dailininkas R. Orantas panaudojo lai\u0161k\u0173 ir eil\u0117ra\u0161\u010di\u0173 faksimili\u0173, S. Krasausko pie\u0161in\u012f.","og_url":"https:\/\/skaitytaknyga.lt\/en\/produktas\/algimantas-baltakis-zvirbliu-zemaviete-2\/","og_site_name":"Skaitytaknyga","article_publisher":"https:\/\/www.facebook.com\/skaitytaknyga\/","article_modified_time":"2025-06-15T07:43:08+00:00","og_image":[{"width":293,"height":400,"url":"https:\/\/skaitytaknyga.lt\/wp-content\/uploads\/2024\/05\/zvirbliu-ziemaviete.jpg","type":"image\/jpeg"}],"twitter_card":"summary_large_image","twitter_misc":{"Estimated reading time":"1 minute"},"schema":{"@context":"https:\/\/schema.org","@graph":[{"@type":"WebPage","@id":"https:\/\/skaitytaknyga.lt\/produktas\/algimantas-baltakis-zvirbliu-zemaviete-2\/","url":"https:\/\/skaitytaknyga.lt\/produktas\/algimantas-baltakis-zvirbliu-zemaviete-2\/","name":"\u017dvirbli\u0173 \u017eiemaviet\u0117","isPartOf":{"@id":"https:\/\/skaitytaknyga.lt\/#website"},"primaryImageOfPage":{"@id":"https:\/\/skaitytaknyga.lt\/produktas\/algimantas-baltakis-zvirbliu-zemaviete-2\/#primaryimage"},"image":{"@id":"https:\/\/skaitytaknyga.lt\/produktas\/algimantas-baltakis-zvirbliu-zemaviete-2\/#primaryimage"},"thumbnailUrl":"https:\/\/skaitytaknyga.lt\/wp-content\/uploads\/2024\/05\/zvirbliu-ziemaviete.jpg","datePublished":"2024-05-04T15:03:41+00:00","dateModified":"2025-06-15T07:43:08+00:00","description":"A. Baltakis, ankstesn\u0119 knyg\u0105 i\u0161leid\u0119s 1998 m., nuolat ra\u0161\u0117, bet kaup\u0117 k\u016brinius tai knygai, kuri\u0105, padar\u0119s kruop\u0161\u010di\u0105 atrank\u0105, pareng\u0117 dabar. Knyga vientisa, jos motyv\u0173 ir nuotaik\u0173 nat\u016bral\u0173 tek\u0117jim\u0105 yra nul\u0117m\u0119s patsai atlapa\u0161ird\u017eio poeto gyvenimas, \u2013 kas j\u012f i\u0161tiko ir jaudino pastaraisiais metais. Prasminiai centrai susij\u0119 su s\u016bnaus netekties i\u0161gyvenimais ir su garsaus bosni\u0173 poeto Izeto Sarajli\u010diaus likimo linija (A. Baltakis \u012f savo knyg\u0105 \u012fterpia jo ra\u0161yt\u0173 lai\u0161k\u0173, eil\u0117ra\u0161\u010di\u0173), kuri eina per etnini\u0173 ir socialini\u0173 konflikt\u0173 \u017eidin\u012f (Sarajev\u0105). \u0160iuos centrus supa kiti eil\u0117ra\u0161\u010diai \u2013 elegi\u0161ki, \u017eaismingi, reflektyv\u016bs. Atskir\u0105 skyrel\u012f sudaro muzikos k\u016briniams para\u0161yti tekstai. Konkretum\u0105 ir racionalum\u0105 m\u0117g\u0119s poetas dabar krypsta \u012f gryn\u0105j\u0105 lyrik\u0105, saiking\u0105 i\u0161rai\u0161k\u0105, gra\u017ei\u0105 jausm\u0173 ir apm\u0105stym\u0173 kalb\u0105. \u012e dabart\u012f jis \u017evelgia i\u0161mintingai, \u010dia nusi\u0161ypsodamas, \u010dia pagraudendamas, laikinus dalykus suvokdamas didesn\u0117je erdv\u0117je. Apipavidalindamas knyg\u0105 dailininkas R. Orantas panaudojo lai\u0161k\u0173 ir eil\u0117ra\u0161\u010di\u0173 faksimili\u0173, S. Krasausko pie\u0161in\u012f.","breadcrumb":{"@id":"https:\/\/skaitytaknyga.lt\/produktas\/algimantas-baltakis-zvirbliu-zemaviete-2\/#breadcrumb"},"inLanguage":"en-GB","potentialAction":[{"@type":"ReadAction","target":["https:\/\/skaitytaknyga.lt\/produktas\/algimantas-baltakis-zvirbliu-zemaviete-2\/"]}]},{"@type":"ImageObject","inLanguage":"en-GB","@id":"https:\/\/skaitytaknyga.lt\/produktas\/algimantas-baltakis-zvirbliu-zemaviete-2\/#primaryimage","url":"https:\/\/skaitytaknyga.lt\/wp-content\/uploads\/2024\/05\/zvirbliu-ziemaviete.jpg","contentUrl":"https:\/\/skaitytaknyga.lt\/wp-content\/uploads\/2024\/05\/zvirbliu-ziemaviete.jpg","width":293,"height":400},{"@type":"BreadcrumbList","@id":"https:\/\/skaitytaknyga.lt\/produktas\/algimantas-baltakis-zvirbliu-zemaviete-2\/#breadcrumb","itemListElement":[{"@type":"ListItem","position":1,"name":"Home","item":"https:\/\/skaitytaknyga.lt\/"},{"@type":"ListItem","position":2,"name":"Parduotuv\u0117","item":"https:\/\/skaitytaknyga.lt\/knygu-parduotuve\/"},{"@type":"ListItem","position":3,"name":"\u017dvirbli\u0173 \u017eiemaviet\u0117"}]},{"@type":"WebSite","@id":"https:\/\/skaitytaknyga.lt\/#website","url":"https:\/\/skaitytaknyga.lt\/","name":"skaitytaknyga.lt","description":"Skaitytaknyga.lt \u2013 tai ma\u017eas \u0161eimos verslas, kuris prasid\u0117jo nuo meil\u0117s knygoms ir siekio i\u0161gelb\u0117ti knygas nuo likimo prie konteinerio. Kas vienam nereikalingas daiktas \u2013 kitam lobis, o mes esame tarpininkai, kurie padeda abiems tapti laimingesniems ???? \u017dinome kaip nelengva i\u0161gyventi ma\u017eiems verslams, tad nuo \u0161iol, \u010dia rasite ir kit\u0173, ma\u017e\u0173 \u0161eim\u0173 versl\u0173, rank\u0173 darbo, dovan\u0173 sau ir artimiesiems.","publisher":{"@id":"https:\/\/skaitytaknyga.lt\/#organization"},"potentialAction":[{"@type":"SearchAction","target":{"@type":"EntryPoint","urlTemplate":"https:\/\/skaitytaknyga.lt\/?s={search_term_string}"},"query-input":{"@type":"PropertyValueSpecification","valueRequired":true,"valueName":"search_term_string"}}],"inLanguage":"en-GB"},{"@type":"Organization","@id":"https:\/\/skaitytaknyga.lt\/#organization","name":"skaitytaknyga.lt","url":"https:\/\/skaitytaknyga.lt\/","logo":{"@type":"ImageObject","inLanguage":"en-GB","@id":"https:\/\/skaitytaknyga.lt\/#\/schema\/logo\/image\/","url":"https:\/\/skaitytaknyga.lt\/wp-content\/uploads\/2024\/05\/cropped-cropped-cropped-02_00843_jt3bggkj1j3HLc7SyY6rEUpg.jpeg","contentUrl":"https:\/\/skaitytaknyga.lt\/wp-content\/uploads\/2024\/05\/cropped-cropped-cropped-02_00843_jt3bggkj1j3HLc7SyY6rEUpg.jpeg","width":1600,"height":1600,"caption":"skaitytaknyga.lt"},"image":{"@id":"https:\/\/skaitytaknyga.lt\/#\/schema\/logo\/image\/"},"sameAs":["https:\/\/www.facebook.com\/skaitytaknyga\/"]}]}},"_links":{"self":[{"href":"https:\/\/skaitytaknyga.lt\/en\/wp-json\/wp\/v2\/product\/9489","targetHints":{"allow":["GET"]}}],"collection":[{"href":"https:\/\/skaitytaknyga.lt\/en\/wp-json\/wp\/v2\/product"}],"about":[{"href":"https:\/\/skaitytaknyga.lt\/en\/wp-json\/wp\/v2\/types\/product"}],"replies":[{"embeddable":true,"href":"https:\/\/skaitytaknyga.lt\/en\/wp-json\/wp\/v2\/comments?post=9489"}],"wp:featuredmedia":[{"embeddable":true,"href":"https:\/\/skaitytaknyga.lt\/en\/wp-json\/wp\/v2\/media\/6933"}],"wp:attachment":[{"href":"https:\/\/skaitytaknyga.lt\/en\/wp-json\/wp\/v2\/media?parent=9489"}],"wp:term":[{"taxonomy":"product_brand","embeddable":true,"href":"https:\/\/skaitytaknyga.lt\/en\/wp-json\/wp\/v2\/product_brand?post=9489"},{"taxonomy":"product_cat","embeddable":true,"href":"https:\/\/skaitytaknyga.lt\/en\/wp-json\/wp\/v2\/product_cat?post=9489"},{"taxonomy":"product_tag","embeddable":true,"href":"https:\/\/skaitytaknyga.lt\/en\/wp-json\/wp\/v2\/product_tag?post=9489"}],"curies":[{"name":"wp","href":"https:\/\/api.w.org\/{rel}","templated":true}]}}