{"id":9467,"date":"2024-05-04T15:03:18","date_gmt":"2024-05-04T15:03:18","guid":{"rendered":"https:\/\/skaitytaknyga.lt\/?post_type=product&#038;p=9467"},"modified":"2026-04-23T12:26:44","modified_gmt":"2026-04-23T09:26:44","slug":"sunys-mazoji-enciklopedija-2","status":"publish","type":"product","link":"https:\/\/skaitytaknyga.lt\/en\/produktas\/sunys-mazoji-enciklopedija-2\/","title":{"rendered":"\u0160unys. Ma\u017eoji enciklopedija"},"content":{"rendered":"<p>\u0160ioje ma\u017eojoje enciklopedijoje apra\u0161oma 60 pa\u010di\u0173 populiariausi\u0173 ir \u012fdomiausi\u0173 \u0161un\u0173 veisli\u0173. Kiekvienai j\u0173 knygoje skirtas tik vienas puslapis, ta\u010diau jame pateikiama daug naudingos informacijos: spalvota \u0161uns nuotrauka, kiekvienai veislei b\u016bdingi bruo\u017eai, duomenys apie gyv\u016bno dyd\u012f ir svor\u012f. \u010cia su\u017einosite konkre\u010dios \u0161uns veisl\u0117s atsiradimo<br \/>\nistorij\u0105, jos ypatumus, darbines savybes, informacij\u0105 apie gyv\u016bno laikymo s\u0105lygas ir elges\u012f, jo teigiamas savybes ir tr\u016bkumus. Kad b\u016bt\u0173 patogiau, visi \u0161ie duomenys pateikiami specialiose lentel\u0117se. \u0160i ma\u017eoji enciklopedija bus naudinga ne tik tiems, kurie ketina pirm\u0105 kart\u0105 \u012fsigyti konkre\u010dios veisl\u0117s \u0161uniuk\u0105, bet ir pla\u010diajam skaitytoj\u0173 ratui.<br \/>\nKnyga nedidel\u0117, tod\u0117l j\u0105 bus patogu visuomet tur\u0117ti po ranka kaip vadov\u0105.<\/p>\n","protected":false},"excerpt":{"rendered":"<p>\u0160ioje ma\u017eojoje enciklopedijoje apra\u0161oma 60 pa\u010di\u0173 populiariausi\u0173 ir \u012fdomiausi\u0173 \u0161un\u0173 veisli\u0173. Kiekvienai j\u0173 knygoje skirtas tik vienas puslapis, ta\u010diau jame pateikiama daug naudingos informacijos: spalvota \u0161uns nuotrauka, kiekvienai veislei b\u016bdingi bruo\u017eai, duomenys apie gyv\u016bno dyd\u012f ir svor\u012f. \u010cia su\u017einosite konkre\u010dios \u0161uns veisl\u0117s atsiradimo<br \/>\nistorij\u0105, jos ypatumus, darbines savybes, informacij\u0105 apie gyv\u016bno laikymo s\u0105lygas ir elges\u012f, jo teigiamas savybes ir tr\u016bkumus. Kad b\u016bt\u0173 patogiau, visi \u0161ie duomenys pateikiami specialiose lentel\u0117se. \u0160i ma\u017eoji enciklopedija bus naudinga ne tik tiems, kurie ketina pirm\u0105 kart\u0105 \u012fsigyti konkre\u010dios veisl\u0117s \u0161uniuk\u0105, bet ir pla\u010diajam skaitytoj\u0173 ratui.<br \/>\nKnyga nedidel\u0117, tod\u0117l j\u0105 bus patogu visuomet tur\u0117ti po ranka kaip vadov\u0105.<\/p>\n","protected":false},"featured_media":6894,"comment_status":"closed","ping_status":"closed","template":"","meta":{"_acf_changed":false,"site-sidebar-layout":"default","site-content-layout":"","ast-site-content-layout":"default","site-content-style":"default","site-sidebar-style":"default","ast-global-header-display":"","ast-banner-title-visibility":"","ast-main-header-display":"","ast-hfb-above-header-display":"","ast-hfb-below-header-display":"","ast-hfb-mobile-header-display":"","site-post-title":"","ast-breadcrumbs-content":"","ast-featured-img":"","footer-sml-layout":"","ast-disable-related-posts":"","theme-transparent-header-meta":"","adv-header-id-meta":"","stick-header-meta":"","header-above-stick-meta":"","header-main-stick-meta":"","header-below-stick-meta":"","astra-migrate-meta-layouts":"default","ast-page-background-enabled":"default","ast-page-background-meta":{"desktop":{"background-color":"","background-image":"","background-repeat":"repeat","background-position":"center center","background-size":"auto","background-attachment":"scroll","background-type":"","background-media":"","overlay-type":"","overlay-color":"","overlay-opacity":"","overlay-gradient":""},"tablet":{"background-color":"","background-image":"","background-repeat":"repeat","background-position":"center center","background-size":"auto","background-attachment":"scroll","background-type":"","background-media":"","overlay-type":"","overlay-color":"","overlay-opacity":"","overlay-gradient":""},"mobile":{"background-color":"","background-image":"","background-repeat":"repeat","background-position":"center center","background-size":"auto","background-attachment":"scroll","background-type":"","background-media":"","overlay-type":"","overlay-color":"","overlay-opacity":"","overlay-gradient":""}},"ast-content-background-meta":{"desktop":{"background-color":"var(--ast-global-color-4)","background-image":"","background-repeat":"repeat","background-position":"center center","background-size":"auto","background-attachment":"scroll","background-type":"","background-media":"","overlay-type":"","overlay-color":"","overlay-opacity":"","overlay-gradient":""},"tablet":{"background-color":"var(--ast-global-color-4)","background-image":"","background-repeat":"repeat","background-position":"center center","background-size":"auto","background-attachment":"scroll","background-type":"","background-media":"","overlay-type":"","overlay-color":"","overlay-opacity":"","overlay-gradient":""},"mobile":{"background-color":"var(--ast-global-color-4)","background-image":"","background-repeat":"repeat","background-position":"center center","background-size":"auto","background-attachment":"scroll","background-type":"","background-media":"","overlay-type":"","overlay-color":"","overlay-opacity":"","overlay-gradient":""}}},"product_brand":[],"product_cat":[269,9849,73],"product_tag":[],"class_list":{"0":"post-9467","1":"product","2":"type-product","3":"status-publish","4":"has-post-thumbnail","6":"product_cat-gamtos-mokslai","7":"product_cat-gyvunai","8":"product_cat-zinynai-ir-enciklopedijos","9":"desktop-align-left","10":"tablet-align-left","11":"mobile-align-left","13":"first","14":"instock","15":"shipping-taxable","16":"purchasable","17":"product-type-simple"},"acf":[],"yoast_head":"<!-- This site is optimized with the Yoast SEO plugin v27.4 - https:\/\/yoast.com\/product\/yoast-seo-wordpress\/ -->\n<title>\u0160unys. Ma\u017eoji enciklopedija<\/title>\n<meta name=\"description\" content=\"\u0160ioje ma\u017eojoje enciklopedijoje apra\u0161oma 60 pa\u010di\u0173 populiariausi\u0173 ir \u012fdomiausi\u0173 \u0161un\u0173 veisli\u0173. Kiekvienai j\u0173 knygoje skirtas tik vienas puslapis, ta\u010diau jame pateikiama daug naudingos informacijos: spalvota \u0161uns nuotrauka, kiekvienai veislei b\u016bdingi bruo\u017eai, duomenys apie gyv\u016bno dyd\u012f ir svor\u012f. \u010cia su\u017einosite konkre\u010dios \u0161uns veisl\u0117s atsiradimo istorij\u0105, jos ypatumus, darbines savybes, informacij\u0105 apie gyv\u016bno laikymo s\u0105lygas ir elges\u012f, jo teigiamas savybes ir tr\u016bkumus. Kad b\u016bt\u0173 patogiau, visi \u0161ie duomenys pateikiami specialiose lentel\u0117se. \u0160i ma\u017eoji enciklopedija bus naudinga ne tik tiems, kurie ketina pirm\u0105 kart\u0105 \u012fsigyti konkre\u010dios veisl\u0117s \u0161uniuk\u0105, bet ir pla\u010diajam skaitytoj\u0173 ratui. Knyga nedidel\u0117, tod\u0117l j\u0105 bus patogu visuomet tur\u0117ti po ranka kaip vadov\u0105.\" \/>\n<meta name=\"robots\" content=\"index, follow, max-snippet:-1, max-image-preview:large, max-video-preview:-1\" \/>\n<link rel=\"canonical\" href=\"https:\/\/skaitytaknyga.lt\/en\/produktas\/sunys-mazoji-enciklopedija-2\/\" \/>\n<meta property=\"og:locale\" content=\"en_GB\" \/>\n<meta property=\"og:locale:alternate\" content=\"lt_LT\" \/>\n<meta property=\"og:type\" content=\"article\" \/>\n<meta property=\"og:title\" content=\"\u0160unys. Ma\u017eoji enciklopedija\" \/>\n<meta property=\"og:description\" content=\"\u0160ioje ma\u017eojoje enciklopedijoje apra\u0161oma 60 pa\u010di\u0173 populiariausi\u0173 ir \u012fdomiausi\u0173 \u0161un\u0173 veisli\u0173. Kiekvienai j\u0173 knygoje skirtas tik vienas puslapis, ta\u010diau jame pateikiama daug naudingos informacijos: spalvota \u0161uns nuotrauka, kiekvienai veislei b\u016bdingi bruo\u017eai, duomenys apie gyv\u016bno dyd\u012f ir svor\u012f. \u010cia su\u017einosite konkre\u010dios \u0161uns veisl\u0117s atsiradimo istorij\u0105, jos ypatumus, darbines savybes, informacij\u0105 apie gyv\u016bno laikymo s\u0105lygas ir elges\u012f, jo teigiamas savybes ir tr\u016bkumus. Kad b\u016bt\u0173 patogiau, visi \u0161ie duomenys pateikiami specialiose lentel\u0117se. \u0160i ma\u017eoji enciklopedija bus naudinga ne tik tiems, kurie ketina pirm\u0105 kart\u0105 \u012fsigyti konkre\u010dios veisl\u0117s \u0161uniuk\u0105, bet ir pla\u010diajam skaitytoj\u0173 ratui. Knyga nedidel\u0117, tod\u0117l j\u0105 bus patogu visuomet tur\u0117ti po ranka kaip vadov\u0105.\" \/>\n<meta property=\"og:url\" content=\"https:\/\/skaitytaknyga.lt\/en\/produktas\/sunys-mazoji-enciklopedija-2\/\" \/>\n<meta property=\"og:site_name\" content=\"Skaitytaknyga\" \/>\n<meta property=\"article:publisher\" content=\"https:\/\/www.facebook.com\/skaitytaknyga\/\" \/>\n<meta property=\"article:modified_time\" content=\"2026-04-23T09:26:44+00:00\" \/>\n<meta property=\"og:image\" content=\"https:\/\/skaitytaknyga.lt\/wp-content\/uploads\/2024\/05\/000000000002149313-59de81b65b560-asset-knyguklubas-cdb_9786094561238_origamis_sunys_mazoji_enciklopedija.jpg_p1.jpg\" \/>\n\t<meta property=\"og:image:width\" content=\"285\" \/>\n\t<meta property=\"og:image:height\" content=\"424\" \/>\n\t<meta property=\"og:image:type\" content=\"image\/jpeg\" \/>\n<meta name=\"twitter:card\" content=\"summary_large_image\" \/>\n<meta name=\"twitter:label1\" content=\"Estimated reading time\" \/>\n\t<meta name=\"twitter:data1\" content=\"1 minute\" \/>\n<script type=\"application\/ld+json\" class=\"yoast-schema-graph\">{\"@context\":\"https:\\\/\\\/schema.org\",\"@graph\":[{\"@type\":\"WebPage\",\"@id\":\"https:\\\/\\\/skaitytaknyga.lt\\\/produktas\\\/sunys-mazoji-enciklopedija-2\\\/\",\"url\":\"https:\\\/\\\/skaitytaknyga.lt\\\/produktas\\\/sunys-mazoji-enciklopedija-2\\\/\",\"name\":\"\u0160unys. Ma\u017eoji enciklopedija\",\"isPartOf\":{\"@id\":\"https:\\\/\\\/skaitytaknyga.lt\\\/#website\"},\"primaryImageOfPage\":{\"@id\":\"https:\\\/\\\/skaitytaknyga.lt\\\/produktas\\\/sunys-mazoji-enciklopedija-2\\\/#primaryimage\"},\"image\":{\"@id\":\"https:\\\/\\\/skaitytaknyga.lt\\\/produktas\\\/sunys-mazoji-enciklopedija-2\\\/#primaryimage\"},\"thumbnailUrl\":\"https:\\\/\\\/skaitytaknyga.lt\\\/wp-content\\\/uploads\\\/2024\\\/05\\\/000000000002149313-59de81b65b560-asset-knyguklubas-cdb_9786094561238_origamis_sunys_mazoji_enciklopedija.jpg_p1.jpg\",\"datePublished\":\"2024-05-04T15:03:18+00:00\",\"dateModified\":\"2026-04-23T09:26:44+00:00\",\"description\":\"\u0160ioje ma\u017eojoje enciklopedijoje apra\u0161oma 60 pa\u010di\u0173 populiariausi\u0173 ir \u012fdomiausi\u0173 \u0161un\u0173 veisli\u0173. Kiekvienai j\u0173 knygoje skirtas tik vienas puslapis, ta\u010diau jame pateikiama daug naudingos informacijos: spalvota \u0161uns nuotrauka, kiekvienai veislei b\u016bdingi bruo\u017eai, duomenys apie gyv\u016bno dyd\u012f ir svor\u012f. \u010cia su\u017einosite konkre\u010dios \u0161uns veisl\u0117s atsiradimo istorij\u0105, jos ypatumus, darbines savybes, informacij\u0105 apie gyv\u016bno laikymo s\u0105lygas ir elges\u012f, jo teigiamas savybes ir tr\u016bkumus. Kad b\u016bt\u0173 patogiau, visi \u0161ie duomenys pateikiami specialiose lentel\u0117se. \u0160i ma\u017eoji enciklopedija bus naudinga ne tik tiems, kurie ketina pirm\u0105 kart\u0105 \u012fsigyti konkre\u010dios veisl\u0117s \u0161uniuk\u0105, bet ir pla\u010diajam skaitytoj\u0173 ratui. Knyga nedidel\u0117, tod\u0117l j\u0105 bus patogu visuomet tur\u0117ti po ranka kaip vadov\u0105.\",\"breadcrumb\":{\"@id\":\"https:\\\/\\\/skaitytaknyga.lt\\\/produktas\\\/sunys-mazoji-enciklopedija-2\\\/#breadcrumb\"},\"inLanguage\":\"en-GB\",\"potentialAction\":[{\"@type\":\"ReadAction\",\"target\":[\"https:\\\/\\\/skaitytaknyga.lt\\\/produktas\\\/sunys-mazoji-enciklopedija-2\\\/\"]}]},{\"@type\":\"ImageObject\",\"inLanguage\":\"en-GB\",\"@id\":\"https:\\\/\\\/skaitytaknyga.lt\\\/produktas\\\/sunys-mazoji-enciklopedija-2\\\/#primaryimage\",\"url\":\"https:\\\/\\\/skaitytaknyga.lt\\\/wp-content\\\/uploads\\\/2024\\\/05\\\/000000000002149313-59de81b65b560-asset-knyguklubas-cdb_9786094561238_origamis_sunys_mazoji_enciklopedija.jpg_p1.jpg\",\"contentUrl\":\"https:\\\/\\\/skaitytaknyga.lt\\\/wp-content\\\/uploads\\\/2024\\\/05\\\/000000000002149313-59de81b65b560-asset-knyguklubas-cdb_9786094561238_origamis_sunys_mazoji_enciklopedija.jpg_p1.jpg\",\"width\":285,\"height\":424},{\"@type\":\"BreadcrumbList\",\"@id\":\"https:\\\/\\\/skaitytaknyga.lt\\\/produktas\\\/sunys-mazoji-enciklopedija-2\\\/#breadcrumb\",\"itemListElement\":[{\"@type\":\"ListItem\",\"position\":1,\"name\":\"Home\",\"item\":\"https:\\\/\\\/skaitytaknyga.lt\\\/\"},{\"@type\":\"ListItem\",\"position\":2,\"name\":\"Parduotuv\u0117\",\"item\":\"https:\\\/\\\/skaitytaknyga.lt\\\/knygu-parduotuve\\\/\"},{\"@type\":\"ListItem\",\"position\":3,\"name\":\"\u0160unys. Ma\u017eoji enciklopedija\"}]},{\"@type\":\"WebSite\",\"@id\":\"https:\\\/\\\/skaitytaknyga.lt\\\/#website\",\"url\":\"https:\\\/\\\/skaitytaknyga.lt\\\/\",\"name\":\"skaitytaknyga.lt\",\"description\":\"Skaitytaknyga.lt \u2013 tai ma\u017eas \u0161eimos verslas, kuris prasid\u0117jo nuo meil\u0117s knygoms ir siekio i\u0161gelb\u0117ti knygas nuo likimo prie konteinerio. Kas vienam nereikalingas daiktas \u2013 kitam lobis, o mes esame tarpininkai, kurie padeda abiems tapti laimingesniems ???? \u017dinome kaip nelengva i\u0161gyventi ma\u017eiems verslams, tad nuo \u0161iol, \u010dia rasite ir kit\u0173, ma\u017e\u0173 \u0161eim\u0173 versl\u0173, rank\u0173 darbo, dovan\u0173 sau ir artimiesiems.\",\"publisher\":{\"@id\":\"https:\\\/\\\/skaitytaknyga.lt\\\/#organization\"},\"potentialAction\":[{\"@type\":\"SearchAction\",\"target\":{\"@type\":\"EntryPoint\",\"urlTemplate\":\"https:\\\/\\\/skaitytaknyga.lt\\\/?s={search_term_string}\"},\"query-input\":{\"@type\":\"PropertyValueSpecification\",\"valueRequired\":true,\"valueName\":\"search_term_string\"}}],\"inLanguage\":\"en-GB\"},{\"@type\":\"Organization\",\"@id\":\"https:\\\/\\\/skaitytaknyga.lt\\\/#organization\",\"name\":\"skaitytaknyga.lt\",\"url\":\"https:\\\/\\\/skaitytaknyga.lt\\\/\",\"logo\":{\"@type\":\"ImageObject\",\"inLanguage\":\"en-GB\",\"@id\":\"https:\\\/\\\/skaitytaknyga.lt\\\/#\\\/schema\\\/logo\\\/image\\\/\",\"url\":\"https:\\\/\\\/skaitytaknyga.lt\\\/wp-content\\\/uploads\\\/2024\\\/05\\\/cropped-cropped-cropped-02_00843_jt3bggkj1j3HLc7SyY6rEUpg.jpeg\",\"contentUrl\":\"https:\\\/\\\/skaitytaknyga.lt\\\/wp-content\\\/uploads\\\/2024\\\/05\\\/cropped-cropped-cropped-02_00843_jt3bggkj1j3HLc7SyY6rEUpg.jpeg\",\"width\":1600,\"height\":1600,\"caption\":\"skaitytaknyga.lt\"},\"image\":{\"@id\":\"https:\\\/\\\/skaitytaknyga.lt\\\/#\\\/schema\\\/logo\\\/image\\\/\"},\"sameAs\":[\"https:\\\/\\\/www.facebook.com\\\/skaitytaknyga\\\/\"]}]}<\/script>\n<!-- \/ Yoast SEO plugin. -->","yoast_head_json":{"title":"\u0160unys. Ma\u017eoji enciklopedija","description":"\u0160ioje ma\u017eojoje enciklopedijoje apra\u0161oma 60 pa\u010di\u0173 populiariausi\u0173 ir \u012fdomiausi\u0173 \u0161un\u0173 veisli\u0173. Kiekvienai j\u0173 knygoje skirtas tik vienas puslapis, ta\u010diau jame pateikiama daug naudingos informacijos: spalvota \u0161uns nuotrauka, kiekvienai veislei b\u016bdingi bruo\u017eai, duomenys apie gyv\u016bno dyd\u012f ir svor\u012f. \u010cia su\u017einosite konkre\u010dios \u0161uns veisl\u0117s atsiradimo istorij\u0105, jos ypatumus, darbines savybes, informacij\u0105 apie gyv\u016bno laikymo s\u0105lygas ir elges\u012f, jo teigiamas savybes ir tr\u016bkumus. Kad b\u016bt\u0173 patogiau, visi \u0161ie duomenys pateikiami specialiose lentel\u0117se. \u0160i ma\u017eoji enciklopedija bus naudinga ne tik tiems, kurie ketina pirm\u0105 kart\u0105 \u012fsigyti konkre\u010dios veisl\u0117s \u0161uniuk\u0105, bet ir pla\u010diajam skaitytoj\u0173 ratui. Knyga nedidel\u0117, tod\u0117l j\u0105 bus patogu visuomet tur\u0117ti po ranka kaip vadov\u0105.","robots":{"index":"index","follow":"follow","max-snippet":"max-snippet:-1","max-image-preview":"max-image-preview:large","max-video-preview":"max-video-preview:-1"},"canonical":"https:\/\/skaitytaknyga.lt\/en\/produktas\/sunys-mazoji-enciklopedija-2\/","og_locale":"en_GB","og_type":"article","og_title":"[:lt]\u0160unys. Ma\u017eoji enciklopedija[:] - Skaitytaknyga","og_description":"\u0160ioje ma\u017eojoje enciklopedijoje apra\u0161oma 60 pa\u010di\u0173 populiariausi\u0173 ir \u012fdomiausi\u0173 \u0161un\u0173 veisli\u0173. Kiekvienai j\u0173 knygoje skirtas tik vienas puslapis, ta\u010diau jame pateikiama daug naudingos informacijos: spalvota \u0161uns nuotrauka, kiekvienai veislei b\u016bdingi bruo\u017eai, duomenys apie gyv\u016bno dyd\u012f ir svor\u012f. \u010cia su\u017einosite konkre\u010dios \u0161uns veisl\u0117s atsiradimo istorij\u0105, jos ypatumus, darbines savybes, informacij\u0105 apie gyv\u016bno laikymo s\u0105lygas ir elges\u012f, jo teigiamas savybes ir tr\u016bkumus. Kad b\u016bt\u0173 patogiau, visi \u0161ie duomenys pateikiami specialiose lentel\u0117se. \u0160i ma\u017eoji enciklopedija bus naudinga ne tik tiems, kurie ketina pirm\u0105 kart\u0105 \u012fsigyti konkre\u010dios veisl\u0117s \u0161uniuk\u0105, bet ir pla\u010diajam skaitytoj\u0173 ratui. Knyga nedidel\u0117, tod\u0117l j\u0105 bus patogu visuomet tur\u0117ti po ranka kaip vadov\u0105.","og_url":"https:\/\/skaitytaknyga.lt\/en\/produktas\/sunys-mazoji-enciklopedija-2\/","og_site_name":"Skaitytaknyga","article_publisher":"https:\/\/www.facebook.com\/skaitytaknyga\/","article_modified_time":"2026-04-23T09:26:44+00:00","og_image":[{"width":285,"height":424,"url":"https:\/\/skaitytaknyga.lt\/wp-content\/uploads\/2024\/05\/000000000002149313-59de81b65b560-asset-knyguklubas-cdb_9786094561238_origamis_sunys_mazoji_enciklopedija.jpg_p1.jpg","type":"image\/jpeg"}],"twitter_card":"summary_large_image","twitter_misc":{"Estimated reading time":"1 minute"},"schema":{"@context":"https:\/\/schema.org","@graph":[{"@type":"WebPage","@id":"https:\/\/skaitytaknyga.lt\/produktas\/sunys-mazoji-enciklopedija-2\/","url":"https:\/\/skaitytaknyga.lt\/produktas\/sunys-mazoji-enciklopedija-2\/","name":"\u0160unys. Ma\u017eoji enciklopedija","isPartOf":{"@id":"https:\/\/skaitytaknyga.lt\/#website"},"primaryImageOfPage":{"@id":"https:\/\/skaitytaknyga.lt\/produktas\/sunys-mazoji-enciklopedija-2\/#primaryimage"},"image":{"@id":"https:\/\/skaitytaknyga.lt\/produktas\/sunys-mazoji-enciklopedija-2\/#primaryimage"},"thumbnailUrl":"https:\/\/skaitytaknyga.lt\/wp-content\/uploads\/2024\/05\/000000000002149313-59de81b65b560-asset-knyguklubas-cdb_9786094561238_origamis_sunys_mazoji_enciklopedija.jpg_p1.jpg","datePublished":"2024-05-04T15:03:18+00:00","dateModified":"2026-04-23T09:26:44+00:00","description":"\u0160ioje ma\u017eojoje enciklopedijoje apra\u0161oma 60 pa\u010di\u0173 populiariausi\u0173 ir \u012fdomiausi\u0173 \u0161un\u0173 veisli\u0173. Kiekvienai j\u0173 knygoje skirtas tik vienas puslapis, ta\u010diau jame pateikiama daug naudingos informacijos: spalvota \u0161uns nuotrauka, kiekvienai veislei b\u016bdingi bruo\u017eai, duomenys apie gyv\u016bno dyd\u012f ir svor\u012f. \u010cia su\u017einosite konkre\u010dios \u0161uns veisl\u0117s atsiradimo istorij\u0105, jos ypatumus, darbines savybes, informacij\u0105 apie gyv\u016bno laikymo s\u0105lygas ir elges\u012f, jo teigiamas savybes ir tr\u016bkumus. Kad b\u016bt\u0173 patogiau, visi \u0161ie duomenys pateikiami specialiose lentel\u0117se. \u0160i ma\u017eoji enciklopedija bus naudinga ne tik tiems, kurie ketina pirm\u0105 kart\u0105 \u012fsigyti konkre\u010dios veisl\u0117s \u0161uniuk\u0105, bet ir pla\u010diajam skaitytoj\u0173 ratui. Knyga nedidel\u0117, tod\u0117l j\u0105 bus patogu visuomet tur\u0117ti po ranka kaip vadov\u0105.","breadcrumb":{"@id":"https:\/\/skaitytaknyga.lt\/produktas\/sunys-mazoji-enciklopedija-2\/#breadcrumb"},"inLanguage":"en-GB","potentialAction":[{"@type":"ReadAction","target":["https:\/\/skaitytaknyga.lt\/produktas\/sunys-mazoji-enciklopedija-2\/"]}]},{"@type":"ImageObject","inLanguage":"en-GB","@id":"https:\/\/skaitytaknyga.lt\/produktas\/sunys-mazoji-enciklopedija-2\/#primaryimage","url":"https:\/\/skaitytaknyga.lt\/wp-content\/uploads\/2024\/05\/000000000002149313-59de81b65b560-asset-knyguklubas-cdb_9786094561238_origamis_sunys_mazoji_enciklopedija.jpg_p1.jpg","contentUrl":"https:\/\/skaitytaknyga.lt\/wp-content\/uploads\/2024\/05\/000000000002149313-59de81b65b560-asset-knyguklubas-cdb_9786094561238_origamis_sunys_mazoji_enciklopedija.jpg_p1.jpg","width":285,"height":424},{"@type":"BreadcrumbList","@id":"https:\/\/skaitytaknyga.lt\/produktas\/sunys-mazoji-enciklopedija-2\/#breadcrumb","itemListElement":[{"@type":"ListItem","position":1,"name":"Home","item":"https:\/\/skaitytaknyga.lt\/"},{"@type":"ListItem","position":2,"name":"Parduotuv\u0117","item":"https:\/\/skaitytaknyga.lt\/knygu-parduotuve\/"},{"@type":"ListItem","position":3,"name":"\u0160unys. Ma\u017eoji enciklopedija"}]},{"@type":"WebSite","@id":"https:\/\/skaitytaknyga.lt\/#website","url":"https:\/\/skaitytaknyga.lt\/","name":"skaitytaknyga.lt","description":"Skaitytaknyga.lt \u2013 tai ma\u017eas \u0161eimos verslas, kuris prasid\u0117jo nuo meil\u0117s knygoms ir siekio i\u0161gelb\u0117ti knygas nuo likimo prie konteinerio. Kas vienam nereikalingas daiktas \u2013 kitam lobis, o mes esame tarpininkai, kurie padeda abiems tapti laimingesniems ???? \u017dinome kaip nelengva i\u0161gyventi ma\u017eiems verslams, tad nuo \u0161iol, \u010dia rasite ir kit\u0173, ma\u017e\u0173 \u0161eim\u0173 versl\u0173, rank\u0173 darbo, dovan\u0173 sau ir artimiesiems.","publisher":{"@id":"https:\/\/skaitytaknyga.lt\/#organization"},"potentialAction":[{"@type":"SearchAction","target":{"@type":"EntryPoint","urlTemplate":"https:\/\/skaitytaknyga.lt\/?s={search_term_string}"},"query-input":{"@type":"PropertyValueSpecification","valueRequired":true,"valueName":"search_term_string"}}],"inLanguage":"en-GB"},{"@type":"Organization","@id":"https:\/\/skaitytaknyga.lt\/#organization","name":"skaitytaknyga.lt","url":"https:\/\/skaitytaknyga.lt\/","logo":{"@type":"ImageObject","inLanguage":"en-GB","@id":"https:\/\/skaitytaknyga.lt\/#\/schema\/logo\/image\/","url":"https:\/\/skaitytaknyga.lt\/wp-content\/uploads\/2024\/05\/cropped-cropped-cropped-02_00843_jt3bggkj1j3HLc7SyY6rEUpg.jpeg","contentUrl":"https:\/\/skaitytaknyga.lt\/wp-content\/uploads\/2024\/05\/cropped-cropped-cropped-02_00843_jt3bggkj1j3HLc7SyY6rEUpg.jpeg","width":1600,"height":1600,"caption":"skaitytaknyga.lt"},"image":{"@id":"https:\/\/skaitytaknyga.lt\/#\/schema\/logo\/image\/"},"sameAs":["https:\/\/www.facebook.com\/skaitytaknyga\/"]}]}},"_links":{"self":[{"href":"https:\/\/skaitytaknyga.lt\/en\/wp-json\/wp\/v2\/product\/9467","targetHints":{"allow":["GET"]}}],"collection":[{"href":"https:\/\/skaitytaknyga.lt\/en\/wp-json\/wp\/v2\/product"}],"about":[{"href":"https:\/\/skaitytaknyga.lt\/en\/wp-json\/wp\/v2\/types\/product"}],"replies":[{"embeddable":true,"href":"https:\/\/skaitytaknyga.lt\/en\/wp-json\/wp\/v2\/comments?post=9467"}],"wp:featuredmedia":[{"embeddable":true,"href":"https:\/\/skaitytaknyga.lt\/en\/wp-json\/wp\/v2\/media\/6894"}],"wp:attachment":[{"href":"https:\/\/skaitytaknyga.lt\/en\/wp-json\/wp\/v2\/media?parent=9467"}],"wp:term":[{"taxonomy":"product_brand","embeddable":true,"href":"https:\/\/skaitytaknyga.lt\/en\/wp-json\/wp\/v2\/product_brand?post=9467"},{"taxonomy":"product_cat","embeddable":true,"href":"https:\/\/skaitytaknyga.lt\/en\/wp-json\/wp\/v2\/product_cat?post=9467"},{"taxonomy":"product_tag","embeddable":true,"href":"https:\/\/skaitytaknyga.lt\/en\/wp-json\/wp\/v2\/product_tag?post=9467"}],"curies":[{"name":"wp","href":"https:\/\/api.w.org\/{rel}","templated":true}]}}