{"id":9457,"date":"2024-05-04T15:03:17","date_gmt":"2024-05-04T15:03:17","guid":{"rendered":"https:\/\/skaitytaknyga.lt\/?post_type=product&#038;p=9457"},"modified":"2026-03-05T16:00:52","modified_gmt":"2026-03-05T14:00:52","slug":"susanne-jansson-aukojimo-pelke-2","status":"publish","type":"product","link":"https:\/\/skaitytaknyga.lt\/en\/produktas\/susanne-jansson-aukojimo-pelke-2\/","title":{"rendered":"Aukojimo pelk\u0117"},"content":{"rendered":"<p>Yra viet\u0173, kur mirusieji nenurimsta&#8230;<\/p>\n<p>\u0160iaur\u0117s \u0160vedijoje plyti daug pelkyn\u0173, kur dar akmens am\u017eiuje dievams buvo aukojami \u017emon\u0117s. Biolog\u0117 Natali, atvykusi \u012f ma\u017e\u0105 kaimel\u012f \u0161alia pelk\u0117s, imasi j\u0105 tyrin\u0117ti. Ta\u010diau greitai paai\u0161k\u0117ja, kad \u0161is kaimelis ka\u017ekada buvo jos vaikyst\u0117s namai \u2013 vieta, kurioje nutiko daug siaubing\u0173 dalyk\u0173. Natali bijo pelkyn\u0173, bet kartu jau\u010dia jiems protu nesuvokiam\u0105 trauk\u0105.<\/p>\n<p>Vien\u0105 g\u016bsing\u0105 rudens nakt\u012f prie pat pelk\u0117s Natali randa s\u0105mon\u0117s netekus\u012f vyr\u0105 pilnomis ki\u0161en\u0117mis aukso \u2013 b\u016btent taip senov\u0117je, anot legend\u0173, dievams ir buvo aukojami \u017emon\u0117s. O netoli k\u016bno \u2013 k\u0105 tik i\u0161kast\u0105 kap\u0105. Ar pelk\u0117 \u0161aukiasi nauj\u0173 auk\u0173, kaip puse l\u016bp\u0173 kalba prietaringi kaimo \u017emon\u0117s? O gal vis d\u0117lto tai \u017emogi\u0161kojo blogio padariniai?<\/p>\n","protected":false},"excerpt":{"rendered":"<p>Yra viet\u0173, kur mirusieji nenurimsta&#8230;<\/p>\n<p>\u0160iaur\u0117s \u0160vedijoje plyti daug pelkyn\u0173, kur dar akmens am\u017eiuje dievams buvo aukojami \u017emon\u0117s. Biolog\u0117 Natali, atvykusi \u012f ma\u017e\u0105 kaimel\u012f \u0161alia pelk\u0117s, imasi j\u0105 tyrin\u0117ti. Ta\u010diau greitai paai\u0161k\u0117ja, kad \u0161is kaimelis ka\u017ekada buvo jos vaikyst\u0117s namai \u2013 vieta, kurioje nutiko daug siaubing\u0173 dalyk\u0173. Natali bijo pelkyn\u0173, bet kartu jau\u010dia jiems protu nesuvokiam\u0105 trauk\u0105.<\/p>\n<p>Vien\u0105 g\u016bsing\u0105 rudens nakt\u012f prie pat pelk\u0117s Natali randa s\u0105mon\u0117s netekus\u012f vyr\u0105 pilnomis ki\u0161en\u0117mis aukso \u2013 b\u016btent taip senov\u0117je, anot legend\u0173, dievams ir buvo aukojami \u017emon\u0117s. O netoli k\u016bno \u2013 k\u0105 tik i\u0161kast\u0105 kap\u0105. Ar pelk\u0117 \u0161aukiasi nauj\u0173 auk\u0173, kaip puse l\u016bp\u0173 kalba prietaringi kaimo \u017emon\u0117s? O gal vis d\u0117lto tai \u017emogi\u0161kojo blogio padariniai?<\/p>\n","protected":false},"featured_media":6867,"comment_status":"closed","ping_status":"closed","template":"","meta":{"_acf_changed":false,"site-sidebar-layout":"default","site-content-layout":"","ast-site-content-layout":"default","site-content-style":"default","site-sidebar-style":"default","ast-global-header-display":"","ast-banner-title-visibility":"","ast-main-header-display":"","ast-hfb-above-header-display":"","ast-hfb-below-header-display":"","ast-hfb-mobile-header-display":"","site-post-title":"","ast-breadcrumbs-content":"","ast-featured-img":"","footer-sml-layout":"","ast-disable-related-posts":"","theme-transparent-header-meta":"","adv-header-id-meta":"","stick-header-meta":"","header-above-stick-meta":"","header-main-stick-meta":"","header-below-stick-meta":"","astra-migrate-meta-layouts":"default","ast-page-background-enabled":"default","ast-page-background-meta":{"desktop":{"background-color":"","background-image":"","background-repeat":"repeat","background-position":"center center","background-size":"auto","background-attachment":"scroll","background-type":"","background-media":"","overlay-type":"","overlay-color":"","overlay-opacity":"","overlay-gradient":""},"tablet":{"background-color":"","background-image":"","background-repeat":"repeat","background-position":"center center","background-size":"auto","background-attachment":"scroll","background-type":"","background-media":"","overlay-type":"","overlay-color":"","overlay-opacity":"","overlay-gradient":""},"mobile":{"background-color":"","background-image":"","background-repeat":"repeat","background-position":"center center","background-size":"auto","background-attachment":"scroll","background-type":"","background-media":"","overlay-type":"","overlay-color":"","overlay-opacity":"","overlay-gradient":""}},"ast-content-background-meta":{"desktop":{"background-color":"var(--ast-global-color-4)","background-image":"","background-repeat":"repeat","background-position":"center center","background-size":"auto","background-attachment":"scroll","background-type":"","background-media":"","overlay-type":"","overlay-color":"","overlay-opacity":"","overlay-gradient":""},"tablet":{"background-color":"var(--ast-global-color-4)","background-image":"","background-repeat":"repeat","background-position":"center center","background-size":"auto","background-attachment":"scroll","background-type":"","background-media":"","overlay-type":"","overlay-color":"","overlay-opacity":"","overlay-gradient":""},"mobile":{"background-color":"var(--ast-global-color-4)","background-image":"","background-repeat":"repeat","background-position":"center center","background-size":"auto","background-attachment":"scroll","background-type":"","background-media":"","overlay-type":"","overlay-color":"","overlay-opacity":"","overlay-gradient":""}}},"product_brand":[],"product_cat":[9581],"product_tag":[],"class_list":{"0":"post-9457","1":"product","2":"type-product","3":"status-publish","4":"has-post-thumbnail","6":"product_cat-kriminaliniai-romanai","7":"desktop-align-left","8":"tablet-align-left","9":"mobile-align-left","11":"first","12":"instock","13":"shipping-taxable","14":"purchasable","15":"product-type-simple"},"acf":[],"yoast_head":"<!-- This site is optimized with the Yoast SEO plugin v27.4 - https:\/\/yoast.com\/product\/yoast-seo-wordpress\/ -->\n<title>Aukojimo pelk\u0117<\/title>\n<meta name=\"description\" content=\"Yra viet\u0173, kur mirusieji nenurimsta...  \u0160iaur\u0117s \u0160vedijoje plyti daug pelkyn\u0173, kur dar akmens am\u017eiuje dievams buvo aukojami \u017emon\u0117s. Biolog\u0117 Natali, atvykusi \u012f ma\u017e\u0105 kaimel\u012f \u0161alia pelk\u0117s, imasi j\u0105 tyrin\u0117ti. Ta\u010diau greitai paai\u0161k\u0117ja, kad \u0161is kaimelis ka\u017ekada buvo jos vaikyst\u0117s namai \u2013 vieta, kurioje nutiko daug siaubing\u0173 dalyk\u0173. Natali bijo pelkyn\u0173, bet kartu jau\u010dia jiems protu nesuvokiam\u0105 trauk\u0105.  Vien\u0105 g\u016bsing\u0105 rudens nakt\u012f prie pat pelk\u0117s Natali randa s\u0105mon\u0117s netekus\u012f vyr\u0105 pilnomis ki\u0161en\u0117mis aukso \u2013 b\u016btent taip senov\u0117je, anot legend\u0173, dievams ir buvo aukojami \u017emon\u0117s. O netoli k\u016bno \u2013 k\u0105 tik i\u0161kast\u0105 kap\u0105. Ar pelk\u0117 \u0161aukiasi nauj\u0173 auk\u0173, kaip puse l\u016bp\u0173 kalba prietaringi kaimo \u017emon\u0117s? O gal vis d\u0117lto tai \u017emogi\u0161kojo blogio padariniai?\" \/>\n<meta name=\"robots\" content=\"index, follow, max-snippet:-1, max-image-preview:large, max-video-preview:-1\" \/>\n<link rel=\"canonical\" href=\"https:\/\/skaitytaknyga.lt\/en\/produktas\/susanne-jansson-aukojimo-pelke-2\/\" \/>\n<meta property=\"og:locale\" content=\"en_GB\" \/>\n<meta property=\"og:locale:alternate\" content=\"lt_LT\" \/>\n<meta property=\"og:type\" content=\"article\" \/>\n<meta property=\"og:title\" content=\"Aukojimo pelk\u0117\" \/>\n<meta property=\"og:description\" content=\"Yra viet\u0173, kur mirusieji nenurimsta...  \u0160iaur\u0117s \u0160vedijoje plyti daug pelkyn\u0173, kur dar akmens am\u017eiuje dievams buvo aukojami \u017emon\u0117s. Biolog\u0117 Natali, atvykusi \u012f ma\u017e\u0105 kaimel\u012f \u0161alia pelk\u0117s, imasi j\u0105 tyrin\u0117ti. Ta\u010diau greitai paai\u0161k\u0117ja, kad \u0161is kaimelis ka\u017ekada buvo jos vaikyst\u0117s namai \u2013 vieta, kurioje nutiko daug siaubing\u0173 dalyk\u0173. Natali bijo pelkyn\u0173, bet kartu jau\u010dia jiems protu nesuvokiam\u0105 trauk\u0105.  Vien\u0105 g\u016bsing\u0105 rudens nakt\u012f prie pat pelk\u0117s Natali randa s\u0105mon\u0117s netekus\u012f vyr\u0105 pilnomis ki\u0161en\u0117mis aukso \u2013 b\u016btent taip senov\u0117je, anot legend\u0173, dievams ir buvo aukojami \u017emon\u0117s. O netoli k\u016bno \u2013 k\u0105 tik i\u0161kast\u0105 kap\u0105. Ar pelk\u0117 \u0161aukiasi nauj\u0173 auk\u0173, kaip puse l\u016bp\u0173 kalba prietaringi kaimo \u017emon\u0117s? O gal vis d\u0117lto tai \u017emogi\u0161kojo blogio padariniai?\" \/>\n<meta property=\"og:url\" content=\"https:\/\/skaitytaknyga.lt\/en\/produktas\/susanne-jansson-aukojimo-pelke-2\/\" \/>\n<meta property=\"og:site_name\" content=\"Skaitytaknyga\" \/>\n<meta property=\"article:publisher\" content=\"https:\/\/www.facebook.com\/skaitytaknyga\/\" \/>\n<meta property=\"article:modified_time\" content=\"2026-03-05T14:00:52+00:00\" \/>\n<meta property=\"og:image\" content=\"https:\/\/skaitytaknyga.lt\/wp-content\/uploads\/2024\/05\/281168331_469493698308430_3265255327604690372_n-1.jpg\" \/>\n\t<meta property=\"og:image:width\" content=\"720\" \/>\n\t<meta property=\"og:image:height\" content=\"960\" \/>\n\t<meta property=\"og:image:type\" content=\"image\/jpeg\" \/>\n<meta name=\"twitter:card\" content=\"summary_large_image\" \/>\n<meta name=\"twitter:label1\" content=\"Estimated reading time\" \/>\n\t<meta name=\"twitter:data1\" content=\"1 minute\" \/>\n<script type=\"application\/ld+json\" class=\"yoast-schema-graph\">{\"@context\":\"https:\\\/\\\/schema.org\",\"@graph\":[{\"@type\":\"WebPage\",\"@id\":\"https:\\\/\\\/skaitytaknyga.lt\\\/produktas\\\/susanne-jansson-aukojimo-pelke-2\\\/\",\"url\":\"https:\\\/\\\/skaitytaknyga.lt\\\/produktas\\\/susanne-jansson-aukojimo-pelke-2\\\/\",\"name\":\"Aukojimo pelk\u0117\",\"isPartOf\":{\"@id\":\"https:\\\/\\\/skaitytaknyga.lt\\\/#website\"},\"primaryImageOfPage\":{\"@id\":\"https:\\\/\\\/skaitytaknyga.lt\\\/produktas\\\/susanne-jansson-aukojimo-pelke-2\\\/#primaryimage\"},\"image\":{\"@id\":\"https:\\\/\\\/skaitytaknyga.lt\\\/produktas\\\/susanne-jansson-aukojimo-pelke-2\\\/#primaryimage\"},\"thumbnailUrl\":\"https:\\\/\\\/skaitytaknyga.lt\\\/wp-content\\\/uploads\\\/2024\\\/05\\\/281168331_469493698308430_3265255327604690372_n-1.jpg\",\"datePublished\":\"2024-05-04T15:03:17+00:00\",\"dateModified\":\"2026-03-05T14:00:52+00:00\",\"description\":\"Yra viet\u0173, kur mirusieji nenurimsta... \u0160iaur\u0117s \u0160vedijoje plyti daug pelkyn\u0173, kur dar akmens am\u017eiuje dievams buvo aukojami \u017emon\u0117s. Biolog\u0117 Natali, atvykusi \u012f ma\u017e\u0105 kaimel\u012f \u0161alia pelk\u0117s, imasi j\u0105 tyrin\u0117ti. Ta\u010diau greitai paai\u0161k\u0117ja, kad \u0161is kaimelis ka\u017ekada buvo jos vaikyst\u0117s namai \u2013 vieta, kurioje nutiko daug siaubing\u0173 dalyk\u0173. Natali bijo pelkyn\u0173, bet kartu jau\u010dia jiems protu nesuvokiam\u0105 trauk\u0105. Vien\u0105 g\u016bsing\u0105 rudens nakt\u012f prie pat pelk\u0117s Natali randa s\u0105mon\u0117s netekus\u012f vyr\u0105 pilnomis ki\u0161en\u0117mis aukso \u2013 b\u016btent taip senov\u0117je, anot legend\u0173, dievams ir buvo aukojami \u017emon\u0117s. O netoli k\u016bno \u2013 k\u0105 tik i\u0161kast\u0105 kap\u0105. Ar pelk\u0117 \u0161aukiasi nauj\u0173 auk\u0173, kaip puse l\u016bp\u0173 kalba prietaringi kaimo \u017emon\u0117s? O gal vis d\u0117lto tai \u017emogi\u0161kojo blogio padariniai?\",\"breadcrumb\":{\"@id\":\"https:\\\/\\\/skaitytaknyga.lt\\\/produktas\\\/susanne-jansson-aukojimo-pelke-2\\\/#breadcrumb\"},\"inLanguage\":\"en-GB\",\"potentialAction\":[{\"@type\":\"ReadAction\",\"target\":[\"https:\\\/\\\/skaitytaknyga.lt\\\/produktas\\\/susanne-jansson-aukojimo-pelke-2\\\/\"]}]},{\"@type\":\"ImageObject\",\"inLanguage\":\"en-GB\",\"@id\":\"https:\\\/\\\/skaitytaknyga.lt\\\/produktas\\\/susanne-jansson-aukojimo-pelke-2\\\/#primaryimage\",\"url\":\"https:\\\/\\\/skaitytaknyga.lt\\\/wp-content\\\/uploads\\\/2024\\\/05\\\/281168331_469493698308430_3265255327604690372_n-1.jpg\",\"contentUrl\":\"https:\\\/\\\/skaitytaknyga.lt\\\/wp-content\\\/uploads\\\/2024\\\/05\\\/281168331_469493698308430_3265255327604690372_n-1.jpg\",\"width\":720,\"height\":960},{\"@type\":\"BreadcrumbList\",\"@id\":\"https:\\\/\\\/skaitytaknyga.lt\\\/produktas\\\/susanne-jansson-aukojimo-pelke-2\\\/#breadcrumb\",\"itemListElement\":[{\"@type\":\"ListItem\",\"position\":1,\"name\":\"Home\",\"item\":\"https:\\\/\\\/skaitytaknyga.lt\\\/\"},{\"@type\":\"ListItem\",\"position\":2,\"name\":\"Parduotuv\u0117\",\"item\":\"https:\\\/\\\/skaitytaknyga.lt\\\/knygu-parduotuve\\\/\"},{\"@type\":\"ListItem\",\"position\":3,\"name\":\"Aukojimo pelk\u0117\"}]},{\"@type\":\"WebSite\",\"@id\":\"https:\\\/\\\/skaitytaknyga.lt\\\/#website\",\"url\":\"https:\\\/\\\/skaitytaknyga.lt\\\/\",\"name\":\"skaitytaknyga.lt\",\"description\":\"Skaitytaknyga.lt \u2013 tai ma\u017eas \u0161eimos verslas, kuris prasid\u0117jo nuo meil\u0117s knygoms ir siekio i\u0161gelb\u0117ti knygas nuo likimo prie konteinerio. Kas vienam nereikalingas daiktas \u2013 kitam lobis, o mes esame tarpininkai, kurie padeda abiems tapti laimingesniems ???? \u017dinome kaip nelengva i\u0161gyventi ma\u017eiems verslams, tad nuo \u0161iol, \u010dia rasite ir kit\u0173, ma\u017e\u0173 \u0161eim\u0173 versl\u0173, rank\u0173 darbo, dovan\u0173 sau ir artimiesiems.\",\"publisher\":{\"@id\":\"https:\\\/\\\/skaitytaknyga.lt\\\/#organization\"},\"potentialAction\":[{\"@type\":\"SearchAction\",\"target\":{\"@type\":\"EntryPoint\",\"urlTemplate\":\"https:\\\/\\\/skaitytaknyga.lt\\\/?s={search_term_string}\"},\"query-input\":{\"@type\":\"PropertyValueSpecification\",\"valueRequired\":true,\"valueName\":\"search_term_string\"}}],\"inLanguage\":\"en-GB\"},{\"@type\":\"Organization\",\"@id\":\"https:\\\/\\\/skaitytaknyga.lt\\\/#organization\",\"name\":\"skaitytaknyga.lt\",\"url\":\"https:\\\/\\\/skaitytaknyga.lt\\\/\",\"logo\":{\"@type\":\"ImageObject\",\"inLanguage\":\"en-GB\",\"@id\":\"https:\\\/\\\/skaitytaknyga.lt\\\/#\\\/schema\\\/logo\\\/image\\\/\",\"url\":\"https:\\\/\\\/skaitytaknyga.lt\\\/wp-content\\\/uploads\\\/2024\\\/05\\\/cropped-cropped-cropped-02_00843_jt3bggkj1j3HLc7SyY6rEUpg.jpeg\",\"contentUrl\":\"https:\\\/\\\/skaitytaknyga.lt\\\/wp-content\\\/uploads\\\/2024\\\/05\\\/cropped-cropped-cropped-02_00843_jt3bggkj1j3HLc7SyY6rEUpg.jpeg\",\"width\":1600,\"height\":1600,\"caption\":\"skaitytaknyga.lt\"},\"image\":{\"@id\":\"https:\\\/\\\/skaitytaknyga.lt\\\/#\\\/schema\\\/logo\\\/image\\\/\"},\"sameAs\":[\"https:\\\/\\\/www.facebook.com\\\/skaitytaknyga\\\/\"]}]}<\/script>\n<!-- \/ Yoast SEO plugin. -->","yoast_head_json":{"title":"Aukojimo pelk\u0117","description":"Yra viet\u0173, kur mirusieji nenurimsta...  \u0160iaur\u0117s \u0160vedijoje plyti daug pelkyn\u0173, kur dar akmens am\u017eiuje dievams buvo aukojami \u017emon\u0117s. Biolog\u0117 Natali, atvykusi \u012f ma\u017e\u0105 kaimel\u012f \u0161alia pelk\u0117s, imasi j\u0105 tyrin\u0117ti. Ta\u010diau greitai paai\u0161k\u0117ja, kad \u0161is kaimelis ka\u017ekada buvo jos vaikyst\u0117s namai \u2013 vieta, kurioje nutiko daug siaubing\u0173 dalyk\u0173. Natali bijo pelkyn\u0173, bet kartu jau\u010dia jiems protu nesuvokiam\u0105 trauk\u0105.  Vien\u0105 g\u016bsing\u0105 rudens nakt\u012f prie pat pelk\u0117s Natali randa s\u0105mon\u0117s netekus\u012f vyr\u0105 pilnomis ki\u0161en\u0117mis aukso \u2013 b\u016btent taip senov\u0117je, anot legend\u0173, dievams ir buvo aukojami \u017emon\u0117s. O netoli k\u016bno \u2013 k\u0105 tik i\u0161kast\u0105 kap\u0105. Ar pelk\u0117 \u0161aukiasi nauj\u0173 auk\u0173, kaip puse l\u016bp\u0173 kalba prietaringi kaimo \u017emon\u0117s? O gal vis d\u0117lto tai \u017emogi\u0161kojo blogio padariniai?","robots":{"index":"index","follow":"follow","max-snippet":"max-snippet:-1","max-image-preview":"max-image-preview:large","max-video-preview":"max-video-preview:-1"},"canonical":"https:\/\/skaitytaknyga.lt\/en\/produktas\/susanne-jansson-aukojimo-pelke-2\/","og_locale":"en_GB","og_type":"article","og_title":"[:lt]Aukojimo pelk\u0117[:] - Skaitytaknyga","og_description":"Yra viet\u0173, kur mirusieji nenurimsta...  \u0160iaur\u0117s \u0160vedijoje plyti daug pelkyn\u0173, kur dar akmens am\u017eiuje dievams buvo aukojami \u017emon\u0117s. Biolog\u0117 Natali, atvykusi \u012f ma\u017e\u0105 kaimel\u012f \u0161alia pelk\u0117s, imasi j\u0105 tyrin\u0117ti. Ta\u010diau greitai paai\u0161k\u0117ja, kad \u0161is kaimelis ka\u017ekada buvo jos vaikyst\u0117s namai \u2013 vieta, kurioje nutiko daug siaubing\u0173 dalyk\u0173. Natali bijo pelkyn\u0173, bet kartu jau\u010dia jiems protu nesuvokiam\u0105 trauk\u0105.  Vien\u0105 g\u016bsing\u0105 rudens nakt\u012f prie pat pelk\u0117s Natali randa s\u0105mon\u0117s netekus\u012f vyr\u0105 pilnomis ki\u0161en\u0117mis aukso \u2013 b\u016btent taip senov\u0117je, anot legend\u0173, dievams ir buvo aukojami \u017emon\u0117s. O netoli k\u016bno \u2013 k\u0105 tik i\u0161kast\u0105 kap\u0105. Ar pelk\u0117 \u0161aukiasi nauj\u0173 auk\u0173, kaip puse l\u016bp\u0173 kalba prietaringi kaimo \u017emon\u0117s? O gal vis d\u0117lto tai \u017emogi\u0161kojo blogio padariniai?","og_url":"https:\/\/skaitytaknyga.lt\/en\/produktas\/susanne-jansson-aukojimo-pelke-2\/","og_site_name":"Skaitytaknyga","article_publisher":"https:\/\/www.facebook.com\/skaitytaknyga\/","article_modified_time":"2026-03-05T14:00:52+00:00","og_image":[{"width":720,"height":960,"url":"https:\/\/skaitytaknyga.lt\/wp-content\/uploads\/2024\/05\/281168331_469493698308430_3265255327604690372_n-1.jpg","type":"image\/jpeg"}],"twitter_card":"summary_large_image","twitter_misc":{"Estimated reading time":"1 minute"},"schema":{"@context":"https:\/\/schema.org","@graph":[{"@type":"WebPage","@id":"https:\/\/skaitytaknyga.lt\/produktas\/susanne-jansson-aukojimo-pelke-2\/","url":"https:\/\/skaitytaknyga.lt\/produktas\/susanne-jansson-aukojimo-pelke-2\/","name":"Aukojimo pelk\u0117","isPartOf":{"@id":"https:\/\/skaitytaknyga.lt\/#website"},"primaryImageOfPage":{"@id":"https:\/\/skaitytaknyga.lt\/produktas\/susanne-jansson-aukojimo-pelke-2\/#primaryimage"},"image":{"@id":"https:\/\/skaitytaknyga.lt\/produktas\/susanne-jansson-aukojimo-pelke-2\/#primaryimage"},"thumbnailUrl":"https:\/\/skaitytaknyga.lt\/wp-content\/uploads\/2024\/05\/281168331_469493698308430_3265255327604690372_n-1.jpg","datePublished":"2024-05-04T15:03:17+00:00","dateModified":"2026-03-05T14:00:52+00:00","description":"Yra viet\u0173, kur mirusieji nenurimsta... \u0160iaur\u0117s \u0160vedijoje plyti daug pelkyn\u0173, kur dar akmens am\u017eiuje dievams buvo aukojami \u017emon\u0117s. Biolog\u0117 Natali, atvykusi \u012f ma\u017e\u0105 kaimel\u012f \u0161alia pelk\u0117s, imasi j\u0105 tyrin\u0117ti. Ta\u010diau greitai paai\u0161k\u0117ja, kad \u0161is kaimelis ka\u017ekada buvo jos vaikyst\u0117s namai \u2013 vieta, kurioje nutiko daug siaubing\u0173 dalyk\u0173. Natali bijo pelkyn\u0173, bet kartu jau\u010dia jiems protu nesuvokiam\u0105 trauk\u0105. Vien\u0105 g\u016bsing\u0105 rudens nakt\u012f prie pat pelk\u0117s Natali randa s\u0105mon\u0117s netekus\u012f vyr\u0105 pilnomis ki\u0161en\u0117mis aukso \u2013 b\u016btent taip senov\u0117je, anot legend\u0173, dievams ir buvo aukojami \u017emon\u0117s. O netoli k\u016bno \u2013 k\u0105 tik i\u0161kast\u0105 kap\u0105. Ar pelk\u0117 \u0161aukiasi nauj\u0173 auk\u0173, kaip puse l\u016bp\u0173 kalba prietaringi kaimo \u017emon\u0117s? O gal vis d\u0117lto tai \u017emogi\u0161kojo blogio padariniai?","breadcrumb":{"@id":"https:\/\/skaitytaknyga.lt\/produktas\/susanne-jansson-aukojimo-pelke-2\/#breadcrumb"},"inLanguage":"en-GB","potentialAction":[{"@type":"ReadAction","target":["https:\/\/skaitytaknyga.lt\/produktas\/susanne-jansson-aukojimo-pelke-2\/"]}]},{"@type":"ImageObject","inLanguage":"en-GB","@id":"https:\/\/skaitytaknyga.lt\/produktas\/susanne-jansson-aukojimo-pelke-2\/#primaryimage","url":"https:\/\/skaitytaknyga.lt\/wp-content\/uploads\/2024\/05\/281168331_469493698308430_3265255327604690372_n-1.jpg","contentUrl":"https:\/\/skaitytaknyga.lt\/wp-content\/uploads\/2024\/05\/281168331_469493698308430_3265255327604690372_n-1.jpg","width":720,"height":960},{"@type":"BreadcrumbList","@id":"https:\/\/skaitytaknyga.lt\/produktas\/susanne-jansson-aukojimo-pelke-2\/#breadcrumb","itemListElement":[{"@type":"ListItem","position":1,"name":"Home","item":"https:\/\/skaitytaknyga.lt\/"},{"@type":"ListItem","position":2,"name":"Parduotuv\u0117","item":"https:\/\/skaitytaknyga.lt\/knygu-parduotuve\/"},{"@type":"ListItem","position":3,"name":"Aukojimo pelk\u0117"}]},{"@type":"WebSite","@id":"https:\/\/skaitytaknyga.lt\/#website","url":"https:\/\/skaitytaknyga.lt\/","name":"skaitytaknyga.lt","description":"Skaitytaknyga.lt \u2013 tai ma\u017eas \u0161eimos verslas, kuris prasid\u0117jo nuo meil\u0117s knygoms ir siekio i\u0161gelb\u0117ti knygas nuo likimo prie konteinerio. Kas vienam nereikalingas daiktas \u2013 kitam lobis, o mes esame tarpininkai, kurie padeda abiems tapti laimingesniems ???? \u017dinome kaip nelengva i\u0161gyventi ma\u017eiems verslams, tad nuo \u0161iol, \u010dia rasite ir kit\u0173, ma\u017e\u0173 \u0161eim\u0173 versl\u0173, rank\u0173 darbo, dovan\u0173 sau ir artimiesiems.","publisher":{"@id":"https:\/\/skaitytaknyga.lt\/#organization"},"potentialAction":[{"@type":"SearchAction","target":{"@type":"EntryPoint","urlTemplate":"https:\/\/skaitytaknyga.lt\/?s={search_term_string}"},"query-input":{"@type":"PropertyValueSpecification","valueRequired":true,"valueName":"search_term_string"}}],"inLanguage":"en-GB"},{"@type":"Organization","@id":"https:\/\/skaitytaknyga.lt\/#organization","name":"skaitytaknyga.lt","url":"https:\/\/skaitytaknyga.lt\/","logo":{"@type":"ImageObject","inLanguage":"en-GB","@id":"https:\/\/skaitytaknyga.lt\/#\/schema\/logo\/image\/","url":"https:\/\/skaitytaknyga.lt\/wp-content\/uploads\/2024\/05\/cropped-cropped-cropped-02_00843_jt3bggkj1j3HLc7SyY6rEUpg.jpeg","contentUrl":"https:\/\/skaitytaknyga.lt\/wp-content\/uploads\/2024\/05\/cropped-cropped-cropped-02_00843_jt3bggkj1j3HLc7SyY6rEUpg.jpeg","width":1600,"height":1600,"caption":"skaitytaknyga.lt"},"image":{"@id":"https:\/\/skaitytaknyga.lt\/#\/schema\/logo\/image\/"},"sameAs":["https:\/\/www.facebook.com\/skaitytaknyga\/"]}]}},"_links":{"self":[{"href":"https:\/\/skaitytaknyga.lt\/en\/wp-json\/wp\/v2\/product\/9457","targetHints":{"allow":["GET"]}}],"collection":[{"href":"https:\/\/skaitytaknyga.lt\/en\/wp-json\/wp\/v2\/product"}],"about":[{"href":"https:\/\/skaitytaknyga.lt\/en\/wp-json\/wp\/v2\/types\/product"}],"replies":[{"embeddable":true,"href":"https:\/\/skaitytaknyga.lt\/en\/wp-json\/wp\/v2\/comments?post=9457"}],"wp:featuredmedia":[{"embeddable":true,"href":"https:\/\/skaitytaknyga.lt\/en\/wp-json\/wp\/v2\/media\/6867"}],"wp:attachment":[{"href":"https:\/\/skaitytaknyga.lt\/en\/wp-json\/wp\/v2\/media?parent=9457"}],"wp:term":[{"taxonomy":"product_brand","embeddable":true,"href":"https:\/\/skaitytaknyga.lt\/en\/wp-json\/wp\/v2\/product_brand?post=9457"},{"taxonomy":"product_cat","embeddable":true,"href":"https:\/\/skaitytaknyga.lt\/en\/wp-json\/wp\/v2\/product_cat?post=9457"},{"taxonomy":"product_tag","embeddable":true,"href":"https:\/\/skaitytaknyga.lt\/en\/wp-json\/wp\/v2\/product_tag?post=9457"}],"curies":[{"name":"wp","href":"https:\/\/api.w.org\/{rel}","templated":true}]}}