{"id":9456,"date":"2024-05-04T15:03:17","date_gmt":"2024-05-04T15:03:17","guid":{"rendered":"https:\/\/skaitytaknyga.lt\/?post_type=product&#038;p=9456"},"modified":"2026-03-05T15:38:29","modified_gmt":"2026-03-05T13:38:29","slug":"glen-cook-tamsos-vaikas-sf-486-2","status":"publish","type":"product","link":"https:\/\/skaitytaknyga.lt\/en\/produktas\/glen-cook-tamsos-vaikas-sf-486-2\/","title":{"rendered":"Tamsos vaikas (SF 486)"},"content":{"rendered":"<p>U\u017eslinko negand\u0173 metai, kai princas-demonas &#8211; vienas i\u0161 Siaubo imperijos valdov\u0173 &#8211; sudar\u0117 sand\u0117r\u012f su itin galingu burtininku, kad tapt\u0173 Kavelino karalyst\u0117s sosto \u012fp\u0117dinio t\u0117vu.<\/p>\n<p>Ta\u010diau ka\u017ekas apsiriko arba \u012fsiki\u0161o dar galingesni burtai ir sumanymas prakti\u0161kai \u017elugo. Gim\u0117 vaikas, bet ne toks, kokio tik\u0117tasi. Ir kol Tamsos Vaikas augo burtininko bok\u0161te, sujudo vis\u0173 pragar\u0173 nelabieji, up\u0117s nusida\u017e\u0117 krauju, o magija pasidar\u0117 itin pra\u017e\u016btinga&#8230;<\/p>\n","protected":false},"excerpt":{"rendered":"<p>U\u017eslinko negand\u0173 metai, kai princas-demonas &#8211; vienas i\u0161 Siaubo imperijos valdov\u0173 &#8211; sudar\u0117 sand\u0117r\u012f su itin galingu burtininku, kad tapt\u0173 Kavelino karalyst\u0117s sosto \u012fp\u0117dinio t\u0117vu.<\/p>\n<p>Ta\u010diau ka\u017ekas apsiriko arba \u012fsiki\u0161o dar galingesni burtai ir sumanymas prakti\u0161kai \u017elugo. Gim\u0117 vaikas, bet ne toks, kokio tik\u0117tasi. Ir kol Tamsos Vaikas augo burtininko bok\u0161te, sujudo vis\u0173 pragar\u0173 nelabieji, up\u0117s nusida\u017e\u0117 krauju, o magija pasidar\u0117 itin pra\u017e\u016btinga&#8230;<\/p>\n","protected":false},"featured_media":6866,"comment_status":"closed","ping_status":"closed","template":"","meta":{"_acf_changed":false,"site-sidebar-layout":"default","site-content-layout":"","ast-site-content-layout":"default","site-content-style":"default","site-sidebar-style":"default","ast-global-header-display":"","ast-banner-title-visibility":"","ast-main-header-display":"","ast-hfb-above-header-display":"","ast-hfb-below-header-display":"","ast-hfb-mobile-header-display":"","site-post-title":"","ast-breadcrumbs-content":"","ast-featured-img":"","footer-sml-layout":"","ast-disable-related-posts":"","theme-transparent-header-meta":"","adv-header-id-meta":"","stick-header-meta":"","header-above-stick-meta":"","header-main-stick-meta":"","header-below-stick-meta":"","astra-migrate-meta-layouts":"default","ast-page-background-enabled":"default","ast-page-background-meta":{"desktop":{"background-color":"","background-image":"","background-repeat":"repeat","background-position":"center center","background-size":"auto","background-attachment":"scroll","background-type":"","background-media":"","overlay-type":"","overlay-color":"","overlay-opacity":"","overlay-gradient":""},"tablet":{"background-color":"","background-image":"","background-repeat":"repeat","background-position":"center center","background-size":"auto","background-attachment":"scroll","background-type":"","background-media":"","overlay-type":"","overlay-color":"","overlay-opacity":"","overlay-gradient":""},"mobile":{"background-color":"","background-image":"","background-repeat":"repeat","background-position":"center center","background-size":"auto","background-attachment":"scroll","background-type":"","background-media":"","overlay-type":"","overlay-color":"","overlay-opacity":"","overlay-gradient":""}},"ast-content-background-meta":{"desktop":{"background-color":"var(--ast-global-color-4)","background-image":"","background-repeat":"repeat","background-position":"center center","background-size":"auto","background-attachment":"scroll","background-type":"","background-media":"","overlay-type":"","overlay-color":"","overlay-opacity":"","overlay-gradient":""},"tablet":{"background-color":"var(--ast-global-color-4)","background-image":"","background-repeat":"repeat","background-position":"center center","background-size":"auto","background-attachment":"scroll","background-type":"","background-media":"","overlay-type":"","overlay-color":"","overlay-opacity":"","overlay-gradient":""},"mobile":{"background-color":"var(--ast-global-color-4)","background-image":"","background-repeat":"repeat","background-position":"center center","background-size":"auto","background-attachment":"scroll","background-type":"","background-media":"","overlay-type":"","overlay-color":"","overlay-opacity":"","overlay-gradient":""}}},"product_brand":[],"product_cat":[15],"product_tag":[458],"class_list":{"0":"post-9456","1":"product","2":"type-product","3":"status-publish","4":"has-post-thumbnail","6":"product_cat-uncategorized","7":"product_tag-pasauline-fantastikos-aukso-fondas","8":"desktop-align-left","9":"tablet-align-left","10":"mobile-align-left","12":"first","13":"outofstock","14":"shipping-taxable","15":"purchasable","16":"product-type-simple"},"acf":[],"yoast_head":"<!-- This site is optimized with the Yoast SEO plugin v27.0 - https:\/\/yoast.com\/product\/yoast-seo-wordpress\/ -->\n<title>Tamsos vaikas (SF 486)<\/title>\n<meta name=\"description\" content=\"U\u017eslinko negand\u0173 metai, kai princas-demonas - vienas i\u0161 Siaubo imperijos valdov\u0173 - sudar\u0117 sand\u0117r\u012f su itin galingu burtininku, kad tapt\u0173 Kavelino karalyst\u0117s sosto \u012fp\u0117dinio t\u0117vu.  Ta\u010diau ka\u017ekas apsiriko arba \u012fsiki\u0161o dar galingesni burtai ir sumanymas prakti\u0161kai \u017elugo. Gim\u0117 vaikas, bet ne toks, kokio tik\u0117tasi. Ir kol Tamsos Vaikas augo burtininko bok\u0161te, sujudo vis\u0173 pragar\u0173 nelabieji, up\u0117s nusida\u017e\u0117 krauju, o magija pasidar\u0117 itin pra\u017e\u016btinga...\" \/>\n<meta name=\"robots\" content=\"index, follow, max-snippet:-1, max-image-preview:large, max-video-preview:-1\" \/>\n<link rel=\"canonical\" href=\"https:\/\/skaitytaknyga.lt\/en\/produktas\/glen-cook-tamsos-vaikas-sf-486-2\/\" \/>\n<meta property=\"og:locale\" content=\"en_GB\" \/>\n<meta property=\"og:locale:alternate\" content=\"lt_LT\" \/>\n<meta property=\"og:type\" content=\"article\" \/>\n<meta property=\"og:title\" content=\"Tamsos vaikas (SF 486)\" \/>\n<meta property=\"og:description\" content=\"U\u017eslinko negand\u0173 metai, kai princas-demonas - vienas i\u0161 Siaubo imperijos valdov\u0173 - sudar\u0117 sand\u0117r\u012f su itin galingu burtininku, kad tapt\u0173 Kavelino karalyst\u0117s sosto \u012fp\u0117dinio t\u0117vu.  Ta\u010diau ka\u017ekas apsiriko arba \u012fsiki\u0161o dar galingesni burtai ir sumanymas prakti\u0161kai \u017elugo. Gim\u0117 vaikas, bet ne toks, kokio tik\u0117tasi. Ir kol Tamsos Vaikas augo burtininko bok\u0161te, sujudo vis\u0173 pragar\u0173 nelabieji, up\u0117s nusida\u017e\u0117 krauju, o magija pasidar\u0117 itin pra\u017e\u016btinga...\" \/>\n<meta property=\"og:url\" content=\"https:\/\/skaitytaknyga.lt\/en\/produktas\/glen-cook-tamsos-vaikas-sf-486-2\/\" \/>\n<meta property=\"og:site_name\" content=\"Skaitytaknyga\" \/>\n<meta property=\"article:publisher\" content=\"https:\/\/www.facebook.com\/skaitytaknyga\/\" \/>\n<meta property=\"article:modified_time\" content=\"2026-03-05T13:38:29+00:00\" \/>\n<meta property=\"og:image\" content=\"https:\/\/skaitytaknyga.lt\/wp-content\/uploads\/2024\/05\/1462874785_tamsosvaikas.jpg\" \/>\n\t<meta property=\"og:image:width\" content=\"272\" \/>\n\t<meta property=\"og:image:height\" content=\"430\" \/>\n\t<meta property=\"og:image:type\" content=\"image\/jpeg\" \/>\n<meta name=\"twitter:card\" content=\"summary_large_image\" \/>\n<script type=\"application\/ld+json\" class=\"yoast-schema-graph\">{\"@context\":\"https:\/\/schema.org\",\"@graph\":[{\"@type\":\"WebPage\",\"@id\":\"https:\/\/skaitytaknyga.lt\/produktas\/glen-cook-tamsos-vaikas-sf-486-2\/\",\"url\":\"https:\/\/skaitytaknyga.lt\/produktas\/glen-cook-tamsos-vaikas-sf-486-2\/\",\"name\":\"Tamsos vaikas (SF 486)\",\"isPartOf\":{\"@id\":\"https:\/\/skaitytaknyga.lt\/#website\"},\"primaryImageOfPage\":{\"@id\":\"https:\/\/skaitytaknyga.lt\/produktas\/glen-cook-tamsos-vaikas-sf-486-2\/#primaryimage\"},\"image\":{\"@id\":\"https:\/\/skaitytaknyga.lt\/produktas\/glen-cook-tamsos-vaikas-sf-486-2\/#primaryimage\"},\"thumbnailUrl\":\"https:\/\/skaitytaknyga.lt\/wp-content\/uploads\/2024\/05\/1462874785_tamsosvaikas.jpg\",\"datePublished\":\"2024-05-04T15:03:17+00:00\",\"dateModified\":\"2026-03-05T13:38:29+00:00\",\"description\":\"U\u017eslinko negand\u0173 metai, kai princas-demonas - vienas i\u0161 Siaubo imperijos valdov\u0173 - sudar\u0117 sand\u0117r\u012f su itin galingu burtininku, kad tapt\u0173 Kavelino karalyst\u0117s sosto \u012fp\u0117dinio t\u0117vu. Ta\u010diau ka\u017ekas apsiriko arba \u012fsiki\u0161o dar galingesni burtai ir sumanymas prakti\u0161kai \u017elugo. Gim\u0117 vaikas, bet ne toks, kokio tik\u0117tasi. Ir kol Tamsos Vaikas augo burtininko bok\u0161te, sujudo vis\u0173 pragar\u0173 nelabieji, up\u0117s nusida\u017e\u0117 krauju, o magija pasidar\u0117 itin pra\u017e\u016btinga...\",\"breadcrumb\":{\"@id\":\"https:\/\/skaitytaknyga.lt\/produktas\/glen-cook-tamsos-vaikas-sf-486-2\/#breadcrumb\"},\"inLanguage\":\"en-GB\",\"potentialAction\":[{\"@type\":\"ReadAction\",\"target\":[\"https:\/\/skaitytaknyga.lt\/produktas\/glen-cook-tamsos-vaikas-sf-486-2\/\"]}]},{\"@type\":\"ImageObject\",\"inLanguage\":\"en-GB\",\"@id\":\"https:\/\/skaitytaknyga.lt\/produktas\/glen-cook-tamsos-vaikas-sf-486-2\/#primaryimage\",\"url\":\"https:\/\/skaitytaknyga.lt\/wp-content\/uploads\/2024\/05\/1462874785_tamsosvaikas.jpg\",\"contentUrl\":\"https:\/\/skaitytaknyga.lt\/wp-content\/uploads\/2024\/05\/1462874785_tamsosvaikas.jpg\",\"width\":272,\"height\":430},{\"@type\":\"BreadcrumbList\",\"@id\":\"https:\/\/skaitytaknyga.lt\/produktas\/glen-cook-tamsos-vaikas-sf-486-2\/#breadcrumb\",\"itemListElement\":[{\"@type\":\"ListItem\",\"position\":1,\"name\":\"Home\",\"item\":\"https:\/\/skaitytaknyga.lt\/\"},{\"@type\":\"ListItem\",\"position\":2,\"name\":\"Parduotuv\u0117\",\"item\":\"https:\/\/skaitytaknyga.lt\/knygu-parduotuve\/\"},{\"@type\":\"ListItem\",\"position\":3,\"name\":\"Tamsos vaikas (SF 486)\"}]},{\"@type\":\"WebSite\",\"@id\":\"https:\/\/skaitytaknyga.lt\/#website\",\"url\":\"https:\/\/skaitytaknyga.lt\/\",\"name\":\"skaitytaknyga.lt\",\"description\":\"Skaitytaknyga.lt \u2013 tai ma\u017eas \u0161eimos verslas, kuris prasid\u0117jo nuo meil\u0117s knygoms ir siekio i\u0161gelb\u0117ti knygas nuo likimo prie konteinerio. Kas vienam nereikalingas daiktas \u2013 kitam lobis, o mes esame tarpininkai, kurie padeda abiems tapti laimingesniems ???? \u017dinome kaip nelengva i\u0161gyventi ma\u017eiems verslams, tad nuo \u0161iol, \u010dia rasite ir kit\u0173, ma\u017e\u0173 \u0161eim\u0173 versl\u0173, rank\u0173 darbo, dovan\u0173 sau ir artimiesiems.\",\"publisher\":{\"@id\":\"https:\/\/skaitytaknyga.lt\/#organization\"},\"potentialAction\":[{\"@type\":\"SearchAction\",\"target\":{\"@type\":\"EntryPoint\",\"urlTemplate\":\"https:\/\/skaitytaknyga.lt\/?s={search_term_string}\"},\"query-input\":{\"@type\":\"PropertyValueSpecification\",\"valueRequired\":true,\"valueName\":\"search_term_string\"}}],\"inLanguage\":\"en-GB\"},{\"@type\":\"Organization\",\"@id\":\"https:\/\/skaitytaknyga.lt\/#organization\",\"name\":\"skaitytaknyga.lt\",\"url\":\"https:\/\/skaitytaknyga.lt\/\",\"logo\":{\"@type\":\"ImageObject\",\"inLanguage\":\"en-GB\",\"@id\":\"https:\/\/skaitytaknyga.lt\/#\/schema\/logo\/image\/\",\"url\":\"https:\/\/skaitytaknyga.lt\/wp-content\/uploads\/2024\/05\/cropped-cropped-cropped-02_00843_jt3bggkj1j3HLc7SyY6rEUpg.jpeg\",\"contentUrl\":\"https:\/\/skaitytaknyga.lt\/wp-content\/uploads\/2024\/05\/cropped-cropped-cropped-02_00843_jt3bggkj1j3HLc7SyY6rEUpg.jpeg\",\"width\":1600,\"height\":1600,\"caption\":\"skaitytaknyga.lt\"},\"image\":{\"@id\":\"https:\/\/skaitytaknyga.lt\/#\/schema\/logo\/image\/\"},\"sameAs\":[\"https:\/\/www.facebook.com\/skaitytaknyga\/\"]}]}<\/script>\n<!-- \/ Yoast SEO plugin. -->","yoast_head_json":{"title":"Tamsos vaikas (SF 486)","description":"U\u017eslinko negand\u0173 metai, kai princas-demonas - vienas i\u0161 Siaubo imperijos valdov\u0173 - sudar\u0117 sand\u0117r\u012f su itin galingu burtininku, kad tapt\u0173 Kavelino karalyst\u0117s sosto \u012fp\u0117dinio t\u0117vu.  Ta\u010diau ka\u017ekas apsiriko arba \u012fsiki\u0161o dar galingesni burtai ir sumanymas prakti\u0161kai \u017elugo. Gim\u0117 vaikas, bet ne toks, kokio tik\u0117tasi. Ir kol Tamsos Vaikas augo burtininko bok\u0161te, sujudo vis\u0173 pragar\u0173 nelabieji, up\u0117s nusida\u017e\u0117 krauju, o magija pasidar\u0117 itin pra\u017e\u016btinga...","robots":{"index":"index","follow":"follow","max-snippet":"max-snippet:-1","max-image-preview":"max-image-preview:large","max-video-preview":"max-video-preview:-1"},"canonical":"https:\/\/skaitytaknyga.lt\/en\/produktas\/glen-cook-tamsos-vaikas-sf-486-2\/","og_locale":"en_GB","og_type":"article","og_title":"[:lt]Tamsos vaikas (SF 486)[:] - Skaitytaknyga","og_description":"U\u017eslinko negand\u0173 metai, kai princas-demonas - vienas i\u0161 Siaubo imperijos valdov\u0173 - sudar\u0117 sand\u0117r\u012f su itin galingu burtininku, kad tapt\u0173 Kavelino karalyst\u0117s sosto \u012fp\u0117dinio t\u0117vu.  Ta\u010diau ka\u017ekas apsiriko arba \u012fsiki\u0161o dar galingesni burtai ir sumanymas prakti\u0161kai \u017elugo. Gim\u0117 vaikas, bet ne toks, kokio tik\u0117tasi. Ir kol Tamsos Vaikas augo burtininko bok\u0161te, sujudo vis\u0173 pragar\u0173 nelabieji, up\u0117s nusida\u017e\u0117 krauju, o magija pasidar\u0117 itin pra\u017e\u016btinga...","og_url":"https:\/\/skaitytaknyga.lt\/en\/produktas\/glen-cook-tamsos-vaikas-sf-486-2\/","og_site_name":"Skaitytaknyga","article_publisher":"https:\/\/www.facebook.com\/skaitytaknyga\/","article_modified_time":"2026-03-05T13:38:29+00:00","og_image":[{"width":272,"height":430,"url":"https:\/\/skaitytaknyga.lt\/wp-content\/uploads\/2024\/05\/1462874785_tamsosvaikas.jpg","type":"image\/jpeg"}],"twitter_card":"summary_large_image","schema":{"@context":"https:\/\/schema.org","@graph":[{"@type":"WebPage","@id":"https:\/\/skaitytaknyga.lt\/produktas\/glen-cook-tamsos-vaikas-sf-486-2\/","url":"https:\/\/skaitytaknyga.lt\/produktas\/glen-cook-tamsos-vaikas-sf-486-2\/","name":"Tamsos vaikas (SF 486)","isPartOf":{"@id":"https:\/\/skaitytaknyga.lt\/#website"},"primaryImageOfPage":{"@id":"https:\/\/skaitytaknyga.lt\/produktas\/glen-cook-tamsos-vaikas-sf-486-2\/#primaryimage"},"image":{"@id":"https:\/\/skaitytaknyga.lt\/produktas\/glen-cook-tamsos-vaikas-sf-486-2\/#primaryimage"},"thumbnailUrl":"https:\/\/skaitytaknyga.lt\/wp-content\/uploads\/2024\/05\/1462874785_tamsosvaikas.jpg","datePublished":"2024-05-04T15:03:17+00:00","dateModified":"2026-03-05T13:38:29+00:00","description":"U\u017eslinko negand\u0173 metai, kai princas-demonas - vienas i\u0161 Siaubo imperijos valdov\u0173 - sudar\u0117 sand\u0117r\u012f su itin galingu burtininku, kad tapt\u0173 Kavelino karalyst\u0117s sosto \u012fp\u0117dinio t\u0117vu. Ta\u010diau ka\u017ekas apsiriko arba \u012fsiki\u0161o dar galingesni burtai ir sumanymas prakti\u0161kai \u017elugo. Gim\u0117 vaikas, bet ne toks, kokio tik\u0117tasi. Ir kol Tamsos Vaikas augo burtininko bok\u0161te, sujudo vis\u0173 pragar\u0173 nelabieji, up\u0117s nusida\u017e\u0117 krauju, o magija pasidar\u0117 itin pra\u017e\u016btinga...","breadcrumb":{"@id":"https:\/\/skaitytaknyga.lt\/produktas\/glen-cook-tamsos-vaikas-sf-486-2\/#breadcrumb"},"inLanguage":"en-GB","potentialAction":[{"@type":"ReadAction","target":["https:\/\/skaitytaknyga.lt\/produktas\/glen-cook-tamsos-vaikas-sf-486-2\/"]}]},{"@type":"ImageObject","inLanguage":"en-GB","@id":"https:\/\/skaitytaknyga.lt\/produktas\/glen-cook-tamsos-vaikas-sf-486-2\/#primaryimage","url":"https:\/\/skaitytaknyga.lt\/wp-content\/uploads\/2024\/05\/1462874785_tamsosvaikas.jpg","contentUrl":"https:\/\/skaitytaknyga.lt\/wp-content\/uploads\/2024\/05\/1462874785_tamsosvaikas.jpg","width":272,"height":430},{"@type":"BreadcrumbList","@id":"https:\/\/skaitytaknyga.lt\/produktas\/glen-cook-tamsos-vaikas-sf-486-2\/#breadcrumb","itemListElement":[{"@type":"ListItem","position":1,"name":"Home","item":"https:\/\/skaitytaknyga.lt\/"},{"@type":"ListItem","position":2,"name":"Parduotuv\u0117","item":"https:\/\/skaitytaknyga.lt\/knygu-parduotuve\/"},{"@type":"ListItem","position":3,"name":"Tamsos vaikas (SF 486)"}]},{"@type":"WebSite","@id":"https:\/\/skaitytaknyga.lt\/#website","url":"https:\/\/skaitytaknyga.lt\/","name":"skaitytaknyga.lt","description":"Skaitytaknyga.lt \u2013 tai ma\u017eas \u0161eimos verslas, kuris prasid\u0117jo nuo meil\u0117s knygoms ir siekio i\u0161gelb\u0117ti knygas nuo likimo prie konteinerio. Kas vienam nereikalingas daiktas \u2013 kitam lobis, o mes esame tarpininkai, kurie padeda abiems tapti laimingesniems ???? \u017dinome kaip nelengva i\u0161gyventi ma\u017eiems verslams, tad nuo \u0161iol, \u010dia rasite ir kit\u0173, ma\u017e\u0173 \u0161eim\u0173 versl\u0173, rank\u0173 darbo, dovan\u0173 sau ir artimiesiems.","publisher":{"@id":"https:\/\/skaitytaknyga.lt\/#organization"},"potentialAction":[{"@type":"SearchAction","target":{"@type":"EntryPoint","urlTemplate":"https:\/\/skaitytaknyga.lt\/?s={search_term_string}"},"query-input":{"@type":"PropertyValueSpecification","valueRequired":true,"valueName":"search_term_string"}}],"inLanguage":"en-GB"},{"@type":"Organization","@id":"https:\/\/skaitytaknyga.lt\/#organization","name":"skaitytaknyga.lt","url":"https:\/\/skaitytaknyga.lt\/","logo":{"@type":"ImageObject","inLanguage":"en-GB","@id":"https:\/\/skaitytaknyga.lt\/#\/schema\/logo\/image\/","url":"https:\/\/skaitytaknyga.lt\/wp-content\/uploads\/2024\/05\/cropped-cropped-cropped-02_00843_jt3bggkj1j3HLc7SyY6rEUpg.jpeg","contentUrl":"https:\/\/skaitytaknyga.lt\/wp-content\/uploads\/2024\/05\/cropped-cropped-cropped-02_00843_jt3bggkj1j3HLc7SyY6rEUpg.jpeg","width":1600,"height":1600,"caption":"skaitytaknyga.lt"},"image":{"@id":"https:\/\/skaitytaknyga.lt\/#\/schema\/logo\/image\/"},"sameAs":["https:\/\/www.facebook.com\/skaitytaknyga\/"]}]}},"_links":{"self":[{"href":"https:\/\/skaitytaknyga.lt\/en\/wp-json\/wp\/v2\/product\/9456","targetHints":{"allow":["GET"]}}],"collection":[{"href":"https:\/\/skaitytaknyga.lt\/en\/wp-json\/wp\/v2\/product"}],"about":[{"href":"https:\/\/skaitytaknyga.lt\/en\/wp-json\/wp\/v2\/types\/product"}],"replies":[{"embeddable":true,"href":"https:\/\/skaitytaknyga.lt\/en\/wp-json\/wp\/v2\/comments?post=9456"}],"wp:featuredmedia":[{"embeddable":true,"href":"https:\/\/skaitytaknyga.lt\/en\/wp-json\/wp\/v2\/media\/6866"}],"wp:attachment":[{"href":"https:\/\/skaitytaknyga.lt\/en\/wp-json\/wp\/v2\/media?parent=9456"}],"wp:term":[{"taxonomy":"product_brand","embeddable":true,"href":"https:\/\/skaitytaknyga.lt\/en\/wp-json\/wp\/v2\/product_brand?post=9456"},{"taxonomy":"product_cat","embeddable":true,"href":"https:\/\/skaitytaknyga.lt\/en\/wp-json\/wp\/v2\/product_cat?post=9456"},{"taxonomy":"product_tag","embeddable":true,"href":"https:\/\/skaitytaknyga.lt\/en\/wp-json\/wp\/v2\/product_tag?post=9456"}],"curies":[{"name":"wp","href":"https:\/\/api.w.org\/{rel}","templated":true}]}}