{"id":9450,"date":"2024-05-04T15:03:17","date_gmt":"2024-05-04T15:03:17","guid":{"rendered":"https:\/\/skaitytaknyga.lt\/?post_type=product&#038;p=9450"},"modified":"2024-05-04T15:03:27","modified_gmt":"2024-05-04T15:03:27","slug":"markas-tvenas-princas-ir-elgeta-4","status":"publish","type":"product","link":"https:\/\/skaitytaknyga.lt\/en\/produktas\/markas-tvenas-princas-ir-elgeta-4\/","title":{"rendered":"Markas Tvenas \u201ePrincas ir elgeta\u201c"},"content":{"rendered":"<p>Amerikie\u010di\u0173 ra\u0161ytojas Markas Tvenas knygoje \u201ePrincas ir elgeta\u201c (1881) atskleid\u017eia nepaprastus \u012fvykius, kurie d\u0117josi XVI a. Anglijoje. Princo Eduardo VI gyvenimas kupinas prabangos, tarnai visuomet pasireng\u0119 \u012fvykdyti bet kok\u012f jaunuolio nor\u0105. Tomas Kentis tuo tarpu gyvena Atmat\u0173 Kieme, savo dienas leisdamas gatv\u0117je, o naktis \u2013 menkoje l\u016b\u0161nel\u0117je, kur ken\u010dia t\u0117vo tironij\u0105.<\/p>\n<p>Vien\u0105 dien\u0105 abu berniukai susitinka ir sumano susikeisti drabu\u017eiais. Ta\u010diau jie net ne\u012fsivaizdavo, kuo \u0161is poelgis gali baigtis. Pasikeit\u0119 drabu\u017eiais jie buvo priversti pasikeisti ir savo gyvenimais \u2013 princas Eduardas VI atsid\u016br\u0117 Londono gatv\u0117se, o elgeta Tomas liko r\u016bmuose ir u\u017e\u0117m\u0117 princo viet\u0105. Kaip istorija klostysis toliau? Ar \u012fgyvendin\u0119 savo tro\u0161kim\u0105 pakeisti gyvenim\u0105 jaunuoliai i\u0161 ties\u0173 tapo laimingesni?<\/p>\n<p>Knyga \u201ePrincas ir elgeta\u201c moko d\u017eiaugtis tuo, k\u0105 turi, ir visuomet protingai \u012fvertinti savo norus.<\/p>\n","protected":false},"excerpt":{"rendered":"<p>Amerikie\u010di\u0173 ra\u0161ytojas Markas Tvenas knygoje \u201ePrincas ir elgeta\u201c (1881) atskleid\u017eia nepaprastus \u012fvykius, kurie d\u0117josi XVI a. Anglijoje. Princo Eduardo VI gyvenimas kupinas prabangos, tarnai visuomet pasireng\u0119 \u012fvykdyti bet kok\u012f jaunuolio nor\u0105. Tomas Kentis tuo tarpu gyvena Atmat\u0173 Kieme, savo dienas leisdamas gatv\u0117je, o naktis \u2013 menkoje l\u016b\u0161nel\u0117je, kur ken\u010dia t\u0117vo tironij\u0105.<\/p>\n<p>Vien\u0105 dien\u0105 abu berniukai susitinka ir sumano susikeisti drabu\u017eiais. Ta\u010diau jie net ne\u012fsivaizdavo, kuo \u0161is poelgis gali baigtis. Pasikeit\u0119 drabu\u017eiais jie buvo priversti pasikeisti ir savo gyvenimais \u2013 princas Eduardas VI atsid\u016br\u0117 Londono gatv\u0117se, o elgeta Tomas liko r\u016bmuose ir u\u017e\u0117m\u0117 princo viet\u0105. Kaip istorija klostysis toliau? Ar \u012fgyvendin\u0119 savo tro\u0161kim\u0105 pakeisti gyvenim\u0105 jaunuoliai i\u0161 ties\u0173 tapo laimingesni?<\/p>\n<p>Knyga \u201ePrincas ir elgeta\u201c moko d\u017eiaugtis tuo, k\u0105 turi, ir visuomet protingai \u012fvertinti savo norus.<\/p>\n","protected":false},"featured_media":6861,"comment_status":"closed","ping_status":"closed","template":"","meta":{"_acf_changed":false,"site-sidebar-layout":"default","site-content-layout":"","ast-site-content-layout":"default","site-content-style":"default","site-sidebar-style":"default","ast-global-header-display":"","ast-banner-title-visibility":"","ast-main-header-display":"","ast-hfb-above-header-display":"","ast-hfb-below-header-display":"","ast-hfb-mobile-header-display":"","site-post-title":"","ast-breadcrumbs-content":"","ast-featured-img":"","footer-sml-layout":"","ast-disable-related-posts":"","theme-transparent-header-meta":"","adv-header-id-meta":"","stick-header-meta":"","header-above-stick-meta":"","header-main-stick-meta":"","header-below-stick-meta":"","astra-migrate-meta-layouts":"default","ast-page-background-enabled":"default","ast-page-background-meta":{"desktop":{"background-color":"","background-image":"","background-repeat":"repeat","background-position":"center center","background-size":"auto","background-attachment":"scroll","background-type":"","background-media":"","overlay-type":"","overlay-color":"","overlay-opacity":"","overlay-gradient":""},"tablet":{"background-color":"","background-image":"","background-repeat":"repeat","background-position":"center center","background-size":"auto","background-attachment":"scroll","background-type":"","background-media":"","overlay-type":"","overlay-color":"","overlay-opacity":"","overlay-gradient":""},"mobile":{"background-color":"","background-image":"","background-repeat":"repeat","background-position":"center center","background-size":"auto","background-attachment":"scroll","background-type":"","background-media":"","overlay-type":"","overlay-color":"","overlay-opacity":"","overlay-gradient":""}},"ast-content-background-meta":{"desktop":{"background-color":"var(--ast-global-color-4)","background-image":"","background-repeat":"repeat","background-position":"center center","background-size":"auto","background-attachment":"scroll","background-type":"","background-media":"","overlay-type":"","overlay-color":"","overlay-opacity":"","overlay-gradient":""},"tablet":{"background-color":"var(--ast-global-color-4)","background-image":"","background-repeat":"repeat","background-position":"center center","background-size":"auto","background-attachment":"scroll","background-type":"","background-media":"","overlay-type":"","overlay-color":"","overlay-opacity":"","overlay-gradient":""},"mobile":{"background-color":"var(--ast-global-color-4)","background-image":"","background-repeat":"repeat","background-position":"center center","background-size":"auto","background-attachment":"scroll","background-type":"","background-media":"","overlay-type":"","overlay-color":"","overlay-opacity":"","overlay-gradient":""}}},"product_brand":[],"product_cat":[28,331,35],"product_tag":[332],"class_list":{"0":"post-9450","1":"product","2":"type-product","3":"status-publish","4":"has-post-thumbnail","6":"product_cat-klasika","7":"product_cat-programine-literatura","8":"product_cat-vaikams-ir-paaugliams","9":"product_tag-10-serija","10":"desktop-align-left","11":"tablet-align-left","12":"mobile-align-left","14":"first","15":"instock","16":"shipping-taxable","17":"purchasable","18":"product-type-simple"},"acf":[],"yoast_head":"<!-- This site is optimized with the Yoast SEO plugin v27.0 - https:\/\/yoast.com\/product\/yoast-seo-wordpress\/ -->\n<title>Markas Tvenas \u201ePrincas ir elgeta\u201c - Skaitytaknyga<\/title>\n<meta name=\"description\" content=\"Amerikie\u010di\u0173 ra\u0161ytojas Markas Tvenas knygoje \u201ePrincas ir elgeta\u201c (1881) atskleid\u017eia nepaprastus \u012fvykius, kurie d\u0117josi XVI a. Anglijoje. Princo Eduardo VI gyvenimas kupinas prabangos, tarnai visuomet pasireng\u0119 \u012fvykdyti bet kok\u012f jaunuolio nor\u0105. Tomas Kentis tuo tarpu gyvena Atmat\u0173 Kieme, savo dienas leisdamas gatv\u0117je, o naktis \u2013 menkoje l\u016b\u0161nel\u0117je, kur ken\u010dia t\u0117vo tironij\u0105.  Vien\u0105 dien\u0105 abu berniukai susitinka ir sumano susikeisti drabu\u017eiais. Ta\u010diau jie net ne\u012fsivaizdavo, kuo \u0161is poelgis gali baigtis. Pasikeit\u0119 drabu\u017eiais jie buvo priversti pasikeisti ir savo gyvenimais \u2013 princas Eduardas VI atsid\u016br\u0117 Londono gatv\u0117se, o elgeta Tomas liko r\u016bmuose ir u\u017e\u0117m\u0117 princo viet\u0105. Kaip istorija klostysis toliau? Ar \u012fgyvendin\u0119 savo tro\u0161kim\u0105 pakeisti gyvenim\u0105 jaunuoliai i\u0161 ties\u0173 tapo laimingesni?  Knyga \u201ePrincas ir elgeta\u201c moko d\u017eiaugtis tuo, k\u0105 turi, ir visuomet protingai \u012fvertinti savo norus.\" \/>\n<meta name=\"robots\" content=\"index, follow, max-snippet:-1, max-image-preview:large, max-video-preview:-1\" \/>\n<link rel=\"canonical\" href=\"https:\/\/skaitytaknyga.lt\/en\/produktas\/markas-tvenas-princas-ir-elgeta-4\/\" \/>\n<meta property=\"og:locale\" content=\"en_GB\" \/>\n<meta property=\"og:locale:alternate\" content=\"lt_LT\" \/>\n<meta property=\"og:type\" content=\"article\" \/>\n<meta property=\"og:title\" content=\"Markas Tvenas \u201ePrincas ir elgeta\u201c - Skaitytaknyga\" \/>\n<meta property=\"og:description\" content=\"Amerikie\u010di\u0173 ra\u0161ytojas Markas Tvenas knygoje \u201ePrincas ir elgeta\u201c (1881) atskleid\u017eia nepaprastus \u012fvykius, kurie d\u0117josi XVI a. Anglijoje. Princo Eduardo VI gyvenimas kupinas prabangos, tarnai visuomet pasireng\u0119 \u012fvykdyti bet kok\u012f jaunuolio nor\u0105. Tomas Kentis tuo tarpu gyvena Atmat\u0173 Kieme, savo dienas leisdamas gatv\u0117je, o naktis \u2013 menkoje l\u016b\u0161nel\u0117je, kur ken\u010dia t\u0117vo tironij\u0105.  Vien\u0105 dien\u0105 abu berniukai susitinka ir sumano susikeisti drabu\u017eiais. Ta\u010diau jie net ne\u012fsivaizdavo, kuo \u0161is poelgis gali baigtis. Pasikeit\u0119 drabu\u017eiais jie buvo priversti pasikeisti ir savo gyvenimais \u2013 princas Eduardas VI atsid\u016br\u0117 Londono gatv\u0117se, o elgeta Tomas liko r\u016bmuose ir u\u017e\u0117m\u0117 princo viet\u0105. Kaip istorija klostysis toliau? Ar \u012fgyvendin\u0119 savo tro\u0161kim\u0105 pakeisti gyvenim\u0105 jaunuoliai i\u0161 ties\u0173 tapo laimingesni?  Knyga \u201ePrincas ir elgeta\u201c moko d\u017eiaugtis tuo, k\u0105 turi, ir visuomet protingai \u012fvertinti savo norus.\" \/>\n<meta property=\"og:url\" content=\"https:\/\/skaitytaknyga.lt\/en\/produktas\/markas-tvenas-princas-ir-elgeta-4\/\" \/>\n<meta property=\"og:site_name\" content=\"Skaitytaknyga\" \/>\n<meta property=\"article:publisher\" content=\"https:\/\/www.facebook.com\/skaitytaknyga\/\" \/>\n<meta property=\"article:modified_time\" content=\"2024-05-04T15:03:27+00:00\" \/>\n<meta property=\"og:image\" content=\"https:\/\/skaitytaknyga.lt\/wp-content\/uploads\/2024\/05\/1462873584_princas-ir-elgeta.jpg\" \/>\n\t<meta property=\"og:image:width\" content=\"377\" \/>\n\t<meta property=\"og:image:height\" content=\"591\" \/>\n\t<meta property=\"og:image:type\" content=\"image\/jpeg\" \/>\n<meta name=\"twitter:card\" content=\"summary_large_image\" \/>\n<meta name=\"twitter:label1\" content=\"Estimated reading time\" \/>\n\t<meta name=\"twitter:data1\" content=\"1 minute\" \/>\n<script type=\"application\/ld+json\" class=\"yoast-schema-graph\">{\"@context\":\"https:\/\/schema.org\",\"@graph\":[{\"@type\":\"WebPage\",\"@id\":\"https:\/\/skaitytaknyga.lt\/produktas\/markas-tvenas-princas-ir-elgeta-4\/\",\"url\":\"https:\/\/skaitytaknyga.lt\/produktas\/markas-tvenas-princas-ir-elgeta-4\/\",\"name\":\"Markas Tvenas \u201ePrincas ir elgeta\u201c - Skaitytaknyga\",\"isPartOf\":{\"@id\":\"https:\/\/skaitytaknyga.lt\/#website\"},\"primaryImageOfPage\":{\"@id\":\"https:\/\/skaitytaknyga.lt\/produktas\/markas-tvenas-princas-ir-elgeta-4\/#primaryimage\"},\"image\":{\"@id\":\"https:\/\/skaitytaknyga.lt\/produktas\/markas-tvenas-princas-ir-elgeta-4\/#primaryimage\"},\"thumbnailUrl\":\"https:\/\/skaitytaknyga.lt\/wp-content\/uploads\/2024\/05\/1462873584_princas-ir-elgeta.jpg\",\"datePublished\":\"2024-05-04T15:03:17+00:00\",\"dateModified\":\"2024-05-04T15:03:27+00:00\",\"description\":\"Amerikie\u010di\u0173 ra\u0161ytojas Markas Tvenas knygoje \u201ePrincas ir elgeta\u201c (1881) atskleid\u017eia nepaprastus \u012fvykius, kurie d\u0117josi XVI a. Anglijoje. Princo Eduardo VI gyvenimas kupinas prabangos, tarnai visuomet pasireng\u0119 \u012fvykdyti bet kok\u012f jaunuolio nor\u0105. Tomas Kentis tuo tarpu gyvena Atmat\u0173 Kieme, savo dienas leisdamas gatv\u0117je, o naktis \u2013 menkoje l\u016b\u0161nel\u0117je, kur ken\u010dia t\u0117vo tironij\u0105. Vien\u0105 dien\u0105 abu berniukai susitinka ir sumano susikeisti drabu\u017eiais. Ta\u010diau jie net ne\u012fsivaizdavo, kuo \u0161is poelgis gali baigtis. Pasikeit\u0119 drabu\u017eiais jie buvo priversti pasikeisti ir savo gyvenimais \u2013 princas Eduardas VI atsid\u016br\u0117 Londono gatv\u0117se, o elgeta Tomas liko r\u016bmuose ir u\u017e\u0117m\u0117 princo viet\u0105. Kaip istorija klostysis toliau? Ar \u012fgyvendin\u0119 savo tro\u0161kim\u0105 pakeisti gyvenim\u0105 jaunuoliai i\u0161 ties\u0173 tapo laimingesni? Knyga \u201ePrincas ir elgeta\u201c moko d\u017eiaugtis tuo, k\u0105 turi, ir visuomet protingai \u012fvertinti savo norus.\",\"breadcrumb\":{\"@id\":\"https:\/\/skaitytaknyga.lt\/produktas\/markas-tvenas-princas-ir-elgeta-4\/#breadcrumb\"},\"inLanguage\":\"en-GB\",\"potentialAction\":[{\"@type\":\"ReadAction\",\"target\":[\"https:\/\/skaitytaknyga.lt\/produktas\/markas-tvenas-princas-ir-elgeta-4\/\"]}]},{\"@type\":\"ImageObject\",\"inLanguage\":\"en-GB\",\"@id\":\"https:\/\/skaitytaknyga.lt\/produktas\/markas-tvenas-princas-ir-elgeta-4\/#primaryimage\",\"url\":\"https:\/\/skaitytaknyga.lt\/wp-content\/uploads\/2024\/05\/1462873584_princas-ir-elgeta.jpg\",\"contentUrl\":\"https:\/\/skaitytaknyga.lt\/wp-content\/uploads\/2024\/05\/1462873584_princas-ir-elgeta.jpg\",\"width\":377,\"height\":591},{\"@type\":\"BreadcrumbList\",\"@id\":\"https:\/\/skaitytaknyga.lt\/produktas\/markas-tvenas-princas-ir-elgeta-4\/#breadcrumb\",\"itemListElement\":[{\"@type\":\"ListItem\",\"position\":1,\"name\":\"Home\",\"item\":\"https:\/\/skaitytaknyga.lt\/\"},{\"@type\":\"ListItem\",\"position\":2,\"name\":\"Parduotuv\u0117\",\"item\":\"https:\/\/skaitytaknyga.lt\/knygu-parduotuve\/\"},{\"@type\":\"ListItem\",\"position\":3,\"name\":\"Markas Tvenas \u201ePrincas ir elgeta\u201c\"}]},{\"@type\":\"WebSite\",\"@id\":\"https:\/\/skaitytaknyga.lt\/#website\",\"url\":\"https:\/\/skaitytaknyga.lt\/\",\"name\":\"skaitytaknyga.lt\",\"description\":\"Skaitytaknyga.lt \u2013 tai ma\u017eas \u0161eimos verslas, kuris prasid\u0117jo nuo meil\u0117s knygoms ir siekio i\u0161gelb\u0117ti knygas nuo likimo prie konteinerio. Kas vienam nereikalingas daiktas \u2013 kitam lobis, o mes esame tarpininkai, kurie padeda abiems tapti laimingesniems ???? \u017dinome kaip nelengva i\u0161gyventi ma\u017eiems verslams, tad nuo \u0161iol, \u010dia rasite ir kit\u0173, ma\u017e\u0173 \u0161eim\u0173 versl\u0173, rank\u0173 darbo, dovan\u0173 sau ir artimiesiems.\",\"publisher\":{\"@id\":\"https:\/\/skaitytaknyga.lt\/#organization\"},\"potentialAction\":[{\"@type\":\"SearchAction\",\"target\":{\"@type\":\"EntryPoint\",\"urlTemplate\":\"https:\/\/skaitytaknyga.lt\/?s={search_term_string}\"},\"query-input\":{\"@type\":\"PropertyValueSpecification\",\"valueRequired\":true,\"valueName\":\"search_term_string\"}}],\"inLanguage\":\"en-GB\"},{\"@type\":\"Organization\",\"@id\":\"https:\/\/skaitytaknyga.lt\/#organization\",\"name\":\"skaitytaknyga.lt\",\"url\":\"https:\/\/skaitytaknyga.lt\/\",\"logo\":{\"@type\":\"ImageObject\",\"inLanguage\":\"en-GB\",\"@id\":\"https:\/\/skaitytaknyga.lt\/#\/schema\/logo\/image\/\",\"url\":\"https:\/\/skaitytaknyga.lt\/wp-content\/uploads\/2024\/05\/cropped-cropped-cropped-02_00843_jt3bggkj1j3HLc7SyY6rEUpg.jpeg\",\"contentUrl\":\"https:\/\/skaitytaknyga.lt\/wp-content\/uploads\/2024\/05\/cropped-cropped-cropped-02_00843_jt3bggkj1j3HLc7SyY6rEUpg.jpeg\",\"width\":1600,\"height\":1600,\"caption\":\"skaitytaknyga.lt\"},\"image\":{\"@id\":\"https:\/\/skaitytaknyga.lt\/#\/schema\/logo\/image\/\"},\"sameAs\":[\"https:\/\/www.facebook.com\/skaitytaknyga\/\"]}]}<\/script>\n<!-- \/ Yoast SEO plugin. -->","yoast_head_json":{"title":"Markas Tvenas \u201ePrincas ir elgeta\u201c - Skaitytaknyga","description":"Amerikie\u010di\u0173 ra\u0161ytojas Markas Tvenas knygoje \u201ePrincas ir elgeta\u201c (1881) atskleid\u017eia nepaprastus \u012fvykius, kurie d\u0117josi XVI a. Anglijoje. Princo Eduardo VI gyvenimas kupinas prabangos, tarnai visuomet pasireng\u0119 \u012fvykdyti bet kok\u012f jaunuolio nor\u0105. Tomas Kentis tuo tarpu gyvena Atmat\u0173 Kieme, savo dienas leisdamas gatv\u0117je, o naktis \u2013 menkoje l\u016b\u0161nel\u0117je, kur ken\u010dia t\u0117vo tironij\u0105.  Vien\u0105 dien\u0105 abu berniukai susitinka ir sumano susikeisti drabu\u017eiais. Ta\u010diau jie net ne\u012fsivaizdavo, kuo \u0161is poelgis gali baigtis. Pasikeit\u0119 drabu\u017eiais jie buvo priversti pasikeisti ir savo gyvenimais \u2013 princas Eduardas VI atsid\u016br\u0117 Londono gatv\u0117se, o elgeta Tomas liko r\u016bmuose ir u\u017e\u0117m\u0117 princo viet\u0105. Kaip istorija klostysis toliau? Ar \u012fgyvendin\u0119 savo tro\u0161kim\u0105 pakeisti gyvenim\u0105 jaunuoliai i\u0161 ties\u0173 tapo laimingesni?  Knyga \u201ePrincas ir elgeta\u201c moko d\u017eiaugtis tuo, k\u0105 turi, ir visuomet protingai \u012fvertinti savo norus.","robots":{"index":"index","follow":"follow","max-snippet":"max-snippet:-1","max-image-preview":"max-image-preview:large","max-video-preview":"max-video-preview:-1"},"canonical":"https:\/\/skaitytaknyga.lt\/en\/produktas\/markas-tvenas-princas-ir-elgeta-4\/","og_locale":"en_GB","og_type":"article","og_title":"Markas Tvenas \u201ePrincas ir elgeta\u201c - Skaitytaknyga","og_description":"Amerikie\u010di\u0173 ra\u0161ytojas Markas Tvenas knygoje \u201ePrincas ir elgeta\u201c (1881) atskleid\u017eia nepaprastus \u012fvykius, kurie d\u0117josi XVI a. Anglijoje. Princo Eduardo VI gyvenimas kupinas prabangos, tarnai visuomet pasireng\u0119 \u012fvykdyti bet kok\u012f jaunuolio nor\u0105. Tomas Kentis tuo tarpu gyvena Atmat\u0173 Kieme, savo dienas leisdamas gatv\u0117je, o naktis \u2013 menkoje l\u016b\u0161nel\u0117je, kur ken\u010dia t\u0117vo tironij\u0105.  Vien\u0105 dien\u0105 abu berniukai susitinka ir sumano susikeisti drabu\u017eiais. Ta\u010diau jie net ne\u012fsivaizdavo, kuo \u0161is poelgis gali baigtis. Pasikeit\u0119 drabu\u017eiais jie buvo priversti pasikeisti ir savo gyvenimais \u2013 princas Eduardas VI atsid\u016br\u0117 Londono gatv\u0117se, o elgeta Tomas liko r\u016bmuose ir u\u017e\u0117m\u0117 princo viet\u0105. Kaip istorija klostysis toliau? Ar \u012fgyvendin\u0119 savo tro\u0161kim\u0105 pakeisti gyvenim\u0105 jaunuoliai i\u0161 ties\u0173 tapo laimingesni?  Knyga \u201ePrincas ir elgeta\u201c moko d\u017eiaugtis tuo, k\u0105 turi, ir visuomet protingai \u012fvertinti savo norus.","og_url":"https:\/\/skaitytaknyga.lt\/en\/produktas\/markas-tvenas-princas-ir-elgeta-4\/","og_site_name":"Skaitytaknyga","article_publisher":"https:\/\/www.facebook.com\/skaitytaknyga\/","article_modified_time":"2024-05-04T15:03:27+00:00","og_image":[{"width":377,"height":591,"url":"https:\/\/skaitytaknyga.lt\/wp-content\/uploads\/2024\/05\/1462873584_princas-ir-elgeta.jpg","type":"image\/jpeg"}],"twitter_card":"summary_large_image","twitter_misc":{"Estimated reading time":"1 minute"},"schema":{"@context":"https:\/\/schema.org","@graph":[{"@type":"WebPage","@id":"https:\/\/skaitytaknyga.lt\/produktas\/markas-tvenas-princas-ir-elgeta-4\/","url":"https:\/\/skaitytaknyga.lt\/produktas\/markas-tvenas-princas-ir-elgeta-4\/","name":"Markas Tvenas \u201ePrincas ir elgeta\u201c - Skaitytaknyga","isPartOf":{"@id":"https:\/\/skaitytaknyga.lt\/#website"},"primaryImageOfPage":{"@id":"https:\/\/skaitytaknyga.lt\/produktas\/markas-tvenas-princas-ir-elgeta-4\/#primaryimage"},"image":{"@id":"https:\/\/skaitytaknyga.lt\/produktas\/markas-tvenas-princas-ir-elgeta-4\/#primaryimage"},"thumbnailUrl":"https:\/\/skaitytaknyga.lt\/wp-content\/uploads\/2024\/05\/1462873584_princas-ir-elgeta.jpg","datePublished":"2024-05-04T15:03:17+00:00","dateModified":"2024-05-04T15:03:27+00:00","description":"Amerikie\u010di\u0173 ra\u0161ytojas Markas Tvenas knygoje \u201ePrincas ir elgeta\u201c (1881) atskleid\u017eia nepaprastus \u012fvykius, kurie d\u0117josi XVI a. Anglijoje. Princo Eduardo VI gyvenimas kupinas prabangos, tarnai visuomet pasireng\u0119 \u012fvykdyti bet kok\u012f jaunuolio nor\u0105. Tomas Kentis tuo tarpu gyvena Atmat\u0173 Kieme, savo dienas leisdamas gatv\u0117je, o naktis \u2013 menkoje l\u016b\u0161nel\u0117je, kur ken\u010dia t\u0117vo tironij\u0105. Vien\u0105 dien\u0105 abu berniukai susitinka ir sumano susikeisti drabu\u017eiais. Ta\u010diau jie net ne\u012fsivaizdavo, kuo \u0161is poelgis gali baigtis. Pasikeit\u0119 drabu\u017eiais jie buvo priversti pasikeisti ir savo gyvenimais \u2013 princas Eduardas VI atsid\u016br\u0117 Londono gatv\u0117se, o elgeta Tomas liko r\u016bmuose ir u\u017e\u0117m\u0117 princo viet\u0105. Kaip istorija klostysis toliau? Ar \u012fgyvendin\u0119 savo tro\u0161kim\u0105 pakeisti gyvenim\u0105 jaunuoliai i\u0161 ties\u0173 tapo laimingesni? Knyga \u201ePrincas ir elgeta\u201c moko d\u017eiaugtis tuo, k\u0105 turi, ir visuomet protingai \u012fvertinti savo norus.","breadcrumb":{"@id":"https:\/\/skaitytaknyga.lt\/produktas\/markas-tvenas-princas-ir-elgeta-4\/#breadcrumb"},"inLanguage":"en-GB","potentialAction":[{"@type":"ReadAction","target":["https:\/\/skaitytaknyga.lt\/produktas\/markas-tvenas-princas-ir-elgeta-4\/"]}]},{"@type":"ImageObject","inLanguage":"en-GB","@id":"https:\/\/skaitytaknyga.lt\/produktas\/markas-tvenas-princas-ir-elgeta-4\/#primaryimage","url":"https:\/\/skaitytaknyga.lt\/wp-content\/uploads\/2024\/05\/1462873584_princas-ir-elgeta.jpg","contentUrl":"https:\/\/skaitytaknyga.lt\/wp-content\/uploads\/2024\/05\/1462873584_princas-ir-elgeta.jpg","width":377,"height":591},{"@type":"BreadcrumbList","@id":"https:\/\/skaitytaknyga.lt\/produktas\/markas-tvenas-princas-ir-elgeta-4\/#breadcrumb","itemListElement":[{"@type":"ListItem","position":1,"name":"Home","item":"https:\/\/skaitytaknyga.lt\/"},{"@type":"ListItem","position":2,"name":"Parduotuv\u0117","item":"https:\/\/skaitytaknyga.lt\/knygu-parduotuve\/"},{"@type":"ListItem","position":3,"name":"Markas Tvenas \u201ePrincas ir elgeta\u201c"}]},{"@type":"WebSite","@id":"https:\/\/skaitytaknyga.lt\/#website","url":"https:\/\/skaitytaknyga.lt\/","name":"skaitytaknyga.lt","description":"Skaitytaknyga.lt \u2013 tai ma\u017eas \u0161eimos verslas, kuris prasid\u0117jo nuo meil\u0117s knygoms ir siekio i\u0161gelb\u0117ti knygas nuo likimo prie konteinerio. Kas vienam nereikalingas daiktas \u2013 kitam lobis, o mes esame tarpininkai, kurie padeda abiems tapti laimingesniems ???? \u017dinome kaip nelengva i\u0161gyventi ma\u017eiems verslams, tad nuo \u0161iol, \u010dia rasite ir kit\u0173, ma\u017e\u0173 \u0161eim\u0173 versl\u0173, rank\u0173 darbo, dovan\u0173 sau ir artimiesiems.","publisher":{"@id":"https:\/\/skaitytaknyga.lt\/#organization"},"potentialAction":[{"@type":"SearchAction","target":{"@type":"EntryPoint","urlTemplate":"https:\/\/skaitytaknyga.lt\/?s={search_term_string}"},"query-input":{"@type":"PropertyValueSpecification","valueRequired":true,"valueName":"search_term_string"}}],"inLanguage":"en-GB"},{"@type":"Organization","@id":"https:\/\/skaitytaknyga.lt\/#organization","name":"skaitytaknyga.lt","url":"https:\/\/skaitytaknyga.lt\/","logo":{"@type":"ImageObject","inLanguage":"en-GB","@id":"https:\/\/skaitytaknyga.lt\/#\/schema\/logo\/image\/","url":"https:\/\/skaitytaknyga.lt\/wp-content\/uploads\/2024\/05\/cropped-cropped-cropped-02_00843_jt3bggkj1j3HLc7SyY6rEUpg.jpeg","contentUrl":"https:\/\/skaitytaknyga.lt\/wp-content\/uploads\/2024\/05\/cropped-cropped-cropped-02_00843_jt3bggkj1j3HLc7SyY6rEUpg.jpeg","width":1600,"height":1600,"caption":"skaitytaknyga.lt"},"image":{"@id":"https:\/\/skaitytaknyga.lt\/#\/schema\/logo\/image\/"},"sameAs":["https:\/\/www.facebook.com\/skaitytaknyga\/"]}]}},"_links":{"self":[{"href":"https:\/\/skaitytaknyga.lt\/en\/wp-json\/wp\/v2\/product\/9450","targetHints":{"allow":["GET"]}}],"collection":[{"href":"https:\/\/skaitytaknyga.lt\/en\/wp-json\/wp\/v2\/product"}],"about":[{"href":"https:\/\/skaitytaknyga.lt\/en\/wp-json\/wp\/v2\/types\/product"}],"replies":[{"embeddable":true,"href":"https:\/\/skaitytaknyga.lt\/en\/wp-json\/wp\/v2\/comments?post=9450"}],"wp:featuredmedia":[{"embeddable":true,"href":"https:\/\/skaitytaknyga.lt\/en\/wp-json\/wp\/v2\/media\/6861"}],"wp:attachment":[{"href":"https:\/\/skaitytaknyga.lt\/en\/wp-json\/wp\/v2\/media?parent=9450"}],"wp:term":[{"taxonomy":"product_brand","embeddable":true,"href":"https:\/\/skaitytaknyga.lt\/en\/wp-json\/wp\/v2\/product_brand?post=9450"},{"taxonomy":"product_cat","embeddable":true,"href":"https:\/\/skaitytaknyga.lt\/en\/wp-json\/wp\/v2\/product_cat?post=9450"},{"taxonomy":"product_tag","embeddable":true,"href":"https:\/\/skaitytaknyga.lt\/en\/wp-json\/wp\/v2\/product_tag?post=9450"}],"curies":[{"name":"wp","href":"https:\/\/api.w.org\/{rel}","templated":true}]}}