{"id":9447,"date":"2024-05-04T15:02:56","date_gmt":"2024-05-04T15:02:56","guid":{"rendered":"https:\/\/skaitytaknyga.lt\/?post_type=product&#038;p=9447"},"modified":"2026-03-11T10:55:21","modified_gmt":"2026-03-11T08:55:21","slug":"m-burgess-heroinas-2","status":"publish","type":"product","link":"https:\/\/skaitytaknyga.lt\/en\/produktas\/m-burgess-heroinas-2\/","title":{"rendered":"Heroinas"},"content":{"rendered":"<p><strong>\u201eHeroinas\u201c<\/strong>\u00a0\u2013 \u0161okiruojanti knyga apie priklausomyb\u0119, gyvenimo tamsi\u0105sias puses ir vilt\u012f.<\/p>\n<p>Tai itin atvira ir skausminga dviej\u0173 paaugli\u0173, D\u017eemos ir Taro, draugyst\u0117s ir meil\u0117s istorija.<br \/>\nJis pab\u0117ga i\u0161 nam\u0173 vejamas t\u0117vo smurto, ji \u2013 ie\u0161kodama nuotyki\u0173 ir protestuodama prie\u0161 grie\u017etus t\u0117vus. Deja, netrukus \u012f j\u0173 santykius \u012fsiterpia tre\u010dias \u2013 heroinas. D\u017eemos ir Taro gyvenimas niekada nebebus toks, kaip anks\u010diau.<\/p>\n<p>\u0160i knyga kiekvienam, bet pirmiausia t\u0117vams, nesuprantantiems savo vaik\u0173, ir vaikams, nesuprantantiems t\u0117v\u0173.<\/p>\n<p>Vos pasirod\u0119s<strong>\u00a0\u201eHeroinas&#8221;<\/strong>\u00a0buvo padovanotas Carnegio medaliu kaip geriausia met\u0173 knyga ir netrukus tapo kultiniu k\u016briniu tarp pasaulio jaunimo, kokia ankstesn\u0117ms kartoms buvo J. Salingerio\u00a0<a href=\"https:\/\/www.knygos.lt\/lt\/knygos\/rugiuose-prie-bedugnes\/\">\u201eRugiuose prie bedugn\u0117s&#8221;<\/a>. Ir Lietuvoje ji yra viena m\u0117gstamiausi\u0173 jaunimo knyg\u0173, sulaukusi daugiau nei de\u0161imties pakartotini\u0173 leidim\u0173.<\/p>\n","protected":false},"excerpt":{"rendered":"<p><strong>\u201eHeroinas\u201c<\/strong>\u00a0\u2013 \u0161okiruojanti knyga apie priklausomyb\u0119, gyvenimo tamsi\u0105sias puses ir vilt\u012f.<\/p>\n<p>Tai itin atvira ir skausminga dviej\u0173 paaugli\u0173, D\u017eemos ir Taro, draugyst\u0117s ir meil\u0117s istorija.<br \/>\nJis pab\u0117ga i\u0161 nam\u0173 vejamas t\u0117vo smurto, ji \u2013 ie\u0161kodama nuotyki\u0173 ir protestuodama prie\u0161 grie\u017etus t\u0117vus. Deja, netrukus \u012f j\u0173 santykius \u012fsiterpia tre\u010dias \u2013 heroinas. D\u017eemos ir Taro gyvenimas niekada nebebus toks, kaip anks\u010diau.<\/p>\n<p>\u0160i knyga kiekvienam, bet pirmiausia t\u0117vams, nesuprantantiems savo vaik\u0173, ir vaikams, nesuprantantiems t\u0117v\u0173.<\/p>\n<p>Vos pasirod\u0119s<strong>\u00a0\u201eHeroinas&#8221;<\/strong>\u00a0buvo padovanotas Carnegio medaliu kaip geriausia met\u0173 knyga ir netrukus tapo kultiniu k\u016briniu tarp pasaulio jaunimo, kokia ankstesn\u0117ms kartoms buvo J. Salingerio\u00a0<a href=\"https:\/\/www.knygos.lt\/lt\/knygos\/rugiuose-prie-bedugnes\/\">\u201eRugiuose prie bedugn\u0117s&#8221;<\/a>. Ir Lietuvoje ji yra viena m\u0117gstamiausi\u0173 jaunimo knyg\u0173, sulaukusi daugiau nei de\u0161imties pakartotini\u0173 leidim\u0173.<\/p>\n","protected":false},"featured_media":6852,"comment_status":"closed","ping_status":"closed","template":"","meta":{"_acf_changed":false,"site-sidebar-layout":"default","site-content-layout":"","ast-site-content-layout":"default","site-content-style":"default","site-sidebar-style":"default","ast-global-header-display":"","ast-banner-title-visibility":"","ast-main-header-display":"","ast-hfb-above-header-display":"","ast-hfb-below-header-display":"","ast-hfb-mobile-header-display":"","site-post-title":"","ast-breadcrumbs-content":"","ast-featured-img":"","footer-sml-layout":"","ast-disable-related-posts":"","theme-transparent-header-meta":"","adv-header-id-meta":"","stick-header-meta":"","header-above-stick-meta":"","header-main-stick-meta":"","header-below-stick-meta":"","astra-migrate-meta-layouts":"default","ast-page-background-enabled":"default","ast-page-background-meta":{"desktop":{"background-color":"","background-image":"","background-repeat":"repeat","background-position":"center center","background-size":"auto","background-attachment":"scroll","background-type":"","background-media":"","overlay-type":"","overlay-color":"","overlay-opacity":"","overlay-gradient":""},"tablet":{"background-color":"","background-image":"","background-repeat":"repeat","background-position":"center center","background-size":"auto","background-attachment":"scroll","background-type":"","background-media":"","overlay-type":"","overlay-color":"","overlay-opacity":"","overlay-gradient":""},"mobile":{"background-color":"","background-image":"","background-repeat":"repeat","background-position":"center center","background-size":"auto","background-attachment":"scroll","background-type":"","background-media":"","overlay-type":"","overlay-color":"","overlay-opacity":"","overlay-gradient":""}},"ast-content-background-meta":{"desktop":{"background-color":"var(--ast-global-color-4)","background-image":"","background-repeat":"repeat","background-position":"center center","background-size":"auto","background-attachment":"scroll","background-type":"","background-media":"","overlay-type":"","overlay-color":"","overlay-opacity":"","overlay-gradient":""},"tablet":{"background-color":"var(--ast-global-color-4)","background-image":"","background-repeat":"repeat","background-position":"center center","background-size":"auto","background-attachment":"scroll","background-type":"","background-media":"","overlay-type":"","overlay-color":"","overlay-opacity":"","overlay-gradient":""},"mobile":{"background-color":"var(--ast-global-color-4)","background-image":"","background-repeat":"repeat","background-position":"center center","background-size":"auto","background-attachment":"scroll","background-type":"","background-media":"","overlay-type":"","overlay-color":"","overlay-opacity":"","overlay-gradient":""}}},"product_brand":[],"product_cat":[9676],"product_tag":[],"class_list":{"0":"post-9447","1":"product","2":"type-product","3":"status-publish","4":"has-post-thumbnail","6":"product_cat-paaugliams","7":"desktop-align-left","8":"tablet-align-left","9":"mobile-align-left","11":"first","12":"instock","13":"shipping-taxable","14":"purchasable","15":"product-type-simple"},"acf":[],"yoast_head":"<!-- This site is optimized with the Yoast SEO plugin v27.0 - https:\/\/yoast.com\/product\/yoast-seo-wordpress\/ -->\n<title>Heroinas<\/title>\n<meta name=\"description\" content=\"\u201eHeroinas\u201c\u00a0\u2013 \u0161okiruojanti knyga apie priklausomyb\u0119, gyvenimo tamsi\u0105sias puses ir vilt\u012f.  Tai itin atvira ir skausminga dviej\u0173 paaugli\u0173, D\u017eemos ir Taro, draugyst\u0117s ir meil\u0117s istorija. Jis pab\u0117ga i\u0161 nam\u0173 vejamas t\u0117vo smurto, ji \u2013 ie\u0161kodama nuotyki\u0173 ir protestuodama prie\u0161 grie\u017etus t\u0117vus. Deja, netrukus \u012f j\u0173 santykius \u012fsiterpia tre\u010dias \u2013 heroinas. D\u017eemos ir Taro gyvenimas niekada nebebus toks, kaip anks\u010diau.  \u0160i knyga kiekvienam, bet pirmiausia t\u0117vams, nesuprantantiems savo vaik\u0173, ir vaikams, nesuprantantiems t\u0117v\u0173.  Vos pasirod\u0119s\u00a0\u201eHeroinas&quot;\u00a0buvo padovanotas Carnegio medaliu kaip geriausia met\u0173 knyga ir netrukus tapo kultiniu k\u016briniu tarp pasaulio jaunimo, kokia ankstesn\u0117ms kartoms buvo J. Salingerio\u00a0\u201eRugiuose prie bedugn\u0117s&quot;. Ir Lietuvoje ji yra viena m\u0117gstamiausi\u0173 jaunimo knyg\u0173, sulaukusi daugiau nei de\u0161imties pakartotini\u0173 leidim\u0173.\" \/>\n<meta name=\"robots\" content=\"index, follow, max-snippet:-1, max-image-preview:large, max-video-preview:-1\" \/>\n<link rel=\"canonical\" href=\"https:\/\/skaitytaknyga.lt\/en\/produktas\/m-burgess-heroinas-2\/\" \/>\n<meta property=\"og:locale\" content=\"en_GB\" \/>\n<meta property=\"og:locale:alternate\" content=\"lt_LT\" \/>\n<meta property=\"og:type\" content=\"article\" \/>\n<meta property=\"og:title\" content=\"Heroinas\" \/>\n<meta property=\"og:description\" content=\"\u201eHeroinas\u201c\u00a0\u2013 \u0161okiruojanti knyga apie priklausomyb\u0119, gyvenimo tamsi\u0105sias puses ir vilt\u012f.  Tai itin atvira ir skausminga dviej\u0173 paaugli\u0173, D\u017eemos ir Taro, draugyst\u0117s ir meil\u0117s istorija. Jis pab\u0117ga i\u0161 nam\u0173 vejamas t\u0117vo smurto, ji \u2013 ie\u0161kodama nuotyki\u0173 ir protestuodama prie\u0161 grie\u017etus t\u0117vus. Deja, netrukus \u012f j\u0173 santykius \u012fsiterpia tre\u010dias \u2013 heroinas. D\u017eemos ir Taro gyvenimas niekada nebebus toks, kaip anks\u010diau.  \u0160i knyga kiekvienam, bet pirmiausia t\u0117vams, nesuprantantiems savo vaik\u0173, ir vaikams, nesuprantantiems t\u0117v\u0173.  Vos pasirod\u0119s\u00a0\u201eHeroinas&quot;\u00a0buvo padovanotas Carnegio medaliu kaip geriausia met\u0173 knyga ir netrukus tapo kultiniu k\u016briniu tarp pasaulio jaunimo, kokia ankstesn\u0117ms kartoms buvo J. Salingerio\u00a0\u201eRugiuose prie bedugn\u0117s&quot;. Ir Lietuvoje ji yra viena m\u0117gstamiausi\u0173 jaunimo knyg\u0173, sulaukusi daugiau nei de\u0161imties pakartotini\u0173 leidim\u0173.\" \/>\n<meta property=\"og:url\" content=\"https:\/\/skaitytaknyga.lt\/en\/produktas\/m-burgess-heroinas-2\/\" \/>\n<meta property=\"og:site_name\" content=\"Skaitytaknyga\" \/>\n<meta property=\"article:publisher\" content=\"https:\/\/www.facebook.com\/skaitytaknyga\/\" \/>\n<meta property=\"article:modified_time\" content=\"2026-03-11T08:55:21+00:00\" \/>\n<meta property=\"og:image\" content=\"https:\/\/skaitytaknyga.lt\/wp-content\/uploads\/2024\/05\/1465563585_cdbheroinasz1.png\" \/>\n\t<meta property=\"og:image:width\" content=\"272\" \/>\n\t<meta property=\"og:image:height\" content=\"430\" \/>\n\t<meta property=\"og:image:type\" content=\"image\/png\" \/>\n<meta name=\"twitter:card\" content=\"summary_large_image\" \/>\n<meta name=\"twitter:label1\" content=\"Estimated reading time\" \/>\n\t<meta name=\"twitter:data1\" content=\"1 minute\" \/>\n<script type=\"application\/ld+json\" class=\"yoast-schema-graph\">{\"@context\":\"https:\/\/schema.org\",\"@graph\":[{\"@type\":\"WebPage\",\"@id\":\"https:\/\/skaitytaknyga.lt\/produktas\/m-burgess-heroinas-2\/\",\"url\":\"https:\/\/skaitytaknyga.lt\/produktas\/m-burgess-heroinas-2\/\",\"name\":\"Heroinas\",\"isPartOf\":{\"@id\":\"https:\/\/skaitytaknyga.lt\/#website\"},\"primaryImageOfPage\":{\"@id\":\"https:\/\/skaitytaknyga.lt\/produktas\/m-burgess-heroinas-2\/#primaryimage\"},\"image\":{\"@id\":\"https:\/\/skaitytaknyga.lt\/produktas\/m-burgess-heroinas-2\/#primaryimage\"},\"thumbnailUrl\":\"https:\/\/skaitytaknyga.lt\/wp-content\/uploads\/2024\/05\/1465563585_cdbheroinasz1.png\",\"datePublished\":\"2024-05-04T15:02:56+00:00\",\"dateModified\":\"2026-03-11T08:55:21+00:00\",\"description\":\"\u201eHeroinas\u201c\u00a0\u2013 \u0161okiruojanti knyga apie priklausomyb\u0119, gyvenimo tamsi\u0105sias puses ir vilt\u012f. Tai itin atvira ir skausminga dviej\u0173 paaugli\u0173, D\u017eemos ir Taro, draugyst\u0117s ir meil\u0117s istorija. Jis pab\u0117ga i\u0161 nam\u0173 vejamas t\u0117vo smurto, ji \u2013 ie\u0161kodama nuotyki\u0173 ir protestuodama prie\u0161 grie\u017etus t\u0117vus. Deja, netrukus \u012f j\u0173 santykius \u012fsiterpia tre\u010dias \u2013 heroinas. D\u017eemos ir Taro gyvenimas niekada nebebus toks, kaip anks\u010diau. \u0160i knyga kiekvienam, bet pirmiausia t\u0117vams, nesuprantantiems savo vaik\u0173, ir vaikams, nesuprantantiems t\u0117v\u0173. Vos pasirod\u0119s\u00a0\u201eHeroinas\\\"\u00a0buvo padovanotas Carnegio medaliu kaip geriausia met\u0173 knyga ir netrukus tapo kultiniu k\u016briniu tarp pasaulio jaunimo, kokia ankstesn\u0117ms kartoms buvo J. Salingerio\u00a0\u201eRugiuose prie bedugn\u0117s\\\". Ir Lietuvoje ji yra viena m\u0117gstamiausi\u0173 jaunimo knyg\u0173, sulaukusi daugiau nei de\u0161imties pakartotini\u0173 leidim\u0173.\",\"breadcrumb\":{\"@id\":\"https:\/\/skaitytaknyga.lt\/produktas\/m-burgess-heroinas-2\/#breadcrumb\"},\"inLanguage\":\"en-GB\",\"potentialAction\":[{\"@type\":\"ReadAction\",\"target\":[\"https:\/\/skaitytaknyga.lt\/produktas\/m-burgess-heroinas-2\/\"]}]},{\"@type\":\"ImageObject\",\"inLanguage\":\"en-GB\",\"@id\":\"https:\/\/skaitytaknyga.lt\/produktas\/m-burgess-heroinas-2\/#primaryimage\",\"url\":\"https:\/\/skaitytaknyga.lt\/wp-content\/uploads\/2024\/05\/1465563585_cdbheroinasz1.png\",\"contentUrl\":\"https:\/\/skaitytaknyga.lt\/wp-content\/uploads\/2024\/05\/1465563585_cdbheroinasz1.png\",\"width\":272,\"height\":430},{\"@type\":\"BreadcrumbList\",\"@id\":\"https:\/\/skaitytaknyga.lt\/produktas\/m-burgess-heroinas-2\/#breadcrumb\",\"itemListElement\":[{\"@type\":\"ListItem\",\"position\":1,\"name\":\"Home\",\"item\":\"https:\/\/skaitytaknyga.lt\/\"},{\"@type\":\"ListItem\",\"position\":2,\"name\":\"Parduotuv\u0117\",\"item\":\"https:\/\/skaitytaknyga.lt\/knygu-parduotuve\/\"},{\"@type\":\"ListItem\",\"position\":3,\"name\":\"Heroinas\"}]},{\"@type\":\"WebSite\",\"@id\":\"https:\/\/skaitytaknyga.lt\/#website\",\"url\":\"https:\/\/skaitytaknyga.lt\/\",\"name\":\"skaitytaknyga.lt\",\"description\":\"Skaitytaknyga.lt \u2013 tai ma\u017eas \u0161eimos verslas, kuris prasid\u0117jo nuo meil\u0117s knygoms ir siekio i\u0161gelb\u0117ti knygas nuo likimo prie konteinerio. Kas vienam nereikalingas daiktas \u2013 kitam lobis, o mes esame tarpininkai, kurie padeda abiems tapti laimingesniems ???? \u017dinome kaip nelengva i\u0161gyventi ma\u017eiems verslams, tad nuo \u0161iol, \u010dia rasite ir kit\u0173, ma\u017e\u0173 \u0161eim\u0173 versl\u0173, rank\u0173 darbo, dovan\u0173 sau ir artimiesiems.\",\"publisher\":{\"@id\":\"https:\/\/skaitytaknyga.lt\/#organization\"},\"potentialAction\":[{\"@type\":\"SearchAction\",\"target\":{\"@type\":\"EntryPoint\",\"urlTemplate\":\"https:\/\/skaitytaknyga.lt\/?s={search_term_string}\"},\"query-input\":{\"@type\":\"PropertyValueSpecification\",\"valueRequired\":true,\"valueName\":\"search_term_string\"}}],\"inLanguage\":\"en-GB\"},{\"@type\":\"Organization\",\"@id\":\"https:\/\/skaitytaknyga.lt\/#organization\",\"name\":\"skaitytaknyga.lt\",\"url\":\"https:\/\/skaitytaknyga.lt\/\",\"logo\":{\"@type\":\"ImageObject\",\"inLanguage\":\"en-GB\",\"@id\":\"https:\/\/skaitytaknyga.lt\/#\/schema\/logo\/image\/\",\"url\":\"https:\/\/skaitytaknyga.lt\/wp-content\/uploads\/2024\/05\/cropped-cropped-cropped-02_00843_jt3bggkj1j3HLc7SyY6rEUpg.jpeg\",\"contentUrl\":\"https:\/\/skaitytaknyga.lt\/wp-content\/uploads\/2024\/05\/cropped-cropped-cropped-02_00843_jt3bggkj1j3HLc7SyY6rEUpg.jpeg\",\"width\":1600,\"height\":1600,\"caption\":\"skaitytaknyga.lt\"},\"image\":{\"@id\":\"https:\/\/skaitytaknyga.lt\/#\/schema\/logo\/image\/\"},\"sameAs\":[\"https:\/\/www.facebook.com\/skaitytaknyga\/\"]}]}<\/script>\n<!-- \/ Yoast SEO plugin. -->","yoast_head_json":{"title":"Heroinas","description":"\u201eHeroinas\u201c\u00a0\u2013 \u0161okiruojanti knyga apie priklausomyb\u0119, gyvenimo tamsi\u0105sias puses ir vilt\u012f.  Tai itin atvira ir skausminga dviej\u0173 paaugli\u0173, D\u017eemos ir Taro, draugyst\u0117s ir meil\u0117s istorija. Jis pab\u0117ga i\u0161 nam\u0173 vejamas t\u0117vo smurto, ji \u2013 ie\u0161kodama nuotyki\u0173 ir protestuodama prie\u0161 grie\u017etus t\u0117vus. Deja, netrukus \u012f j\u0173 santykius \u012fsiterpia tre\u010dias \u2013 heroinas. D\u017eemos ir Taro gyvenimas niekada nebebus toks, kaip anks\u010diau.  \u0160i knyga kiekvienam, bet pirmiausia t\u0117vams, nesuprantantiems savo vaik\u0173, ir vaikams, nesuprantantiems t\u0117v\u0173.  Vos pasirod\u0119s\u00a0\u201eHeroinas\"\u00a0buvo padovanotas Carnegio medaliu kaip geriausia met\u0173 knyga ir netrukus tapo kultiniu k\u016briniu tarp pasaulio jaunimo, kokia ankstesn\u0117ms kartoms buvo J. Salingerio\u00a0\u201eRugiuose prie bedugn\u0117s\". Ir Lietuvoje ji yra viena m\u0117gstamiausi\u0173 jaunimo knyg\u0173, sulaukusi daugiau nei de\u0161imties pakartotini\u0173 leidim\u0173.","robots":{"index":"index","follow":"follow","max-snippet":"max-snippet:-1","max-image-preview":"max-image-preview:large","max-video-preview":"max-video-preview:-1"},"canonical":"https:\/\/skaitytaknyga.lt\/en\/produktas\/m-burgess-heroinas-2\/","og_locale":"en_GB","og_type":"article","og_title":"[:lt]Heroinas[:] - Skaitytaknyga","og_description":"\u201eHeroinas\u201c\u00a0\u2013 \u0161okiruojanti knyga apie priklausomyb\u0119, gyvenimo tamsi\u0105sias puses ir vilt\u012f.  Tai itin atvira ir skausminga dviej\u0173 paaugli\u0173, D\u017eemos ir Taro, draugyst\u0117s ir meil\u0117s istorija. Jis pab\u0117ga i\u0161 nam\u0173 vejamas t\u0117vo smurto, ji \u2013 ie\u0161kodama nuotyki\u0173 ir protestuodama prie\u0161 grie\u017etus t\u0117vus. Deja, netrukus \u012f j\u0173 santykius \u012fsiterpia tre\u010dias \u2013 heroinas. D\u017eemos ir Taro gyvenimas niekada nebebus toks, kaip anks\u010diau.  \u0160i knyga kiekvienam, bet pirmiausia t\u0117vams, nesuprantantiems savo vaik\u0173, ir vaikams, nesuprantantiems t\u0117v\u0173.  Vos pasirod\u0119s\u00a0\u201eHeroinas\"\u00a0buvo padovanotas Carnegio medaliu kaip geriausia met\u0173 knyga ir netrukus tapo kultiniu k\u016briniu tarp pasaulio jaunimo, kokia ankstesn\u0117ms kartoms buvo J. Salingerio\u00a0\u201eRugiuose prie bedugn\u0117s\". Ir Lietuvoje ji yra viena m\u0117gstamiausi\u0173 jaunimo knyg\u0173, sulaukusi daugiau nei de\u0161imties pakartotini\u0173 leidim\u0173.","og_url":"https:\/\/skaitytaknyga.lt\/en\/produktas\/m-burgess-heroinas-2\/","og_site_name":"Skaitytaknyga","article_publisher":"https:\/\/www.facebook.com\/skaitytaknyga\/","article_modified_time":"2026-03-11T08:55:21+00:00","og_image":[{"width":272,"height":430,"url":"https:\/\/skaitytaknyga.lt\/wp-content\/uploads\/2024\/05\/1465563585_cdbheroinasz1.png","type":"image\/png"}],"twitter_card":"summary_large_image","twitter_misc":{"Estimated reading time":"1 minute"},"schema":{"@context":"https:\/\/schema.org","@graph":[{"@type":"WebPage","@id":"https:\/\/skaitytaknyga.lt\/produktas\/m-burgess-heroinas-2\/","url":"https:\/\/skaitytaknyga.lt\/produktas\/m-burgess-heroinas-2\/","name":"Heroinas","isPartOf":{"@id":"https:\/\/skaitytaknyga.lt\/#website"},"primaryImageOfPage":{"@id":"https:\/\/skaitytaknyga.lt\/produktas\/m-burgess-heroinas-2\/#primaryimage"},"image":{"@id":"https:\/\/skaitytaknyga.lt\/produktas\/m-burgess-heroinas-2\/#primaryimage"},"thumbnailUrl":"https:\/\/skaitytaknyga.lt\/wp-content\/uploads\/2024\/05\/1465563585_cdbheroinasz1.png","datePublished":"2024-05-04T15:02:56+00:00","dateModified":"2026-03-11T08:55:21+00:00","description":"\u201eHeroinas\u201c\u00a0\u2013 \u0161okiruojanti knyga apie priklausomyb\u0119, gyvenimo tamsi\u0105sias puses ir vilt\u012f. Tai itin atvira ir skausminga dviej\u0173 paaugli\u0173, D\u017eemos ir Taro, draugyst\u0117s ir meil\u0117s istorija. Jis pab\u0117ga i\u0161 nam\u0173 vejamas t\u0117vo smurto, ji \u2013 ie\u0161kodama nuotyki\u0173 ir protestuodama prie\u0161 grie\u017etus t\u0117vus. Deja, netrukus \u012f j\u0173 santykius \u012fsiterpia tre\u010dias \u2013 heroinas. D\u017eemos ir Taro gyvenimas niekada nebebus toks, kaip anks\u010diau. \u0160i knyga kiekvienam, bet pirmiausia t\u0117vams, nesuprantantiems savo vaik\u0173, ir vaikams, nesuprantantiems t\u0117v\u0173. Vos pasirod\u0119s\u00a0\u201eHeroinas\"\u00a0buvo padovanotas Carnegio medaliu kaip geriausia met\u0173 knyga ir netrukus tapo kultiniu k\u016briniu tarp pasaulio jaunimo, kokia ankstesn\u0117ms kartoms buvo J. Salingerio\u00a0\u201eRugiuose prie bedugn\u0117s\". Ir Lietuvoje ji yra viena m\u0117gstamiausi\u0173 jaunimo knyg\u0173, sulaukusi daugiau nei de\u0161imties pakartotini\u0173 leidim\u0173.","breadcrumb":{"@id":"https:\/\/skaitytaknyga.lt\/produktas\/m-burgess-heroinas-2\/#breadcrumb"},"inLanguage":"en-GB","potentialAction":[{"@type":"ReadAction","target":["https:\/\/skaitytaknyga.lt\/produktas\/m-burgess-heroinas-2\/"]}]},{"@type":"ImageObject","inLanguage":"en-GB","@id":"https:\/\/skaitytaknyga.lt\/produktas\/m-burgess-heroinas-2\/#primaryimage","url":"https:\/\/skaitytaknyga.lt\/wp-content\/uploads\/2024\/05\/1465563585_cdbheroinasz1.png","contentUrl":"https:\/\/skaitytaknyga.lt\/wp-content\/uploads\/2024\/05\/1465563585_cdbheroinasz1.png","width":272,"height":430},{"@type":"BreadcrumbList","@id":"https:\/\/skaitytaknyga.lt\/produktas\/m-burgess-heroinas-2\/#breadcrumb","itemListElement":[{"@type":"ListItem","position":1,"name":"Home","item":"https:\/\/skaitytaknyga.lt\/"},{"@type":"ListItem","position":2,"name":"Parduotuv\u0117","item":"https:\/\/skaitytaknyga.lt\/knygu-parduotuve\/"},{"@type":"ListItem","position":3,"name":"Heroinas"}]},{"@type":"WebSite","@id":"https:\/\/skaitytaknyga.lt\/#website","url":"https:\/\/skaitytaknyga.lt\/","name":"skaitytaknyga.lt","description":"Skaitytaknyga.lt \u2013 tai ma\u017eas \u0161eimos verslas, kuris prasid\u0117jo nuo meil\u0117s knygoms ir siekio i\u0161gelb\u0117ti knygas nuo likimo prie konteinerio. Kas vienam nereikalingas daiktas \u2013 kitam lobis, o mes esame tarpininkai, kurie padeda abiems tapti laimingesniems ???? \u017dinome kaip nelengva i\u0161gyventi ma\u017eiems verslams, tad nuo \u0161iol, \u010dia rasite ir kit\u0173, ma\u017e\u0173 \u0161eim\u0173 versl\u0173, rank\u0173 darbo, dovan\u0173 sau ir artimiesiems.","publisher":{"@id":"https:\/\/skaitytaknyga.lt\/#organization"},"potentialAction":[{"@type":"SearchAction","target":{"@type":"EntryPoint","urlTemplate":"https:\/\/skaitytaknyga.lt\/?s={search_term_string}"},"query-input":{"@type":"PropertyValueSpecification","valueRequired":true,"valueName":"search_term_string"}}],"inLanguage":"en-GB"},{"@type":"Organization","@id":"https:\/\/skaitytaknyga.lt\/#organization","name":"skaitytaknyga.lt","url":"https:\/\/skaitytaknyga.lt\/","logo":{"@type":"ImageObject","inLanguage":"en-GB","@id":"https:\/\/skaitytaknyga.lt\/#\/schema\/logo\/image\/","url":"https:\/\/skaitytaknyga.lt\/wp-content\/uploads\/2024\/05\/cropped-cropped-cropped-02_00843_jt3bggkj1j3HLc7SyY6rEUpg.jpeg","contentUrl":"https:\/\/skaitytaknyga.lt\/wp-content\/uploads\/2024\/05\/cropped-cropped-cropped-02_00843_jt3bggkj1j3HLc7SyY6rEUpg.jpeg","width":1600,"height":1600,"caption":"skaitytaknyga.lt"},"image":{"@id":"https:\/\/skaitytaknyga.lt\/#\/schema\/logo\/image\/"},"sameAs":["https:\/\/www.facebook.com\/skaitytaknyga\/"]}]}},"_links":{"self":[{"href":"https:\/\/skaitytaknyga.lt\/en\/wp-json\/wp\/v2\/product\/9447","targetHints":{"allow":["GET"]}}],"collection":[{"href":"https:\/\/skaitytaknyga.lt\/en\/wp-json\/wp\/v2\/product"}],"about":[{"href":"https:\/\/skaitytaknyga.lt\/en\/wp-json\/wp\/v2\/types\/product"}],"replies":[{"embeddable":true,"href":"https:\/\/skaitytaknyga.lt\/en\/wp-json\/wp\/v2\/comments?post=9447"}],"wp:featuredmedia":[{"embeddable":true,"href":"https:\/\/skaitytaknyga.lt\/en\/wp-json\/wp\/v2\/media\/6852"}],"wp:attachment":[{"href":"https:\/\/skaitytaknyga.lt\/en\/wp-json\/wp\/v2\/media?parent=9447"}],"wp:term":[{"taxonomy":"product_brand","embeddable":true,"href":"https:\/\/skaitytaknyga.lt\/en\/wp-json\/wp\/v2\/product_brand?post=9447"},{"taxonomy":"product_cat","embeddable":true,"href":"https:\/\/skaitytaknyga.lt\/en\/wp-json\/wp\/v2\/product_cat?post=9447"},{"taxonomy":"product_tag","embeddable":true,"href":"https:\/\/skaitytaknyga.lt\/en\/wp-json\/wp\/v2\/product_tag?post=9447"}],"curies":[{"name":"wp","href":"https:\/\/api.w.org\/{rel}","templated":true}]}}