{"id":9443,"date":"2024-05-04T15:02:56","date_gmt":"2024-05-04T15:02:56","guid":{"rendered":"https:\/\/skaitytaknyga.lt\/?post_type=product&#038;p=9443"},"modified":"2024-05-04T15:03:21","modified_gmt":"2024-05-04T15:03:21","slug":"antanas-poska-judejos-sleniais-ir-aukstumomis-2","status":"publish","type":"product","link":"https:\/\/skaitytaknyga.lt\/en\/produktas\/antanas-poska-judejos-sleniais-ir-aukstumomis-2\/","title":{"rendered":"Antanas Po\u0161ka \u201eJud\u0117jos sl\u0117niais ir auk\u0161tumomis\u201c"},"content":{"rendered":"<div class=\"book-descript-wrapper\">\n<section class=\"product-descript more-content-wrapper\">\n<div class=\"\">\n<p>Tai tre\u010dias tomas i\u0161 did\u017eiosios Antano Po\u0161kos kelion\u0117s per Europ\u0105, Afrik\u0105, Azij\u0105 \u012f Indij\u0105 trukusios 8 metus. Kelion\u0117s \u012fsp\u016bd\u017eiai spausdinami knyg\u0173 serijoje &#8220;Nuo Baltijos iki Bengalijos&#8221;. 1940 m. skaitytojai jau lauk\u0117 knygos, bet ji taip ir nei\u0161\u0117jo. Tre\u010dioji serijos &#8220;Nuo Baltijos iki Bengalijos&#8221; knyga i\u0161liko tik rankra\u0161tyje. 1939 m. &#8220;Sakalo&#8221; leidykloje surinktas rankra\u0161tis, nacionalizavus leidykl\u0105, buvo atiduotas makulat\u016brai. V\u0117liau, P.Cvirkai karo metu pavesta redaguoti knyga dingo per tuometin\u0119 sumai\u0161t\u012f. Tre\u010diojoje serijos knygoje &#8220;Jud\u0117jos sl\u0117niais ir auk\u0161tumomis&#8221; pasakojama apie kelion\u0119 po \u0160vent\u0105j\u0105 \u017eem\u0119, kur keliautojai susipa\u017e\u012fsta su \u012fvairi\u0173 tautu tauteli\u0173 istorija, gyvenimo b\u016bdu ir papro\u010diais. Bene reik\u0161mingiausia joje, kaip autorius suvokia \u017eyd\u0173 ir arab\u0173 santykius, am\u017ein\u0105 ir pavojing\u0105 j\u0173 konflikt\u0105. Didel\u0117 \u0161ios knygos pa\u017eintin\u0117 ir i\u0161liekamoji vert\u0117.<\/p>\n<\/div>\n<\/section>\n<\/div>\n","protected":false},"excerpt":{"rendered":"<div class=\"book-descript-wrapper\">\n<section class=\"product-descript more-content-wrapper\">\n<div class=\"\">\n<p>Tai tre\u010dias tomas i\u0161 did\u017eiosios Antano Po\u0161kos kelion\u0117s per Europ\u0105, Afrik\u0105, Azij\u0105 \u012f Indij\u0105 trukusios 8 metus. Kelion\u0117s \u012fsp\u016bd\u017eiai spausdinami knyg\u0173 serijoje &#8220;Nuo Baltijos iki Bengalijos&#8221;. 1940 m. skaitytojai jau lauk\u0117 knygos, bet ji taip ir nei\u0161\u0117jo. Tre\u010dioji serijos &#8220;Nuo Baltijos iki Bengalijos&#8221; knyga i\u0161liko tik rankra\u0161tyje. 1939 m. &#8220;Sakalo&#8221; leidykloje surinktas rankra\u0161tis, nacionalizavus leidykl\u0105, buvo atiduotas makulat\u016brai. V\u0117liau, P.Cvirkai karo metu pavesta redaguoti knyga dingo per tuometin\u0119 sumai\u0161t\u012f. Tre\u010diojoje serijos knygoje &#8220;Jud\u0117jos sl\u0117niais ir auk\u0161tumomis&#8221; pasakojama apie kelion\u0119 po \u0160vent\u0105j\u0105 \u017eem\u0119, kur keliautojai susipa\u017e\u012fsta su \u012fvairi\u0173 tautu tauteli\u0173 istorija, gyvenimo b\u016bdu ir papro\u010diais. Bene reik\u0161mingiausia joje, kaip autorius suvokia \u017eyd\u0173 ir arab\u0173 santykius, am\u017ein\u0105 ir pavojing\u0105 j\u0173 konflikt\u0105. Didel\u0117 \u0161ios knygos pa\u017eintin\u0117 ir i\u0161liekamoji vert\u0117.<\/p>\n<\/div>\n<\/section>\n<\/div>\n","protected":false},"featured_media":6848,"comment_status":"closed","ping_status":"closed","template":"","meta":{"_acf_changed":false,"site-sidebar-layout":"default","site-content-layout":"","ast-site-content-layout":"default","site-content-style":"default","site-sidebar-style":"default","ast-global-header-display":"","ast-banner-title-visibility":"","ast-main-header-display":"","ast-hfb-above-header-display":"","ast-hfb-below-header-display":"","ast-hfb-mobile-header-display":"","site-post-title":"","ast-breadcrumbs-content":"","ast-featured-img":"","footer-sml-layout":"","ast-disable-related-posts":"","theme-transparent-header-meta":"","adv-header-id-meta":"","stick-header-meta":"","header-above-stick-meta":"","header-main-stick-meta":"","header-below-stick-meta":"","astra-migrate-meta-layouts":"default","ast-page-background-enabled":"default","ast-page-background-meta":{"desktop":{"background-color":"","background-image":"","background-repeat":"repeat","background-position":"center center","background-size":"auto","background-attachment":"scroll","background-type":"","background-media":"","overlay-type":"","overlay-color":"","overlay-opacity":"","overlay-gradient":""},"tablet":{"background-color":"","background-image":"","background-repeat":"repeat","background-position":"center center","background-size":"auto","background-attachment":"scroll","background-type":"","background-media":"","overlay-type":"","overlay-color":"","overlay-opacity":"","overlay-gradient":""},"mobile":{"background-color":"","background-image":"","background-repeat":"repeat","background-position":"center center","background-size":"auto","background-attachment":"scroll","background-type":"","background-media":"","overlay-type":"","overlay-color":"","overlay-opacity":"","overlay-gradient":""}},"ast-content-background-meta":{"desktop":{"background-color":"var(--ast-global-color-4)","background-image":"","background-repeat":"repeat","background-position":"center center","background-size":"auto","background-attachment":"scroll","background-type":"","background-media":"","overlay-type":"","overlay-color":"","overlay-opacity":"","overlay-gradient":""},"tablet":{"background-color":"var(--ast-global-color-4)","background-image":"","background-repeat":"repeat","background-position":"center center","background-size":"auto","background-attachment":"scroll","background-type":"","background-media":"","overlay-type":"","overlay-color":"","overlay-opacity":"","overlay-gradient":""},"mobile":{"background-color":"var(--ast-global-color-4)","background-image":"","background-repeat":"repeat","background-position":"center center","background-size":"auto","background-attachment":"scroll","background-type":"","background-media":"","overlay-type":"","overlay-color":"","overlay-opacity":"","overlay-gradient":""}}},"product_brand":[],"product_cat":[174,448],"product_tag":[],"class_list":{"0":"post-9443","1":"product","2":"type-product","3":"status-publish","4":"has-post-thumbnail","6":"product_cat-istorija-ir-politologija","7":"product_cat-keliones","8":"desktop-align-left","9":"tablet-align-left","10":"mobile-align-left","12":"first","13":"outofstock","14":"shipping-taxable","15":"purchasable","16":"product-type-simple"},"acf":[],"yoast_head":"<!-- This site is optimized with the Yoast SEO plugin v27.4 - https:\/\/yoast.com\/product\/yoast-seo-wordpress\/ -->\n<title>Antanas Po\u0161ka \u201eJud\u0117jos sl\u0117niais ir auk\u0161tumomis\u201c - Skaitytaknyga<\/title>\n<meta name=\"description\" content=\"Tai tre\u010dias tomas i\u0161 did\u017eiosios Antano Po\u0161kos kelion\u0117s per Europ\u0105, Afrik\u0105, Azij\u0105 \u012f Indij\u0105 trukusios 8 metus. Kelion\u0117s \u012fsp\u016bd\u017eiai spausdinami knyg\u0173 serijoje &quot;Nuo Baltijos iki Bengalijos&quot;. 1940 m. skaitytojai jau lauk\u0117 knygos, bet ji taip ir nei\u0161\u0117jo. Tre\u010dioji serijos &quot;Nuo Baltijos iki Bengalijos&quot; knyga i\u0161liko tik rankra\u0161tyje. 1939 m. &quot;Sakalo&quot; leidykloje surinktas rankra\u0161tis, nacionalizavus leidykl\u0105, buvo atiduotas makulat\u016brai. V\u0117liau, P.Cvirkai karo metu pavesta redaguoti knyga dingo per tuometin\u0119 sumai\u0161t\u012f. Tre\u010diojoje serijos knygoje &quot;Jud\u0117jos sl\u0117niais ir auk\u0161tumomis&quot; pasakojama apie kelion\u0119 po \u0160vent\u0105j\u0105 \u017eem\u0119, kur keliautojai susipa\u017e\u012fsta su \u012fvairi\u0173 tautu tauteli\u0173 istorija, gyvenimo b\u016bdu ir papro\u010diais. Bene reik\u0161mingiausia joje, kaip autorius suvokia \u017eyd\u0173 ir arab\u0173 santykius, am\u017ein\u0105 ir pavojing\u0105 j\u0173 konflikt\u0105. Didel\u0117 \u0161ios knygos pa\u017eintin\u0117 ir i\u0161liekamoji vert\u0117.\" \/>\n<meta name=\"robots\" content=\"index, follow, max-snippet:-1, max-image-preview:large, max-video-preview:-1\" \/>\n<link rel=\"canonical\" href=\"https:\/\/skaitytaknyga.lt\/en\/produktas\/antanas-poska-judejos-sleniais-ir-aukstumomis-2\/\" \/>\n<meta property=\"og:locale\" content=\"en_GB\" \/>\n<meta property=\"og:locale:alternate\" content=\"lt_LT\" \/>\n<meta property=\"og:type\" content=\"article\" \/>\n<meta property=\"og:title\" content=\"Antanas Po\u0161ka \u201eJud\u0117jos sl\u0117niais ir auk\u0161tumomis\u201c - Skaitytaknyga\" \/>\n<meta property=\"og:description\" content=\"Tai tre\u010dias tomas i\u0161 did\u017eiosios Antano Po\u0161kos kelion\u0117s per Europ\u0105, Afrik\u0105, Azij\u0105 \u012f Indij\u0105 trukusios 8 metus. Kelion\u0117s \u012fsp\u016bd\u017eiai spausdinami knyg\u0173 serijoje &quot;Nuo Baltijos iki Bengalijos&quot;. 1940 m. skaitytojai jau lauk\u0117 knygos, bet ji taip ir nei\u0161\u0117jo. Tre\u010dioji serijos &quot;Nuo Baltijos iki Bengalijos&quot; knyga i\u0161liko tik rankra\u0161tyje. 1939 m. &quot;Sakalo&quot; leidykloje surinktas rankra\u0161tis, nacionalizavus leidykl\u0105, buvo atiduotas makulat\u016brai. V\u0117liau, P.Cvirkai karo metu pavesta redaguoti knyga dingo per tuometin\u0119 sumai\u0161t\u012f. Tre\u010diojoje serijos knygoje &quot;Jud\u0117jos sl\u0117niais ir auk\u0161tumomis&quot; pasakojama apie kelion\u0119 po \u0160vent\u0105j\u0105 \u017eem\u0119, kur keliautojai susipa\u017e\u012fsta su \u012fvairi\u0173 tautu tauteli\u0173 istorija, gyvenimo b\u016bdu ir papro\u010diais. Bene reik\u0161mingiausia joje, kaip autorius suvokia \u017eyd\u0173 ir arab\u0173 santykius, am\u017ein\u0105 ir pavojing\u0105 j\u0173 konflikt\u0105. Didel\u0117 \u0161ios knygos pa\u017eintin\u0117 ir i\u0161liekamoji vert\u0117.\" \/>\n<meta property=\"og:url\" content=\"https:\/\/skaitytaknyga.lt\/en\/produktas\/antanas-poska-judejos-sleniais-ir-aukstumomis-2\/\" \/>\n<meta property=\"og:site_name\" content=\"Skaitytaknyga\" \/>\n<meta property=\"article:publisher\" content=\"https:\/\/www.facebook.com\/skaitytaknyga\/\" \/>\n<meta property=\"article:modified_time\" content=\"2024-05-04T15:03:21+00:00\" \/>\n<meta property=\"og:image\" content=\"https:\/\/skaitytaknyga.lt\/wp-content\/uploads\/2024\/05\/42603359._UY800_SS800_.jpg\" \/>\n\t<meta property=\"og:image:width\" content=\"800\" \/>\n\t<meta property=\"og:image:height\" content=\"800\" \/>\n\t<meta property=\"og:image:type\" content=\"image\/jpeg\" \/>\n<meta name=\"twitter:card\" content=\"summary_large_image\" \/>\n<meta name=\"twitter:label1\" content=\"Estimated reading time\" \/>\n\t<meta name=\"twitter:data1\" content=\"1 minute\" \/>\n<script type=\"application\/ld+json\" class=\"yoast-schema-graph\">{\"@context\":\"https:\\\/\\\/schema.org\",\"@graph\":[{\"@type\":\"WebPage\",\"@id\":\"https:\\\/\\\/skaitytaknyga.lt\\\/produktas\\\/antanas-poska-judejos-sleniais-ir-aukstumomis-2\\\/\",\"url\":\"https:\\\/\\\/skaitytaknyga.lt\\\/produktas\\\/antanas-poska-judejos-sleniais-ir-aukstumomis-2\\\/\",\"name\":\"Antanas Po\u0161ka \u201eJud\u0117jos sl\u0117niais ir auk\u0161tumomis\u201c - Skaitytaknyga\",\"isPartOf\":{\"@id\":\"https:\\\/\\\/skaitytaknyga.lt\\\/#website\"},\"primaryImageOfPage\":{\"@id\":\"https:\\\/\\\/skaitytaknyga.lt\\\/produktas\\\/antanas-poska-judejos-sleniais-ir-aukstumomis-2\\\/#primaryimage\"},\"image\":{\"@id\":\"https:\\\/\\\/skaitytaknyga.lt\\\/produktas\\\/antanas-poska-judejos-sleniais-ir-aukstumomis-2\\\/#primaryimage\"},\"thumbnailUrl\":\"https:\\\/\\\/skaitytaknyga.lt\\\/wp-content\\\/uploads\\\/2024\\\/05\\\/42603359._UY800_SS800_.jpg\",\"datePublished\":\"2024-05-04T15:02:56+00:00\",\"dateModified\":\"2024-05-04T15:03:21+00:00\",\"description\":\"Tai tre\u010dias tomas i\u0161 did\u017eiosios Antano Po\u0161kos kelion\u0117s per Europ\u0105, Afrik\u0105, Azij\u0105 \u012f Indij\u0105 trukusios 8 metus. Kelion\u0117s \u012fsp\u016bd\u017eiai spausdinami knyg\u0173 serijoje \\\"Nuo Baltijos iki Bengalijos\\\". 1940 m. skaitytojai jau lauk\u0117 knygos, bet ji taip ir nei\u0161\u0117jo. Tre\u010dioji serijos \\\"Nuo Baltijos iki Bengalijos\\\" knyga i\u0161liko tik rankra\u0161tyje. 1939 m. \\\"Sakalo\\\" leidykloje surinktas rankra\u0161tis, nacionalizavus leidykl\u0105, buvo atiduotas makulat\u016brai. V\u0117liau, P.Cvirkai karo metu pavesta redaguoti knyga dingo per tuometin\u0119 sumai\u0161t\u012f. Tre\u010diojoje serijos knygoje \\\"Jud\u0117jos sl\u0117niais ir auk\u0161tumomis\\\" pasakojama apie kelion\u0119 po \u0160vent\u0105j\u0105 \u017eem\u0119, kur keliautojai susipa\u017e\u012fsta su \u012fvairi\u0173 tautu tauteli\u0173 istorija, gyvenimo b\u016bdu ir papro\u010diais. Bene reik\u0161mingiausia joje, kaip autorius suvokia \u017eyd\u0173 ir arab\u0173 santykius, am\u017ein\u0105 ir pavojing\u0105 j\u0173 konflikt\u0105. Didel\u0117 \u0161ios knygos pa\u017eintin\u0117 ir i\u0161liekamoji vert\u0117.\",\"breadcrumb\":{\"@id\":\"https:\\\/\\\/skaitytaknyga.lt\\\/produktas\\\/antanas-poska-judejos-sleniais-ir-aukstumomis-2\\\/#breadcrumb\"},\"inLanguage\":\"en-GB\",\"potentialAction\":[{\"@type\":\"ReadAction\",\"target\":[\"https:\\\/\\\/skaitytaknyga.lt\\\/produktas\\\/antanas-poska-judejos-sleniais-ir-aukstumomis-2\\\/\"]}]},{\"@type\":\"ImageObject\",\"inLanguage\":\"en-GB\",\"@id\":\"https:\\\/\\\/skaitytaknyga.lt\\\/produktas\\\/antanas-poska-judejos-sleniais-ir-aukstumomis-2\\\/#primaryimage\",\"url\":\"https:\\\/\\\/skaitytaknyga.lt\\\/wp-content\\\/uploads\\\/2024\\\/05\\\/42603359._UY800_SS800_.jpg\",\"contentUrl\":\"https:\\\/\\\/skaitytaknyga.lt\\\/wp-content\\\/uploads\\\/2024\\\/05\\\/42603359._UY800_SS800_.jpg\",\"width\":800,\"height\":800},{\"@type\":\"BreadcrumbList\",\"@id\":\"https:\\\/\\\/skaitytaknyga.lt\\\/produktas\\\/antanas-poska-judejos-sleniais-ir-aukstumomis-2\\\/#breadcrumb\",\"itemListElement\":[{\"@type\":\"ListItem\",\"position\":1,\"name\":\"Home\",\"item\":\"https:\\\/\\\/skaitytaknyga.lt\\\/\"},{\"@type\":\"ListItem\",\"position\":2,\"name\":\"Parduotuv\u0117\",\"item\":\"https:\\\/\\\/skaitytaknyga.lt\\\/knygu-parduotuve\\\/\"},{\"@type\":\"ListItem\",\"position\":3,\"name\":\"Antanas Po\u0161ka \u201eJud\u0117jos sl\u0117niais ir auk\u0161tumomis\u201c\"}]},{\"@type\":\"WebSite\",\"@id\":\"https:\\\/\\\/skaitytaknyga.lt\\\/#website\",\"url\":\"https:\\\/\\\/skaitytaknyga.lt\\\/\",\"name\":\"skaitytaknyga.lt\",\"description\":\"Skaitytaknyga.lt \u2013 tai ma\u017eas \u0161eimos verslas, kuris prasid\u0117jo nuo meil\u0117s knygoms ir siekio i\u0161gelb\u0117ti knygas nuo likimo prie konteinerio. Kas vienam nereikalingas daiktas \u2013 kitam lobis, o mes esame tarpininkai, kurie padeda abiems tapti laimingesniems ???? \u017dinome kaip nelengva i\u0161gyventi ma\u017eiems verslams, tad nuo \u0161iol, \u010dia rasite ir kit\u0173, ma\u017e\u0173 \u0161eim\u0173 versl\u0173, rank\u0173 darbo, dovan\u0173 sau ir artimiesiems.\",\"publisher\":{\"@id\":\"https:\\\/\\\/skaitytaknyga.lt\\\/#organization\"},\"potentialAction\":[{\"@type\":\"SearchAction\",\"target\":{\"@type\":\"EntryPoint\",\"urlTemplate\":\"https:\\\/\\\/skaitytaknyga.lt\\\/?s={search_term_string}\"},\"query-input\":{\"@type\":\"PropertyValueSpecification\",\"valueRequired\":true,\"valueName\":\"search_term_string\"}}],\"inLanguage\":\"en-GB\"},{\"@type\":\"Organization\",\"@id\":\"https:\\\/\\\/skaitytaknyga.lt\\\/#organization\",\"name\":\"skaitytaknyga.lt\",\"url\":\"https:\\\/\\\/skaitytaknyga.lt\\\/\",\"logo\":{\"@type\":\"ImageObject\",\"inLanguage\":\"en-GB\",\"@id\":\"https:\\\/\\\/skaitytaknyga.lt\\\/#\\\/schema\\\/logo\\\/image\\\/\",\"url\":\"https:\\\/\\\/skaitytaknyga.lt\\\/wp-content\\\/uploads\\\/2024\\\/05\\\/cropped-cropped-cropped-02_00843_jt3bggkj1j3HLc7SyY6rEUpg.jpeg\",\"contentUrl\":\"https:\\\/\\\/skaitytaknyga.lt\\\/wp-content\\\/uploads\\\/2024\\\/05\\\/cropped-cropped-cropped-02_00843_jt3bggkj1j3HLc7SyY6rEUpg.jpeg\",\"width\":1600,\"height\":1600,\"caption\":\"skaitytaknyga.lt\"},\"image\":{\"@id\":\"https:\\\/\\\/skaitytaknyga.lt\\\/#\\\/schema\\\/logo\\\/image\\\/\"},\"sameAs\":[\"https:\\\/\\\/www.facebook.com\\\/skaitytaknyga\\\/\"]}]}<\/script>\n<!-- \/ Yoast SEO plugin. -->","yoast_head_json":{"title":"Antanas Po\u0161ka \u201eJud\u0117jos sl\u0117niais ir auk\u0161tumomis\u201c - Skaitytaknyga","description":"Tai tre\u010dias tomas i\u0161 did\u017eiosios Antano Po\u0161kos kelion\u0117s per Europ\u0105, Afrik\u0105, Azij\u0105 \u012f Indij\u0105 trukusios 8 metus. Kelion\u0117s \u012fsp\u016bd\u017eiai spausdinami knyg\u0173 serijoje \"Nuo Baltijos iki Bengalijos\". 1940 m. skaitytojai jau lauk\u0117 knygos, bet ji taip ir nei\u0161\u0117jo. Tre\u010dioji serijos \"Nuo Baltijos iki Bengalijos\" knyga i\u0161liko tik rankra\u0161tyje. 1939 m. \"Sakalo\" leidykloje surinktas rankra\u0161tis, nacionalizavus leidykl\u0105, buvo atiduotas makulat\u016brai. V\u0117liau, P.Cvirkai karo metu pavesta redaguoti knyga dingo per tuometin\u0119 sumai\u0161t\u012f. Tre\u010diojoje serijos knygoje \"Jud\u0117jos sl\u0117niais ir auk\u0161tumomis\" pasakojama apie kelion\u0119 po \u0160vent\u0105j\u0105 \u017eem\u0119, kur keliautojai susipa\u017e\u012fsta su \u012fvairi\u0173 tautu tauteli\u0173 istorija, gyvenimo b\u016bdu ir papro\u010diais. Bene reik\u0161mingiausia joje, kaip autorius suvokia \u017eyd\u0173 ir arab\u0173 santykius, am\u017ein\u0105 ir pavojing\u0105 j\u0173 konflikt\u0105. Didel\u0117 \u0161ios knygos pa\u017eintin\u0117 ir i\u0161liekamoji vert\u0117.","robots":{"index":"index","follow":"follow","max-snippet":"max-snippet:-1","max-image-preview":"max-image-preview:large","max-video-preview":"max-video-preview:-1"},"canonical":"https:\/\/skaitytaknyga.lt\/en\/produktas\/antanas-poska-judejos-sleniais-ir-aukstumomis-2\/","og_locale":"en_GB","og_type":"article","og_title":"Antanas Po\u0161ka \u201eJud\u0117jos sl\u0117niais ir auk\u0161tumomis\u201c - Skaitytaknyga","og_description":"Tai tre\u010dias tomas i\u0161 did\u017eiosios Antano Po\u0161kos kelion\u0117s per Europ\u0105, Afrik\u0105, Azij\u0105 \u012f Indij\u0105 trukusios 8 metus. Kelion\u0117s \u012fsp\u016bd\u017eiai spausdinami knyg\u0173 serijoje \"Nuo Baltijos iki Bengalijos\". 1940 m. skaitytojai jau lauk\u0117 knygos, bet ji taip ir nei\u0161\u0117jo. Tre\u010dioji serijos \"Nuo Baltijos iki Bengalijos\" knyga i\u0161liko tik rankra\u0161tyje. 1939 m. \"Sakalo\" leidykloje surinktas rankra\u0161tis, nacionalizavus leidykl\u0105, buvo atiduotas makulat\u016brai. V\u0117liau, P.Cvirkai karo metu pavesta redaguoti knyga dingo per tuometin\u0119 sumai\u0161t\u012f. Tre\u010diojoje serijos knygoje \"Jud\u0117jos sl\u0117niais ir auk\u0161tumomis\" pasakojama apie kelion\u0119 po \u0160vent\u0105j\u0105 \u017eem\u0119, kur keliautojai susipa\u017e\u012fsta su \u012fvairi\u0173 tautu tauteli\u0173 istorija, gyvenimo b\u016bdu ir papro\u010diais. Bene reik\u0161mingiausia joje, kaip autorius suvokia \u017eyd\u0173 ir arab\u0173 santykius, am\u017ein\u0105 ir pavojing\u0105 j\u0173 konflikt\u0105. Didel\u0117 \u0161ios knygos pa\u017eintin\u0117 ir i\u0161liekamoji vert\u0117.","og_url":"https:\/\/skaitytaknyga.lt\/en\/produktas\/antanas-poska-judejos-sleniais-ir-aukstumomis-2\/","og_site_name":"Skaitytaknyga","article_publisher":"https:\/\/www.facebook.com\/skaitytaknyga\/","article_modified_time":"2024-05-04T15:03:21+00:00","og_image":[{"width":800,"height":800,"url":"https:\/\/skaitytaknyga.lt\/wp-content\/uploads\/2024\/05\/42603359._UY800_SS800_.jpg","type":"image\/jpeg"}],"twitter_card":"summary_large_image","twitter_misc":{"Estimated reading time":"1 minute"},"schema":{"@context":"https:\/\/schema.org","@graph":[{"@type":"WebPage","@id":"https:\/\/skaitytaknyga.lt\/produktas\/antanas-poska-judejos-sleniais-ir-aukstumomis-2\/","url":"https:\/\/skaitytaknyga.lt\/produktas\/antanas-poska-judejos-sleniais-ir-aukstumomis-2\/","name":"Antanas Po\u0161ka \u201eJud\u0117jos sl\u0117niais ir auk\u0161tumomis\u201c - Skaitytaknyga","isPartOf":{"@id":"https:\/\/skaitytaknyga.lt\/#website"},"primaryImageOfPage":{"@id":"https:\/\/skaitytaknyga.lt\/produktas\/antanas-poska-judejos-sleniais-ir-aukstumomis-2\/#primaryimage"},"image":{"@id":"https:\/\/skaitytaknyga.lt\/produktas\/antanas-poska-judejos-sleniais-ir-aukstumomis-2\/#primaryimage"},"thumbnailUrl":"https:\/\/skaitytaknyga.lt\/wp-content\/uploads\/2024\/05\/42603359._UY800_SS800_.jpg","datePublished":"2024-05-04T15:02:56+00:00","dateModified":"2024-05-04T15:03:21+00:00","description":"Tai tre\u010dias tomas i\u0161 did\u017eiosios Antano Po\u0161kos kelion\u0117s per Europ\u0105, Afrik\u0105, Azij\u0105 \u012f Indij\u0105 trukusios 8 metus. Kelion\u0117s \u012fsp\u016bd\u017eiai spausdinami knyg\u0173 serijoje \"Nuo Baltijos iki Bengalijos\". 1940 m. skaitytojai jau lauk\u0117 knygos, bet ji taip ir nei\u0161\u0117jo. Tre\u010dioji serijos \"Nuo Baltijos iki Bengalijos\" knyga i\u0161liko tik rankra\u0161tyje. 1939 m. \"Sakalo\" leidykloje surinktas rankra\u0161tis, nacionalizavus leidykl\u0105, buvo atiduotas makulat\u016brai. V\u0117liau, P.Cvirkai karo metu pavesta redaguoti knyga dingo per tuometin\u0119 sumai\u0161t\u012f. Tre\u010diojoje serijos knygoje \"Jud\u0117jos sl\u0117niais ir auk\u0161tumomis\" pasakojama apie kelion\u0119 po \u0160vent\u0105j\u0105 \u017eem\u0119, kur keliautojai susipa\u017e\u012fsta su \u012fvairi\u0173 tautu tauteli\u0173 istorija, gyvenimo b\u016bdu ir papro\u010diais. Bene reik\u0161mingiausia joje, kaip autorius suvokia \u017eyd\u0173 ir arab\u0173 santykius, am\u017ein\u0105 ir pavojing\u0105 j\u0173 konflikt\u0105. Didel\u0117 \u0161ios knygos pa\u017eintin\u0117 ir i\u0161liekamoji vert\u0117.","breadcrumb":{"@id":"https:\/\/skaitytaknyga.lt\/produktas\/antanas-poska-judejos-sleniais-ir-aukstumomis-2\/#breadcrumb"},"inLanguage":"en-GB","potentialAction":[{"@type":"ReadAction","target":["https:\/\/skaitytaknyga.lt\/produktas\/antanas-poska-judejos-sleniais-ir-aukstumomis-2\/"]}]},{"@type":"ImageObject","inLanguage":"en-GB","@id":"https:\/\/skaitytaknyga.lt\/produktas\/antanas-poska-judejos-sleniais-ir-aukstumomis-2\/#primaryimage","url":"https:\/\/skaitytaknyga.lt\/wp-content\/uploads\/2024\/05\/42603359._UY800_SS800_.jpg","contentUrl":"https:\/\/skaitytaknyga.lt\/wp-content\/uploads\/2024\/05\/42603359._UY800_SS800_.jpg","width":800,"height":800},{"@type":"BreadcrumbList","@id":"https:\/\/skaitytaknyga.lt\/produktas\/antanas-poska-judejos-sleniais-ir-aukstumomis-2\/#breadcrumb","itemListElement":[{"@type":"ListItem","position":1,"name":"Home","item":"https:\/\/skaitytaknyga.lt\/"},{"@type":"ListItem","position":2,"name":"Parduotuv\u0117","item":"https:\/\/skaitytaknyga.lt\/knygu-parduotuve\/"},{"@type":"ListItem","position":3,"name":"Antanas Po\u0161ka \u201eJud\u0117jos sl\u0117niais ir auk\u0161tumomis\u201c"}]},{"@type":"WebSite","@id":"https:\/\/skaitytaknyga.lt\/#website","url":"https:\/\/skaitytaknyga.lt\/","name":"skaitytaknyga.lt","description":"Skaitytaknyga.lt \u2013 tai ma\u017eas \u0161eimos verslas, kuris prasid\u0117jo nuo meil\u0117s knygoms ir siekio i\u0161gelb\u0117ti knygas nuo likimo prie konteinerio. Kas vienam nereikalingas daiktas \u2013 kitam lobis, o mes esame tarpininkai, kurie padeda abiems tapti laimingesniems ???? \u017dinome kaip nelengva i\u0161gyventi ma\u017eiems verslams, tad nuo \u0161iol, \u010dia rasite ir kit\u0173, ma\u017e\u0173 \u0161eim\u0173 versl\u0173, rank\u0173 darbo, dovan\u0173 sau ir artimiesiems.","publisher":{"@id":"https:\/\/skaitytaknyga.lt\/#organization"},"potentialAction":[{"@type":"SearchAction","target":{"@type":"EntryPoint","urlTemplate":"https:\/\/skaitytaknyga.lt\/?s={search_term_string}"},"query-input":{"@type":"PropertyValueSpecification","valueRequired":true,"valueName":"search_term_string"}}],"inLanguage":"en-GB"},{"@type":"Organization","@id":"https:\/\/skaitytaknyga.lt\/#organization","name":"skaitytaknyga.lt","url":"https:\/\/skaitytaknyga.lt\/","logo":{"@type":"ImageObject","inLanguage":"en-GB","@id":"https:\/\/skaitytaknyga.lt\/#\/schema\/logo\/image\/","url":"https:\/\/skaitytaknyga.lt\/wp-content\/uploads\/2024\/05\/cropped-cropped-cropped-02_00843_jt3bggkj1j3HLc7SyY6rEUpg.jpeg","contentUrl":"https:\/\/skaitytaknyga.lt\/wp-content\/uploads\/2024\/05\/cropped-cropped-cropped-02_00843_jt3bggkj1j3HLc7SyY6rEUpg.jpeg","width":1600,"height":1600,"caption":"skaitytaknyga.lt"},"image":{"@id":"https:\/\/skaitytaknyga.lt\/#\/schema\/logo\/image\/"},"sameAs":["https:\/\/www.facebook.com\/skaitytaknyga\/"]}]}},"_links":{"self":[{"href":"https:\/\/skaitytaknyga.lt\/en\/wp-json\/wp\/v2\/product\/9443","targetHints":{"allow":["GET"]}}],"collection":[{"href":"https:\/\/skaitytaknyga.lt\/en\/wp-json\/wp\/v2\/product"}],"about":[{"href":"https:\/\/skaitytaknyga.lt\/en\/wp-json\/wp\/v2\/types\/product"}],"replies":[{"embeddable":true,"href":"https:\/\/skaitytaknyga.lt\/en\/wp-json\/wp\/v2\/comments?post=9443"}],"wp:featuredmedia":[{"embeddable":true,"href":"https:\/\/skaitytaknyga.lt\/en\/wp-json\/wp\/v2\/media\/6848"}],"wp:attachment":[{"href":"https:\/\/skaitytaknyga.lt\/en\/wp-json\/wp\/v2\/media?parent=9443"}],"wp:term":[{"taxonomy":"product_brand","embeddable":true,"href":"https:\/\/skaitytaknyga.lt\/en\/wp-json\/wp\/v2\/product_brand?post=9443"},{"taxonomy":"product_cat","embeddable":true,"href":"https:\/\/skaitytaknyga.lt\/en\/wp-json\/wp\/v2\/product_cat?post=9443"},{"taxonomy":"product_tag","embeddable":true,"href":"https:\/\/skaitytaknyga.lt\/en\/wp-json\/wp\/v2\/product_tag?post=9443"}],"curies":[{"name":"wp","href":"https:\/\/api.w.org\/{rel}","templated":true}]}}