{"id":9441,"date":"2024-05-04T15:02:56","date_gmt":"2024-05-04T15:02:56","guid":{"rendered":"https:\/\/skaitytaknyga.lt\/?post_type=product&#038;p=9441"},"modified":"2024-05-04T15:03:19","modified_gmt":"2024-05-04T15:03:19","slug":"petronijus-satyrikonas-2","status":"publish","type":"product","link":"https:\/\/skaitytaknyga.lt\/en\/produktas\/petronijus-satyrikonas-2\/","title":{"rendered":"Petronijus \u201eSatyrikonas\u201c"},"content":{"rendered":"<p>\u201eSatyrikonas\u201c \u2013 labai savitas veikalas, vienas \u012fdomiausi\u0173 rom\u0117n\u0173 literat\u016bros k\u016brini\u0173 (I a.). Nei\u0161dildom\u0105 \u012fsp\u016bd\u012f palieka taiklus humoras, i\u0161skirtin\u0117s situacijos, netradiciniai heroj\u0173 paveikslai. Petronijus, regis, \u0161aiposi i\u0161 visko be i\u0161imties, kritikuodamas savo laik\u0173 visuomen\u0119 pama\u017eu irstant verg\u00advaldinei santvarkai: auk\u0161tuomen\u0117 spar\u010diai nyko, sen\u0173j\u0173 aristokrat\u0173 viet\u0105 u\u017eimdavo nauji, neseniai praturt\u0117j\u0119 \u017emon\u0117s i\u0161 liaudies arba atleistiniai vergai. Rom\u0117nai i\u0161sigim\u0117, smuko j\u0173 moral\u0117, kult\u016brinis gyvenimas merdi, k\u016brybin\u0117s j\u0117gos i\u0161sekusios&#8230;<\/p>\n<p>\u0160is k\u016brinys da\u017enai vadinamas romanu, savoti\u0161ka graik\u0173 romano parodija, nors labai ry\u0161k\u016bs nuotyki\u0173 elementai, prozos ir poezijos deriniai. Did\u017eioji veikalo dalis \u2013 i\u0161lik\u0119 fragmentai, kurie skaitant susilieja \u012f vientis\u0105 menin\u012f audin\u012f su ry\u0161kiai apibr\u0117\u017etais veik\u0117j\u0173 charakteriais ir j\u0173 nepaprastais nuotykiais, su nelabai dorais poelgiais ir puikaus pasakotojo plunksna nupie\u0161ta aplinka, ne\u0161yk\u0161tint ir nat\u016bralistini\u0173 detali\u0173.<\/p>\n","protected":false},"excerpt":{"rendered":"<p>\u201eSatyrikonas\u201c \u2013 labai savitas veikalas, vienas \u012fdomiausi\u0173 rom\u0117n\u0173 literat\u016bros k\u016brini\u0173 (I a.). Nei\u0161dildom\u0105 \u012fsp\u016bd\u012f palieka taiklus humoras, i\u0161skirtin\u0117s situacijos, netradiciniai heroj\u0173 paveikslai. Petronijus, regis, \u0161aiposi i\u0161 visko be i\u0161imties, kritikuodamas savo laik\u0173 visuomen\u0119 pama\u017eu irstant verg\u00advaldinei santvarkai: auk\u0161tuomen\u0117 spar\u010diai nyko, sen\u0173j\u0173 aristokrat\u0173 viet\u0105 u\u017eimdavo nauji, neseniai praturt\u0117j\u0119 \u017emon\u0117s i\u0161 liaudies arba atleistiniai vergai. Rom\u0117nai i\u0161sigim\u0117, smuko j\u0173 moral\u0117, kult\u016brinis gyvenimas merdi, k\u016brybin\u0117s j\u0117gos i\u0161sekusios&#8230;<\/p>\n<p>\u0160is k\u016brinys da\u017enai vadinamas romanu, savoti\u0161ka graik\u0173 romano parodija, nors labai ry\u0161k\u016bs nuotyki\u0173 elementai, prozos ir poezijos deriniai. Did\u017eioji veikalo dalis \u2013 i\u0161lik\u0119 fragmentai, kurie skaitant susilieja \u012f vientis\u0105 menin\u012f audin\u012f su ry\u0161kiai apibr\u0117\u017etais veik\u0117j\u0173 charakteriais ir j\u0173 nepaprastais nuotykiais, su nelabai dorais poelgiais ir puikaus pasakotojo plunksna nupie\u0161ta aplinka, ne\u0161yk\u0161tint ir nat\u016bralistini\u0173 detali\u0173.<\/p>\n","protected":false},"featured_media":6846,"comment_status":"closed","ping_status":"closed","template":"","meta":{"_acf_changed":false,"site-sidebar-layout":"default","site-content-layout":"","ast-site-content-layout":"default","site-content-style":"default","site-sidebar-style":"default","ast-global-header-display":"","ast-banner-title-visibility":"","ast-main-header-display":"","ast-hfb-above-header-display":"","ast-hfb-below-header-display":"","ast-hfb-mobile-header-display":"","site-post-title":"","ast-breadcrumbs-content":"","ast-featured-img":"","footer-sml-layout":"","ast-disable-related-posts":"","theme-transparent-header-meta":"","adv-header-id-meta":"","stick-header-meta":"","header-above-stick-meta":"","header-main-stick-meta":"","header-below-stick-meta":"","astra-migrate-meta-layouts":"default","ast-page-background-enabled":"default","ast-page-background-meta":{"desktop":{"background-color":"","background-image":"","background-repeat":"repeat","background-position":"center center","background-size":"auto","background-attachment":"scroll","background-type":"","background-media":"","overlay-type":"","overlay-color":"","overlay-opacity":"","overlay-gradient":""},"tablet":{"background-color":"","background-image":"","background-repeat":"repeat","background-position":"center center","background-size":"auto","background-attachment":"scroll","background-type":"","background-media":"","overlay-type":"","overlay-color":"","overlay-opacity":"","overlay-gradient":""},"mobile":{"background-color":"","background-image":"","background-repeat":"repeat","background-position":"center center","background-size":"auto","background-attachment":"scroll","background-type":"","background-media":"","overlay-type":"","overlay-color":"","overlay-opacity":"","overlay-gradient":""}},"ast-content-background-meta":{"desktop":{"background-color":"var(--ast-global-color-4)","background-image":"","background-repeat":"repeat","background-position":"center center","background-size":"auto","background-attachment":"scroll","background-type":"","background-media":"","overlay-type":"","overlay-color":"","overlay-opacity":"","overlay-gradient":""},"tablet":{"background-color":"var(--ast-global-color-4)","background-image":"","background-repeat":"repeat","background-position":"center center","background-size":"auto","background-attachment":"scroll","background-type":"","background-media":"","overlay-type":"","overlay-color":"","overlay-opacity":"","overlay-gradient":""},"mobile":{"background-color":"var(--ast-global-color-4)","background-image":"","background-repeat":"repeat","background-position":"center center","background-size":"auto","background-attachment":"scroll","background-type":"","background-media":"","overlay-type":"","overlay-color":"","overlay-opacity":"","overlay-gradient":""}}},"product_brand":[],"product_cat":[31],"product_tag":[],"class_list":{"0":"post-9441","1":"product","2":"type-product","3":"status-publish","4":"has-post-thumbnail","6":"product_cat-grozine-literatura","7":"desktop-align-left","8":"tablet-align-left","9":"mobile-align-left","11":"first","12":"instock","13":"shipping-taxable","14":"purchasable","15":"product-type-simple"},"acf":[],"yoast_head":"<!-- This site is optimized with the Yoast SEO plugin v27.4 - https:\/\/yoast.com\/product\/yoast-seo-wordpress\/ -->\n<title>Petronijus \u201eSatyrikonas\u201c - Skaitytaknyga<\/title>\n<meta name=\"description\" content=\"\u201eSatyrikonas\u201c \u2013 labai savitas veikalas, vienas \u012fdomiausi\u0173 rom\u0117n\u0173 literat\u016bros k\u016brini\u0173 (I a.). Nei\u0161dildom\u0105 \u012fsp\u016bd\u012f palieka taiklus humoras, i\u0161skirtin\u0117s situacijos, netradiciniai heroj\u0173 paveikslai. Petronijus, regis, \u0161aiposi i\u0161 visko be i\u0161imties, kritikuodamas savo laik\u0173 visuomen\u0119 pama\u017eu irstant verg\u00advaldinei santvarkai: auk\u0161tuomen\u0117 spar\u010diai nyko, sen\u0173j\u0173 aristokrat\u0173 viet\u0105 u\u017eimdavo nauji, neseniai praturt\u0117j\u0119 \u017emon\u0117s i\u0161 liaudies arba atleistiniai vergai. Rom\u0117nai i\u0161sigim\u0117, smuko j\u0173 moral\u0117, kult\u016brinis gyvenimas merdi, k\u016brybin\u0117s j\u0117gos i\u0161sekusios...  \u0160is k\u016brinys da\u017enai vadinamas romanu, savoti\u0161ka graik\u0173 romano parodija, nors labai ry\u0161k\u016bs nuotyki\u0173 elementai, prozos ir poezijos deriniai. Did\u017eioji veikalo dalis \u2013 i\u0161lik\u0119 fragmentai, kurie skaitant susilieja \u012f vientis\u0105 menin\u012f audin\u012f su ry\u0161kiai apibr\u0117\u017etais veik\u0117j\u0173 charakteriais ir j\u0173 nepaprastais nuotykiais, su nelabai dorais poelgiais ir puikaus pasakotojo plunksna nupie\u0161ta aplinka, ne\u0161yk\u0161tint ir nat\u016bralistini\u0173 detali\u0173.\" \/>\n<meta name=\"robots\" content=\"index, follow, max-snippet:-1, max-image-preview:large, max-video-preview:-1\" \/>\n<link rel=\"canonical\" href=\"https:\/\/skaitytaknyga.lt\/en\/produktas\/petronijus-satyrikonas-2\/\" \/>\n<meta property=\"og:locale\" content=\"en_GB\" \/>\n<meta property=\"og:locale:alternate\" content=\"lt_LT\" \/>\n<meta property=\"og:type\" content=\"article\" \/>\n<meta property=\"og:title\" content=\"Petronijus \u201eSatyrikonas\u201c - Skaitytaknyga\" \/>\n<meta property=\"og:description\" content=\"\u201eSatyrikonas\u201c \u2013 labai savitas veikalas, vienas \u012fdomiausi\u0173 rom\u0117n\u0173 literat\u016bros k\u016brini\u0173 (I a.). Nei\u0161dildom\u0105 \u012fsp\u016bd\u012f palieka taiklus humoras, i\u0161skirtin\u0117s situacijos, netradiciniai heroj\u0173 paveikslai. Petronijus, regis, \u0161aiposi i\u0161 visko be i\u0161imties, kritikuodamas savo laik\u0173 visuomen\u0119 pama\u017eu irstant verg\u00advaldinei santvarkai: auk\u0161tuomen\u0117 spar\u010diai nyko, sen\u0173j\u0173 aristokrat\u0173 viet\u0105 u\u017eimdavo nauji, neseniai praturt\u0117j\u0119 \u017emon\u0117s i\u0161 liaudies arba atleistiniai vergai. Rom\u0117nai i\u0161sigim\u0117, smuko j\u0173 moral\u0117, kult\u016brinis gyvenimas merdi, k\u016brybin\u0117s j\u0117gos i\u0161sekusios...  \u0160is k\u016brinys da\u017enai vadinamas romanu, savoti\u0161ka graik\u0173 romano parodija, nors labai ry\u0161k\u016bs nuotyki\u0173 elementai, prozos ir poezijos deriniai. Did\u017eioji veikalo dalis \u2013 i\u0161lik\u0119 fragmentai, kurie skaitant susilieja \u012f vientis\u0105 menin\u012f audin\u012f su ry\u0161kiai apibr\u0117\u017etais veik\u0117j\u0173 charakteriais ir j\u0173 nepaprastais nuotykiais, su nelabai dorais poelgiais ir puikaus pasakotojo plunksna nupie\u0161ta aplinka, ne\u0161yk\u0161tint ir nat\u016bralistini\u0173 detali\u0173.\" \/>\n<meta property=\"og:url\" content=\"https:\/\/skaitytaknyga.lt\/en\/produktas\/petronijus-satyrikonas-2\/\" \/>\n<meta property=\"og:site_name\" content=\"Skaitytaknyga\" \/>\n<meta property=\"article:publisher\" content=\"https:\/\/www.facebook.com\/skaitytaknyga\/\" \/>\n<meta property=\"article:modified_time\" content=\"2024-05-04T15:03:19+00:00\" \/>\n<meta property=\"og:image\" content=\"https:\/\/skaitytaknyga.lt\/wp-content\/uploads\/2024\/05\/1462878480_stayr.jpg\" \/>\n\t<meta property=\"og:image:width\" content=\"249\" \/>\n\t<meta property=\"og:image:height\" content=\"430\" \/>\n\t<meta property=\"og:image:type\" content=\"image\/jpeg\" \/>\n<meta name=\"twitter:card\" content=\"summary_large_image\" \/>\n<meta name=\"twitter:label1\" content=\"Estimated reading time\" \/>\n\t<meta name=\"twitter:data1\" content=\"1 minute\" \/>\n<script type=\"application\/ld+json\" class=\"yoast-schema-graph\">{\"@context\":\"https:\\\/\\\/schema.org\",\"@graph\":[{\"@type\":\"WebPage\",\"@id\":\"https:\\\/\\\/skaitytaknyga.lt\\\/en\\\/produktas\\\/petronijus-satyrikonas-2\\\/\",\"url\":\"https:\\\/\\\/skaitytaknyga.lt\\\/en\\\/produktas\\\/petronijus-satyrikonas-2\\\/\",\"name\":\"Petronijus \u201eSatyrikonas\u201c - Skaitytaknyga\",\"isPartOf\":{\"@id\":\"https:\\\/\\\/skaitytaknyga.lt\\\/#website\"},\"primaryImageOfPage\":{\"@id\":\"https:\\\/\\\/skaitytaknyga.lt\\\/en\\\/produktas\\\/petronijus-satyrikonas-2\\\/#primaryimage\"},\"image\":{\"@id\":\"https:\\\/\\\/skaitytaknyga.lt\\\/en\\\/produktas\\\/petronijus-satyrikonas-2\\\/#primaryimage\"},\"thumbnailUrl\":\"https:\\\/\\\/skaitytaknyga.lt\\\/wp-content\\\/uploads\\\/2024\\\/05\\\/1462878480_stayr.jpg\",\"datePublished\":\"2024-05-04T15:02:56+00:00\",\"dateModified\":\"2024-05-04T15:03:19+00:00\",\"description\":\"\u201eSatyrikonas\u201c \u2013 labai savitas veikalas, vienas \u012fdomiausi\u0173 rom\u0117n\u0173 literat\u016bros k\u016brini\u0173 (I a.). Nei\u0161dildom\u0105 \u012fsp\u016bd\u012f palieka taiklus humoras, i\u0161skirtin\u0117s situacijos, netradiciniai heroj\u0173 paveikslai. Petronijus, regis, \u0161aiposi i\u0161 visko be i\u0161imties, kritikuodamas savo laik\u0173 visuomen\u0119 pama\u017eu irstant verg\u00advaldinei santvarkai: auk\u0161tuomen\u0117 spar\u010diai nyko, sen\u0173j\u0173 aristokrat\u0173 viet\u0105 u\u017eimdavo nauji, neseniai praturt\u0117j\u0119 \u017emon\u0117s i\u0161 liaudies arba atleistiniai vergai. Rom\u0117nai i\u0161sigim\u0117, smuko j\u0173 moral\u0117, kult\u016brinis gyvenimas merdi, k\u016brybin\u0117s j\u0117gos i\u0161sekusios... \u0160is k\u016brinys da\u017enai vadinamas romanu, savoti\u0161ka graik\u0173 romano parodija, nors labai ry\u0161k\u016bs nuotyki\u0173 elementai, prozos ir poezijos deriniai. Did\u017eioji veikalo dalis \u2013 i\u0161lik\u0119 fragmentai, kurie skaitant susilieja \u012f vientis\u0105 menin\u012f audin\u012f su ry\u0161kiai apibr\u0117\u017etais veik\u0117j\u0173 charakteriais ir j\u0173 nepaprastais nuotykiais, su nelabai dorais poelgiais ir puikaus pasakotojo plunksna nupie\u0161ta aplinka, ne\u0161yk\u0161tint ir nat\u016bralistini\u0173 detali\u0173.\",\"breadcrumb\":{\"@id\":\"https:\\\/\\\/skaitytaknyga.lt\\\/en\\\/produktas\\\/petronijus-satyrikonas-2\\\/#breadcrumb\"},\"inLanguage\":\"en-GB\",\"potentialAction\":[{\"@type\":\"ReadAction\",\"target\":[\"https:\\\/\\\/skaitytaknyga.lt\\\/en\\\/produktas\\\/petronijus-satyrikonas-2\\\/\"]}]},{\"@type\":\"ImageObject\",\"inLanguage\":\"en-GB\",\"@id\":\"https:\\\/\\\/skaitytaknyga.lt\\\/en\\\/produktas\\\/petronijus-satyrikonas-2\\\/#primaryimage\",\"url\":\"https:\\\/\\\/skaitytaknyga.lt\\\/wp-content\\\/uploads\\\/2024\\\/05\\\/1462878480_stayr.jpg\",\"contentUrl\":\"https:\\\/\\\/skaitytaknyga.lt\\\/wp-content\\\/uploads\\\/2024\\\/05\\\/1462878480_stayr.jpg\",\"width\":249,\"height\":430},{\"@type\":\"BreadcrumbList\",\"@id\":\"https:\\\/\\\/skaitytaknyga.lt\\\/en\\\/produktas\\\/petronijus-satyrikonas-2\\\/#breadcrumb\",\"itemListElement\":[{\"@type\":\"ListItem\",\"position\":1,\"name\":\"Home\",\"item\":\"https:\\\/\\\/skaitytaknyga.lt\\\/\"},{\"@type\":\"ListItem\",\"position\":2,\"name\":\"Parduotuv\u0117\",\"item\":\"https:\\\/\\\/skaitytaknyga.lt\\\/knygu-parduotuve\\\/\"},{\"@type\":\"ListItem\",\"position\":3,\"name\":\"Petronijus \u201eSatyrikonas\u201c\"}]},{\"@type\":\"WebSite\",\"@id\":\"https:\\\/\\\/skaitytaknyga.lt\\\/#website\",\"url\":\"https:\\\/\\\/skaitytaknyga.lt\\\/\",\"name\":\"skaitytaknyga.lt\",\"description\":\"Skaitytaknyga.lt \u2013 tai ma\u017eas \u0161eimos verslas, kuris prasid\u0117jo nuo meil\u0117s knygoms ir siekio i\u0161gelb\u0117ti knygas nuo likimo prie konteinerio. Kas vienam nereikalingas daiktas \u2013 kitam lobis, o mes esame tarpininkai, kurie padeda abiems tapti laimingesniems ???? \u017dinome kaip nelengva i\u0161gyventi ma\u017eiems verslams, tad nuo \u0161iol, \u010dia rasite ir kit\u0173, ma\u017e\u0173 \u0161eim\u0173 versl\u0173, rank\u0173 darbo, dovan\u0173 sau ir artimiesiems.\",\"publisher\":{\"@id\":\"https:\\\/\\\/skaitytaknyga.lt\\\/#organization\"},\"potentialAction\":[{\"@type\":\"SearchAction\",\"target\":{\"@type\":\"EntryPoint\",\"urlTemplate\":\"https:\\\/\\\/skaitytaknyga.lt\\\/?s={search_term_string}\"},\"query-input\":{\"@type\":\"PropertyValueSpecification\",\"valueRequired\":true,\"valueName\":\"search_term_string\"}}],\"inLanguage\":\"en-GB\"},{\"@type\":\"Organization\",\"@id\":\"https:\\\/\\\/skaitytaknyga.lt\\\/#organization\",\"name\":\"skaitytaknyga.lt\",\"url\":\"https:\\\/\\\/skaitytaknyga.lt\\\/\",\"logo\":{\"@type\":\"ImageObject\",\"inLanguage\":\"en-GB\",\"@id\":\"https:\\\/\\\/skaitytaknyga.lt\\\/#\\\/schema\\\/logo\\\/image\\\/\",\"url\":\"https:\\\/\\\/skaitytaknyga.lt\\\/wp-content\\\/uploads\\\/2024\\\/05\\\/cropped-cropped-cropped-02_00843_jt3bggkj1j3HLc7SyY6rEUpg.jpeg\",\"contentUrl\":\"https:\\\/\\\/skaitytaknyga.lt\\\/wp-content\\\/uploads\\\/2024\\\/05\\\/cropped-cropped-cropped-02_00843_jt3bggkj1j3HLc7SyY6rEUpg.jpeg\",\"width\":1600,\"height\":1600,\"caption\":\"skaitytaknyga.lt\"},\"image\":{\"@id\":\"https:\\\/\\\/skaitytaknyga.lt\\\/#\\\/schema\\\/logo\\\/image\\\/\"},\"sameAs\":[\"https:\\\/\\\/www.facebook.com\\\/skaitytaknyga\\\/\"]}]}<\/script>\n<!-- \/ Yoast SEO plugin. -->","yoast_head_json":{"title":"Petronijus \u201eSatyrikonas\u201c - Skaitytaknyga","description":"\u201eSatyrikonas\u201c \u2013 labai savitas veikalas, vienas \u012fdomiausi\u0173 rom\u0117n\u0173 literat\u016bros k\u016brini\u0173 (I a.). Nei\u0161dildom\u0105 \u012fsp\u016bd\u012f palieka taiklus humoras, i\u0161skirtin\u0117s situacijos, netradiciniai heroj\u0173 paveikslai. Petronijus, regis, \u0161aiposi i\u0161 visko be i\u0161imties, kritikuodamas savo laik\u0173 visuomen\u0119 pama\u017eu irstant verg\u00advaldinei santvarkai: auk\u0161tuomen\u0117 spar\u010diai nyko, sen\u0173j\u0173 aristokrat\u0173 viet\u0105 u\u017eimdavo nauji, neseniai praturt\u0117j\u0119 \u017emon\u0117s i\u0161 liaudies arba atleistiniai vergai. Rom\u0117nai i\u0161sigim\u0117, smuko j\u0173 moral\u0117, kult\u016brinis gyvenimas merdi, k\u016brybin\u0117s j\u0117gos i\u0161sekusios...  \u0160is k\u016brinys da\u017enai vadinamas romanu, savoti\u0161ka graik\u0173 romano parodija, nors labai ry\u0161k\u016bs nuotyki\u0173 elementai, prozos ir poezijos deriniai. Did\u017eioji veikalo dalis \u2013 i\u0161lik\u0119 fragmentai, kurie skaitant susilieja \u012f vientis\u0105 menin\u012f audin\u012f su ry\u0161kiai apibr\u0117\u017etais veik\u0117j\u0173 charakteriais ir j\u0173 nepaprastais nuotykiais, su nelabai dorais poelgiais ir puikaus pasakotojo plunksna nupie\u0161ta aplinka, ne\u0161yk\u0161tint ir nat\u016bralistini\u0173 detali\u0173.","robots":{"index":"index","follow":"follow","max-snippet":"max-snippet:-1","max-image-preview":"max-image-preview:large","max-video-preview":"max-video-preview:-1"},"canonical":"https:\/\/skaitytaknyga.lt\/en\/produktas\/petronijus-satyrikonas-2\/","og_locale":"en_GB","og_type":"article","og_title":"Petronijus \u201eSatyrikonas\u201c - Skaitytaknyga","og_description":"\u201eSatyrikonas\u201c \u2013 labai savitas veikalas, vienas \u012fdomiausi\u0173 rom\u0117n\u0173 literat\u016bros k\u016brini\u0173 (I a.). Nei\u0161dildom\u0105 \u012fsp\u016bd\u012f palieka taiklus humoras, i\u0161skirtin\u0117s situacijos, netradiciniai heroj\u0173 paveikslai. Petronijus, regis, \u0161aiposi i\u0161 visko be i\u0161imties, kritikuodamas savo laik\u0173 visuomen\u0119 pama\u017eu irstant verg\u00advaldinei santvarkai: auk\u0161tuomen\u0117 spar\u010diai nyko, sen\u0173j\u0173 aristokrat\u0173 viet\u0105 u\u017eimdavo nauji, neseniai praturt\u0117j\u0119 \u017emon\u0117s i\u0161 liaudies arba atleistiniai vergai. Rom\u0117nai i\u0161sigim\u0117, smuko j\u0173 moral\u0117, kult\u016brinis gyvenimas merdi, k\u016brybin\u0117s j\u0117gos i\u0161sekusios...  \u0160is k\u016brinys da\u017enai vadinamas romanu, savoti\u0161ka graik\u0173 romano parodija, nors labai ry\u0161k\u016bs nuotyki\u0173 elementai, prozos ir poezijos deriniai. Did\u017eioji veikalo dalis \u2013 i\u0161lik\u0119 fragmentai, kurie skaitant susilieja \u012f vientis\u0105 menin\u012f audin\u012f su ry\u0161kiai apibr\u0117\u017etais veik\u0117j\u0173 charakteriais ir j\u0173 nepaprastais nuotykiais, su nelabai dorais poelgiais ir puikaus pasakotojo plunksna nupie\u0161ta aplinka, ne\u0161yk\u0161tint ir nat\u016bralistini\u0173 detali\u0173.","og_url":"https:\/\/skaitytaknyga.lt\/en\/produktas\/petronijus-satyrikonas-2\/","og_site_name":"Skaitytaknyga","article_publisher":"https:\/\/www.facebook.com\/skaitytaknyga\/","article_modified_time":"2024-05-04T15:03:19+00:00","og_image":[{"width":249,"height":430,"url":"https:\/\/skaitytaknyga.lt\/wp-content\/uploads\/2024\/05\/1462878480_stayr.jpg","type":"image\/jpeg"}],"twitter_card":"summary_large_image","twitter_misc":{"Estimated reading time":"1 minute"},"schema":{"@context":"https:\/\/schema.org","@graph":[{"@type":"WebPage","@id":"https:\/\/skaitytaknyga.lt\/en\/produktas\/petronijus-satyrikonas-2\/","url":"https:\/\/skaitytaknyga.lt\/en\/produktas\/petronijus-satyrikonas-2\/","name":"Petronijus \u201eSatyrikonas\u201c - Skaitytaknyga","isPartOf":{"@id":"https:\/\/skaitytaknyga.lt\/#website"},"primaryImageOfPage":{"@id":"https:\/\/skaitytaknyga.lt\/en\/produktas\/petronijus-satyrikonas-2\/#primaryimage"},"image":{"@id":"https:\/\/skaitytaknyga.lt\/en\/produktas\/petronijus-satyrikonas-2\/#primaryimage"},"thumbnailUrl":"https:\/\/skaitytaknyga.lt\/wp-content\/uploads\/2024\/05\/1462878480_stayr.jpg","datePublished":"2024-05-04T15:02:56+00:00","dateModified":"2024-05-04T15:03:19+00:00","description":"\u201eSatyrikonas\u201c \u2013 labai savitas veikalas, vienas \u012fdomiausi\u0173 rom\u0117n\u0173 literat\u016bros k\u016brini\u0173 (I a.). Nei\u0161dildom\u0105 \u012fsp\u016bd\u012f palieka taiklus humoras, i\u0161skirtin\u0117s situacijos, netradiciniai heroj\u0173 paveikslai. Petronijus, regis, \u0161aiposi i\u0161 visko be i\u0161imties, kritikuodamas savo laik\u0173 visuomen\u0119 pama\u017eu irstant verg\u00advaldinei santvarkai: auk\u0161tuomen\u0117 spar\u010diai nyko, sen\u0173j\u0173 aristokrat\u0173 viet\u0105 u\u017eimdavo nauji, neseniai praturt\u0117j\u0119 \u017emon\u0117s i\u0161 liaudies arba atleistiniai vergai. Rom\u0117nai i\u0161sigim\u0117, smuko j\u0173 moral\u0117, kult\u016brinis gyvenimas merdi, k\u016brybin\u0117s j\u0117gos i\u0161sekusios... \u0160is k\u016brinys da\u017enai vadinamas romanu, savoti\u0161ka graik\u0173 romano parodija, nors labai ry\u0161k\u016bs nuotyki\u0173 elementai, prozos ir poezijos deriniai. Did\u017eioji veikalo dalis \u2013 i\u0161lik\u0119 fragmentai, kurie skaitant susilieja \u012f vientis\u0105 menin\u012f audin\u012f su ry\u0161kiai apibr\u0117\u017etais veik\u0117j\u0173 charakteriais ir j\u0173 nepaprastais nuotykiais, su nelabai dorais poelgiais ir puikaus pasakotojo plunksna nupie\u0161ta aplinka, ne\u0161yk\u0161tint ir nat\u016bralistini\u0173 detali\u0173.","breadcrumb":{"@id":"https:\/\/skaitytaknyga.lt\/en\/produktas\/petronijus-satyrikonas-2\/#breadcrumb"},"inLanguage":"en-GB","potentialAction":[{"@type":"ReadAction","target":["https:\/\/skaitytaknyga.lt\/en\/produktas\/petronijus-satyrikonas-2\/"]}]},{"@type":"ImageObject","inLanguage":"en-GB","@id":"https:\/\/skaitytaknyga.lt\/en\/produktas\/petronijus-satyrikonas-2\/#primaryimage","url":"https:\/\/skaitytaknyga.lt\/wp-content\/uploads\/2024\/05\/1462878480_stayr.jpg","contentUrl":"https:\/\/skaitytaknyga.lt\/wp-content\/uploads\/2024\/05\/1462878480_stayr.jpg","width":249,"height":430},{"@type":"BreadcrumbList","@id":"https:\/\/skaitytaknyga.lt\/en\/produktas\/petronijus-satyrikonas-2\/#breadcrumb","itemListElement":[{"@type":"ListItem","position":1,"name":"Home","item":"https:\/\/skaitytaknyga.lt\/"},{"@type":"ListItem","position":2,"name":"Parduotuv\u0117","item":"https:\/\/skaitytaknyga.lt\/knygu-parduotuve\/"},{"@type":"ListItem","position":3,"name":"Petronijus \u201eSatyrikonas\u201c"}]},{"@type":"WebSite","@id":"https:\/\/skaitytaknyga.lt\/#website","url":"https:\/\/skaitytaknyga.lt\/","name":"skaitytaknyga.lt","description":"Skaitytaknyga.lt \u2013 tai ma\u017eas \u0161eimos verslas, kuris prasid\u0117jo nuo meil\u0117s knygoms ir siekio i\u0161gelb\u0117ti knygas nuo likimo prie konteinerio. Kas vienam nereikalingas daiktas \u2013 kitam lobis, o mes esame tarpininkai, kurie padeda abiems tapti laimingesniems ???? \u017dinome kaip nelengva i\u0161gyventi ma\u017eiems verslams, tad nuo \u0161iol, \u010dia rasite ir kit\u0173, ma\u017e\u0173 \u0161eim\u0173 versl\u0173, rank\u0173 darbo, dovan\u0173 sau ir artimiesiems.","publisher":{"@id":"https:\/\/skaitytaknyga.lt\/#organization"},"potentialAction":[{"@type":"SearchAction","target":{"@type":"EntryPoint","urlTemplate":"https:\/\/skaitytaknyga.lt\/?s={search_term_string}"},"query-input":{"@type":"PropertyValueSpecification","valueRequired":true,"valueName":"search_term_string"}}],"inLanguage":"en-GB"},{"@type":"Organization","@id":"https:\/\/skaitytaknyga.lt\/#organization","name":"skaitytaknyga.lt","url":"https:\/\/skaitytaknyga.lt\/","logo":{"@type":"ImageObject","inLanguage":"en-GB","@id":"https:\/\/skaitytaknyga.lt\/#\/schema\/logo\/image\/","url":"https:\/\/skaitytaknyga.lt\/wp-content\/uploads\/2024\/05\/cropped-cropped-cropped-02_00843_jt3bggkj1j3HLc7SyY6rEUpg.jpeg","contentUrl":"https:\/\/skaitytaknyga.lt\/wp-content\/uploads\/2024\/05\/cropped-cropped-cropped-02_00843_jt3bggkj1j3HLc7SyY6rEUpg.jpeg","width":1600,"height":1600,"caption":"skaitytaknyga.lt"},"image":{"@id":"https:\/\/skaitytaknyga.lt\/#\/schema\/logo\/image\/"},"sameAs":["https:\/\/www.facebook.com\/skaitytaknyga\/"]}]}},"_links":{"self":[{"href":"https:\/\/skaitytaknyga.lt\/en\/wp-json\/wp\/v2\/product\/9441","targetHints":{"allow":["GET"]}}],"collection":[{"href":"https:\/\/skaitytaknyga.lt\/en\/wp-json\/wp\/v2\/product"}],"about":[{"href":"https:\/\/skaitytaknyga.lt\/en\/wp-json\/wp\/v2\/types\/product"}],"replies":[{"embeddable":true,"href":"https:\/\/skaitytaknyga.lt\/en\/wp-json\/wp\/v2\/comments?post=9441"}],"wp:featuredmedia":[{"embeddable":true,"href":"https:\/\/skaitytaknyga.lt\/en\/wp-json\/wp\/v2\/media\/6846"}],"wp:attachment":[{"href":"https:\/\/skaitytaknyga.lt\/en\/wp-json\/wp\/v2\/media?parent=9441"}],"wp:term":[{"taxonomy":"product_brand","embeddable":true,"href":"https:\/\/skaitytaknyga.lt\/en\/wp-json\/wp\/v2\/product_brand?post=9441"},{"taxonomy":"product_cat","embeddable":true,"href":"https:\/\/skaitytaknyga.lt\/en\/wp-json\/wp\/v2\/product_cat?post=9441"},{"taxonomy":"product_tag","embeddable":true,"href":"https:\/\/skaitytaknyga.lt\/en\/wp-json\/wp\/v2\/product_tag?post=9441"}],"curies":[{"name":"wp","href":"https:\/\/api.w.org\/{rel}","templated":true}]}}